{"id":14705,"date":"2022-04-24T11:10:42","date_gmt":"2022-04-24T11:10:42","guid":{"rendered":"https:\/\/eurodirections.com\/lista-delle-cose-da-fare-a-milano-e-guida-al-viaggio\/"},"modified":"2023-02-05T19:41:29","modified_gmt":"2023-02-05T19:41:29","slug":"guida-milano-bucket-list","status":"publish","type":"page","link":"https:\/\/eurodirections.com\/it\/guida-milano-bucket-list\/","title":{"rendered":"Lista delle cose da fare a Milano e guida al viaggio"},"content":{"rendered":"<div id=\"ez-toc-container\" class=\"ez-toc-v2_0_82_2 counter-hierarchy ez-toc-counter ez-toc-grey ez-toc-container-direction\">\n<div class=\"ez-toc-title-container\">\n<p class=\"ez-toc-title\" style=\"cursor:inherit\">Table of Contents<\/p>\n<span class=\"ez-toc-title-toggle\"><a href=\"#\" class=\"ez-toc-pull-right ez-toc-btn ez-toc-btn-xs ez-toc-btn-default ez-toc-toggle\" aria-label=\"Toggle Table of Content\"><span class=\"ez-toc-js-icon-con\"><span class=\"\"><span class=\"eztoc-hide\" style=\"display:none;\">Toggle<\/span><span class=\"ez-toc-icon-toggle-span\"><svg style=\"fill: #999;color:#999\" xmlns=\"http:\/\/www.w3.org\/2000\/svg\" class=\"list-377408\" width=\"20px\" height=\"20px\" viewBox=\"0 0 24 24\" fill=\"none\"><path d=\"M6 6H4v2h2V6zm14 0H8v2h12V6zM4 11h2v2H4v-2zm16 0H8v2h12v-2zM4 16h2v2H4v-2zm16 0H8v2h12v-2z\" fill=\"currentColor\"><\/path><\/svg><svg style=\"fill: #999;color:#999\" class=\"arrow-unsorted-368013\" xmlns=\"http:\/\/www.w3.org\/2000\/svg\" width=\"10px\" height=\"10px\" viewBox=\"0 0 24 24\" version=\"1.2\" baseProfile=\"tiny\"><path d=\"M18.2 9.3l-6.2-6.3-6.2 6.3c-.2.2-.3.4-.3.7s.1.5.3.7c.2.2.4.3.7.3h11c.3 0 .5-.1.7-.3.2-.2.3-.5.3-.7s-.1-.5-.3-.7zM5.8 14.7l6.2 6.3 6.2-6.3c.2-.2.3-.5.3-.7s-.1-.5-.3-.7c-.2-.2-.4-.3-.7-.3h-11c-.3 0-.5.1-.7.3-.2.2-.3.5-.3.7s.1.5.3.7z\"\/><\/svg><\/span><\/span><\/span><\/a><\/span><\/div>\n<nav><ul class='ez-toc-list ez-toc-list-level-1 eztoc-toggle-hide-by-default' ><li class='ez-toc-page-1 ez-toc-heading-level-2'><a class=\"ez-toc-link ez-toc-heading-1\" href=\"https:\/\/eurodirections.com\/it\/guida-milano-bucket-list\/#Elenco-delle-cose-da-fare-a-Milano-e-informazioni-di-viaggio\" >Elenco delle cose da fare a Milano e informazioni di viaggio<\/a><ul class='ez-toc-list-level-3' ><li class='ez-toc-heading-level-3'><a class=\"ez-toc-link ez-toc-heading-2\" href=\"https:\/\/eurodirections.com\/it\/guida-milano-bucket-list\/#Cose-da-non-perdere-a-Milano\" >Cose da non perdere a Milano<\/a><ul class='ez-toc-list-level-4' ><li class='ez-toc-heading-level-4'><a class=\"ez-toc-link ez-toc-heading-3\" href=\"https:\/\/eurodirections.com\/it\/guida-milano-bucket-list\/#Le-17-cose-da-fare-a-Milano-video-guida\" >Le 17 cose da fare a Milano (video guida)<\/a><\/li><\/ul><\/li><li class='ez-toc-page-1 ez-toc-heading-level-3'><a class=\"ez-toc-link ez-toc-heading-4\" href=\"https:\/\/eurodirections.com\/it\/guida-milano-bucket-list\/#Mangiare-come-un-locale-a-Milano\" >Mangiare come un locale a Milano<\/a><\/li><li class='ez-toc-page-1 ez-toc-heading-level-3'><a class=\"ez-toc-link ez-toc-heading-5\" href=\"https:\/\/eurodirections.com\/it\/guida-milano-bucket-list\/#Dove-dormire-a-Milano\" >Dove dormire a Milano<\/a><\/li><li class='ez-toc-page-1 ez-toc-heading-level-3'><a class=\"ez-toc-link ez-toc-heading-6\" href=\"https:\/\/eurodirections.com\/it\/guida-milano-bucket-list\/#Mappa-degli-hotel-di-Milano-con-prezzi\" >Mappa degli hotel di Milano con prezzi<\/a><\/li><li class='ez-toc-page-1 ez-toc-heading-level-3'><a class=\"ez-toc-link ez-toc-heading-7\" href=\"https:\/\/eurodirections.com\/it\/guida-milano-bucket-list\/#Lista-dei-voli-economici-per-Milano\" >Lista dei voli economici per Milano<\/a><\/li><\/ul><\/li><\/ul><\/nav><\/div>\n<h2><span class=\"ez-toc-section\" id=\"Elenco-delle-cose-da-fare-a-Milano-e-informazioni-di-viaggio\"><\/span><b>Elenco delle cose da fare a Milano e informazioni di viaggio<\/b><span class=\"ez-toc-section-end\"><\/span><\/h2>\n<p><span style=\"font-weight: 400;\">Milano \u00e8 la citt\u00e0 pi\u00f9 densamente popolata d&#8217;Italia, con 1,3 milioni di persone nell&#8217;area metropolitana e 3,2 milioni nell&#8217;area pi\u00f9 ampia. Oggi la citt\u00e0 offre uno straordinario mix di edifici storici e grattacieli e un pizzico di cultura italiana. La splendida Cattedrale del Duomo e l&#8217;abbondanza di negozi di alta moda sono alcune delle attrazioni pi\u00f9 importanti della citt\u00e0. <\/span><\/p>\n<p><span style=\"font-weight: 400;\">Milano offre alcune meravigliose opportunit\u00e0 di dedicarsi all&#8217;alta moda, ma vanta anche una splendida gamma di attivit\u00e0 turistiche pi\u00f9 tradizionali. <\/span><\/p>\n<h3><span class=\"ez-toc-section\" id=\"Cose-da-non-perdere-a-Milano\"><\/span><b>Cose da non perdere a Milano<\/b><span class=\"ez-toc-section-end\"><\/span><\/h3>\n<ul>\n<li style=\"font-weight: 400;\" aria-level=\"1\"><span style=\"font-weight: 400;\">Visita la chiesa gotica di <strong>Santa Maria Delle Grazie<\/strong>, l&#8217;edificio del primo Rinascimento che custodisce l&#8217;Ultima Cena di Leonardo da Vinci.<\/span><\/li>\n<li style=\"font-weight: 400;\" aria-level=\"1\"><span style=\"font-weight: 400;\">Passeggiate nella grandiosa <strong>Galleria Vittorio Emanuele II<\/strong>, la pi\u00f9 grande galleria commerciale d&#8217;Europa.<\/span><\/li>\n<li style=\"font-weight: 400;\" aria-level=\"1\"><span style=\"font-weight: 400;\">Goditi la serata e le luci della citt\u00e0 sul <strong>Naviglio<\/strong>, un quartiere con ristoranti, caff\u00e8 e festival frequenti.<\/span><\/li>\n<li style=\"font-weight: 400;\" aria-level=\"1\"><span style=\"font-weight: 400;\">Dopo aver esplorato i musei, dirigiti al <strong>Parco Sempione<\/strong>, un parco in stile inglese immerso nel verde con sentieri curati.<\/span><\/li>\n<li style=\"font-weight: 400;\" aria-level=\"1\"><span style=\"font-weight: 400;\">Spendi il limite della tua carta di credito nel <strong>Quadrilatero Della Moda,<\/strong> il quartiere dello shopping dell&#8217;alta moda di Milano. <\/span><\/li>\n<\/ul>\n<h4><span class=\"ez-toc-section\" id=\"Le-17-cose-da-fare-a-Milano-video-guida\"><\/span>Le 17 cose da fare a Milano (video guida)<span class=\"ez-toc-section-end\"><\/span><\/h4>\n<p><iframe title=\"YouTube video player\" src=\"about:blank\" width=\"560\" height=\"315\" frameborder=\"0\" allowfullscreen=\"allowfullscreen\" class=\"lazyload\" data-src=\"https:\/\/www.youtube.com\/embed\/UEAwYCNdhjA\"><\/iframe><\/p>\n<h3><span class=\"ez-toc-section\" id=\"Mangiare-come-un-locale-a-Milano\"><\/span><b>Mangiare come un locale a Milano<\/b><span class=\"ez-toc-section-end\"><\/span><\/h3>\n<ul>\n<li style=\"font-weight: 400;\" aria-level=\"1\"><span style=\"font-weight: 400;\">Inizia la tua giornata con un caff\u00e8 e cornetti farciti da <strong>Panettoni Giovanni Cova &amp; C.<\/strong><\/span><\/li>\n<li style=\"font-weight: 400;\" aria-level=\"1\"><span style=\"font-weight: 400;\">Visita <strong>Il Solferino<\/strong> alla ricerca dei piatti locali e dei sapori inimmaginabili delle specialit\u00e0 lombarde.<\/span><\/li>\n<li style=\"font-weight: 400;\" aria-level=\"1\"><span style=\"font-weight: 400;\">Assaggiate la migliore pizza da <strong>Berber\u00e8<\/strong>, un ristorante popolare con una pizza fantastica a Milano.<\/span><\/li>\n<li style=\"font-weight: 400;\" aria-level=\"1\"><span style=\"font-weight: 400;\">Fate uno spuntino veloce da <strong>Panini De Santis<\/strong>, un locale accogliente che serve fantastici panini. <\/span><\/li>\n<li style=\"font-weight: 400;\" aria-level=\"1\"><span style=\"font-weight: 400;\">Fate un giro di panetterie e pasticcerie a Milano e iniziate con <strong>Marchesi 1824<\/strong>.<\/span><\/li>\n<\/ul>\n<h3><span class=\"ez-toc-section\" id=\"Dove-dormire-a-Milano\"><\/span><b>Dove dormire a Milano<\/b><span class=\"ez-toc-section-end\"><\/span><\/h3>\n<ul>\n<li style=\"font-weight: 400;\" aria-level=\"1\"><span style=\"font-weight: 400;\"><strong>L&#8217;Excelsior Hotel Gallia<\/strong>, Hotel 5 stelle Luxury Collection, \u00e8 la tua scelta eccezionale a Milano per un soggiorno indimenticabile.<\/span><\/li>\n<li style=\"font-weight: 400;\" aria-level=\"1\"><span style=\"font-weight: 400;\"><strong>Milano Verticale | UNA Esperienze \u00e8 un&#8217;ottima scelta in centro per godere di tutti i comfort di un hotel 4 stelle.<\/strong><\/span><\/li>\n<li style=\"font-weight: 400;\" aria-level=\"1\"><span style=\"font-weight: 400;\">Sentiti come a casa all&#8217;Hotel 3 stelle <strong>AI SUMA<\/strong>, a pochi passi dalla metro di Porta Venezia.<\/span><\/li>\n<li style=\"font-weight: 400;\" aria-level=\"1\"><span style=\"font-weight: 400;\">Trovate un alloggio economico come l&#8217;ostello <strong>YellowSquare di Milano<\/strong> e spendete il vostro budget per godervi la citt\u00e0.<\/span><\/li>\n<li style=\"font-weight: 400;\" aria-level=\"1\"><span style=\"font-weight: 400;\">Abbracciate la bellezza della stazione sciistica di <strong>Champoluc<\/strong> e pernottate all&#8217;<strong>Hotel L&#8217;espoir<\/strong>.<\/span><\/li>\n<\/ul>\n<h3><span class=\"ez-toc-section\" id=\"Mappa-degli-hotel-di-Milano-con-prezzi\"><\/span>Mappa degli hotel di Milano con prezzi<span class=\"ez-toc-section-end\"><\/span><\/h3>\n<p><script src=\"\/\/tp.media\/content?0=0&amp;1=10&amp;promo_id=4285&amp;shmarker=14350&amp;campaign_id=101&amp;search_host=air.eurodirections.com%2Fhotels&amp;locale=en&amp;currency=eur&amp;draggable=true&amp;disable_zoom=false&amp;show_logo=false&amp;scrollwheel=false&amp;color=%23F56E14&amp;contrast_color=%23ffffff&amp;width=720&amp;height=500&amp;zoom=13&amp;radius=60&amp;stars=0%2C1%2C2%2C3%2C4%2C5&amp;price_from=&amp;price_to=&amp;lat=45.464102&amp;lng=9.189554\" charset=\"utf-8\"><\/script><\/p>\n<h3><span class=\"ez-toc-section\" id=\"Lista-dei-voli-economici-per-Milano\"><\/span>Lista dei voli economici per Milano<span class=\"ez-toc-section-end\"><\/span><\/h3>\n<p><script src=\"\/\/tp.media\/content?currency=eur&amp;promo_id=4044&amp;shmarker=14350&amp;campaign_id=100&amp;trs=147545&amp;target_host=air.eurodirections.com%2Fflights&amp;locale=en&amp;limit=12&amp;powered_by=false&amp;secondary=%230085FF&amp;destination=MIL\" charset=\"utf-8\"><\/script><\/p>\n<hr \/>\n<p><strong>Consultate altre<\/strong> liste di cose da fare per \ud83c\uddee\ud83c\uddf9 Italia qui: <a title=\"Esplorare Venezia, Italia\" href=\"https:\/\/eurodirections.com\/venice\/\" data-schema-attribute=\"about\">Venezia<\/a>, <a title=\"Rome bucket list\" href=\"https:\/\/eurodirections.com\/rome\" data-schema-attribute=\"about\">Roma<\/a>, <a title=\"Elenco delle cose da fare a Mialn\" href=\"https:\/\/eurodirections.com\/milan\/\" data-schema-attribute=\"about\">Milano<\/a>, <a title=\"Esploratore di Genova\" href=\"https:\/\/eurodirections.com\/genoa\/\" data-schema-attribute=\"about\">Genova<\/a><br \/>\n<a title=\"Elenco dei voli economici per Milano\" href=\"https:\/\/eurodirections.com\/it\/tutti-i-voli-per-milano\/\" target=\"_blank\" rel=\"noopener\">Compara tutti i voli per Milano<\/a> e trova i biglietti aerei economici delle agenzie di viaggio.<\/p>\n<p><script type=\"application\/ld+json\">\n    {\n      \"@context\": \"https:\/\/schema.org\",\n      \"@type\": \"FAQPage\",\n      \"@id\" : \"#faq\",\n      \"url\" : \"https:\/\/www.eurodirections.com\/milan\/\",\n      \"name\" : \"Milan Travel FAQ\",\n      \"mainEntity\": [{\n        \"@type\": \"Question\",\n        \"name\": \"Things to do in Milan?\",\n        \"acceptedAnswer\": {\n          \"@type\": \"Answer\",\n          \"text\": \"The list of things not to miss in Milan:\nVisit the Gothic church of Santa Maria Delle Grazie, the Early Renaissance building that holds Leonardo da Vinci\u2019s Last Supper.\nWander about the grand Galleria Vittorio Emanuele II, the largest shopping arcade in Europe.\nEnjoy your evening and city lights in Naviglio, a district with restaurants, cafes, and frequent festivals.\nAfter exploring museums, head to Parco Sempione, an English-style park in lush green with neat paths.\nChallenge your credit card limit in the Quadrilatero Della Moda, Milan\u2019s high fashion shopping district.\"\n        }\n      }, {\n        \"@type\": \"Question\",\n        \"name\": \"What to eat like a local in Milan?\",\n        \"acceptedAnswer\": {\n          \"@type\": \"Answer\",\n          \"text\": \"Eat and feel like a local in Milan:\nStart your day with a coffee and stuffed croissants in Panettoni Giovanni Cova & C.\nVisit Il Solferino in search of local dishes and unimaginable flavors of the Lombardy specialties.\nTaste the best pizza in Berber\u00e8, a top popular restaurant with fantastic pizza in Milan.\nHave a quick snack at Panini De Santis, a cozy spot serving amazing panini. \nTake a bakery and pastry shop crawling in Milan and start with Marchesi 1824.\"\n        }\n      }\n]\n    }\n<\/script><\/p>\n<p><script type=\"application\/ld+json\">\n{\n    \"@context\": \"http:\/\/schema.org\",\n    \"@type\": \"WebPage\",\n    \"name\": \"Milan bucket list\",\n    \"description\": \"Explore Milan's top sights, don't miss the best places and local dishes with Milan bucket list traveler guide. Find the best choices for flights and accommodation in Milan, Italy.\",\n    \"publisher\": {\n        \"@type\": \"WebPage\",\n        \"name\": \"Eurodirections.com\"\n    }\n}\n<\/script><\/p>\n","protected":false},"excerpt":{"rendered":"<p>Elenco delle cose da fare a Milano e informazioni di viaggio Milano \u00e8 la citt\u00e0 pi\u00f9 densamente popolata d&#8217;Italia, con 1,3 milioni di persone nell&#8217;area metropolitana e 3,2 milioni nell&#8217;area pi\u00f9 ampia. Oggi la citt\u00e0 offre uno straordinario mix di edifici storici e grattacieli e un pizzico di cultura italiana. La splendida Cattedrale del Duomo [&hellip;]<\/p>\n","protected":false},"author":4,"featured_media":3578,"parent":0,"menu_order":0,"comment_status":"closed","ping_status":"closed","template":"","meta":{"footnotes":""},"class_list":["post-14705","page","type-page","status-publish","has-post-thumbnail","hentry"],"_links":{"self":[{"href":"https:\/\/eurodirections.com\/it\/wp-json\/wp\/v2\/pages\/14705","targetHints":{"allow":["GET"]}}],"collection":[{"href":"https:\/\/eurodirections.com\/it\/wp-json\/wp\/v2\/pages"}],"about":[{"href":"https:\/\/eurodirections.com\/it\/wp-json\/wp\/v2\/types\/page"}],"author":[{"embeddable":true,"href":"https:\/\/eurodirections.com\/it\/wp-json\/wp\/v2\/users\/4"}],"replies":[{"embeddable":true,"href":"https:\/\/eurodirections.com\/it\/wp-json\/wp\/v2\/comments?post=14705"}],"version-history":[{"count":0,"href":"https:\/\/eurodirections.com\/it\/wp-json\/wp\/v2\/pages\/14705\/revisions"}],"wp:featuredmedia":[{"embeddable":true,"href":"https:\/\/eurodirections.com\/it\/wp-json\/wp\/v2\/media\/3578"}],"wp:attachment":[{"href":"https:\/\/eurodirections.com\/it\/wp-json\/wp\/v2\/media?parent=14705"}],"curies":[{"name":"wp","href":"https:\/\/api.w.org\/{rel}","templated":true}]}}