{"id":10508,"date":"2023-01-16T21:06:10","date_gmt":"2023-01-16T21:06:10","guid":{"rendered":"https:\/\/eurodirections.com\/calendario-dei-voli-economici-%e2%9c%88\/"},"modified":"2023-01-17T08:19:18","modified_gmt":"2023-01-17T08:19:18","slug":"calendario-dei-voli-economici","status":"publish","type":"page","link":"https:\/\/eurodirections.com\/it\/calendario-dei-voli-economici\/","title":{"rendered":"Calendario dei voli economici"},"content":{"rendered":"<div id=\"ez-toc-container\" class=\"ez-toc-v2_0_82_2 counter-hierarchy ez-toc-counter ez-toc-grey ez-toc-container-direction\">\n<div class=\"ez-toc-title-container\">\n<p class=\"ez-toc-title\" style=\"cursor:inherit\">Table of Contents<\/p>\n<span class=\"ez-toc-title-toggle\"><a href=\"#\" class=\"ez-toc-pull-right ez-toc-btn ez-toc-btn-xs ez-toc-btn-default ez-toc-toggle\" aria-label=\"Toggle Table of Content\"><span class=\"ez-toc-js-icon-con\"><span class=\"\"><span class=\"eztoc-hide\" style=\"display:none;\">Toggle<\/span><span class=\"ez-toc-icon-toggle-span\"><svg style=\"fill: #999;color:#999\" xmlns=\"http:\/\/www.w3.org\/2000\/svg\" class=\"list-377408\" width=\"20px\" height=\"20px\" viewBox=\"0 0 24 24\" fill=\"none\"><path d=\"M6 6H4v2h2V6zm14 0H8v2h12V6zM4 11h2v2H4v-2zm16 0H8v2h12v-2zM4 16h2v2H4v-2zm16 0H8v2h12v-2z\" fill=\"currentColor\"><\/path><\/svg><svg style=\"fill: #999;color:#999\" class=\"arrow-unsorted-368013\" xmlns=\"http:\/\/www.w3.org\/2000\/svg\" width=\"10px\" height=\"10px\" viewBox=\"0 0 24 24\" version=\"1.2\" baseProfile=\"tiny\"><path d=\"M18.2 9.3l-6.2-6.3-6.2 6.3c-.2.2-.3.4-.3.7s.1.5.3.7c.2.2.4.3.7.3h11c.3 0 .5-.1.7-.3.2-.2.3-.5.3-.7s-.1-.5-.3-.7zM5.8 14.7l6.2 6.3 6.2-6.3c.2-.2.3-.5.3-.7s-.1-.5-.3-.7c-.2-.2-.4-.3-.7-.3h-11c-.3 0-.5.1-.7.3-.2.2-.3.5-.3.7s.1.5.3.7z\"\/><\/svg><\/span><\/span><\/span><\/a><\/span><\/div>\n<nav><ul class='ez-toc-list ez-toc-list-level-1 eztoc-toggle-hide-by-default' ><li class='ez-toc-page-1 ez-toc-heading-level-2'><a class=\"ez-toc-link ez-toc-heading-1\" href=\"https:\/\/eurodirections.com\/it\/calendario-dei-voli-economici\/#Calendario-dei-voli-economici\" >Calendario dei voli economici<\/a><ul class='ez-toc-list-level-3' ><li class='ez-toc-heading-level-3'><a class=\"ez-toc-link ez-toc-heading-2\" href=\"https:\/\/eurodirections.com\/it\/calendario-dei-voli-economici\/#%F0%9F%93%85-Come-utilizzare-il-calendario-dei-voli-economici\" >\ud83d\udcc5 Come utilizzare il calendario dei voli economici?<\/a><\/li><li class='ez-toc-page-1 ez-toc-heading-level-3'><a class=\"ez-toc-link ez-toc-heading-3\" href=\"https:\/\/eurodirections.com\/it\/calendario-dei-voli-economici\/#%F0%9F%A7%B3-Vantaggi-dellutilizzo-di-un-calendario-di-volo-economico\" >\ud83e\uddf3 Vantaggi dell&#8217;utilizzo di un calendario di volo economico<\/a><\/li><\/ul><\/li><li class='ez-toc-page-1 ez-toc-heading-level-2'><a class=\"ez-toc-link ez-toc-heading-4\" href=\"https:\/\/eurodirections.com\/it\/calendario-dei-voli-economici\/#Esempio-di-utilizzo-del-calendario-dei-voli-economici\" >Esempio di utilizzo del calendario dei voli economici<\/a><\/li><\/ul><\/nav><\/div>\n<p>Il nostro calendario dei voli economici \u00e8 un potente strumento di <strong>pianificazione del viaggio<\/strong> che aiuta gli utenti a <strong>confrontare e selezionare la data migliore per il loro volo<\/strong> verso una destinazione specifica da qualsiasi punto del mondo. Il calendario dei voli mostra le date dei biglietti aerei pi\u00f9 economici per la tua destinazione. Il calendario consente agli <strong>utenti di cercare e confrontare facilmente i voli<\/strong> di tutte le compagnie aeree, agenzie di viaggio e sistemi di prenotazione e <strong>identificare le date pi\u00f9 convenienti per il loro viaggio.<\/strong><\/p>\n<h2><span class=\"ez-toc-section\" id=\"Calendario-dei-voli-economici\"><\/span>Calendario dei voli economici<span class=\"ez-toc-section-end\"><\/span><\/h2>\n<p><script src=\"\/\/tp.media\/content?currency=eur&amp;promo_id=4041&amp;shmarker=14350&amp;campaign_id=100&amp;trs=147545&amp;searchUrl=air.eurodirections.com%2Fflights&amp;locale=it&amp;powered_by=false&amp;one_way=true&amp;only_direct=false&amp;period=year&amp;range=1%2C30&amp;primary=%23172940&amp;color_background=%23FFFFFF&amp;achieve=%230F5ABD&amp;dark=%23000000&amp;light=%23FFFFFF&amp;destination=LON\" charset=\"utf-8\"><span data-mce-type=\"bookmark\" style=\"display: inline-block; width: 0px; overflow: hidden; line-height: 0;\" class=\"mce_SELRES_start\">\ufeff<\/span><span data-mce-type=\"bookmark\" style=\"display: inline-block; width: 0px; overflow: hidden; line-height: 0;\" class=\"mce_SELRES_start\">\ufeff<\/span><span data-mce-type=\"bookmark\" style=\"display: inline-block; width: 0px; overflow: hidden; line-height: 0;\" class=\"mce_SELRES_start\">\ufeff<\/span><span data-mce-type=\"bookmark\" style=\"display: inline-block; width: 0px; overflow: hidden; line-height: 0;\" class=\"mce_SELRES_start\">\ufeff<\/span><span data-mce-type=\"bookmark\" style=\"display: inline-block; width: 0px; overflow: hidden; line-height: 0;\" class=\"mce_SELRES_start\">\ufeff<\/span><span data-mce-type=\"bookmark\" style=\"display: inline-block; width: 0px; overflow: hidden; line-height: 0;\" class=\"mce_SELRES_start\">\ufeff<\/span><\/script><\/p>\n<h3><span class=\"ez-toc-section\" id=\"%F0%9F%93%85-Come-utilizzare-il-calendario-dei-voli-economici\"><\/span>\ud83d\udcc5 Come utilizzare il calendario dei voli economici?<span class=\"ez-toc-section-end\"><\/span><\/h3>\n<ol>\n<li>Seleziona la tua posizione dalla parte in alto a sinistra del calendario<\/li>\n<li>Vedi il prezzo pi\u00f9 economico per ogni mese per il volo dalla tua posizione<\/li>\n<li>Fai clic su qualsiasi finestra del mese per vedere la data esatta del volo pi\u00f9 conveniente<\/li>\n<li>\u00c8 possibile fare clic sulla finestra della data per visualizzare i dettagli del volo<\/li>\n<li>Fare clic sul pulsante dei dettagli del volo per visualizzare i termini completi del volo o prenotare il biglietto aereo<\/li>\n<li>Puoi utilizzare l&#8217;impostazione in alto a sinistra del calendario per modificare il tipo di volo (solo andata o andata e ritorno)<\/li>\n<\/ol>\n<p>Con il calendario dei voli economici, gli utenti possono facilmente <strong>confrontare i prezzi dei biglietti<\/strong> e pianificare e organizzare il loro viaggio in qualsiasi parte del mondo. Che tu stia pianificando un viaggio d&#8217;affari o una vacanza al mare, il nostro calendario dei voli \u00e8 lo strumento perfetto per aiutarti a <strong>trovare l&#8217;offerta migliore sul biglietto aereo.<\/strong><\/p>\n<h3><span class=\"ez-toc-section\" id=\"%F0%9F%A7%B3-Vantaggi-dellutilizzo-di-un-calendario-di-volo-economico\"><\/span>\ud83e\uddf3 Vantaggi dell&#8217;utilizzo di un calendario di volo economico<span class=\"ez-toc-section-end\"><\/span><\/h3>\n<ul>\n<li>Confronta i prezzi dei voli: il calendario dei voli consente agli utenti di confrontare facilmente i prezzi di diverse compagnie aeree, agenzie di viaggio e sistemi di prenotazione, aiutandoli a trovare l&#8217;offerta migliore sulla tariffa aerea.<\/li>\n<li>Trova le migliori date dei biglietti aerei: il calendario consente agli utenti di cercare voli in date diverse, aiutandoli a identificare le date pi\u00f9 convenienti per il loro viaggio.<\/li>\n<li>Interfaccia comoda: il calendario \u00e8 facile da usare e consente agli utenti di pianificare e organizzare il proprio viaggio in un&#8217;unica comoda posizione.<\/li>\n<li>Risparmia tempo: il calendario elimina la necessit\u00e0 per gli utenti di cercare pi\u00f9 siti Web per trovare l&#8217;offerta migliore sul biglietto aereo, risparmiando tempo e fatica.<\/li>\n<li>Ottieni la migliore offerta per i biglietti aerei: il calendario aiuta gli utenti a trovare il volo pi\u00f9 economico e ottenere l&#8217;offerta migliore per i loro soldi.<\/li>\n<li>Non c&#8217;\u00e8 bisogno di ricerche multiple: il calendario mostra i prezzi di tutte le compagnie aeree e tutte le date del mese in un unico posto, non c&#8217;\u00e8 bisogno di cercare in pi\u00f9 siti web.<\/li>\n<li>Trova il miglior programma di volo: il calendario mostra gli orari dei voli, cos\u00ec puoi scegliere quello pi\u00f9 adatto alle tue esigenze.<\/li>\n<\/ul>\n<h2><span class=\"ez-toc-section\" id=\"Esempio-di-utilizzo-del-calendario-dei-voli-economici\"><\/span>Esempio di utilizzo del calendario dei voli economici<span class=\"ez-toc-section-end\"><\/span><\/h2>\n<p>Usare il calendario dei voli economici \u00e8 facile. Supponiamo che tu stia programmando un viaggio da New York City a Londra. Ecco un esempio di come puoi utilizzare il calendario per trovare l&#8217;offerta migliore sul biglietto aereo:<\/p>\n<figure id=\"attachment_10403\" aria-describedby=\"caption-attachment-10403\" style=\"width: 846px\" class=\"wp-caption alignnone\"><a href=\"https:\/\/eurodirections.com\/calendar\/cheap-flight-calendar-settings-screenshot\/\" rel=\"attachment wp-att-10403\"><img fetchpriority=\"high\" decoding=\"async\" class=\"size-full wp-image-10403\" src=\"https:\/\/eurodirections.com\/wp-content\/uploads\/2023\/01\/cheap-flight-calendar-settings-screenshot.jpg\" alt=\"Utilizzo del calendario dei voli economici su eurodirections.com\" width=\"846\" height=\"797\" srcset=\"https:\/\/eurodirections.com\/wp-content\/uploads\/2023\/01\/cheap-flight-calendar-settings-screenshot.jpg 846w, https:\/\/eurodirections.com\/wp-content\/uploads\/2023\/01\/cheap-flight-calendar-settings-screenshot-300x283.jpg 300w, https:\/\/eurodirections.com\/wp-content\/uploads\/2023\/01\/cheap-flight-calendar-settings-screenshot-768x724.jpg 768w\" sizes=\"(max-width: 846px) 100vw, 846px\" \/><\/a><figcaption id=\"caption-attachment-10403\" class=\"wp-caption-text\">Screenshot. Utilizzando il calendario dei voli economici e impostando i parametri di volo in eurodirections.com<\/figcaption><\/figure>\n<ol>\n<li>Visita eurodirections.com e seleziona l&#8217;opzione &#8220;Calendario dei voli&#8221;.<\/li>\n<li>Fai clic sull&#8217;icona Impostazioni e nel campo &#8220;Da&#8221;, inserisci &#8220;New York City&#8221; e nel campo &#8220;A&#8221;, inserisci &#8220;Londra&#8221;.<\/li>\n<li>Seleziona l&#8217;opzione di viaggio desiderata: sola andata o andata e ritorno.<\/li>\n<li>Scegliendo l&#8217;opzione &#8220;Andata e ritorno&#8221; ti verr\u00e0 chiesto di impostare la durata del tuo viaggio.<\/li>\n<li>Puoi scegliere di vedere solo i prezzi dei voli diretti sul calendario facendo clic sulla casella di controllo &#8220;Voli diretti&#8221;.<\/li>\n<li>Il calendario mostrer\u00e0 tutti i voli disponibili da New York City a Londra nelle finestre del mese. Verr\u00e0 evidenziato il mese pi\u00f9 economico.<\/li>\n<li>Basta cliccare sul mese per vedere le date del mese e la data esatta del volo pi\u00f9 economico.<\/li>\n<li>Cliccando sulla data, si aprir\u00e0 la pagina dei risultati della ricerca con i dettagli completi del volo.<\/li>\n<li>Puoi ordinare i voli per prezzo, orario e compagnie aeree.<\/li>\n<li>Confronta i prezzi dei diversi voli e seleziona quello che meglio si adatta al tuo budget e al tuo programma.<\/li>\n<li>Una volta trovata l&#8217;offerta migliore, puoi procedere alla prenotazione del tuo volo dal sistema di prenotazione che fornisce il biglietto aereo.<\/li>\n<\/ol>\n<p>Puoi vedere un calendario dei voli economici con i prezzi migliori per le seguenti rotte di volo qui: voli <a href=\"https:\/\/eurodirections.com\/berlin-tirana-flights-timetable\/\">Berlino-Tirana<\/a>, <a href=\"https:\/\/eurodirections.com\/fly-to-porto-portugal\/\">voli per Porto<\/a>, voli <a href=\"https:\/\/eurodirections.com\/paris-bangalore\/\">Parigi-Bangalore<\/a> e molte <a href=\"https:\/\/eurodirections.com\/it\/in\/voli\/\">altre indicazioni di volo qui.<\/a><\/p>\n<p>Il nostro calendario \u00e8 <strong>costantemente aggiornato con i prezzi e gli orari dei voli<\/strong> pi\u00f9 recenti, cos\u00ec puoi essere sicuro di ricevere le informazioni pi\u00f9 aggiornate. Ci auguriamo che tu possa utilizzare il nostro calendario dei voli economici in modo efficace e trovare il volo perfetto per il tuo viaggio verso qualsiasi destinazione. Buon viaggio!<\/p>\n","protected":false},"excerpt":{"rendered":"<p>Il nostro calendario dei voli economici \u00e8 un potente strumento di pianificazione del viaggio che aiuta gli utenti a confrontare e selezionare la data migliore per il loro volo verso una destinazione specifica da qualsiasi punto del mondo. Il calendario dei voli mostra le date dei biglietti aerei pi\u00f9 economici per la tua destinazione. Il [&hellip;]<\/p>\n","protected":false},"author":1,"featured_media":29097,"parent":0,"menu_order":0,"comment_status":"closed","ping_status":"closed","template":"","meta":{"footnotes":""},"class_list":["post-10508","page","type-page","status-publish","has-post-thumbnail","hentry"],"_links":{"self":[{"href":"https:\/\/eurodirections.com\/it\/wp-json\/wp\/v2\/pages\/10508","targetHints":{"allow":["GET"]}}],"collection":[{"href":"https:\/\/eurodirections.com\/it\/wp-json\/wp\/v2\/pages"}],"about":[{"href":"https:\/\/eurodirections.com\/it\/wp-json\/wp\/v2\/types\/page"}],"author":[{"embeddable":true,"href":"https:\/\/eurodirections.com\/it\/wp-json\/wp\/v2\/users\/1"}],"replies":[{"embeddable":true,"href":"https:\/\/eurodirections.com\/it\/wp-json\/wp\/v2\/comments?post=10508"}],"version-history":[{"count":0,"href":"https:\/\/eurodirections.com\/it\/wp-json\/wp\/v2\/pages\/10508\/revisions"}],"wp:featuredmedia":[{"embeddable":true,"href":"https:\/\/eurodirections.com\/it\/wp-json\/wp\/v2\/media\/29097"}],"wp:attachment":[{"href":"https:\/\/eurodirections.com\/it\/wp-json\/wp\/v2\/media?parent=10508"}],"curies":[{"name":"wp","href":"https:\/\/api.w.org\/{rel}","templated":true}]}}