{"id":10489,"date":"2023-01-16T22:07:38","date_gmt":"2023-01-16T22:07:38","guid":{"rendered":"https:\/\/eurodirections.com\/elenco-dei-desideri-di-tirana\/"},"modified":"2023-01-16T22:42:21","modified_gmt":"2023-01-16T22:42:21","slug":"elenco-dei-desideri-di-tirana","status":"publish","type":"page","link":"https:\/\/eurodirections.com\/it\/elenco-dei-desideri-di-tirana\/","title":{"rendered":"Elenco dei desideri di Tirana"},"content":{"rendered":"<div id=\"ez-toc-container\" class=\"ez-toc-v2_0_82_2 counter-hierarchy ez-toc-counter ez-toc-grey ez-toc-container-direction\">\n<div class=\"ez-toc-title-container\">\n<p class=\"ez-toc-title\" style=\"cursor:inherit\">Table of Contents<\/p>\n<span class=\"ez-toc-title-toggle\"><a href=\"#\" class=\"ez-toc-pull-right ez-toc-btn ez-toc-btn-xs ez-toc-btn-default ez-toc-toggle\" aria-label=\"Toggle Table of Content\"><span class=\"ez-toc-js-icon-con\"><span class=\"\"><span class=\"eztoc-hide\" style=\"display:none;\">Toggle<\/span><span class=\"ez-toc-icon-toggle-span\"><svg style=\"fill: #999;color:#999\" xmlns=\"http:\/\/www.w3.org\/2000\/svg\" class=\"list-377408\" width=\"20px\" height=\"20px\" viewBox=\"0 0 24 24\" fill=\"none\"><path d=\"M6 6H4v2h2V6zm14 0H8v2h12V6zM4 11h2v2H4v-2zm16 0H8v2h12v-2zM4 16h2v2H4v-2zm16 0H8v2h12v-2z\" fill=\"currentColor\"><\/path><\/svg><svg style=\"fill: #999;color:#999\" class=\"arrow-unsorted-368013\" xmlns=\"http:\/\/www.w3.org\/2000\/svg\" width=\"10px\" height=\"10px\" viewBox=\"0 0 24 24\" version=\"1.2\" baseProfile=\"tiny\"><path d=\"M18.2 9.3l-6.2-6.3-6.2 6.3c-.2.2-.3.4-.3.7s.1.5.3.7c.2.2.4.3.7.3h11c.3 0 .5-.1.7-.3.2-.2.3-.5.3-.7s-.1-.5-.3-.7zM5.8 14.7l6.2 6.3 6.2-6.3c.2-.2.3-.5.3-.7s-.1-.5-.3-.7c-.2-.2-.4-.3-.7-.3h-11c-.3 0-.5.1-.7.3-.2.2-.3.5-.3.7s.1.5.3.7z\"\/><\/svg><\/span><\/span><\/span><\/a><\/span><\/div>\n<nav><ul class='ez-toc-list ez-toc-list-level-1 eztoc-toggle-hide-by-default' ><li class='ez-toc-page-1 ez-toc-heading-level-3'><a class=\"ez-toc-link ez-toc-heading-1\" href=\"https:\/\/eurodirections.com\/it\/elenco-dei-desideri-di-tirana\/#Benvenuti-a-Tirana-Albania\" >Benvenuti a Tirana, Albania<\/a><\/li><li class='ez-toc-page-1 ez-toc-heading-level-3'><a class=\"ez-toc-link ez-toc-heading-2\" href=\"https:\/\/eurodirections.com\/it\/elenco-dei-desideri-di-tirana\/#Cose-da-fare-a-Tirana\" >Cose da fare a Tirana<\/a><\/li><li class='ez-toc-page-1 ez-toc-heading-level-3'><a class=\"ez-toc-link ez-toc-heading-3\" href=\"https:\/\/eurodirections.com\/it\/elenco-dei-desideri-di-tirana\/#Una-cosa-interessante-su-Tirana\" >Una cosa interessante su Tirana<\/a><\/li><li class='ez-toc-page-1 ez-toc-heading-level-3'><a class=\"ez-toc-link ez-toc-heading-4\" href=\"https:\/\/eurodirections.com\/it\/elenco-dei-desideri-di-tirana\/#Mangia-come-un-locale-a-Tirana\" >Mangia come un locale a Tirana<\/a><\/li><li class='ez-toc-page-1 ez-toc-heading-level-3'><a class=\"ez-toc-link ez-toc-heading-5\" href=\"https:\/\/eurodirections.com\/it\/elenco-dei-desideri-di-tirana\/#Dove-alloggiare-a-Tirana\" >Dove alloggiare a Tirana<\/a><\/li><li class='ez-toc-page-1 ez-toc-heading-level-3'><a class=\"ez-toc-link ez-toc-heading-6\" href=\"https:\/\/eurodirections.com\/it\/elenco-dei-desideri-di-tirana\/#Mappa-degli-hotel-di-Tirana\" >Mappa degli hotel di Tirana<\/a><\/li><li class='ez-toc-page-1 ez-toc-heading-level-3'><a class=\"ez-toc-link ez-toc-heading-7\" href=\"https:\/\/eurodirections.com\/it\/elenco-dei-desideri-di-tirana\/#Voli-per-Tirana\" >Voli per Tirana<\/a><\/li><li class='ez-toc-page-1 ez-toc-heading-level-3'><a class=\"ez-toc-link ez-toc-heading-8\" href=\"https:\/\/eurodirections.com\/it\/elenco-dei-desideri-di-tirana\/#Video-guida-Tirana\" >Video guida Tirana<\/a><\/li><\/ul><\/nav><\/div>\n<h3><span class=\"ez-toc-section\" id=\"Benvenuti-a-Tirana-Albania\"><\/span>Benvenuti a Tirana, Albania<span class=\"ez-toc-section-end\"><\/span><\/h3>\n<p><span style=\"font-weight: 400;\">Sicuramente non una fermata di transito n\u00e9 una destinazione per gite di un giorno, Tirana \u00e8 un posto fantastico per vedere la bellezza dell&#8217;Albania e dei Balcani. Tirana non ha il fascino di una citt\u00e0 europea tradizionale, ma ha un&#8217;atmosfera unica con una miscela di passato e presente. Porta la tua bellissima avventura a Tirana e scopri l&#8217;atmosfera dell&#8217;Albania.<\/span><\/p>\n<h3><span class=\"ez-toc-section\" id=\"Cose-da-fare-a-Tirana\"><\/span>Cose da fare a Tirana<span class=\"ez-toc-section-end\"><\/span><\/h3>\n<ul>\n<li style=\"font-weight: 400;\" aria-level=\"1\"><span style=\"font-weight: 400;\">Immergiti nel passato dell&#8217;Albania in Bunk&#8217;art 2, il luogo della prigionia e della tortura.<\/span><\/li>\n<li style=\"font-weight: 400;\" aria-level=\"1\"><span style=\"font-weight: 400;\">Visita la piramide abbandonata che un tempo era un museo di Enver Hoxha.<\/span><\/li>\n<li style=\"font-weight: 400;\" aria-level=\"1\"><span style=\"font-weight: 400;\">Goditi il tramonto in Piazza Skanderberg, il luogo in cui rilassarsi e assistere a un concerto dal vivo.<\/span><\/li>\n<li style=\"font-weight: 400;\" aria-level=\"1\"><span style=\"font-weight: 400;\">Sali sulla torre dell&#8217;orologio di Tirana per avere la migliore vista della piazza e della citt\u00e0.<\/span><\/li>\n<li style=\"font-weight: 400;\" aria-level=\"1\"><span style=\"font-weight: 400;\">Trova i colori e i sapori di Tirana nel Nuovo Bazar con frutta fresca, vino locale, raki e souvenir. <\/span><\/li>\n<li style=\"font-weight: 400;\" aria-level=\"1\"><span style=\"font-weight: 400;\">Fuggi dal trambusto della citt\u00e0 e osserva la citt\u00e0 dalla cima del monte Dajti.<\/span><\/li>\n<\/ul>\n<blockquote>\n<h3><span class=\"ez-toc-section\" id=\"Una-cosa-interessante-su-Tirana\"><\/span><span style=\"color: #000080;\">Una cosa interessante su Tirana<\/span><span class=\"ez-toc-section-end\"><\/span><\/h3>\n<p><span style=\"color: #000080;\">Tirana, la capitale dell&#8217;Albania, \u00e8 nota per i suoi edifici colorati. Negli anni &#8217;90, il sindaco della citt\u00e0, Edi Rama, ha incoraggiato i residenti a dipingere i loro edifici con colori vivaci come un modo per ravvivare la citt\u00e0 e sollevare il morale dopo l&#8217;era comunista. Di conseguenza, molti edifici di Tirana sono ora dipinti con una variet\u00e0 di colori vivaci, rendendola una citt\u00e0 unica e di grande impatto visivo.<\/span><\/p><\/blockquote>\n<h3><span class=\"ez-toc-section\" id=\"Mangia-come-un-locale-a-Tirana\"><\/span>Mangia come un locale a Tirana<span class=\"ez-toc-section-end\"><\/span><\/h3>\n<ul>\n<li style=\"font-weight: 400;\" aria-level=\"1\"><span style=\"font-weight: 400;\">Trova la vista migliore e la cucina squisita al 16\u00b0 piano del ristorante Sky Tower Tirana.<\/span><\/li>\n<li style=\"font-weight: 400;\" aria-level=\"1\"><span style=\"font-weight: 400;\">Fai uno spuntino veloce e gustoso al \u00c7oko Bistro &amp; Bar, con un&#8217;atmosfera affascinante e accogliente.<\/span><\/li>\n<li style=\"font-weight: 400;\" aria-level=\"1\"><span style=\"font-weight: 400;\">Per dessert, visita D&#8217;Angelo Chocolate &amp; Coffee che offre una variet\u00e0 di pasticcini e cr\u00eapes ricoperti di cioccolato.<\/span><\/li>\n<li style=\"font-weight: 400;\" aria-level=\"1\"><span style=\"font-weight: 400;\">Abbraccia le rilassanti vibrazioni della citt\u00e0 al Nouvelle Vague, un caff\u00e8 alla moda a Tirana.<\/span><\/li>\n<li style=\"font-weight: 400;\" aria-level=\"1\"><span style=\"font-weight: 400;\">Cena come un locale nei ristoranti Oda e Sofa Berstase, i posti migliori della citt\u00e0 per gustare la cucina locale.<\/span><\/li>\n<\/ul>\n<h3><span class=\"ez-toc-section\" id=\"Dove-alloggiare-a-Tirana\"><\/span>Dove alloggiare a Tirana<span class=\"ez-toc-section-end\"><\/span><\/h3>\n<ul>\n<li style=\"font-weight: 400;\" aria-level=\"1\"><span style=\"font-weight: 400;\">Trova un servizio di lusso e la migliore sistemazione nel &#8220;mk hotel Tirana&#8221; a 5 stelle.<\/span><\/li>\n<li style=\"font-weight: 400;\" aria-level=\"1\"><span style=\"font-weight: 400;\">Situato nel cuore di Tirana, il Sar&#8217;Otel Boutique Hotel a 4 stelle \u00e8 un posto meraviglioso per godersi Tirana.<\/span><\/li>\n<li style=\"font-weight: 400;\" aria-level=\"1\"><span style=\"font-weight: 400;\">Pulito e accogliente, il Freddy&#8217;s Hotel a 3 stelle \u00e8 un&#8217;altra opzione per farti sentire a casa a Tirana. <\/span><\/li>\n<li style=\"font-weight: 400;\" aria-level=\"1\"><span style=\"font-weight: 400;\">L&#8217;ostello &#8220;Trip n&#8221; in vecchio stile italiano con camere con camino \u00e8 un posto fantastico per risparmiare e trascorrere una vacanza indimenticabile.<\/span><\/li>\n<li style=\"font-weight: 400;\" aria-level=\"1\"><span style=\"font-weight: 400;\">Fai una gita di un giorno a Kruje sul fianco del monte Kruje e soggiorna all&#8217;Hotel Panorama Kruje. <\/span><\/li>\n<\/ul>\n<h3><span class=\"ez-toc-section\" id=\"Mappa-degli-hotel-di-Tirana\"><\/span>Mappa degli hotel di Tirana<span class=\"ez-toc-section-end\"><\/span><\/h3>\n<p>\u2014<\/p>\n<p><script src=\"\/\/tp.media\/content?0=0&amp;1=10&amp;currency=eur&amp;promo_id=4285&amp;shmarker=14350.tiranamap&amp;campaign_id=101&amp;trs=147545&amp;search_host=search.hotellook.com&amp;locale=it&amp;draggable=true&amp;disable_zoom=false&amp;show_logo=false&amp;scrollwheel=false&amp;color=%2307AF61&amp;contrast_color=%23ffffff&amp;width=1000&amp;height=500&amp;zoom=14&amp;radius=60&amp;stars=0%2C1%2C2%2C3%2C4%2C5&amp;price_from=&amp;price_to=&amp;lat=41.3275&amp;lng=19.818889\" charset=\"utf-8\"><span data-mce-type=\"bookmark\" style=\"display: inline-block; width: 0px; overflow: hidden; line-height: 0;\" class=\"mce_SELRES_start\">\ufeff<\/span><\/script><\/p>\n<h3><span class=\"ez-toc-section\" id=\"Voli-per-Tirana\"><\/span>Voli per Tirana<span class=\"ez-toc-section-end\"><\/span><\/h3>\n<p>Volare a Tirana, la capitale dell&#8217;Albania, pu\u00f2 essere un&#8217;esperienza comoda e conveniente, a seconda della compagnia aerea e dell&#8217;itinerario scelto. L&#8217;aeroporto internazionale di Tirana N\u00ebn\u00eb Tereza \u00e8 ben collegato a molte delle principali citt\u00e0 europee, offrendo voli non-stop e voli di collegamento attraverso i principali hub. I passeggeri possono aspettarsi servizi standard come intrattenimento a bordo, comodi posti a sedere e servizio di cibo e bevande. Tuttavia, si consiglia sempre di verificare con la propria compagnia aerea informazioni specifiche sull&#8217;esperienza di volo, i servizi e le politiche sui bagagli.<\/p>\n<p>\u2014<\/p>\n<p><script src=\"\/\/tp.media\/content?currency=eur&amp;promo_id=7292&amp;shmarker=14350&amp;campaign_id=200&amp;trs=147545&amp;locale=it&amp;limit=12&amp;powered_by=false&amp;secondary=%235E24FF&amp;origin=TIA\" charset=\"utf-8\"><span data-mce-type=\"bookmark\" style=\"display: inline-block; width: 0px; overflow: hidden; line-height: 0;\" class=\"mce_SELRES_start\">\ufeff<\/span><span data-mce-type=\"bookmark\" style=\"display: inline-block; width: 0px; overflow: hidden; line-height: 0;\" class=\"mce_SELRES_start\">\ufeff<\/span><span data-mce-type=\"bookmark\" style=\"display: inline-block; width: 0px; overflow: hidden; line-height: 0;\" class=\"mce_SELRES_start\">\ufeff<\/span><span data-mce-type=\"bookmark\" style=\"display: inline-block; width: 0px; overflow: hidden; line-height: 0;\" class=\"mce_SELRES_start\">\ufeff<\/span><\/script><\/p>\n<p>Le rotte pi\u00f9 attive per Tirana provengono dall&#8217;Italia. Tra i voli popolari ci sono <a title=\"Voli Roma-Tirana\" href=\"https:\/\/eurodirections.com\/it\/voli-roma-tirana\/\" target=\"_blank\" rel=\"noopener\">Roma-Tirana<\/a>, <a title=\"Voli da Francoforte a Tirana\" href=\"https:\/\/eurodirections.com\/de\/fluge-frankfurt-tirana\/\" target=\"_blank\" rel=\"noopener\">Francoforte-Tirana<\/a>, <a title=\"Voli Milano-Tirana\" href=\"https:\/\/eurodirections.com\/it\/voli-milano-tirana\/\" target=\"_blank\" rel=\"noopener\">Milano-Tirana<\/a>, <a title=\"Voli Bologna-Tirana\" href=\"https:\/\/eurodirections.com\/it\/voli-bologna-tirana\/\" target=\"_blank\" rel=\"noopener\">Bologna-Tirana<\/a> e altri. Se desideri trovare maggiori informazioni sui voli per Tirana, consulta <a title=\"Voli Tirana\" href=\"https:\/\/eurodirections.com\/it\/voli-per-tirana-albania\/\" data-schema-attribute=\"about\">l&#8217;elenco e il calendario dei voli economici per Tirana<\/a>.<\/p>\n<h3><span class=\"ez-toc-section\" id=\"Video-guida-Tirana\"><\/span>Video guida Tirana<span class=\"ez-toc-section-end\"><\/span><\/h3>\n<p><iframe title=\"YouTube video player\" src=\"about:blank\" width=\"560\" height=\"315\" frameborder=\"0\" allowfullscreen=\"allowfullscreen\" class=\"lazyload\" data-src=\"https:\/\/www.youtube.com\/embed\/ooJnEyroqNo\"><\/iframe><\/p>\n<p>Consulta <a title=\"Visitiamo l'Albania\" href=\"https:\/\/eurodirections.com\/it\/viaggio-in-albania\/\" target=\"_blank\" rel=\"noopener\">anche la nostra guida di viaggio motivazionale per visitare l&#8217;Albania<\/a> con vari consigli utili e luoghi da vedere e provare l\u00ec.<\/p>\n","protected":false},"excerpt":{"rendered":"<p>Benvenuti a Tirana, Albania Sicuramente non una fermata di transito n\u00e9 una destinazione per gite di un giorno, Tirana \u00e8 un posto fantastico per vedere la bellezza dell&#8217;Albania e dei Balcani. Tirana non ha il fascino di una citt\u00e0 europea tradizionale, ma ha un&#8217;atmosfera unica con una miscela di passato e presente. Porta la tua [&hellip;]<\/p>\n","protected":false},"author":4,"featured_media":10435,"parent":0,"menu_order":0,"comment_status":"closed","ping_status":"closed","template":"","meta":{"footnotes":""},"class_list":["post-10489","page","type-page","status-publish","has-post-thumbnail","hentry"],"_links":{"self":[{"href":"https:\/\/eurodirections.com\/it\/wp-json\/wp\/v2\/pages\/10489","targetHints":{"allow":["GET"]}}],"collection":[{"href":"https:\/\/eurodirections.com\/it\/wp-json\/wp\/v2\/pages"}],"about":[{"href":"https:\/\/eurodirections.com\/it\/wp-json\/wp\/v2\/types\/page"}],"author":[{"embeddable":true,"href":"https:\/\/eurodirections.com\/it\/wp-json\/wp\/v2\/users\/4"}],"replies":[{"embeddable":true,"href":"https:\/\/eurodirections.com\/it\/wp-json\/wp\/v2\/comments?post=10489"}],"version-history":[{"count":0,"href":"https:\/\/eurodirections.com\/it\/wp-json\/wp\/v2\/pages\/10489\/revisions"}],"wp:featuredmedia":[{"embeddable":true,"href":"https:\/\/eurodirections.com\/it\/wp-json\/wp\/v2\/media\/10435"}],"wp:attachment":[{"href":"https:\/\/eurodirections.com\/it\/wp-json\/wp\/v2\/media?parent=10489"}],"curies":[{"name":"wp","href":"https:\/\/api.w.org\/{rel}","templated":true}]}}