{"id":27183,"date":"2022-04-03T20:07:52","date_gmt":"2022-04-03T20:07:52","guid":{"rendered":"https:\/\/eurodirections.com\/explorer-erevan-%e2%88%99-guide-du-voyageur\/"},"modified":"2023-08-05T10:37:04","modified_gmt":"2023-08-05T10:37:04","slug":"explorer-erevan-guide-du-voyageur","status":"publish","type":"page","link":"https:\/\/eurodirections.com\/fr\/explorer-erevan-guide-du-voyageur\/","title":{"rendered":"Explorer Erevan \u2219 guide du voyageur"},"content":{"rendered":"<div id=\"ez-toc-container\" class=\"ez-toc-v2_0_82_2 counter-hierarchy ez-toc-counter ez-toc-grey ez-toc-container-direction\">\n<div class=\"ez-toc-title-container\">\n<p class=\"ez-toc-title\" style=\"cursor:inherit\">Table of Contents<\/p>\n<span class=\"ez-toc-title-toggle\"><a href=\"#\" class=\"ez-toc-pull-right ez-toc-btn ez-toc-btn-xs ez-toc-btn-default ez-toc-toggle\" aria-label=\"Toggle Table of Content\"><span class=\"ez-toc-js-icon-con\"><span class=\"\"><span class=\"eztoc-hide\" style=\"display:none;\">Toggle<\/span><span class=\"ez-toc-icon-toggle-span\"><svg style=\"fill: #999;color:#999\" xmlns=\"http:\/\/www.w3.org\/2000\/svg\" class=\"list-377408\" width=\"20px\" height=\"20px\" viewBox=\"0 0 24 24\" fill=\"none\"><path d=\"M6 6H4v2h2V6zm14 0H8v2h12V6zM4 11h2v2H4v-2zm16 0H8v2h12v-2zM4 16h2v2H4v-2zm16 0H8v2h12v-2z\" fill=\"currentColor\"><\/path><\/svg><svg style=\"fill: #999;color:#999\" class=\"arrow-unsorted-368013\" xmlns=\"http:\/\/www.w3.org\/2000\/svg\" width=\"10px\" height=\"10px\" viewBox=\"0 0 24 24\" version=\"1.2\" baseProfile=\"tiny\"><path d=\"M18.2 9.3l-6.2-6.3-6.2 6.3c-.2.2-.3.4-.3.7s.1.5.3.7c.2.2.4.3.7.3h11c.3 0 .5-.1.7-.3.2-.2.3-.5.3-.7s-.1-.5-.3-.7zM5.8 14.7l6.2 6.3 6.2-6.3c.2-.2.3-.5.3-.7s-.1-.5-.3-.7c-.2-.2-.4-.3-.7-.3h-11c-.3 0-.5.1-.7.3-.2.2-.3.5-.3.7s.1.5.3.7z\"\/><\/svg><\/span><\/span><\/span><\/a><\/span><\/div>\n<nav><ul class='ez-toc-list ez-toc-list-level-1 eztoc-toggle-hide-by-default' ><li class='ez-toc-page-1 ez-toc-heading-level-2'><a class=\"ez-toc-link ez-toc-heading-1\" href=\"https:\/\/eurodirections.com\/fr\/explorer-erevan-guide-du-voyageur\/#Liste-des-choses-a-faire-pour-le-guide-de-voyage-dErevan\" >Liste des choses \u00e0 faire pour le guide de voyage d&rsquo;Erevan<\/a><ul class='ez-toc-list-level-3' ><li class='ez-toc-heading-level-3'><a class=\"ez-toc-link ez-toc-heading-2\" href=\"https:\/\/eurodirections.com\/fr\/explorer-erevan-guide-du-voyageur\/#Les-choses-a-ne-pas-manquer-a-Erevan\" >Les choses \u00e0 ne pas manquer \u00e0 Erevan<\/a><\/li><li class='ez-toc-page-1 ez-toc-heading-level-3'><a class=\"ez-toc-link ez-toc-heading-3\" href=\"https:\/\/eurodirections.com\/fr\/explorer-erevan-guide-du-voyageur\/#Manger-comme-un-habitant-a-Erevan\" >Manger comme un habitant \u00e0 Erevan<\/a><\/li><li class='ez-toc-page-1 ez-toc-heading-level-3'><a class=\"ez-toc-link ez-toc-heading-4\" href=\"https:\/\/eurodirections.com\/fr\/explorer-erevan-guide-du-voyageur\/#Ou-sejourner-a-Erevan\" >O\u00f9 s\u00e9journer \u00e0 Erevan<\/a><\/li><\/ul><\/li><\/ul><\/nav><\/div>\n<p>Partons \u00e0 <strong>la d\u00e9couverte d&rsquo;Erevan<\/strong>, la capitale et ancienne ville de l&rsquo;Arm\u00e9nie !<\/p>\n<h2><span class=\"ez-toc-section\" id=\"Liste-des-choses-a-faire-pour-le-guide-de-voyage-dErevan\"><\/span><b>Liste des choses \u00e0 faire pour le guide de voyage d&rsquo;Erevan<\/b><span class=\"ez-toc-section-end\"><\/span><\/h2>\n<p><span style=\"font-weight: 400;\">En tant que ville europ\u00e9enne confortable et moderne, Erevan conserve son c\u00f4t\u00e9 incompatible. Ici, le rythme ne ralentit jamais. Les rues sont aussi bien fr\u00e9quent\u00e9es le jour que tard dans la nuit. Vous y trouverez toutes les couleurs de vacances, du rythme lent aux rythmes modernes et actifs. <\/span><\/p>\n<h3><span class=\"ez-toc-section\" id=\"Les-choses-a-ne-pas-manquer-a-Erevan\"><\/span><b>Les choses \u00e0 ne pas manquer \u00e0 Erevan<\/b><span class=\"ez-toc-section-end\"><\/span><\/h3>\n<ul>\n<li style=\"font-weight: 400;\" aria-level=\"1\"><span style=\"font-weight: 400;\">Dansez avec les fontaines chantantes sur la place de la R\u00e9publique et admirez le spectacle.<\/span><\/li>\n<li style=\"font-weight: 400;\" aria-level=\"1\"><span style=\"font-weight: 400;\">Montez les 572 marches de l&rsquo;immense monument de la Cascade pour profiter de la meilleure vue sur le Th\u00e9\u00e2tre de l&rsquo;Op\u00e9ra et du Ballet. <\/span><\/li>\n<li style=\"font-weight: 400;\" aria-level=\"1\"><span style=\"font-weight: 400;\">D\u00e9couvrez les pr\u00e9cieuses expositions du Cafesjian Center for the Arts et les pi\u00e8ces rares situ\u00e9es dans toute la Cascade. <\/span><\/li>\n<li style=\"font-weight: 400;\" aria-level=\"1\"><span style=\"font-weight: 400;\">Promenez-vous dans la forteresse d&rsquo;Erebuni, les ruines d&rsquo;une ancienne ville construite en 782 av. J.-C., et visitez le mus\u00e9e d&rsquo;Erebuni pour d\u00e9couvrir les traces de la civilisation urartienne.<\/span><\/li>\n<li style=\"font-weight: 400;\" aria-level=\"1\"><span style=\"font-weight: 400;\">Le Vernissage est un march\u00e9 aux puces en plein air o\u00f9 l&rsquo;on peut acheter des bijoux uniques en argent, des tapis arm\u00e9niens faits \u00e0 la main, des souvenirs en bois et bien d&rsquo;autres choses encore.<\/span><\/li>\n<li style=\"font-weight: 400;\" aria-level=\"1\"><span style=\"font-weight: 400;\">Explorez les cellules de la fabrique de vin, de brandy et de vodka Yerevan Noy, et ne manquez pas la salle de d\u00e9gustation pour go\u00fbter le cognac Ararat.<\/span><\/li>\n<\/ul>\n<h3><span class=\"ez-toc-section\" id=\"Manger-comme-un-habitant-a-Erevan\"><\/span><b>Manger comme un habitant \u00e0 Erevan<\/b><span class=\"ez-toc-section-end\"><\/span><\/h3>\n<ul>\n<li style=\"font-weight: 400;\" aria-level=\"1\"><span style=\"font-weight: 400;\">Derri\u00e8re un magasin de souvenirs, Dalan, se cache un jardin douillet o\u00f9 l&rsquo;on peut prendre un caf\u00e9 le matin.<\/span><\/li>\n<li style=\"font-weight: 400;\" aria-level=\"1\"><span style=\"font-weight: 400;\">D\u00e9gustez les meilleures bi\u00e8res artisanales \u00e0 Dargett, Dor, Beer Academy brasseries avec la meilleure cuisine.<\/span><\/li>\n<li style=\"font-weight: 400;\" aria-level=\"1\"><span style=\"font-weight: 400;\">D\u00e9gustation de vins dans la rue Saryan, en visitant toutes les caves c\u00e9l\u00e8bres d&rsquo;Erevan.<\/span><\/li>\n<li style=\"font-weight: 400;\" aria-level=\"1\"><span style=\"font-weight: 400;\">Le restaurant Lavash propose une cuisine arm\u00e9nienne traditionnelle et des plats nationaux agr\u00e9ment\u00e9s d&rsquo;une touche de modernit\u00e9. <\/span><\/li>\n<li style=\"font-weight: 400;\" aria-level=\"1\"><span style=\"font-weight: 400;\">Laissez la journ\u00e9e se transformer en une longue nuit dans l&rsquo;un des bars \u00e0 cocktails atmosph\u00e9riques d&rsquo;Erevan &#8211; Kong, Minas Cocktail Room, Mamba, Simona, et d&rsquo;autres.<\/span><\/li>\n<\/ul>\n<h3><span class=\"ez-toc-section\" id=\"Ou-sejourner-a-Erevan\"><\/span><b>O\u00f9 s\u00e9journer \u00e0 Erevan<\/b><span class=\"ez-toc-section-end\"><\/span><\/h3>\n<ul>\n<li style=\"font-weight: 400;\" aria-level=\"1\"><span style=\"font-weight: 400;\">Parmi les nombreux h\u00f4tels 5 \u00e9toiles, assurez-vous de choisir le meilleur Alexander Luxury Collection Hotel pour vos vacances.<\/span><\/li>\n<li style=\"font-weight: 400;\" aria-level=\"1\"><span style=\"font-weight: 400;\">Votre chambre d&rsquo;h\u00f4tel dans un h\u00f4tel 4 \u00e9toiles Ramada Hotel &amp; Suites by Wyndham Yerevan n&rsquo;en sera pas moins confortable et sophistiqu\u00e9e.<\/span><\/li>\n<li style=\"font-weight: 400;\" aria-level=\"1\"><span style=\"font-weight: 400;\">L&rsquo;Ibis Yerevan Center est un h\u00e9bergement moins on\u00e9reux au c\u0153ur de la capitale.<\/span><\/li>\n<li style=\"font-weight: 400;\" aria-level=\"1\"><span style=\"font-weight: 400;\">Si votre budget est serr\u00e9, optez pour Friendship Hostel &amp; Tours.<\/span><\/li>\n<li style=\"font-weight: 400;\" aria-level=\"1\"><span style=\"font-weight: 400;\">Faites une excursion d&rsquo;une journ\u00e9e au temple historique de Garni et s\u00e9journez dans la maison d&rsquo;h\u00f4tes Harmonia Garden Garni. <\/span><\/li>\n<\/ul>\n<p><span style=\"color: #808080;\"><em>H\u00f4tel sugg\u00e9r\u00e9 \u00e0 Erevan : Ramada Hotel &amp; Suites by Wyndham Yerevan<\/em><\/span><\/p>\n<p><script src=\"https:\/\/www.travelpayouts.com\/chansey\/iframe.js?v=1&amp;marker=14350&amp;host=air.eurodirections.com%2Fhotels&amp;locale=en&amp;currency=eur&amp;nobooking=&amp;powered_by=false&amp;hotel_id=1374852370\" async=\"\" charset=\"utf-8\"><\/script><\/p>\n<p><a title=\"S\u00e9lection d'h\u00f4tels \u00e0 Erevan\" href=\"https:\/\/eurodirections.com\/featured-hotels-in-yerevan\/\">Voir tous les h\u00f4tels sur la<\/a> carte d&rsquo;Erevan et comparer les prix, les commentaires, les \u00e9valuations et les lieux.<\/p>\n<p style=\"text-align: center;\">\u2014<\/p>\n<p><script src=\"https:\/\/tp.media\/content?currency=eur&amp;trs=147545&amp;shmarker=14350&amp;destination=EVN&amp;target_host=air.eurodirections.com%2Fflights&amp;locale=en&amp;limit=10&amp;powered_by=false&amp;primary=%230085FF&amp;promo_id=4044&amp;campaign_id=100\" charset=\"utf-8\"><\/script><\/p>\n<p>Vous trouverez d&rsquo;<a title=\"Vols pas chers vers Erevan\" href=\"https:\/\/eurodirections.com\/fr\/vols-vers-erevan-armenie\/\">autres vols vers Erevan<\/a> en suivant cet avis avec les d\u00e9tails de la comparaison des prix.<\/p>\n","protected":false},"excerpt":{"rendered":"<p>Partons \u00e0 la d\u00e9couverte d&rsquo;Erevan, la capitale et ancienne ville de l&rsquo;Arm\u00e9nie ! Liste des choses \u00e0 faire pour le guide de voyage d&rsquo;Erevan En tant que ville europ\u00e9enne confortable et moderne, Erevan conserve son c\u00f4t\u00e9 incompatible. Ici, le rythme ne ralentit jamais. Les rues sont aussi bien fr\u00e9quent\u00e9es le jour que tard dans la [&hellip;]<\/p>\n","protected":false},"author":1,"featured_media":3401,"parent":0,"menu_order":0,"comment_status":"closed","ping_status":"closed","template":"","meta":{"footnotes":""},"class_list":["post-27183","page","type-page","status-publish","has-post-thumbnail","hentry"],"_links":{"self":[{"href":"https:\/\/eurodirections.com\/fr\/wp-json\/wp\/v2\/pages\/27183","targetHints":{"allow":["GET"]}}],"collection":[{"href":"https:\/\/eurodirections.com\/fr\/wp-json\/wp\/v2\/pages"}],"about":[{"href":"https:\/\/eurodirections.com\/fr\/wp-json\/wp\/v2\/types\/page"}],"author":[{"embeddable":true,"href":"https:\/\/eurodirections.com\/fr\/wp-json\/wp\/v2\/users\/1"}],"replies":[{"embeddable":true,"href":"https:\/\/eurodirections.com\/fr\/wp-json\/wp\/v2\/comments?post=27183"}],"version-history":[{"count":0,"href":"https:\/\/eurodirections.com\/fr\/wp-json\/wp\/v2\/pages\/27183\/revisions"}],"wp:featuredmedia":[{"embeddable":true,"href":"https:\/\/eurodirections.com\/fr\/wp-json\/wp\/v2\/media\/3401"}],"wp:attachment":[{"href":"https:\/\/eurodirections.com\/fr\/wp-json\/wp\/v2\/media?parent=27183"}],"curies":[{"name":"wp","href":"https:\/\/api.w.org\/{rel}","templated":true}]}}