{"id":22686,"date":"2022-04-01T14:27:31","date_gmt":"2022-04-01T14:27:31","guid":{"rendered":"https:\/\/eurodirections.com\/guide-dexploration-et-de-voyage-damsterdam\/"},"modified":"2023-03-24T13:15:15","modified_gmt":"2023-03-24T13:15:15","slug":"voyage-amsterdam","status":"publish","type":"page","link":"https:\/\/eurodirections.com\/fr\/voyage-amsterdam\/","title":{"rendered":"Guide d&rsquo;exploration et de voyage d&rsquo;Amsterdam"},"content":{"rendered":"<div id=\"ez-toc-container\" class=\"ez-toc-v2_0_82_2 counter-hierarchy ez-toc-counter ez-toc-grey ez-toc-container-direction\">\n<div class=\"ez-toc-title-container\">\n<p class=\"ez-toc-title\" style=\"cursor:inherit\">Table of Contents<\/p>\n<span class=\"ez-toc-title-toggle\"><a href=\"#\" class=\"ez-toc-pull-right ez-toc-btn ez-toc-btn-xs ez-toc-btn-default ez-toc-toggle\" aria-label=\"Toggle Table of Content\"><span class=\"ez-toc-js-icon-con\"><span class=\"\"><span class=\"eztoc-hide\" style=\"display:none;\">Toggle<\/span><span class=\"ez-toc-icon-toggle-span\"><svg style=\"fill: #999;color:#999\" xmlns=\"http:\/\/www.w3.org\/2000\/svg\" class=\"list-377408\" width=\"20px\" height=\"20px\" viewBox=\"0 0 24 24\" fill=\"none\"><path d=\"M6 6H4v2h2V6zm14 0H8v2h12V6zM4 11h2v2H4v-2zm16 0H8v2h12v-2zM4 16h2v2H4v-2zm16 0H8v2h12v-2z\" fill=\"currentColor\"><\/path><\/svg><svg style=\"fill: #999;color:#999\" class=\"arrow-unsorted-368013\" xmlns=\"http:\/\/www.w3.org\/2000\/svg\" width=\"10px\" height=\"10px\" viewBox=\"0 0 24 24\" version=\"1.2\" baseProfile=\"tiny\"><path d=\"M18.2 9.3l-6.2-6.3-6.2 6.3c-.2.2-.3.4-.3.7s.1.5.3.7c.2.2.4.3.7.3h11c.3 0 .5-.1.7-.3.2-.2.3-.5.3-.7s-.1-.5-.3-.7zM5.8 14.7l6.2 6.3 6.2-6.3c.2-.2.3-.5.3-.7s-.1-.5-.3-.7c-.2-.2-.4-.3-.7-.3h-11c-.3 0-.5.1-.7.3-.2.2-.3.5-.3.7s.1.5.3.7z\"\/><\/svg><\/span><\/span><\/span><\/a><\/span><\/div>\n<nav><ul class='ez-toc-list ez-toc-list-level-1 eztoc-toggle-hide-by-default' ><li class='ez-toc-page-1 ez-toc-heading-level-3'><a class=\"ez-toc-link ez-toc-heading-1\" href=\"https:\/\/eurodirections.com\/fr\/voyage-amsterdam\/#Liste-des-choses-a-faire-a-Amsterdam\" >Liste des choses \u00e0 faire \u00e0 Amsterdam<\/a><\/li><li class='ez-toc-page-1 ez-toc-heading-level-3'><a class=\"ez-toc-link ez-toc-heading-2\" href=\"https:\/\/eurodirections.com\/fr\/voyage-amsterdam\/#Guide-des-vols-bon-marche-a-Amsterdam\" >Guide des vols bon march\u00e9 \u00e0 Amsterdam<\/a><\/li><li class='ez-toc-page-1 ez-toc-heading-level-3'><a class=\"ez-toc-link ez-toc-heading-3\" href=\"https:\/\/eurodirections.com\/fr\/voyage-amsterdam\/#Les-choses-a-ne-pas-manquer-a-Amsterdam\" >Les choses \u00e0 ne pas manquer \u00e0 Amsterdam<\/a><\/li><li class='ez-toc-page-1 ez-toc-heading-level-3'><a class=\"ez-toc-link ez-toc-heading-4\" href=\"https:\/\/eurodirections.com\/fr\/voyage-amsterdam\/#Manger-comme-un-local-a-Amsterdam\" >Manger comme un local \u00e0 Amsterdam<\/a><\/li><li class='ez-toc-page-1 ez-toc-heading-level-3'><a class=\"ez-toc-link ez-toc-heading-5\" href=\"https:\/\/eurodirections.com\/fr\/voyage-amsterdam\/#Ou-sejourner-a-Amsterdam\" >O\u00f9 s\u00e9journer \u00e0 Amsterdam<\/a><\/li><li class='ez-toc-page-1 ez-toc-heading-level-3'><a class=\"ez-toc-link ez-toc-heading-6\" href=\"https:\/\/eurodirections.com\/fr\/voyage-amsterdam\/#Carte-des-hotels-dAmsterdam-avec-les-prix-des-chambres\" >Carte des h\u00f4tels d&rsquo;Amsterdam avec les prix des chambres<\/a><\/li><\/ul><\/nav><\/div>\n<h3><span class=\"ez-toc-section\" id=\"Liste-des-choses-a-faire-a-Amsterdam\"><\/span><b>Liste des choses \u00e0 faire \u00e0 Amsterdam<\/b><span class=\"ez-toc-section-end\"><\/span><\/h3>\n<p><span style=\"font-weight: 400;\">Entrez dans Amsterdam et vous trouverez des milliers de choses \u00e0 faire et \u00e0 voir.<br \/>\nLa ville la plus excitante d&rsquo;Europe, avec des sites \u00e0 chaque coin de rue, fait que les gens y reviennent encore et encore.<br \/>\nQue vous soyez \u00e0 la recherche d&rsquo;un voyage culturel, d&rsquo;une vie nocturne ou d&rsquo;une attraction naturelle, vous trouverez tout au m\u00eame endroit. <\/span><\/p>\n<h3><span class=\"ez-toc-section\" id=\"Guide-des-vols-bon-marche-a-Amsterdam\"><\/span>Guide des vols bon march\u00e9 \u00e0 Amsterdam<span class=\"ez-toc-section-end\"><\/span><\/h3>\n<p><span style=\"color: #999999;\">Assistant de voyage Amsterdam pour les voyageurs qui planifient un voyage aux Pays-Bas &#8211; trouver des vols bon march\u00e9 pour Amsterdam avec l&rsquo;aide du guide des billets bon march\u00e9 :<\/span><\/p>\n<p><script src=\"\/\/tp.media\/content?currency=eur&amp;promo_id=4044&amp;shmarker=14350&amp;campaign_id=100&amp;trs=147545&amp;target_host=air.eurodirections.com%2Fflights&amp;locale=fr&amp;limit=12&amp;powered_by=true&amp;secondary=%23FF4000&amp;destination=AMS\" charset=\"utf-8\"><\/script><\/p>\n<h3><span class=\"ez-toc-section\" id=\"Les-choses-a-ne-pas-manquer-a-Amsterdam\"><\/span><b>Les choses \u00e0 ne pas manquer \u00e0 Amsterdam<\/b><span class=\"ez-toc-section-end\"><\/span><\/h3>\n<ul>\n<li style=\"font-weight: 400;\" aria-level=\"1\"><span style=\"font-weight: 400;\">Faites une balade \u00e0 v\u00e9lo \u00e0 Amsterdam, \u00e0 la d\u00e9couverte de tous les joyaux cach\u00e9s.<\/span><\/li>\n<li style=\"font-weight: 400;\" aria-level=\"1\"><span style=\"font-weight: 400;\">D\u00e9tendez-vous et profitez du soleil et de la nature dans le Vondelpark, le plus grand parc de la ville.<\/span><\/li>\n<li style=\"font-weight: 400;\" aria-level=\"1\"><span style=\"font-weight: 400;\">Se perdre dans le quartier du Jordaan, centre de l&rsquo;histoire, de la culture et de la gastronomie.<\/span><\/li>\n<li style=\"font-weight: 400;\" aria-level=\"1\"><span style=\"font-weight: 400;\">Visite du mus\u00e9e de la maison d&rsquo;Anna Frank, o\u00f9 elle a v\u00e9cu pendant deux ans et \u00e9crit un journal qui deviendra un best-seller.<\/span><\/li>\n<li style=\"font-weight: 400;\" aria-level=\"1\"><span style=\"font-weight: 400;\">La plus grande collection de peintures de Van Gogh se trouve au mus\u00e9e Van Gogh.<\/span><\/li>\n<li style=\"font-weight: 400;\" aria-level=\"1\"><span style=\"font-weight: 400;\">Faites une promenade nocturne dans De Negen Straatjes (les neuf petites rues) pour d\u00e9couvrir les jolies rues et les boutiques. <\/span><\/li>\n<\/ul>\n<h3><span class=\"ez-toc-section\" id=\"Manger-comme-un-local-a-Amsterdam\"><\/span><b>Manger comme un local \u00e0 Amsterdam<\/b><span class=\"ez-toc-section-end\"><\/span><\/h3>\n<ul>\n<li style=\"font-weight: 400;\" aria-level=\"1\"><span style=\"font-weight: 400;\">D\u00eener \u00e0 Jansz, un restaurant populaire \u00e0 la cuisine exquise qui \u00e9tait autrefois une boutique d&rsquo;apothicaire.<\/span><\/li>\n<li style=\"font-weight: 400;\" aria-level=\"1\"><span style=\"font-weight: 400;\">Pour un d\u00eener abordable et savoureux, rendez-vous \u00e0 Hap-Hmm et commandez un steak de b\u0153uf tendre comme du beurre.<\/span><\/li>\n<li style=\"font-weight: 400;\" aria-level=\"1\"><span style=\"font-weight: 400;\">Pour les plats de poisson, rendez-vous \u00e0 Pesca, le \u00ab\u00a0th\u00e9\u00e2tre du poisson\u00a0\u00bb, o\u00f9 l&rsquo;on vous servira une coupe de champagne pendant que vous choisirez un plat. <\/span><\/li>\n<li style=\"font-weight: 400;\" aria-level=\"1\"><span style=\"font-weight: 400;\">Passez une bonne matin\u00e9e au Club des petits d\u00e9jeuners avec un petit d\u00e9jeuner savoureux et un caf\u00e9 aromatis\u00e9. <\/span><\/li>\n<li style=\"font-weight: 400;\" aria-level=\"1\"><span style=\"font-weight: 400;\">Faites une tourn\u00e9e des bars \u00e0 Amsterdam et commencez par Hiding in the Plain Sight, un bar de style speakeasy.<\/span><\/li>\n<\/ul>\n<h3><span class=\"ez-toc-section\" id=\"Ou-sejourner-a-Amsterdam\"><\/span><b>O\u00f9 s\u00e9journer \u00e0 Amsterdam<\/b><span class=\"ez-toc-section-end\"><\/span><\/h3>\n<ul>\n<li style=\"font-weight: 400;\" aria-level=\"1\"><span style=\"font-weight: 400;\">L&rsquo;<strong>h\u00f4tel TwentySeven<\/strong> &#8211; Small Luxury Hotels of the World est d\u00e9finitivement votre choix pour profiter d&rsquo;Amsterdam dans un luxe absolu.<\/span><\/li>\n<li style=\"font-weight: 400;\" aria-level=\"1\"><span style=\"font-weight: 400;\">L&rsquo;<strong>h\u00f4tel<\/strong> 4 \u00e9toiles <strong>Esther\u00e9a<\/strong> offre une combinaison inimaginable de couleurs et de textures.<\/span><\/li>\n<li style=\"font-weight: 400;\" aria-level=\"1\"><span style=\"font-weight: 400;\">Le confort peut encore \u00eatre abordable dans l&rsquo;<strong>h\u00f4tel<\/strong> 3 \u00e9toiles <strong>Aalders<\/strong>, dont les chambres sont d\u00e9cor\u00e9es dans des tons neutres.<\/span><\/li>\n<li style=\"font-weight: 400;\" aria-level=\"1\"><span style=\"font-weight: 400;\">Optez pour le concept du <strong>BUNK Hotel Amsterdam<\/strong>, o\u00f9 un luxe abordable est associ\u00e9 \u00e0 des lits superpos\u00e9s au design unique. <\/span><\/li>\n<li style=\"font-weight: 400;\" aria-level=\"1\"><span style=\"font-weight: 400;\">Faites une excursion d&rsquo;une journ\u00e9e \u00e0 la plage de Scheveningen et s\u00e9journez \u00e0 l&rsquo;<strong>h\u00f4tel Ramada The Hague Scheveningen<\/strong>.<\/span><\/li>\n<\/ul>\n<p><script src=\"https:\/\/www.travelpayouts.com\/chansey\/iframe.js?v=1&amp;marker=14350&amp;host=air.eurodirections.com%2Fhotels&amp;locale=fr&amp;currency=eur&amp;nobooking=&amp;powered_by=false&amp;hotel_id=296344\" charset=\"utf-8\" async=\"\"><\/script><\/p>\n<p>\u2014<\/p>\n<h3><span class=\"ez-toc-section\" id=\"Carte-des-hotels-dAmsterdam-avec-les-prix-des-chambres\"><\/span>Carte des h\u00f4tels d&rsquo;Amsterdam avec les prix des chambres<span class=\"ez-toc-section-end\"><\/span><\/h3>\n<p><script src=\"\/\/tp.media\/content?0=0&amp;1=10&amp;promo_id=4285&amp;shmarker=14350&amp;campaign_id=101&amp;search_host=air.eurodirections.com%2Fhotels&amp;locale=fr&amp;currency=eur&amp;draggable=true&amp;disable_zoom=false&amp;show_logo=false&amp;scrollwheel=false&amp;color=%230759B0&amp;contrast_color=%23ffffff&amp;width=720&amp;height=500&amp;zoom=14&amp;radius=60&amp;stars=0%2C1%2C2%2C3%2C4%2C5&amp;price_from=&amp;price_to=&amp;lat=52.373094&amp;lng=4.892535\" charset=\"utf-8\"><\/script><br \/>\n\u2014<\/p>\n<p>D\u00e9couvrez <strong><br \/>\n<a title=\"Explorer les meilleures villes d'Europe\" href=\"https:\/\/eurodirections.com\/explore\/\" target=\"_blank\" rel=\"noopener\" data-schema-attribute=\"about\">les meilleures villes d&rsquo;Europe ici<\/a><br \/>\n<\/strong> ou <strong>consultez les prix des vols<\/strong> \u2708 pour votre prochaine destination de voyage ci-dessous :<\/p>\n<p><script src=\"\/\/tp.media\/content?currency=eur&amp;promo_id=7873&amp;shmarker=14350&amp;campaign_id=101&amp;trs=147545&amp;show_hotels=false&amp;locale=fr&amp;searchUrl=search.hotellook.com&amp;primary=%23FF6600&amp;secondary=%23FFFFFF&amp;dark=%23262626&amp;light=%23FFFFFF&amp;special=%23C4C4C4&amp;border_radius=5&amp;no_labels=&amp;plain=true&amp;powered_by=false\" charset=\"utf-8\"><\/script><\/p>\n","protected":false},"excerpt":{"rendered":"<p>Liste des choses \u00e0 faire \u00e0 Amsterdam Entrez dans Amsterdam et vous trouverez des milliers de choses \u00e0 faire et \u00e0 voir. La ville la plus excitante d&rsquo;Europe, avec des sites \u00e0 chaque coin de rue, fait que les gens y reviennent encore et encore. Que vous soyez \u00e0 la recherche d&rsquo;un voyage culturel, d&rsquo;une [&hellip;]<\/p>\n","protected":false},"author":1,"featured_media":3329,"parent":0,"menu_order":0,"comment_status":"closed","ping_status":"closed","template":"","meta":{"footnotes":""},"class_list":["post-22686","page","type-page","status-publish","has-post-thumbnail","hentry"],"_links":{"self":[{"href":"https:\/\/eurodirections.com\/fr\/wp-json\/wp\/v2\/pages\/22686","targetHints":{"allow":["GET"]}}],"collection":[{"href":"https:\/\/eurodirections.com\/fr\/wp-json\/wp\/v2\/pages"}],"about":[{"href":"https:\/\/eurodirections.com\/fr\/wp-json\/wp\/v2\/types\/page"}],"author":[{"embeddable":true,"href":"https:\/\/eurodirections.com\/fr\/wp-json\/wp\/v2\/users\/1"}],"replies":[{"embeddable":true,"href":"https:\/\/eurodirections.com\/fr\/wp-json\/wp\/v2\/comments?post=22686"}],"version-history":[{"count":0,"href":"https:\/\/eurodirections.com\/fr\/wp-json\/wp\/v2\/pages\/22686\/revisions"}],"wp:featuredmedia":[{"embeddable":true,"href":"https:\/\/eurodirections.com\/fr\/wp-json\/wp\/v2\/media\/3329"}],"wp:attachment":[{"href":"https:\/\/eurodirections.com\/fr\/wp-json\/wp\/v2\/media?parent=22686"}],"curies":[{"name":"wp","href":"https:\/\/api.w.org\/{rel}","templated":true}]}}