{"id":22682,"date":"2022-04-08T20:58:16","date_gmt":"2022-04-08T20:58:16","guid":{"rendered":"https:\/\/eurodirections.com\/vols-bon-marche-de-marseille\/"},"modified":"2023-03-24T13:00:30","modified_gmt":"2023-03-24T13:00:30","slug":"vols-bon-marche-de-marseille","status":"publish","type":"page","link":"https:\/\/eurodirections.com\/fr\/vols-bon-marche-de-marseille\/","title":{"rendered":"Vols bon march\u00e9 de Marseille"},"content":{"rendered":"<h3>A\u00e9roport international de Marseille, France.<\/h3>\n<p>Compagnies a\u00e9riennes op\u00e9rant des vols vers et depuis Marseille : Ryanair, Volotea, Air France, Lufthansa, ASL Airlines Belgium, Brussels Airlines, British Airways, Transavia, Transavia France, EasyJet, Air Corsica et plus encore.<\/p>\n<h3>Vols les moins chers au d\u00e9part de l&rsquo;a\u00e9roport de Marseille<\/h3>\n<p>Suggestions de vols agr\u00e9g\u00e9es par prix et par dates. Cliquez pour voir plus de d\u00e9tails sur le vol exact de Marselille.<\/p>\n<p><script src=\"https:\/\/tp.media\/content?trs=147545&amp;shmarker=14350&amp;locale=en_us&amp;currency=eur&amp;powered_by=false&amp;origin=MRS&amp;one_way=true&amp;only_direct=false&amp;period=year&amp;range=7%2C30&amp;primary=%23E5194Eff&amp;color_background=%23ffffff&amp;dark=%23000000&amp;light=%23FFFFFF&amp;achieve=%23D90F6Aff&amp;promo_id=7264&amp;campaign_id=200\" charset=\"utf-8\"><\/script><\/p>\n","protected":false},"excerpt":{"rendered":"<p>A\u00e9roport international de Marseille, France. Compagnies a\u00e9riennes op\u00e9rant des vols vers et depuis Marseille : Ryanair, Volotea, Air France, Lufthansa, ASL Airlines Belgium, Brussels Airlines, British Airways, Transavia, Transavia France, EasyJet, Air Corsica et plus encore. Vols les moins chers au d\u00e9part de l&rsquo;a\u00e9roport de Marseille Suggestions de vols agr\u00e9g\u00e9es par prix et par dates. [&hellip;]<\/p>\n","protected":false},"author":1,"featured_media":3518,"parent":0,"menu_order":0,"comment_status":"closed","ping_status":"closed","template":"","meta":{"footnotes":""},"class_list":["post-22682","page","type-page","status-publish","has-post-thumbnail","hentry"],"_links":{"self":[{"href":"https:\/\/eurodirections.com\/fr\/wp-json\/wp\/v2\/pages\/22682","targetHints":{"allow":["GET"]}}],"collection":[{"href":"https:\/\/eurodirections.com\/fr\/wp-json\/wp\/v2\/pages"}],"about":[{"href":"https:\/\/eurodirections.com\/fr\/wp-json\/wp\/v2\/types\/page"}],"author":[{"embeddable":true,"href":"https:\/\/eurodirections.com\/fr\/wp-json\/wp\/v2\/users\/1"}],"replies":[{"embeddable":true,"href":"https:\/\/eurodirections.com\/fr\/wp-json\/wp\/v2\/comments?post=22682"}],"version-history":[{"count":0,"href":"https:\/\/eurodirections.com\/fr\/wp-json\/wp\/v2\/pages\/22682\/revisions"}],"wp:featuredmedia":[{"embeddable":true,"href":"https:\/\/eurodirections.com\/fr\/wp-json\/wp\/v2\/media\/3518"}],"wp:attachment":[{"href":"https:\/\/eurodirections.com\/fr\/wp-json\/wp\/v2\/media?parent=22682"}],"curies":[{"name":"wp","href":"https:\/\/api.w.org\/{rel}","templated":true}]}}