{"id":22637,"date":"2022-04-06T10:11:24","date_gmt":"2022-04-06T10:11:24","guid":{"rendered":"https:\/\/eurodirections.com\/liste-des-choses-a-faire-a-athenes\/"},"modified":"2023-03-24T12:25:40","modified_gmt":"2023-03-24T12:25:40","slug":"athenes","status":"publish","type":"page","link":"https:\/\/eurodirections.com\/fr\/athenes\/","title":{"rendered":"Liste des choses \u00e0 faire \u00e0 Ath\u00e8nes"},"content":{"rendered":"<div id=\"ez-toc-container\" class=\"ez-toc-v2_0_82_2 counter-hierarchy ez-toc-counter ez-toc-grey ez-toc-container-direction\">\n<div class=\"ez-toc-title-container\">\n<p class=\"ez-toc-title\" style=\"cursor:inherit\">Table of Contents<\/p>\n<span class=\"ez-toc-title-toggle\"><a href=\"#\" class=\"ez-toc-pull-right ez-toc-btn ez-toc-btn-xs ez-toc-btn-default ez-toc-toggle\" aria-label=\"Toggle Table of Content\"><span class=\"ez-toc-js-icon-con\"><span class=\"\"><span class=\"eztoc-hide\" style=\"display:none;\">Toggle<\/span><span class=\"ez-toc-icon-toggle-span\"><svg style=\"fill: #999;color:#999\" xmlns=\"http:\/\/www.w3.org\/2000\/svg\" class=\"list-377408\" width=\"20px\" height=\"20px\" viewBox=\"0 0 24 24\" fill=\"none\"><path d=\"M6 6H4v2h2V6zm14 0H8v2h12V6zM4 11h2v2H4v-2zm16 0H8v2h12v-2zM4 16h2v2H4v-2zm16 0H8v2h12v-2z\" fill=\"currentColor\"><\/path><\/svg><svg style=\"fill: #999;color:#999\" class=\"arrow-unsorted-368013\" xmlns=\"http:\/\/www.w3.org\/2000\/svg\" width=\"10px\" height=\"10px\" viewBox=\"0 0 24 24\" version=\"1.2\" baseProfile=\"tiny\"><path d=\"M18.2 9.3l-6.2-6.3-6.2 6.3c-.2.2-.3.4-.3.7s.1.5.3.7c.2.2.4.3.7.3h11c.3 0 .5-.1.7-.3.2-.2.3-.5.3-.7s-.1-.5-.3-.7zM5.8 14.7l6.2 6.3 6.2-6.3c.2-.2.3-.5.3-.7s-.1-.5-.3-.7c-.2-.2-.4-.3-.7-.3h-11c-.3 0-.5.1-.7.3-.2.2-.3.5-.3.7s.1.5.3.7z\"\/><\/svg><\/span><\/span><\/span><\/a><\/span><\/div>\n<nav><ul class='ez-toc-list ez-toc-list-level-1 eztoc-toggle-hide-by-default' ><li class='ez-toc-page-1 ez-toc-heading-level-2'><a class=\"ez-toc-link ez-toc-heading-1\" href=\"https:\/\/eurodirections.com\/fr\/athenes\/#Liste-des-choses-a-faire-a-Athenes-guide-de-voyage\" >Liste des choses \u00e0 faire \u00e0 Ath\u00e8nes | guide de voyage<\/a><ul class='ez-toc-list-level-3' ><li class='ez-toc-heading-level-3'><a class=\"ez-toc-link ez-toc-heading-2\" href=\"https:\/\/eurodirections.com\/fr\/athenes\/#Les-choses-a-ne-pas-manquer-a-Athenes\" >Les choses \u00e0 ne pas manquer \u00e0 Ath\u00e8nes<\/a><\/li><li class='ez-toc-page-1 ez-toc-heading-level-3'><a class=\"ez-toc-link ez-toc-heading-3\" href=\"https:\/\/eurodirections.com\/fr\/athenes\/#Manger-comme-un-local-a-Athenes\" >Manger comme un local \u00e0 Ath\u00e8nes<\/a><\/li><li class='ez-toc-page-1 ez-toc-heading-level-3'><a class=\"ez-toc-link ez-toc-heading-4\" href=\"https:\/\/eurodirections.com\/fr\/athenes\/#Ou-sejourner-a-Athenes\" >O\u00f9 s\u00e9journer \u00e0 Ath\u00e8nes<\/a><\/li><li class='ez-toc-page-1 ez-toc-heading-level-3'><a class=\"ez-toc-link ez-toc-heading-5\" href=\"https:\/\/eurodirections.com\/fr\/athenes\/#Carte-des-hotels-dAthenes-avec-les-prix\" >Carte des h\u00f4tels d&rsquo;Ath\u00e8nes avec les prix<\/a><\/li><li class='ez-toc-page-1 ez-toc-heading-level-3'><a class=\"ez-toc-link ez-toc-heading-6\" href=\"https:\/\/eurodirections.com\/fr\/athenes\/#Vol-pour-Athenes\" >Vol pour Ath\u00e8nes<\/a><\/li><\/ul><\/li><\/ul><\/nav><\/div>\n<h2><span class=\"ez-toc-section\" id=\"Liste-des-choses-a-faire-a-Athenes-guide-de-voyage\"><\/span><b>Liste des choses \u00e0 faire \u00e0 Ath\u00e8nes | guide de voyage<\/b><span class=\"ez-toc-section-end\"><\/span><\/h2>\n<p><span style=\"font-weight: 400;\">Ath\u00e8nes, l&rsquo;une des plus anciennes villes du monde, berceau des civilisations et de la d\u00e9mocratie, est aujourd&rsquo;hui une destination touristique populaire avec des centaines de choses \u00e0 voir et \u00e0 faire. Visit\u00e9es par plus de 6 millions de touristes chaque ann\u00e9e, les c\u00e9l\u00e8bres attractions d&rsquo;Ath\u00e8nes sont toujours bond\u00e9es et la vie y est anim\u00e9e du cr\u00e9puscule \u00e0 l&rsquo;aube. <\/span><\/p>\n<p><iframe style=\"border: 1px solid #EEE; background: white;\" src=\"about:blank\" width=\"880\" height=\"270\" frameborder=\"0\" scrolling=\"no\" class=\"lazyload\" data-src=\"https:\/\/eurodirections.substack.com\/embed\"><span data-mce-type=\"bookmark\" style=\"display: inline-block; width: 0px; overflow: hidden; line-height: 0;\" class=\"mce_SELRES_start\"><\/span><span data-mce-type=\"bookmark\" style=\"display: inline-block; width: 0px; overflow: hidden; line-height: 0;\" class=\"mce_SELRES_start\" align=\"center\"><\/span><\/iframe><\/p>\n<h3><span class=\"ez-toc-section\" id=\"Les-choses-a-ne-pas-manquer-a-Athenes\"><\/span><b>Les choses \u00e0 ne pas manquer \u00e0 Ath\u00e8nes<\/b><span class=\"ez-toc-section-end\"><\/span><\/h3>\n<ul>\n<li style=\"font-weight: 400;\" aria-level=\"1\"><span style=\"font-weight: 400;\">Montez sur l&rsquo;Acropole pour voir le Parth\u00e9non, l&rsquo;Erechth\u00e9ion et le temple d&rsquo;Ath\u00e9na Nike, et profitez de la vue sur la ville. <\/span><\/li>\n<li style=\"font-weight: 400;\" aria-level=\"1\"><span style=\"font-weight: 400;\">Promenez-vous dans les quartiers de Pl\u00e1ka et d&rsquo;Anafiotika, hauts lieux touristiques \u00e0 l&rsquo;ambiance de village grec, aux ruelles pav\u00e9es et aux petites places. <\/span><\/li>\n<li style=\"font-weight: 400;\" aria-level=\"1\"><span style=\"font-weight: 400;\">Visite de l&rsquo;ancienne Agora &#8211; ruines de la place du march\u00e9 avec la Stoa d&rsquo;Attalos et le temple d&rsquo;Hephaistos. <\/span><\/li>\n<li style=\"font-weight: 400;\" aria-level=\"1\"><span style=\"font-weight: 400;\">Changez de paysage et explorez l&rsquo;art moderne des graffitis de rue \u00e0 Ath\u00e8nes.<\/span><\/li>\n<li style=\"font-weight: 400;\" aria-level=\"1\"><span style=\"font-weight: 400;\">Le mus\u00e9e d&rsquo;art cycladique pr\u00e9sente des objets pr\u00e9cieux de l&rsquo;histoire grecque et mondiale.<\/span><\/li>\n<li style=\"font-weight: 400;\" aria-level=\"1\"><span style=\"font-weight: 400;\">Assistez \u00e0 la rel\u00e8ve de la garde au Parlement \u00e0 Syntagma.<\/span><\/li>\n<\/ul>\n<h3><span class=\"ez-toc-section\" id=\"Manger-comme-un-local-a-Athenes\"><\/span><b>Manger comme un local \u00e0 Ath\u00e8nes<\/b><span class=\"ez-toc-section-end\"><\/span><\/h3>\n<ul>\n<li style=\"font-weight: 400;\" aria-level=\"1\"><span style=\"font-weight: 400;\">Lorsque vous ferez vos courses dans la Plaka, vous trouverez la meilleure salade grecque chez Pantelis Melissions The Poet Sandalmaker.<\/span><\/li>\n<li style=\"font-weight: 400;\" aria-level=\"1\"><span style=\"font-weight: 400;\">Les meilleurs loukoumades (beignets grecs) garnis de miel et de cannelle sont servis \u00e0 Lukumades.<\/span><\/li>\n<li style=\"font-weight: 400;\" aria-level=\"1\"><span style=\"font-weight: 400;\">Mangez de vrais gyros de classe et apprenez \u00e0 prononcer le nom correctement.<\/span><\/li>\n<li style=\"font-weight: 400;\" aria-level=\"1\"><span style=\"font-weight: 400;\">Explorez le march\u00e9 central d&rsquo;Ath\u00e8nes pour trouver de la viande et du poisson frais, du fromage et, bien s\u00fbr, des olives.<\/span><\/li>\n<li style=\"font-weight: 400;\" aria-level=\"1\"><span style=\"font-weight: 400;\">Soir\u00e9e et d\u00eener dans l&rsquo;un des restaurants de la rue Mnisikleous, un quartier tr\u00e8s fr\u00e9quent\u00e9 \u00e0 l&rsquo;atmosph\u00e8re d\u00e9tendue.<\/span><\/li>\n<li style=\"font-weight: 400;\" aria-level=\"1\"><span style=\"font-weight: 400;\">Prenez une p\u00e2tisserie, comme la tiropita ou la spanakopita, dans l&rsquo;une des boulangeries de rue pendant que vous passez d&rsquo;un mus\u00e9e \u00e0 l&rsquo;autre.<\/span><\/li>\n<\/ul>\n<h3><span class=\"ez-toc-section\" id=\"Ou-sejourner-a-Athenes\"><\/span><b>O\u00f9 s\u00e9journer \u00e0 Ath\u00e8nes<\/b><span class=\"ez-toc-section-end\"><\/span><\/h3>\n<ul>\n<li style=\"font-weight: 400;\" aria-level=\"1\"><span style=\"font-weight: 400;\">Choisissez l&rsquo;h\u00f4tel 5 \u00e9toiles Hellenic Vibes Smart Hotel \u00e0 Ath\u00e8nes, avec un int\u00e9rieur moderne et minimaliste, pour un s\u00e9jour de luxe.<\/span><\/li>\n<li style=\"font-weight: 400;\" aria-level=\"1\"><span style=\"font-weight: 400;\">Profitez des vibrations d&rsquo;Ath\u00e8nes depuis le confort de votre chambre \u00e0 l&rsquo;Ivis 4 Boutique Hotel, un \u00e9tablissement 4 \u00e9toiles situ\u00e9 au c\u0153ur d&rsquo;Ath\u00e8nes.<\/span><\/li>\n<li style=\"font-weight: 400;\" aria-level=\"1\"><span style=\"font-weight: 400;\">NLH KERAMEIKOS &#8211; Neighborhood Lifestyle Hotels est une option parfaite si vous recherchez un h\u00f4tel abordable mais confortable et \u00e9l\u00e9gant.<\/span><\/li>\n<li style=\"font-weight: 400;\" aria-level=\"1\"><span style=\"font-weight: 400;\">Con\u00e7ue par des voyageurs et pour des voyageurs, l&rsquo;auberge de jeunesse Nubian Hostel Athens est un endroit id\u00e9al pour trouver le confort, m\u00eame si vous avez un budget serr\u00e9.<\/span><\/li>\n<li style=\"font-weight: 400;\" aria-level=\"1\"><span style=\"font-weight: 400;\">Faites une excursion d&rsquo;une journ\u00e9e \u00e0 Tolo, dans le P\u00e9loponn\u00e8se, pour profiter des plages paradisiaques de la Gr\u00e8ce et s\u00e9journez dans un h\u00f4tel 4 \u00e9toiles \u00e0 la mode, le John &amp; George Hotel.<\/span><\/li>\n<\/ul>\n<h3><span class=\"ez-toc-section\" id=\"Carte-des-hotels-dAthenes-avec-les-prix\"><\/span>Carte des h\u00f4tels d&rsquo;Ath\u00e8nes avec les prix<span class=\"ez-toc-section-end\"><\/span><\/h3>\n<p><script src=\"\/\/tp.media\/content?0=0&amp;1=10&amp;promo_id=4285&amp;shmarker=14350&amp;campaign_id=101&amp;search_host=air.eurodirections.com%2Fhotels&amp;locale=en&amp;currency=eur&amp;draggable=true&amp;disable_zoom=false&amp;show_logo=false&amp;scrollwheel=false&amp;color=%230759B0&amp;contrast_color=%23ffffff&amp;width=720&amp;height=500&amp;zoom=13&amp;radius=60&amp;stars=0%2C1%2C2%2C3%2C4%2C5&amp;price_from=&amp;price_to=&amp;lat=37.987128&amp;lng=23.726691\" charset=\"utf-8\"><\/script><\/p>\n<h3 style=\"text-align: left;\"><span class=\"ez-toc-section\" id=\"Vol-pour-Athenes\"><\/span>Vol pour Ath\u00e8nes<span class=\"ez-toc-section-end\"><\/span><\/h3>\n<p><script src=\"https:\/\/tp.media\/content?trs=147545&amp;shmarker=14350&amp;destination=ATH&amp;target_host=air.eurodirections.com%2Fflights&amp;locale=en&amp;currency=eur&amp;limit=10&amp;powered_by=false&amp;primary=%23D80D61ff&amp;promo_id=4044&amp;campaign_id=100\" charset=\"utf-8\"><\/script><\/p>\n<p><a href=\"https:\/\/eurodirections.com\/fr\/vols-athenes-grece\/\">Rechercher tous les vols vers Ath\u00e8nes<\/a><\/p>\n","protected":false},"excerpt":{"rendered":"<p>Liste des choses \u00e0 faire \u00e0 Ath\u00e8nes | guide de voyage Ath\u00e8nes, l&rsquo;une des plus anciennes villes du monde, berceau des civilisations et de la d\u00e9mocratie, est aujourd&rsquo;hui une destination touristique populaire avec des centaines de choses \u00e0 voir et \u00e0 faire. Visit\u00e9es par plus de 6 millions de touristes chaque ann\u00e9e, les c\u00e9l\u00e8bres attractions [&hellip;]<\/p>\n","protected":false},"author":1,"featured_media":3449,"parent":0,"menu_order":0,"comment_status":"closed","ping_status":"closed","template":"","meta":{"footnotes":""},"class_list":["post-22637","page","type-page","status-publish","has-post-thumbnail","hentry"],"_links":{"self":[{"href":"https:\/\/eurodirections.com\/fr\/wp-json\/wp\/v2\/pages\/22637","targetHints":{"allow":["GET"]}}],"collection":[{"href":"https:\/\/eurodirections.com\/fr\/wp-json\/wp\/v2\/pages"}],"about":[{"href":"https:\/\/eurodirections.com\/fr\/wp-json\/wp\/v2\/types\/page"}],"author":[{"embeddable":true,"href":"https:\/\/eurodirections.com\/fr\/wp-json\/wp\/v2\/users\/1"}],"replies":[{"embeddable":true,"href":"https:\/\/eurodirections.com\/fr\/wp-json\/wp\/v2\/comments?post=22637"}],"version-history":[{"count":0,"href":"https:\/\/eurodirections.com\/fr\/wp-json\/wp\/v2\/pages\/22637\/revisions"}],"wp:featuredmedia":[{"embeddable":true,"href":"https:\/\/eurodirections.com\/fr\/wp-json\/wp\/v2\/media\/3449"}],"wp:attachment":[{"href":"https:\/\/eurodirections.com\/fr\/wp-json\/wp\/v2\/media?parent=22637"}],"curies":[{"name":"wp","href":"https:\/\/api.w.org\/{rel}","templated":true}]}}