{"id":22262,"date":"2022-04-05T19:00:54","date_gmt":"2022-04-05T19:00:54","guid":{"rendered":"https:\/\/eurodirections.com\/liste-de-voyage-a-lisbonne\/"},"modified":"2023-03-20T09:20:07","modified_gmt":"2023-03-20T09:20:07","slug":"lisbonne","status":"publish","type":"page","link":"https:\/\/eurodirections.com\/fr\/lisbonne\/","title":{"rendered":"Liste de voyage \u00e0 Lisbonne"},"content":{"rendered":"<div id=\"ez-toc-container\" class=\"ez-toc-v2_0_82_2 counter-hierarchy ez-toc-counter ez-toc-grey ez-toc-container-direction\">\n<div class=\"ez-toc-title-container\">\n<p class=\"ez-toc-title\" style=\"cursor:inherit\">Table of Contents<\/p>\n<span class=\"ez-toc-title-toggle\"><a href=\"#\" class=\"ez-toc-pull-right ez-toc-btn ez-toc-btn-xs ez-toc-btn-default ez-toc-toggle\" aria-label=\"Toggle Table of Content\"><span class=\"ez-toc-js-icon-con\"><span class=\"\"><span class=\"eztoc-hide\" style=\"display:none;\">Toggle<\/span><span class=\"ez-toc-icon-toggle-span\"><svg style=\"fill: #999;color:#999\" xmlns=\"http:\/\/www.w3.org\/2000\/svg\" class=\"list-377408\" width=\"20px\" height=\"20px\" viewBox=\"0 0 24 24\" fill=\"none\"><path d=\"M6 6H4v2h2V6zm14 0H8v2h12V6zM4 11h2v2H4v-2zm16 0H8v2h12v-2zM4 16h2v2H4v-2zm16 0H8v2h12v-2z\" fill=\"currentColor\"><\/path><\/svg><svg style=\"fill: #999;color:#999\" class=\"arrow-unsorted-368013\" xmlns=\"http:\/\/www.w3.org\/2000\/svg\" width=\"10px\" height=\"10px\" viewBox=\"0 0 24 24\" version=\"1.2\" baseProfile=\"tiny\"><path d=\"M18.2 9.3l-6.2-6.3-6.2 6.3c-.2.2-.3.4-.3.7s.1.5.3.7c.2.2.4.3.7.3h11c.3 0 .5-.1.7-.3.2-.2.3-.5.3-.7s-.1-.5-.3-.7zM5.8 14.7l6.2 6.3 6.2-6.3c.2-.2.3-.5.3-.7s-.1-.5-.3-.7c-.2-.2-.4-.3-.7-.3h-11c-.3 0-.5.1-.7.3-.2.2-.3.5-.3.7s.1.5.3.7z\"\/><\/svg><\/span><\/span><\/span><\/a><\/span><\/div>\n<nav><ul class='ez-toc-list ez-toc-list-level-1 eztoc-toggle-hide-by-default' ><li class='ez-toc-page-1 ez-toc-heading-level-2'><a class=\"ez-toc-link ez-toc-heading-1\" href=\"https:\/\/eurodirections.com\/fr\/lisbonne\/#Explorer-Lisbonne-la-liste-des-choses-a-faire-pour-les-touristes\" >Explorer Lisbonne : la liste des choses \u00e0 faire pour les touristes<\/a><ul class='ez-toc-list-level-3' ><li class='ez-toc-heading-level-3'><a class=\"ez-toc-link ez-toc-heading-2\" href=\"https:\/\/eurodirections.com\/fr\/lisbonne\/#Les-choses-a-ne-pas-manquer-a-Lisbonne\" >Les choses \u00e0 ne pas manquer \u00e0 Lisbonne<\/a><\/li><li class='ez-toc-page-1 ez-toc-heading-level-3'><a class=\"ez-toc-link ez-toc-heading-3\" href=\"https:\/\/eurodirections.com\/fr\/lisbonne\/#Manger-comme-un-local-a-Lisbonne\" >Manger comme un local \u00e0 Lisbonne<\/a><\/li><li class='ez-toc-page-1 ez-toc-heading-level-3'><a class=\"ez-toc-link ez-toc-heading-4\" href=\"https:\/\/eurodirections.com\/fr\/lisbonne\/#Ou-sejourner-a-Lisbonne\" >O\u00f9 s\u00e9journer \u00e0 Lisbonne<\/a><\/li><li class='ez-toc-page-1 ez-toc-heading-level-3'><a class=\"ez-toc-link ez-toc-heading-5\" href=\"https:\/\/eurodirections.com\/fr\/lisbonne\/#Vol-pour-Lisbonne\" >Vol pour Lisbonne<\/a><\/li><\/ul><\/li><\/ul><\/nav><\/div>\n<p>Suivez la s\u00e9rie sp\u00e9ciale du magazine de voyage Euro Directions sur les <a title=\"Les meilleures villes d'Europe\" href=\"https:\/\/eurodirections.com\/fr\/les-meilleures-villes-deurope\/\" data-schema-attribute=\"about\">meilleures destinations de voyage en Europe<\/a>.<\/p>\n<h2><span class=\"ez-toc-section\" id=\"Explorer-Lisbonne-la-liste-des-choses-a-faire-pour-les-touristes\"><\/span><b>Explorer Lisbonne : la liste des choses \u00e0 faire pour les touristes<\/b><span class=\"ez-toc-section-end\"><\/span><\/h2>\n<p><span style=\"font-weight: 400;\">La capitale c\u00f4ti\u00e8re du Portugal, avec ses b\u00e2timents aux couleurs pastel et ses toits de tuiles, est la plus grande ville, le centre politique, \u00e9conomique et touristique du pays. La ville conserve l&rsquo;ambiance du 19e si\u00e8cle, malgr\u00e9 la modernit\u00e9 de la circulation et des b\u00e2timents. Vous y trouverez une architecture unique, une histoire riche, la meilleure cuisine et une vie nocturne \u00e0 ne pas manquer.<\/span><\/p>\n<h3><span class=\"ez-toc-section\" id=\"Les-choses-a-ne-pas-manquer-a-Lisbonne\"><\/span><b>Les choses \u00e0 ne pas manquer \u00e0 Lisbonne<\/b><span class=\"ez-toc-section-end\"><\/span><\/h3>\n<ul>\n<li style=\"font-weight: 400;\" aria-level=\"1\"><span style=\"font-weight: 400;\">Admirez la Torre de Bel\u00e9m, une belle tour, m\u00e9lange d&rsquo;architecture gothique et romane. <\/span><\/li>\n<li style=\"font-weight: 400;\" aria-level=\"1\"><span style=\"font-weight: 400;\">Empruntez le tram 28 \u00e0 travers les rues pav\u00e9es et escarp\u00e9es et d\u00e9couvrez l&rsquo;histoire de la ville en passant par des lieux majestueux. <\/span><\/li>\n<li style=\"font-weight: 400;\" aria-level=\"1\"><span style=\"font-weight: 400;\">Promenez-vous dans le quartier de l&rsquo;Alfama, la partie la plus ancienne de la ville, avec ses rues sinueuses et ses ruelles \u00e9troites, ses chapelles aux fa\u00e7ades couvertes de tuiles et la cath\u00e9drale de Lisbonne.<\/span><\/li>\n<li style=\"font-weight: 400;\" aria-level=\"1\"><span style=\"font-weight: 400;\">Profitez de la vie nocturne du Bairro Alto et sirotez une Caipirinha dans l&rsquo;un des bars du quartier. <\/span><\/li>\n<li style=\"font-weight: 400;\" aria-level=\"1\"><span style=\"font-weight: 400;\">Vous trouverez la Casa Independente, une r\u00e9sidence priv\u00e9e avec des chambres meubl\u00e9es et une ambiance terre-\u00e0-terre o\u00f9 vous pourrez boire des verres, \u00e9couter de la musique cool et faire la f\u00eate. <\/span><\/li>\n<\/ul>\n<p><iframe style=\"border: 1px solid #EEE; background: white;\" src=\"about:blank\" width=\"880\" height=\"270\" frameborder=\"0\" scrolling=\"no\" class=\"lazyload\" data-src=\"https:\/\/eurodirections.substack.com\/embed\"><span data-mce-type=\"bookmark\" style=\"display: inline-block; width: 0px; overflow: hidden; line-height: 0;\" class=\"mce_SELRES_start\"><\/span><span data-mce-type=\"bookmark\" style=\"display: inline-block; width: 0px; overflow: hidden; line-height: 0;\" class=\"mce_SELRES_start\" align=\"center\"><\/span><\/iframe><\/p>\n<h3><span class=\"ez-toc-section\" id=\"Manger-comme-un-local-a-Lisbonne\"><\/span><b>Manger comme un local \u00e0 Lisbonne<\/b><span class=\"ez-toc-section-end\"><\/span><\/h3>\n<ul>\n<li style=\"font-weight: 400;\" aria-level=\"1\"><span style=\"font-weight: 400;\">D\u00e9couvrez plus de 40 cat\u00e9gories de produits alimentaires dans le Time Out Market Lisboa et prenez le temps d&rsquo;en essayer au moins la moiti\u00e9. <\/span><\/li>\n<li style=\"font-weight: 400;\" aria-level=\"1\"><span style=\"font-weight: 400;\">Le restaurant Loco, \u00e9toil\u00e9 au Michelin, propose une cuisine portugaise d&rsquo;avant-garde.<\/span><\/li>\n<li style=\"font-weight: 400;\" aria-level=\"1\"><span style=\"font-weight: 400;\">Visite du plus ancien restaurant de Lisbonne, Martinho da Arcada, pour y d\u00e9guster une tasse de caf\u00e9.<\/span><\/li>\n<li style=\"font-weight: 400;\" aria-level=\"1\"><span style=\"font-weight: 400;\">Essayez le meilleur cabillaud r\u00f4ti, les steaks de veau et les pommes de terre r\u00f4ties au Z\u00e9 da Mouraria.<\/span><\/li>\n<li style=\"font-weight: 400;\" aria-level=\"1\"><span style=\"font-weight: 400;\">D\u00eener au Gambrinus avec une croquette, une tulipe Gambrinus (bi\u00e8re m\u00e9lang\u00e9e), et assister \u00e0 la pr\u00e9paration du caf\u00e9 ballon.<\/span><\/li>\n<li style=\"font-weight: 400;\" aria-level=\"1\"><span style=\"font-weight: 400;\">Prenez une photo des cr\u00eapes au mascarpone et aux fraises du caf\u00e9 Nicolau Lisboa.<\/span><\/li>\n<\/ul>\n<figure id=\"attachment_22201\" aria-describedby=\"caption-attachment-22201\" style=\"width: 1000px\" class=\"wp-caption alignnone\"><img fetchpriority=\"high\" decoding=\"async\" class=\"size-full wp-image-22201\" src=\"https:\/\/eurodirections.com\/wp-content\/uploads\/2023\/03\/welcome-to-lisbon-portugal.jpg\" alt=\"Bienvenue \u00e0 Lisbonne, au Portugal, et profitez de votre voyage avec le magazine de voyage Euro Directions !\" width=\"1000\" height=\"667\" srcset=\"https:\/\/eurodirections.com\/wp-content\/uploads\/2023\/03\/welcome-to-lisbon-portugal.jpg 1000w, https:\/\/eurodirections.com\/wp-content\/uploads\/2023\/03\/welcome-to-lisbon-portugal-300x200.jpg 300w, https:\/\/eurodirections.com\/wp-content\/uploads\/2023\/03\/welcome-to-lisbon-portugal-768x512.jpg 768w\" sizes=\"(max-width: 1000px) 100vw, 1000px\" \/><figcaption id=\"caption-attachment-22201\" class=\"wp-caption-text\">Bienvenue \u00e0 Lisbonne, au Portugal, et profitez de votre voyage avec le magazine de voyage Euro Directions ! Photo de Vesela Vaclavik<\/figcaption><\/figure>\n<h3><span class=\"ez-toc-section\" id=\"Ou-sejourner-a-Lisbonne\"><\/span><b>O\u00f9 s\u00e9journer \u00e0 Lisbonne<\/b><span class=\"ez-toc-section-end\"><\/span><\/h3>\n<ul>\n<li style=\"font-weight: 400;\" aria-level=\"1\"><span style=\"font-weight: 400;\">Choisissez l&rsquo;atmosph\u00e8re ambiante de l&rsquo;h\u00f4tel 5 \u00e9toiles Wine &amp; Books Lisboa qui deviendra le meilleur exemple de vos vacances dans la capitale. <\/span><\/li>\n<li style=\"font-weight: 400;\" aria-level=\"1\"><span style=\"font-weight: 400;\">Situ\u00e9 dans le quartier historique d&rsquo;Alfama, l&rsquo;h\u00f4tel 4 \u00e9toiles Memmo Alfama &#8211; Design Hotel vous fera profiter de chaque instant de votre s\u00e9jour.<\/span><\/li>\n<li style=\"font-weight: 400;\" aria-level=\"1\"><span style=\"font-weight: 400;\">L&rsquo;h\u00f4tel Be Poet Baixa offre une option plus abordable avec un int\u00e9rieur moderne, des couleurs et des d\u00e9corations riches.<\/span><\/li>\n<li style=\"font-weight: 400;\" aria-level=\"1\"><span style=\"font-weight: 400;\">\u00c9conomisez sur l&rsquo;h\u00e9bergement \u00e0 Lisbonne et profitez du confort en r\u00e9servant un lit dans Yes ! Auberge de Lisbonne.<\/span><\/li>\n<li style=\"font-weight: 400;\" aria-level=\"1\"><span style=\"font-weight: 400;\">Faites une excursion d&rsquo;une journ\u00e9e \u00e0 Cascais et s\u00e9journez dans un luxueux h\u00f4tel Westlight Cascais Chalet avec une vue imprenable sur la plage.<\/span><\/li>\n<\/ul>\n<p><script src=\"https:\/\/www.travelpayouts.com\/chansey\/iframe.js?v=1&amp;marker=14350&amp;host=air.eurodirections.com%2Fhotels&amp;locale=en&amp;currency=eur&amp;nobooking=&amp;powered_by=false&amp;hotel_id=1901035476\" charset=\"utf-8\" async=\"\"><\/script><\/p>\n<h3><span class=\"ez-toc-section\" id=\"Vol-pour-Lisbonne\"><\/span>Vol pour Lisbonne<span class=\"ez-toc-section-end\"><\/span><\/h3>\n<p>Consultez plusieurs <a title=\"Annuaire et calendrier des vols \u00e0 Lisbonne\" href=\"https:\/\/eurodirections.com\/fr\/vols-a-destination-de-lisbonne\/\" target=\"_blank\" rel=\"noopener\">options de vol pour vous rendre \u00e0 Lisbonne<\/a>.<\/p>\n<p><script src=\"https:\/\/tp.media\/content?trs=147545&amp;shmarker=14350&amp;destination=LIS&amp;locale=fr&amp;currency=eur&amp;limit=10&amp;primary=%23E9166Cff&amp;promo_id=7291&amp;campaign_id=200\" charset=\"utf-8\"><span data-mce-type=\"bookmark\" style=\"display: inline-block; width: 0px; overflow: hidden; line-height: 0;\" class=\"mce_SELRES_start\">\ufeff<\/span><\/script><\/p>\n","protected":false},"excerpt":{"rendered":"<p>Suivez la s\u00e9rie sp\u00e9ciale du magazine de voyage Euro Directions sur les meilleures destinations de voyage en Europe. Explorer Lisbonne : la liste des choses \u00e0 faire pour les touristes La capitale c\u00f4ti\u00e8re du Portugal, avec ses b\u00e2timents aux couleurs pastel et ses toits de tuiles, est la plus grande ville, le centre politique, \u00e9conomique [&hellip;]<\/p>\n","protected":false},"author":1,"featured_media":3443,"parent":0,"menu_order":0,"comment_status":"closed","ping_status":"closed","template":"","meta":{"footnotes":""},"class_list":["post-22262","page","type-page","status-publish","has-post-thumbnail","hentry"],"_links":{"self":[{"href":"https:\/\/eurodirections.com\/fr\/wp-json\/wp\/v2\/pages\/22262","targetHints":{"allow":["GET"]}}],"collection":[{"href":"https:\/\/eurodirections.com\/fr\/wp-json\/wp\/v2\/pages"}],"about":[{"href":"https:\/\/eurodirections.com\/fr\/wp-json\/wp\/v2\/types\/page"}],"author":[{"embeddable":true,"href":"https:\/\/eurodirections.com\/fr\/wp-json\/wp\/v2\/users\/1"}],"replies":[{"embeddable":true,"href":"https:\/\/eurodirections.com\/fr\/wp-json\/wp\/v2\/comments?post=22262"}],"version-history":[{"count":0,"href":"https:\/\/eurodirections.com\/fr\/wp-json\/wp\/v2\/pages\/22262\/revisions"}],"wp:featuredmedia":[{"embeddable":true,"href":"https:\/\/eurodirections.com\/fr\/wp-json\/wp\/v2\/media\/3443"}],"wp:attachment":[{"href":"https:\/\/eurodirections.com\/fr\/wp-json\/wp\/v2\/media?parent=22262"}],"curies":[{"name":"wp","href":"https:\/\/api.w.org\/{rel}","templated":true}]}}