{"id":19446,"date":"2022-04-08T13:44:08","date_gmt":"2022-04-08T13:44:08","guid":{"rendered":"https:\/\/eurodirections.com\/explorez-madrid-%e2%88%99-guide-du-visiteur\/"},"modified":"2023-03-02T15:29:22","modified_gmt":"2023-03-02T15:29:22","slug":"guide-voyage-madrid","status":"publish","type":"page","link":"https:\/\/eurodirections.com\/fr\/guide-voyage-madrid\/","title":{"rendered":"Explorez Madrid \u2219 guide du visiteur"},"content":{"rendered":"<div id=\"ez-toc-container\" class=\"ez-toc-v2_0_82_2 counter-hierarchy ez-toc-counter ez-toc-grey ez-toc-container-direction\">\n<div class=\"ez-toc-title-container\">\n<p class=\"ez-toc-title\" style=\"cursor:inherit\">Table of Contents<\/p>\n<span class=\"ez-toc-title-toggle\"><a href=\"#\" class=\"ez-toc-pull-right ez-toc-btn ez-toc-btn-xs ez-toc-btn-default ez-toc-toggle\" aria-label=\"Toggle Table of Content\"><span class=\"ez-toc-js-icon-con\"><span class=\"\"><span class=\"eztoc-hide\" style=\"display:none;\">Toggle<\/span><span class=\"ez-toc-icon-toggle-span\"><svg style=\"fill: #999;color:#999\" xmlns=\"http:\/\/www.w3.org\/2000\/svg\" class=\"list-377408\" width=\"20px\" height=\"20px\" viewBox=\"0 0 24 24\" fill=\"none\"><path d=\"M6 6H4v2h2V6zm14 0H8v2h12V6zM4 11h2v2H4v-2zm16 0H8v2h12v-2zM4 16h2v2H4v-2zm16 0H8v2h12v-2z\" fill=\"currentColor\"><\/path><\/svg><svg style=\"fill: #999;color:#999\" class=\"arrow-unsorted-368013\" xmlns=\"http:\/\/www.w3.org\/2000\/svg\" width=\"10px\" height=\"10px\" viewBox=\"0 0 24 24\" version=\"1.2\" baseProfile=\"tiny\"><path d=\"M18.2 9.3l-6.2-6.3-6.2 6.3c-.2.2-.3.4-.3.7s.1.5.3.7c.2.2.4.3.7.3h11c.3 0 .5-.1.7-.3.2-.2.3-.5.3-.7s-.1-.5-.3-.7zM5.8 14.7l6.2 6.3 6.2-6.3c.2-.2.3-.5.3-.7s-.1-.5-.3-.7c-.2-.2-.4-.3-.7-.3h-11c-.3 0-.5.1-.7.3-.2.2-.3.5-.3.7s.1.5.3.7z\"\/><\/svg><\/span><\/span><\/span><\/a><\/span><\/div>\n<nav><ul class='ez-toc-list ez-toc-list-level-1 eztoc-toggle-hide-by-default' ><li class='ez-toc-page-1 ez-toc-heading-level-2'><a class=\"ez-toc-link ez-toc-heading-1\" href=\"https:\/\/eurodirections.com\/fr\/guide-voyage-madrid\/#Explorer-Madrid-liste-de-choses-a-faire-pour-le-voyageur\" >Explorer Madrid : liste de choses \u00e0 faire pour le voyageur<\/a><ul class='ez-toc-list-level-3' ><li class='ez-toc-heading-level-3'><a class=\"ez-toc-link ez-toc-heading-2\" href=\"https:\/\/eurodirections.com\/fr\/guide-voyage-madrid\/#Les-choses-a-ne-pas-manquer-a-Madrid\" >Les choses \u00e0 ne pas manquer \u00e0 Madrid<\/a><\/li><li class='ez-toc-page-1 ez-toc-heading-level-3'><a class=\"ez-toc-link ez-toc-heading-3\" href=\"https:\/\/eurodirections.com\/fr\/guide-voyage-madrid\/#Manger-comme-un-local-a-Madrid\" >Manger comme un local \u00e0 Madrid<\/a><\/li><li class='ez-toc-page-1 ez-toc-heading-level-3'><a class=\"ez-toc-link ez-toc-heading-4\" href=\"https:\/\/eurodirections.com\/fr\/guide-voyage-madrid\/#Ou-sejourner-a-Madrid\" >O\u00f9 s\u00e9journer \u00e0 Madrid<\/a><\/li><li class='ez-toc-page-1 ez-toc-heading-level-3'><a class=\"ez-toc-link ez-toc-heading-5\" href=\"https:\/\/eurodirections.com\/fr\/guide-voyage-madrid\/#Carte-des-hotels-de-Madrid-avec-prix\" >Carte des h\u00f4tels de Madrid avec prix<\/a><\/li><li class='ez-toc-page-1 ez-toc-heading-level-3'><a class=\"ez-toc-link ez-toc-heading-6\" href=\"https:\/\/eurodirections.com\/fr\/guide-voyage-madrid\/#Liste-des-vols-a-Madrid\" >Liste des vols \u00e0 Madrid<\/a><\/li><\/ul><\/li><\/ul><\/nav><\/div>\n<h2><span class=\"ez-toc-section\" id=\"Explorer-Madrid-liste-de-choses-a-faire-pour-le-voyageur\"><\/span><b>Explorer Madrid : liste de choses \u00e0 faire pour le voyageur<\/b><span class=\"ez-toc-section-end\"><\/span><\/h2>\n<p><span style=\"font-weight: 400;\">Madrid est la capitale de l&rsquo;Espagne, son centre financier et artistique, la ville des styles contrast\u00e9s et des diff\u00e9rentes p\u00e9riodes d&rsquo;architecture. Avec une population de 6,8 millions d&rsquo;habitants, Madrid accueille environ 7,5 millions de touristes internationaux par an, ce qui fait de la ville l&rsquo;un des centres touristiques les plus vivants et les plus actifs d&rsquo;Europe. <\/span><\/p>\n<h3><span class=\"ez-toc-section\" id=\"Les-choses-a-ne-pas-manquer-a-Madrid\"><\/span><b>Les choses \u00e0 ne pas manquer \u00e0 Madrid<\/b><span class=\"ez-toc-section-end\"><\/span><\/h3>\n<ul>\n<li style=\"font-weight: 400;\" aria-level=\"1\"><span style=\"font-weight: 400;\">Admirez les chefs-d&rsquo;\u0153uvre bouleversants de la Renaissance et de l&rsquo;\u00e8re baroque au Prado, l&rsquo;un des mus\u00e9es d&rsquo;art les plus c\u00e9l\u00e8bres du monde.<\/span><\/li>\n<li style=\"font-weight: 400;\" aria-level=\"1\"><span style=\"font-weight: 400;\">Promenez-vous dans les all\u00e9es massives et les zones bois\u00e9es du parc Buen Retiro et trouvez le Palais de cristal.<\/span><\/li>\n<li style=\"font-weight: 400;\" aria-level=\"1\"><span style=\"font-weight: 400;\">Encouragez le Real Madrid au stade Santiago Bernab\u00e9u, un stade de 85 000 places avec des vues panoramiques.<\/span><\/li>\n<li style=\"font-weight: 400;\" aria-level=\"1\"><span style=\"font-weight: 400;\">Faites du shopping \u00e0 El Rastro, le plus grand march\u00e9 aux puces de Madrid, pour trouver des souvenirs, de l&rsquo;artisanat et des accessoires uniques.<\/span><\/li>\n<li style=\"font-weight: 400;\" aria-level=\"1\"><span style=\"font-weight: 400;\">Ressentez le rythme du flamenco espagnol classique au Corral de la Moreria, l&rsquo;une des plus anciennes maisons de flamenco du monde.<\/span><\/li>\n<li style=\"font-weight: 400;\" aria-level=\"1\"><span style=\"font-weight: 400;\">Prenez un cours de cuisine \u00e0 Madrid pour ramener chez vous les secrets de la cuisine espagnole. <\/span><\/li>\n<\/ul>\n<h3><span class=\"ez-toc-section\" id=\"Manger-comme-un-local-a-Madrid\"><\/span><b>Manger comme un local \u00e0 Madrid<\/b><span class=\"ez-toc-section-end\"><\/span><\/h3>\n<ul>\n<li style=\"font-weight: 400;\" aria-level=\"1\"><span style=\"font-weight: 400;\">D\u00e9couvrez la culture gastronomique espagnole au Mercado de San Miguel, un march\u00e9 traditionnel o\u00f9 vous pourrez d\u00e9guster des fruits de mer frais et du fromage.<\/span><\/li>\n<li style=\"font-weight: 400;\" aria-level=\"1\"><span style=\"font-weight: 400;\">Faites une tourn\u00e9e de tapas dans les bars les plus populaires de Madrid, et ne manquez pas La Casa del Abuelo, le lieu de naissance des l\u00e9gendaires crevettes \u00e0 l&rsquo;ail d&rsquo;Espagne.<\/span><\/li>\n<li style=\"font-weight: 400;\" aria-level=\"1\"><span style=\"font-weight: 400;\">Pour les meilleures tortillas et croquetas de Madrid, rendez-vous \u00e0 la Bodega La Ardosa et terminez la journ\u00e9e au 1862 Dry Bar voisin pour des cocktails ou du vin. <\/span><\/li>\n<li style=\"font-weight: 400;\" aria-level=\"1\"><span style=\"font-weight: 400;\">Trouvez le dessert \u00e0 la Chocolater\u00eda San Gin\u00e9s et essayez les churros mous avec une sauce au chocolat noir aigre-doux.<\/span><\/li>\n<li style=\"font-weight: 400;\" aria-level=\"1\"><span style=\"font-weight: 400;\">Sirotez une sangria sous le ciel \u00e9toil\u00e9 espagnol au bar sur le toit d&rsquo;El Viajero et profitez d&rsquo;une vue parfaite sur Madrid.<\/span><\/li>\n<\/ul>\n<h3><span class=\"ez-toc-section\" id=\"Ou-sejourner-a-Madrid\"><\/span><b>O\u00f9 s\u00e9journer \u00e0 Madrid <\/b><span class=\"ez-toc-section-end\"><\/span><\/h3>\n<ul>\n<li style=\"font-weight: 400;\" aria-level=\"1\"><span style=\"font-weight: 400;\">Choisissez l&rsquo;h\u00f4tel Barcel\u00f3 Emperatriz 5 \u00e9toiles situ\u00e9 dans le quartier de Salamanca pour profiter de votre s\u00e9jour \u00e0 Madrid.<\/span><\/li>\n<li style=\"font-weight: 400;\" aria-level=\"1\"><span style=\"font-weight: 400;\">Pour un s\u00e9jour confortable et abordable (100$\/par nuit), r\u00e9servez un h\u00f4tel 4 \u00e9toiles Casa du Soleli avec un int\u00e9rieur authentique et une terrasse ouverte. <\/span><\/li>\n<li style=\"font-weight: 400;\" aria-level=\"1\"><span style=\"font-weight: 400;\">L&rsquo;\u00e9l\u00e9gante maison d&rsquo;h\u00f4tes 3 \u00e9toiles Uma House Atocha offre un emplacement id\u00e9al, entour\u00e9 de restaurants et de bars. <\/span><\/li>\n<li style=\"font-weight: 400;\" aria-level=\"1\"><span style=\"font-weight: 400;\">Si vous disposez d&rsquo;un budget serr\u00e9 mais souhaitez tout de m\u00eame voyager dans le confort, choisissez Ok Hostel Madrid, l&rsquo;h\u00e9bergement le mieux not\u00e9 jusqu&rsquo;\u00e0 50 $ pour une nuit. <\/span><\/li>\n<li style=\"font-weight: 400;\" aria-level=\"1\"><span style=\"font-weight: 400;\">S\u00e9journez dans le luxueux Parador De La Granja dans la nouvelle station de ski de Valdesqui pour profiter d&rsquo;un repos isol\u00e9.<\/span><\/li>\n<\/ul>\n<h3><span class=\"ez-toc-section\" id=\"Carte-des-hotels-de-Madrid-avec-prix\"><\/span>Carte des h\u00f4tels de Madrid avec prix<span class=\"ez-toc-section-end\"><\/span><\/h3>\n<p><script src=\"\/\/tp.media\/content?0=0&amp;1=10&amp;promo_id=4285&amp;shmarker=14350&amp;campaign_id=101&amp;search_host=air.eurodirections.com%2Fhotels&amp;locale=fr&amp;currency=eur&amp;draggable=true&amp;disable_zoom=false&amp;show_logo=false&amp;scrollwheel=false&amp;color=%23F56E14&amp;contrast_color=%23ffffff&amp;width=720&amp;height=500&amp;zoom=13&amp;radius=60&amp;stars=0%2C1%2C2%2C3%2C4%2C5&amp;price_from=&amp;price_to=&amp;lat=40.416876&amp;lng=-3.704255\" charset=\"utf-8\"><span data-mce-type=\"bookmark\" style=\"display: inline-block; width: 0px; overflow: hidden; line-height: 0;\" class=\"mce_SELRES_start\">\ufeff<\/span><\/script><\/p>\n<h3><span class=\"ez-toc-section\" id=\"Liste-des-vols-a-Madrid\"><\/span>Liste des vols \u00e0 Madrid<span class=\"ez-toc-section-end\"><\/span><\/h3>\n<p><script src=\"https:\/\/tp.media\/content?trs=147545&amp;shmarker=14350&amp;destination=MAD&amp;target_host=air.eurodirections.com%2Fflights&amp;locale=fr&amp;currency=eur&amp;limit=10&amp;primary=%230085FF&amp;promo_id=4044&amp;campaign_id=100\" charset=\"utf-8\"><\/script><\/p>\n<p>Vous pouvez trouver d&rsquo;autres <a title=\"Tous les vols \u00e0 destination de Madrid, Espagne\" href=\"https:\/\/eurodirections.com\/fr\/vols-pas-chers-vers-madrid\/\" target=\"_blank\" rel=\"noopener\">options de vol pour Madrid ici<\/a><\/p>\n","protected":false},"excerpt":{"rendered":"<p>Explorer Madrid : liste de choses \u00e0 faire pour le voyageur Madrid est la capitale de l&rsquo;Espagne, son centre financier et artistique, la ville des styles contrast\u00e9s et des diff\u00e9rentes p\u00e9riodes d&rsquo;architecture. Avec une population de 6,8 millions d&rsquo;habitants, Madrid accueille environ 7,5 millions de touristes internationaux par an, ce qui fait de la ville [&hellip;]<\/p>\n","protected":false},"author":1,"featured_media":3476,"parent":0,"menu_order":0,"comment_status":"closed","ping_status":"closed","template":"","meta":{"footnotes":""},"class_list":["post-19446","page","type-page","status-publish","has-post-thumbnail","hentry"],"_links":{"self":[{"href":"https:\/\/eurodirections.com\/fr\/wp-json\/wp\/v2\/pages\/19446","targetHints":{"allow":["GET"]}}],"collection":[{"href":"https:\/\/eurodirections.com\/fr\/wp-json\/wp\/v2\/pages"}],"about":[{"href":"https:\/\/eurodirections.com\/fr\/wp-json\/wp\/v2\/types\/page"}],"author":[{"embeddable":true,"href":"https:\/\/eurodirections.com\/fr\/wp-json\/wp\/v2\/users\/1"}],"replies":[{"embeddable":true,"href":"https:\/\/eurodirections.com\/fr\/wp-json\/wp\/v2\/comments?post=19446"}],"version-history":[{"count":0,"href":"https:\/\/eurodirections.com\/fr\/wp-json\/wp\/v2\/pages\/19446\/revisions"}],"wp:featuredmedia":[{"embeddable":true,"href":"https:\/\/eurodirections.com\/fr\/wp-json\/wp\/v2\/media\/3476"}],"wp:attachment":[{"href":"https:\/\/eurodirections.com\/fr\/wp-json\/wp\/v2\/media?parent=19446"}],"curies":[{"name":"wp","href":"https:\/\/api.w.org\/{rel}","templated":true}]}}