{"id":19414,"date":"2022-04-06T15:16:09","date_gmt":"2022-04-06T15:16:09","guid":{"rendered":"https:\/\/eurodirections.com\/guide-de-voyage-explorateur-de-barcelone\/"},"modified":"2023-03-02T14:56:51","modified_gmt":"2023-03-02T14:56:51","slug":"guide-barcelone","status":"publish","type":"page","link":"https:\/\/eurodirections.com\/fr\/guide-barcelone\/","title":{"rendered":"Guide de voyage de Barcelone"},"content":{"rendered":"<div id=\"ez-toc-container\" class=\"ez-toc-v2_0_82_2 counter-hierarchy ez-toc-counter ez-toc-grey ez-toc-container-direction\">\n<div class=\"ez-toc-title-container\">\n<p class=\"ez-toc-title\" style=\"cursor:inherit\">Table of Contents<\/p>\n<span class=\"ez-toc-title-toggle\"><a href=\"#\" class=\"ez-toc-pull-right ez-toc-btn ez-toc-btn-xs ez-toc-btn-default ez-toc-toggle\" aria-label=\"Toggle Table of Content\"><span class=\"ez-toc-js-icon-con\"><span class=\"\"><span class=\"eztoc-hide\" style=\"display:none;\">Toggle<\/span><span class=\"ez-toc-icon-toggle-span\"><svg style=\"fill: #999;color:#999\" xmlns=\"http:\/\/www.w3.org\/2000\/svg\" class=\"list-377408\" width=\"20px\" height=\"20px\" viewBox=\"0 0 24 24\" fill=\"none\"><path d=\"M6 6H4v2h2V6zm14 0H8v2h12V6zM4 11h2v2H4v-2zm16 0H8v2h12v-2zM4 16h2v2H4v-2zm16 0H8v2h12v-2z\" fill=\"currentColor\"><\/path><\/svg><svg style=\"fill: #999;color:#999\" class=\"arrow-unsorted-368013\" xmlns=\"http:\/\/www.w3.org\/2000\/svg\" width=\"10px\" height=\"10px\" viewBox=\"0 0 24 24\" version=\"1.2\" baseProfile=\"tiny\"><path d=\"M18.2 9.3l-6.2-6.3-6.2 6.3c-.2.2-.3.4-.3.7s.1.5.3.7c.2.2.4.3.7.3h11c.3 0 .5-.1.7-.3.2-.2.3-.5.3-.7s-.1-.5-.3-.7zM5.8 14.7l6.2 6.3 6.2-6.3c.2-.2.3-.5.3-.7s-.1-.5-.3-.7c-.2-.2-.4-.3-.7-.3h-11c-.3 0-.5.1-.7.3-.2.2-.3.5-.3.7s.1.5.3.7z\"\/><\/svg><\/span><\/span><\/span><\/a><\/span><\/div>\n<nav><ul class='ez-toc-list ez-toc-list-level-1 eztoc-toggle-hide-by-default' ><li class='ez-toc-page-1 ez-toc-heading-level-2'><a class=\"ez-toc-link ez-toc-heading-1\" href=\"https:\/\/eurodirections.com\/fr\/guide-barcelone\/#Partons-a-la-decouverte-de-Barcelone-la-liste-ultime-des-choses-a-faire-avant-de-voyager\" >Partons \u00e0 la d\u00e9couverte de Barcelone : la liste ultime des choses \u00e0 faire avant de voyager.<\/a><ul class='ez-toc-list-level-3' ><li class='ez-toc-heading-level-3'><a class=\"ez-toc-link ez-toc-heading-2\" href=\"https:\/\/eurodirections.com\/fr\/guide-barcelone\/#Les-choses-a-ne-pas-manquer-a-Barcelone\" >Les choses \u00e0 ne pas manquer \u00e0 Barcelone<\/a><\/li><li class='ez-toc-page-1 ez-toc-heading-level-3'><a class=\"ez-toc-link ez-toc-heading-3\" href=\"https:\/\/eurodirections.com\/fr\/guide-barcelone\/#Manger-comme-un-local-a-Barcelone\" >Manger comme un local \u00e0 Barcelone<\/a><\/li><li class='ez-toc-page-1 ez-toc-heading-level-3'><a class=\"ez-toc-link ez-toc-heading-4\" href=\"https:\/\/eurodirections.com\/fr\/guide-barcelone\/#Ou-sejourner-a-Barcelone\" >O\u00f9 s\u00e9journer \u00e0 Barcelone<\/a><\/li><li class='ez-toc-page-1 ez-toc-heading-level-3'><a class=\"ez-toc-link ez-toc-heading-5\" href=\"https:\/\/eurodirections.com\/fr\/guide-barcelone\/#Carte-des-hotels-de-Barcelone-avec-prix\" >Carte des h\u00f4tels de Barcelone avec prix<\/a><\/li><li class='ez-toc-page-1 ez-toc-heading-level-3'><a class=\"ez-toc-link ez-toc-heading-6\" href=\"https:\/\/eurodirections.com\/fr\/guide-barcelone\/#Vols-a-destination-de-Barcelone\" >Vols \u00e0 destination de Barcelone<\/a><ul class='ez-toc-list-level-4' ><li class='ez-toc-heading-level-4'><a class=\"ez-toc-link ez-toc-heading-7\" href=\"https:\/\/eurodirections.com\/fr\/guide-barcelone\/#Continuer-la-lecture\" >Continuer la lecture<\/a><\/li><\/ul><\/li><\/ul><\/li><\/ul><\/nav><\/div>\n<h2><span class=\"ez-toc-section\" id=\"Partons-a-la-decouverte-de-Barcelone-la-liste-ultime-des-choses-a-faire-avant-de-voyager\"><\/span><b>Partons \u00e0 la d\u00e9couverte de Barcelone : la liste ultime des choses \u00e0 faire avant de voyager.<\/b><span class=\"ez-toc-section-end\"><\/span><\/h2>\n<p><span style=\"font-weight: 400;\">Situ\u00e9e entre la mer et les montagnes, avec une histoire parmi les plus anciennes et les plus belles architectures, des plages immacul\u00e9es et une ambiance cosmopolite, Barcelone est un excellent choix sur la <a title=\"Les meilleures villes d'Europe\" href=\"https:\/\/eurodirections.com\/fr\/les-meilleures-villes-deurope\/\" data-schema-attribute=\"about\">liste des meilleures villes d&rsquo;Europe<\/a> et une destination sup\u00e9rieure pour profiter de tout en un seul endroit. <\/span><\/p>\n<h3><span class=\"ez-toc-section\" id=\"Les-choses-a-ne-pas-manquer-a-Barcelone\"><\/span><b>Les choses \u00e0 ne pas manquer \u00e0 Barcelone<\/b><span class=\"ez-toc-section-end\"><\/span><\/h3>\n<ul>\n<li style=\"font-weight: 400;\" aria-level=\"1\"><span style=\"font-weight: 400;\">Admirez la Sagrada Fam\u00edlia d&rsquo;Andoni Gaud\u00ed et appr\u00e9ciez les 140 ann\u00e9es de travail. <\/span><\/li>\n<li style=\"font-weight: 400;\" aria-level=\"1\"><span style=\"font-weight: 400;\">Marchez le long des 4,5 km du littoral de Barcelone et d\u00e9tendez-vous sur la plage en sirotant un cocktail rafra\u00eechissant.<\/span><\/li>\n<li style=\"font-weight: 400;\" aria-level=\"1\"><span style=\"font-weight: 400;\">Promenez-vous sur La Rambla, le boulevard le plus c\u00e9l\u00e8bre de la ville, et suivez l&rsquo;odeur all\u00e9chante des gaufres.<\/span><\/li>\n<li style=\"font-weight: 400;\" aria-level=\"1\"><span style=\"font-weight: 400;\">Profitez des meilleures vues de la ville au parc G\u00fcell de Gaud\u00ed, et ne manquez pas les bancs en serpentin, les colonnades et les sculptures.<\/span><\/li>\n<li style=\"font-weight: 400;\" aria-level=\"1\"><span style=\"font-weight: 400;\">D\u00e9gustez des fruits frais et des olives au march\u00e9 de La Boqueria, un lieu anim\u00e9 depuis d\u00e9j\u00e0 200 ans.<\/span><\/li>\n<li style=\"font-weight: 400;\" aria-level=\"1\"><span style=\"font-weight: 400;\">Faites une visite culturelle du mus\u00e9e Picasso ou trouvez 4000 carreaux de photos formant une peinture murale de 26 pieds repr\u00e9sentant un baiser. <\/span><\/li>\n<li aria-level=\"1\">Profitez de l&rsquo;exp\u00e9rience du shopping \u00e0 Barcelone, o\u00f9 vous trouverez des centaines de boutiques et de magasins de marque dans diff\u00e9rentes rues commer\u00e7antes.<\/li>\n<\/ul>\n<p><iframe style=\"border: 1px solid #EEE; background: white;\" src=\"about:blank\" width=\"880\" height=\"270\" frameborder=\"0\" scrolling=\"no\" class=\"lazyload\" data-src=\"https:\/\/eurodirections.substack.com\/embed\"><span data-mce-type=\"bookmark\" style=\"display: inline-block; width: 0px; overflow: hidden; line-height: 0;\" class=\"mce_SELRES_start\"><\/span><span data-mce-type=\"bookmark\" style=\"display: inline-block; width: 0px; overflow: hidden; line-height: 0;\" class=\"mce_SELRES_start\" align=\"center\"><\/span><\/iframe><\/p>\n<h3><span class=\"ez-toc-section\" id=\"Manger-comme-un-local-a-Barcelone\"><\/span><b>Manger comme un local \u00e0 Barcelone<\/b><span class=\"ez-toc-section-end\"><\/span><\/h3>\n<ul>\n<li style=\"font-weight: 400;\" aria-level=\"1\"><span style=\"font-weight: 400;\">Passez du temps dans les xiringuitos (bars de plage) de Barcelone o\u00f9 vous pourrez d\u00e9guster d&rsquo;app\u00e9tissants fruits de mer. Choisissez Xiringuito Escriba, Pela Vela, ou La Deliciosa ou tous les trois \u00e0 la fois.<\/span><\/li>\n<li style=\"font-weight: 400;\" aria-level=\"1\"><span style=\"font-weight: 400;\">Trouvez de petites bouch\u00e9es dans l&rsquo;un des meilleurs bars \u00e0 tapas de Barcelone &#8211; le restaurant et bar \u00e0 tapas Sagardi, situ\u00e9 pr\u00e8s des attractions populaires, ou El Xampanyet, une taverne \u00e0 tapas conviviale. <\/span><\/li>\n<li style=\"font-weight: 400;\" aria-level=\"1\"><span style=\"font-weight: 400;\">Profitez de l&rsquo;ambiance authentique, des pintxos chauds et de la Morcilla de durgos (boudin noir avec du riz) \u00e0 Maitea Taberna. <\/span><\/li>\n<li style=\"font-weight: 400;\" aria-level=\"1\"><span style=\"font-weight: 400;\">Pour un d\u00eener raffin\u00e9, rendez-vous au Disfrutar, qui propose une cuisine m\u00e9diterran\u00e9enne et deux \u00e9toiles Michelin.<\/span><\/li>\n<li style=\"font-weight: 400;\" aria-level=\"1\"><span style=\"font-weight: 400;\">Go\u00fbtez au vermouth espagnol au Morro Fi, un petit bar \u00e0 vermouth qui sert une boisson douce-am\u00e8re avec des tranches d&rsquo;olive et d&rsquo;orange.<\/span><\/li>\n<li style=\"font-weight: 400;\" aria-level=\"1\"><span style=\"font-weight: 400;\">Choisissez votre bi\u00e8re artisanale parmi les 30 robinets du BierCab, et n&rsquo;oubliez pas d&rsquo;essayer les patatas extra-\u00e9pic\u00e9es.<\/span><\/li>\n<\/ul>\n<h3><span class=\"ez-toc-section\" id=\"Ou-sejourner-a-Barcelone\"><\/span><b>O\u00f9 s\u00e9journer \u00e0 Barcelone<\/b><span class=\"ez-toc-section-end\"><\/span><\/h3>\n<ul>\n<li style=\"font-weight: 400;\" aria-level=\"1\"><span style=\"font-weight: 400;\">Profitez de votre repos au Serras Barcelona, un h\u00f4tel 5 \u00e9toiles haut de gamme situ\u00e9 dans le quartier gothique de Barcelone et donnant sur la mer.<\/span><\/li>\n<li style=\"font-weight: 400;\" aria-level=\"1\"><span style=\"font-weight: 400;\">L&rsquo;h\u00f4tel Brummell 4 \u00e9toiles de style loft, avec son mobilier moderne et ses cours de yoga, est un endroit id\u00e9al pour ressentir l&rsquo;ambiance de Barcelone.<\/span><\/li>\n<li style=\"font-weight: 400;\" aria-level=\"1\"><span style=\"font-weight: 400;\">Trouvez le parfait \u00e9quilibre entre style et confort \u00e0 un prix abordable dans la maison d&rsquo;h\u00f4tes 3 \u00e9toiles Comfort Barcelona Rooms.<\/span><\/li>\n<li style=\"font-weight: 400;\" aria-level=\"1\"><span style=\"font-weight: 400;\">Si votre budget est serr\u00e9, l&rsquo;auberge Rodam\u00f3n est id\u00e9ale pour les couples et les voyageurs solitaires. <\/span><\/li>\n<li style=\"font-weight: 400;\" aria-level=\"1\"><span style=\"font-weight: 400;\">Trouvez l&rsquo;idylle dans le luxueux Boutique Hotel Davallada, dans la station baln\u00e9aire de Sitges, pr\u00e8s de Barcelone. <\/span><\/li>\n<\/ul>\n<h3><span class=\"ez-toc-section\" id=\"Carte-des-hotels-de-Barcelone-avec-prix\"><\/span>Carte des h\u00f4tels de Barcelone avec prix<span class=\"ez-toc-section-end\"><\/span><\/h3>\n<p><script src=\"\/\/tp.media\/content?0=0&amp;1=10&amp;promo_id=4285&amp;shmarker=14350&amp;campaign_id=101&amp;search_host=air.eurodirections.com%2Fhotels&amp;locale=fr&amp;currency=eur&amp;draggable=true&amp;disable_zoom=false&amp;show_logo=false&amp;scrollwheel=false&amp;color=%230759B0&amp;contrast_color=%23ffffff&amp;width=720&amp;height=500&amp;zoom=13&amp;radius=60&amp;stars=0%2C1%2C2%2C3%2C4%2C5&amp;price_from=&amp;price_to=&amp;lat=41.387089&amp;lng=2.170066\" charset=\"utf-8\"><span data-mce-type=\"bookmark\" style=\"display: inline-block; width: 0px; overflow: hidden; line-height: 0;\" class=\"mce_SELRES_start\">\ufeff<\/span><\/script><\/p>\n<p>\u2014<\/p>\n<h3><span class=\"ez-toc-section\" id=\"Vols-a-destination-de-Barcelone\"><\/span>Vols \u00e0 destination de Barcelone<span class=\"ez-toc-section-end\"><\/span><\/h3>\n<p><a title=\"Trouver des billets d'avion bon march\u00e9 pour Barcelone\" href=\"https:\/\/eurodirections.com\/cheap-air-tickets-to-barcelona\/\" target=\"_blank\" rel=\"noopener\">D\u00e9couvrez les meilleurs vols vers Barcelone<\/a><\/p>\n<p><script src=\"https:\/\/tp.media\/content?trs=147545&amp;shmarker=14350&amp;destination=BCN&amp;target_host=air.eurodirections.com%2Fflights&amp;locale=fr&amp;currency=eur&amp;limit=10&amp;primary=%230085FF&amp;promo_id=4044&amp;campaign_id=100\" charset=\"utf-8\"><\/script><\/p>\n<hr \/>\n<h4><span class=\"ez-toc-section\" id=\"Continuer-la-lecture\"><\/span>Continuer la lecture<span class=\"ez-toc-section-end\"><\/span><\/h4>\n<p><strong><a title=\"Meilleure date pour les vols de Madrid \u00e0 Barcelone\" href=\"https:\/\/eurodirections.com\/fr\/vols-madrid-barcelone\/\" target=\"_blank\" rel=\"noopener\">Vol de Madrid \u00e0 Barcelone<\/a><\/strong><\/p>\n","protected":false},"excerpt":{"rendered":"<p>Partons \u00e0 la d\u00e9couverte de Barcelone : la liste ultime des choses \u00e0 faire avant de voyager. Situ\u00e9e entre la mer et les montagnes, avec une histoire parmi les plus anciennes et les plus belles architectures, des plages immacul\u00e9es et une ambiance cosmopolite, Barcelone est un excellent choix sur la liste des meilleures villes d&rsquo;Europe [&hellip;]<\/p>\n","protected":false},"author":1,"featured_media":3452,"parent":0,"menu_order":0,"comment_status":"closed","ping_status":"closed","template":"","meta":{"footnotes":""},"class_list":["post-19414","page","type-page","status-publish","has-post-thumbnail","hentry"],"_links":{"self":[{"href":"https:\/\/eurodirections.com\/fr\/wp-json\/wp\/v2\/pages\/19414","targetHints":{"allow":["GET"]}}],"collection":[{"href":"https:\/\/eurodirections.com\/fr\/wp-json\/wp\/v2\/pages"}],"about":[{"href":"https:\/\/eurodirections.com\/fr\/wp-json\/wp\/v2\/types\/page"}],"author":[{"embeddable":true,"href":"https:\/\/eurodirections.com\/fr\/wp-json\/wp\/v2\/users\/1"}],"replies":[{"embeddable":true,"href":"https:\/\/eurodirections.com\/fr\/wp-json\/wp\/v2\/comments?post=19414"}],"version-history":[{"count":0,"href":"https:\/\/eurodirections.com\/fr\/wp-json\/wp\/v2\/pages\/19414\/revisions"}],"wp:featuredmedia":[{"embeddable":true,"href":"https:\/\/eurodirections.com\/fr\/wp-json\/wp\/v2\/media\/3452"}],"wp:attachment":[{"href":"https:\/\/eurodirections.com\/fr\/wp-json\/wp\/v2\/media?parent=19414"}],"curies":[{"name":"wp","href":"https:\/\/api.w.org\/{rel}","templated":true}]}}