{"id":19097,"date":"2022-04-05T19:28:50","date_gmt":"2022-04-05T19:28:50","guid":{"rendered":"https:\/\/eurodirections.com\/guide-de-voyage-de-lexplorateur-de-vienne\/"},"modified":"2023-02-28T20:35:59","modified_gmt":"2023-02-28T20:35:59","slug":"guide-de-voyage-vienne","status":"publish","type":"page","link":"https:\/\/eurodirections.com\/fr\/guide-de-voyage-vienne\/","title":{"rendered":"Guide de voyage de l&rsquo;explorateur de Vienne"},"content":{"rendered":"<div id=\"ez-toc-container\" class=\"ez-toc-v2_0_82_2 counter-hierarchy ez-toc-counter ez-toc-grey ez-toc-container-direction\">\n<div class=\"ez-toc-title-container\">\n<p class=\"ez-toc-title\" style=\"cursor:inherit\">Table of Contents<\/p>\n<span class=\"ez-toc-title-toggle\"><a href=\"#\" class=\"ez-toc-pull-right ez-toc-btn ez-toc-btn-xs ez-toc-btn-default ez-toc-toggle\" aria-label=\"Toggle Table of Content\"><span class=\"ez-toc-js-icon-con\"><span class=\"\"><span class=\"eztoc-hide\" style=\"display:none;\">Toggle<\/span><span class=\"ez-toc-icon-toggle-span\"><svg style=\"fill: #999;color:#999\" xmlns=\"http:\/\/www.w3.org\/2000\/svg\" class=\"list-377408\" width=\"20px\" height=\"20px\" viewBox=\"0 0 24 24\" fill=\"none\"><path d=\"M6 6H4v2h2V6zm14 0H8v2h12V6zM4 11h2v2H4v-2zm16 0H8v2h12v-2zM4 16h2v2H4v-2zm16 0H8v2h12v-2z\" fill=\"currentColor\"><\/path><\/svg><svg style=\"fill: #999;color:#999\" class=\"arrow-unsorted-368013\" xmlns=\"http:\/\/www.w3.org\/2000\/svg\" width=\"10px\" height=\"10px\" viewBox=\"0 0 24 24\" version=\"1.2\" baseProfile=\"tiny\"><path d=\"M18.2 9.3l-6.2-6.3-6.2 6.3c-.2.2-.3.4-.3.7s.1.5.3.7c.2.2.4.3.7.3h11c.3 0 .5-.1.7-.3.2-.2.3-.5.3-.7s-.1-.5-.3-.7zM5.8 14.7l6.2 6.3 6.2-6.3c.2-.2.3-.5.3-.7s-.1-.5-.3-.7c-.2-.2-.4-.3-.7-.3h-11c-.3 0-.5.1-.7.3-.2.2-.3.5-.3.7s.1.5.3.7z\"\/><\/svg><\/span><\/span><\/span><\/a><\/span><\/div>\n<nav><ul class='ez-toc-list ez-toc-list-level-1 eztoc-toggle-hide-by-default' ><li class='ez-toc-page-1 ez-toc-heading-level-2'><a class=\"ez-toc-link ez-toc-heading-1\" href=\"https:\/\/eurodirections.com\/fr\/guide-de-voyage-vienne\/#Informations-de-voyage-pour-Vienna-Explorer\" >Informations de voyage pour Vienna Explorer<\/a><ul class='ez-toc-list-level-3' ><li class='ez-toc-heading-level-3'><a class=\"ez-toc-link ez-toc-heading-2\" href=\"https:\/\/eurodirections.com\/fr\/guide-de-voyage-vienne\/#Les-choses-a-ne-pas-manquer-a-Vienne\" >Les choses \u00e0 ne pas manquer \u00e0 Vienne<\/a><\/li><li class='ez-toc-page-1 ez-toc-heading-level-3'><a class=\"ez-toc-link ez-toc-heading-3\" href=\"https:\/\/eurodirections.com\/fr\/guide-de-voyage-vienne\/#Manger-comme-un-local-a-Vienne\" >Manger comme un local \u00e0 Vienne<\/a><\/li><li class='ez-toc-page-1 ez-toc-heading-level-3'><a class=\"ez-toc-link ez-toc-heading-4\" href=\"https:\/\/eurodirections.com\/fr\/guide-de-voyage-vienne\/#Ou-sejourner-a-Vienne\" >O\u00f9 s\u00e9journer \u00e0 Vienne<\/a><\/li><li class='ez-toc-page-1 ez-toc-heading-level-3'><a class=\"ez-toc-link ez-toc-heading-5\" href=\"https:\/\/eurodirections.com\/fr\/guide-de-voyage-vienne\/#Vols-bon-marche-vers-Vienne\" >Vols bon march\u00e9 vers Vienne<\/a><\/li><\/ul><\/li><\/ul><\/nav><\/div>\n<p>S\u00e9rie sp\u00e9ciale du magazine Eurodirections.com sur les <a title=\"Les meilleures villes d'Europe\" href=\"https:\/\/eurodirections.com\/fr\/les-meilleures-villes-deurope\/\" data-schema-attribute=\"about\">meilleures destinations de voyage en Europe<\/a><\/p>\n<h2><span class=\"ez-toc-section\" id=\"Informations-de-voyage-pour-Vienna-Explorer\"><\/span><b>Informations de voyage pour Vienna Explorer<\/b><span class=\"ez-toc-section-end\"><\/span><\/h2>\n<p><span style=\"font-weight: 400;\">La capitale de l&rsquo;Autriche, Vienne, est une ville d&rsquo;histoire, de culture et de qualit\u00e9 de vie, une excellente destination europ\u00e9enne o\u00f9 l&rsquo;histoire du monde s&rsquo;est \u00e9crite pendant un demi-mill\u00e9naire. C&rsquo;est un endroit pour explorer l&rsquo;architecture unique des si\u00e8cles. Conservant sa diversit\u00e9 culturelle, la Vienne moderne pr\u00e9sente un merveilleux m\u00e9lange de vie urbaine et de traditions imp\u00e9riales. <\/span><\/p>\n<p><iframe style=\"border: 1px solid #EEE; background: white;\" src=\"about:blank\" width=\"880\" height=\"270\" frameborder=\"0\" scrolling=\"no\" class=\"lazyload\" data-src=\"https:\/\/eurodirections.substack.com\/embed\"><span data-mce-type=\"bookmark\" style=\"display: inline-block; width: 0px; overflow: hidden; line-height: 0;\" class=\"mce_SELRES_start\"><\/span><span data-mce-type=\"bookmark\" style=\"display: inline-block; width: 0px; overflow: hidden; line-height: 0;\" class=\"mce_SELRES_start\" align=\"center\"><\/span><\/iframe><\/p>\n<h3><span class=\"ez-toc-section\" id=\"Les-choses-a-ne-pas-manquer-a-Vienne\"><\/span><b>Les choses \u00e0 ne pas manquer \u00e0 Vienne<\/b><span class=\"ez-toc-section-end\"><\/span><\/h3>\n<ul>\n<li style=\"font-weight: 400;\" aria-level=\"1\"><span style=\"font-weight: 400;\">Visite de la Hofburg historique, la r\u00e9sidence des souverains autrichiens depuis 1275 avec 18 groupes de b\u00e2timents.<\/span><\/li>\n<li style=\"font-weight: 400;\" aria-level=\"1\"><span style=\"font-weight: 400;\">Admirez la majest\u00e9 de la cath\u00e9drale Saint-\u00c9tienne, l&rsquo;\u00e9difice gothique le plus important de Vienne.<\/span><\/li>\n<li style=\"font-weight: 400;\" aria-level=\"1\"><span style=\"font-weight: 400;\">D\u00e9couvrez le tableau mondialement connu \u00ab\u00a0Le baiser\u00a0\u00bb de Gustav Klimt dans le palais du Belv\u00e9d\u00e8re sup\u00e9rieur.<\/span><\/li>\n<li style=\"font-weight: 400;\" aria-level=\"1\"><span style=\"font-weight: 400;\">Faites un tour sur le Ferris Riesenrad dans le parc d&rsquo;attractions Prater pour admirer le fantastique panorama de Vienne.<\/span><\/li>\n<li style=\"font-weight: 400;\" aria-level=\"1\"><span style=\"font-weight: 400;\">Prenez une dose de douceur au zoo de Vienne avec d&rsquo;adorables petits pandas qui vous font fondre lorsque vous les nourrissez. <\/span><\/li>\n<li style=\"font-weight: 400;\" aria-level=\"1\"><span style=\"font-weight: 400;\">Explorez le mus\u00e9e de Sigmund Freud pour comprendre l&rsquo;id\u00e9e de sa psychanalyse. <\/span><\/li>\n<\/ul>\n<h3><span class=\"ez-toc-section\" id=\"Manger-comme-un-local-a-Vienne\"><\/span><b>Manger comme un local \u00e0 Vienne<\/b><span class=\"ez-toc-section-end\"><\/span><\/h3>\n<ul>\n<li style=\"font-weight: 400;\" aria-level=\"1\"><span style=\"font-weight: 400;\">D\u00e9gustez le dessert embl\u00e9matique de Vienne, la Sachertorte, avec du chocolat noir et de la confiture d&rsquo;abricots. <\/span><\/li>\n<li style=\"font-weight: 400;\" aria-level=\"1\"><span style=\"font-weight: 400;\">Trouvez Veganista, le glacier v\u00e9g\u00e9talien qui propose des d\u00e9lices, du chocolat et des biscuits \u00e0 base de plantes et sans viande.<\/span><\/li>\n<li style=\"font-weight: 400;\" aria-level=\"1\"><span style=\"font-weight: 400;\">Participez \u00e0 une d\u00e9gustation de vins pour essayer la s\u00e9lection de vins du Weingut Cobenzl.<\/span><\/li>\n<li style=\"font-weight: 400;\" aria-level=\"1\"><span style=\"font-weight: 400;\">Explorez la diversit\u00e9 de l&rsquo;histoire culinaire de Vienne en parcourant les comptoirs du march\u00e9 en plein air Naschmarkt. <\/span><\/li>\n<li style=\"font-weight: 400;\" aria-level=\"1\"><span style=\"font-weight: 400;\">Sentez l&rsquo;atmosph\u00e8re et trouvez l&rsquo;\u00e2me de Vienne au Caf\u00e9 central, le plus grand des grands caf\u00e9s de la ville.<\/span><\/li>\n<\/ul>\n<h3><span class=\"ez-toc-section\" id=\"Ou-sejourner-a-Vienne\"><\/span><b>O\u00f9 s\u00e9journer \u00e0 Vienne<\/b><span class=\"ez-toc-section-end\"><\/span><\/h3>\n<ul>\n<li style=\"font-weight: 400;\" aria-level=\"1\"><span style=\"font-weight: 400;\">D\u00e9couvrez le v\u00e9ritable luxe de Vienne dans l&rsquo;h\u00f4tel 5 \u00e9toiles Sacher Wien, avec son int\u00e9rieur chic et ses superbes vues sur la ville.<\/span><\/li>\n<li style=\"font-weight: 400;\" aria-level=\"1\"><span style=\"font-weight: 400;\">Appr\u00e9ciez le design contemporain du Jaz in the City Vienna, un h\u00f4tel 4 \u00e9toiles situ\u00e9 dans le centre culturel. <\/span><\/li>\n<li style=\"font-weight: 400;\" aria-level=\"1\"><span style=\"font-weight: 400;\">Trouvez le confort et l&rsquo;intimit\u00e9 dans le Boutique Hotel Piano Nobile &#8211; am Stubenring avec ses chambres chaleureuses et confortables.<\/span><\/li>\n<li style=\"font-weight: 400;\" aria-level=\"1\"><span style=\"font-weight: 400;\">L&rsquo;option parfaite pour \u00e9conomiser de l&rsquo;argent et avoir du confort est de r\u00e9server une chambre \u00e0 K&amp;K Boardinghouse 2. <\/span><\/li>\n<li style=\"font-weight: 400;\" aria-level=\"1\"><span style=\"font-weight: 400;\">Voyagez dans le c\u00e9l\u00e8bre G\u00e4nserndorf bei Wien et passez la nuit dans un magnifique h\u00f4tel G\u00e4stezimmer by J\u00f6chlinger. <\/span><\/li>\n<\/ul>\n<p><script src=\"https:\/\/www.travelpayouts.com\/chansey\/iframe.js?v=1&amp;marker=14350&amp;host=air.eurodirections.com%2Fhotels&amp;locale=en&amp;currency=eur&amp;nobooking=&amp;powered_by=false&amp;hotel_id=4227\" charset=\"utf-8\" async=\"\"><\/script><\/p>\n<h3><span class=\"ez-toc-section\" id=\"Vols-bon-marche-vers-Vienne\"><\/span>Vols bon march\u00e9 vers Vienne<br \/>\n<script src=\"https:\/\/tp.media\/content?currency=eur&amp;promo_id=4044&amp;shmarker=14350&amp;campaign_id=100&amp;trs=147545&amp;target_host=air.eurodirections.com%2Fflights&amp;locale=fr&amp;limit=10&amp;powered_by=false&amp;primary=%231086F4&amp;destination=VIE\" charset=\"utf-8\"><\/script><span class=\"ez-toc-section-end\"><\/span><\/h3>\n<p>Pour plus d&rsquo;options de vol, consultez l&rsquo;annuaire et le <a title=\"Comparez les vols vers Vienne, Autriche\" href=\"https:\/\/eurodirections.com\/vienna-flights-calendar\/\" target=\"_blank\" rel=\"noopener\">calendrier des vols bon march\u00e9 vers Vienne<\/a>.<\/p>\n<p><script type=\"application\/ld+json\">\n{\n    \"@context\": \"http:\/\/schema.org\",\n    \"@type\": \"WebPage\",\n    \"name\": \"Vienna guide\",\n    \"description\": \"Explore Vienna, Austria - short travel guide for tourist and visitor information about must-see places and sights, hotel and restaurant suggestions and cheap flights in Vienna.\",\n    \"publisher\": {\n        \"@type\": \"WebPage\",\n        \"name\": \"Eurodirections.com\"\n    }\n}\n<\/script><\/p>\n","protected":false},"excerpt":{"rendered":"<p>S\u00e9rie sp\u00e9ciale du magazine Eurodirections.com sur les meilleures destinations de voyage en Europe Informations de voyage pour Vienna Explorer La capitale de l&rsquo;Autriche, Vienne, est une ville d&rsquo;histoire, de culture et de qualit\u00e9 de vie, une excellente destination europ\u00e9enne o\u00f9 l&rsquo;histoire du monde s&rsquo;est \u00e9crite pendant un demi-mill\u00e9naire. C&rsquo;est un endroit pour explorer l&rsquo;architecture unique [&hellip;]<\/p>\n","protected":false},"author":1,"featured_media":3446,"parent":0,"menu_order":0,"comment_status":"closed","ping_status":"closed","template":"","meta":{"footnotes":""},"class_list":["post-19097","page","type-page","status-publish","has-post-thumbnail","hentry"],"_links":{"self":[{"href":"https:\/\/eurodirections.com\/fr\/wp-json\/wp\/v2\/pages\/19097","targetHints":{"allow":["GET"]}}],"collection":[{"href":"https:\/\/eurodirections.com\/fr\/wp-json\/wp\/v2\/pages"}],"about":[{"href":"https:\/\/eurodirections.com\/fr\/wp-json\/wp\/v2\/types\/page"}],"author":[{"embeddable":true,"href":"https:\/\/eurodirections.com\/fr\/wp-json\/wp\/v2\/users\/1"}],"replies":[{"embeddable":true,"href":"https:\/\/eurodirections.com\/fr\/wp-json\/wp\/v2\/comments?post=19097"}],"version-history":[{"count":0,"href":"https:\/\/eurodirections.com\/fr\/wp-json\/wp\/v2\/pages\/19097\/revisions"}],"wp:featuredmedia":[{"embeddable":true,"href":"https:\/\/eurodirections.com\/fr\/wp-json\/wp\/v2\/media\/3446"}],"wp:attachment":[{"href":"https:\/\/eurodirections.com\/fr\/wp-json\/wp\/v2\/media?parent=19097"}],"curies":[{"name":"wp","href":"https:\/\/api.w.org\/{rel}","templated":true}]}}