{"id":16055,"date":"2022-04-15T07:11:32","date_gmt":"2022-04-15T07:11:32","guid":{"rendered":"https:\/\/eurodirections.com\/liste-de-choses-a-faire-a-rhodes\/"},"modified":"2023-02-13T16:40:53","modified_gmt":"2023-02-13T16:40:53","slug":"liste-de-choses-a-faire-a-rhodes","status":"publish","type":"page","link":"https:\/\/eurodirections.com\/fr\/liste-de-choses-a-faire-a-rhodes\/","title":{"rendered":"Liste de choses \u00e0 faire \u00e0 Rhodes"},"content":{"rendered":"<div id=\"ez-toc-container\" class=\"ez-toc-v2_0_82_2 counter-hierarchy ez-toc-counter ez-toc-grey ez-toc-container-direction\">\n<div class=\"ez-toc-title-container\">\n<p class=\"ez-toc-title\" style=\"cursor:inherit\">Table of Contents<\/p>\n<span class=\"ez-toc-title-toggle\"><a href=\"#\" class=\"ez-toc-pull-right ez-toc-btn ez-toc-btn-xs ez-toc-btn-default ez-toc-toggle\" aria-label=\"Toggle Table of Content\"><span class=\"ez-toc-js-icon-con\"><span class=\"\"><span class=\"eztoc-hide\" style=\"display:none;\">Toggle<\/span><span class=\"ez-toc-icon-toggle-span\"><svg style=\"fill: #999;color:#999\" xmlns=\"http:\/\/www.w3.org\/2000\/svg\" class=\"list-377408\" width=\"20px\" height=\"20px\" viewBox=\"0 0 24 24\" fill=\"none\"><path d=\"M6 6H4v2h2V6zm14 0H8v2h12V6zM4 11h2v2H4v-2zm16 0H8v2h12v-2zM4 16h2v2H4v-2zm16 0H8v2h12v-2z\" fill=\"currentColor\"><\/path><\/svg><svg style=\"fill: #999;color:#999\" class=\"arrow-unsorted-368013\" xmlns=\"http:\/\/www.w3.org\/2000\/svg\" width=\"10px\" height=\"10px\" viewBox=\"0 0 24 24\" version=\"1.2\" baseProfile=\"tiny\"><path d=\"M18.2 9.3l-6.2-6.3-6.2 6.3c-.2.2-.3.4-.3.7s.1.5.3.7c.2.2.4.3.7.3h11c.3 0 .5-.1.7-.3.2-.2.3-.5.3-.7s-.1-.5-.3-.7zM5.8 14.7l6.2 6.3 6.2-6.3c.2-.2.3-.5.3-.7s-.1-.5-.3-.7c-.2-.2-.4-.3-.7-.3h-11c-.3 0-.5.1-.7.3-.2.2-.3.5-.3.7s.1.5.3.7z\"\/><\/svg><\/span><\/span><\/span><\/a><\/span><\/div>\n<nav><ul class='ez-toc-list ez-toc-list-level-1 eztoc-toggle-hide-by-default' ><li class='ez-toc-page-1 ez-toc-heading-level-2'><a class=\"ez-toc-link ez-toc-heading-1\" href=\"https:\/\/eurodirections.com\/fr\/liste-de-choses-a-faire-a-rhodes\/#Explorer-Rhodes-liste-de-choses-a-faire-pour-les-touristes\" >Explorer Rhodes : liste de choses \u00e0 faire pour les touristes<\/a><ul class='ez-toc-list-level-3' ><li class='ez-toc-heading-level-3'><a class=\"ez-toc-link ez-toc-heading-2\" href=\"https:\/\/eurodirections.com\/fr\/liste-de-choses-a-faire-a-rhodes\/#Les-choses-a-ne-pas-manquer-a-Rhodes\" >Les choses \u00e0 ne pas manquer \u00e0 Rhodes<\/a><\/li><li class='ez-toc-page-1 ez-toc-heading-level-3'><a class=\"ez-toc-link ez-toc-heading-3\" href=\"https:\/\/eurodirections.com\/fr\/liste-de-choses-a-faire-a-rhodes\/#Mangez-comme-un-local-a-Rhodes\" >Mangez comme un local \u00e0 Rhodes<\/a><\/li><li class='ez-toc-page-1 ez-toc-heading-level-3'><a class=\"ez-toc-link ez-toc-heading-4\" href=\"https:\/\/eurodirections.com\/fr\/liste-de-choses-a-faire-a-rhodes\/#Ou-sejourner-a-Rhodes\" >O\u00f9 s\u00e9journer \u00e0 Rhodes<\/a><\/li><li class='ez-toc-page-1 ez-toc-heading-level-3'><a class=\"ez-toc-link ez-toc-heading-5\" href=\"https:\/\/eurodirections.com\/fr\/liste-de-choses-a-faire-a-rhodes\/#Carte-des-hotels-de-Rhodes-Island-avec-prix\" >Carte des h\u00f4tels de Rhodes Island avec prix<\/a><\/li><li class='ez-toc-page-1 ez-toc-heading-level-3'><a class=\"ez-toc-link ez-toc-heading-6\" href=\"https:\/\/eurodirections.com\/fr\/liste-de-choses-a-faire-a-rhodes\/#Liste-des-vols-bon-marche-vers-Rhodes\" >Liste des vols bon march\u00e9 vers Rhodes<\/a><\/li><\/ul><\/li><\/ul><\/nav><\/div>\n<h2><span class=\"ez-toc-section\" id=\"Explorer-Rhodes-liste-de-choses-a-faire-pour-les-touristes\"><\/span><b>Explorer Rhodes : liste de choses \u00e0 faire pour les touristes<\/b><span class=\"ez-toc-section-end\"><\/span><\/h2>\n<p><span style=\"font-weight: 400;\">Rhodes est la plus grande des \u00eeles du Dod\u00e9can\u00e8se, visit\u00e9e par plus de 2 millions de touristes chaque ann\u00e9e. La magnifique \u00eele grecque n&rsquo;est pas seulement une baignade et une nature \u00e0 couper le souffle, mais une vieille ville class\u00e9e au patrimoine mondial de l&rsquo;UNESCO avec une histoire mill\u00e9naire, une architecture et 100 autres raisons de visiter Rhodes. <\/span><\/p>\n<blockquote><p>Voir aussi : <a href=\"https:\/\/eurodirections.com\/travel-to-rhodes-greece\/#Best-season-for-visiting-Rhodes\" target=\"_blank\" rel=\"noopener\">Savez-vous quelle est la meilleure saison pour voyager \u00e0 Rhodes ?<\/a><\/p><\/blockquote>\n<h3><span class=\"ez-toc-section\" id=\"Les-choses-a-ne-pas-manquer-a-Rhodes\"><\/span><b>Les choses \u00e0 ne pas manquer \u00e0 Rhodes<\/b><span class=\"ez-toc-section-end\"><\/span><\/h3>\n<figure id=\"attachment_1876\" aria-describedby=\"caption-attachment-1876\" style=\"width: 971px\" class=\"wp-caption alignnone\"><img fetchpriority=\"high\" decoding=\"async\" class=\"size-full wp-image-1876\" src=\"http:\/\/eurodirections.com\/wp-content\/uploads\/2022\/04\/rhodes-city-greece.jpg\" alt=\"Les rues de la ville de Rhodes, Gr\u00e8ce\" width=\"971\" height=\"618\" srcset=\"https:\/\/eurodirections.com\/wp-content\/uploads\/2022\/04\/rhodes-city-greece.jpg 971w, https:\/\/eurodirections.com\/wp-content\/uploads\/2022\/04\/rhodes-city-greece-300x191.jpg 300w, https:\/\/eurodirections.com\/wp-content\/uploads\/2022\/04\/rhodes-city-greece-768x489.jpg 768w, https:\/\/eurodirections.com\/wp-content\/uploads\/2022\/04\/rhodes-city-greece-100x65.jpg 100w\" sizes=\"(max-width: 971px) 100vw, 971px\" \/><figcaption id=\"caption-attachment-1876\" class=\"wp-caption-text\">Les rues de la ville de Rhodes, en Gr\u00e8ce. Photo par PixMeta<\/figcaption><\/figure>\n<ul>\n<li style=\"font-weight: 400;\" aria-level=\"1\"><span style=\"font-weight: 400;\">Promenez-vous dans l&rsquo;ancienne acropole de Lindos, dont les ruines s&rsquo;\u00e9tendent sur le littoral. <\/span><\/li>\n<li style=\"font-weight: 400;\" aria-level=\"1\"><span style=\"font-weight: 400;\">Ne manquez pas St Paul&rsquo;s Beach, une plage parfaite, aux eaux pures et au sable dor\u00e9.<\/span><\/li>\n<li style=\"font-weight: 400;\" aria-level=\"1\"><span style=\"font-weight: 400;\">Soignez votre corps gr\u00e2ce aux sources chaudes de Kalithea aux propri\u00e9t\u00e9s curatives.<\/span><\/li>\n<li style=\"font-weight: 400;\" aria-level=\"1\"><span style=\"font-weight: 400;\">Remplissez la romance inimaginable dans la vall\u00e9e des papillons remplie de papillons color\u00e9s de fin juin \u00e0 mi-ao\u00fbt. <\/span><\/li>\n<li style=\"font-weight: 400;\" aria-level=\"1\"><span style=\"font-weight: 400;\">Profitez de la beaut\u00e9 du coucher de soleil en vous promenant dans la vieille ville de Rhodes.<\/span><\/li>\n<li style=\"font-weight: 400;\" aria-level=\"1\"><span style=\"font-weight: 400;\">D\u00e9couvrez le magnifique monast\u00e8re de Tsambika, une \u00e9glise d&rsquo;un blanc pur avec un toit rouge et une vue fantastique sur les montagnes. <\/span><\/li>\n<\/ul>\n<h3><span class=\"ez-toc-section\" id=\"Mangez-comme-un-local-a-Rhodes\"><\/span><b>Mangez comme un local \u00e0 Rhodes<\/b><span class=\"ez-toc-section-end\"><\/span><\/h3>\n<ul>\n<li style=\"font-weight: 400;\" aria-level=\"1\"><span style=\"font-weight: 400;\">Trouvez les meilleurs meze au Caf\u00e9 traditionnel Symi situ\u00e9 dans le Nouveau March\u00e9.<\/span><\/li>\n<li style=\"font-weight: 400;\" aria-level=\"1\"><span style=\"font-weight: 400;\">D\u00e9gustez des plats exclusifs servis de la mani\u00e8re la plus attrayante qui soit au restaurant Noble Gourmet.<\/span><\/li>\n<li style=\"font-weight: 400;\" aria-level=\"1\"><span style=\"font-weight: 400;\">D\u00e9gustez toutes les sp\u00e9cialit\u00e9s locales originales au Paraga, un restaurant confortable et nostalgique avec des fours \u00e0 bois.<\/span><\/li>\n<li style=\"font-weight: 400;\" aria-level=\"1\"><span style=\"font-weight: 400;\">Derri\u00e8re un beau mur d&rsquo;un b\u00e2timent v\u00e9nitien, vous trouverez une cour pittoresque de Marco Polo Mansion, inspir\u00e9 par l&rsquo;Andalousie et le sud de la France.<\/span><\/li>\n<li style=\"font-weight: 400;\" aria-level=\"1\"><span style=\"font-weight: 400;\">Les amateurs de fruits de mer vont adorer l&rsquo;abondance de plats aux saveurs grecques \u00e0 Hatzikeli, une taverne de fruits de mer.<\/span><\/li>\n<\/ul>\n<h3><span class=\"ez-toc-section\" id=\"Ou-sejourner-a-Rhodes\"><\/span><b>O\u00f9 s\u00e9journer \u00e0 Rhodes<\/b><span class=\"ez-toc-section-end\"><\/span><\/h3>\n<figure id=\"attachment_1877\" aria-describedby=\"caption-attachment-1877\" style=\"width: 939px\" class=\"wp-caption alignnone\"><img decoding=\"async\" class=\"size-full wp-image-1877\" src=\"http:\/\/eurodirections.com\/wp-content\/uploads\/2022\/04\/lyndos-rhodes-greece.jpg\" alt=\"Plage de la ville de Lyndos, \u00eele de Rhodes Gr\u00e8ce\" width=\"939\" height=\"621\" srcset=\"https:\/\/eurodirections.com\/wp-content\/uploads\/2022\/04\/lyndos-rhodes-greece.jpg 939w, https:\/\/eurodirections.com\/wp-content\/uploads\/2022\/04\/lyndos-rhodes-greece-300x198.jpg 300w, https:\/\/eurodirections.com\/wp-content\/uploads\/2022\/04\/lyndos-rhodes-greece-768x508.jpg 768w, https:\/\/eurodirections.com\/wp-content\/uploads\/2022\/04\/lyndos-rhodes-greece-100x65.jpg 100w\" sizes=\"(max-width: 939px) 100vw, 939px\" \/><figcaption id=\"caption-attachment-1877\" class=\"wp-caption-text\">Plage de la ville de Lyndos, \u00eele de Rhodes, Gr\u00e8ce. Image par Photo-Week.net<\/figcaption><\/figure>\n<ul>\n<li style=\"font-weight: 400;\" aria-level=\"1\"><span style=\"font-weight: 400;\">Transformez vos vacances en moments divins au Nama Retreat, un h\u00f4tel 5 \u00e9toiles exquis.<\/span><\/li>\n<li style=\"font-weight: 400;\" aria-level=\"1\"><span style=\"font-weight: 400;\">Kolymbia Bay Art &#8211; H\u00f4tel de vill\u00e9giature 4 \u00e9toiles r\u00e9serv\u00e9 aux adultes se trouve \u00e0 seulement 2 minutes \u00e0 pied de la plage. une excellente option pour vos vacances inoubliables.<\/span><\/li>\n<li style=\"font-weight: 400;\" aria-level=\"1\"><span style=\"font-weight: 400;\">Un h\u00f4tel international 3 \u00e9toiles est votre choix si vous souhaitez b\u00e9n\u00e9ficier du confort \u00e0 un prix raisonnable.<\/span><\/li>\n<li style=\"font-weight: 400;\" aria-level=\"1\"><span style=\"font-weight: 400;\">L&rsquo;auberge Stay sera un excellent endroit pour les personnes seules ou les groupes qui voyagent en tant qu&rsquo;h\u00e9bergement \u00e9conomique. <\/span><\/li>\n<li style=\"font-weight: 400;\" aria-level=\"1\"><span style=\"font-weight: 400;\">Choisissez de s\u00e9journer \u00e0 Lindos, le paradis sur terre avec l&rsquo;adorable F Charm Hotel &#8211; Adultes seulement avec une ambiance authentique.<\/span><\/li>\n<\/ul>\n<h3><span class=\"ez-toc-section\" id=\"Carte-des-hotels-de-Rhodes-Island-avec-prix\"><\/span>Carte des h\u00f4tels de Rhodes Island avec prix<span class=\"ez-toc-section-end\"><\/span><\/h3>\n<p><script src=\"\/\/tp.media\/content?0=0&amp;1=10&amp;promo_id=4285&amp;shmarker=14350.rhodesmap&amp;campaign_id=101&amp;search_host=search.hotellook.com&amp;locale=en&amp;currency=eur&amp;draggable=true&amp;disable_zoom=false&amp;show_logo=false&amp;scrollwheel=false&amp;color=%23F56E14&amp;contrast_color=%23ffffff&amp;width=720&amp;height=500&amp;zoom=13&amp;radius=60&amp;stars=0%2C1%2C2%2C3%2C4%2C5&amp;price_from=&amp;price_to=&amp;lat=36.44288&amp;lng=28.22654\" charset=\"utf-8\"><\/script><\/p>\n<h3><span class=\"ez-toc-section\" id=\"Liste-des-vols-bon-marche-vers-Rhodes\"><\/span>Liste des vols bon march\u00e9 vers Rhodes<span class=\"ez-toc-section-end\"><\/span><\/h3>\n<p><script src=\"https:\/\/tp.media\/content?currency=eur&amp;promo_id=4044&amp;shmarker=14350&amp;campaign_id=100&amp;trs=147545&amp;target_host=air.eurodirections.com%2Fflights&amp;locale=en&amp;limit=12&amp;powered_by=false&amp;primary=%230085FF&amp;destination=RHO\" charset=\"utf-8\"><\/script><\/p>\n<p><a title=\"Tous les vols \u00e0 destination de Rhodes\" href=\"https:\/\/eurodirections.com\/fr\/vols-rhodes-grece\/\" target=\"_blank\" rel=\"noopener\">D\u00e9couvrez tous les vols directs vers Rhodes, Gr\u00e8ce<\/a> &#8211; Comparez les prix des billets d&rsquo;avion pour Rhodes sur des plateformes de r\u00e9servation en ligne s\u00e9curis\u00e9es et des agences de voyage.<\/p>\n<p><script type=\"application\/ld+json\">\n    {\n      \"@context\": \"https:\/\/schema.org\",\n      \"@type\": \"FAQPage\",\n      \"@id\" : \"#faq\",\n      \"url\" : \"https:\/\/www.eurodirections.com\/rhodes\/\",\n      \"name\" : \"Rhodes Travel FAQ\",\n      \"mainEntity\": [{\n        \"@type\": \"Question\",\n        \"name\": \"Things to do in Rhodes?\",\n        \"acceptedAnswer\": {\n          \"@type\": \"Answer\",\n          \"text\": \"The list of things not to miss in Rhodes:\nWander about the ancient Acropolis of Lindos with the ruins spread across the coastline. \nDon\u2019t miss out on St Paul\u2019s Beach, a picture-perfect beach with pure waters and glowing gold sand.\nTreat your body with Kalithea hot springs with curative properties.\nFill the unimaginable romance in the Valley of Butterflies filled with colorful butterflies from late June to mid-August. \nEmbrace the beauty of the sunset strolling about the Rhodes Old Town.\nFind a beautiful Tsambika Monastery, a pure white church with a red roof and a fantastic view of the mountains.\"\n        }\n      }, {\n        \"@type\": \"Question\",\n        \"name\": \"What to eat like a local in Rhodes?\",\n        \"acceptedAnswer\": {\n          \"@type\": \"Answer\",\n          \"text\": \"Eat and feel like a local in Rhodes:\nFind the best meze in the Traditional Cafe Symi located in the New Market.\nTry exclusive dishes served in the most attractive way in Noble Gourmet Restaurant.\nTaste all the original local delicacies in Paraga, a cozy and nostalgic restaurant with wood-fired ovens.\nBehind a beautiful wall of a Venetian building, you will find a picturesque courtyard of Marco Polo Mansion, inspired by Andalusia and Southern France.\nThe lovers of seafood will adore the abundance of dishes with Greek flavors in Hatzikeli, a seafood tavern.\"\n        }\n      }\n]\n    }\n<\/script><\/p>\n<p><script type=\"application\/ld+json\">\n{\n    \"@context\": \"http:\/\/schema.org\",\n    \"@type\": \"WebPage\",\n    \"name\": \"Rhodes bucket list\",\n    \"description\": \"Explore the bucket list of Rhodes island, Greece. Get to know what are the most authentic places, what restaurants to choose and what to do in Rhodes.\",\n    \"publisher\": {\n        \"@type\": \"WebPage\",\n        \"name\": \"Eurodirections.com\"\n    }\n}\n<\/script><\/p>\n<blockquote><p><strong>Vous aimez la Gr\u00e8ce ?<\/strong> Poursuivez votre lecture sur <a title=\"Explorez Ath\u00e8nes, Gr\u00e8ce\" href=\"https:\/\/eurodirections.com\/athens\/\" data-schema-attribute=\"about\">Ath\u00e8nes<\/a>, <a title=\"Liste de choses \u00e0 faire \u00e0 Patras, en Gr\u00e8ce\" href=\"https:\/\/eurodirections.com\/patras\/\" data-schema-attribute=\"about\">Patras<\/a> <a title=\"Liste de choses \u00e0 faire \u00e0 Thessalonique\" href=\"https:\/\/eurodirections.com\/thessaloniki\/\" data-schema-attribute=\"about\">Thessalonique<\/a>, <a title=\"Guide de voyage et liste de choses \u00e0 faire \u00e0 Kavala\" href=\"https:\/\/eurodirections.com\/kavala\/\" data-schema-attribute=\"about\">Kavala<\/a> et <a title=\"Liste de choses \u00e0 faire \u00e0 H\u00e9raklion, Cr\u00e8te, Gr\u00e8ce\" href=\"https:\/\/eurodirections.com\/heraklion\/\" data-schema-attribute=\"about\">H\u00e9raklion<\/a>.<br \/>\n<strong>Lire aussi :<\/strong> <a title=\"Aper\u00e7u de 6 villes merveilleuses de Gr\u00e8ce\" href=\"https:\/\/eurodirections.com\/explore-cities-of-greece\/\" target=\"_blank\" rel=\"noopener\" data-schema-attribute=\"mentions\">6 villes merveilleuses de Gr\u00e8ce<\/a><\/p><\/blockquote>\n","protected":false},"excerpt":{"rendered":"<p>Explorer Rhodes : liste de choses \u00e0 faire pour les touristes Rhodes est la plus grande des \u00eeles du Dod\u00e9can\u00e8se, visit\u00e9e par plus de 2 millions de touristes chaque ann\u00e9e. La magnifique \u00eele grecque n&rsquo;est pas seulement une baignade et une nature \u00e0 couper le souffle, mais une vieille ville class\u00e9e au patrimoine mondial de [&hellip;]<\/p>\n","protected":false},"author":1,"featured_media":3555,"parent":0,"menu_order":0,"comment_status":"closed","ping_status":"closed","template":"","meta":{"footnotes":""},"class_list":["post-16055","page","type-page","status-publish","has-post-thumbnail","hentry"],"_links":{"self":[{"href":"https:\/\/eurodirections.com\/fr\/wp-json\/wp\/v2\/pages\/16055","targetHints":{"allow":["GET"]}}],"collection":[{"href":"https:\/\/eurodirections.com\/fr\/wp-json\/wp\/v2\/pages"}],"about":[{"href":"https:\/\/eurodirections.com\/fr\/wp-json\/wp\/v2\/types\/page"}],"author":[{"embeddable":true,"href":"https:\/\/eurodirections.com\/fr\/wp-json\/wp\/v2\/users\/1"}],"replies":[{"embeddable":true,"href":"https:\/\/eurodirections.com\/fr\/wp-json\/wp\/v2\/comments?post=16055"}],"version-history":[{"count":0,"href":"https:\/\/eurodirections.com\/fr\/wp-json\/wp\/v2\/pages\/16055\/revisions"}],"wp:featuredmedia":[{"embeddable":true,"href":"https:\/\/eurodirections.com\/fr\/wp-json\/wp\/v2\/media\/3555"}],"wp:attachment":[{"href":"https:\/\/eurodirections.com\/fr\/wp-json\/wp\/v2\/media?parent=16055"}],"curies":[{"name":"wp","href":"https:\/\/api.w.org\/{rel}","templated":true}]}}