{"id":14174,"date":"2022-04-03T18:31:04","date_gmt":"2022-04-03T18:31:04","guid":{"rendered":"https:\/\/eurodirections.com\/les-meilleures-villes-deurope\/"},"modified":"2023-02-02T14:50:56","modified_gmt":"2023-02-02T14:50:56","slug":"les-meilleures-villes-deurope","status":"publish","type":"page","link":"https:\/\/eurodirections.com\/fr\/les-meilleures-villes-deurope\/","title":{"rendered":"Les meilleures villes d&rsquo;Europe"},"content":{"rendered":"<p><strong>Explorez les meilleures villes europ\u00e9ennes,<\/strong> s\u00e9lectionn\u00e9es par nos \u00e9diteurs pour une exp\u00e9rience de voyage incroyable. Notre liste des meilleures villes d&rsquo;Europe comprend 100 destinations avec des informations pr\u00e9s\u00e9lectionn\u00e9es et des guides pour les voyageurs, des informations sur la recherche de billets, des suggestions d&rsquo;h\u00f4tels, des s\u00e9lections de caf\u00e9s et de restaurants, et plus encore.<\/p>\n<h3>Consultez les meilleures villes d&rsquo;Europe :<\/h3>\n<table>\n<tbody>\n<tr>\n<td><a href=\"https:\/\/eurodirections.com\/amsterdam\"><span style=\"font-weight: 400;\">Amsterdam, Pays-Bas<\/span><\/a><\/td>\n<\/tr>\n<tr>\n<td><a href=\"https:\/\/eurodirections.com\/brno\/\"><span style=\"font-weight: 400;\">Brno, R\u00e9publique tch\u00e8que<\/span><\/a><\/td>\n<\/tr>\n<tr>\n<td><a href=\"https:\/\/eurodirections.com\/gyumri\/\"><span style=\"font-weight: 400;\">Gyumri, Arm\u00e9nie<\/span><\/a><\/td>\n<\/tr>\n<tr>\n<td><a href=\"https:\/\/eurodirections.com\/lyon\/\"><span style=\"font-weight: 400;\">Lyon, France<\/span><\/a><\/td>\n<\/tr>\n<tr>\n<td><a href=\"https:\/\/eurodirections.com\/yerevan\/\"><span style=\"font-weight: 400;\">Erevan, Arm\u00e9nie<\/span><\/a><\/td>\n<\/tr>\n<tr>\n<td><a href=\"https:\/\/eurodirections.com\/kavala\/\"><span style=\"font-weight: 400;\">Kavala, Gr\u00e8ce<\/span><\/a><\/td>\n<\/tr>\n<tr>\n<td><a href=\"https:\/\/eurodirections.com\/riga\/\"><span style=\"font-weight: 400;\">Riga, Lettonie<\/span><\/a><\/td>\n<\/tr>\n<tr>\n<td><a href=\"https:\/\/eurodirections.com\/valencia\/\"><span style=\"font-weight: 400;\">Valence, Espagne<\/span><\/a><\/td>\n<\/tr>\n<tr>\n<td><a href=\"https:\/\/eurodirections.com\/best-destinations-for-getting-lost-in-the-nature\/#Innsbruck-Austria\"><span style=\"font-weight: 400;\">Innsbruck, Autriche<\/span><\/a><\/td>\n<\/tr>\n<tr>\n<td><a href=\"https:\/\/eurodirections.com\/toulouse\/\"><span style=\"font-weight: 400;\">Toulouse, France<\/span><\/a><\/td>\n<\/tr>\n<tr>\n<td><a href=\"https:\/\/eurodirections.com\/patras\/\"><span style=\"font-weight: 400;\">Patras, Gr\u00e8ce<\/span><\/a><\/td>\n<\/tr>\n<tr>\n<td><a href=\"https:\/\/eurodirections.com\/thessaloniki\/\"><span style=\"font-weight: 400;\">Thessalonique, Gr\u00e8ce<\/span><\/a><\/td>\n<\/tr>\n<tr>\n<td><a href=\"https:\/\/eurodirections.com\/rome\/\"><span style=\"font-weight: 400;\">Rome, Italie<\/span><\/a><\/td>\n<\/tr>\n<tr>\n<td><a href=\"https:\/\/eurodirections.com\/brussels-bucket-list\/\"><span style=\"font-weight: 400;\">Bruxelles, Belgique<\/span><\/a><\/td>\n<\/tr>\n<tr>\n<td><a href=\"https:\/\/eurodirections.com\/explore-tallinn\"><span style=\"font-weight: 400;\">Tallinn, Estonie<\/span><\/a><\/td>\n<\/tr>\n<tr>\n<td><a href=\"https:\/\/eurodirections.com\/nicosia\/\"><span style=\"font-weight: 400;\">Nicosie, Chypre<\/span><\/a><\/td>\n<\/tr>\n<tr>\n<td><a href=\"https:\/\/eurodirections.com\/best-destinations-for-getting-lost-in-the-nature\/#Pamplona-Spain\"><span style=\"font-weight: 400;\">Pamplona, Espagne<\/span><\/a><\/td>\n<\/tr>\n<tr>\n<td><a href=\"https:\/\/eurodirections.com\/constanta-bucket-list\/\"><span style=\"font-weight: 400;\">Constan\u021ba, Roumanie<\/span><\/a><\/td>\n<\/tr>\n<tr>\n<td><a href=\"https:\/\/eurodirections.com\/cluj-napoca-bucket-list\/\"><span style=\"font-weight: 400;\">Cluj Napoca, Roumanie<\/span><\/a><\/td>\n<\/tr>\n<tr>\n<td><a href=\"https:\/\/eurodirections.com\/batumi\/\"><span style=\"font-weight: 400;\">Batumi, G\u00e9orgie<\/span><\/a><\/td>\n<\/tr>\n<tr>\n<td><a href=\"https:\/\/eurodirections.com\/tirana\/\"><span style=\"font-weight: 400;\">Tirana, Albanie<\/span><\/a><\/td>\n<\/tr>\n<\/tbody>\n<\/table>\n<table>\n<tbody>\n<tr>\n<td><a href=\"https:\/\/eurodirections.com\/florence-bucket-list\/\"><span style=\"font-weight: 400;\">Florence, Italie<\/span><\/a><\/td>\n<\/tr>\n<tr>\n<td><a href=\"https:\/\/eurodirections.com\/graz\/\"><span style=\"font-weight: 400;\">Graz, Autriche<\/span><\/a><\/td>\n<\/tr>\n<tr>\n<td><a href=\"https:\/\/eurodirections.com\/heraklion\/\"><span style=\"font-weight: 400;\">Heraklion, Gr\u00e8ce<\/span><\/a><\/td>\n<\/tr>\n<tr>\n<td><a href=\"https:\/\/eurodirections.com\/visit-durres-albania\/\"><span style=\"font-weight: 400;\">Durr\u00ebs, Albanie<\/span><\/a><\/td>\n<\/tr>\n<tr>\n<td><a href=\"https:\/\/eurodirections.com\/luxembourg\/\"><span style=\"font-weight: 400;\">Luxembourg<\/span><\/a><\/td>\n<\/tr>\n<tr>\n<td><a href=\"https:\/\/eurodirections.com\/liechtenstein\/\"><span style=\"font-weight: 400;\">Liechtenstein<\/span><\/a><\/td>\n<\/tr>\n<tr>\n<td><a href=\"https:\/\/eurodirections.com\/malaga\/\"><span style=\"font-weight: 400;\">Malaga, Espagne<\/span><\/a><\/td>\n<\/tr>\n<tr>\n<td><a href=\"https:\/\/eurodirections.com\/madrid\/\"><span style=\"font-weight: 400;\">Madrid, Espagne<\/span><\/a><\/td>\n<\/tr>\n<tr>\n<td><a href=\"https:\/\/eurodirections.com\/marseille\/\"><span style=\"font-weight: 400;\">Marseille, France<\/span><\/a><\/td>\n<\/tr>\n<tr>\n<td><a href=\"https:\/\/eurodirections.com\/bergen-bucket-list\/\"><span style=\"font-weight: 400;\">Bergen, Norv\u00e8ge<\/span><\/a><\/td>\n<\/tr>\n<tr>\n<td><a href=\"https:\/\/eurodirections.com\/prague\/\"><span style=\"font-weight: 400;\">Prague, R\u00e9publique tch\u00e8que<\/span><\/a><\/td>\n<\/tr>\n<tr>\n<td><a href=\"https:\/\/eurodirections.com\/larissa\"><span style=\"font-weight: 400;\">Larissa, Gr\u00e8ce<\/span><\/a><\/td>\n<\/tr>\n<tr>\n<td><a href=\"https:\/\/eurodirections.com\/milan\/\"><span style=\"font-weight: 400;\">Milan, Italie<\/span><\/a><\/td>\n<\/tr>\n<tr>\n<td><a href=\"https:\/\/eurodirections.com\/vilnius\/\"><span style=\"font-weight: 400;\">Vilnius, Lituanie<\/span><\/a><\/td>\n<\/tr>\n<tr>\n<td><a href=\"https:\/\/eurodirections.com\/limassol\/\"><span style=\"font-weight: 400;\">Limassol, Chypre<\/span><\/a><\/td>\n<\/tr>\n<tr>\n<td><a href=\"https:\/\/eurodirections.com\/herceg-novi-bucket-list\/\"><span style=\"font-weight: 400;\">Herceg Novi, Mont\u00e9n\u00e9gro<\/span><\/a><\/td>\n<\/tr>\n<tr>\n<td><a href=\"https:\/\/eurodirections.com\/vienna\/\"><span style=\"font-weight: 400;\">Vienne, Autriche<\/span><\/a><\/td>\n<\/tr>\n<tr>\n<td><a href=\"https:\/\/eurodirections.com\/london\"><span style=\"font-weight: 400;\">Londres, Angleterre<\/span><\/a><\/td>\n<\/tr>\n<tr>\n<td><a href=\"https:\/\/eurodirections.com\/san-marino-bucket-list\/\"><span style=\"font-weight: 400;\">Saint-Marin<\/span><\/a><\/td>\n<\/tr>\n<tr>\n<td><a href=\"https:\/\/eurodirections.com\/venice\"><span style=\"font-weight: 400;\">Venise, Italie<\/span><\/a><\/td>\n<\/tr>\n<tr>\n<td><a href=\"https:\/\/eurodirections.com\/dublin\"><span style=\"font-weight: 400;\">Dublin, Irlande<\/span><\/a><\/td>\n<\/tr>\n<\/tbody>\n<\/table>\n<table>\n<tbody>\n<tr>\n<td><a href=\"https:\/\/eurodirections.com\/podgorica-sights-and-guide\/\">Podgorica, Mont\u00e9n\u00e9gro<\/a><\/td>\n<\/tr>\n<tr>\n<td><a href=\"https:\/\/eurodirections.com\/best-destinations-for-getting-lost-in-the-nature\/#Grenoble-France\">Grenoble, France<\/a><\/td>\n<\/tr>\n<tr>\n<td><a href=\"https:\/\/eurodirections.com\/budva\/\">Budva, Mont\u00e9n\u00e9gro<\/a><\/td>\n<\/tr>\n<tr>\n<td><a href=\"https:\/\/eurodirections.com\/dublin\">Liechtenstein<\/a><\/td>\n<\/tr>\n<tr>\n<td><a href=\"https:\/\/eurodirections.com\/lisbon\/\">Lisbonne, Portugal<\/a><\/td>\n<\/tr>\n<tr>\n<td><a href=\"https:\/\/eurodirections.com\/athens\/\">Ath\u00e8nes, Gr\u00e8ce<\/a><\/td>\n<\/tr>\n<tr>\n<td><a href=\"https:\/\/eurodirections.com\/barcelona\/\">Barcelone, Espagne<\/a><\/td>\n<\/tr>\n<tr>\n<td><a href=\"https:\/\/eurodirections.com\/nantes\/\">Nantes, France<\/a><\/td>\n<\/tr>\n<tr>\n<td><a href=\"https:\/\/eurodirections.com\/reykjavik\/\">Reykjavik, Islande<\/a><\/td>\n<\/tr>\n<tr>\n<td><a href=\"https:\/\/eurodirections.com\/genoa\/\">G\u00eanes, Italie<\/a><\/td>\n<\/tr>\n<tr>\n<td><a href=\"https:\/\/eurodirections.com\/larnaca\/\">Larnaca, Chypre<\/a><\/td>\n<\/tr>\n<tr>\n<td><a href=\"https:\/\/eurodirections.com\/malta\/\">Valetta, Malte<\/a><\/td>\n<\/tr>\n<tr>\n<td><a href=\"https:\/\/eurodirections.com\/antwerp-tourist-attractions\/\">Anvers, Belgique<\/a><\/td>\n<\/tr>\n<tr>\n<td><a href=\"https:\/\/eurodirections.com\/best-destinations-for-getting-lost-in-the-nature\/#Dilijan-Armenia\">Dilijan, Arm\u00e9nie<\/a><\/td>\n<\/tr>\n<\/tbody>\n<\/table>\n<h3>Voyage \u00e0 travers les villes europ\u00e9ennes<\/h3>\n<p>Gr\u00e2ce \u00e0 notre service de recherche de vols intelligent, vous pouvez trouver les meilleurs billets d&rsquo;avion pour des vols depuis n&rsquo;importe quel point du monde vers votre destination. Recherchez, comparez et filtrez les vols, les compagnies a\u00e9riennes, les agences de voyage et les syst\u00e8mes de r\u00e9servation en ligne. Vous d\u00e9finissez l&#8217;emplacement &#8211; nous trouvons les prix les moins chers pour les billets d&rsquo;avion !  <\/p>\n<p><script src=\"\/\/tp.media\/content?currency=eur&#038;promo_id=7879&#038;shmarker=14350&#038;campaign_id=100&#038;trs=147545&#038;combine_promos=101_7873&#038;show_hotels=true&#038;searchUrl=air.eurodirections.com%2Fflights&#038;border_radius=0&#038;plain=true&#038;primary=%23FF8E01&#038;secondary=%23FFFFFF&#038;dark=%23262626&#038;light=%23FFFFFF&#038;special=%23E0E0E0&#038;no_labels=&#038;locale=fr&#038;powered_by=false\" charset=\"utf-8\"><\/script><\/p>\n<p><script type=\"application\/ld+json\">\n{\n    \"@context\": \"http:\/\/schema.org\",\n    \"@type\": \"WebPage\",\n    \"name\": \"Best cities of Europe\",\n    \"description\": \"Explore the best cities in Europe for traveling and journeys. Editor's picked list of 100 selected destinations in Europe with traveler bucket lists and most important things to do.\",\n    \"publisher\": {\n        \"@type\": \"WebPage\",\n        \"name\": \"Eurodirections.com\"\n    }\n}\n<\/script><\/p>\n","protected":false},"excerpt":{"rendered":"<p>Explorez les meilleures villes europ\u00e9ennes, s\u00e9lectionn\u00e9es par nos \u00e9diteurs pour une exp\u00e9rience de voyage incroyable. Notre liste des meilleures villes d&rsquo;Europe comprend 100 destinations avec des informations pr\u00e9s\u00e9lectionn\u00e9es et des guides pour les voyageurs, des informations sur la recherche de billets, des suggestions d&rsquo;h\u00f4tels, des s\u00e9lections de caf\u00e9s et de restaurants, et plus encore. Consultez [&hellip;]<\/p>\n","protected":false},"author":1,"featured_media":3350,"parent":0,"menu_order":0,"comment_status":"closed","ping_status":"closed","template":"","meta":{"footnotes":""},"class_list":["post-14174","page","type-page","status-publish","has-post-thumbnail","hentry"],"_links":{"self":[{"href":"https:\/\/eurodirections.com\/fr\/wp-json\/wp\/v2\/pages\/14174","targetHints":{"allow":["GET"]}}],"collection":[{"href":"https:\/\/eurodirections.com\/fr\/wp-json\/wp\/v2\/pages"}],"about":[{"href":"https:\/\/eurodirections.com\/fr\/wp-json\/wp\/v2\/types\/page"}],"author":[{"embeddable":true,"href":"https:\/\/eurodirections.com\/fr\/wp-json\/wp\/v2\/users\/1"}],"replies":[{"embeddable":true,"href":"https:\/\/eurodirections.com\/fr\/wp-json\/wp\/v2\/comments?post=14174"}],"version-history":[{"count":0,"href":"https:\/\/eurodirections.com\/fr\/wp-json\/wp\/v2\/pages\/14174\/revisions"}],"wp:featuredmedia":[{"embeddable":true,"href":"https:\/\/eurodirections.com\/fr\/wp-json\/wp\/v2\/media\/3350"}],"wp:attachment":[{"href":"https:\/\/eurodirections.com\/fr\/wp-json\/wp\/v2\/media?parent=14174"}],"curies":[{"name":"wp","href":"https:\/\/api.w.org\/{rel}","templated":true}]}}