{"id":13463,"date":"2022-12-09T09:27:35","date_gmt":"2022-12-09T09:27:35","guid":{"rendered":"https:\/\/eurodirections.com\/hotels\/"},"modified":"2023-01-25T10:37:47","modified_gmt":"2023-01-25T10:37:47","slug":"hotels","status":"publish","type":"page","link":"https:\/\/eurodirections.com\/fr\/hotels\/","title":{"rendered":"H\u00f4tels"},"content":{"rendered":"\t\t<div data-elementor-type=\"wp-page\" data-elementor-id=\"13463\" class=\"elementor elementor-13463\">\n\t\t\t\t\t\t<section class=\"elementor-section elementor-top-section elementor-element elementor-element-d468925 elementor-section-boxed elementor-section-height-default elementor-section-height-default\" data-id=\"d468925\" data-element_type=\"section\" data-e-type=\"section\">\n\t\t\t\t\t\t<div class=\"elementor-container elementor-column-gap-default\">\n\t\t\t\t\t<div class=\"elementor-column elementor-col-100 elementor-top-column elementor-element elementor-element-319ad72\" data-id=\"319ad72\" data-element_type=\"column\" data-e-type=\"column\">\n\t\t\t<div class=\"elementor-widget-wrap elementor-element-populated\">\n\t\t\t\t\t\t<div class=\"elementor-element elementor-element-c6ffbb3 elementor-widget__width-inherit elementor-widget elementor-widget-text-editor\" data-id=\"c6ffbb3\" data-element_type=\"widget\" data-e-type=\"widget\" data-widget_type=\"text-editor.default\">\n\t\t\t\t<div class=\"elementor-widget-container\">\n\t\t\t\t\t\t\t\t\t<p>A la recherche d&rsquo;h\u00f4tels ou d&rsquo;appartements confortables ? Comparez tous les prix sur Internet en utilisant notre service de recherche d&rsquo;h\u00f4tels &#8211; planifiez votre voyage et \u00e9conomisez votre argent pour voyager \u00e0 travers l&rsquo;Europe. <\/p>\n\t\t\t\t\t\t\t\t<\/div>\n\t\t\t\t<\/div>\n\t\t\t\t\t<\/div>\n\t\t<\/div>\n\t\t\t\t\t<\/div>\n\t\t<\/section>\n\t\t\t\t<section class=\"elementor-section elementor-top-section elementor-element elementor-element-f900ca2 elementor-section-boxed elementor-section-height-default elementor-section-height-default\" data-id=\"f900ca2\" data-element_type=\"section\" data-e-type=\"section\">\n\t\t\t\t\t\t<div class=\"elementor-container elementor-column-gap-default\">\n\t\t\t\t\t<div class=\"elementor-column elementor-col-100 elementor-top-column elementor-element elementor-element-2434b85\" data-id=\"2434b85\" data-element_type=\"column\" data-e-type=\"column\">\n\t\t\t<div class=\"elementor-widget-wrap elementor-element-populated\">\n\t\t\t\t\t\t<div class=\"elementor-element elementor-element-713ba2b elementor-widget elementor-widget-html\" data-id=\"713ba2b\" data-element_type=\"widget\" data-e-type=\"widget\" data-widget_type=\"html.default\">\n\t\t\t\t<div class=\"elementor-widget-container\">\n\t\t\t\t\t<center>\n    \n    <script charset=\"utf-8\" src=\"\/\/www.travelpayouts.com\/widgets\/b0f062210a076eb373f5c08877774ae6.js?v=2203\" async=\"\"><\/script>\n\n<\/center>\t\t\t\t<\/div>\n\t\t\t\t<\/div>\n\t\t\t\t\t<\/div>\n\t\t<\/div>\n\t\t\t\t\t<\/div>\n\t\t<\/section>\n\t\t\t\t<section class=\"elementor-section elementor-top-section elementor-element elementor-element-f9ae27d elementor-section-boxed elementor-section-height-default elementor-section-height-default\" data-id=\"f9ae27d\" data-element_type=\"section\" data-e-type=\"section\">\n\t\t\t\t\t\t<div class=\"elementor-container elementor-column-gap-default\">\n\t\t\t\t\t<div class=\"elementor-column elementor-col-100 elementor-top-column elementor-element elementor-element-ac118d8\" data-id=\"ac118d8\" data-element_type=\"column\" data-e-type=\"column\">\n\t\t\t<div class=\"elementor-widget-wrap elementor-element-populated\">\n\t\t\t\t\t\t<div class=\"elementor-element elementor-element-a6ea89b elementor-widget elementor-widget-heading\" data-id=\"a6ea89b\" data-element_type=\"widget\" data-e-type=\"widget\" data-widget_type=\"heading.default\">\n\t\t\t\t<div class=\"elementor-widget-container\">\n\t\t\t\t\t<h2 class=\"elementor-heading-title elementor-size-default\">Les meilleurs h\u00f4tels de Barcelone<\/h2>\t\t\t\t<\/div>\n\t\t\t\t<\/div>\n\t\t\t\t\t<\/div>\n\t\t<\/div>\n\t\t\t\t\t<\/div>\n\t\t<\/section>\n\t\t\t\t<section class=\"elementor-section elementor-top-section elementor-element elementor-element-2685ed5 elementor-section-boxed elementor-section-height-default elementor-section-height-default\" data-id=\"2685ed5\" data-element_type=\"section\" data-e-type=\"section\">\n\t\t\t\t\t\t<div class=\"elementor-container elementor-column-gap-default\">\n\t\t\t\t\t<div class=\"elementor-column elementor-col-100 elementor-top-column elementor-element elementor-element-10de6c2\" data-id=\"10de6c2\" data-element_type=\"column\" data-e-type=\"column\">\n\t\t\t<div class=\"elementor-widget-wrap elementor-element-populated\">\n\t\t\t\t\t\t<div class=\"elementor-element elementor-element-f238096 elementor-widget elementor-widget-html\" data-id=\"f238096\" data-element_type=\"widget\" data-e-type=\"widget\" data-widget_type=\"html.default\">\n\t\t\t\t<div class=\"elementor-widget-container\">\n\t\t\t\t\t<script src=\"https:\/\/www.travelpayouts.com\/blissey\/scripts_en.js?currency=eur&categories=center%2Cpopularity%2Cprice&id=3196&type=compact&marker=14350&trs=147545&powered_by=false&host=air.eurodirections.com%2Fhotels&locale=en&limit=10&nobooking=\" charset=\"utf-8\"><\/script>\t\t\t\t<\/div>\n\t\t\t\t<\/div>\n\t\t\t\t\t<\/div>\n\t\t<\/div>\n\t\t\t\t\t<\/div>\n\t\t<\/section>\n\t\t\t\t<section class=\"elementor-section elementor-top-section elementor-element elementor-element-825c3bf elementor-section-boxed elementor-section-height-default elementor-section-height-default\" data-id=\"825c3bf\" data-element_type=\"section\" data-e-type=\"section\">\n\t\t\t\t\t\t<div class=\"elementor-container elementor-column-gap-default\">\n\t\t\t\t\t<div class=\"elementor-column elementor-col-100 elementor-top-column elementor-element elementor-element-ff09586\" data-id=\"ff09586\" data-element_type=\"column\" data-e-type=\"column\">\n\t\t\t<div class=\"elementor-widget-wrap elementor-element-populated\">\n\t\t\t\t\t\t<div class=\"elementor-element elementor-element-515a136 elementor-widget elementor-widget-text-editor\" data-id=\"515a136\" data-element_type=\"widget\" data-e-type=\"widget\" data-widget_type=\"text-editor.default\">\n\t\t\t\t<div class=\"elementor-widget-container\">\n\t\t\t\t\t\t\t\t\t<h3>Comment trouver des h\u00f4tels bon march\u00e9 en ligne ?<\/h3><p>Il existe plusieurs fa\u00e7ons de trouver des h\u00f4tels bon march\u00e9 en ligne, dont l&rsquo;une consiste \u00e0 utiliser un site Web de comparaison d&rsquo;h\u00f4tels comme Euro Directions qui recherche plusieurs plateformes de r\u00e9servation et compare les prix pour trouver les meilleures offres.<\/p><ol><li>Rendez-vous sur un site de comparaison d&rsquo;h\u00f4tels comme Euro Directions et entrez votre destination ou sp\u00e9cifiez l&rsquo;h\u00f4tel dans lequel vous souhaitez s\u00e9journer.<\/li><li>Appuyez sur le bouton de recherche pour afficher une liste des h\u00f4tels, auberges et chambres d&rsquo;h\u00f4tes disponibles dans cette zone.<\/li><li>Comparez les prix et les \u00e9valuations des h\u00f4tels pour trouver les meilleures offres et l&rsquo;h\u00e9bergement le plus adapt\u00e9 \u00e0 vos besoins.<\/li><li>V\u00e9rifiez si des promotions ou des r\u00e9ductions sont disponibles<\/li><li>Lisez les avis d&rsquo;autres voyageurs avant de faire une r\u00e9servation.<\/li><li>Une fois que vous avez trouv\u00e9 un h\u00f4tel qui vous convient, proc\u00e9dez \u00e0 la r\u00e9servation sur le syst\u00e8me de r\u00e9servation qui vous a propos\u00e9 le meilleur prix et le meilleur h\u00e9bergement.<\/li><\/ol><p>Parcourez les destinations les plus populaires o\u00f9 les utilisateurs recherchent des h\u00f4tels pas chers sur Euro Directions :<\/p><ul><li><a href=\"https:\/\/eurodirections.com\/fr\/hotels-populaires-a-toulouse\/\" target=\"_blank\" rel=\"noopener\">H\u00f4tels populaires de Toulouse<\/a><\/li><li><a href=\"https:\/\/eurodirections.com\/larnaca-cheap-hotels-guide\/\" target=\"_blank\" rel=\"noopener\">Guide et carte des h\u00f4tels de Larnaca<\/a><\/li><li><a href=\"https:\/\/eurodirections.com\/10-cheap-popular-hotels-in-malta-with-high-ratings\/\" target=\"_blank\" rel=\"noopener\">H\u00f4tels populaires de Malte<\/a><\/li><li><a href=\"https:\/\/eurodirections.com\/hotels-in-tallinn\/\" target=\"_blank\" rel=\"noopener\">Explorer les h\u00f4tels de Tallinn, Estonie<\/a><\/li><li><a href=\"https:\/\/eurodirections.com\/hotels-in-kavala\/\" target=\"_blank\" rel=\"noopener\">Vous cherchez un h\u00f4tel \u00e0 Kavala, en Gr\u00e8ce ?<\/a><\/li><li><a href=\"https:\/\/eurodirections.com\/fr\/hotels-populaires-a-valence\/\" target=\"_blank\" rel=\"noopener\">H\u00f4tels populaires \u00e0 Valence<\/a><\/li><li><a href=\"https:\/\/eurodirections.com\/popular-hotels-in-tbilisi\/\" target=\"_blank\" rel=\"noopener\">H\u00f4tels bon march\u00e9 et populaires \u00e0 Tbilissi, G\u00e9orgie<\/a><\/li><\/ul><p>\u2014<\/p><p><span style=\"color: #666699;\"><strong>Avis :<\/strong> la plate-forme de planification de voyages Euro Directions est connect\u00e9e au syst\u00e8me de recherche d&rsquo;h\u00f4tels hotellook et fournit les m\u00eames services que le moteur de recherche principal. Nous ne fournissons pas nous-m\u00eames de services de r\u00e9servation en ligne et ne repr\u00e9sentons aucun h\u00f4tel ! Consultez nos conditions pour plus d&rsquo;informations. <\/span><\/p><p><span style=\"color: #999999;\"><strong>Informations de parrainage :<\/strong> les informations contiennent des liens d&rsquo;affiliation, ce qui signifie que si les utilisateurs cliquent sur les liens de l&rsquo;h\u00f4tel et effectuent une r\u00e9servation, notre site Web per\u00e7oit une commission.<\/span><\/p>\t\t\t\t\t\t\t\t<\/div>\n\t\t\t\t<\/div>\n\t\t\t\t\t<\/div>\n\t\t<\/div>\n\t\t\t\t\t<\/div>\n\t\t<\/section>\n\t\t\t\t<\/div>\n\t\t","protected":false},"excerpt":{"rendered":"<p>A la recherche d&rsquo;h\u00f4tels ou d&rsquo;appartements confortables ? Comparez tous les prix sur Internet en utilisant notre service de recherche d&rsquo;h\u00f4tels &#8211; planifiez votre voyage et \u00e9conomisez votre argent pour voyager \u00e0 travers l&rsquo;Europe. Les meilleurs h\u00f4tels de Barcelone Comment trouver des h\u00f4tels bon march\u00e9 en ligne ? Il existe plusieurs fa\u00e7ons de trouver des [&hellip;]<\/p>\n","protected":false},"author":1,"featured_media":0,"parent":0,"menu_order":0,"comment_status":"closed","ping_status":"closed","template":"","meta":{"footnotes":""},"class_list":["post-13463","page","type-page","status-publish","hentry"],"_links":{"self":[{"href":"https:\/\/eurodirections.com\/fr\/wp-json\/wp\/v2\/pages\/13463","targetHints":{"allow":["GET"]}}],"collection":[{"href":"https:\/\/eurodirections.com\/fr\/wp-json\/wp\/v2\/pages"}],"about":[{"href":"https:\/\/eurodirections.com\/fr\/wp-json\/wp\/v2\/types\/page"}],"author":[{"embeddable":true,"href":"https:\/\/eurodirections.com\/fr\/wp-json\/wp\/v2\/users\/1"}],"replies":[{"embeddable":true,"href":"https:\/\/eurodirections.com\/fr\/wp-json\/wp\/v2\/comments?post=13463"}],"version-history":[{"count":0,"href":"https:\/\/eurodirections.com\/fr\/wp-json\/wp\/v2\/pages\/13463\/revisions"}],"wp:attachment":[{"href":"https:\/\/eurodirections.com\/fr\/wp-json\/wp\/v2\/media?parent=13463"}],"curies":[{"name":"wp","href":"https:\/\/api.w.org\/{rel}","templated":true}]}}