{"id":10507,"date":"2023-01-16T21:06:10","date_gmt":"2023-01-16T21:06:10","guid":{"rendered":"https:\/\/eurodirections.com\/calendrier-des-vols-pas-cher-%e2%9c%88\/"},"modified":"2023-01-17T08:18:39","modified_gmt":"2023-01-17T08:18:39","slug":"calendrier-des-vols-pas-cher","status":"publish","type":"page","link":"https:\/\/eurodirections.com\/fr\/calendrier-des-vols-pas-cher\/","title":{"rendered":"Calendrier des vols pas cher"},"content":{"rendered":"<div id=\"ez-toc-container\" class=\"ez-toc-v2_0_82_2 counter-hierarchy ez-toc-counter ez-toc-grey ez-toc-container-direction\">\n<div class=\"ez-toc-title-container\">\n<p class=\"ez-toc-title\" style=\"cursor:inherit\">Table of Contents<\/p>\n<span class=\"ez-toc-title-toggle\"><a href=\"#\" class=\"ez-toc-pull-right ez-toc-btn ez-toc-btn-xs ez-toc-btn-default ez-toc-toggle\" aria-label=\"Toggle Table of Content\"><span class=\"ez-toc-js-icon-con\"><span class=\"\"><span class=\"eztoc-hide\" style=\"display:none;\">Toggle<\/span><span class=\"ez-toc-icon-toggle-span\"><svg style=\"fill: #999;color:#999\" xmlns=\"http:\/\/www.w3.org\/2000\/svg\" class=\"list-377408\" width=\"20px\" height=\"20px\" viewBox=\"0 0 24 24\" fill=\"none\"><path d=\"M6 6H4v2h2V6zm14 0H8v2h12V6zM4 11h2v2H4v-2zm16 0H8v2h12v-2zM4 16h2v2H4v-2zm16 0H8v2h12v-2z\" fill=\"currentColor\"><\/path><\/svg><svg style=\"fill: #999;color:#999\" class=\"arrow-unsorted-368013\" xmlns=\"http:\/\/www.w3.org\/2000\/svg\" width=\"10px\" height=\"10px\" viewBox=\"0 0 24 24\" version=\"1.2\" baseProfile=\"tiny\"><path d=\"M18.2 9.3l-6.2-6.3-6.2 6.3c-.2.2-.3.4-.3.7s.1.5.3.7c.2.2.4.3.7.3h11c.3 0 .5-.1.7-.3.2-.2.3-.5.3-.7s-.1-.5-.3-.7zM5.8 14.7l6.2 6.3 6.2-6.3c.2-.2.3-.5.3-.7s-.1-.5-.3-.7c-.2-.2-.4-.3-.7-.3h-11c-.3 0-.5.1-.7.3-.2.2-.3.5-.3.7s.1.5.3.7z\"\/><\/svg><\/span><\/span><\/span><\/a><\/span><\/div>\n<nav><ul class='ez-toc-list ez-toc-list-level-1 eztoc-toggle-hide-by-default' ><li class='ez-toc-page-1 ez-toc-heading-level-2'><a class=\"ez-toc-link ez-toc-heading-1\" href=\"https:\/\/eurodirections.com\/fr\/calendrier-des-vols-pas-cher\/#Calendrier-des-vols-pas-chers\" >Calendrier des vols pas chers<\/a><ul class='ez-toc-list-level-3' ><li class='ez-toc-heading-level-3'><a class=\"ez-toc-link ez-toc-heading-2\" href=\"https:\/\/eurodirections.com\/fr\/calendrier-des-vols-pas-cher\/#%F0%9F%93%85-Comment-utiliser-le-calendrier-des-vols-pas-chers\" >\ud83d\udcc5 Comment utiliser le calendrier des vols pas chers ?<\/a><\/li><li class='ez-toc-page-1 ez-toc-heading-level-3'><a class=\"ez-toc-link ez-toc-heading-3\" href=\"https:\/\/eurodirections.com\/fr\/calendrier-des-vols-pas-cher\/#%F0%9F%A7%B3-Avantages-dutiliser-un-calendrier-de-vol-pas-cher\" >\ud83e\uddf3 Avantages d&rsquo;utiliser un calendrier de vol pas cher<\/a><\/li><\/ul><\/li><li class='ez-toc-page-1 ez-toc-heading-level-2'><a class=\"ez-toc-link ez-toc-heading-4\" href=\"https:\/\/eurodirections.com\/fr\/calendrier-des-vols-pas-cher\/#Exemple-dutilisation-dun-calendrier-de-vols-pas-cher\" >Exemple d&rsquo;utilisation d&rsquo;un calendrier de vols pas cher<\/a><\/li><\/ul><\/nav><\/div>\n<p>Notre calendrier de vols pas chers est un puissant outil de <strong>planification de voyage<\/strong> qui aide les utilisateurs \u00e0 <strong>comparer et \u00e0 s\u00e9lectionner la meilleure date pour leur vol<\/strong> vers une destination sp\u00e9cifique depuis n&rsquo;importe quel point du monde. Le calendrier permet aux utilisateurs de <strong>rechercher et de comparer facilement les vols<\/strong> de toutes les compagnies a\u00e9riennes, agences de voyages et syst\u00e8mes de r\u00e9servation, et <strong>d&rsquo;identifier les dates les plus rentables pour leur voyage.<\/strong><\/p>\n<h2><span class=\"ez-toc-section\" id=\"Calendrier-des-vols-pas-chers\"><\/span>Calendrier des vols pas chers<span class=\"ez-toc-section-end\"><\/span><\/h2>\n<p><script src=\"\/\/tp.media\/content?currency=eur&amp;promo_id=4041&amp;shmarker=14350&amp;campaign_id=100&amp;trs=147545&amp;searchUrl=air.eurodirections.com%2Fflights&amp;locale=fr&amp;powered_by=false&amp;one_way=true&amp;only_direct=false&amp;period=year&amp;range=1%2C30&amp;primary=%23172940&amp;color_background=%23FFFFFF&amp;achieve=%230F5ABD&amp;dark=%23000000&amp;light=%23FFFFFF&amp;destination=LON\" charset=\"utf-8\"><span data-mce-type=\"bookmark\" style=\"display: inline-block; width: 0px; overflow: hidden; line-height: 0;\" class=\"mce_SELRES_start\">\ufeff<\/span><span data-mce-type=\"bookmark\" style=\"display: inline-block; width: 0px; overflow: hidden; line-height: 0;\" class=\"mce_SELRES_start\">\ufeff<\/span><span data-mce-type=\"bookmark\" style=\"display: inline-block; width: 0px; overflow: hidden; line-height: 0;\" class=\"mce_SELRES_start\">\ufeff<\/span><span data-mce-type=\"bookmark\" style=\"display: inline-block; width: 0px; overflow: hidden; line-height: 0;\" class=\"mce_SELRES_start\">\ufeff<\/span><span data-mce-type=\"bookmark\" style=\"display: inline-block; width: 0px; overflow: hidden; line-height: 0;\" class=\"mce_SELRES_start\">\ufeff<\/span><span data-mce-type=\"bookmark\" style=\"display: inline-block; width: 0px; overflow: hidden; line-height: 0;\" class=\"mce_SELRES_start\">\ufeff<\/span><\/script><\/p>\n<h3><span class=\"ez-toc-section\" id=\"%F0%9F%93%85-Comment-utiliser-le-calendrier-des-vols-pas-chers\"><\/span>\ud83d\udcc5 Comment utiliser le calendrier des vols pas chers ?<span class=\"ez-toc-section-end\"><\/span><\/h3>\n<ol>\n<li>S\u00e9lectionnez votre emplacement en haut \u00e0 gauche du calendrier<\/li>\n<li>Voir le prix le moins cher pour chaque mois pour le vol depuis votre emplacement<\/li>\n<li>Cliquez sur n&rsquo;importe quelle fen\u00eatre mensuelle pour voir la date exacte du vol le moins cher<\/li>\n<li>Vous pouvez cliquer sur la fen\u00eatre de date pour voir les d\u00e9tails du vol<\/li>\n<li>Cliquez sur le bouton des d\u00e9tails du vol pour voir les conditions compl\u00e8tes du vol ou r\u00e9server le billet d&rsquo;avion<\/li>\n<li>Vous pouvez utiliser le param\u00e8tre en haut \u00e0 gauche du calendrier pour changer le type de vol (aller simple ou aller-retour)<\/li>\n<\/ol>\n<p>Avec le calendrier des vols bon march\u00e9, les utilisateurs peuvent <strong>facilement comparer les prix des billets<\/strong> et planifier et organiser leur voyage partout dans le monde. Que vous planifiez un voyage d&rsquo;affaires ou des vacances \u00e0 la plage, notre calendrier de vols est l&rsquo;outil parfait pour vous aider \u00e0 trouver la <strong>meilleure offre sur les tarifs a\u00e9riens.<\/strong><\/p>\n<h3><span class=\"ez-toc-section\" id=\"%F0%9F%A7%B3-Avantages-dutiliser-un-calendrier-de-vol-pas-cher\"><\/span>\ud83e\uddf3 Avantages d&rsquo;utiliser un calendrier de vol pas cher<span class=\"ez-toc-section-end\"><\/span><\/h3>\n<ul>\n<li>Comparer les prix des billets d&rsquo;avion : le calendrier des vols permet aux utilisateurs de comparer facilement les prix de diff\u00e9rentes compagnies a\u00e9riennes, agences de voyages et syst\u00e8mes de r\u00e9servation, ce qui les aide \u00e0 trouver la meilleure offre sur les tarifs a\u00e9riens.<\/li>\n<li>Trouver les meilleures dates : le calendrier permet aux utilisateurs de rechercher des vols \u00e0 diff\u00e9rentes dates, ce qui les aide \u00e0 identifier les dates les plus rentables pour leur voyage.<\/li>\n<li>Interface pratique : le calendrier est facile \u00e0 utiliser et permet aux utilisateurs de planifier et d&rsquo;organiser leur voyage dans un emplacement pratique.<\/li>\n<li>Gagnez du temps : le calendrier \u00e9limine le besoin pour les utilisateurs de rechercher plusieurs sites Web pour trouver la meilleure offre sur les billets d&rsquo;avion, ce qui leur permet d&rsquo;\u00e9conomiser du temps et des efforts.<\/li>\n<li>Obtenez la meilleure offre pour les vols : le calendrier aide les utilisateurs \u00e0 trouver le vol le moins cher et \u00e0 obtenir la meilleure offre pour leur argent.<\/li>\n<li>Pas besoin de plusieurs recherches : Le calendrier vous montre les prix de toutes les compagnies a\u00e9riennes et toutes les dates du mois en un seul endroit, pas besoin de chercher sur plusieurs sites.<\/li>\n<li>Trouvez le meilleur horaire de vol : Le calendrier affiche les horaires de vol, vous pouvez donc choisir celui qui correspond le mieux \u00e0 vos besoins.<\/li>\n<\/ul>\n<h2><span class=\"ez-toc-section\" id=\"Exemple-dutilisation-dun-calendrier-de-vols-pas-cher\"><\/span>Exemple d&rsquo;utilisation d&rsquo;un calendrier de vols pas cher<span class=\"ez-toc-section-end\"><\/span><\/h2>\n<p>L&rsquo;utilisation du calendrier des vols pas chers est facile. Disons que vous planifiez un voyage de New York \u00e0 Londres. Voici un exemple de la fa\u00e7on dont vous pouvez utiliser le calendrier pour trouver la meilleure offre sur les billets d&rsquo;avion :<\/p>\n<figure id=\"attachment_10403\" aria-describedby=\"caption-attachment-10403\" style=\"width: 846px\" class=\"wp-caption alignnone\"><a href=\"https:\/\/eurodirections.com\/calendar\/cheap-flight-calendar-settings-screenshot\/\" rel=\"attachment wp-att-10403\"><img fetchpriority=\"high\" decoding=\"async\" class=\"size-full wp-image-10403\" src=\"https:\/\/eurodirections.com\/wp-content\/uploads\/2023\/01\/cheap-flight-calendar-settings-screenshot.jpg\" alt=\"Utilisation du calendrier des vols pas chers sur eurodirections.com\" width=\"846\" height=\"797\" srcset=\"https:\/\/eurodirections.com\/wp-content\/uploads\/2023\/01\/cheap-flight-calendar-settings-screenshot.jpg 846w, https:\/\/eurodirections.com\/wp-content\/uploads\/2023\/01\/cheap-flight-calendar-settings-screenshot-300x283.jpg 300w, https:\/\/eurodirections.com\/wp-content\/uploads\/2023\/01\/cheap-flight-calendar-settings-screenshot-768x724.jpg 768w\" sizes=\"(max-width: 846px) 100vw, 846px\" \/><\/a><figcaption id=\"caption-attachment-10403\" class=\"wp-caption-text\">Screenshot. Utilisation du calendrier des vols pas chers et d\u00e9finition des param\u00e8tres de vol sur eurodirections.com<\/figcaption><\/figure>\n<ol>\n<li>Rendez-vous sur eurodirections.com et s\u00e9lectionnez l&rsquo;option \u00ab\u00a0Calendrier des vols\u00a0\u00bb.<\/li>\n<li>Cliquez sur l&rsquo;ic\u00f4ne Param\u00e8tres et dans le champ \u00ab\u00a0De\u00a0\u00bb, saisissez \u00ab\u00a0New York City\u00a0\u00bb et dans le champ \u00ab\u00a0\u00c0\u00a0\u00bb, saisissez \u00ab\u00a0Londres\u00a0\u00bb.<\/li>\n<li>S\u00e9lectionnez l&rsquo;option de voyage souhait\u00e9e : aller simple ou aller-retour.<\/li>\n<li>En choisissant l&rsquo;option \u00ab\u00a0Aller-retour\u00a0\u00bb, vous serez invit\u00e9 \u00e0 d\u00e9finir la dur\u00e9e de votre voyage.<\/li>\n<li>Vous pouvez choisir de ne voir que les prix des vols directs sur le calendrier en cochant la case \u00ab\u00a0Vols directs\u00a0\u00bb.<\/li>\n<li>Le calendrier affichera tous les vols disponibles de New York \u00e0 Londres sur les fen\u00eatres mensuelles. Le mois le moins cher sera mis en \u00e9vidence.<\/li>\n<li>En cliquant simplement sur le mois, vous verrez les dates du mois et la date exacte du vol le moins cher.<\/li>\n<li>Si vous cliquez sur la date, la page des r\u00e9sultats de recherche s&rsquo;ouvrira avec les d\u00e9tails complets du vol.<\/li>\n<li>Vous pouvez trier les vols par prix, horaires et compagnies a\u00e9riennes.<\/li>\n<li>Comparez les prix des diff\u00e9rents vols et s\u00e9lectionnez celui qui correspond le mieux \u00e0 votre budget et \u00e0 votre emploi du temps.<\/li>\n<li>Une fois que vous avez trouv\u00e9 la meilleure offre, vous pouvez proc\u00e9der \u00e0 la r\u00e9servation de votre vol \u00e0 partir du syst\u00e8me de r\u00e9servation qui fournit le billet d&rsquo;avion.<\/li>\n<\/ol>\n<p>Vous pouvez voir un calendrier des vols bon march\u00e9 avec les meilleurs prix pour les itin\u00e9raires de vol suivants ici : vols <a href=\"https:\/\/eurodirections.com\/berlin-tirana-flights-timetable\/\">Berlin-Tirana<\/a>, <a href=\"https:\/\/eurodirections.com\/fly-to-porto-portugal\/\">vols vers Porto<\/a>, vols <a href=\"https:\/\/eurodirections.com\/fr\/vols-directs-paris-bangalore\/\">Paris-Bangalore<\/a> et de nombreuses <a href=\"https:\/\/eurodirections.com\/fr\/in\/vols\/\">autres directions de vol ici<\/a>.<\/p>\n<p>Notre calendrier est <strong>constamment mis \u00e0 jour avec les derniers prix et horaires de vol<\/strong>, vous pouvez donc \u00eatre s\u00fbr que vous obtenez les informations les plus r\u00e9centes. Nous esp\u00e9rons que vous pourrez utiliser efficacement notre calendrier de vols pas chers et trouver le vol parfait pour votre voyage vers n&rsquo;importe quelle destination. Bon voyage!<\/p>\n","protected":false},"excerpt":{"rendered":"<p>Notre calendrier de vols pas chers est un puissant outil de planification de voyage qui aide les utilisateurs \u00e0 comparer et \u00e0 s\u00e9lectionner la meilleure date pour leur vol vers une destination sp\u00e9cifique depuis n&rsquo;importe quel point du monde. Le calendrier permet aux utilisateurs de rechercher et de comparer facilement les vols de toutes les [&hellip;]<\/p>\n","protected":false},"author":1,"featured_media":29095,"parent":0,"menu_order":0,"comment_status":"closed","ping_status":"closed","template":"","meta":{"footnotes":""},"class_list":["post-10507","page","type-page","status-publish","has-post-thumbnail","hentry"],"_links":{"self":[{"href":"https:\/\/eurodirections.com\/fr\/wp-json\/wp\/v2\/pages\/10507","targetHints":{"allow":["GET"]}}],"collection":[{"href":"https:\/\/eurodirections.com\/fr\/wp-json\/wp\/v2\/pages"}],"about":[{"href":"https:\/\/eurodirections.com\/fr\/wp-json\/wp\/v2\/types\/page"}],"author":[{"embeddable":true,"href":"https:\/\/eurodirections.com\/fr\/wp-json\/wp\/v2\/users\/1"}],"replies":[{"embeddable":true,"href":"https:\/\/eurodirections.com\/fr\/wp-json\/wp\/v2\/comments?post=10507"}],"version-history":[{"count":0,"href":"https:\/\/eurodirections.com\/fr\/wp-json\/wp\/v2\/pages\/10507\/revisions"}],"wp:featuredmedia":[{"embeddable":true,"href":"https:\/\/eurodirections.com\/fr\/wp-json\/wp\/v2\/media\/29095"}],"wp:attachment":[{"href":"https:\/\/eurodirections.com\/fr\/wp-json\/wp\/v2\/media?parent=10507"}],"curies":[{"name":"wp","href":"https:\/\/api.w.org\/{rel}","templated":true}]}}