{"id":27185,"date":"2022-04-03T20:07:52","date_gmt":"2022-04-03T20:07:52","guid":{"rendered":"https:\/\/eurodirections.com\/explora-erevan-%e2%88%99-guia-del-viajero\/"},"modified":"2023-08-05T10:36:26","modified_gmt":"2023-08-05T10:36:26","slug":"explora-erevan-guia-del-viajero","status":"publish","type":"page","link":"https:\/\/eurodirections.com\/es\/explora-erevan-guia-del-viajero\/","title":{"rendered":"Explora Erev\u00e1n \u2219 gu\u00eda del viajero"},"content":{"rendered":"<div id=\"ez-toc-container\" class=\"ez-toc-v2_0_82_2 counter-hierarchy ez-toc-counter ez-toc-grey ez-toc-container-direction\">\n<div class=\"ez-toc-title-container\">\n<p class=\"ez-toc-title\" style=\"cursor:inherit\">Table of Contents<\/p>\n<span class=\"ez-toc-title-toggle\"><a href=\"#\" class=\"ez-toc-pull-right ez-toc-btn ez-toc-btn-xs ez-toc-btn-default ez-toc-toggle\" aria-label=\"Alternar tabla de contenidos\"><span class=\"ez-toc-js-icon-con\"><span class=\"\"><span class=\"eztoc-hide\" style=\"display:none;\">Toggle<\/span><span class=\"ez-toc-icon-toggle-span\"><svg style=\"fill: #999;color:#999\" xmlns=\"http:\/\/www.w3.org\/2000\/svg\" class=\"list-377408\" width=\"20px\" height=\"20px\" viewBox=\"0 0 24 24\" fill=\"none\"><path d=\"M6 6H4v2h2V6zm14 0H8v2h12V6zM4 11h2v2H4v-2zm16 0H8v2h12v-2zM4 16h2v2H4v-2zm16 0H8v2h12v-2z\" fill=\"currentColor\"><\/path><\/svg><svg style=\"fill: #999;color:#999\" class=\"arrow-unsorted-368013\" xmlns=\"http:\/\/www.w3.org\/2000\/svg\" width=\"10px\" height=\"10px\" viewBox=\"0 0 24 24\" version=\"1.2\" baseProfile=\"tiny\"><path d=\"M18.2 9.3l-6.2-6.3-6.2 6.3c-.2.2-.3.4-.3.7s.1.5.3.7c.2.2.4.3.7.3h11c.3 0 .5-.1.7-.3.2-.2.3-.5.3-.7s-.1-.5-.3-.7zM5.8 14.7l6.2 6.3 6.2-6.3c.2-.2.3-.5.3-.7s-.1-.5-.3-.7c-.2-.2-.4-.3-.7-.3h-11c-.3 0-.5.1-.7.3-.2.2-.3.5-.3.7s.1.5.3.7z\"\/><\/svg><\/span><\/span><\/span><\/a><\/span><\/div>\n<nav><ul class='ez-toc-list ez-toc-list-level-1 eztoc-toggle-hide-by-default' ><li class='ez-toc-page-1 ez-toc-heading-level-2'><a class=\"ez-toc-link ez-toc-heading-1\" href=\"https:\/\/eurodirections.com\/es\/explora-erevan-guia-del-viajero\/#Lista-de-cosas-que-hacer-en-Erevan\" >Lista de cosas que hacer en Erev\u00e1n<\/a><ul class='ez-toc-list-level-3' ><li class='ez-toc-heading-level-3'><a class=\"ez-toc-link ez-toc-heading-2\" href=\"https:\/\/eurodirections.com\/es\/explora-erevan-guia-del-viajero\/#Lo-que-no-debe-perderse-en-Erevan\" >Lo que no debe perderse en Erev\u00e1n<\/a><\/li><li class='ez-toc-page-1 ez-toc-heading-level-3'><a class=\"ez-toc-link ez-toc-heading-3\" href=\"https:\/\/eurodirections.com\/es\/explora-erevan-guia-del-viajero\/#Comer-como-un-lugareno-en-Erevan\" >Comer como un lugare\u00f1o en Erev\u00e1n<\/a><\/li><li class='ez-toc-page-1 ez-toc-heading-level-3'><a class=\"ez-toc-link ez-toc-heading-4\" href=\"https:\/\/eurodirections.com\/es\/explora-erevan-guia-del-viajero\/#Donde-alojarse-en-Erevan\" >D\u00f3nde alojarse en Erev\u00e1n<\/a><\/li><\/ul><\/li><\/ul><\/nav><\/div>\n<p><strong>Exploremos Erev\u00e1n<\/strong>, la capital y antigua ciudad de Armenia.<\/p>\n<h2><span class=\"ez-toc-section\" id=\"Lista-de-cosas-que-hacer-en-Erevan\"><\/span><b>Lista de cosas que hacer en Erev\u00e1n<\/b><span class=\"ez-toc-section-end\"><\/span><\/h2>\n<p><span style=\"font-weight: 400;\">Siendo una c\u00f3moda y moderna ciudad europea, Erev\u00e1n sigue manteniendo su incompatible ambiente. Aqu\u00ed el ritmo nunca decae. Las calles est\u00e1n igual de concurridas de d\u00eda que de noche. Aqu\u00ed tendr\u00e1 todos los colores de las vacaciones, desde un ritmo lento hasta modernos ritmos activos. <\/span><\/p>\n<h3><span class=\"ez-toc-section\" id=\"Lo-que-no-debe-perderse-en-Erevan\"><\/span><b>Lo que no debe perderse en Erev\u00e1n<\/b><span class=\"ez-toc-section-end\"><\/span><\/h3>\n<ul>\n<li style=\"font-weight: 400;\" aria-level=\"1\"><span style=\"font-weight: 400;\">Baile con las Fuentes Cantantes en la plaza de la Rep\u00fablica y admire el espect\u00e1culo.<\/span><\/li>\n<li style=\"font-weight: 400;\" aria-level=\"1\"><span style=\"font-weight: 400;\">Suba los 572 escalones del enorme monumento de la Cascada para disfrutar de la mejor vista del Teatro de la \u00d3pera y el Ballet. <\/span><\/li>\n<li style=\"font-weight: 400;\" aria-level=\"1\"><span style=\"font-weight: 400;\">Descubra valiosas exposiciones del Centro Cafesjian para las Artes y piezas raras repartidas por toda la Cascada. <\/span><\/li>\n<li style=\"font-weight: 400;\" aria-level=\"1\"><span style=\"font-weight: 400;\">Pasee por la Fortaleza de Erebuni, las ruinas de una antigua ciudad construida en el 782 a.C., y visite el Museo de Erebuni para encontrar las huellas de la civilizaci\u00f3n urartia.<\/span><\/li>\n<li style=\"font-weight: 400;\" aria-level=\"1\"><span style=\"font-weight: 400;\">Regatee en Vernissage, mercadillo al aire libre para adquirir piezas \u00fanicas de joyer\u00eda de plata, alfombras armenias hechas a mano, recuerdos de madera y mucho m\u00e1s.<\/span><\/li>\n<li style=\"font-weight: 400;\" aria-level=\"1\"><span style=\"font-weight: 400;\">Explore las bodegas de la F\u00e1brica de Brandy y Vodka Noy de Erev\u00e1n, y no se pierda la sala de degustaci\u00f3n para probar el co\u00f1ac Ararat.<\/span><\/li>\n<\/ul>\n<h3><span class=\"ez-toc-section\" id=\"Comer-como-un-lugareno-en-Erevan\"><\/span><b>Comer como un lugare\u00f1o en Erev\u00e1n<\/b><span class=\"ez-toc-section-end\"><\/span><\/h3>\n<ul>\n<li style=\"font-weight: 400;\" aria-level=\"1\"><span style=\"font-weight: 400;\">Encuentre un acogedor jard\u00edn escondido detr\u00e1s de una tienda de recuerdos Dalan para tomar un caf\u00e9 por la ma\u00f1ana.<\/span><\/li>\n<li style=\"font-weight: 400;\" aria-level=\"1\"><span style=\"font-weight: 400;\">Deguste las mejores cervezas artesanas en Dargett, Dor, Cervecer\u00edas de la Academia de la Cerveza con la mejor gastronom\u00eda.<\/span><\/li>\n<li style=\"font-weight: 400;\" aria-level=\"1\"><span style=\"font-weight: 400;\">Realice una cata de vinos en la calle Saryan, visitando todas las bodegas famosas de Erev\u00e1n.<\/span><\/li>\n<li style=\"font-weight: 400;\" aria-level=\"1\"><span style=\"font-weight: 400;\">Disfrute de la cocina tradicional armenia en el restaurante Lavash, que sirve platos nacionales con un toque moderno. <\/span><\/li>\n<li style=\"font-weight: 400;\" aria-level=\"1\"><span style=\"font-weight: 400;\">Deje que el d\u00eda se convierta en una larga noche en uno de los bares de c\u00f3cteles con ambiente de Erev\u00e1n: Kong, Minas Cocktail Room, Mamba, Simona y otros.<\/span><\/li>\n<\/ul>\n<h3><span class=\"ez-toc-section\" id=\"Donde-alojarse-en-Erevan\"><\/span><b>D\u00f3nde alojarse en Erev\u00e1n<\/b><span class=\"ez-toc-section-end\"><\/span><\/h3>\n<ul>\n<li style=\"font-weight: 400;\" aria-level=\"1\"><span style=\"font-weight: 400;\">De entre los m\u00faltiples hoteles de 5 estrellas, aseg\u00farese de elegir el mejor Alexander Luxury Collection Hotel para sus vacaciones.<\/span><\/li>\n<li style=\"font-weight: 400;\" aria-level=\"1\"><span style=\"font-weight: 400;\">No menos c\u00f3moda y sofisticada ser\u00e1 su habitaci\u00f3n de hotel en un Ramada Hotel &amp; Suites by Wyndham Yerevan de 4 estrellas.<\/span><\/li>\n<li style=\"font-weight: 400;\" aria-level=\"1\"><span style=\"font-weight: 400;\">El alojamiento menos caro de Erev\u00e1n es el Ibis Yerevan Center, en el coraz\u00f3n de la capital.<\/span><\/li>\n<li style=\"font-weight: 400;\" aria-level=\"1\"><span style=\"font-weight: 400;\">Si tienes un presupuesto ajustado, elige Friendship Hostel &amp; Tours.<\/span><\/li>\n<li style=\"font-weight: 400;\" aria-level=\"1\"><span style=\"font-weight: 400;\">Haga una excursi\u00f3n de un d\u00eda al hist\u00f3rico Templo Garni y al\u00f3jese en la pensi\u00f3n Harmonia Garden Garni. <\/span><\/li>\n<\/ul>\n<p><span style=\"color: #808080;\"><em>Hotel recomendado en Erev\u00e1n: Ramada Hotel &amp; Suites by Wyndham Yerevan<\/em><\/span><\/p>\n<p><script src=\"https:\/\/www.travelpayouts.com\/chansey\/iframe.js?v=1&amp;marker=14350&amp;host=air.eurodirections.com%2Fhotels&amp;locale=en&amp;currency=eur&amp;nobooking=&amp;powered_by=false&amp;hotel_id=1374852370\" async=\"\" charset=\"utf-8\"><\/script><\/p>\n<p><a title=\"Selecci\u00f3n de hoteles en Erev\u00e1n\" href=\"https:\/\/eurodirections.com\/featured-hotels-in-yerevan\/\">Mira todos los hoteles del<\/a> mapa de Erev\u00e1n y compara precios, opiniones, valoraciones y ubicaciones.<\/p>\n<p style=\"text-align: center;\">\u2014<\/p>\n<p><script src=\"https:\/\/tp.media\/content?currency=eur&amp;trs=147545&amp;shmarker=14350&amp;destination=EVN&amp;target_host=air.eurodirections.com%2Fflights&amp;locale=en&amp;limit=10&amp;powered_by=false&amp;primary=%230085FF&amp;promo_id=4044&amp;campaign_id=100\" charset=\"utf-8\"><\/script><\/p>\n<p>Puedes encontrar <a title=\"Vuelos baratos a Erev\u00e1n\" href=\"https:\/\/eurodirections.com\/es\/vuelos-a-erevan-armenia\/\">m\u00e1s vuelos a Erev\u00e1n<\/a> siguiendo esta rese\u00f1a con detalles de comparaci\u00f3n de precios.<\/p>\n","protected":false},"excerpt":{"rendered":"<p>Exploremos Erev\u00e1n, la capital y antigua ciudad de Armenia. Lista de cosas que hacer en Erev\u00e1n Siendo una c\u00f3moda y moderna ciudad europea, Erev\u00e1n sigue manteniendo su incompatible ambiente. Aqu\u00ed el ritmo nunca decae. Las calles est\u00e1n igual de concurridas de d\u00eda que de noche. Aqu\u00ed tendr\u00e1 todos los colores de las vacaciones, desde un [&hellip;]<\/p>\n","protected":false},"author":1,"featured_media":2643,"parent":0,"menu_order":0,"comment_status":"closed","ping_status":"closed","template":"","meta":{"footnotes":""},"class_list":["post-27185","page","type-page","status-publish","has-post-thumbnail","hentry"],"_links":{"self":[{"href":"https:\/\/eurodirections.com\/es\/wp-json\/wp\/v2\/pages\/27185","targetHints":{"allow":["GET"]}}],"collection":[{"href":"https:\/\/eurodirections.com\/es\/wp-json\/wp\/v2\/pages"}],"about":[{"href":"https:\/\/eurodirections.com\/es\/wp-json\/wp\/v2\/types\/page"}],"author":[{"embeddable":true,"href":"https:\/\/eurodirections.com\/es\/wp-json\/wp\/v2\/users\/1"}],"replies":[{"embeddable":true,"href":"https:\/\/eurodirections.com\/es\/wp-json\/wp\/v2\/comments?post=27185"}],"version-history":[{"count":0,"href":"https:\/\/eurodirections.com\/es\/wp-json\/wp\/v2\/pages\/27185\/revisions"}],"wp:featuredmedia":[{"embeddable":true,"href":"https:\/\/eurodirections.com\/es\/wp-json\/wp\/v2\/media\/2643"}],"wp:attachment":[{"href":"https:\/\/eurodirections.com\/es\/wp-json\/wp\/v2\/media?parent=27185"}],"curies":[{"name":"wp","href":"https:\/\/api.w.org\/{rel}","templated":true}]}}