{"id":26255,"date":"2022-11-28T16:39:25","date_gmt":"2022-11-28T16:39:25","guid":{"rendered":"https:\/\/eurodirections.com\/lista-de-cubos-de-cluj-napoca\/"},"modified":"2023-06-10T15:08:23","modified_gmt":"2023-06-10T15:08:23","slug":"lista-de-cubos-de-cluj-napoca","status":"publish","type":"page","link":"https:\/\/eurodirections.com\/es\/lista-de-cubos-de-cluj-napoca\/","title":{"rendered":"Lista de cubos de Cluj Napoca"},"content":{"rendered":"<div id=\"ez-toc-container\" class=\"ez-toc-v2_0_82_2 counter-hierarchy ez-toc-counter ez-toc-grey ez-toc-container-direction\">\n<div class=\"ez-toc-title-container\">\n<p class=\"ez-toc-title\" style=\"cursor:inherit\">Table of Contents<\/p>\n<span class=\"ez-toc-title-toggle\"><a href=\"#\" class=\"ez-toc-pull-right ez-toc-btn ez-toc-btn-xs ez-toc-btn-default ez-toc-toggle\" aria-label=\"Alternar tabla de contenidos\"><span class=\"ez-toc-js-icon-con\"><span class=\"\"><span class=\"eztoc-hide\" style=\"display:none;\">Toggle<\/span><span class=\"ez-toc-icon-toggle-span\"><svg style=\"fill: #999;color:#999\" xmlns=\"http:\/\/www.w3.org\/2000\/svg\" class=\"list-377408\" width=\"20px\" height=\"20px\" viewBox=\"0 0 24 24\" fill=\"none\"><path d=\"M6 6H4v2h2V6zm14 0H8v2h12V6zM4 11h2v2H4v-2zm16 0H8v2h12v-2zM4 16h2v2H4v-2zm16 0H8v2h12v-2z\" fill=\"currentColor\"><\/path><\/svg><svg style=\"fill: #999;color:#999\" class=\"arrow-unsorted-368013\" xmlns=\"http:\/\/www.w3.org\/2000\/svg\" width=\"10px\" height=\"10px\" viewBox=\"0 0 24 24\" version=\"1.2\" baseProfile=\"tiny\"><path d=\"M18.2 9.3l-6.2-6.3-6.2 6.3c-.2.2-.3.4-.3.7s.1.5.3.7c.2.2.4.3.7.3h11c.3 0 .5-.1.7-.3.2-.2.3-.5.3-.7s-.1-.5-.3-.7zM5.8 14.7l6.2 6.3 6.2-6.3c.2-.2.3-.5.3-.7s-.1-.5-.3-.7c-.2-.2-.4-.3-.7-.3h-11c-.3 0-.5.1-.7.3-.2.2-.3.5-.3.7s.1.5.3.7z\"\/><\/svg><\/span><\/span><\/span><\/a><\/span><\/div>\n<nav><ul class='ez-toc-list ez-toc-list-level-1 eztoc-toggle-hide-by-default' ><li class='ez-toc-page-1 ez-toc-heading-level-2'><a class=\"ez-toc-link ez-toc-heading-1\" href=\"https:\/\/eurodirections.com\/es\/lista-de-cubos-de-cluj-napoca\/#Explorar-Cluj-Napoca\" >Explorar Cluj-Napoca<\/a><ul class='ez-toc-list-level-3' ><li class='ez-toc-heading-level-3'><a class=\"ez-toc-link ez-toc-heading-2\" href=\"https:\/\/eurodirections.com\/es\/lista-de-cubos-de-cluj-napoca\/#Lo-que-no-hay-que-perderse-en-Cluj-Napoca\" >Lo que no hay que perderse en Cluj-Napoca<\/a><\/li><li class='ez-toc-page-1 ez-toc-heading-level-3'><a class=\"ez-toc-link ez-toc-heading-3\" href=\"https:\/\/eurodirections.com\/es\/lista-de-cubos-de-cluj-napoca\/#Comer-como-un-lugareno-en-Cluj-Napoca\" >Comer como un lugare\u00f1o en Cluj-Napoca<\/a><\/li><li class='ez-toc-page-1 ez-toc-heading-level-3'><a class=\"ez-toc-link ez-toc-heading-4\" href=\"https:\/\/eurodirections.com\/es\/lista-de-cubos-de-cluj-napoca\/#Donde-alojarse-en-Cluj-Napoca\" >D\u00f3nde alojarse en Cluj-Napoca<\/a><\/li><li class='ez-toc-page-1 ez-toc-heading-level-3'><a class=\"ez-toc-link ez-toc-heading-5\" href=\"https:\/\/eurodirections.com\/es\/lista-de-cubos-de-cluj-napoca\/#Mapa-de-los-hoteles-de-Cluj-Napoca\" >Mapa de los hoteles de Cluj Napoca<\/a><\/li><\/ul><\/li><\/ul><\/nav><\/div>\n<p>\u00bfHa planeado ya su viaje a la rumana Cluj-Napoca? S\u00ed, entonces es el momento de conocer la ciudad y sus atractivos y averiguar qu\u00e9 puede hacer all\u00ed para que su viaje sea lo m\u00e1s inolvidable posible. Cluj Napoca bucket list est\u00e1 hecha s\u00f3lo para usted &#8211; disfrute de la ciudad con nosotros.<\/p>\n<p><iframe style=\"border: 1px solid #EEE; background: white;\" src=\"about:blank\" width=\"880\" height=\"270\" frameborder=\"0\" scrolling=\"no\" class=\"lazyload\" data-src=\"https:\/\/eurodirections.substack.com\/embed\"><span data-mce-type=\"bookmark\" style=\"display: inline-block; width: 0px; overflow: hidden; line-height: 0;\" class=\"mce_SELRES_start\"><\/span><span data-mce-type=\"bookmark\" style=\"display: inline-block; width: 0px; overflow: hidden; line-height: 0;\" class=\"mce_SELRES_start\" align=\"center\"><\/span><\/iframe><\/p>\n<h2><span class=\"ez-toc-section\" id=\"Explorar-Cluj-Napoca\"><\/span>Explorar Cluj-Napoca<span class=\"ez-toc-section-end\"><\/span><\/h2>\n<p><span style=\"font-weight: 400;\">Cluj-Napoca es menos conocida como destino tur\u00edstico, y es posible que nunca antes haya o\u00eddo hablar de ella. No es porque la ciudad no tenga nada que dar, sino porque a\u00fan se est\u00e1 desarrollando como destino tur\u00edstico. La capital de Transilvania, Cluj-Napoca, es una din\u00e1mica ciudad universitaria que presume de arquitectura g\u00f3tica y naturaleza m\u00e1gica. <\/span><\/p>\n<p><span style=\"font-weight: 400;\">Cluj-Napoca es menos popular que otras ciudades, por lo que tendr\u00e1 su intimidad en cualquier \u00e9poca del a\u00f1o sin atracciones abarrotadas de turistas. La capital de Transilvania, Cluj-Napoca, es una din\u00e1mica ciudad universitaria que presume de arquitectura g\u00f3tica y naturaleza m\u00e1gica. Piense en Cluj-Napoca como su pr\u00f3ximo destino, teniendo en mente el siguiente itinerario.<\/span><\/p>\n<h3><span class=\"ez-toc-section\" id=\"Lo-que-no-hay-que-perderse-en-Cluj-Napoca\"><\/span><b>Lo que no hay que perderse en Cluj-Napoca<\/b><span class=\"ez-toc-section-end\"><\/span><\/h3>\n<ul>\n<li style=\"font-weight: 400;\" aria-level=\"1\"><span style=\"font-weight: 400;\">Admire el edificio m\u00e1s bello de Cluj, la \u00d3pera Nacional, construida por arquitectos austriacos en estilo neobarroco.<\/span><\/li>\n<li style=\"font-weight: 400;\" aria-level=\"1\"><span style=\"font-weight: 400;\">Visite el Parque Etnogr\u00e1fico para conocer la historia y las leyendas de Transilvania.<\/span><\/li>\n<li style=\"font-weight: 400;\" aria-level=\"1\"><span style=\"font-weight: 400;\">Pasee por el casco antiguo para ver el Basti\u00f3n del Sastre y la catedral greco-cat\u00f3lica.<\/span><\/li>\n<li style=\"font-weight: 400;\" aria-level=\"1\"><span style=\"font-weight: 400;\">Encuentre todos los colores de la naturaleza en un jard\u00edn bot\u00e1nico de 14 hect\u00e1reas con m\u00e1s de 11.000 especies de plantas.<\/span><\/li>\n<li style=\"font-weight: 400;\" aria-level=\"1\"><span style=\"font-weight: 400;\">La Colecci\u00f3n Hist\u00f3rica de Farmacia es uno de los lugares m\u00e1s emblem\u00e1ticos de Cluj-Napoca, con m\u00e1s de 1.800 piezas de medicina recopiladas desde el siglo XVI.<\/span><\/li>\n<li style=\"font-weight: 400;\" aria-level=\"1\"><span style=\"font-weight: 400;\">Sum\u00e9rjase en la vida rural transilvana en el Parque Etnogr\u00e1fico de Romulus Vuia, con iglesias sajonas, edificios hist\u00f3ricos y piezas de los medios de vida tradicionales.<\/span><\/li>\n<\/ul>\n<h3><span class=\"ez-toc-section\" id=\"Comer-como-un-lugareno-en-Cluj-Napoca\"><\/span><b>Comer como un lugare\u00f1o en Cluj-Napoca<\/b><span class=\"ez-toc-section-end\"><\/span><\/h3>\n<ul>\n<li style=\"font-weight: 400;\" aria-level=\"1\"><span style=\"font-weight: 400;\">Si eres amante de la carne, Casa Boema te sorprender\u00e1 con su pato perfectamente cocinado con zanahorias y verduras asadas.<\/span><\/li>\n<li style=\"font-weight: 400;\" aria-level=\"1\"><span style=\"font-weight: 400;\">Reserve su plaza en un lujoso restaurante Eggcetera con platos perfectos y absolutamente imperdibles.<\/span><\/li>\n<li style=\"font-weight: 400;\" aria-level=\"1\"><span style=\"font-weight: 400;\">Para aut\u00e9ntica comida rumana, s\u00f3lo hay un nombre, Hanul Dacilor, con grandes raciones de comida tradicional a precios razonables.<\/span><\/li>\n<li style=\"font-weight: 400;\" aria-level=\"1\"><span style=\"font-weight: 400;\">Bricks (M)eating Point es otro para\u00edso para los amantes de la carne, que podr\u00e1n degustar una comida excepcional acompa\u00f1ada de vinos y m\u00fasica en directo en una terraza al aire libre.<\/span><\/li>\n<li style=\"font-weight: 400;\" aria-level=\"1\"><span style=\"font-weight: 400;\">Disfrute de una mezcla \u00fanica de las culturas rumana, italiana y francesa en el restaurante Carrousel.<\/span><\/li>\n<\/ul>\n<h3><span class=\"ez-toc-section\" id=\"Donde-alojarse-en-Cluj-Napoca\"><\/span><b>D\u00f3nde alojarse en Cluj-Napoca<\/b><span class=\"ez-toc-section-end\"><\/span><\/h3>\n<ul>\n<li style=\"font-weight: 400;\" aria-level=\"1\"><span style=\"font-weight: 400;\">Con un interior moderno, una sorprendente combinaci\u00f3n de colores y soluciones de dise\u00f1o \u00fanicas, el Hotel Platinia de 5 estrellas har\u00e1 que su estancia sea perfecta.<\/span><\/li>\n<li style=\"font-weight: 400;\" aria-level=\"1\"><span style=\"font-weight: 400;\">Disfrute de las vistas de Some\u0219ul Mic desde la ventana de su Hotel River Park de 4 estrellas, con un interior moderno en tonos pastel y c\u00e1lidos.<\/span><\/li>\n<li style=\"font-weight: 400;\" aria-level=\"1\"><span style=\"font-weight: 400;\">Un lugar absolutamente precioso para alojarse y disfrutar de la naturaleza es el Black Wood Cabin, de 3 estrellas, con acceso a pie de pista y vistas al jard\u00edn.<\/span><\/li>\n<li style=\"font-weight: 400;\" aria-level=\"1\"><span style=\"font-weight: 400;\">Obtenga el m\u00e1ximo confort por un precio m\u00ednimo en el hotel econ\u00f3mico Camera Tip Mozart, cerca del Museo Etnogr\u00e1fico de Transilvania.<\/span><\/li>\n<li style=\"font-weight: 400;\" aria-level=\"1\"><span style=\"font-weight: 400;\">Busque la forma de visitar Sibiu durante un d\u00eda para disfrutar de sus verdes parques y atmosf\u00e9ricas callejuelas y al\u00f3jese en el Hotel Anastasia.<\/span><\/li>\n<\/ul>\n<p>Encuentra aqu\u00ed <a title=\"Gu\u00eda de vuelos Cluj-Napoca\" href=\"https:\/\/eurodirections.com\/es\/lista-de-cubos-de-cluj-napoca\/\" target=\"_blank\" rel=\"noopener\" data-schema-attribute=\"mentions\">vuelos baratos a Cluj Napoca<\/a>.<\/p>\n<h3><span class=\"ez-toc-section\" id=\"Mapa-de-los-hoteles-de-Cluj-Napoca\"><\/span>Mapa de los hoteles de Cluj Napoca<span class=\"ez-toc-section-end\"><\/span><\/h3>\n<p><script src=\"\/\/tp.media\/content?0=0&amp;1=10&amp;currency=eur&amp;promo_id=4285&amp;shmarker=14350&amp;campaign_id=101&amp;trs=147545&amp;search_host=search.hotellook.com&amp;locale=es&amp;draggable=true&amp;disable_zoom=false&amp;show_logo=false&amp;scrollwheel=false&amp;color=%2307AF61&amp;contrast_color=%23ffffff&amp;width=1000&amp;height=500&amp;zoom=14&amp;radius=60&amp;stars=0%2C1%2C2%2C3%2C4%2C5&amp;price_from=&amp;price_to=&amp;lat=46.766667&amp;lng=23.6\" charset=\"utf-8\"><\/script><\/p>\n","protected":false},"excerpt":{"rendered":"<p>\u00bfHa planeado ya su viaje a la rumana Cluj-Napoca? S\u00ed, entonces es el momento de conocer la ciudad y sus atractivos y averiguar qu\u00e9 puede hacer all\u00ed para que su viaje sea lo m\u00e1s inolvidable posible. Cluj Napoca bucket list est\u00e1 hecha s\u00f3lo para usted &#8211; disfrute de la ciudad con nosotros. Explorar Cluj-Napoca Cluj-Napoca [&hellip;]<\/p>\n","protected":false},"author":4,"featured_media":2985,"parent":0,"menu_order":0,"comment_status":"closed","ping_status":"closed","template":"","meta":{"footnotes":""},"class_list":["post-26255","page","type-page","status-publish","has-post-thumbnail","hentry"],"_links":{"self":[{"href":"https:\/\/eurodirections.com\/es\/wp-json\/wp\/v2\/pages\/26255","targetHints":{"allow":["GET"]}}],"collection":[{"href":"https:\/\/eurodirections.com\/es\/wp-json\/wp\/v2\/pages"}],"about":[{"href":"https:\/\/eurodirections.com\/es\/wp-json\/wp\/v2\/types\/page"}],"author":[{"embeddable":true,"href":"https:\/\/eurodirections.com\/es\/wp-json\/wp\/v2\/users\/4"}],"replies":[{"embeddable":true,"href":"https:\/\/eurodirections.com\/es\/wp-json\/wp\/v2\/comments?post=26255"}],"version-history":[{"count":0,"href":"https:\/\/eurodirections.com\/es\/wp-json\/wp\/v2\/pages\/26255\/revisions"}],"wp:featuredmedia":[{"embeddable":true,"href":"https:\/\/eurodirections.com\/es\/wp-json\/wp\/v2\/media\/2985"}],"wp:attachment":[{"href":"https:\/\/eurodirections.com\/es\/wp-json\/wp\/v2\/media?parent=26255"}],"curies":[{"name":"wp","href":"https:\/\/api.w.org\/{rel}","templated":true}]}}