{"id":26223,"date":"2022-04-07T11:57:20","date_gmt":"2022-04-07T11:57:20","guid":{"rendered":"https:\/\/eurodirections.com\/explora-malaga-%e2%88%99-guia-del-visitante\/"},"modified":"2023-05-29T10:58:35","modified_gmt":"2023-05-29T10:58:35","slug":"explora-malaga","status":"publish","type":"page","link":"https:\/\/eurodirections.com\/es\/explora-malaga\/","title":{"rendered":"Explora M\u00e1laga \u2219 gu\u00eda del visitante"},"content":{"rendered":"<div id=\"ez-toc-container\" class=\"ez-toc-v2_0_82_2 counter-hierarchy ez-toc-counter ez-toc-grey ez-toc-container-direction\">\n<div class=\"ez-toc-title-container\">\n<p class=\"ez-toc-title\" style=\"cursor:inherit\">Table of Contents<\/p>\n<span class=\"ez-toc-title-toggle\"><a href=\"#\" class=\"ez-toc-pull-right ez-toc-btn ez-toc-btn-xs ez-toc-btn-default ez-toc-toggle\" aria-label=\"Alternar tabla de contenidos\"><span class=\"ez-toc-js-icon-con\"><span class=\"\"><span class=\"eztoc-hide\" style=\"display:none;\">Toggle<\/span><span class=\"ez-toc-icon-toggle-span\"><svg style=\"fill: #999;color:#999\" xmlns=\"http:\/\/www.w3.org\/2000\/svg\" class=\"list-377408\" width=\"20px\" height=\"20px\" viewBox=\"0 0 24 24\" fill=\"none\"><path d=\"M6 6H4v2h2V6zm14 0H8v2h12V6zM4 11h2v2H4v-2zm16 0H8v2h12v-2zM4 16h2v2H4v-2zm16 0H8v2h12v-2z\" fill=\"currentColor\"><\/path><\/svg><svg style=\"fill: #999;color:#999\" class=\"arrow-unsorted-368013\" xmlns=\"http:\/\/www.w3.org\/2000\/svg\" width=\"10px\" height=\"10px\" viewBox=\"0 0 24 24\" version=\"1.2\" baseProfile=\"tiny\"><path d=\"M18.2 9.3l-6.2-6.3-6.2 6.3c-.2.2-.3.4-.3.7s.1.5.3.7c.2.2.4.3.7.3h11c.3 0 .5-.1.7-.3.2-.2.3-.5.3-.7s-.1-.5-.3-.7zM5.8 14.7l6.2 6.3 6.2-6.3c.2-.2.3-.5.3-.7s-.1-.5-.3-.7c-.2-.2-.4-.3-.7-.3h-11c-.3 0-.5.1-.7.3-.2.2-.3.5-.3.7s.1.5.3.7z\"\/><\/svg><\/span><\/span><\/span><\/a><\/span><\/div>\n<nav><ul class='ez-toc-list ez-toc-list-level-1 eztoc-toggle-hide-by-default' ><li class='ez-toc-page-1 ez-toc-heading-level-2'><a class=\"ez-toc-link ez-toc-heading-1\" href=\"https:\/\/eurodirections.com\/es\/explora-malaga\/#Malaga-Explorer-lista-de-destinos\" >M\u00e1laga Explorer: lista de destinos<\/a><ul class='ez-toc-list-level-3' ><li class='ez-toc-heading-level-3'><a class=\"ez-toc-link ez-toc-heading-2\" href=\"https:\/\/eurodirections.com\/es\/explora-malaga\/#Lo-que-no-debe-perderse-en-Malaga\" >Lo que no debe perderse en M\u00e1laga<\/a><\/li><li class='ez-toc-page-1 ez-toc-heading-level-3'><a class=\"ez-toc-link ez-toc-heading-3\" href=\"https:\/\/eurodirections.com\/es\/explora-malaga\/#Comer-como-un-malagueno\" >Comer como un malague\u00f1o<\/a><\/li><li class='ez-toc-page-1 ez-toc-heading-level-3'><a class=\"ez-toc-link ez-toc-heading-4\" href=\"https:\/\/eurodirections.com\/es\/explora-malaga\/#Donde-alojarse-en-Malaga\" >D\u00f3nde alojarse en M\u00e1laga<\/a><\/li><li class='ez-toc-page-1 ez-toc-heading-level-3'><a class=\"ez-toc-link ez-toc-heading-5\" href=\"https:\/\/eurodirections.com\/es\/explora-malaga\/#Mapa-de-hoteles-de-Malaga-con-precios\" >Mapa de hoteles de M\u00e1laga con precios<\/a><\/li><li class='ez-toc-page-1 ez-toc-heading-level-3'><a class=\"ez-toc-link ez-toc-heading-6\" href=\"https:\/\/eurodirections.com\/es\/explora-malaga\/#Vuelos-populares-a-Malaga\" >Vuelos populares a M\u00e1laga<\/a><\/li><\/ul><\/li><\/ul><\/nav><\/div>\n<h2><span class=\"ez-toc-section\" id=\"Malaga-Explorer-lista-de-destinos\"><\/span><b>M\u00e1laga Explorer: lista de destinos<\/b><span class=\"ez-toc-section-end\"><\/span><\/h2>\n<p><span style=\"font-weight: 400;\">M\u00e1laga, una de las ciudades m\u00e1s antiguas del mundo y el puerto mar\u00edtimo m\u00e1s activo del Mediterr\u00e1neo, atrae a los turistas no s\u00f3lo con playas perfectas, sino tambi\u00e9n con una rica arquitectura, monumentos hist\u00f3ricos, sabrosa gastronom\u00eda y hoteles de lujo para una estancia inolvidable. Con 300 d\u00edas de sol, M\u00e1laga es su pr\u00f3ximo destino de vacaciones.<\/span><\/p>\n<h3><span class=\"ez-toc-section\" id=\"Lo-que-no-debe-perderse-en-Malaga\"><\/span><b>Lo que no debe perderse en M\u00e1laga<\/b><span class=\"ez-toc-section-end\"><\/span><\/h3>\n<ul>\n<li style=\"font-weight: 400;\" aria-level=\"1\"><span style=\"font-weight: 400;\">Visite un palacio de Alcabaza del siglo XI con cortesanos, jardines, patios y fuentes bien conservados.<\/span><\/li>\n<li style=\"font-weight: 400;\" aria-level=\"1\"><span style=\"font-weight: 400;\">Realice una ruta de senderismo por el Caminito del Rey, de 7,7 km de longitud, atravesando espectaculares senderos de cresta, puentes y escarpados acantilados.<\/span><\/li>\n<li style=\"font-weight: 400;\" aria-level=\"1\"><span style=\"font-weight: 400;\">Sum\u00e9rjase en la tranquilidad de los ba\u00f1os \u00e1rabes Hammam Al \u00c1ndalus M\u00e1laga, y no olvide tomar un refrescante t\u00e9 de menta.<\/span><\/li>\n<li style=\"font-weight: 400;\" aria-level=\"1\"><span style=\"font-weight: 400;\">D\u00e9 un paseo por el barrio del Soho para encontrar arte callejero \u00fanico, el contempor\u00e1neo Centro de Arte de M\u00e1laga y tiendas de artesan\u00eda. <\/span><\/li>\n<li style=\"font-weight: 400;\" aria-level=\"1\"><span style=\"font-weight: 400;\">Vea dos cosas \u00fanicas a la vez haciendo senderismo hasta el r\u00edo Ch\u00edllar y las Cuevas de Nerja.<\/span><\/li>\n<li style=\"font-weight: 400;\" aria-level=\"1\"><span style=\"font-weight: 400;\">Disfrute de un d\u00eda en una de las playas malague\u00f1as de arena blanca, agua pura y zonas de picnic. <\/span><\/li>\n<\/ul>\n<h3><span class=\"ez-toc-section\" id=\"Comer-como-un-malagueno\"><\/span><b>Comer como un malague\u00f1o<\/b><span class=\"ez-toc-section-end\"><\/span><\/h3>\n<ul>\n<li style=\"font-weight: 400;\" aria-level=\"1\"><span style=\"font-weight: 400;\">Empieza el d\u00eda en Byoko con un desayuno de ensue\u00f1o del que te encantar\u00eda hacer una foto.<\/span><\/li>\n<li style=\"font-weight: 400;\" aria-level=\"1\"><span style=\"font-weight: 400;\">Disfrute de una aut\u00e9ntica cena espa\u00f1ola con risotto de bogavante y aguacate con vieiras en el restaurante Do\u00f1a In\u00e9s. <\/span><\/li>\n<li style=\"font-weight: 400;\" aria-level=\"1\"><span style=\"font-weight: 400;\">Encuentra las mejores tapas de M\u00e1laga en Casa Lola, un lugar coqueto y acogedor en el centro de M\u00e1laga.<\/span><\/li>\n<li style=\"font-weight: 400;\" aria-level=\"1\"><span style=\"font-weight: 400;\">Degusta los mejores helados en Casa Mira Andr\u00e9s P\u00e9rez con la m\u00e1s amplia selecci\u00f3n de sabores: trufa montada, nata montada, m\u00e1laga y turr\u00f3n. <\/span><\/li>\n<li style=\"font-weight: 400;\" aria-level=\"1\"><span style=\"font-weight: 400;\">Para comer r\u00e1pido, barato y super sabroso, guarda Cervezeria 100 Montaditos en tu lista de \u00abImprescindibles\u00bb.<\/span><\/li>\n<li style=\"font-weight: 400;\" aria-level=\"1\"><span style=\"font-weight: 400;\">Si eres vegetariano, te encantar\u00e1 Vegetarian El Calafate con comida vegetariana a precio fijo.<\/span><\/li>\n<\/ul>\n<h3><span class=\"ez-toc-section\" id=\"Donde-alojarse-en-Malaga\"><\/span><b>D\u00f3nde alojarse en M\u00e1laga<\/b><span class=\"ez-toc-section-end\"><\/span><\/h3>\n<ul>\n<li style=\"font-weight: 400;\" aria-level=\"1\"><span style=\"font-weight: 400;\">Con las mejores vistas de M\u00e1laga Soho Boutique, el hotel de 5 estrellas Castillo de Santa Catalina es su mejor opci\u00f3n para una estancia de lujo. <\/span><\/li>\n<li style=\"font-weight: 400;\" aria-level=\"1\"><span style=\"font-weight: 400;\">Para un precio algo m\u00e1s bajo pero m\u00e1s comodidad y un interior de lujo, eche un vistazo al Palacio Solecio, un Peque\u00f1o Hotel de Lujo del Mundo de 4 estrellas, para pasar unas vacaciones inolvidables.<\/span><\/li>\n<li style=\"font-weight: 400;\" aria-level=\"1\"><span style=\"font-weight: 400;\">Si quiere ahorrar en alojamiento, opte por un Hotel M\u00e1laga Picasso de 3 estrellas con habitaciones superlimpias y un bonito jard\u00edn. <\/span><\/li>\n<li style=\"font-weight: 400;\" aria-level=\"1\"><span style=\"font-weight: 400;\">Usted todav\u00eda puede disfrutar de su estancia en M\u00e1laga con un presupuesto ajustado si usted elige TOC Hostel Malagam lugar popular en el centro hist\u00f3rico. <\/span><\/li>\n<li style=\"font-weight: 400;\" aria-level=\"1\"><span style=\"font-weight: 400;\">Convierta su viaje a M\u00e1laga en el recuerdo m\u00e1s brillante, pasando al menos un d\u00eda en Vincci Selecci\u00f3n Aleysa, Hotel Boutique &amp; Spa hotel de playa en Benalm\u00e1dena.<\/span><\/li>\n<\/ul>\n<h3><span class=\"ez-toc-section\" id=\"Mapa-de-hoteles-de-Malaga-con-precios\"><\/span>Mapa de hoteles de M\u00e1laga con precios<span class=\"ez-toc-section-end\"><\/span><\/h3>\n<p><script src=\"\/\/tp.media\/content?0=0&amp;1=10&amp;promo_id=4285&amp;shmarker=14350&amp;campaign_id=101&amp;search_host=air.eurodirections.com%2Fhotels&amp;locale=es&amp;currency=eur&amp;draggable=true&amp;disable_zoom=false&amp;show_logo=false&amp;scrollwheel=false&amp;color=%230759B0&amp;contrast_color=%23ffffff&amp;width=720&amp;height=500&amp;zoom=13&amp;radius=60&amp;stars=0%2C1%2C2%2C3%2C4%2C5&amp;price_from=&amp;price_to=&amp;lat=36.72016&amp;lng=-4.42034\" charset=\"utf-8\"><\/script><\/p>\n<h3><span class=\"ez-toc-section\" id=\"Vuelos-populares-a-Malaga\"><\/span>Vuelos populares a M\u00e1laga<span class=\"ez-toc-section-end\"><\/span><\/h3>\n<p><script src=\"https:\/\/tp.media\/content?trs=147545&amp;shmarker=14350&amp;destination=AGP&amp;target_host=air.eurodirections.com%2Fflights&amp;locale=es&amp;currency=eur&amp;limit=10&amp;powered_by=false&amp;primary=%230085FF&amp;promo_id=4044&amp;campaign_id=100\" charset=\"utf-8\"><\/script><\/p>\n<p><a title=\"Las mejores ciudades europeas\" href=\"https:\/\/eurodirections.com\/es\/las-mejores-ciudades-de-europa\/\" data-schema-attribute=\"about\"><br \/>\n<strong>Explore las mejores ciudades de Europa<\/strong><br \/>\n<\/a> en nuestros 100 destinos europeos o <strong>encuentre el vuelo de sus sue\u00f1os al precio m\u00e1s barato<\/strong> con nuestro buscador de billetes:<\/p>\n","protected":false},"excerpt":{"rendered":"<p>M\u00e1laga Explorer: lista de destinos M\u00e1laga, una de las ciudades m\u00e1s antiguas del mundo y el puerto mar\u00edtimo m\u00e1s activo del Mediterr\u00e1neo, atrae a los turistas no s\u00f3lo con playas perfectas, sino tambi\u00e9n con una rica arquitectura, monumentos hist\u00f3ricos, sabrosa gastronom\u00eda y hoteles de lujo para una estancia inolvidable. Con 300 d\u00edas de sol, M\u00e1laga [&hellip;]<\/p>\n","protected":false},"author":1,"featured_media":2689,"parent":0,"menu_order":0,"comment_status":"closed","ping_status":"closed","template":"","meta":{"footnotes":""},"class_list":["post-26223","page","type-page","status-publish","has-post-thumbnail","hentry"],"_links":{"self":[{"href":"https:\/\/eurodirections.com\/es\/wp-json\/wp\/v2\/pages\/26223","targetHints":{"allow":["GET"]}}],"collection":[{"href":"https:\/\/eurodirections.com\/es\/wp-json\/wp\/v2\/pages"}],"about":[{"href":"https:\/\/eurodirections.com\/es\/wp-json\/wp\/v2\/types\/page"}],"author":[{"embeddable":true,"href":"https:\/\/eurodirections.com\/es\/wp-json\/wp\/v2\/users\/1"}],"replies":[{"embeddable":true,"href":"https:\/\/eurodirections.com\/es\/wp-json\/wp\/v2\/comments?post=26223"}],"version-history":[{"count":0,"href":"https:\/\/eurodirections.com\/es\/wp-json\/wp\/v2\/pages\/26223\/revisions"}],"wp:featuredmedia":[{"embeddable":true,"href":"https:\/\/eurodirections.com\/es\/wp-json\/wp\/v2\/media\/2689"}],"wp:attachment":[{"href":"https:\/\/eurodirections.com\/es\/wp-json\/wp\/v2\/media?parent=26223"}],"curies":[{"name":"wp","href":"https:\/\/api.w.org\/{rel}","templated":true}]}}