{"id":22685,"date":"2022-04-01T14:27:31","date_gmt":"2022-04-01T14:27:31","guid":{"rendered":"https:\/\/eurodirections.com\/amsterdam-explorer-travel-guide\/"},"modified":"2023-03-24T13:16:25","modified_gmt":"2023-03-24T13:16:25","slug":"amsterdam","status":"publish","type":"page","link":"https:\/\/eurodirections.com\/es\/amsterdam\/","title":{"rendered":"\u00c1msterdam Explorer"},"content":{"rendered":"<div id=\"ez-toc-container\" class=\"ez-toc-v2_0_82_2 counter-hierarchy ez-toc-counter ez-toc-grey ez-toc-container-direction\">\n<div class=\"ez-toc-title-container\">\n<p class=\"ez-toc-title\" style=\"cursor:inherit\">Table of Contents<\/p>\n<span class=\"ez-toc-title-toggle\"><a href=\"#\" class=\"ez-toc-pull-right ez-toc-btn ez-toc-btn-xs ez-toc-btn-default ez-toc-toggle\" aria-label=\"Alternar tabla de contenidos\"><span class=\"ez-toc-js-icon-con\"><span class=\"\"><span class=\"eztoc-hide\" style=\"display:none;\">Toggle<\/span><span class=\"ez-toc-icon-toggle-span\"><svg style=\"fill: #999;color:#999\" xmlns=\"http:\/\/www.w3.org\/2000\/svg\" class=\"list-377408\" width=\"20px\" height=\"20px\" viewBox=\"0 0 24 24\" fill=\"none\"><path d=\"M6 6H4v2h2V6zm14 0H8v2h12V6zM4 11h2v2H4v-2zm16 0H8v2h12v-2zM4 16h2v2H4v-2zm16 0H8v2h12v-2z\" fill=\"currentColor\"><\/path><\/svg><svg style=\"fill: #999;color:#999\" class=\"arrow-unsorted-368013\" xmlns=\"http:\/\/www.w3.org\/2000\/svg\" width=\"10px\" height=\"10px\" viewBox=\"0 0 24 24\" version=\"1.2\" baseProfile=\"tiny\"><path d=\"M18.2 9.3l-6.2-6.3-6.2 6.3c-.2.2-.3.4-.3.7s.1.5.3.7c.2.2.4.3.7.3h11c.3 0 .5-.1.7-.3.2-.2.3-.5.3-.7s-.1-.5-.3-.7zM5.8 14.7l6.2 6.3 6.2-6.3c.2-.2.3-.5.3-.7s-.1-.5-.3-.7c-.2-.2-.4-.3-.7-.3h-11c-.3 0-.5.1-.7.3-.2.2-.3.5-.3.7s.1.5.3.7z\"\/><\/svg><\/span><\/span><\/span><\/a><\/span><\/div>\n<nav><ul class='ez-toc-list ez-toc-list-level-1 eztoc-toggle-hide-by-default' ><li class='ez-toc-page-1 ez-toc-heading-level-3'><a class=\"ez-toc-link ez-toc-heading-1\" href=\"https:\/\/eurodirections.com\/es\/amsterdam\/#Lista-de-cosas-que-hacer-antes-de-viajar-a-Amsterdam\" >Lista de cosas que hacer antes de viajar a \u00c1msterdam<\/a><\/li><li class='ez-toc-page-1 ez-toc-heading-level-3'><a class=\"ez-toc-link ez-toc-heading-2\" href=\"https:\/\/eurodirections.com\/es\/amsterdam\/#Guia-de-vuelos-baratos-a-Amsterdam\" >Gu\u00eda de vuelos baratos a Amsterdam<\/a><\/li><li class='ez-toc-page-1 ez-toc-heading-level-3'><a class=\"ez-toc-link ez-toc-heading-3\" href=\"https:\/\/eurodirections.com\/es\/amsterdam\/#Lo-que-no-debe-perderse-en-Amsterdam\" >Lo que no debe perderse en \u00c1msterdam<\/a><\/li><li class='ez-toc-page-1 ez-toc-heading-level-3'><a class=\"ez-toc-link ez-toc-heading-4\" href=\"https:\/\/eurodirections.com\/es\/amsterdam\/#Comer-como-un-lugareno-en-Amsterdam\" >Comer como un lugare\u00f1o en \u00c1msterdam<\/a><\/li><li class='ez-toc-page-1 ez-toc-heading-level-3'><a class=\"ez-toc-link ez-toc-heading-5\" href=\"https:\/\/eurodirections.com\/es\/amsterdam\/#Donde-alojarse-en-Amsterdam\" >D\u00f3nde alojarse en \u00c1msterdam<\/a><\/li><li class='ez-toc-page-1 ez-toc-heading-level-3'><a class=\"ez-toc-link ez-toc-heading-6\" href=\"https:\/\/eurodirections.com\/es\/amsterdam\/#Mapa-de-hoteles-de-Amsterdam-con-precios-por-habitacion\" >Mapa de hoteles de \u00c1msterdam con precios por habitaci\u00f3n<\/a><\/li><\/ul><\/nav><\/div>\n<h3><span class=\"ez-toc-section\" id=\"Lista-de-cosas-que-hacer-antes-de-viajar-a-Amsterdam\"><\/span><b>Lista de cosas que hacer antes de viajar a \u00c1msterdam<\/b><span class=\"ez-toc-section-end\"><\/span><\/h3>\n<p><span style=\"font-weight: 400;\">Entre en \u00c1msterdam y encontrar\u00e1 miles de cosas que hacer y ver.<br \/>\nLa ciudad m\u00e1s excitante de Europa, con sitios en cada esquina, hace que la gente vuelva aqu\u00ed una y otra vez.<br \/>\nTanto si busca un viaje cultural, vida nocturna o atracciones naturales, lo encontrar\u00e1 todo en un mismo lugar. <\/span><\/p>\n<h3><span class=\"ez-toc-section\" id=\"Guia-de-vuelos-baratos-a-Amsterdam\"><\/span>Gu\u00eda de vuelos baratos a Amsterdam<span class=\"ez-toc-section-end\"><\/span><\/h3>\n<p><span style=\"color: #999999;\">Asistente de viaje a \u00c1msterdam para viajeros que planean un viaje a los Pa\u00edses Bajos &#8211; encuentre vuelos baratos a \u00c1msterdam con la ayuda de la gu\u00eda de billetes baratos:<\/span><\/p>\n<p><script src=\"\/\/tp.media\/content?currency=eur&amp;promo_id=4044&amp;shmarker=14350&amp;campaign_id=100&amp;trs=147545&amp;target_host=air.eurodirections.com%2Fflights&amp;locale=es&amp;limit=12&amp;powered_by=true&amp;secondary=%23FF4000&amp;destination=AMS\" charset=\"utf-8\"><\/script><\/p>\n<h3><span class=\"ez-toc-section\" id=\"Lo-que-no-debe-perderse-en-Amsterdam\"><\/span><b>Lo que no debe perderse en \u00c1msterdam<\/b><span class=\"ez-toc-section-end\"><\/span><\/h3>\n<ul>\n<li style=\"font-weight: 400;\" aria-level=\"1\"><span style=\"font-weight: 400;\">Recorra \u00c1msterdam en bicicleta y descubra todas sus joyas ocultas.<\/span><\/li>\n<li style=\"font-weight: 400;\" aria-level=\"1\"><span style=\"font-weight: 400;\">Rel\u00e1jese y disfrute del sol y la naturaleza en Vondelpark, el mayor parque urbano.<\/span><\/li>\n<li style=\"font-weight: 400;\" aria-level=\"1\"><span style=\"font-weight: 400;\">Pi\u00e9rdase por el barrio de Jordaan, centro de historia, cultura y gastronom\u00eda.<\/span><\/li>\n<li style=\"font-weight: 400;\" aria-level=\"1\"><span style=\"font-weight: 400;\">Visite la Casa Museo Anna Frank, donde vivi\u00f3 dos a\u00f1os y escribi\u00f3 un diario que se convertir\u00eda en un best-seller.<\/span><\/li>\n<li style=\"font-weight: 400;\" aria-level=\"1\"><span style=\"font-weight: 400;\">Encuentre la mayor colecci\u00f3n de cuadros de Van Gogh en el Museo Van Gogh.<\/span><\/li>\n<li style=\"font-weight: 400;\" aria-level=\"1\"><span style=\"font-weight: 400;\">D\u00e9 un paseo nocturno por De Negen Straatjes (las Nueve Callejuelas) para explorar preciosas calles y boutiques. <\/span><\/li>\n<\/ul>\n<h3><span class=\"ez-toc-section\" id=\"Comer-como-un-lugareno-en-Amsterdam\"><\/span><b>Comer como un lugare\u00f1o en \u00c1msterdam<\/b><span class=\"ez-toc-section-end\"><\/span><\/h3>\n<ul>\n<li style=\"font-weight: 400;\" aria-level=\"1\"><span style=\"font-weight: 400;\">Cene en Jansz, un popular restaurante de exquisita cocina que anta\u00f1o fue una botica.<\/span><\/li>\n<li style=\"font-weight: 400;\" aria-level=\"1\"><span style=\"font-weight: 400;\">Para una cena asequible y sabrosa, dir\u00edjase a Hap-Hmm y pida un filete de ternera suave como la mantequilla.<\/span><\/li>\n<li style=\"font-weight: 400;\" aria-level=\"1\"><span style=\"font-weight: 400;\">Para degustar platos de pescado, visite Pesca, el \u00abteatro del pescado\u00bb, donde le obsequiar\u00e1n con una copa de champ\u00e1n mientras elige un plato. <\/span><\/li>\n<li style=\"font-weight: 400;\" aria-level=\"1\"><span style=\"font-weight: 400;\">Pasa una ma\u00f1ana estupenda en el Breakfast Club con un sabroso desayuno y caf\u00e9 arom\u00e1tico. <\/span><\/li>\n<li style=\"font-weight: 400;\" aria-level=\"1\"><span style=\"font-weight: 400;\">Vaya de bar en bar por \u00c1msterdam y empiece por Hiding in the Plain Sight, un bar de estilo speakeasy.<\/span><\/li>\n<\/ul>\n<h3><span class=\"ez-toc-section\" id=\"Donde-alojarse-en-Amsterdam\"><\/span><b>D\u00f3nde alojarse en \u00c1msterdam<\/b><span class=\"ez-toc-section-end\"><\/span><\/h3>\n<ul>\n<li style=\"font-weight: 400;\" aria-level=\"1\"><span style=\"font-weight: 400;\"><strong>El Hotel TwentySeven<\/strong> &#8211; Small Luxury Hotels of the World es sin duda su elecci\u00f3n para disfrutar de \u00c1msterdam con absoluto lujo.<\/span><\/li>\n<li style=\"font-weight: 400;\" aria-level=\"1\"><span style=\"font-weight: 400;\">Encuentre la inimaginable combinaci\u00f3n de colores y texturas en <strong>el Hotel Esther\u00e9a<\/strong> de 4 estrellas.<\/span><\/li>\n<li style=\"font-weight: 400;\" aria-level=\"1\"><span style=\"font-weight: 400;\">La comodidad puede seguir siendo asequible en <strong>el Hotel Aalders<\/strong> de 3 estrellas, con colores apagados en las habitaciones.<\/span><\/li>\n<li style=\"font-weight: 400;\" aria-level=\"1\"><span style=\"font-weight: 400;\">Elija el concepto del <strong>BUNK Hotel<\/strong> Amsterdam, donde el lujo asequible se combina con literas de dise\u00f1o exclusivo. <\/span><\/li>\n<li style=\"font-weight: 400;\" aria-level=\"1\"><span style=\"font-weight: 400;\">Haga una excursi\u00f3n de un d\u00eda a la playa de Scheveningen y al\u00f3jese en <strong>el Hotel Ramada The Hague Scheveningen<\/strong>.<\/span><\/li>\n<\/ul>\n<p><script src=\"https:\/\/www.travelpayouts.com\/chansey\/iframe.js?v=1&amp;marker=14350&amp;host=air.eurodirections.com%2Fhotels&amp;locale=es&amp;currency=eur&amp;nobooking=&amp;powered_by=false&amp;hotel_id=296344\" charset=\"utf-8\" async=\"\"><\/script><\/p>\n<p>\u2014<\/p>\n<h3><span class=\"ez-toc-section\" id=\"Mapa-de-hoteles-de-Amsterdam-con-precios-por-habitacion\"><\/span>Mapa de hoteles de \u00c1msterdam con precios por habitaci\u00f3n<span class=\"ez-toc-section-end\"><\/span><\/h3>\n<p><script src=\"\/\/tp.media\/content?0=0&amp;1=10&amp;promo_id=4285&amp;shmarker=14350&amp;campaign_id=101&amp;search_host=air.eurodirections.com%2Fhotels&amp;locale=es&amp;currency=eur&amp;draggable=true&amp;disable_zoom=false&amp;show_logo=false&amp;scrollwheel=false&amp;color=%230759B0&amp;contrast_color=%23ffffff&amp;width=720&amp;height=500&amp;zoom=14&amp;radius=60&amp;stars=0%2C1%2C2%2C3%2C4%2C5&amp;price_from=&amp;price_to=&amp;lat=52.373094&amp;lng=4.892535\" charset=\"utf-8\"><\/script><br \/>\n\u2014<\/p>\n<p>Explore <strong><br \/>\n<a title=\"Explore las mejores ciudades de Europa\" href=\"https:\/\/eurodirections.com\/es\/las-mejores-ciudades-de-europa\/\" target=\"_blank\" rel=\"noopener\" data-schema-attribute=\"about\">las mejores ciudades de Europa aqu\u00ed<\/a><br \/>\n<\/strong> o <strong>consulte los precios de los vuelos<\/strong> \u2708 para su pr\u00f3ximo destino de viaje a continuaci\u00f3n:<\/p>\n<p><script src=\"\/\/tp.media\/content?currency=eur&amp;promo_id=7873&amp;shmarker=14350&amp;campaign_id=101&amp;trs=147545&amp;show_hotels=false&amp;locale=en&amp;searchUrl=search.hotellook.com&amp;primary=%23FF6600&amp;secondary=%23FFFFFF&amp;dark=%23262626&amp;light=%23FFFFFF&amp;special=%23C4C4C4&amp;border_radius=5&amp;no_labels=&amp;plain=true&amp;powered_by=false\" charset=\"utf-8\"><\/script><\/p>\n","protected":false},"excerpt":{"rendered":"<p>Lista de cosas que hacer antes de viajar a \u00c1msterdam Entre en \u00c1msterdam y encontrar\u00e1 miles de cosas que hacer y ver. La ciudad m\u00e1s excitante de Europa, con sitios en cada esquina, hace que la gente vuelva aqu\u00ed una y otra vez. Tanto si busca un viaje cultural, vida nocturna o atracciones naturales, lo [&hellip;]<\/p>\n","protected":false},"author":1,"featured_media":2595,"parent":0,"menu_order":0,"comment_status":"closed","ping_status":"closed","template":"","meta":{"footnotes":""},"class_list":["post-22685","page","type-page","status-publish","has-post-thumbnail","hentry"],"_links":{"self":[{"href":"https:\/\/eurodirections.com\/es\/wp-json\/wp\/v2\/pages\/22685","targetHints":{"allow":["GET"]}}],"collection":[{"href":"https:\/\/eurodirections.com\/es\/wp-json\/wp\/v2\/pages"}],"about":[{"href":"https:\/\/eurodirections.com\/es\/wp-json\/wp\/v2\/types\/page"}],"author":[{"embeddable":true,"href":"https:\/\/eurodirections.com\/es\/wp-json\/wp\/v2\/users\/1"}],"replies":[{"embeddable":true,"href":"https:\/\/eurodirections.com\/es\/wp-json\/wp\/v2\/comments?post=22685"}],"version-history":[{"count":0,"href":"https:\/\/eurodirections.com\/es\/wp-json\/wp\/v2\/pages\/22685\/revisions"}],"wp:featuredmedia":[{"embeddable":true,"href":"https:\/\/eurodirections.com\/es\/wp-json\/wp\/v2\/media\/2595"}],"wp:attachment":[{"href":"https:\/\/eurodirections.com\/es\/wp-json\/wp\/v2\/media?parent=22685"}],"curies":[{"name":"wp","href":"https:\/\/api.w.org\/{rel}","templated":true}]}}