{"id":22636,"date":"2022-04-06T10:11:24","date_gmt":"2022-04-06T10:11:24","guid":{"rendered":"https:\/\/eurodirections.com\/lista-de-destinos-de-atenas\/"},"modified":"2023-03-24T12:16:56","modified_gmt":"2023-03-24T12:16:56","slug":"atenas","status":"publish","type":"page","link":"https:\/\/eurodirections.com\/es\/atenas\/","title":{"rendered":"Lista de destinos de Atenas"},"content":{"rendered":"<div id=\"ez-toc-container\" class=\"ez-toc-v2_0_82_2 counter-hierarchy ez-toc-counter ez-toc-grey ez-toc-container-direction\">\n<div class=\"ez-toc-title-container\">\n<p class=\"ez-toc-title\" style=\"cursor:inherit\">Table of Contents<\/p>\n<span class=\"ez-toc-title-toggle\"><a href=\"#\" class=\"ez-toc-pull-right ez-toc-btn ez-toc-btn-xs ez-toc-btn-default ez-toc-toggle\" aria-label=\"Alternar tabla de contenidos\"><span class=\"ez-toc-js-icon-con\"><span class=\"\"><span class=\"eztoc-hide\" style=\"display:none;\">Toggle<\/span><span class=\"ez-toc-icon-toggle-span\"><svg style=\"fill: #999;color:#999\" xmlns=\"http:\/\/www.w3.org\/2000\/svg\" class=\"list-377408\" width=\"20px\" height=\"20px\" viewBox=\"0 0 24 24\" fill=\"none\"><path d=\"M6 6H4v2h2V6zm14 0H8v2h12V6zM4 11h2v2H4v-2zm16 0H8v2h12v-2zM4 16h2v2H4v-2zm16 0H8v2h12v-2z\" fill=\"currentColor\"><\/path><\/svg><svg style=\"fill: #999;color:#999\" class=\"arrow-unsorted-368013\" xmlns=\"http:\/\/www.w3.org\/2000\/svg\" width=\"10px\" height=\"10px\" viewBox=\"0 0 24 24\" version=\"1.2\" baseProfile=\"tiny\"><path d=\"M18.2 9.3l-6.2-6.3-6.2 6.3c-.2.2-.3.4-.3.7s.1.5.3.7c.2.2.4.3.7.3h11c.3 0 .5-.1.7-.3.2-.2.3-.5.3-.7s-.1-.5-.3-.7zM5.8 14.7l6.2 6.3 6.2-6.3c.2-.2.3-.5.3-.7s-.1-.5-.3-.7c-.2-.2-.4-.3-.7-.3h-11c-.3 0-.5.1-.7.3-.2.2-.3.5-.3.7s.1.5.3.7z\"\/><\/svg><\/span><\/span><\/span><\/a><\/span><\/div>\n<nav><ul class='ez-toc-list ez-toc-list-level-1 eztoc-toggle-hide-by-default' ><li class='ez-toc-page-1 ez-toc-heading-level-2'><a class=\"ez-toc-link ez-toc-heading-1\" href=\"https:\/\/eurodirections.com\/es\/atenas\/#Lista-de-cosas-que-hacer-en-Atenas-guia-de-viaje\" >Lista de cosas que hacer en Atenas | gu\u00eda de viaje<\/a><ul class='ez-toc-list-level-3' ><li class='ez-toc-heading-level-3'><a class=\"ez-toc-link ez-toc-heading-2\" href=\"https:\/\/eurodirections.com\/es\/atenas\/#Cosas-que-no-debe-perderse-en-Atenas\" >Cosas que no debe perderse en Atenas<\/a><\/li><li class='ez-toc-page-1 ez-toc-heading-level-3'><a class=\"ez-toc-link ez-toc-heading-3\" href=\"https:\/\/eurodirections.com\/es\/atenas\/#Comer-como-un-lugareno-en-Atenas\" >Comer como un lugare\u00f1o en Atenas<\/a><\/li><li class='ez-toc-page-1 ez-toc-heading-level-3'><a class=\"ez-toc-link ez-toc-heading-4\" href=\"https:\/\/eurodirections.com\/es\/atenas\/#Donde-alojarse-en-Atenas\" >D\u00f3nde alojarse en Atenas<\/a><\/li><li class='ez-toc-page-1 ez-toc-heading-level-3'><a class=\"ez-toc-link ez-toc-heading-5\" href=\"https:\/\/eurodirections.com\/es\/atenas\/#Mapa-con-precios-de-los-hoteles-de-Atenas\" >Mapa con precios de los hoteles de Atenas<\/a><\/li><li class='ez-toc-page-1 ez-toc-heading-level-3'><a class=\"ez-toc-link ez-toc-heading-6\" href=\"https:\/\/eurodirections.com\/es\/atenas\/#Vuelo-a-Atenas\" >Vuelo a Atenas<\/a><\/li><\/ul><\/li><\/ul><\/nav><\/div>\n<h2><span class=\"ez-toc-section\" id=\"Lista-de-cosas-que-hacer-en-Atenas-guia-de-viaje\"><\/span><b>Lista de cosas que hacer en Atenas | gu\u00eda de viaje<\/b><span class=\"ez-toc-section-end\"><\/span><\/h2>\n<p><span style=\"font-weight: 400;\">Atenas, una de las ciudades m\u00e1s antiguas del mundo, cuna de civilizaciones y cuna de la democracia, es hoy un popular destino tur\u00edstico con cientos de cosas que ver y hacer. Visitadas por m\u00e1s de 6 millones de turistas al a\u00f1o, las famosas atracciones de Atenas est\u00e1n siempre abarrotadas, y la vida bulle desde el atardecer hasta el amanecer. <\/span><\/p>\n<p><iframe style=\"border: 1px solid #EEE; background: white;\" src=\"about:blank\" width=\"880\" height=\"270\" frameborder=\"0\" scrolling=\"no\" class=\"lazyload\" data-src=\"https:\/\/eurodirections.substack.com\/embed\"><span data-mce-type=\"bookmark\" style=\"display: inline-block; width: 0px; overflow: hidden; line-height: 0;\" class=\"mce_SELRES_start\"><\/span><span data-mce-type=\"bookmark\" style=\"display: inline-block; width: 0px; overflow: hidden; line-height: 0;\" class=\"mce_SELRES_start\" align=\"center\"><\/span><\/iframe><\/p>\n<h3><span class=\"ez-toc-section\" id=\"Cosas-que-no-debe-perderse-en-Atenas\"><\/span><b>Cosas que no debe perderse en Atenas<\/b><span class=\"ez-toc-section-end\"><\/span><\/h3>\n<ul>\n<li style=\"font-weight: 400;\" aria-level=\"1\"><span style=\"font-weight: 400;\">Suba a la Acr\u00f3polis para ver el Parten\u00f3n, el Erectei\u00f3n y el Templo de Atenea Nike, y disfrute de las vistas de la ciudad. <\/span><\/li>\n<li style=\"font-weight: 400;\" aria-level=\"1\"><span style=\"font-weight: 400;\">Pasee por los barrios de Pl\u00e1ka y Anafiotika, lugares tur\u00edsticos con ambiente de pueblo griego, callejuelas empedradas y placitas. <\/span><\/li>\n<li style=\"font-weight: 400;\" aria-level=\"1\"><span style=\"font-weight: 400;\">Visite el \u00c1gora Antigua: ruinas del mercado con la Stoa de Attalos y el Templo de Hefaistos. <\/span><\/li>\n<li style=\"font-weight: 400;\" aria-level=\"1\"><span style=\"font-weight: 400;\">Cambia de paisaje y explora el moderno arte del grafiti callejero en Atenas.<\/span><\/li>\n<li style=\"font-weight: 400;\" aria-level=\"1\"><span style=\"font-weight: 400;\">Encuentre los preciados artefactos de la historia griega y mundial en el Museo de Arte Cicl\u00e1dico.<\/span><\/li>\n<li style=\"font-weight: 400;\" aria-level=\"1\"><span style=\"font-weight: 400;\">Asista al cambio de guardia en el edificio del Parlamento en Syntagma.<\/span><\/li>\n<\/ul>\n<h3><span class=\"ez-toc-section\" id=\"Comer-como-un-lugareno-en-Atenas\"><\/span><b>Comer como un lugare\u00f1o en Atenas<\/b><span class=\"ez-toc-section-end\"><\/span><\/h3>\n<ul>\n<li style=\"font-weight: 400;\" aria-level=\"1\"><span style=\"font-weight: 400;\">Cuando vaya de compras por Plaka, encuentre la mejor ensalada griega en Pantelis Melissions El Poeta Sandalero.<\/span><\/li>\n<li style=\"font-weight: 400;\" aria-level=\"1\"><span style=\"font-weight: 400;\">Consiga las mejores loukoumades (rosquillas griegas) cubiertas de miel y canela en Lukumades.<\/span><\/li>\n<li style=\"font-weight: 400;\" aria-level=\"1\"><span style=\"font-weight: 400;\">Coma los aut\u00e9nticos Gyros con clase y aprenda a pronunciar correctamente el nombre.<\/span><\/li>\n<li style=\"font-weight: 400;\" aria-level=\"1\"><span style=\"font-weight: 400;\">Explore el Mercado Central de Atenas para encontrar carne y pescado frescos, queso y, por supuesto, aceitunas.<\/span><\/li>\n<li style=\"font-weight: 400;\" aria-level=\"1\"><span style=\"font-weight: 400;\">Disfrute de la velada y la cena en uno de los restaurantes de la calle Mnisikleous, el barrio m\u00e1s concurrido con un ambiente relajado.<\/span><\/li>\n<li style=\"font-weight: 400;\" aria-level=\"1\"><span style=\"font-weight: 400;\">Mientras salta de un museo a otro, c\u00f3mase sobre la marcha un pastel, como tiropita o spanakopita, en una de las pasteler\u00edas callejeras.<\/span><\/li>\n<\/ul>\n<h3><span class=\"ez-toc-section\" id=\"Donde-alojarse-en-Atenas\"><\/span><b>D\u00f3nde alojarse en Atenas<\/b><span class=\"ez-toc-section-end\"><\/span><\/h3>\n<ul>\n<li style=\"font-weight: 400;\" aria-level=\"1\"><span style=\"font-weight: 400;\">Elija el hotel de 5 estrellas Hellenic Vibes Smart Hotel de Atenas, con un interior moderno y minimalista y detalles para una estancia de lujo.<\/span><\/li>\n<li style=\"font-weight: 400;\" aria-level=\"1\"><span style=\"font-weight: 400;\">Disfrute de las vibraciones de Atenas desde la comodidad de su habitaci\u00f3n en el Ivis 4 Boutique Hotel, un establecimiento de 4 estrellas situado en el coraz\u00f3n de Atenas.<\/span><\/li>\n<li style=\"font-weight: 400;\" aria-level=\"1\"><span style=\"font-weight: 400;\">NLH KERAMEIKOS &#8211; Neighborhood Lifestyle Hotels es una opci\u00f3n perfecta si busca un hotel asequible pero c\u00f3modo y con estilo.<\/span><\/li>\n<li style=\"font-weight: 400;\" aria-level=\"1\"><span style=\"font-weight: 400;\">Hecho por viajeros y para viajeros, el albergue Nubian de Atenas es un lugar estupendo para encontrar comodidad aunque tengas un presupuesto ajustado.<\/span><\/li>\n<li style=\"font-weight: 400;\" aria-level=\"1\"><span style=\"font-weight: 400;\">Haga una excursi\u00f3n de un d\u00eda a Tolo, en el Peloponeso, para disfrutar de las paradis\u00edacas playas de Grecia y alojarse en un hotel de moda de 4 estrellas, John &amp; George.<\/span><\/li>\n<\/ul>\n<h3><span class=\"ez-toc-section\" id=\"Mapa-con-precios-de-los-hoteles-de-Atenas\"><\/span>Mapa con precios de los hoteles de Atenas<span class=\"ez-toc-section-end\"><\/span><\/h3>\n<p><script src=\"\/\/tp.media\/content?0=0&amp;1=10&amp;promo_id=4285&amp;shmarker=14350&amp;campaign_id=101&amp;search_host=air.eurodirections.com%2Fhotels&amp;locale=en&amp;currency=eur&amp;draggable=true&amp;disable_zoom=false&amp;show_logo=false&amp;scrollwheel=false&amp;color=%230759B0&amp;contrast_color=%23ffffff&amp;width=720&amp;height=500&amp;zoom=13&amp;radius=60&amp;stars=0%2C1%2C2%2C3%2C4%2C5&amp;price_from=&amp;price_to=&amp;lat=37.987128&amp;lng=23.726691\" charset=\"utf-8\"><\/script><\/p>\n<h3 style=\"text-align: left;\"><span class=\"ez-toc-section\" id=\"Vuelo-a-Atenas\"><\/span>Vuelo a Atenas<span class=\"ez-toc-section-end\"><\/span><\/h3>\n<p><script src=\"https:\/\/tp.media\/content?trs=147545&amp;shmarker=14350&amp;destination=ATH&amp;target_host=air.eurodirections.com%2Fflights&amp;locale=en&amp;currency=eur&amp;limit=10&amp;powered_by=false&amp;primary=%23D80D61ff&amp;promo_id=4044&amp;campaign_id=100\" charset=\"utf-8\"><\/script><\/p>\n<p><a href=\"https:\/\/eurodirections.com\/es\/vuelo-a-atenas-grecia\/\">Explorar todos los vuelos a Atenas<\/a><\/p>\n<p><script type=\"application\/ld+json\">\n{\n    \"@context\": \"http:\/\/schema.org\",\n    \"@type\": \"WebPage\",\n    \"name\": \"Gu\u00eda de Atenas, Grecia\",\n    \"description\": \"Explora Atenas, Grecia: una de las ciudades m\u00e1s antiguas del mundo, cuna de civilizaciones y lugar de nacimiento de la democracia, es ahora un popular destino tur\u00edstico con cientos de cosas para ver y hacer.<span data-mce-type=\"bookmark\" style=\"display: inline-block; width: 0px; overflow: hidden; line-height: 0;\" class=\"mce_SELRES_start\">\ufeff<\/span>\",\n    \"publisher\": {\n        \"@type\": \"WebPage\",\n        \"name\": \"Eurodirections.com\"\n    }\n}\n<\/script><\/p>\n","protected":false},"excerpt":{"rendered":"<p>Lista de cosas que hacer en Atenas | gu\u00eda de viaje Atenas, una de las ciudades m\u00e1s antiguas del mundo, cuna de civilizaciones y cuna de la democracia, es hoy un popular destino tur\u00edstico con cientos de cosas que ver y hacer. Visitadas por m\u00e1s de 6 millones de turistas al a\u00f1o, las famosas atracciones [&hellip;]<\/p>\n","protected":false},"author":1,"featured_media":2675,"parent":0,"menu_order":0,"comment_status":"closed","ping_status":"closed","template":"","meta":{"footnotes":""},"class_list":["post-22636","page","type-page","status-publish","has-post-thumbnail","hentry"],"_links":{"self":[{"href":"https:\/\/eurodirections.com\/es\/wp-json\/wp\/v2\/pages\/22636","targetHints":{"allow":["GET"]}}],"collection":[{"href":"https:\/\/eurodirections.com\/es\/wp-json\/wp\/v2\/pages"}],"about":[{"href":"https:\/\/eurodirections.com\/es\/wp-json\/wp\/v2\/types\/page"}],"author":[{"embeddable":true,"href":"https:\/\/eurodirections.com\/es\/wp-json\/wp\/v2\/users\/1"}],"replies":[{"embeddable":true,"href":"https:\/\/eurodirections.com\/es\/wp-json\/wp\/v2\/comments?post=22636"}],"version-history":[{"count":0,"href":"https:\/\/eurodirections.com\/es\/wp-json\/wp\/v2\/pages\/22636\/revisions"}],"wp:featuredmedia":[{"embeddable":true,"href":"https:\/\/eurodirections.com\/es\/wp-json\/wp\/v2\/media\/2675"}],"wp:attachment":[{"href":"https:\/\/eurodirections.com\/es\/wp-json\/wp\/v2\/media?parent=22636"}],"curies":[{"name":"wp","href":"https:\/\/api.w.org\/{rel}","templated":true}]}}