{"id":22258,"date":"2022-04-05T19:00:54","date_gmt":"2022-04-05T19:00:54","guid":{"rendered":"https:\/\/eurodirections.com\/lisboa\/"},"modified":"2023-03-20T09:02:51","modified_gmt":"2023-03-20T09:02:51","slug":"lisboa","status":"publish","type":"page","link":"https:\/\/eurodirections.com\/es\/lisboa\/","title":{"rendered":"Lisboa"},"content":{"rendered":"<div id=\"ez-toc-container\" class=\"ez-toc-v2_0_82_2 counter-hierarchy ez-toc-counter ez-toc-grey ez-toc-container-direction\">\n<div class=\"ez-toc-title-container\">\n<p class=\"ez-toc-title\" style=\"cursor:inherit\">Table of Contents<\/p>\n<span class=\"ez-toc-title-toggle\"><a href=\"#\" class=\"ez-toc-pull-right ez-toc-btn ez-toc-btn-xs ez-toc-btn-default ez-toc-toggle\" aria-label=\"Alternar tabla de contenidos\"><span class=\"ez-toc-js-icon-con\"><span class=\"\"><span class=\"eztoc-hide\" style=\"display:none;\">Toggle<\/span><span class=\"ez-toc-icon-toggle-span\"><svg style=\"fill: #999;color:#999\" xmlns=\"http:\/\/www.w3.org\/2000\/svg\" class=\"list-377408\" width=\"20px\" height=\"20px\" viewBox=\"0 0 24 24\" fill=\"none\"><path d=\"M6 6H4v2h2V6zm14 0H8v2h12V6zM4 11h2v2H4v-2zm16 0H8v2h12v-2zM4 16h2v2H4v-2zm16 0H8v2h12v-2z\" fill=\"currentColor\"><\/path><\/svg><svg style=\"fill: #999;color:#999\" class=\"arrow-unsorted-368013\" xmlns=\"http:\/\/www.w3.org\/2000\/svg\" width=\"10px\" height=\"10px\" viewBox=\"0 0 24 24\" version=\"1.2\" baseProfile=\"tiny\"><path d=\"M18.2 9.3l-6.2-6.3-6.2 6.3c-.2.2-.3.4-.3.7s.1.5.3.7c.2.2.4.3.7.3h11c.3 0 .5-.1.7-.3.2-.2.3-.5.3-.7s-.1-.5-.3-.7zM5.8 14.7l6.2 6.3 6.2-6.3c.2-.2.3-.5.3-.7s-.1-.5-.3-.7c-.2-.2-.4-.3-.7-.3h-11c-.3 0-.5.1-.7.3-.2.2-.3.5-.3.7s.1.5.3.7z\"\/><\/svg><\/span><\/span><\/span><\/a><\/span><\/div>\n<nav><ul class='ez-toc-list ez-toc-list-level-1 eztoc-toggle-hide-by-default' ><li class='ez-toc-page-1 ez-toc-heading-level-2'><a class=\"ez-toc-link ez-toc-heading-1\" href=\"https:\/\/eurodirections.com\/es\/lisboa\/#Explorar-Lisboa-bucket-list-para-turistas\" >Explorar Lisboa: bucket list para turistas<\/a><ul class='ez-toc-list-level-3' ><li class='ez-toc-heading-level-3'><a class=\"ez-toc-link ez-toc-heading-2\" href=\"https:\/\/eurodirections.com\/es\/lisboa\/#Lo-que-no-debe-perderse-en-Lisboa\" >Lo que no debe perderse en Lisboa<\/a><\/li><li class='ez-toc-page-1 ez-toc-heading-level-3'><a class=\"ez-toc-link ez-toc-heading-3\" href=\"https:\/\/eurodirections.com\/es\/lisboa\/#Comer-como-un-lisboeta\" >Comer como un lisboeta<\/a><\/li><li class='ez-toc-page-1 ez-toc-heading-level-3'><a class=\"ez-toc-link ez-toc-heading-4\" href=\"https:\/\/eurodirections.com\/es\/lisboa\/#Donde-alojarse-en-Lisboa\" >D\u00f3nde alojarse en Lisboa<\/a><\/li><li class='ez-toc-page-1 ez-toc-heading-level-3'><a class=\"ez-toc-link ez-toc-heading-5\" href=\"https:\/\/eurodirections.com\/es\/lisboa\/#Vuelo-a-Lisboa\" >Vuelo a Lisboa<\/a><\/li><\/ul><\/li><\/ul><\/nav><\/div>\n<p>Siga la serie especial de la revista de viajes Euro Directions sobre los <a title=\"Las mejores ciudades de Europa\" href=\"https:\/\/eurodirections.com\/es\/las-mejores-ciudades-de-europa\/\" data-schema-attribute=\"about\">mejores destinos tur\u00edsticos<\/a> de Europa<\/p>\n<h2><span class=\"ez-toc-section\" id=\"Explorar-Lisboa-bucket-list-para-turistas\"><\/span><b>Explorar Lisboa: bucket list para turistas<\/b><span class=\"ez-toc-section-end\"><\/span><\/h2>\n<p><span style=\"font-weight: 400;\">La capital costera de Portugal, con edificios de colores pastel y tejados de tejas, es la ciudad m\u00e1s grande y el centro pol\u00edtico, econ\u00f3mico y tur\u00edstico del pa\u00eds. La ciudad a\u00fan conserva el ambiente del siglo XIX a pesar de la moderna conducci\u00f3n y los edificios. Encontrar\u00e1 una arquitectura \u00fanica, una rica historia, la mejor gastronom\u00eda y una vida nocturna que no querr\u00e1 perderse.<\/span><\/p>\n<h3><span class=\"ez-toc-section\" id=\"Lo-que-no-debe-perderse-en-Lisboa\"><\/span><b>Lo que no debe perderse en Lisboa<\/b><span class=\"ez-toc-section-end\"><\/span><\/h3>\n<ul>\n<li style=\"font-weight: 400;\" aria-level=\"1\"><span style=\"font-weight: 400;\">Marav\u00edllese ante la Torre de Bel\u00e9m, una hermosa torre, mezcla de arquitectura g\u00f3tica y rom\u00e1nica. <\/span><\/li>\n<li style=\"font-weight: 400;\" aria-level=\"1\"><span style=\"font-weight: 400;\">Viaje en el tranv\u00eda 28 por las empinadas calles adoquinadas y descubra la historia de la ciudad mientras atraviesa sus majestuosos parajes. <\/span><\/li>\n<li style=\"font-weight: 400;\" aria-level=\"1\"><span style=\"font-weight: 400;\">Pasee por el barrio de Alfama, la parte m\u00e1s antigua de la ciudad, con calles serpenteantes y callejuelas estrechas, capillas con fachadas de azulejos y la Catedral de Lisboa.<\/span><\/li>\n<li style=\"font-weight: 400;\" aria-level=\"1\"><span style=\"font-weight: 400;\">Disfrute de la vida nocturna del Bairro Alto y tome una caipirinha en uno de los bares del barrio. <\/span><\/li>\n<li style=\"font-weight: 400;\" aria-level=\"1\"><span style=\"font-weight: 400;\">Encuentra Casa Independente, una residencia privada con habitaciones amuebladas y un ambiente desenfadado donde disfrutar de copas, m\u00fasica fresca y fiestas. <\/span><\/li>\n<\/ul>\n<p><iframe style=\"border: 1px solid #EEE; background: white;\" src=\"about:blank\" width=\"880\" height=\"270\" frameborder=\"0\" scrolling=\"no\" class=\"lazyload\" data-src=\"https:\/\/eurodirections.substack.com\/embed\"><span data-mce-type=\"bookmark\" style=\"display: inline-block; width: 0px; overflow: hidden; line-height: 0;\" class=\"mce_SELRES_start\"><\/span><span data-mce-type=\"bookmark\" style=\"display: inline-block; width: 0px; overflow: hidden; line-height: 0;\" class=\"mce_SELRES_start\" align=\"center\"><\/span><\/iframe><\/p>\n<h3><span class=\"ez-toc-section\" id=\"Comer-como-un-lisboeta\"><\/span><b>Comer como un lisboeta<\/b><span class=\"ez-toc-section-end\"><\/span><\/h3>\n<ul>\n<li style=\"font-weight: 400;\" aria-level=\"1\"><span style=\"font-weight: 400;\">Encuentre m\u00e1s de 40 categor\u00edas de comida en el Time Out Market Lisboa y dedique alg\u00fan tiempo a probar al menos la mitad de ellas. <\/span><\/li>\n<li style=\"font-weight: 400;\" aria-level=\"1\"><span style=\"font-weight: 400;\">Disfrute de una de las comidas m\u00e1s sorprendentes en el restaurante Loco, galardonado con una estrella Michelin y especializado en cocina portuguesa de vanguardia.<\/span><\/li>\n<li style=\"font-weight: 400;\" aria-level=\"1\"><span style=\"font-weight: 400;\">Visite el restaurante m\u00e1s antiguo de Lisboa, Martinho da Arcada, para disfrutar de una taza de caf\u00e9.<\/span><\/li>\n<li style=\"font-weight: 400;\" aria-level=\"1\"><span style=\"font-weight: 400;\">Pruebe el mejor bacalao asado, filetes de ternera y patatas asadas en Z\u00e9 da Mouraria.<\/span><\/li>\n<li style=\"font-weight: 400;\" aria-level=\"1\"><span style=\"font-weight: 400;\">Cene en Gambrinus con una croqueta, tulip\u00e1n Gambrinus (cerveza mixta) y observe la preparaci\u00f3n del caf\u00e9 globo.<\/span><\/li>\n<li style=\"font-weight: 400;\" aria-level=\"1\"><span style=\"font-weight: 400;\">Haz una foto de las tortitas con mascarpone y fresas en la cafeter\u00eda Nicolau Lisboa.<\/span><\/li>\n<\/ul>\n<h3><span class=\"ez-toc-section\" id=\"Donde-alojarse-en-Lisboa\"><\/span><b>D\u00f3nde alojarse en Lisboa<\/b><span class=\"ez-toc-section-end\"><\/span><\/h3>\n<ul>\n<li style=\"font-weight: 400;\" aria-level=\"1\"><span style=\"font-weight: 400;\">Elija el ambiente del Hotel de 5 estrellas Wine &amp; Books Lisboa que se convertir\u00e1 en el mejor ep\u00edtome de sus vacaciones en la capital. <\/span><\/li>\n<li style=\"font-weight: 400;\" aria-level=\"1\"><span style=\"font-weight: 400;\">Situado en el hist\u00f3rico barrio de Alfama, el Memmo Alfama &#8211; Design Hotel de 4 estrellas le har\u00e1 disfrutar de cada momento de su estancia.<\/span><\/li>\n<li style=\"font-weight: 400;\" aria-level=\"1\"><span style=\"font-weight: 400;\">Be Poet Baixa Hotel tiene una opci\u00f3n m\u00e1s asequible con un interior moderno, colores ricos y decoraciones.<\/span><\/li>\n<li style=\"font-weight: 400;\" aria-level=\"1\"><span style=\"font-weight: 400;\">\u00a1Ahorre en el alojamiento en Lisboa y siga disfrutando de la comodidad reservando una cama en Yes! Albergue de Lisboa.<\/span><\/li>\n<li style=\"font-weight: 400;\" aria-level=\"1\"><span style=\"font-weight: 400;\">Haga una excursi\u00f3n de un d\u00eda a Cascais y al\u00f3jese en un lujoso hotel Westlight Cascais Chalet con impresionantes vistas a la playa.<\/span><\/li>\n<\/ul>\n<p><script src=\"https:\/\/www.travelpayouts.com\/chansey\/iframe.js?v=1&amp;marker=14350&amp;host=air.eurodirections.com%2Fhotels&amp;locale=en&amp;currency=eur&amp;nobooking=&amp;powered_by=false&amp;hotel_id=1901035476\" charset=\"utf-8\" async=\"\"><\/script><\/p>\n<h3><span class=\"ez-toc-section\" id=\"Vuelo-a-Lisboa\"><\/span>Vuelo a Lisboa<span class=\"ez-toc-section-end\"><\/span><\/h3>\n<p>Explore varias <a title=\"Lisboa directorio y calendario de vuelos\" href=\"https:\/\/eurodirections.com\/es\/vuelos-lisboa\/\" target=\"_blank\" rel=\"noopener\">opciones de vuelos para viajar a Lisboa<\/a>.<\/p>\n<p><script src=\"https:\/\/tp.media\/content?trs=147545&amp;shmarker=14350&amp;destination=LIS&amp;locale=es&amp;currency=eur&amp;limit=10&amp;primary=%23E9166Cff&amp;promo_id=7291&amp;campaign_id=200\" charset=\"utf-8\"><span data-mce-type=\"bookmark\" style=\"display: inline-block; width: 0px; overflow: hidden; line-height: 0;\" class=\"mce_SELRES_start\">\ufeff<\/span><\/script><\/p>\n","protected":false},"excerpt":{"rendered":"<p>Siga la serie especial de la revista de viajes Euro Directions sobre los mejores destinos tur\u00edsticos de Europa Explorar Lisboa: bucket list para turistas La capital costera de Portugal, con edificios de colores pastel y tejados de tejas, es la ciudad m\u00e1s grande y el centro pol\u00edtico, econ\u00f3mico y tur\u00edstico del pa\u00eds. La ciudad a\u00fan [&hellip;]<\/p>\n","protected":false},"author":1,"featured_media":2671,"parent":0,"menu_order":0,"comment_status":"closed","ping_status":"closed","template":"","meta":{"footnotes":""},"class_list":["post-22258","page","type-page","status-publish","has-post-thumbnail","hentry"],"_links":{"self":[{"href":"https:\/\/eurodirections.com\/es\/wp-json\/wp\/v2\/pages\/22258","targetHints":{"allow":["GET"]}}],"collection":[{"href":"https:\/\/eurodirections.com\/es\/wp-json\/wp\/v2\/pages"}],"about":[{"href":"https:\/\/eurodirections.com\/es\/wp-json\/wp\/v2\/types\/page"}],"author":[{"embeddable":true,"href":"https:\/\/eurodirections.com\/es\/wp-json\/wp\/v2\/users\/1"}],"replies":[{"embeddable":true,"href":"https:\/\/eurodirections.com\/es\/wp-json\/wp\/v2\/comments?post=22258"}],"version-history":[{"count":0,"href":"https:\/\/eurodirections.com\/es\/wp-json\/wp\/v2\/pages\/22258\/revisions"}],"wp:featuredmedia":[{"embeddable":true,"href":"https:\/\/eurodirections.com\/es\/wp-json\/wp\/v2\/media\/2671"}],"wp:attachment":[{"href":"https:\/\/eurodirections.com\/es\/wp-json\/wp\/v2\/media?parent=22258"}],"curies":[{"name":"wp","href":"https:\/\/api.w.org\/{rel}","templated":true}]}}