{"id":19443,"date":"2022-04-08T13:44:08","date_gmt":"2022-04-08T13:44:08","guid":{"rendered":"https:\/\/eurodirections.com\/explora-madrid-%e2%88%99-guia-del-visitante\/"},"modified":"2023-03-02T15:34:51","modified_gmt":"2023-03-02T15:34:51","slug":"guia-madrid","status":"publish","type":"page","link":"https:\/\/eurodirections.com\/es\/guia-madrid\/","title":{"rendered":"Explora Madrid \u2219 gu\u00eda del visitante"},"content":{"rendered":"<div id=\"ez-toc-container\" class=\"ez-toc-v2_0_82_2 counter-hierarchy ez-toc-counter ez-toc-grey ez-toc-container-direction\">\n<div class=\"ez-toc-title-container\">\n<p class=\"ez-toc-title\" style=\"cursor:inherit\">Table of Contents<\/p>\n<span class=\"ez-toc-title-toggle\"><a href=\"#\" class=\"ez-toc-pull-right ez-toc-btn ez-toc-btn-xs ez-toc-btn-default ez-toc-toggle\" aria-label=\"Alternar tabla de contenidos\"><span class=\"ez-toc-js-icon-con\"><span class=\"\"><span class=\"eztoc-hide\" style=\"display:none;\">Toggle<\/span><span class=\"ez-toc-icon-toggle-span\"><svg style=\"fill: #999;color:#999\" xmlns=\"http:\/\/www.w3.org\/2000\/svg\" class=\"list-377408\" width=\"20px\" height=\"20px\" viewBox=\"0 0 24 24\" fill=\"none\"><path d=\"M6 6H4v2h2V6zm14 0H8v2h12V6zM4 11h2v2H4v-2zm16 0H8v2h12v-2zM4 16h2v2H4v-2zm16 0H8v2h12v-2z\" fill=\"currentColor\"><\/path><\/svg><svg style=\"fill: #999;color:#999\" class=\"arrow-unsorted-368013\" xmlns=\"http:\/\/www.w3.org\/2000\/svg\" width=\"10px\" height=\"10px\" viewBox=\"0 0 24 24\" version=\"1.2\" baseProfile=\"tiny\"><path d=\"M18.2 9.3l-6.2-6.3-6.2 6.3c-.2.2-.3.4-.3.7s.1.5.3.7c.2.2.4.3.7.3h11c.3 0 .5-.1.7-.3.2-.2.3-.5.3-.7s-.1-.5-.3-.7zM5.8 14.7l6.2 6.3 6.2-6.3c.2-.2.3-.5.3-.7s-.1-.5-.3-.7c-.2-.2-.4-.3-.7-.3h-11c-.3 0-.5.1-.7.3-.2.2-.3.5-.3.7s.1.5.3.7z\"\/><\/svg><\/span><\/span><\/span><\/a><\/span><\/div>\n<nav><ul class='ez-toc-list ez-toc-list-level-1 eztoc-toggle-hide-by-default' ><li class='ez-toc-page-1 ez-toc-heading-level-2'><a class=\"ez-toc-link ez-toc-heading-1\" href=\"https:\/\/eurodirections.com\/es\/guia-madrid\/#Explorar-Madrid-lista-de-cosas-que-hacer-antes-de-morir\" >Explorar Madrid: lista de cosas que hacer antes de morir<\/a><ul class='ez-toc-list-level-3' ><li class='ez-toc-heading-level-3'><a class=\"ez-toc-link ez-toc-heading-2\" href=\"https:\/\/eurodirections.com\/es\/guia-madrid\/#Lo-que-no-debe-perderse-en-Madrid\" >Lo que no debe perderse en Madrid<\/a><\/li><li class='ez-toc-page-1 ez-toc-heading-level-3'><a class=\"ez-toc-link ez-toc-heading-3\" href=\"https:\/\/eurodirections.com\/es\/guia-madrid\/#Comer-como-un-madrileno-mas\" >Comer como un madrile\u00f1o m\u00e1s<\/a><\/li><li class='ez-toc-page-1 ez-toc-heading-level-3'><a class=\"ez-toc-link ez-toc-heading-4\" href=\"https:\/\/eurodirections.com\/es\/guia-madrid\/#Donde-alojarse-en-Madrid\" >D\u00f3nde alojarse en Madrid<\/a><\/li><li class='ez-toc-page-1 ez-toc-heading-level-3'><a class=\"ez-toc-link ez-toc-heading-5\" href=\"https:\/\/eurodirections.com\/es\/guia-madrid\/#Mapa-de-hoteles-de-Madrid-con-precios\" >Mapa de hoteles de Madrid con precios<\/a><\/li><li class='ez-toc-page-1 ez-toc-heading-level-3'><a class=\"ez-toc-link ez-toc-heading-6\" href=\"https:\/\/eurodirections.com\/es\/guia-madrid\/#Lista-de-vuelos-Madrid\" >Lista de vuelos Madrid<\/a><\/li><\/ul><\/li><\/ul><\/nav><\/div>\n<h2><span class=\"ez-toc-section\" id=\"Explorar-Madrid-lista-de-cosas-que-hacer-antes-de-morir\"><\/span><b>Explorar Madrid: lista de cosas que hacer antes de morir<\/b><span class=\"ez-toc-section-end\"><\/span><\/h2>\n<p><span style=\"font-weight: 400;\">Madrid es la capital de Espa\u00f1a, su centro financiero y art\u00edstico, la ciudad de los contrastes de estilos y las distintas \u00e9pocas arquitect\u00f3nicas. Con una poblaci\u00f3n de 6,8 millones de habitantes, Madrid recibe anualmente unos 7,5 millones de turistas internacionales, lo que convierte a la ciudad en uno de los centros tur\u00edsticos m\u00e1s animados y activos de Europa. <\/span><\/p>\n<h3><span class=\"ez-toc-section\" id=\"Lo-que-no-debe-perderse-en-Madrid\"><\/span><b>Lo que no debe perderse en Madrid<\/b><span class=\"ez-toc-section-end\"><\/span><\/h3>\n<ul>\n<li style=\"font-weight: 400;\" aria-level=\"1\"><span style=\"font-weight: 400;\">Disfrute de las sobrecogedoras obras maestras del Renacimiento y el Barroco en el Prado, uno de los museos de arte m\u00e1s famosos del mundo.<\/span><\/li>\n<li style=\"font-weight: 400;\" aria-level=\"1\"><span style=\"font-weight: 400;\">Pasee por los enormes paseos y zonas arboladas del Parque del Buen Retiro y encuentre el Palacio de Cristal.<\/span><\/li>\n<li style=\"font-weight: 400;\" aria-level=\"1\"><span style=\"font-weight: 400;\">Anime al Real Madrid en el estadio Santiago Bernab\u00e9u, con capacidad para 85.000 espectadores y vistas panor\u00e1micas.<\/span><\/li>\n<li style=\"font-weight: 400;\" aria-level=\"1\"><span style=\"font-weight: 400;\">Vaya de compras a El Rastro, el mayor mercadillo de Madrid, para encontrar recuerdos, artesan\u00eda y accesorios \u00fanicos.<\/span><\/li>\n<li style=\"font-weight: 400;\" aria-level=\"1\"><span style=\"font-weight: 400;\">Sienta el ritmo del flamenco cl\u00e1sico espa\u00f1ol en el Corral de la Morer\u00eda, una de las casas flamencas m\u00e1s antiguas del mundo.<\/span><\/li>\n<li style=\"font-weight: 400;\" aria-level=\"1\"><span style=\"font-weight: 400;\">Asista a un curso de cocina en Madrid y ll\u00e9vese a casa los secretos de la cocina espa\u00f1ola. <\/span><\/li>\n<\/ul>\n<h3><span class=\"ez-toc-section\" id=\"Comer-como-un-madrileno-mas\"><\/span><b>Comer como un madrile\u00f1o m\u00e1s<\/b><span class=\"ez-toc-section-end\"><\/span><\/h3>\n<ul>\n<li style=\"font-weight: 400;\" aria-level=\"1\"><span style=\"font-weight: 400;\">Experimente la cultura gastron\u00f3mica espa\u00f1ola en el Mercado de San Miguel, un mercado tradicional donde degustar marisco fresco y queso.<\/span><\/li>\n<li style=\"font-weight: 400;\" aria-level=\"1\"><span style=\"font-weight: 400;\">Haga una ruta de tapas por los bares m\u00e1s populares de Madrid, y no se pierda La Casa del Abuelo, cuna de las legendarias gambas al ajillo espa\u00f1olas.<\/span><\/li>\n<li style=\"font-weight: 400;\" aria-level=\"1\"><span style=\"font-weight: 400;\">Para degustar las mejores tortillas y croquetas de Madrid, visite la Bodega La Ardosa y termine el d\u00eda en el cercano 1862 Dry Bar tomando un c\u00f3ctel o un vino. <\/span><\/li>\n<li style=\"font-weight: 400;\" aria-level=\"1\"><span style=\"font-weight: 400;\">Encuentra el postre en la Chocolater\u00eda San Gin\u00e9s y prueba los suaves churros con salsa de chocolate negro agridulce.<\/span><\/li>\n<li style=\"font-weight: 400;\" aria-level=\"1\"><span style=\"font-weight: 400;\">Beba sangr\u00eda bajo el cielo estrellado espa\u00f1ol en el bar de la azotea El Viajero y disfrute de una vista perfecta de Madrid.<\/span><\/li>\n<\/ul>\n<h3><span class=\"ez-toc-section\" id=\"Donde-alojarse-en-Madrid\"><\/span><b>D\u00f3nde alojarse en Madrid <\/b><span class=\"ez-toc-section-end\"><\/span><\/h3>\n<ul>\n<li style=\"font-weight: 400;\" aria-level=\"1\"><span style=\"font-weight: 400;\">Elija el hotel Barcel\u00f3 Emperatriz de 5 estrellas situado en el barrio de Salamanca para disfrutar de su estancia en Madrid.<\/span><\/li>\n<li style=\"font-weight: 400;\" aria-level=\"1\"><span style=\"font-weight: 400;\">Para una estancia c\u00f3moda y asequible (100 $\/noche), reserve un hotel de 4 estrellas, Casa du Soleli, con un interior aut\u00e9ntico y terraza al aire libre. <\/span><\/li>\n<li style=\"font-weight: 400;\" aria-level=\"1\"><span style=\"font-weight: 400;\">La elegante pensi\u00f3n de 3 estrellas Uma House Atocha ofrece una ubicaci\u00f3n perfecta, rodeada de restaurantes y bares. <\/span><\/li>\n<li style=\"font-weight: 400;\" aria-level=\"1\"><span style=\"font-weight: 400;\">Si tienes un presupuesto ajustado pero quieres viajar con comodidad, elige Ok Hostel Madrid, el alojamiento mejor valorado hasta 50$ por una noche. <\/span><\/li>\n<li style=\"font-weight: 400;\" aria-level=\"1\"><span style=\"font-weight: 400;\">Al\u00f3jese en la nueva estaci\u00f3n de esqu\u00ed Valdesqui del lujoso Parador De La Granja para disfrutar de un descanso aislado.<\/span><\/li>\n<\/ul>\n<h3><span class=\"ez-toc-section\" id=\"Mapa-de-hoteles-de-Madrid-con-precios\"><\/span>Mapa de hoteles de Madrid con precios<span class=\"ez-toc-section-end\"><\/span><\/h3>\n<p><script src=\"\/\/tp.media\/content?0=0&amp;1=10&amp;promo_id=4285&amp;shmarker=14350&amp;campaign_id=101&amp;search_host=air.eurodirections.com%2Fhotels&amp;locale=es&amp;currency=eur&amp;draggable=true&amp;disable_zoom=false&amp;show_logo=false&amp;scrollwheel=false&amp;color=%23F56E14&amp;contrast_color=%23ffffff&amp;width=720&amp;height=500&amp;zoom=13&amp;radius=60&amp;stars=0%2C1%2C2%2C3%2C4%2C5&amp;price_from=&amp;price_to=&amp;lat=40.416876&amp;lng=-3.704255\" charset=\"utf-8\"><span data-mce-type=\"bookmark\" style=\"display: inline-block; width: 0px; overflow: hidden; line-height: 0;\" class=\"mce_SELRES_start\">\ufeff<\/span><\/script><\/p>\n<h3><span class=\"ez-toc-section\" id=\"Lista-de-vuelos-Madrid\"><\/span>Lista de vuelos Madrid<span class=\"ez-toc-section-end\"><\/span><\/h3>\n<p><script src=\"https:\/\/tp.media\/content?trs=147545&amp;shmarker=14350&amp;destination=MAD&amp;target_host=air.eurodirections.com%2Fflights&amp;locale=es&amp;currency=eur&amp;limit=10&amp;primary=%230085FF&amp;promo_id=4044&amp;campaign_id=100\" charset=\"utf-8\"><\/script><\/p>\n<p>Puede encontrar m\u00e1s <a title=\"Todos los vuelos a Madrid, Espa\u00f1a\" href=\"https:\/\/eurodirections.com\/es\/vuelos-baratos-a-madrid\/\" target=\"_blank\" rel=\"noopener\">opciones de vuelos a Madrid aqu\u00ed<\/a><\/p>\n","protected":false},"excerpt":{"rendered":"<p>Explorar Madrid: lista de cosas que hacer antes de morir Madrid es la capital de Espa\u00f1a, su centro financiero y art\u00edstico, la ciudad de los contrastes de estilos y las distintas \u00e9pocas arquitect\u00f3nicas. Con una poblaci\u00f3n de 6,8 millones de habitantes, Madrid recibe anualmente unos 7,5 millones de turistas internacionales, lo que convierte a la [&hellip;]<\/p>\n","protected":false},"author":1,"featured_media":2693,"parent":0,"menu_order":0,"comment_status":"closed","ping_status":"closed","template":"","meta":{"footnotes":""},"class_list":["post-19443","page","type-page","status-publish","has-post-thumbnail","hentry"],"_links":{"self":[{"href":"https:\/\/eurodirections.com\/es\/wp-json\/wp\/v2\/pages\/19443","targetHints":{"allow":["GET"]}}],"collection":[{"href":"https:\/\/eurodirections.com\/es\/wp-json\/wp\/v2\/pages"}],"about":[{"href":"https:\/\/eurodirections.com\/es\/wp-json\/wp\/v2\/types\/page"}],"author":[{"embeddable":true,"href":"https:\/\/eurodirections.com\/es\/wp-json\/wp\/v2\/users\/1"}],"replies":[{"embeddable":true,"href":"https:\/\/eurodirections.com\/es\/wp-json\/wp\/v2\/comments?post=19443"}],"version-history":[{"count":0,"href":"https:\/\/eurodirections.com\/es\/wp-json\/wp\/v2\/pages\/19443\/revisions"}],"wp:featuredmedia":[{"embeddable":true,"href":"https:\/\/eurodirections.com\/es\/wp-json\/wp\/v2\/media\/2693"}],"wp:attachment":[{"href":"https:\/\/eurodirections.com\/es\/wp-json\/wp\/v2\/media?parent=19443"}],"curies":[{"name":"wp","href":"https:\/\/api.w.org\/{rel}","templated":true}]}}