{"id":19413,"date":"2022-04-06T15:16:09","date_gmt":"2022-04-06T15:16:09","guid":{"rendered":"https:\/\/eurodirections.com\/guia-de-viaje-de-barcelona-explorer\/"},"modified":"2023-03-02T15:07:05","modified_gmt":"2023-03-02T15:07:05","slug":"guia-barcelona","status":"publish","type":"page","link":"https:\/\/eurodirections.com\/es\/guia-barcelona\/","title":{"rendered":"Gu\u00eda de viaje de Barcelona"},"content":{"rendered":"<div id=\"ez-toc-container\" class=\"ez-toc-v2_0_82_2 counter-hierarchy ez-toc-counter ez-toc-grey ez-toc-container-direction\">\n<div class=\"ez-toc-title-container\">\n<p class=\"ez-toc-title\" style=\"cursor:inherit\">Table of Contents<\/p>\n<span class=\"ez-toc-title-toggle\"><a href=\"#\" class=\"ez-toc-pull-right ez-toc-btn ez-toc-btn-xs ez-toc-btn-default ez-toc-toggle\" aria-label=\"Alternar tabla de contenidos\"><span class=\"ez-toc-js-icon-con\"><span class=\"\"><span class=\"eztoc-hide\" style=\"display:none;\">Toggle<\/span><span class=\"ez-toc-icon-toggle-span\"><svg style=\"fill: #999;color:#999\" xmlns=\"http:\/\/www.w3.org\/2000\/svg\" class=\"list-377408\" width=\"20px\" height=\"20px\" viewBox=\"0 0 24 24\" fill=\"none\"><path d=\"M6 6H4v2h2V6zm14 0H8v2h12V6zM4 11h2v2H4v-2zm16 0H8v2h12v-2zM4 16h2v2H4v-2zm16 0H8v2h12v-2z\" fill=\"currentColor\"><\/path><\/svg><svg style=\"fill: #999;color:#999\" class=\"arrow-unsorted-368013\" xmlns=\"http:\/\/www.w3.org\/2000\/svg\" width=\"10px\" height=\"10px\" viewBox=\"0 0 24 24\" version=\"1.2\" baseProfile=\"tiny\"><path d=\"M18.2 9.3l-6.2-6.3-6.2 6.3c-.2.2-.3.4-.3.7s.1.5.3.7c.2.2.4.3.7.3h11c.3 0 .5-.1.7-.3.2-.2.3-.5.3-.7s-.1-.5-.3-.7zM5.8 14.7l6.2 6.3 6.2-6.3c.2-.2.3-.5.3-.7s-.1-.5-.3-.7c-.2-.2-.4-.3-.7-.3h-11c-.3 0-.5.1-.7.3-.2.2-.3.5-.3.7s.1.5.3.7z\"\/><\/svg><\/span><\/span><\/span><\/a><\/span><\/div>\n<nav><ul class='ez-toc-list ez-toc-list-level-1 eztoc-toggle-hide-by-default' ><li class='ez-toc-page-1 ez-toc-heading-level-2'><a class=\"ez-toc-link ez-toc-heading-1\" href=\"https:\/\/eurodirections.com\/es\/guia-barcelona\/#Exploremos-Barcelona-la-lista-de-cosas-que-hacer-antes-de-viajar\" >Exploremos Barcelona: la lista de cosas que hacer antes de viajar<\/a><ul class='ez-toc-list-level-3' ><li class='ez-toc-heading-level-3'><a class=\"ez-toc-link ez-toc-heading-2\" href=\"https:\/\/eurodirections.com\/es\/guia-barcelona\/#Lo-que-no-debe-perderse-en-Barcelona\" >Lo que no debe perderse en Barcelona<\/a><\/li><li class='ez-toc-page-1 ez-toc-heading-level-3'><a class=\"ez-toc-link ez-toc-heading-3\" href=\"https:\/\/eurodirections.com\/es\/guia-barcelona\/#Comer-como-un-barcelones-mas\" >Comer como un barcelon\u00e9s m\u00e1s<\/a><\/li><li class='ez-toc-page-1 ez-toc-heading-level-3'><a class=\"ez-toc-link ez-toc-heading-4\" href=\"https:\/\/eurodirections.com\/es\/guia-barcelona\/#Donde-alojarse-en-Barcelona\" >D\u00f3nde alojarse en Barcelona<\/a><\/li><li class='ez-toc-page-1 ez-toc-heading-level-3'><a class=\"ez-toc-link ez-toc-heading-5\" href=\"https:\/\/eurodirections.com\/es\/guia-barcelona\/#Mapa-de-hoteles-de-Barcelona-con-precios\" >Mapa de hoteles de Barcelona con precios<\/a><\/li><li class='ez-toc-page-1 ez-toc-heading-level-3'><a class=\"ez-toc-link ez-toc-heading-6\" href=\"https:\/\/eurodirections.com\/es\/guia-barcelona\/#Vuelos-a-Barcelona\" >Vuelos a Barcelona<\/a><ul class='ez-toc-list-level-4' ><li class='ez-toc-heading-level-4'><a class=\"ez-toc-link ez-toc-heading-7\" href=\"https:\/\/eurodirections.com\/es\/guia-barcelona\/#Seguir-leyendo\" >Seguir leyendo<\/a><\/li><\/ul><\/li><\/ul><\/li><\/ul><\/nav><\/div>\n<h2><span class=\"ez-toc-section\" id=\"Exploremos-Barcelona-la-lista-de-cosas-que-hacer-antes-de-viajar\"><\/span><b>Exploremos Barcelona: la lista de cosas que hacer antes de viajar<\/b><span class=\"ez-toc-section-end\"><\/span><\/h2>\n<p><span style=\"font-weight: 400;\">Situada entre el mar y la monta\u00f1a, con una historia entre las m\u00e1s antiguas y la mejor arquitectura, playas v\u00edrgenes y un ambiente cosmopolita, Barcelona es una gran elecci\u00f3n en la <a title=\"Las mejores ciudades de Europa\" href=\"https:\/\/eurodirections.com\/es\/las-mejores-ciudades-de-europa\/\" data-schema-attribute=\"about\">lista de las mejores ciudades de Europa<\/a> y un destino superior para disfrutar de todo en un mismo lugar. <\/span><\/p>\n<h3><span class=\"ez-toc-section\" id=\"Lo-que-no-debe-perderse-en-Barcelona\"><\/span><b>Lo que no debe perderse en Barcelona<\/b><span class=\"ez-toc-section-end\"><\/span><\/h3>\n<ul>\n<li style=\"font-weight: 400;\" aria-level=\"1\"><span style=\"font-weight: 400;\">Contemple boquiabierto la Sagrada Familia de Andoni Gaud\u00ed y aprecie sus 140 a\u00f1os de trabajo. <\/span><\/li>\n<li style=\"font-weight: 400;\" aria-level=\"1\"><span style=\"font-weight: 400;\">Recorra 4,5 km del litoral de Barcelona y rel\u00e1jese en la playa tomando un refrescante c\u00f3ctel.<\/span><\/li>\n<li style=\"font-weight: 400;\" aria-level=\"1\"><span style=\"font-weight: 400;\">Pasee por La Rambla, el bulevar m\u00e1s famoso de la ciudad, y siga el tentador olor de los gofres.<\/span><\/li>\n<li style=\"font-weight: 400;\" aria-level=\"1\"><span style=\"font-weight: 400;\">Disfrute de las mejores vistas de la ciudad en el Park G\u00fcell de Gaud\u00ed, y no se pierda los bancos serpenteantes, las columnatas y las esculturas.<\/span><\/li>\n<li style=\"font-weight: 400;\" aria-level=\"1\"><span style=\"font-weight: 400;\">Deguste fruta fresca y aceitunas en el mercado de La Boquer\u00eda, un lugar bullicioso desde hace ya 200 a\u00f1os<\/span><\/li>\n<li style=\"font-weight: 400;\" aria-level=\"1\"><span style=\"font-weight: 400;\">Haga un recorrido cultural por el Museo Picasso o encuentre 4000 azulejos de fotos formando un mural de 26 pies de un beso. <\/span><\/li>\n<li aria-level=\"1\">Disfrute de la experiencia de ir de compras en Barcelona, encontrando cientos de boutiques y tiendas de marca en varias calles comerciales.<\/li>\n<\/ul>\n<p><iframe style=\"border: 1px solid #EEE; background: white;\" src=\"about:blank\" width=\"880\" height=\"270\" frameborder=\"0\" scrolling=\"no\" class=\"lazyload\" data-src=\"https:\/\/eurodirections.substack.com\/embed\"><span data-mce-type=\"bookmark\" style=\"display: inline-block; width: 0px; overflow: hidden; line-height: 0;\" class=\"mce_SELRES_start\"><\/span><span data-mce-type=\"bookmark\" style=\"display: inline-block; width: 0px; overflow: hidden; line-height: 0;\" class=\"mce_SELRES_start\" align=\"center\"><\/span><\/iframe><\/p>\n<h3><span class=\"ez-toc-section\" id=\"Comer-como-un-barcelones-mas\"><\/span><b>Comer como un barcelon\u00e9s m\u00e1s<\/b><span class=\"ez-toc-section-end\"><\/span><\/h3>\n<ul>\n<li style=\"font-weight: 400;\" aria-level=\"1\"><span style=\"font-weight: 400;\">Pasar el rato en los xiringuitos de Barcelona con un marisco que hace la boca agua. Elige Xiringuito Escriba, Pela Vela o La Deliciosa o todos ellos a la vez.<\/span><\/li>\n<li style=\"font-weight: 400;\" aria-level=\"1\"><span style=\"font-weight: 400;\">Encuentre bocados en uno de los mejores bares de tapas de Barcelona: el restaurante y bar de tapas Sagardi, cerca de las atracciones m\u00e1s populares, o El Xampanyet, una acogedora taberna de tapas. <\/span><\/li>\n<li style=\"font-weight: 400;\" aria-level=\"1\"><span style=\"font-weight: 400;\">Disfruta del ambiente aut\u00e9ntico, los pintxos calientes y la Morcilla de durgos (morcilla con arroz) en Maitea Taberna. <\/span><\/li>\n<li style=\"font-weight: 400;\" aria-level=\"1\"><span style=\"font-weight: 400;\">Para disfrutar de una buena cena, visite Disfrutar, con cocina mediterr\u00e1nea y dos estrellas Michelin.<\/span><\/li>\n<li style=\"font-weight: 400;\" aria-level=\"1\"><span style=\"font-weight: 400;\">Pruebe el vermut espa\u00f1ol en Morro Fi, un peque\u00f1o bar vermutero que sirve una bebida agridulce con rodajas de aceituna y naranja.<\/span><\/li>\n<li style=\"font-weight: 400;\" aria-level=\"1\"><span style=\"font-weight: 400;\">Elige tu cerveza artesana entre los 30 grifos de BierCab, y no olvides probar las patatas extra picantes.<\/span><\/li>\n<\/ul>\n<h3><span class=\"ez-toc-section\" id=\"Donde-alojarse-en-Barcelona\"><\/span><b>D\u00f3nde alojarse en Barcelona<\/b><span class=\"ez-toc-section-end\"><\/span><\/h3>\n<ul>\n<li style=\"font-weight: 400;\" aria-level=\"1\"><span style=\"font-weight: 400;\">Disfrute de su descanso en Serras Barcelona, un hotel de 5 estrellas de alta categor\u00eda situado en el Barrio G\u00f3tico de Barcelona y con vistas al mar.<\/span><\/li>\n<li style=\"font-weight: 400;\" aria-level=\"1\"><span style=\"font-weight: 400;\">El Hotel Brummell, de 4 estrellas y estilo loft, con mobiliario moderno y clases de yoga, es un lugar ideal para sentir el ambiente de Barcelona.<\/span><\/li>\n<li style=\"font-weight: 400;\" aria-level=\"1\"><span style=\"font-weight: 400;\">Encuentre el equilibrio perfecto entre estilo y comodidad a un precio asequible en la pensi\u00f3n de 3 estrellas Comfort Barcelona Rooms.<\/span><\/li>\n<li style=\"font-weight: 400;\" aria-level=\"1\"><span style=\"font-weight: 400;\">Si tu presupuesto es ajustado, el albergue Rodam\u00f3n es el mejor para parejas y viajeros en solitario. <\/span><\/li>\n<li style=\"font-weight: 400;\" aria-level=\"1\"><span style=\"font-weight: 400;\">Encuentre el idilio en el lujoso Boutique Hotel Davallada, en la playa de Sitges, cerca de Barcelona. <\/span><\/li>\n<\/ul>\n<h3><span class=\"ez-toc-section\" id=\"Mapa-de-hoteles-de-Barcelona-con-precios\"><\/span>Mapa de hoteles de Barcelona con precios<span class=\"ez-toc-section-end\"><\/span><\/h3>\n<p><script src=\"\/\/tp.media\/content?0=0&amp;1=10&amp;promo_id=4285&amp;shmarker=14350&amp;campaign_id=101&amp;search_host=air.eurodirections.com%2Fhotels&amp;locale=es&amp;currency=eur&amp;draggable=true&amp;disable_zoom=false&amp;show_logo=false&amp;scrollwheel=false&amp;color=%230759B0&amp;contrast_color=%23ffffff&amp;width=720&amp;height=500&amp;zoom=13&amp;radius=60&amp;stars=0%2C1%2C2%2C3%2C4%2C5&amp;price_from=&amp;price_to=&amp;lat=41.387089&amp;lng=2.170066\" charset=\"utf-8\"><\/script><\/p>\n<p>\u2014<\/p>\n<h3><span class=\"ez-toc-section\" id=\"Vuelos-a-Barcelona\"><\/span>Vuelos a Barcelona<span class=\"ez-toc-section-end\"><\/span><\/h3>\n<p><a title=\"Buscar billetes de avi\u00f3n baratos a Barcelona\" href=\"https:\/\/eurodirections.com\/es\/billetes-de-avion-baratos-a-barcelona\/\" target=\"_blank\" rel=\"noopener\">Descubra los mejores vuelos a Barcelona<\/a><\/p>\n<p><script src=\"https:\/\/tp.media\/content?trs=147545&amp;shmarker=14350&amp;destination=BCN&amp;target_host=air.eurodirections.com%2Fflights&amp;locale=es&amp;currency=eur&amp;limit=10&amp;primary=%230085FF&amp;promo_id=4044&amp;campaign_id=100\" charset=\"utf-8\"><\/script><\/p>\n<hr \/>\n<h4><span class=\"ez-toc-section\" id=\"Seguir-leyendo\"><\/span>Seguir leyendo<span class=\"ez-toc-section-end\"><\/span><\/h4>\n<p><strong><a title=\"Mejor fecha de vuelos de Madrid a Barcelona\" href=\"https:\/\/eurodirections.com\/es\/vuelos-madrid-barcelona\/\" target=\"_blank\" rel=\"noopener\">Volar de Madrid a Barcelona<\/a><\/strong><\/p>\n","protected":false},"excerpt":{"rendered":"<p>Exploremos Barcelona: la lista de cosas que hacer antes de viajar Situada entre el mar y la monta\u00f1a, con una historia entre las m\u00e1s antiguas y la mejor arquitectura, playas v\u00edrgenes y un ambiente cosmopolita, Barcelona es una gran elecci\u00f3n en la lista de las mejores ciudades de Europa y un destino superior para disfrutar [&hellip;]<\/p>\n","protected":false},"author":1,"featured_media":2677,"parent":0,"menu_order":0,"comment_status":"closed","ping_status":"closed","template":"","meta":{"footnotes":""},"class_list":["post-19413","page","type-page","status-publish","has-post-thumbnail","hentry"],"_links":{"self":[{"href":"https:\/\/eurodirections.com\/es\/wp-json\/wp\/v2\/pages\/19413","targetHints":{"allow":["GET"]}}],"collection":[{"href":"https:\/\/eurodirections.com\/es\/wp-json\/wp\/v2\/pages"}],"about":[{"href":"https:\/\/eurodirections.com\/es\/wp-json\/wp\/v2\/types\/page"}],"author":[{"embeddable":true,"href":"https:\/\/eurodirections.com\/es\/wp-json\/wp\/v2\/users\/1"}],"replies":[{"embeddable":true,"href":"https:\/\/eurodirections.com\/es\/wp-json\/wp\/v2\/comments?post=19413"}],"version-history":[{"count":0,"href":"https:\/\/eurodirections.com\/es\/wp-json\/wp\/v2\/pages\/19413\/revisions"}],"wp:featuredmedia":[{"embeddable":true,"href":"https:\/\/eurodirections.com\/es\/wp-json\/wp\/v2\/media\/2677"}],"wp:attachment":[{"href":"https:\/\/eurodirections.com\/es\/wp-json\/wp\/v2\/media?parent=19413"}],"curies":[{"name":"wp","href":"https:\/\/api.w.org\/{rel}","templated":true}]}}