{"id":19101,"date":"2022-04-05T19:28:50","date_gmt":"2022-04-05T19:28:50","guid":{"rendered":"https:\/\/eurodirections.com\/explorar-viena-la-lista-de-deseos-del-viajero\/"},"modified":"2023-03-01T07:54:47","modified_gmt":"2023-03-01T07:54:47","slug":"explorar-viena-la-lista-de-deseos-del-viajero","status":"publish","type":"page","link":"https:\/\/eurodirections.com\/es\/explorar-viena-la-lista-de-deseos-del-viajero\/","title":{"rendered":"Explorar Viena: la lista de deseos del viajero"},"content":{"rendered":"<div id=\"ez-toc-container\" class=\"ez-toc-v2_0_82_2 counter-hierarchy ez-toc-counter ez-toc-grey ez-toc-container-direction\">\n<div class=\"ez-toc-title-container\">\n<p class=\"ez-toc-title\" style=\"cursor:inherit\">Table of Contents<\/p>\n<span class=\"ez-toc-title-toggle\"><a href=\"#\" class=\"ez-toc-pull-right ez-toc-btn ez-toc-btn-xs ez-toc-btn-default ez-toc-toggle\" aria-label=\"Alternar tabla de contenidos\"><span class=\"ez-toc-js-icon-con\"><span class=\"\"><span class=\"eztoc-hide\" style=\"display:none;\">Toggle<\/span><span class=\"ez-toc-icon-toggle-span\"><svg style=\"fill: #999;color:#999\" xmlns=\"http:\/\/www.w3.org\/2000\/svg\" class=\"list-377408\" width=\"20px\" height=\"20px\" viewBox=\"0 0 24 24\" fill=\"none\"><path d=\"M6 6H4v2h2V6zm14 0H8v2h12V6zM4 11h2v2H4v-2zm16 0H8v2h12v-2zM4 16h2v2H4v-2zm16 0H8v2h12v-2z\" fill=\"currentColor\"><\/path><\/svg><svg style=\"fill: #999;color:#999\" class=\"arrow-unsorted-368013\" xmlns=\"http:\/\/www.w3.org\/2000\/svg\" width=\"10px\" height=\"10px\" viewBox=\"0 0 24 24\" version=\"1.2\" baseProfile=\"tiny\"><path d=\"M18.2 9.3l-6.2-6.3-6.2 6.3c-.2.2-.3.4-.3.7s.1.5.3.7c.2.2.4.3.7.3h11c.3 0 .5-.1.7-.3.2-.2.3-.5.3-.7s-.1-.5-.3-.7zM5.8 14.7l6.2 6.3 6.2-6.3c.2-.2.3-.5.3-.7s-.1-.5-.3-.7c-.2-.2-.4-.3-.7-.3h-11c-.3 0-.5.1-.7.3-.2.2-.3.5-.3.7s.1.5.3.7z\"\/><\/svg><\/span><\/span><\/span><\/a><\/span><\/div>\n<nav><ul class='ez-toc-list ez-toc-list-level-1 eztoc-toggle-hide-by-default' ><li class='ez-toc-page-1 ez-toc-heading-level-2'><a class=\"ez-toc-link ez-toc-heading-1\" href=\"https:\/\/eurodirections.com\/es\/explorar-viena-la-lista-de-deseos-del-viajero\/#Lista-de-cosas-que-hacer-en-Viena\" >Lista de cosas que hacer en Viena<\/a><ul class='ez-toc-list-level-4' ><li class='ez-toc-heading-level-4'><ul class='ez-toc-list-level-4' ><li class='ez-toc-heading-level-4'><a class=\"ez-toc-link ez-toc-heading-2\" href=\"https:\/\/eurodirections.com\/es\/explorar-viena-la-lista-de-deseos-del-viajero\/#Informacion-de-viaje-Explorer\" >Informaci\u00f3n de viaje Explorer<\/a><\/li><\/ul><\/li><li class='ez-toc-page-1 ez-toc-heading-level-3'><a class=\"ez-toc-link ez-toc-heading-3\" href=\"https:\/\/eurodirections.com\/es\/explorar-viena-la-lista-de-deseos-del-viajero\/#Lo-que-no-debe-perderse-en-Viena\" >Lo que no debe perderse en Viena<\/a><\/li><li class='ez-toc-page-1 ez-toc-heading-level-3'><a class=\"ez-toc-link ez-toc-heading-4\" href=\"https:\/\/eurodirections.com\/es\/explorar-viena-la-lista-de-deseos-del-viajero\/#Comer-como-un-vienes-mas\" >Comer como un vien\u00e9s m\u00e1s<\/a><\/li><li class='ez-toc-page-1 ez-toc-heading-level-3'><a class=\"ez-toc-link ez-toc-heading-5\" href=\"https:\/\/eurodirections.com\/es\/explorar-viena-la-lista-de-deseos-del-viajero\/#Donde-alojarse-en-Viena\" >D\u00f3nde alojarse en Viena<\/a><\/li><li class='ez-toc-page-1 ez-toc-heading-level-3'><a class=\"ez-toc-link ez-toc-heading-6\" href=\"https:\/\/eurodirections.com\/es\/explorar-viena-la-lista-de-deseos-del-viajero\/#Vuelos-baratos-a-Viena\" >Vuelos baratos a Viena<\/a><\/li><li class='ez-toc-page-1 ez-toc-heading-level-3'><a class=\"ez-toc-link ez-toc-heading-7\" href=\"https:\/\/eurodirections.com\/es\/explorar-viena-la-lista-de-deseos-del-viajero\/#Metro-de-Viena-U-Bahn\" >Metro de Viena U-Bahn<\/a><\/li><\/ul><\/li><\/ul><\/nav><\/div>\n<p>Serie especial de la revista Eurodirections.com sobre los <a title=\"Las mejores ciudades de Europa\" href=\"https:\/\/eurodirections.com\/es\/las-mejores-ciudades-de-europa\/\" data-schema-attribute=\"about\">mejores destinos tur\u00edsticos<\/a> de Europa<\/p>\n<h2><span class=\"ez-toc-section\" id=\"Lista-de-cosas-que-hacer-en-Viena\"><\/span><b>Lista de cosas que hacer en Viena<\/b><span class=\"ez-toc-section-end\"><\/span><\/h2>\n<h4><span class=\"ez-toc-section\" id=\"Informacion-de-viaje-Explorer\"><\/span><b> Informaci\u00f3n de viaje Explorer<\/b><span class=\"ez-toc-section-end\"><\/span><\/h4>\n<p><span style=\"font-weight: 400;\">La capital de Austria, Viena, es una ciudad de historia, cultura y calidad de vida, un excelente destino europeo donde se escribi\u00f3 la historia del mundo durante medio milenio. Es un lugar para explorar la arquitectura \u00fanica de siglos. Conservando la diversidad cultural, la Viena moderna presenta una maravillosa mezcla de vida urbana y tradiciones imperiales. <\/span><\/p>\n<p><iframe style=\"border: 1px solid #EEE; background: white;\" src=\"about:blank\" width=\"880\" height=\"270\" frameborder=\"0\" scrolling=\"no\" class=\"lazyload\" data-src=\"https:\/\/eurodirections.substack.com\/embed\"><span data-mce-type=\"bookmark\" style=\"display: inline-block; width: 0px; overflow: hidden; line-height: 0;\" class=\"mce_SELRES_start\"><\/span><span data-mce-type=\"bookmark\" style=\"display: inline-block; width: 0px; overflow: hidden; line-height: 0;\" class=\"mce_SELRES_start\" align=\"center\"><\/span><\/iframe><\/p>\n<h3><span class=\"ez-toc-section\" id=\"Lo-que-no-debe-perderse-en-Viena\"><\/span><b>Lo que no debe perderse en Viena<\/b><span class=\"ez-toc-section-end\"><\/span><\/h3>\n<ul>\n<li style=\"font-weight: 400;\" aria-level=\"1\"><span style=\"font-weight: 400;\">Visite el hist\u00f3rico Hofburg, residencia de los gobernantes austriacos desde 1275 con 18 grupos de edificios.<\/span><\/li>\n<li style=\"font-weight: 400;\" aria-level=\"1\"><span style=\"font-weight: 400;\">Admire la majestuosidad de la Catedral de San Esteban, el edificio g\u00f3tico m\u00e1s significativo de Viena.<\/span><\/li>\n<li style=\"font-weight: 400;\" aria-level=\"1\"><span style=\"font-weight: 400;\">Encuentre el mundialmente conocido cuadro \u00abEl beso\u00bb de Gustav Klimt en el Palacio del Belvedere Superior.<\/span><\/li>\n<li style=\"font-weight: 400;\" aria-level=\"1\"><span style=\"font-weight: 400;\">Suba a la noria Riesenrad del parque de atracciones Prater para contemplar el fant\u00e1stico panorama vien\u00e9s.<\/span><\/li>\n<li style=\"font-weight: 400;\" aria-level=\"1\"><span style=\"font-weight: 400;\">Obtenga una dosis de esponjosidad en el zoo de Viena con los adorables cachorros de panda que le derretir\u00e1n el coraz\u00f3n mientras les da de comer. <\/span><\/li>\n<li style=\"font-weight: 400;\" aria-level=\"1\"><span style=\"font-weight: 400;\">Explore el museo de Sigmund Freud para comprender la idea de su psicoan\u00e1lisis. <\/span><\/li>\n<\/ul>\n<h3><span class=\"ez-toc-section\" id=\"Comer-como-un-vienes-mas\"><\/span><b>Comer como un vien\u00e9s m\u00e1s<\/b><span class=\"ez-toc-section-end\"><\/span><\/h3>\n<ul>\n<li style=\"font-weight: 400;\" aria-level=\"1\"><span style=\"font-weight: 400;\">Pruebe el postre estrella de Viena, la Sachertorte, con chocolate negro y mermelada de albaricoque. <\/span><\/li>\n<li style=\"font-weight: 400;\" aria-level=\"1\"><span style=\"font-weight: 400;\">Encuentra Veganista, la helader\u00eda vegana que ofrece delicias a base de plantas y sin carne, chocolate y galletas.<\/span><\/li>\n<li style=\"font-weight: 400;\" aria-level=\"1\"><span style=\"font-weight: 400;\">Haga una excursi\u00f3n de cata para probar la selecci\u00f3n de vinos de Weingut Cobenzl.<\/span><\/li>\n<li style=\"font-weight: 400;\" aria-level=\"1\"><span style=\"font-weight: 400;\">Explore la variada historia culinaria de Viena paseando por los mostradores del mercado al aire libre Naschmarkt. <\/span><\/li>\n<li style=\"font-weight: 400;\" aria-level=\"1\"><span style=\"font-weight: 400;\">Sienta el ambiente y encuentre el alma de Viena en el Caf\u00e9 Central, el m\u00e1s grandioso de los grandes caf\u00e9s de la ciudad.<\/span><\/li>\n<\/ul>\n<h3><span class=\"ez-toc-section\" id=\"Donde-alojarse-en-Viena\"><\/span><b>D\u00f3nde alojarse en Viena<\/b><span class=\"ez-toc-section-end\"><\/span><\/h3>\n<ul>\n<li style=\"font-weight: 400;\" aria-level=\"1\"><span style=\"font-weight: 400;\">Sienta el aut\u00e9ntico lujo de Viena en el Hotel Sacher Wien de 5 estrellas, con un elegante interior y hermosas vistas de la ciudad.<\/span><\/li>\n<li style=\"font-weight: 400;\" aria-level=\"1\"><span style=\"font-weight: 400;\">Disfrute del dise\u00f1o contempor\u00e1neo del hotel de 4 estrellas Jaz in the City Vienna, en el centro cultural. <\/span><\/li>\n<li style=\"font-weight: 400;\" aria-level=\"1\"><span style=\"font-weight: 400;\">Encuentre confort y privacidad en el Boutique Hotel Piano Nobile &#8211; am Stubenring con acogedoras y c\u00e1lidas habitaciones.<\/span><\/li>\n<li style=\"font-weight: 400;\" aria-level=\"1\"><span style=\"font-weight: 400;\">La opci\u00f3n perfecta para ahorrar dinero y tener comodidad es reservar una habitaci\u00f3n en K&amp;K Boardinghouse 2. <\/span><\/li>\n<li style=\"font-weight: 400;\" aria-level=\"1\"><span style=\"font-weight: 400;\">Viaje al famoso G\u00e4nserndorf bei Wien y pase la noche en un precioso hotel G\u00e4stezimmer by J\u00f6chlinger. <\/span><\/li>\n<\/ul>\n<p><script src=\"https:\/\/www.travelpayouts.com\/chansey\/iframe.js?v=1&amp;marker=14350&amp;host=air.eurodirections.com%2Fhotels&amp;locale=es&amp;currency=eur&amp;nobooking=&amp;powered_by=false&amp;hotel_id=4227\" charset=\"utf-8\" async=\"\"><span data-mce-type=\"bookmark\" style=\"display: inline-block; width: 0px; overflow: hidden; line-height: 0;\" class=\"mce_SELRES_start\">\ufeff<\/span><\/script><\/p>\n<h3><span class=\"ez-toc-section\" id=\"Vuelos-baratos-a-Viena\"><\/span>Vuelos baratos a Viena<br \/>\n<script src=\"https:\/\/tp.media\/content?currency=eur&amp;promo_id=4044&amp;shmarker=14350&amp;campaign_id=100&amp;trs=147545&amp;target_host=air.eurodirections.com%2Fflights&amp;locale=es&amp;limit=10&amp;powered_by=false&amp;primary=%231086F4&amp;destination=VIE\" charset=\"utf-8\"><span data-mce-type=\"bookmark\" style=\"display: inline-block; width: 0px; overflow: hidden; line-height: 0;\" class=\"mce_SELRES_start\">\ufeff<\/span><\/script><span class=\"ez-toc-section-end\"><\/span><\/h3>\n<p>Para m\u00e1s opciones de vuelos, consulte el directorio y el <a title=\"Comparar vuelos a Viena, Austria\" href=\"https:\/\/eurodirections.com\/es\/calendario-vuelos-viena\/\" target=\"_blank\" rel=\"noopener\">calendario de vuelos baratos a Viena<\/a><\/p>\n<h3><span class=\"ez-toc-section\" id=\"Metro-de-Viena-U-Bahn\"><\/span>Metro de Viena U-Bahn<span class=\"ez-toc-section-end\"><\/span><\/h3>\n<p>Viena cuenta con una extensa red de metro llamada U-Bahn, famosa por su rapidez, eficacia y asequibilidad para recorrer la ciudad. Con cinco l\u00edneas y 83 estaciones, el U-Bahn funciona normalmente desde las 5:00 hasta medianoche, con servicios ampliados los viernes y s\u00e1bados.<\/p>\n<p>Una de las ventajas m\u00e1s destacadas del U-Bahn de Viena es su perfecta conectividad con el Aeropuerto Internacional de Viena. Con la l\u00ednea U3, los viajeros pueden ir y venir f\u00e1cilmente del centro de la ciudad, con trenes que llegan cada 6-10 minutos durante el d\u00eda y cada 15-20 minutos por la noche. La duraci\u00f3n del trayecto entre el aeropuerto de Viena y el centro de la ciudad es de aproximadamente 30 minutos, lo que convierte al U-Bahn en una opci\u00f3n \u00f3ptima y econ\u00f3mica para los traslados al aeropuerto.<\/p>\n<p><script type=\"application\/ld+json\">\n{\n    \"@context\": \"http:\/\/schema.org\",\n    \"@type\": \"WebPage\",\n    \"name\": \"Vienna guide\",\n    \"description\": \"Explore Vienna, Austria - short travel guide for tourist and visitor information about must-see places and sights, hotel and restaurant suggestions and cheap flights in Vienna.\",\n    \"publisher\": {\n        \"@type\": \"WebPage\",\n        \"name\": \"Eurodirections.com\"\n    }\n}\n<\/script><\/p>\n","protected":false},"excerpt":{"rendered":"<p>Serie especial de la revista Eurodirections.com sobre los mejores destinos tur\u00edsticos de Europa Lista de cosas que hacer en Viena Informaci\u00f3n de viaje Explorer La capital de Austria, Viena, es una ciudad de historia, cultura y calidad de vida, un excelente destino europeo donde se escribi\u00f3 la historia del mundo durante medio milenio. Es un [&hellip;]<\/p>\n","protected":false},"author":1,"featured_media":2673,"parent":0,"menu_order":0,"comment_status":"closed","ping_status":"closed","template":"","meta":{"footnotes":""},"class_list":["post-19101","page","type-page","status-publish","has-post-thumbnail","hentry"],"_links":{"self":[{"href":"https:\/\/eurodirections.com\/es\/wp-json\/wp\/v2\/pages\/19101","targetHints":{"allow":["GET"]}}],"collection":[{"href":"https:\/\/eurodirections.com\/es\/wp-json\/wp\/v2\/pages"}],"about":[{"href":"https:\/\/eurodirections.com\/es\/wp-json\/wp\/v2\/types\/page"}],"author":[{"embeddable":true,"href":"https:\/\/eurodirections.com\/es\/wp-json\/wp\/v2\/users\/1"}],"replies":[{"embeddable":true,"href":"https:\/\/eurodirections.com\/es\/wp-json\/wp\/v2\/comments?post=19101"}],"version-history":[{"count":0,"href":"https:\/\/eurodirections.com\/es\/wp-json\/wp\/v2\/pages\/19101\/revisions"}],"wp:featuredmedia":[{"embeddable":true,"href":"https:\/\/eurodirections.com\/es\/wp-json\/wp\/v2\/media\/2673"}],"wp:attachment":[{"href":"https:\/\/eurodirections.com\/es\/wp-json\/wp\/v2\/media?parent=19101"}],"curies":[{"name":"wp","href":"https:\/\/api.w.org\/{rel}","templated":true}]}}