{"id":16062,"date":"2022-04-15T07:11:32","date_gmt":"2022-04-15T07:11:32","guid":{"rendered":"https:\/\/eurodirections.com\/lista-de-cosas-que-hacer-en-rodas\/"},"modified":"2023-02-13T16:36:56","modified_gmt":"2023-02-13T16:36:56","slug":"lista-de-cosas-que-hacer-en-rodas","status":"publish","type":"page","link":"https:\/\/eurodirections.com\/es\/lista-de-cosas-que-hacer-en-rodas\/","title":{"rendered":"Lista de cosas que hacer en Rodas"},"content":{"rendered":"<div id=\"ez-toc-container\" class=\"ez-toc-v2_0_82_2 counter-hierarchy ez-toc-counter ez-toc-grey ez-toc-container-direction\">\n<div class=\"ez-toc-title-container\">\n<p class=\"ez-toc-title\" style=\"cursor:inherit\">Table of Contents<\/p>\n<span class=\"ez-toc-title-toggle\"><a href=\"#\" class=\"ez-toc-pull-right ez-toc-btn ez-toc-btn-xs ez-toc-btn-default ez-toc-toggle\" aria-label=\"Alternar tabla de contenidos\"><span class=\"ez-toc-js-icon-con\"><span class=\"\"><span class=\"eztoc-hide\" style=\"display:none;\">Toggle<\/span><span class=\"ez-toc-icon-toggle-span\"><svg style=\"fill: #999;color:#999\" xmlns=\"http:\/\/www.w3.org\/2000\/svg\" class=\"list-377408\" width=\"20px\" height=\"20px\" viewBox=\"0 0 24 24\" fill=\"none\"><path d=\"M6 6H4v2h2V6zm14 0H8v2h12V6zM4 11h2v2H4v-2zm16 0H8v2h12v-2zM4 16h2v2H4v-2zm16 0H8v2h12v-2z\" fill=\"currentColor\"><\/path><\/svg><svg style=\"fill: #999;color:#999\" class=\"arrow-unsorted-368013\" xmlns=\"http:\/\/www.w3.org\/2000\/svg\" width=\"10px\" height=\"10px\" viewBox=\"0 0 24 24\" version=\"1.2\" baseProfile=\"tiny\"><path d=\"M18.2 9.3l-6.2-6.3-6.2 6.3c-.2.2-.3.4-.3.7s.1.5.3.7c.2.2.4.3.7.3h11c.3 0 .5-.1.7-.3.2-.2.3-.5.3-.7s-.1-.5-.3-.7zM5.8 14.7l6.2 6.3 6.2-6.3c.2-.2.3-.5.3-.7s-.1-.5-.3-.7c-.2-.2-.4-.3-.7-.3h-11c-.3 0-.5.1-.7.3-.2.2-.3.5-.3.7s.1.5.3.7z\"\/><\/svg><\/span><\/span><\/span><\/a><\/span><\/div>\n<nav><ul class='ez-toc-list ez-toc-list-level-1 eztoc-toggle-hide-by-default' ><li class='ez-toc-page-1 ez-toc-heading-level-2'><a class=\"ez-toc-link ez-toc-heading-1\" href=\"https:\/\/eurodirections.com\/es\/lista-de-cosas-que-hacer-en-rodas\/#Explorar-Rodas-lista-de-cosas-que-hacer-antes-de-morir\" >Explorar Rodas: lista de cosas que hacer antes de morir<\/a><ul class='ez-toc-list-level-3' ><li class='ez-toc-heading-level-3'><a class=\"ez-toc-link ez-toc-heading-2\" href=\"https:\/\/eurodirections.com\/es\/lista-de-cosas-que-hacer-en-rodas\/#Cosas-que-no-debe-perderse-en-Rodas\" >Cosas que no debe perderse en Rodas<\/a><\/li><li class='ez-toc-page-1 ez-toc-heading-level-3'><a class=\"ez-toc-link ez-toc-heading-3\" href=\"https:\/\/eurodirections.com\/es\/lista-de-cosas-que-hacer-en-rodas\/#Comer-como-un-local-en-Rodas\" >Comer como un local en Rodas<\/a><\/li><li class='ez-toc-page-1 ez-toc-heading-level-3'><a class=\"ez-toc-link ez-toc-heading-4\" href=\"https:\/\/eurodirections.com\/es\/lista-de-cosas-que-hacer-en-rodas\/#Donde-alojarse-en-Rodas\" >D\u00f3nde alojarse en Rodas<\/a><\/li><li class='ez-toc-page-1 ez-toc-heading-level-3'><a class=\"ez-toc-link ez-toc-heading-5\" href=\"https:\/\/eurodirections.com\/es\/lista-de-cosas-que-hacer-en-rodas\/#Mapa-con-precios-de-los-hoteles-de-la-isla-de-Rodas\" >Mapa con precios de los hoteles de la isla de Rodas<\/a><\/li><li class='ez-toc-page-1 ez-toc-heading-level-3'><a class=\"ez-toc-link ez-toc-heading-6\" href=\"https:\/\/eurodirections.com\/es\/lista-de-cosas-que-hacer-en-rodas\/#Listado-de-vuelos-baratos-a-Rodas\" >Listado de vuelos baratos a Rodas<\/a><\/li><\/ul><\/li><\/ul><\/nav><\/div>\n<h2><span class=\"ez-toc-section\" id=\"Explorar-Rodas-lista-de-cosas-que-hacer-antes-de-morir\"><\/span><b>Explorar Rodas: lista de cosas que hacer antes de morir<\/b><span class=\"ez-toc-section-end\"><\/span><\/h2>\n<p><span style=\"font-weight: 400;\">Rodas es la mayor de las islas del Dodecaneso, visitada por m\u00e1s de 2 millones de turistas cada a\u00f1o. La impresionante isla griega no solo es nadar y disfrutar de una naturaleza impresionante, sino tambi\u00e9n un casco antiguo declarado Patrimonio de la Humanidad por la UNESCO con una historia milenaria, arquitectura y 100 razones m\u00e1s para visitar Rodas. <\/span><\/p>\n<blockquote><p>Mir\u00e1 tambi\u00e9n: <a href=\"https:\/\/eurodirections.com\/travel-to-rhodes-greece\/#Best-season-for-visiting-Rhodes\" target=\"_blank\" rel=\"noopener\">\u00bfSabes cu\u00e1l es la mejor temporada para viajar a Rodas?<\/a><\/p><\/blockquote>\n<h3><span class=\"ez-toc-section\" id=\"Cosas-que-no-debe-perderse-en-Rodas\"><\/span><b>Cosas que no debe perderse en Rodas<\/b><span class=\"ez-toc-section-end\"><\/span><\/h3>\n<figure id=\"attachment_1876\" aria-describedby=\"caption-attachment-1876\" style=\"width: 971px\" class=\"wp-caption alignnone\"><img fetchpriority=\"high\" decoding=\"async\" class=\"size-full wp-image-1876\" src=\"http:\/\/eurodirections.com\/wp-content\/uploads\/2022\/04\/rhodes-city-greece.jpg\" alt=\"Calles de la ciudad de Rodas, Grecia\" width=\"971\" height=\"618\" srcset=\"https:\/\/eurodirections.com\/wp-content\/uploads\/2022\/04\/rhodes-city-greece.jpg 971w, https:\/\/eurodirections.com\/wp-content\/uploads\/2022\/04\/rhodes-city-greece-300x191.jpg 300w, https:\/\/eurodirections.com\/wp-content\/uploads\/2022\/04\/rhodes-city-greece-768x489.jpg 768w, https:\/\/eurodirections.com\/wp-content\/uploads\/2022\/04\/rhodes-city-greece-100x65.jpg 100w\" sizes=\"(max-width: 971px) 100vw, 971px\" \/><figcaption id=\"caption-attachment-1876\" class=\"wp-caption-text\">Calles de la ciudad de Rodas, Grecia. Foto de PixMeta<\/figcaption><\/figure>\n<ul>\n<li style=\"font-weight: 400;\" aria-level=\"1\">Pasee por la antigua Acr\u00f3polis de Lindos con las ruinas repartidas por la costa.<\/li>\n<li style=\"font-weight: 400;\" aria-level=\"1\">No se pierda St Paul&#8217;s Beach, una playa perfecta con aguas puras y arena dorada brillante.<\/li>\n<li style=\"font-weight: 400;\" aria-level=\"1\">Cuide su cuerpo con las aguas termales de Kalithea con propiedades curativas.<\/li>\n<li style=\"font-weight: 400;\" aria-level=\"1\">Llena el romance inimaginable en el Valle de las Mariposas lleno de coloridas mariposas desde finales de junio hasta mediados de agosto.<\/li>\n<li style=\"font-weight: 400;\" aria-level=\"1\">Disfrute de la belleza de la puesta de sol paseando por el casco antiguo de Rodas.<\/li>\n<li style=\"font-weight: 400;\" aria-level=\"1\">Encuentre un hermoso Monasterio Tsambika, una iglesia de color blanco puro con un techo rojo y una vista fant\u00e1stica de las monta\u00f1as.<\/li>\n<\/ul>\n<h3><span class=\"ez-toc-section\" id=\"Comer-como-un-local-en-Rodas\"><\/span><b>Comer como un local en Rodas<\/b><span class=\"ez-toc-section-end\"><\/span><\/h3>\n<ul>\n<li style=\"font-weight: 400;\" aria-level=\"1\">Encuentra el mejor meze en el Tradicional Caf\u00e9 Symi ubicado en el Mercado Nuevo.<\/li>\n<li style=\"font-weight: 400;\" aria-level=\"1\">Pruebe platos exclusivos servidos de la forma m\u00e1s atractiva en Noble Gourmet Restaurant.<\/li>\n<li style=\"font-weight: 400;\" aria-level=\"1\">Prueba todas las delicias locales originales en Paraga, un restaurante acogedor y nost\u00e1lgico con hornos de le\u00f1a.<\/li>\n<li style=\"font-weight: 400;\" aria-level=\"1\">Detr\u00e1s de una hermosa pared de un edificio veneciano, encontrar\u00e1 un pintoresco patio de la mansi\u00f3n de Marco Polo, inspirado en Andaluc\u00eda y el sur de Francia.<\/li>\n<li style=\"font-weight: 400;\" aria-level=\"1\">Los amantes de los mariscos adorar\u00e1n la abundancia de platos con sabores griegos en Hatzikeli, una taberna de mariscos.<\/li>\n<\/ul>\n<h3><span class=\"ez-toc-section\" id=\"Donde-alojarse-en-Rodas\"><\/span><b>D\u00f3nde alojarse en Rodas<\/b><span class=\"ez-toc-section-end\"><\/span><\/h3>\n<figure id=\"attachment_1877\" aria-describedby=\"caption-attachment-1877\" style=\"width: 939px\" class=\"wp-caption alignnone\"><img decoding=\"async\" class=\"size-full wp-image-1877\" src=\"http:\/\/eurodirections.com\/wp-content\/uploads\/2022\/04\/lyndos-rhodes-greece.jpg\" alt=\"Playa de la ciudad de Lyndos, Isla de Rodas Grecia\" width=\"939\" height=\"621\" srcset=\"https:\/\/eurodirections.com\/wp-content\/uploads\/2022\/04\/lyndos-rhodes-greece.jpg 939w, https:\/\/eurodirections.com\/wp-content\/uploads\/2022\/04\/lyndos-rhodes-greece-300x198.jpg 300w, https:\/\/eurodirections.com\/wp-content\/uploads\/2022\/04\/lyndos-rhodes-greece-768x508.jpg 768w, https:\/\/eurodirections.com\/wp-content\/uploads\/2022\/04\/lyndos-rhodes-greece-100x65.jpg 100w\" sizes=\"(max-width: 939px) 100vw, 939px\" \/><figcaption id=\"caption-attachment-1877\" class=\"wp-caption-text\">Playa de la ciudad de Lyndos, isla de Rodas, Grecia. Imagen de Photo-Week.net<\/figcaption><\/figure>\n<ul>\n<li style=\"font-weight: 400;\" aria-level=\"1\">Convierte tus vacaciones en momentos divinos en Nama Retreat, un exquisito hotel 5 estrellas.<\/li>\n<li style=\"font-weight: 400;\" aria-level=\"1\">Kolymbia Bay Art: un complejo hotelero de 4 estrellas solo para adultos que se encuentra a solo 2 minutos a pie de la playa; una excelente opci\u00f3n para sus vacaciones inolvidables.<\/li>\n<li style=\"font-weight: 400;\" aria-level=\"1\">Un Hotel Internacional de 3 estrellas es su elecci\u00f3n si desea tener comodidad a un precio razonable.<\/li>\n<li style=\"font-weight: 400;\" aria-level=\"1\">Stay Hostel ser\u00e1 un excelente lugar para viajes individuales o en grupo como un alojamiento econ\u00f3mico.<\/li>\n<li style=\"font-weight: 400;\" aria-level=\"1\">Elija quedarse en Lindos, el cielo en la tierra con el adorable y celestial F Charm Hotel &#8211; Solo para adultos con un ambiente aut\u00e9ntico.<\/li>\n<\/ul>\n<h3><span class=\"ez-toc-section\" id=\"Mapa-con-precios-de-los-hoteles-de-la-isla-de-Rodas\"><\/span>Mapa con precios de los hoteles de la isla de Rodas<span class=\"ez-toc-section-end\"><\/span><\/h3>\n<p><script src=\"\/\/tp.media\/content?0=0&amp;1=10&amp;promo_id=4285&amp;shmarker=14350.rhodesmap&amp;campaign_id=101&amp;search_host=search.hotellook.com&amp;locale=en&amp;currency=eur&amp;draggable=true&amp;disable_zoom=false&amp;show_logo=false&amp;scrollwheel=false&amp;color=%23F56E14&amp;contrast_color=%23ffffff&amp;width=720&amp;height=500&amp;zoom=13&amp;radius=60&amp;stars=0%2C1%2C2%2C3%2C4%2C5&amp;price_from=&amp;price_to=&amp;lat=36.44288&amp;lng=28.22654\" charset=\"utf-8\"><\/script><\/p>\n<h3><span class=\"ez-toc-section\" id=\"Listado-de-vuelos-baratos-a-Rodas\"><\/span>Listado de vuelos baratos a Rodas<span class=\"ez-toc-section-end\"><\/span><\/h3>\n<p><script src=\"https:\/\/tp.media\/content?currency=eur&amp;promo_id=4044&amp;shmarker=14350&amp;campaign_id=100&amp;trs=147545&amp;target_host=air.eurodirections.com%2Fflights&amp;locale=en&amp;limit=12&amp;powered_by=false&amp;primary=%230085FF&amp;destination=RHO\" charset=\"utf-8\"><\/script><\/p>\n<p><a title=\"Todos los vuelos a Rodas\" href=\"https:\/\/eurodirections.com\/flights-to-rhodes-greece\/\" target=\"_blank\" rel=\"noopener\">Busque todos los vuelos directos a Rodas, Grecia<\/a>: compare los precios de los boletos de avi\u00f3n a Rodas en las plataformas seguras de reserva en l\u00ednea y en las agencias de viaje.<\/p>\n<p><script type=\"application\/ld+json\">\n    {\n      \"@context\": \"https:\/\/schema.org\",\n      \"@type\": \"FAQPage\",\n      \"@id\" : \"#faq\",\n      \"url\" : \"https:\/\/www.eurodirections.com\/rhodes\/\",\n      \"name\" : \"Rhodes Travel FAQ\",\n      \"mainEntity\": [{\n        \"@type\": \"Question\",\n        \"name\": \"Things to do in Rhodes?\",\n        \"acceptedAnswer\": {\n          \"@type\": \"Answer\",\n          \"text\": \"The list of things not to miss in Rhodes:\nWander about the ancient Acropolis of Lindos with the ruins spread across the coastline. \nDon\u2019t miss out on St Paul\u2019s Beach, a picture-perfect beach with pure waters and glowing gold sand.\nTreat your body with Kalithea hot springs with curative properties.\nFill the unimaginable romance in the Valley of Butterflies filled with colorful butterflies from late June to mid-August. \nEmbrace the beauty of the sunset strolling about the Rhodes Old Town.\nFind a beautiful Tsambika Monastery, a pure white church with a red roof and a fantastic view of the mountains.\"\n        }\n      }, {\n        \"@type\": \"Question\",\n        \"name\": \"What to eat like a local in Rhodes?\",\n        \"acceptedAnswer\": {\n          \"@type\": \"Answer\",\n          \"text\": \"Eat and feel like a local in Rhodes:\nFind the best meze in the Traditional Cafe Symi located in the New Market.\nTry exclusive dishes served in the most attractive way in Noble Gourmet Restaurant.\nTaste all the original local delicacies in Paraga, a cozy and nostalgic restaurant with wood-fired ovens.\nBehind a beautiful wall of a Venetian building, you will find a picturesque courtyard of Marco Polo Mansion, inspired by Andalusia and Southern France.\nThe lovers of seafood will adore the abundance of dishes with Greek flavors in Hatzikeli, a seafood tavern.\"\n        }\n      }\n]\n    }\n<\/script><\/p>\n<p><script type=\"application\/ld+json\">\n{\n    \"@context\": \"http:\/\/schema.org\",\n    \"@type\": \"WebPage\",\n    \"name\": \"Rhodes bucket list\",\n    \"description\": \"Explore the bucket list of Rhodes island, Greece. Get to know what are the most authentic places, what restaurants to choose and what to do in Rhodes.\",\n    \"publisher\": {\n        \"@type\": \"WebPage\",\n        \"name\": \"Eurodirections.com\"\n    }\n}\n<\/script><\/p>\n<blockquote><p><strong>\u00bfLe gusta Grecia?<\/strong> Siga leyendo sobre <a title=\"Explorar Atenas, Grecia\" href=\"https:\/\/eurodirections.com\/athens\/\" data-schema-attribute=\"about\">Atenas<\/a>, <a title=\"Lista de cosas que hacer en Patras, Grecia\" href=\"https:\/\/eurodirections.com\/patras\/\" data-schema-attribute=\"about\">Patras<\/a> <a title=\"Lista de cosas que hacer en Sal\u00f3nica\" href=\"https:\/\/eurodirections.com\/thessaloniki\/\" data-schema-attribute=\"about\">, Sal\u00f3nica<\/a>, <a title=\"Gu\u00eda de viaje y lista de cosas que hacer en Kavala\" href=\"https:\/\/eurodirections.com\/kavala\/\" data-schema-attribute=\"about\">Kavala<\/a> y <a title=\"Lista de cosas que hacer en Heraklion, Creta, Grecia\" href=\"https:\/\/eurodirections.com\/heraklion\/\" data-schema-attribute=\"about\">Heraklion<\/a>.<br \/>\n<strong>Lea tambi\u00e9n:<\/strong> <a title=\"Panor\u00e1mica de 6 maravillosas ciudades de Grecia\" href=\"https:\/\/eurodirections.com\/explore-cities-of-greece\/\" target=\"_blank\" rel=\"noopener\" data-schema-attribute=\"mentions\">6 maravillosas ciudades de Grecia<\/a><\/p><\/blockquote>\n","protected":false},"excerpt":{"rendered":"<p>Explorar Rodas: lista de cosas que hacer antes de morir Rodas es la mayor de las islas del Dodecaneso, visitada por m\u00e1s de 2 millones de turistas cada a\u00f1o. La impresionante isla griega no solo es nadar y disfrutar de una naturaleza impresionante, sino tambi\u00e9n un casco antiguo declarado Patrimonio de la Humanidad por la [&hellip;]<\/p>\n","protected":false},"author":1,"featured_media":2745,"parent":0,"menu_order":0,"comment_status":"closed","ping_status":"closed","template":"","meta":{"footnotes":""},"class_list":["post-16062","page","type-page","status-publish","has-post-thumbnail","hentry"],"_links":{"self":[{"href":"https:\/\/eurodirections.com\/es\/wp-json\/wp\/v2\/pages\/16062","targetHints":{"allow":["GET"]}}],"collection":[{"href":"https:\/\/eurodirections.com\/es\/wp-json\/wp\/v2\/pages"}],"about":[{"href":"https:\/\/eurodirections.com\/es\/wp-json\/wp\/v2\/types\/page"}],"author":[{"embeddable":true,"href":"https:\/\/eurodirections.com\/es\/wp-json\/wp\/v2\/users\/1"}],"replies":[{"embeddable":true,"href":"https:\/\/eurodirections.com\/es\/wp-json\/wp\/v2\/comments?post=16062"}],"version-history":[{"count":0,"href":"https:\/\/eurodirections.com\/es\/wp-json\/wp\/v2\/pages\/16062\/revisions"}],"wp:featuredmedia":[{"embeddable":true,"href":"https:\/\/eurodirections.com\/es\/wp-json\/wp\/v2\/media\/2745"}],"wp:attachment":[{"href":"https:\/\/eurodirections.com\/es\/wp-json\/wp\/v2\/media?parent=16062"}],"curies":[{"name":"wp","href":"https:\/\/api.w.org\/{rel}","templated":true}]}}