{"id":10509,"date":"2023-01-16T21:06:10","date_gmt":"2023-01-16T21:06:10","guid":{"rendered":"https:\/\/eurodirections.com\/calendario-de-vuelos-baratos-%e2%9c%88\/"},"modified":"2023-01-17T08:17:46","modified_gmt":"2023-01-17T08:17:46","slug":"calendario-de-vuelos-baratos","status":"publish","type":"page","link":"https:\/\/eurodirections.com\/es\/calendario-de-vuelos-baratos\/","title":{"rendered":"Calendario de vuelos baratos"},"content":{"rendered":"<div id=\"ez-toc-container\" class=\"ez-toc-v2_0_82_2 counter-hierarchy ez-toc-counter ez-toc-grey ez-toc-container-direction\">\n<div class=\"ez-toc-title-container\">\n<p class=\"ez-toc-title\" style=\"cursor:inherit\">Table of Contents<\/p>\n<span class=\"ez-toc-title-toggle\"><a href=\"#\" class=\"ez-toc-pull-right ez-toc-btn ez-toc-btn-xs ez-toc-btn-default ez-toc-toggle\" aria-label=\"Alternar tabla de contenidos\"><span class=\"ez-toc-js-icon-con\"><span class=\"\"><span class=\"eztoc-hide\" style=\"display:none;\">Toggle<\/span><span class=\"ez-toc-icon-toggle-span\"><svg style=\"fill: #999;color:#999\" xmlns=\"http:\/\/www.w3.org\/2000\/svg\" class=\"list-377408\" width=\"20px\" height=\"20px\" viewBox=\"0 0 24 24\" fill=\"none\"><path d=\"M6 6H4v2h2V6zm14 0H8v2h12V6zM4 11h2v2H4v-2zm16 0H8v2h12v-2zM4 16h2v2H4v-2zm16 0H8v2h12v-2z\" fill=\"currentColor\"><\/path><\/svg><svg style=\"fill: #999;color:#999\" class=\"arrow-unsorted-368013\" xmlns=\"http:\/\/www.w3.org\/2000\/svg\" width=\"10px\" height=\"10px\" viewBox=\"0 0 24 24\" version=\"1.2\" baseProfile=\"tiny\"><path d=\"M18.2 9.3l-6.2-6.3-6.2 6.3c-.2.2-.3.4-.3.7s.1.5.3.7c.2.2.4.3.7.3h11c.3 0 .5-.1.7-.3.2-.2.3-.5.3-.7s-.1-.5-.3-.7zM5.8 14.7l6.2 6.3 6.2-6.3c.2-.2.3-.5.3-.7s-.1-.5-.3-.7c-.2-.2-.4-.3-.7-.3h-11c-.3 0-.5.1-.7.3-.2.2-.3.5-.3.7s.1.5.3.7z\"\/><\/svg><\/span><\/span><\/span><\/a><\/span><\/div>\n<nav><ul class='ez-toc-list ez-toc-list-level-1 eztoc-toggle-hide-by-default' ><li class='ez-toc-page-1 ez-toc-heading-level-2'><a class=\"ez-toc-link ez-toc-heading-1\" href=\"https:\/\/eurodirections.com\/es\/calendario-de-vuelos-baratos\/#Calendario-de-vuelos-baratos\" >Calendario de vuelos baratos<\/a><ul class='ez-toc-list-level-3' ><li class='ez-toc-heading-level-3'><a class=\"ez-toc-link ez-toc-heading-2\" href=\"https:\/\/eurodirections.com\/es\/calendario-de-vuelos-baratos\/#%F0%9F%93%85-%C2%BFComo-utilizar-el-calendario-de-vuelos-baratos\" >\ud83d\udcc5 \u00bfC\u00f3mo utilizar el calendario de vuelos baratos?<\/a><\/li><li class='ez-toc-page-1 ez-toc-heading-level-3'><a class=\"ez-toc-link ez-toc-heading-3\" href=\"https:\/\/eurodirections.com\/es\/calendario-de-vuelos-baratos\/#%F0%9F%A7%B3-Beneficios-de-usar-el-calendario-de-vuelos-baratos\" >\ud83e\uddf3 Beneficios de usar el calendario de vuelos baratos<\/a><\/li><\/ul><\/li><li class='ez-toc-page-1 ez-toc-heading-level-2'><a class=\"ez-toc-link ez-toc-heading-4\" href=\"https:\/\/eurodirections.com\/es\/calendario-de-vuelos-baratos\/#Ejemplo-de-uso-de-calendario-de-vuelos-baratos\" >Ejemplo de uso de calendario de vuelos baratos<\/a><\/li><\/ul><\/nav><\/div>\n<p>Nuestro calendario de vuelos baratos es una poderosa herramienta de <strong>planificaci\u00f3n de viajes<\/strong> que ayuda a los usuarios a <strong>comparar y seleccionar la mejor fecha para su vuelo<\/strong> a un destino espec\u00edfico desde cualquier punto del mundo. El calendario permite a los <strong>usuarios buscar y comparar f\u00e1cilmente vuelos<\/strong> de todas las aerol\u00edneas, agencias de viajes y sistemas de reserva, <strong>e identificar las fechas m\u00e1s rentables<\/strong> para su viaje.<\/p>\n<h2><span class=\"ez-toc-section\" id=\"Calendario-de-vuelos-baratos\"><\/span>Calendario de vuelos baratos<span class=\"ez-toc-section-end\"><\/span><\/h2>\n<p><script src=\"\/\/tp.media\/content?currency=eur&amp;promo_id=4041&amp;shmarker=14350&amp;campaign_id=100&amp;trs=147545&amp;searchUrl=air.eurodirections.com%2Fflights&amp;locale=es&amp;powered_by=false&amp;one_way=true&amp;only_direct=false&amp;period=year&amp;range=1%2C30&amp;primary=%23172940&amp;color_background=%23FFFFFF&amp;achieve=%230F5ABD&amp;dark=%23000000&amp;light=%23FFFFFF&amp;destination=PAR\" charset=\"utf-8\"><span data-mce-type=\"bookmark\" style=\"display: inline-block; width: 0px; overflow: hidden; line-height: 0;\" class=\"mce_SELRES_start\">\ufeff<\/span><span data-mce-type=\"bookmark\" style=\"display: inline-block; width: 0px; overflow: hidden; line-height: 0;\" class=\"mce_SELRES_start\">\ufeff<\/span><span data-mce-type=\"bookmark\" style=\"display: inline-block; width: 0px; overflow: hidden; line-height: 0;\" class=\"mce_SELRES_start\">\ufeff<\/span><span data-mce-type=\"bookmark\" style=\"display: inline-block; width: 0px; overflow: hidden; line-height: 0;\" class=\"mce_SELRES_start\">\ufeff<\/span><span data-mce-type=\"bookmark\" style=\"display: inline-block; width: 0px; overflow: hidden; line-height: 0;\" class=\"mce_SELRES_start\">\ufeff<\/span><span data-mce-type=\"bookmark\" style=\"display: inline-block; width: 0px; overflow: hidden; line-height: 0;\" class=\"mce_SELRES_start\">\ufeff<\/span><\/script><\/p>\n<h3><span class=\"ez-toc-section\" id=\"%F0%9F%93%85-%C2%BFComo-utilizar-el-calendario-de-vuelos-baratos\"><\/span>\ud83d\udcc5 \u00bfC\u00f3mo utilizar el calendario de vuelos baratos?<span class=\"ez-toc-section-end\"><\/span><\/h3>\n<ol>\n<li>Seleccione su ubicaci\u00f3n en la parte superior izquierda del calendario<\/li>\n<li>Consulta el precio m\u00e1s barato de cada mes para el vuelo desde tu ubicaci\u00f3n<\/li>\n<li>Haga clic en la ventana de cualquier mes para ver la fecha exacta del vuelo m\u00e1s econ\u00f3mico<\/li>\n<li>Puede hacer clic en la ventana de la fecha para ver los detalles del vuelo<\/li>\n<li>Haga clic en el bot\u00f3n de detalles del vuelo para ver los t\u00e9rminos completos del vuelo o reservar el boleto a\u00e9reo<\/li>\n<li>Puede usar la configuraci\u00f3n en la parte superior izquierda del calendario para cambiar el tipo de vuelo (de ida o de ida y vuelta)<\/li>\n<\/ol>\n<p>Con el calendario de vuelos baratos, los usuarios pueden <strong>comparar f\u00e1cilmente los precios de los billetes<\/strong> y planificar y organizar su viaje a cualquier parte del mundo. Ya sea que est\u00e9 planeando un viaje de negocios o unas vacaciones en la playa, nuestro calendario de vuelos es la herramienta perfecta para ayudarlo a <strong>encontrar la mejor oferta en pasajes a\u00e9reos.<\/strong><\/p>\n<h3><span class=\"ez-toc-section\" id=\"%F0%9F%A7%B3-Beneficios-de-usar-el-calendario-de-vuelos-baratos\"><\/span>\ud83e\uddf3 Beneficios de usar el calendario de vuelos baratos<span class=\"ez-toc-section-end\"><\/span><\/h3>\n<ul>\n<li>Compare los precios de los billetes de avi\u00f3n: el calendario de vuelos permite a los usuarios comparar f\u00e1cilmente los precios de diferentes aerol\u00edneas, agencias de viajes y sistemas de reserva, ayud\u00e1ndoles a encontrar la mejor oferta en billetes de avi\u00f3n.<\/li>\n<li>Encuentre las mejores fechas de vuelos: el calendario permite a los usuarios buscar vuelos en diferentes fechas, ayud\u00e1ndolos a identificar las fechas m\u00e1s rentables para su viaje.<\/li>\n<li>Interfaz conveniente: el calendario es f\u00e1cil de usar y permite a los usuarios planificar y organizar su viaje en una ubicaci\u00f3n conveniente.<\/li>\n<li>Ahorre tiempo: el calendario elimina la necesidad de que los usuarios busquen en varios sitios web para encontrar la mejor oferta en pasajes a\u00e9reos, ahorr\u00e1ndoles tiempo y esfuerzo.<\/li>\n<li>Obtenga la mejor oferta para boletos a\u00e9reos: el calendario ayuda a los usuarios a encontrar el vuelo m\u00e1s barato y obtener la mejor oferta por su dinero.<\/li>\n<li>No es necesario realizar b\u00fasquedas m\u00faltiples: el calendario le muestra los precios de todas las aerol\u00edneas y todas las fechas del mes en un solo lugar, sin necesidad de buscar en varios sitios web.<\/li>\n<li>Encuentra el mejor horario de vuelo: El calendario muestra los horarios de vuelo, para que puedas elegir el que mejor se adapte a tus necesidades.<\/li>\n<\/ul>\n<h2><span class=\"ez-toc-section\" id=\"Ejemplo-de-uso-de-calendario-de-vuelos-baratos\"><\/span>Ejemplo de uso de calendario de vuelos baratos<span class=\"ez-toc-section-end\"><\/span><\/h2>\n<p>Usar el calendario de vuelos baratos es f\u00e1cil. Digamos que est\u00e1s planeando un viaje de Madrid a Par\u00eds. Aqu\u00ed hay un ejemplo de c\u00f3mo puede usar el calendario para encontrar la mejor oferta en pasajes a\u00e9reos:<\/p>\n<figure id=\"attachment_10403\" aria-describedby=\"caption-attachment-10403\" style=\"width: 846px\" class=\"wp-caption alignnone\"><a href=\"https:\/\/eurodirections.com\/calendar\/cheap-flight-calendar-settings-screenshot\/\" rel=\"attachment wp-att-10403\"><img fetchpriority=\"high\" decoding=\"async\" class=\"size-full wp-image-10403\" src=\"https:\/\/eurodirections.com\/wp-content\/uploads\/2023\/01\/cheap-flight-calendar-settings-screenshot.jpg\" alt=\"Usando el calendario de vuelos baratos en eurodirections.com\" width=\"846\" height=\"797\" srcset=\"https:\/\/eurodirections.com\/wp-content\/uploads\/2023\/01\/cheap-flight-calendar-settings-screenshot.jpg 846w, https:\/\/eurodirections.com\/wp-content\/uploads\/2023\/01\/cheap-flight-calendar-settings-screenshot-300x283.jpg 300w, https:\/\/eurodirections.com\/wp-content\/uploads\/2023\/01\/cheap-flight-calendar-settings-screenshot-768x724.jpg 768w\" sizes=\"(max-width: 846px) 100vw, 846px\" \/><\/a><figcaption id=\"caption-attachment-10403\" class=\"wp-caption-text\">Screenshot. Usando el calendario de vuelos baratos y configurando los par\u00e1metros de vuelo de Madrid a Par\u00eds en eurodirections.com<\/figcaption><\/figure>\n<ol>\n<li>Visite eurodirections.com y seleccione la opci\u00f3n \u00abCalendario de vuelos\u00bb.<\/li>\n<li>Haz clic en el icono de Ajustes y en el campo \u00abDe\u00bb, introduce \u00abMadrid\u00bb y en el campo \u00abHasta\u00bb, introduce \u00abPar\u00eds\u00bb.<\/li>\n<li>Seleccione la opci\u00f3n de viaje que desee: de ida o de ida y vuelta.<\/li>\n<li>Al elegir la opci\u00f3n \u00abDos sentidos\u00bb, se le pedir\u00e1 que establezca la duraci\u00f3n de su viaje.<\/li>\n<li>Puede elegir ver solo los precios de los vuelos directos en el calendario haciendo clic en la casilla de verificaci\u00f3n \u00abVuelos directos\u00bb.<\/li>\n<li>El calendario mostrar\u00e1 todos los vuelos disponibles de Madrid a Par\u00eds en las ventanas del mes. Se resaltar\u00e1 el mes m\u00e1s barato.<\/li>\n<li>Con solo hacer clic en el mes, ver\u00e1 las fechas del mes y la fecha exacta del vuelo m\u00e1s barato.<\/li>\n<li>Si hace clic en la fecha, se abrir\u00e1 la p\u00e1gina de resultados de b\u00fasqueda con los detalles completos del vuelo.<\/li>\n<li>Puede ordenar los vuelos por precio, horario y aerol\u00edneas.<\/li>\n<li>Compara los precios de los diferentes vuelos y selecciona el que mejor se ajuste a tu presupuesto y horario.<\/li>\n<li>Una vez que haya encontrado la mejor oferta, puede proceder a reservar su vuelo desde el sistema de reservas que proporciona el billete de avi\u00f3n.<\/li>\n<\/ol>\n<p>Puedes ver un calendario de vuelos baratos con los mejores precios para las siguientes rutas de vuelos aqu\u00ed: vuelos <a href=\"https:\/\/eurodirections.com\/berlin-tirana-flights-timetable\/\">Berl\u00edn-Tirana<\/a>, <a href=\"https:\/\/eurodirections.com\/es\/vuelos-a-oporto-portugal\/\">vuelos a Oporto<\/a>, vuelos <a href=\"https:\/\/eurodirections.com\/paris-bangalore\/\">Par\u00eds-Bangalore<\/a>, y muchas <a href=\"https:\/\/eurodirections.com\/es\/in\/vuelos\/\">otras direcciones de vuelos aqu\u00ed.<\/a><\/p>\n<p>Nuestro calendario se <strong>actualiza constantemente con los \u00faltimos precios<\/strong> y horarios de vuelos, por lo que puede estar seguro de que est\u00e1 recibiendo la informaci\u00f3n m\u00e1s actualizada. Esperamos que pueda utilizar nuestro calendario de vuelos baratos de manera efectiva y encontrar el vuelo perfecto para su viaje a cualquier destino. \u00a1Viajes felices!<\/p>\n","protected":false},"excerpt":{"rendered":"<p>Nuestro calendario de vuelos baratos es una poderosa herramienta de planificaci\u00f3n de viajes que ayuda a los usuarios a comparar y seleccionar la mejor fecha para su vuelo a un destino espec\u00edfico desde cualquier punto del mundo. El calendario permite a los usuarios buscar y comparar f\u00e1cilmente vuelos de todas las aerol\u00edneas, agencias de viajes [&hellip;]<\/p>\n","protected":false},"author":1,"featured_media":29104,"parent":0,"menu_order":0,"comment_status":"closed","ping_status":"closed","template":"","meta":{"footnotes":""},"class_list":["post-10509","page","type-page","status-publish","has-post-thumbnail","hentry"],"_links":{"self":[{"href":"https:\/\/eurodirections.com\/es\/wp-json\/wp\/v2\/pages\/10509","targetHints":{"allow":["GET"]}}],"collection":[{"href":"https:\/\/eurodirections.com\/es\/wp-json\/wp\/v2\/pages"}],"about":[{"href":"https:\/\/eurodirections.com\/es\/wp-json\/wp\/v2\/types\/page"}],"author":[{"embeddable":true,"href":"https:\/\/eurodirections.com\/es\/wp-json\/wp\/v2\/users\/1"}],"replies":[{"embeddable":true,"href":"https:\/\/eurodirections.com\/es\/wp-json\/wp\/v2\/comments?post=10509"}],"version-history":[{"count":0,"href":"https:\/\/eurodirections.com\/es\/wp-json\/wp\/v2\/pages\/10509\/revisions"}],"wp:featuredmedia":[{"embeddable":true,"href":"https:\/\/eurodirections.com\/es\/wp-json\/wp\/v2\/media\/29104"}],"wp:attachment":[{"href":"https:\/\/eurodirections.com\/es\/wp-json\/wp\/v2\/media?parent=10509"}],"curies":[{"name":"wp","href":"https:\/\/api.w.org\/{rel}","templated":true}]}}