{"id":5809,"date":"2022-04-05T18:23:19","date_gmt":"2022-04-05T18:23:19","guid":{"rendered":"https:\/\/eurodirections.com\/entdecken-sie-kavala-bucket-list-fuer-den-reisenden\/"},"modified":"2023-01-04T18:48:47","modified_gmt":"2023-01-04T18:48:47","slug":"kavala","status":"publish","type":"page","link":"https:\/\/eurodirections.com\/de\/kavala\/","title":{"rendered":"Entdecken Sie Kavala: Bucket List f\u00fcr den Reisenden"},"content":{"rendered":"<div id=\"ez-toc-container\" class=\"ez-toc-v2_0_82_2 counter-hierarchy ez-toc-counter ez-toc-grey ez-toc-container-direction\">\n<div class=\"ez-toc-title-container\">\n<p class=\"ez-toc-title\" style=\"cursor:inherit\">Table of Contents<\/p>\n<span class=\"ez-toc-title-toggle\"><a href=\"#\" class=\"ez-toc-pull-right ez-toc-btn ez-toc-btn-xs ez-toc-btn-default ez-toc-toggle\" aria-label=\"Toggle Table of Content\"><span class=\"ez-toc-js-icon-con\"><span class=\"\"><span class=\"eztoc-hide\" style=\"display:none;\">Toggle<\/span><span class=\"ez-toc-icon-toggle-span\"><svg style=\"fill: #999;color:#999\" xmlns=\"http:\/\/www.w3.org\/2000\/svg\" class=\"list-377408\" width=\"20px\" height=\"20px\" viewBox=\"0 0 24 24\" fill=\"none\"><path d=\"M6 6H4v2h2V6zm14 0H8v2h12V6zM4 11h2v2H4v-2zm16 0H8v2h12v-2zM4 16h2v2H4v-2zm16 0H8v2h12v-2z\" fill=\"currentColor\"><\/path><\/svg><svg style=\"fill: #999;color:#999\" class=\"arrow-unsorted-368013\" xmlns=\"http:\/\/www.w3.org\/2000\/svg\" width=\"10px\" height=\"10px\" viewBox=\"0 0 24 24\" version=\"1.2\" baseProfile=\"tiny\"><path d=\"M18.2 9.3l-6.2-6.3-6.2 6.3c-.2.2-.3.4-.3.7s.1.5.3.7c.2.2.4.3.7.3h11c.3 0 .5-.1.7-.3.2-.2.3-.5.3-.7s-.1-.5-.3-.7zM5.8 14.7l6.2 6.3 6.2-6.3c.2-.2.3-.5.3-.7s-.1-.5-.3-.7c-.2-.2-.4-.3-.7-.3h-11c-.3 0-.5.1-.7.3-.2.2-.3.5-.3.7s.1.5.3.7z\"\/><\/svg><\/span><\/span><\/span><\/a><\/span><\/div>\n<nav><ul class='ez-toc-list ez-toc-list-level-1 eztoc-toggle-hide-by-default' ><li class='ez-toc-page-1 ez-toc-heading-level-2'><a class=\"ez-toc-link ez-toc-heading-1\" href=\"https:\/\/eurodirections.com\/de\/kavala\/#Kavala-Bucket-Liste-Reise-Touristeninformationen\" >Kavala-Bucket-Liste: Reise-Touristeninformationen<\/a><ul class='ez-toc-list-level-3' ><li class='ez-toc-heading-level-3'><a class=\"ez-toc-link ez-toc-heading-2\" href=\"https:\/\/eurodirections.com\/de\/kavala\/#Dinge-die-man-in-Kavala-nicht-verpassen-sollte\" >Dinge, die man in Kavala nicht verpassen sollte<\/a><ul class='ez-toc-list-level-4' ><li class='ez-toc-heading-level-4'><a class=\"ez-toc-link ez-toc-heading-3\" href=\"https:\/\/eurodirections.com\/de\/kavala\/#Ein-Tag-in-Kavala-Videoguide\" >Ein Tag in Kavala (Videoguide)<\/a><\/li><\/ul><\/li><li class='ez-toc-page-1 ez-toc-heading-level-3'><a class=\"ez-toc-link ez-toc-heading-4\" href=\"https:\/\/eurodirections.com\/de\/kavala\/#Essen-Sie-wie-ein-Einheimischer-in-Kavala\" >Essen Sie wie ein Einheimischer in Kavala<\/a><\/li><li class='ez-toc-page-1 ez-toc-heading-level-3'><a class=\"ez-toc-link ez-toc-heading-5\" href=\"https:\/\/eurodirections.com\/de\/kavala\/#Wo-in-Kavala-uebernachten\" >Wo in Kavala \u00fcbernachten?<\/a><\/li><li class='ez-toc-page-1 ez-toc-heading-level-3'><a class=\"ez-toc-link ez-toc-heading-6\" href=\"https:\/\/eurodirections.com\/de\/kavala\/#Guenstige-Fluege-nach-Kavala\" >G\u00fcnstige Fl\u00fcge nach Kavala<\/a><\/li><\/ul><\/li><\/ul><\/nav><\/div>\n<h2><span class=\"ez-toc-section\" id=\"Kavala-Bucket-Liste-Reise-Touristeninformationen\"><\/span><b>Kavala-Bucket-Liste: Reise-Touristeninformationen<\/b><span class=\"ez-toc-section-end\"><\/span><\/h2>\n<p><span style=\"font-weight: 400;\">Kavala ist der Haupthafen und die Hauptstadt der Pr\u00e4fektur Kavala, Mazedonien, die sich an den H\u00e4ngen des Berges Symvolo erstreckt. Es ist eine der <a title=\"6 wundervolle St\u00e4dte in Griechenland\" href=\"https:\/\/eurodirections.com\/explore-cities-of-greece\/\" data-schema-attribute=\"about\">charmantesten und malerischsten St\u00e4dte Griechenlands<\/a>, deren Architektur sich perfekt in den modernen Lebensrhythmus einf\u00fcgt. Lassen Sie uns Kavala und seine wundersch\u00f6nen Touristenattraktionen erkunden &#8211; eines der <a title=\"Best Euro destinations\" href=\"https:\/\/eurodirections.com\/explore\" data-schema-attribute=\"about\">besten Reiseziele in Europa.<\/a><\/span><\/p>\n<p><iframe style=\"border: 1px solid #EEE; background: white;\" src=\"about:blank\" width=\"880\" height=\"270\" frameborder=\"0\" scrolling=\"no\" class=\"lazyload\" data-src=\"https:\/\/eurodirections.substack.com\/embed\"><span data-mce-type=\"bookmark\" style=\"display: inline-block; width: 0px; overflow: hidden; line-height: 0;\" class=\"mce_SELRES_start\"><\/span><span data-mce-type=\"bookmark\" style=\"display: inline-block; width: 0px; overflow: hidden; line-height: 0;\" class=\"mce_SELRES_start\" align=\"center\"><\/span><\/iframe><\/p>\n<h3><span class=\"ez-toc-section\" id=\"Dinge-die-man-in-Kavala-nicht-verpassen-sollte\"><\/span><b>Dinge, die man in Kavala nicht verpassen sollte <\/b><span class=\"ez-toc-section-end\"><\/span><\/h3>\n<ul>\n<li style=\"font-weight: 400;\" aria-level=\"1\"><span style=\"font-weight: 400;\">Verbringen Sie einen Tag am fabelhaften Palio Tsifiki Beach mit Strandbars und Caf\u00e9s zum Entspannen.<\/span><\/li>\n<li style=\"font-weight: 400;\" aria-level=\"1\"><span style=\"font-weight: 400;\">Sehen Sie sich das Kavala-Aqu\u00e4dukt an, das ber\u00fchmteste Bauwerk, das die historische Altstadt durchquert.<\/span><\/li>\n<li style=\"font-weight: 400;\" aria-level=\"1\"><span style=\"font-weight: 400;\">Machen Sie einen Spaziergang zur Kavala-Burg auf einem hohen H\u00fcgel und setzen Sie Ihre Tour zum Leuchtturm am felsigen Ufer fort.<\/span><\/li>\n<li style=\"font-weight: 400;\" aria-level=\"1\"><span style=\"font-weight: 400;\">Wandern Sie durch den Waterway Trail mit atemberaubenden Landschaften au\u00dferhalb des Stadtzentrums.<\/span><\/li>\n<li style=\"font-weight: 400;\" aria-level=\"1\"><span style=\"font-weight: 400;\">Fahren Sie in die Au\u00dfenbezirke von Kavala, um die Sch\u00f6nheit des Bomo Tosca Beach zu genie\u00dfen.<\/span><\/li>\n<\/ul>\n<h4><span class=\"ez-toc-section\" id=\"Ein-Tag-in-Kavala-Videoguide\"><\/span>Ein Tag in Kavala (Videoguide)<span class=\"ez-toc-section-end\"><\/span><\/h4>\n<p><iframe title=\"YouTube-Videoplayer\" src=\"about:blank\" width=\"560\" height=\"315\" frameborder=\"0\" allowfullscreen=\"allowfullscreen\" class=\"lazyload\" data-src=\"https:\/\/www.youtube.com\/embed\/KK5dOUKwexQ\"><\/iframe><\/p>\n<h3><span class=\"ez-toc-section\" id=\"Essen-Sie-wie-ein-Einheimischer-in-Kavala\"><\/span><b>Essen Sie wie ein Einheimischer in Kavala <\/b><span class=\"ez-toc-section-end\"><\/span><\/h3>\n<ul>\n<li style=\"font-weight: 400;\" aria-level=\"1\"><span style=\"font-weight: 400;\">Lernen Sie griechische K\u00fcche und lokale Gerichte in den beliebten Restaurants <strong>Psaraki, Balaouro, Araliki und Koutoukaki<\/strong> kennen.<\/span><\/li>\n<li style=\"font-weight: 400;\" aria-level=\"1\"><span style=\"font-weight: 400;\">Finden Sie einige feine mediterrane Gerichte in <strong>KyraVaggelio<\/strong> und <strong>Taverna Savvas<\/strong>, die frische Meeresfr\u00fcchte und vegane Speisen servieren. <\/span><\/li>\n<li style=\"font-weight: 400;\" aria-level=\"1\"><span style=\"font-weight: 400;\"><strong>Marmelo Patisserie und Allotino<\/strong> sind Paradiese f\u00fcr Naschkatzen und servieren traditionelle griechische K\u00f6stlichkeiten wie Kalbsbries und Br\u00f6tchen.<\/span><\/li>\n<li style=\"font-weight: 400;\" aria-level=\"1\"><span style=\"font-weight: 400;\"><strong>Delikaris Ola Sta Karvouna<\/strong> ist ein Ort f\u00fcr k\u00f6stliches Fast Food und bisher der beste Kebab in Kavala.<\/span><\/li>\n<li style=\"font-weight: 400;\" aria-level=\"1\"><span style=\"font-weight: 400;\">Genie\u00dfen Sie die entspannte Atmosph\u00e4re im Restaurant <strong>Mpahari<\/strong> mit der Kombination aus Moderne und Art de Cuisine.<\/span><\/li>\n<\/ul>\n<p><strong>Siehe auch in Griechenland:<\/strong> <a title=\"Bucket list of Heraklion\" href=\"https:\/\/eurodirections.com\/heraklion\/\" data-schema-attribute=\"about\">Heraklion<\/a>, <a title=\"Athens bucket list\" href=\"https:\/\/eurodirections.com\/athens\/\" data-schema-attribute=\"about\">Athen<\/a>, <a title=\"Bucket list of Thessaloniki\" href=\"https:\/\/eurodirections.com\/thessaloniki\" data-schema-attribute=\"about\">Thessaloniki<\/a>, <a title=\"Explore Rhodes, Greece\" href=\"https:\/\/eurodirections.com\/rhodes\/\" data-schema-attribute=\"about\">Rhodos<\/a>, <a title=\"Patras guide\" href=\"https:\/\/eurodirections.com\/patras\/\" data-schema-attribute=\"about\">Patras<\/a><\/p>\n<h3><span class=\"ez-toc-section\" id=\"Wo-in-Kavala-uebernachten\"><\/span><b>Wo in Kavala \u00fcbernachten? <\/b><span class=\"ez-toc-section-end\"><\/span><\/h3>\n<ul>\n<li style=\"font-weight: 400;\" aria-level=\"1\"><span style=\"font-weight: 400;\">Finden Sie heraus, wie es sich anf\u00fchlt, einzigartig zu sein im <strong>Imaret<\/strong> 5-Sterne-Hotel mit gro\u00dfz\u00fcgig dekorierten Zimmern und einem Pool im Innengarten.<\/span><\/li>\n<li style=\"font-weight: 400;\" aria-level=\"1\"><span style=\"font-weight: 400;\">Tauchen Sie ein in Eleganz und Harmonie im 4-Sterne-Hotel <strong>Egnatia<\/strong> mit einem gro\u00dfartigen Blick auf die Stadt.<\/span><\/li>\n<li style=\"font-weight: 400;\" aria-level=\"1\"><span style=\"font-weight: 400;\">Holen Sie sich eine gro\u00dfartige Kombination aus Komfort und Preis im 3-Sterne-Hotel <strong>Oceanis<\/strong>, nur 6 Gehminuten vom Strand entfernt.<\/span><\/li>\n<li style=\"font-weight: 400;\" aria-level=\"1\"><span style=\"font-weight: 400;\">Finden Sie alle Annehmlichkeiten eines Hotels im <strong>Nefeli<\/strong> Hotel zu einem g\u00fcnstigen Preis. <\/span><\/li>\n<li style=\"font-weight: 400;\" aria-level=\"1\"><span style=\"font-weight: 400;\">Machen Sie eine eint\u00e4gige Tour zum Strand von <strong>Tuzla<\/strong> und \u00fcbernachten Sie in einem komfortablen Hotel Salis.<br \/>\n<span style=\"color: #808080;\"><a style=\"color: #808080;\" title=\"G\u00fcnstige und beliebte Hotels in Kavala, Griechenland\" href=\"https:\/\/eurodirections.com\/hotels-in-kavala\/\" target=\"_blank\" rel=\"noopener\" data-schema-attribute=\"about\">Auswahl an g\u00fcnstigen und beliebten Hotels in Kavala<\/a><\/span><\/span><\/li>\n<\/ul>\n<p><script src=\"https:\/\/www.travelpayouts.com\/chansey\/iframe.js?currency=eur&#038;v=1&#038;marker=14350&#038;trs=147545&#038;host=search.hotellook.com&#038;locale=en&#038;nobooking=&#038;powered_by=false&#038;hotel_id=507125\" charset=\"utf-8\" async><\/script><\/p>\n<p>\u2014<\/p>\n<h3><span class=\"ez-toc-section\" id=\"Guenstige-Fluege-nach-Kavala\"><\/span>G\u00fcnstige Fl\u00fcge nach Kavala<span class=\"ez-toc-section-end\"><\/span><\/h3>\n<p><script src=\"\/\/tp.media\/content?currency=eur&#038;promo_id=4044&#038;shmarker=14350&#038;campaign_id=100&#038;trs=147545&#038;target_host=air.eurodirections.com%2Fflights&#038;locale=de&#038;limit=12&#038;powered_by=false&#038;secondary=%230085FF&#038;destination=KVA\" charset=\"utf-8\"><\/script><\/p>\n<p><strong>\u00dcberpr\u00fcfen Sie<\/strong> auch den <a title=\"Kavala Flugf\u00fchrer\" href=\"https:\/\/eurodirections.com\/de\/kavala-fluege\/\" target=\"_blank\" rel=\"noopener\" data-schema-attribute=\"about\">Leitfaden f\u00fcr die g\u00fcnstigen Fl\u00fcge nach Kavala hier<\/a><\/p>\n<hr \/>\n<p><script type=\"application\/ld+json\">\n{\n    \"@context\": \"http:\/\/schema.org\",\n    \"@type\": \"WebPage\",\n    \"name\": \"Kavala guide\",\n    \"description\": \"Explore Kavala, Greece - an amazing city located in the shore of Aegean Sea with crystal clear sandy beaches and wonderful rocky nature. Get detailed information on Kavala sights, attractions, hotels and traveling.\",\n    \"publisher\": {\n        \"@type\": \"WebPage\",\n        \"name\": \"Eurodirections.com\"\n    }\n}\n<\/script><\/p>\n<p><script type=\"application\/ld+json\">\n    {\n      \"@context\": \"https:\/\/schema.org\",\n      \"@type\": \"FAQPage\",\n      \"@id\" : \"#faq\",\n      \"url\" : \"https:\/\/www.eurodirections.com\/kavala\/\",\n      \"name\" : \"Kavala Travel FAQ\",\n      \"mainEntity\": [{\n        \"@type\": \"Question\",\n        \"name\": \"Things to do in Kavala?\",\n        \"acceptedAnswer\": {\n          \"@type\": \"Answer\",\n          \"text\": \"The bucket list of Kavala:\nSpend a day in the fabulous Palio Tsifliki Beach with beach bars and cafes to chill.\nCheck out Kavala Aqueduct, the most famous structure crossing the old historical town.\nTake a walk to the Kavala castle on the top of a high hill and continue your tour to the lighthouse on the rocky shore.\nHike through the Waterway Trail with amazing landscapes off the city center.\nDrive to the outskirts of Kavala to embrace the beauty of Bomo Tosca Beach.\"\n        }\n      }, {\n        \"@type\": \"Question\",\n        \"name\": \"What to eat like a local in Kavala?\",\n        \"acceptedAnswer\": {\n          \"@type\": \"Answer\",\n          \"text\": \"Eat and feel like a local in Kavala:\nGet acquainted with Greek cuisine and local dishes in Psaraki, Balaouro, Araliki, and Koutoukaki popular restaurants.\nFind some fine Mediterranean dishes in KyraVaggelio and Taverna Savvas, serving fresh seafood and vegan food. \nMarmelo Patisserie and Allotino are paradises for sweet tooths serving traditional Greek delights like sweetbreads and buns.\nDelikaris Ola Sta Karvouna is a spot of delicious fast food and, so far, the best kebab in Kavala.\nEnjoy the relaxing atmosphere in Mpahari restaurant with the combination of modern and Art de Cuisine.\"\n        }\n      }\n]\n    }\n<\/script><\/p>\n","protected":false},"excerpt":{"rendered":"<p>Kavala-Bucket-Liste: Reise-Touristeninformationen Kavala ist der Haupthafen und die Hauptstadt der Pr\u00e4fektur Kavala, Mazedonien, die sich an den H\u00e4ngen des Berges Symvolo erstreckt. Es ist eine der charmantesten und malerischsten St\u00e4dte Griechenlands, deren Architektur sich perfekt in den modernen Lebensrhythmus einf\u00fcgt. Lassen Sie uns Kavala und seine wundersch\u00f6nen Touristenattraktionen erkunden &#8211; eines der besten Reiseziele in [&hellip;]<\/p>\n","protected":false},"author":1,"featured_media":3438,"parent":0,"menu_order":0,"comment_status":"closed","ping_status":"closed","template":"","meta":{"footnotes":""},"class_list":["post-5809","page","type-page","status-publish","has-post-thumbnail","hentry"],"_links":{"self":[{"href":"https:\/\/eurodirections.com\/de\/wp-json\/wp\/v2\/pages\/5809","targetHints":{"allow":["GET"]}}],"collection":[{"href":"https:\/\/eurodirections.com\/de\/wp-json\/wp\/v2\/pages"}],"about":[{"href":"https:\/\/eurodirections.com\/de\/wp-json\/wp\/v2\/types\/page"}],"author":[{"embeddable":true,"href":"https:\/\/eurodirections.com\/de\/wp-json\/wp\/v2\/users\/1"}],"replies":[{"embeddable":true,"href":"https:\/\/eurodirections.com\/de\/wp-json\/wp\/v2\/comments?post=5809"}],"version-history":[{"count":0,"href":"https:\/\/eurodirections.com\/de\/wp-json\/wp\/v2\/pages\/5809\/revisions"}],"wp:featuredmedia":[{"embeddable":true,"href":"https:\/\/eurodirections.com\/de\/wp-json\/wp\/v2\/media\/3438"}],"wp:attachment":[{"href":"https:\/\/eurodirections.com\/de\/wp-json\/wp\/v2\/media?parent=5809"}],"curies":[{"name":"wp","href":"https:\/\/api.w.org\/{rel}","templated":true}]}}