{"id":5798,"date":"2023-01-04T09:55:45","date_gmt":"2023-01-04T09:55:45","guid":{"rendered":"https:\/\/eurodirections.com\/helsinki-hotelkarte\/"},"modified":"2023-01-04T10:14:04","modified_gmt":"2023-01-04T10:14:04","slug":"helsinki-hotelkarte","status":"publish","type":"page","link":"https:\/\/eurodirections.com\/de\/helsinki-hotelkarte\/","title":{"rendered":"Helsinki-Hotelkarte"},"content":{"rendered":"\t\t<div data-elementor-type=\"wp-page\" data-elementor-id=\"5798\" class=\"elementor elementor-5798\">\n\t\t\t\t\t\t<section class=\"elementor-section elementor-top-section elementor-element elementor-element-a333f9b elementor-section-boxed elementor-section-height-default elementor-section-height-default\" data-id=\"a333f9b\" data-element_type=\"section\" data-e-type=\"section\">\n\t\t\t\t\t\t<div class=\"elementor-container elementor-column-gap-default\">\n\t\t\t\t\t<div class=\"elementor-column elementor-col-100 elementor-top-column elementor-element elementor-element-b3db828\" data-id=\"b3db828\" data-element_type=\"column\" data-e-type=\"column\">\n\t\t\t<div class=\"elementor-widget-wrap elementor-element-populated\">\n\t\t\t\t\t\t<div class=\"elementor-element elementor-element-e187d07 elementor-widget elementor-widget-html\" data-id=\"e187d07\" data-element_type=\"widget\" data-e-type=\"widget\" data-widget_type=\"html.default\">\n\t\t\t\t<div class=\"elementor-widget-container\">\n\t\t\t\t\t<script src=\"\/\/tp.media\/content?currency=eur&promo_id=7873&shmarker=14350&campaign_id=101&trs=147545&show_hotels=false&locale=en&searchUrl=search.hotellook.com&primary=%23FF5900&secondary=%23FFFFFF&dark=%23262626&light=%23FFFFFF&special=%23E6E6E6&border_radius=0&no_labels=&plain=true&powered_by=false\" charset=\"utf-8\"><\/script>\t\t\t\t<\/div>\n\t\t\t\t<\/div>\n\t\t\t\t\t<\/div>\n\t\t<\/div>\n\t\t\t\t\t<\/div>\n\t\t<\/section>\n\t\t\t\t<section class=\"elementor-section elementor-top-section elementor-element elementor-element-16cf153 elementor-section-boxed elementor-section-height-default elementor-section-height-default\" data-id=\"16cf153\" data-element_type=\"section\" data-e-type=\"section\">\n\t\t\t\t\t\t<div class=\"elementor-container elementor-column-gap-default\">\n\t\t\t\t\t<div class=\"elementor-column elementor-col-66 elementor-top-column elementor-element elementor-element-312be44\" data-id=\"312be44\" data-element_type=\"column\" data-e-type=\"column\">\n\t\t\t<div class=\"elementor-widget-wrap elementor-element-populated\">\n\t\t\t\t\t\t<div class=\"elementor-element elementor-element-dcc3dea elementor-widget elementor-widget-text-editor\" data-id=\"dcc3dea\" data-element_type=\"widget\" data-e-type=\"widget\" data-widget_type=\"text-editor.default\">\n\t\t\t\t<div class=\"elementor-widget-container\">\n\t\t\t\t\t\t\t\t\t<h2>Finden Sie g\u00fcnstige Hotels in Helsinki<\/h2>\n<p>Eine Reise nach Helsinki ist ein wirklich einzigartiges und inspirierendes Erlebnis. Von der atemberaubenden Architektur und der atemberaubenden Natursch\u00f6nheit bis hin zur reichen Kultur und k\u00f6stlichen K\u00fcche gibt es in dieser pulsierenden Stadt so viel zu entdecken und zu genie\u00dfen.  Eine der besten M\u00f6glichkeiten, das Beste aus Ihrer Reise zu machen, ist die Suche nach der perfekten Unterkunft, und das Hotelsuchsystem von Euro Directions hilft Ihnen dabei. <\/p>\n<p>Mit der M\u00f6glichkeit, Preise \u00fcber Dutzende von verschiedenen Hotelbuchungssystemen zu vergleichen, k\u00f6nnen Sie das perfekte Hotel zum besten Preis finden und Ihre Reise nach Helsinki noch spezieller machen. Warum also warten? Beginnen Sie noch heute mit der Planung Ihrer Reise nach Helsinki und lassen Sie sich von Euro Directions dabei helfen, die perfekte Unterkunft zu finden!<\/p>\n\t\t\t\t\t\t\t\t<\/div>\n\t\t\t\t<\/div>\n\t\t\t\t<div class=\"elementor-element elementor-element-02889d7 elementor-widget elementor-widget-html\" data-id=\"02889d7\" data-element_type=\"widget\" data-e-type=\"widget\" data-widget_type=\"html.default\">\n\t\t\t\t<div class=\"elementor-widget-container\">\n\t\t\t\t\t<script src=\"\/\/tp.media\/content?0=0&1=10&currency=eur&promo_id=4285&shmarker=14350&campaign_id=101&trs=147545&search_host=search.hotellook.com&locale=en&draggable=true&disable_zoom=false&show_logo=true&scrollwheel=false&color=%2307AF61&contrast_color=%23ffffff&width=1000&height=500&zoom=14&radius=60&stars=0%2C1%2C2%2C3%2C4%2C5&price_from=&price_to=&lat=60.169845&lng=24.938523\" charset=\"utf-8\"><\/script>\t\t\t\t<\/div>\n\t\t\t\t<\/div>\n\t\t\t\t\t<\/div>\n\t\t<\/div>\n\t\t\t\t<div class=\"elementor-column elementor-col-33 elementor-top-column elementor-element elementor-element-c5b96fd\" data-id=\"c5b96fd\" data-element_type=\"column\" data-e-type=\"column\">\n\t\t\t<div class=\"elementor-widget-wrap elementor-element-populated\">\n\t\t\t\t\t\t<div class=\"elementor-element elementor-element-56eaf4b elementor-widget elementor-widget-html\" data-id=\"56eaf4b\" data-element_type=\"widget\" data-e-type=\"widget\" data-widget_type=\"html.default\">\n\t\t\t\t<div class=\"elementor-widget-container\">\n\t\t\t\t\t<script src=\"\/\/tp.media\/content?currency=eur&promo_id=4044&shmarker=14350&campaign_id=100&trs=147545&target_host=air.eurodirections.com%2Fflights&locale=en&limit=12&powered_by=false&secondary=%230085FF&destination=HEL\" charset=\"utf-8\"><\/script>\t\t\t\t<\/div>\n\t\t\t\t<\/div>\n\t\t\t\t\t<\/div>\n\t\t<\/div>\n\t\t\t\t\t<\/div>\n\t\t<\/section>\n\t\t\t\t<section class=\"elementor-section elementor-top-section elementor-element elementor-element-319a48f elementor-section-boxed elementor-section-height-default elementor-section-height-default\" data-id=\"319a48f\" data-element_type=\"section\" data-e-type=\"section\">\n\t\t\t\t\t\t<div class=\"elementor-container elementor-column-gap-default\">\n\t\t\t\t\t<div class=\"elementor-column elementor-col-100 elementor-top-column elementor-element elementor-element-8f94684\" data-id=\"8f94684\" data-element_type=\"column\" data-e-type=\"column\">\n\t\t\t<div class=\"elementor-widget-wrap elementor-element-populated\">\n\t\t\t\t\t\t<div class=\"elementor-element elementor-element-832418d elementor-widget elementor-widget-text-editor\" data-id=\"832418d\" data-element_type=\"widget\" data-e-type=\"widget\" data-widget_type=\"text-editor.default\">\n\t\t\t\t<div class=\"elementor-widget-container\">\n\t\t\t\t\t\t\t\t\t<p>Siehe auch:<\/p>\n<ul>\n<li><a href=\"https:\/\/eurodirections.com\/visit-helsinki-finland\/\">Reisef\u00fchrer f\u00fcr Helsinki<\/a><\/li>\n<li><a href=\"https:\/\/eurodirections.com\/de\/flugkalender-helsinki\/\">Flugkalender Helsinki<\/a><\/li>\n<\/ul>\n\t\t\t\t\t\t\t\t<\/div>\n\t\t\t\t<\/div>\n\t\t\t\t\t<\/div>\n\t\t<\/div>\n\t\t\t\t\t<\/div>\n\t\t<\/section>\n\t\t\t\t<\/div>\n\t\t","protected":false},"excerpt":{"rendered":"<p>Finden Sie g\u00fcnstige Hotels in Helsinki Eine Reise nach Helsinki ist ein wirklich einzigartiges und inspirierendes Erlebnis. Von der atemberaubenden Architektur und der atemberaubenden Natursch\u00f6nheit bis hin zur reichen Kultur und k\u00f6stlichen K\u00fcche gibt es in dieser pulsierenden Stadt so viel zu entdecken und zu genie\u00dfen. Eine der besten M\u00f6glichkeiten, das Beste aus Ihrer Reise [&hellip;]<\/p>\n","protected":false},"author":1,"featured_media":5762,"parent":0,"menu_order":0,"comment_status":"closed","ping_status":"closed","template":"","meta":{"footnotes":""},"class_list":["post-5798","page","type-page","status-publish","has-post-thumbnail","hentry"],"_links":{"self":[{"href":"https:\/\/eurodirections.com\/de\/wp-json\/wp\/v2\/pages\/5798","targetHints":{"allow":["GET"]}}],"collection":[{"href":"https:\/\/eurodirections.com\/de\/wp-json\/wp\/v2\/pages"}],"about":[{"href":"https:\/\/eurodirections.com\/de\/wp-json\/wp\/v2\/types\/page"}],"author":[{"embeddable":true,"href":"https:\/\/eurodirections.com\/de\/wp-json\/wp\/v2\/users\/1"}],"replies":[{"embeddable":true,"href":"https:\/\/eurodirections.com\/de\/wp-json\/wp\/v2\/comments?post=5798"}],"version-history":[{"count":0,"href":"https:\/\/eurodirections.com\/de\/wp-json\/wp\/v2\/pages\/5798\/revisions"}],"wp:featuredmedia":[{"embeddable":true,"href":"https:\/\/eurodirections.com\/de\/wp-json\/wp\/v2\/media\/5762"}],"wp:attachment":[{"href":"https:\/\/eurodirections.com\/de\/wp-json\/wp\/v2\/media?parent=5798"}],"curies":[{"name":"wp","href":"https:\/\/api.w.org\/{rel}","templated":true}]}}