{"id":27182,"date":"2022-04-03T20:07:52","date_gmt":"2022-04-03T20:07:52","guid":{"rendered":"https:\/\/eurodirections.com\/erkunden-sie-eriwan-%e2%88%99-reisefuhrer\/"},"modified":"2023-08-05T10:37:38","modified_gmt":"2023-08-05T10:37:38","slug":"erkunden-sie-eriwan-reisefuhrer","status":"publish","type":"page","link":"https:\/\/eurodirections.com\/de\/erkunden-sie-eriwan-reisefuhrer\/","title":{"rendered":"Erkunden Sie Eriwan \u2219 Reisef\u00fchrer"},"content":{"rendered":"<div id=\"ez-toc-container\" class=\"ez-toc-v2_0_82_2 counter-hierarchy ez-toc-counter ez-toc-grey ez-toc-container-direction\">\n<div class=\"ez-toc-title-container\">\n<p class=\"ez-toc-title\" style=\"cursor:inherit\">Table of Contents<\/p>\n<span class=\"ez-toc-title-toggle\"><a href=\"#\" class=\"ez-toc-pull-right ez-toc-btn ez-toc-btn-xs ez-toc-btn-default ez-toc-toggle\" aria-label=\"Toggle Table of Content\"><span class=\"ez-toc-js-icon-con\"><span class=\"\"><span class=\"eztoc-hide\" style=\"display:none;\">Toggle<\/span><span class=\"ez-toc-icon-toggle-span\"><svg style=\"fill: #999;color:#999\" xmlns=\"http:\/\/www.w3.org\/2000\/svg\" class=\"list-377408\" width=\"20px\" height=\"20px\" viewBox=\"0 0 24 24\" fill=\"none\"><path d=\"M6 6H4v2h2V6zm14 0H8v2h12V6zM4 11h2v2H4v-2zm16 0H8v2h12v-2zM4 16h2v2H4v-2zm16 0H8v2h12v-2z\" fill=\"currentColor\"><\/path><\/svg><svg style=\"fill: #999;color:#999\" class=\"arrow-unsorted-368013\" xmlns=\"http:\/\/www.w3.org\/2000\/svg\" width=\"10px\" height=\"10px\" viewBox=\"0 0 24 24\" version=\"1.2\" baseProfile=\"tiny\"><path d=\"M18.2 9.3l-6.2-6.3-6.2 6.3c-.2.2-.3.4-.3.7s.1.5.3.7c.2.2.4.3.7.3h11c.3 0 .5-.1.7-.3.2-.2.3-.5.3-.7s-.1-.5-.3-.7zM5.8 14.7l6.2 6.3 6.2-6.3c.2-.2.3-.5.3-.7s-.1-.5-.3-.7c-.2-.2-.4-.3-.7-.3h-11c-.3 0-.5.1-.7.3-.2.2-.3.5-.3.7s.1.5.3.7z\"\/><\/svg><\/span><\/span><\/span><\/a><\/span><\/div>\n<nav><ul class='ez-toc-list ez-toc-list-level-1 eztoc-toggle-hide-by-default' ><li class='ez-toc-page-1 ez-toc-heading-level-2'><a class=\"ez-toc-link ez-toc-heading-1\" href=\"https:\/\/eurodirections.com\/de\/erkunden-sie-eriwan-reisefuhrer\/#Bucket-List-fuer-Eriwan-Reisefuehrer\" >Bucket List f\u00fcr Eriwan Reisef\u00fchrer<\/a><ul class='ez-toc-list-level-3' ><li class='ez-toc-heading-level-3'><a class=\"ez-toc-link ez-toc-heading-2\" href=\"https:\/\/eurodirections.com\/de\/erkunden-sie-eriwan-reisefuhrer\/#Was-man-in-Eriwan-nicht-verpassen-sollte\" >Was man in Eriwan nicht verpassen sollte<\/a><\/li><li class='ez-toc-page-1 ez-toc-heading-level-3'><a class=\"ez-toc-link ez-toc-heading-3\" href=\"https:\/\/eurodirections.com\/de\/erkunden-sie-eriwan-reisefuhrer\/#Essen-wie-ein-Einheimischer-in-Eriwan\" >Essen wie ein Einheimischer in Eriwan<\/a><\/li><li class='ez-toc-page-1 ez-toc-heading-level-3'><a class=\"ez-toc-link ez-toc-heading-4\" href=\"https:\/\/eurodirections.com\/de\/erkunden-sie-eriwan-reisefuhrer\/#Unterkunft-in-Eriwan\" >Unterkunft in Eriwan<\/a><\/li><\/ul><\/li><\/ul><\/nav><\/div>\n<p><strong>Erkunden wir Eriwan<\/strong>, die Hauptstadt und alte Stadt Armeniens!<\/p>\n<h2><span class=\"ez-toc-section\" id=\"Bucket-List-fuer-Eriwan-Reisefuehrer\"><\/span><b>Bucket List f\u00fcr Eriwan Reisef\u00fchrer<\/b><span class=\"ez-toc-section-end\"><\/span><\/h2>\n<p><span style=\"font-weight: 400;\">Obwohl <a title=\"Yerevan kompletter Reisef\u00fchrer\" href=\"https:\/\/airtickets.am\/yerevan-guide-for-tourists\/\" target=\"_blank\" rel=\"nofollow noopener\" data-schema-attribute=\"mentions\">Eriwan<\/a> eine komfortable und moderne europ\u00e4ische Stadt ist, hat es sich seine unvereinbare Ausstrahlung bewahrt. Der Rhythmus wird hier nie langsamer. Die Stra\u00dfen sind sowohl tags\u00fcber als auch sp\u00e4tabends \u00fcberf\u00fcllt. Hier finden Sie alle Farben des Urlaubs, von einem langsamen Tempo bis hin zu modernen aktiven Beats. <\/span><\/p>\n<h3><span class=\"ez-toc-section\" id=\"Was-man-in-Eriwan-nicht-verpassen-sollte\"><\/span><b>Was man in Eriwan nicht verpassen sollte<\/b><span class=\"ez-toc-section-end\"><\/span><\/h3>\n<ul>\n<li style=\"font-weight: 400;\" aria-level=\"1\"><span style=\"font-weight: 400;\">Tanzen Sie mit den Singenden Brunnen auf dem Platz der Republik und bewundern Sie das Schauspiel.<\/span><\/li>\n<li style=\"font-weight: 400;\" aria-level=\"1\"><span style=\"font-weight: 400;\">Gehen Sie die 572 Stufen des riesigen Kaskaden-Denkmals hinauf, um den besten Blick auf das Opern- und Balletttheater zu genie\u00dfen. <\/span><\/li>\n<li style=\"font-weight: 400;\" aria-level=\"1\"><span style=\"font-weight: 400;\">Entdecken Sie wertvolle Exponate des Cafesjian Center for the Arts und seltene St\u00fccke, die sich im gesamten Cascade befinden. <\/span><\/li>\n<li style=\"font-weight: 400;\" aria-level=\"1\"><span style=\"font-weight: 400;\">Schlendern Sie durch die Erebuni-Festung, die Ruinen einer antiken Stadt aus dem Jahr 782 v. Chr., und besuchen Sie das Erebuni-Museum, um die Spuren der urart\u00e4ischen Zivilisation zu entdecken.<\/span><\/li>\n<li style=\"font-weight: 400;\" aria-level=\"1\"><span style=\"font-weight: 400;\">Auf der Vernissage, einem Flohmarkt unter freiem Himmel, k\u00f6nnen Sie einzigartige Silberschmuckst\u00fccke, handgefertigte armenische Teppiche, Holzsouvenirs und vieles mehr erwerben.<\/span><\/li>\n<li style=\"font-weight: 400;\" aria-level=\"1\"><span style=\"font-weight: 400;\">Erkunden Sie die Zellen der Eriwaner Weinbrand- und Wodkafabrik Noy und verpassen Sie nicht den Degustationssaal, in dem Sie Ararat-Cognac probieren k\u00f6nnen.<\/span><\/li>\n<\/ul>\n<h3><span class=\"ez-toc-section\" id=\"Essen-wie-ein-Einheimischer-in-Eriwan\"><\/span><b>Essen wie ein Einheimischer in Eriwan<\/b><span class=\"ez-toc-section-end\"><\/span><\/h3>\n<ul>\n<li style=\"font-weight: 400;\" aria-level=\"1\"><span style=\"font-weight: 400;\">Finden Sie einen versteckten, gem\u00fctlichen Garten hinter dem Souvenirladen Dalan, um einen Morgenkaffee zu trinken.<\/span><\/li>\n<li style=\"font-weight: 400;\" aria-level=\"1\"><span style=\"font-weight: 400;\">Probieren Sie die besten handwerklich gebrauten Biere in den Brauereien von Dargett, Dor, Beer Academy, und genie\u00dfen Sie die beste K\u00fcche.<\/span><\/li>\n<li style=\"font-weight: 400;\" aria-level=\"1\"><span style=\"font-weight: 400;\">Nehmen Sie an einer Weinverkostung in der Saryan-Stra\u00dfe teil und besuchen Sie alle ber\u00fchmten Weinkellereien in Eriwan.<\/span><\/li>\n<li style=\"font-weight: 400;\" aria-level=\"1\"><span style=\"font-weight: 400;\">Genie\u00dfen Sie die traditionelle armenische K\u00fcche im Restaurant Lavash, das nationale Gerichte mit einer modernen Note serviert. <\/span><\/li>\n<li style=\"font-weight: 400;\" aria-level=\"1\"><span style=\"font-weight: 400;\">Lassen Sie den Tag in einer der stimmungsvollen Cocktailbars von Eriwan &#8211; Kong, Minas Cocktail Room, Mamba, Simona und anderen &#8211; zu einer langen Nacht werden.<\/span><\/li>\n<\/ul>\n<h3><span class=\"ez-toc-section\" id=\"Unterkunft-in-Eriwan\"><\/span><b>Unterkunft in Eriwan<\/b><span class=\"ez-toc-section-end\"><\/span><\/h3>\n<ul>\n<li style=\"font-weight: 400;\" aria-level=\"1\"><span style=\"font-weight: 400;\">W\u00e4hlen Sie aus mehreren 5-Sterne-Hotels das beste Alexander Luxury Collection Hotel f\u00fcr Ihren Urlaub.<\/span><\/li>\n<li style=\"font-weight: 400;\" aria-level=\"1\"><span style=\"font-weight: 400;\">Nicht weniger komfortabel und anspruchsvoll ist Ihr Hotelzimmer im 4-Sterne-Hotel Ramada Hotel &amp; Suites by Wyndham Yerevan.<\/span><\/li>\n<li style=\"font-weight: 400;\" aria-level=\"1\"><span style=\"font-weight: 400;\">Die g\u00fcnstigste Unterkunft in Eriwan ist das Ibis Yerevan Center im Herzen der Hauptstadt.<\/span><\/li>\n<li style=\"font-weight: 400;\" aria-level=\"1\"><span style=\"font-weight: 400;\">Entscheiden Sie sich f\u00fcr Friendship Hostel &amp; Tours, wenn Sie nur ein kleines Budget zur Verf\u00fcgung haben.<\/span><\/li>\n<li style=\"font-weight: 400;\" aria-level=\"1\"><span style=\"font-weight: 400;\">Machen Sie einen Tagesausflug zum historischen Garni-Tempel und \u00fcbernachten Sie im G\u00e4stehaus Harmonia Garden Garni. <\/span><\/li>\n<\/ul>\n<p><span style=\"color: #808080;\"><em>Empfohlenes Hotel in Eriwan: Ramada Hotel &amp; Suites by Wyndham Eriwan<\/em><\/span><\/p>\n<p><script src=\"https:\/\/www.travelpayouts.com\/chansey\/iframe.js?v=1&amp;marker=14350&amp;host=air.eurodirections.com%2Fhotels&amp;locale=en&amp;currency=eur&amp;nobooking=&amp;powered_by=false&amp;hotel_id=1374852370\" async=\"\" charset=\"utf-8\"><\/script><\/p>\n<p><a title=\"Auswahl an Hotels in Eriwan\" href=\"https:\/\/eurodirections.com\/featured-hotels-in-yerevan\/\">Sehen Sie alle Hotels auf der<\/a> Karte von Eriwan und vergleichen Sie Preise, Bewertungen und Standorte.<\/p>\n<p style=\"text-align: center;\">\u2014<\/p>\n<p><script src=\"https:\/\/tp.media\/content?currency=eur&amp;trs=147545&amp;shmarker=14350&amp;destination=EVN&amp;target_host=air.eurodirections.com%2Fflights&amp;locale=en&amp;limit=10&amp;powered_by=false&amp;primary=%230085FF&amp;promo_id=4044&amp;campaign_id=100\" charset=\"utf-8\"><\/script><\/p>\n<p>Sie k\u00f6nnen <a title=\"G\u00fcnstige Fl\u00fcge nach Eriwan\" href=\"https:\/\/eurodirections.com\/de\/fluege-nach-eriwan-armenien\/\">weitere Fl\u00fcge nach Eriwan<\/a> finden, wenn Sie diesem Bericht mit Preisvergleich folgen.<\/p>\n","protected":false},"excerpt":{"rendered":"<p>Erkunden wir Eriwan, die Hauptstadt und alte Stadt Armeniens! Bucket List f\u00fcr Eriwan Reisef\u00fchrer Obwohl Eriwan eine komfortable und moderne europ\u00e4ische Stadt ist, hat es sich seine unvereinbare Ausstrahlung bewahrt. Der Rhythmus wird hier nie langsamer. Die Stra\u00dfen sind sowohl tags\u00fcber als auch sp\u00e4tabends \u00fcberf\u00fcllt. Hier finden Sie alle Farben des Urlaubs, von einem langsamen [&hellip;]<\/p>\n","protected":false},"author":1,"featured_media":3402,"parent":0,"menu_order":0,"comment_status":"closed","ping_status":"closed","template":"","meta":{"footnotes":""},"class_list":["post-27182","page","type-page","status-publish","has-post-thumbnail","hentry"],"_links":{"self":[{"href":"https:\/\/eurodirections.com\/de\/wp-json\/wp\/v2\/pages\/27182","targetHints":{"allow":["GET"]}}],"collection":[{"href":"https:\/\/eurodirections.com\/de\/wp-json\/wp\/v2\/pages"}],"about":[{"href":"https:\/\/eurodirections.com\/de\/wp-json\/wp\/v2\/types\/page"}],"author":[{"embeddable":true,"href":"https:\/\/eurodirections.com\/de\/wp-json\/wp\/v2\/users\/1"}],"replies":[{"embeddable":true,"href":"https:\/\/eurodirections.com\/de\/wp-json\/wp\/v2\/comments?post=27182"}],"version-history":[{"count":0,"href":"https:\/\/eurodirections.com\/de\/wp-json\/wp\/v2\/pages\/27182\/revisions"}],"wp:featuredmedia":[{"embeddable":true,"href":"https:\/\/eurodirections.com\/de\/wp-json\/wp\/v2\/media\/3402"}],"wp:attachment":[{"href":"https:\/\/eurodirections.com\/de\/wp-json\/wp\/v2\/media?parent=27182"}],"curies":[{"name":"wp","href":"https:\/\/api.w.org\/{rel}","templated":true}]}}