{"id":26253,"date":"2022-11-28T16:39:25","date_gmt":"2022-11-28T16:39:25","guid":{"rendered":"https:\/\/eurodirections.com\/cluj-napoca-eimer-liste\/"},"modified":"2023-06-10T15:08:57","modified_gmt":"2023-06-10T15:08:57","slug":"cluj-napoca-eimer-liste","status":"publish","type":"page","link":"https:\/\/eurodirections.com\/de\/cluj-napoca-eimer-liste\/","title":{"rendered":"Cluj Napoca Eimer Liste"},"content":{"rendered":"<div id=\"ez-toc-container\" class=\"ez-toc-v2_0_82_2 counter-hierarchy ez-toc-counter ez-toc-grey ez-toc-container-direction\">\n<div class=\"ez-toc-title-container\">\n<p class=\"ez-toc-title\" style=\"cursor:inherit\">Table of Contents<\/p>\n<span class=\"ez-toc-title-toggle\"><a href=\"#\" class=\"ez-toc-pull-right ez-toc-btn ez-toc-btn-xs ez-toc-btn-default ez-toc-toggle\" aria-label=\"Toggle Table of Content\"><span class=\"ez-toc-js-icon-con\"><span class=\"\"><span class=\"eztoc-hide\" style=\"display:none;\">Toggle<\/span><span class=\"ez-toc-icon-toggle-span\"><svg style=\"fill: #999;color:#999\" xmlns=\"http:\/\/www.w3.org\/2000\/svg\" class=\"list-377408\" width=\"20px\" height=\"20px\" viewBox=\"0 0 24 24\" fill=\"none\"><path d=\"M6 6H4v2h2V6zm14 0H8v2h12V6zM4 11h2v2H4v-2zm16 0H8v2h12v-2zM4 16h2v2H4v-2zm16 0H8v2h12v-2z\" fill=\"currentColor\"><\/path><\/svg><svg style=\"fill: #999;color:#999\" class=\"arrow-unsorted-368013\" xmlns=\"http:\/\/www.w3.org\/2000\/svg\" width=\"10px\" height=\"10px\" viewBox=\"0 0 24 24\" version=\"1.2\" baseProfile=\"tiny\"><path d=\"M18.2 9.3l-6.2-6.3-6.2 6.3c-.2.2-.3.4-.3.7s.1.5.3.7c.2.2.4.3.7.3h11c.3 0 .5-.1.7-.3.2-.2.3-.5.3-.7s-.1-.5-.3-.7zM5.8 14.7l6.2 6.3 6.2-6.3c.2-.2.3-.5.3-.7s-.1-.5-.3-.7c-.2-.2-.4-.3-.7-.3h-11c-.3 0-.5.1-.7.3-.2.2-.3.5-.3.7s.1.5.3.7z\"\/><\/svg><\/span><\/span><\/span><\/a><\/span><\/div>\n<nav><ul class='ez-toc-list ez-toc-list-level-1 eztoc-toggle-hide-by-default' ><li class='ez-toc-page-1 ez-toc-heading-level-2'><a class=\"ez-toc-link ez-toc-heading-1\" href=\"https:\/\/eurodirections.com\/de\/cluj-napoca-eimer-liste\/#Cluj-Napoca-erkunden\" >Cluj-Napoca erkunden<\/a><ul class='ez-toc-list-level-3' ><li class='ez-toc-heading-level-3'><a class=\"ez-toc-link ez-toc-heading-2\" href=\"https:\/\/eurodirections.com\/de\/cluj-napoca-eimer-liste\/#Was-man-in-Cluj-Napoca-nicht-verpassen-sollte\" >Was man in Cluj-Napoca nicht verpassen sollte<\/a><\/li><li class='ez-toc-page-1 ez-toc-heading-level-3'><a class=\"ez-toc-link ez-toc-heading-3\" href=\"https:\/\/eurodirections.com\/de\/cluj-napoca-eimer-liste\/#Essen-wie-ein-Einheimischer-in-Cluj-Napoca\" >Essen wie ein Einheimischer in Cluj-Napoca<\/a><\/li><li class='ez-toc-page-1 ez-toc-heading-level-3'><a class=\"ez-toc-link ez-toc-heading-4\" href=\"https:\/\/eurodirections.com\/de\/cluj-napoca-eimer-liste\/#Unterbringung-in-Cluj-Napoca\" >Unterbringung in Cluj-Napoca<\/a><\/li><li class='ez-toc-page-1 ez-toc-heading-level-3'><a class=\"ez-toc-link ez-toc-heading-5\" href=\"https:\/\/eurodirections.com\/de\/cluj-napoca-eimer-liste\/#Cluj-Napoca-Hotels-Karte\" >Cluj Napoca Hotels Karte<\/a><\/li><\/ul><\/li><\/ul><\/nav><\/div>\n<p>Haben Sie schon Ihre Reise nach Cluj-Napoca in Rum\u00e4nien geplant? Ja, dann ist es an der Zeit, die Stadt und ihre Attraktionen kennen zu lernen und herauszufinden, was Sie dort tun k\u00f6nnen, um Ihre Reise so unvergesslich wie m\u00f6glich zu machen. Cluj Napoca Bucket List ist nur f\u00fcr Sie gemacht &#8211; genie\u00dfen Sie die Stadt mit uns.<\/p>\n<p><iframe style=\"border: 1px solid #EEE; background: white;\" src=\"about:blank\" width=\"880\" height=\"270\" frameborder=\"0\" scrolling=\"no\" class=\"lazyload\" data-src=\"https:\/\/eurodirections.substack.com\/embed\"><span data-mce-type=\"bookmark\" style=\"display: inline-block; width: 0px; overflow: hidden; line-height: 0;\" class=\"mce_SELRES_start\"><\/span><span data-mce-type=\"bookmark\" style=\"display: inline-block; width: 0px; overflow: hidden; line-height: 0;\" class=\"mce_SELRES_start\" align=\"center\"><\/span><\/iframe><\/p>\n<h2><span class=\"ez-toc-section\" id=\"Cluj-Napoca-erkunden\"><\/span>Cluj-Napoca erkunden<span class=\"ez-toc-section-end\"><\/span><\/h2>\n<p><span style=\"font-weight: 400;\">Cluj-Napoca ist als Reiseziel weniger bekannt, und vielleicht haben Sie noch nie von ihr geh\u00f6rt. Das liegt nicht daran, dass die Stadt nichts zu bieten h\u00e4tte, sondern daran, dass sie sich als Touristenziel noch entwickelt. Die Hauptstadt Siebenb\u00fcrgens, Cluj-Napoca, ist eine dynamische Universit\u00e4tsstadt mit gotischer Architektur und zauberhafter Natur. <\/span><\/p>\n<p><span style=\"font-weight: 400;\">Cluj-Napoca ist weniger popul\u00e4r als andere St\u00e4dte, so dass Sie zu jeder Jahreszeit Ihre Ruhe haben, ohne dass die Sehensw\u00fcrdigkeiten mit Touristen \u00fcberf\u00fcllt sind. Die Hauptstadt Siebenb\u00fcrgens, Cluj-Napoca, ist eine dynamische Universit\u00e4tsstadt mit gotischer Architektur und zauberhafter Natur. Stellen Sie sich Cluj-Napoca als Ihr n\u00e4chstes Reiseziel vor, mit der folgenden Reiseroute im Hinterkopf.<\/span><\/p>\n<h3><span class=\"ez-toc-section\" id=\"Was-man-in-Cluj-Napoca-nicht-verpassen-sollte\"><\/span><b>Was man in Cluj-Napoca nicht verpassen sollte<\/b><span class=\"ez-toc-section-end\"><\/span><\/h3>\n<ul>\n<li style=\"font-weight: 400;\" aria-level=\"1\"><span style=\"font-weight: 400;\">Bewundern Sie das sch\u00f6nste Geb\u00e4ude in Cluj, die Nationaloper, die von \u00f6sterreichischen Architekten im neobarocken Stil erbaut wurde.<\/span><\/li>\n<li style=\"font-weight: 400;\" aria-level=\"1\"><span style=\"font-weight: 400;\">Besuchen Sie den Ethnographischen Park, um mehr \u00fcber die Geschichte und die Legenden Siebenb\u00fcrgens zu erfahren.<\/span><\/li>\n<li style=\"font-weight: 400;\" aria-level=\"1\"><span style=\"font-weight: 400;\">Spazieren Sie durch die Altstadt und sehen Sie die Schneiderbastei und die griechisch-katholische Kathedrale.<\/span><\/li>\n<li style=\"font-weight: 400;\" aria-level=\"1\"><span style=\"font-weight: 400;\">In einem 14 Hektar gro\u00dfen botanischen Garten mit \u00fcber 11.000 Pflanzenarten finden Sie alle Farben der Natur.<\/span><\/li>\n<li style=\"font-weight: 400;\" aria-level=\"1\"><span style=\"font-weight: 400;\">Die Sammlung zur Geschichte der Pharmazie ist einer der ber\u00fchmtesten Orte in Cluj-Napoca mit mehr als 1800 medizinischen Gegenst\u00e4nden, die seit 1500 gesammelt wurden.<\/span><\/li>\n<li style=\"font-weight: 400;\" aria-level=\"1\"><span style=\"font-weight: 400;\">Tauchen Sie ein in das l\u00e4ndliche Leben Siebenb\u00fcrgens im Ethnografischen Park Romulus Vuia mit seinen s\u00e4chsischen Kirchen, historischen Geb\u00e4uden und Zeugnissen traditioneller Lebensweisen.<\/span><\/li>\n<\/ul>\n<h3><span class=\"ez-toc-section\" id=\"Essen-wie-ein-Einheimischer-in-Cluj-Napoca\"><\/span><b>Essen wie ein Einheimischer in Cluj-Napoca<\/b><span class=\"ez-toc-section-end\"><\/span><\/h3>\n<ul>\n<li style=\"font-weight: 400;\" aria-level=\"1\"><span style=\"font-weight: 400;\">Wenn Sie ein Fleischliebhaber sind, wird Sie Casa Boema mit seiner perfekt zubereiteten Ente mit Karotten und ger\u00f6stetem Gem\u00fcse \u00fcberraschen.<\/span><\/li>\n<li style=\"font-weight: 400;\" aria-level=\"1\"><span style=\"font-weight: 400;\">Reservieren Sie sich einen Platz in einem schicken Eggcetera-Restaurant mit bildsch\u00f6nen und absolut genialen Gerichten.<\/span><\/li>\n<li style=\"font-weight: 400;\" aria-level=\"1\"><span style=\"font-weight: 400;\">F\u00fcr authentisches rum\u00e4nisches Essen gibt es nur einen Namen, Hanul Dacilor, mit gro\u00dfen Portionen traditioneller Speisen zu g\u00fcnstigen Preisen.<\/span><\/li>\n<li style=\"font-weight: 400;\" aria-level=\"1\"><span style=\"font-weight: 400;\">Bricks (M)eating Point ist ein weiteres Paradies f\u00fcr Fleischliebhaber, die auf einer offenen Terrasse au\u00dfergew\u00f6hnliche Gerichte mit Weinen und Live-Musik genie\u00dfen k\u00f6nnen.<\/span><\/li>\n<li style=\"font-weight: 400;\" aria-level=\"1\"><span style=\"font-weight: 400;\">Genie\u00dfen Sie im Restaurant Carrousel eine einzigartige Mischung aus rum\u00e4nischer, italienischer und franz\u00f6sischer Kultur.<\/span><\/li>\n<\/ul>\n<h3><span class=\"ez-toc-section\" id=\"Unterbringung-in-Cluj-Napoca\"><\/span><b>Unterbringung in Cluj-Napoca<\/b><span class=\"ez-toc-section-end\"><\/span><\/h3>\n<ul>\n<li style=\"font-weight: 400;\" aria-level=\"1\"><span style=\"font-weight: 400;\">Das 5-Sterne-Hotel Platinia bietet ein modernes Interieur, eine erstaunliche Farbkombination und einzigartige Designl\u00f6sungen, die Ihren Aufenthalt perfekt machen.<\/span><\/li>\n<li style=\"font-weight: 400;\" aria-level=\"1\"><span style=\"font-weight: 400;\">Genie\u00dfen Sie den Blick auf den Some\u0219ul Mic aus dem Fenster Ihres 4-Sterne-Hotels River Park, dessen modernes Interieur in Pastellfarben und warmen T\u00f6nen gehalten ist.<\/span><\/li>\n<li style=\"font-weight: 400;\" aria-level=\"1\"><span style=\"font-weight: 400;\">Ein wundersch\u00f6ner Ort, um zu \u00fcbernachten und die Natur zu genie\u00dfen, ist die 3-Sterne-H\u00fctte Black Wood Cabin, mit Zugang zum Skigebiet und Blick auf den Garten.<\/span><\/li>\n<li style=\"font-weight: 400;\" aria-level=\"1\"><span style=\"font-weight: 400;\">Holen Sie sich maximalen Komfort f\u00fcr einen minimalen Preis im Camera Tip economic Mozart Hotel, in der N\u00e4he des Siebenb\u00fcrgischen Museums f\u00fcr V\u00f6lkerkunde.<\/span><\/li>\n<li style=\"font-weight: 400;\" aria-level=\"1\"><span style=\"font-weight: 400;\">Finden Sie eine M\u00f6glichkeit, Hermannstadt f\u00fcr einen Tag zu besuchen, um die gr\u00fcnen Parks und stimmungsvollen Gassen zu genie\u00dfen und im Hotel Anastasia zu \u00fcbernachten.<\/span><\/li>\n<\/ul>\n<p><a title=\"Cluj-Napoca Flugf\u00fchrer\" href=\"https:\/\/eurodirections.com\/de\/cluj-napoca-eimer-liste\/\" target=\"_blank\" rel=\"noopener\" data-schema-attribute=\"mentions\">G\u00fcnstige Fl\u00fcge nach Cluj Napoca<\/a> finden Sie hier.<\/p>\n<h3><span class=\"ez-toc-section\" id=\"Cluj-Napoca-Hotels-Karte\"><\/span>Cluj Napoca Hotels Karte<span class=\"ez-toc-section-end\"><\/span><\/h3>\n<p><script src=\"\/\/tp.media\/content?0=0&amp;1=10&amp;currency=eur&amp;promo_id=4285&amp;shmarker=14350&amp;campaign_id=101&amp;trs=147545&amp;search_host=search.hotellook.com&amp;locale=de&amp;draggable=true&amp;disable_zoom=false&amp;show_logo=false&amp;scrollwheel=false&amp;color=%2307AF61&amp;contrast_color=%23ffffff&amp;width=1000&amp;height=500&amp;zoom=14&amp;radius=60&amp;stars=0%2C1%2C2%2C3%2C4%2C5&amp;price_from=&amp;price_to=&amp;lat=46.766667&amp;lng=23.6\" charset=\"utf-8\"><\/script><\/p>\n","protected":false},"excerpt":{"rendered":"<p>Haben Sie schon Ihre Reise nach Cluj-Napoca in Rum\u00e4nien geplant? Ja, dann ist es an der Zeit, die Stadt und ihre Attraktionen kennen zu lernen und herauszufinden, was Sie dort tun k\u00f6nnen, um Ihre Reise so unvergesslich wie m\u00f6glich zu machen. Cluj Napoca Bucket List ist nur f\u00fcr Sie gemacht &#8211; genie\u00dfen Sie die Stadt [&hellip;]<\/p>\n","protected":false},"author":4,"featured_media":3916,"parent":0,"menu_order":0,"comment_status":"closed","ping_status":"closed","template":"","meta":{"footnotes":""},"class_list":["post-26253","page","type-page","status-publish","has-post-thumbnail","hentry"],"_links":{"self":[{"href":"https:\/\/eurodirections.com\/de\/wp-json\/wp\/v2\/pages\/26253","targetHints":{"allow":["GET"]}}],"collection":[{"href":"https:\/\/eurodirections.com\/de\/wp-json\/wp\/v2\/pages"}],"about":[{"href":"https:\/\/eurodirections.com\/de\/wp-json\/wp\/v2\/types\/page"}],"author":[{"embeddable":true,"href":"https:\/\/eurodirections.com\/de\/wp-json\/wp\/v2\/users\/4"}],"replies":[{"embeddable":true,"href":"https:\/\/eurodirections.com\/de\/wp-json\/wp\/v2\/comments?post=26253"}],"version-history":[{"count":0,"href":"https:\/\/eurodirections.com\/de\/wp-json\/wp\/v2\/pages\/26253\/revisions"}],"wp:featuredmedia":[{"embeddable":true,"href":"https:\/\/eurodirections.com\/de\/wp-json\/wp\/v2\/media\/3916"}],"wp:attachment":[{"href":"https:\/\/eurodirections.com\/de\/wp-json\/wp\/v2\/media?parent=26253"}],"curies":[{"name":"wp","href":"https:\/\/api.w.org\/{rel}","templated":true}]}}