{"id":26222,"date":"2022-04-07T11:57:20","date_gmt":"2022-04-07T11:57:20","guid":{"rendered":"https:\/\/eurodirections.com\/malaga-erkunden-%e2%88%99-besucherfuhrer\/"},"modified":"2023-05-29T10:57:19","modified_gmt":"2023-05-29T10:57:19","slug":"malaga-erkunden","status":"publish","type":"page","link":"https:\/\/eurodirections.com\/de\/malaga-erkunden\/","title":{"rendered":"M\u00e1laga erkunden \u2219 Besucherf\u00fchrer"},"content":{"rendered":"<div id=\"ez-toc-container\" class=\"ez-toc-v2_0_82_2 counter-hierarchy ez-toc-counter ez-toc-grey ez-toc-container-direction\">\n<div class=\"ez-toc-title-container\">\n<p class=\"ez-toc-title\" style=\"cursor:inherit\">Table of Contents<\/p>\n<span class=\"ez-toc-title-toggle\"><a href=\"#\" class=\"ez-toc-pull-right ez-toc-btn ez-toc-btn-xs ez-toc-btn-default ez-toc-toggle\" aria-label=\"Toggle Table of Content\"><span class=\"ez-toc-js-icon-con\"><span class=\"\"><span class=\"eztoc-hide\" style=\"display:none;\">Toggle<\/span><span class=\"ez-toc-icon-toggle-span\"><svg style=\"fill: #999;color:#999\" xmlns=\"http:\/\/www.w3.org\/2000\/svg\" class=\"list-377408\" width=\"20px\" height=\"20px\" viewBox=\"0 0 24 24\" fill=\"none\"><path d=\"M6 6H4v2h2V6zm14 0H8v2h12V6zM4 11h2v2H4v-2zm16 0H8v2h12v-2zM4 16h2v2H4v-2zm16 0H8v2h12v-2z\" fill=\"currentColor\"><\/path><\/svg><svg style=\"fill: #999;color:#999\" class=\"arrow-unsorted-368013\" xmlns=\"http:\/\/www.w3.org\/2000\/svg\" width=\"10px\" height=\"10px\" viewBox=\"0 0 24 24\" version=\"1.2\" baseProfile=\"tiny\"><path d=\"M18.2 9.3l-6.2-6.3-6.2 6.3c-.2.2-.3.4-.3.7s.1.5.3.7c.2.2.4.3.7.3h11c.3 0 .5-.1.7-.3.2-.2.3-.5.3-.7s-.1-.5-.3-.7zM5.8 14.7l6.2 6.3 6.2-6.3c.2-.2.3-.5.3-.7s-.1-.5-.3-.7c-.2-.2-.4-.3-.7-.3h-11c-.3 0-.5.1-.7.3-.2.2-.3.5-.3.7s.1.5.3.7z\"\/><\/svg><\/span><\/span><\/span><\/a><\/span><\/div>\n<nav><ul class='ez-toc-list ez-toc-list-level-1 eztoc-toggle-hide-by-default' ><li class='ez-toc-page-1 ez-toc-heading-level-2'><a class=\"ez-toc-link ez-toc-heading-1\" href=\"https:\/\/eurodirections.com\/de\/malaga-erkunden\/#Malaga-Explorer-Reiseziele-auf-der-Bucket-List\" >Malaga Explorer: Reiseziele auf der Bucket List<\/a><ul class='ez-toc-list-level-3' ><li class='ez-toc-heading-level-3'><a class=\"ez-toc-link ez-toc-heading-2\" href=\"https:\/\/eurodirections.com\/de\/malaga-erkunden\/#Was-man-in-Malaga-nicht-verpassen-sollte\" >Was man in M\u00e1laga nicht verpassen sollte<\/a><\/li><li class='ez-toc-page-1 ez-toc-heading-level-3'><a class=\"ez-toc-link ez-toc-heading-3\" href=\"https:\/\/eurodirections.com\/de\/malaga-erkunden\/#Essen-wie-ein-Einheimischer-in-Malaga\" >Essen wie ein Einheimischer in M\u00e1laga<\/a><\/li><li class='ez-toc-page-1 ez-toc-heading-level-3'><a class=\"ez-toc-link ez-toc-heading-4\" href=\"https:\/\/eurodirections.com\/de\/malaga-erkunden\/#Unterkuenfte-in-Malaga\" >Unterk\u00fcnfte in M\u00e1laga<\/a><\/li><li class='ez-toc-page-1 ez-toc-heading-level-3'><a class=\"ez-toc-link ez-toc-heading-5\" href=\"https:\/\/eurodirections.com\/de\/malaga-erkunden\/#Malaga-Hotels-Karte-mit-Preisen\" >Malaga Hotels Karte mit Preisen<\/a><\/li><li class='ez-toc-page-1 ez-toc-heading-level-3'><a class=\"ez-toc-link ez-toc-heading-6\" href=\"https:\/\/eurodirections.com\/de\/malaga-erkunden\/#Beliebte-Fluege-nach-Malaga\" >Beliebte Fl\u00fcge nach Malaga<\/a><\/li><\/ul><\/li><\/ul><\/nav><\/div>\n<h2><span class=\"ez-toc-section\" id=\"Malaga-Explorer-Reiseziele-auf-der-Bucket-List\"><\/span><b>Malaga Explorer: Reiseziele auf der Bucket List<\/b><span class=\"ez-toc-section-end\"><\/span><\/h2>\n<p><span style=\"font-weight: 400;\">M\u00e1laga, eine der \u00e4ltesten St\u00e4dte der Welt und die gesch\u00e4ftigste Hafenstadt am Mittelmeer, lockt Touristen nicht nur mit perfekten Str\u00e4nden, sondern auch mit reicher Architektur, historischen Sehensw\u00fcrdigkeiten, schmackhafter K\u00fcche und luxuri\u00f6sen Hotels f\u00fcr einen unvergesslichen Aufenthalt. Mit 300 Sonnentagen ist M\u00e1laga Ihr n\u00e4chstes Urlaubsziel.<\/span><\/p>\n<h3><span class=\"ez-toc-section\" id=\"Was-man-in-Malaga-nicht-verpassen-sollte\"><\/span><b>Was man in M\u00e1laga nicht verpassen sollte<\/b><span class=\"ez-toc-section-end\"><\/span><\/h3>\n<ul>\n<li style=\"font-weight: 400;\" aria-level=\"1\"><span style=\"font-weight: 400;\">Besichtigen Sie einen Alcabaza-Palast aus dem 11. Jahrhundert mit gut erhaltenen H\u00f6fen, G\u00e4rten, Innenh\u00f6fen und Springbrunnen.<\/span><\/li>\n<li style=\"font-weight: 400;\" aria-level=\"1\"><span style=\"font-weight: 400;\">Machen Sie eine 7,7 km lange Wanderung auf dem Caminito del Rey, die \u00fcber spektakul\u00e4re Kammwege, Br\u00fccken und steile Klippen f\u00fchrt.<\/span><\/li>\n<li style=\"font-weight: 400;\" aria-level=\"1\"><span style=\"font-weight: 400;\">Tauchen Sie ein in die Ruhe der arabischen B\u00e4der des Hammam Al \u00c1ndalus M\u00e1laga, und vergessen Sie nicht, einen erfrischenden Minztee zu trinken.<\/span><\/li>\n<li style=\"font-weight: 400;\" aria-level=\"1\"><span style=\"font-weight: 400;\">Bei einem Spaziergang durch das Soho-Viertel finden Sie einzigartige Stra\u00dfenkunst, das zeitgen\u00f6ssische Kunstzentrum von M\u00e1laga und Kunsthandwerksl\u00e4den. <\/span><\/li>\n<li style=\"font-weight: 400;\" aria-level=\"1\"><span style=\"font-weight: 400;\">Erleben Sie gleich zwei einzigartige Dinge auf einmal: Wandern Sie zum Fluss Ch\u00edllar und zu den H\u00f6hlen von Nerja.<\/span><\/li>\n<li style=\"font-weight: 400;\" aria-level=\"1\"><span style=\"font-weight: 400;\">Genie\u00dfen Sie einen Tag an einem der Str\u00e4nde M\u00e1lagas mit wei\u00dfem Sand, reinem Wasser und Picknickzonen. <\/span><\/li>\n<\/ul>\n<h3><span class=\"ez-toc-section\" id=\"Essen-wie-ein-Einheimischer-in-Malaga\"><\/span><b>Essen wie ein Einheimischer in M\u00e1laga<\/b><span class=\"ez-toc-section-end\"><\/span><\/h3>\n<ul>\n<li style=\"font-weight: 400;\" aria-level=\"1\"><span style=\"font-weight: 400;\">Beginnen Sie Ihren Tag im Byoko mit einem Traumfr\u00fchst\u00fcck, von dem Sie am liebsten ein Foto machen w\u00fcrden.<\/span><\/li>\n<li style=\"font-weight: 400;\" aria-level=\"1\"><span style=\"font-weight: 400;\">Genie\u00dfen Sie ein authentisches spanisches Abendessen mit Hummerrisotto und Avocado mit Jakobsmuscheln im Restaurant Do\u00f1a In\u00e9s. <\/span><\/li>\n<li style=\"font-weight: 400;\" aria-level=\"1\"><span style=\"font-weight: 400;\">Die besten Tapas in M\u00e1laga finden Sie im Casa Lola, einem h\u00fcbschen und gem\u00fctlichen Lokal im Zentrum von M\u00e1laga.<\/span><\/li>\n<li style=\"font-weight: 400;\" aria-level=\"1\"><span style=\"font-weight: 400;\">Probieren Sie das beste Eis in Casa Mira Andr\u00e9s P\u00e9rez mit der gr\u00f6\u00dften Auswahl an Geschmacksrichtungen: Trufa montada, Nata montada, M\u00e1laga und Turr\u00f3n. <\/span><\/li>\n<li style=\"font-weight: 400;\" aria-level=\"1\"><span style=\"font-weight: 400;\">Wenn Sie schnell, g\u00fcnstig und super lecker essen wollen, sollten Sie die Cervezeria 100 Montaditos auf Ihre &#8222;Muss-ich-besuchen&#8220;-Liste setzen.<\/span><\/li>\n<li style=\"font-weight: 400;\" aria-level=\"1\"><span style=\"font-weight: 400;\">Wenn Sie Vegetarier sind, werden Sie das vegetarische El Calafate mit dem Veggie-Men\u00fc zum Festpreis lieben.<\/span><\/li>\n<\/ul>\n<h3><span class=\"ez-toc-section\" id=\"Unterkuenfte-in-Malaga\"><\/span><b>Unterk\u00fcnfte in M\u00e1laga<\/b><span class=\"ez-toc-section-end\"><\/span><\/h3>\n<ul>\n<li style=\"font-weight: 400;\" aria-level=\"1\"><span style=\"font-weight: 400;\">Mit der besten Aussicht auf M\u00e1laga Soho Boutique ist das 5-Sterne-Hotel Castillo de Santa Catalina Ihre erste Wahl f\u00fcr einen luxuri\u00f6sen Aufenthalt. <\/span><\/li>\n<li style=\"font-weight: 400;\" aria-level=\"1\"><span style=\"font-weight: 400;\">F\u00fcr einen etwas niedrigeren Preis, aber mehr Komfort und eine schicke Einrichtung sollten Sie sich den Palacio Solecio, ein 4-Sterne-Hotel der Kategorie Small Luxury Hotel in the World, ansehen, um einen unvergesslichen Urlaub zu verbringen.<\/span><\/li>\n<li style=\"font-weight: 400;\" aria-level=\"1\"><span style=\"font-weight: 400;\">Wenn Sie bei der Unterkunft sparen wollen, w\u00e4hlen Sie das 3-Sterne-Hotel Malaga Picasso mit super-sauberen Zimmern und einem sch\u00f6nen Garten. <\/span><\/li>\n<li style=\"font-weight: 400;\" aria-level=\"1\"><span style=\"font-weight: 400;\">Sie k\u00f6nnen Ihren Aufenthalt in M\u00e1laga auch mit einem schmalen Budget genie\u00dfen, wenn Sie sich f\u00fcr das TOC Hostel Malagam entscheiden, einem beliebten Ort im historischen Zentrum. <\/span><\/li>\n<li style=\"font-weight: 400;\" aria-level=\"1\"><span style=\"font-weight: 400;\">Verwandeln Sie Ihre M\u00e1laga-Reise in die sch\u00f6nste Erinnerung, indem Sie mindestens einen Tag im Vincci Selecci\u00f3n Aleysa, Hotel Boutique &amp; Spa Strandhotel in Benalm\u00e1dena verbringen.<\/span><\/li>\n<\/ul>\n<h3><span class=\"ez-toc-section\" id=\"Malaga-Hotels-Karte-mit-Preisen\"><\/span>Malaga Hotels Karte mit Preisen<span class=\"ez-toc-section-end\"><\/span><\/h3>\n<p><script src=\"\/\/tp.media\/content?0=0&amp;1=10&amp;promo_id=4285&amp;shmarker=14350&amp;campaign_id=101&amp;search_host=air.eurodirections.com%2Fhotels&amp;locale=de&amp;currency=eur&amp;draggable=true&amp;disable_zoom=false&amp;show_logo=false&amp;scrollwheel=false&amp;color=%230759B0&amp;contrast_color=%23ffffff&amp;width=720&amp;height=500&amp;zoom=13&amp;radius=60&amp;stars=0%2C1%2C2%2C3%2C4%2C5&amp;price_from=&amp;price_to=&amp;lat=36.72016&amp;lng=-4.42034\" charset=\"utf-8\"><\/script><\/p>\n<h3><span class=\"ez-toc-section\" id=\"Beliebte-Fluege-nach-Malaga\"><\/span>Beliebte Fl\u00fcge nach Malaga<span class=\"ez-toc-section-end\"><\/span><\/h3>\n<p><script src=\"https:\/\/tp.media\/content?trs=147545&amp;shmarker=14350&amp;destination=AGP&amp;target_host=air.eurodirections.com%2Fflights&amp;locale=de&amp;currency=eur&amp;limit=10&amp;powered_by=false&amp;primary=%230085FF&amp;promo_id=4044&amp;campaign_id=100\" charset=\"utf-8\"><span data-mce-type=\"bookmark\" style=\"display: inline-block; width: 0px; overflow: hidden; line-height: 0;\" class=\"mce_SELRES_start\">\ufeff<\/span><\/script><\/p>\n<p>&nbsp;<\/p>\n","protected":false},"excerpt":{"rendered":"<p>Malaga Explorer: Reiseziele auf der Bucket List M\u00e1laga, eine der \u00e4ltesten St\u00e4dte der Welt und die gesch\u00e4ftigste Hafenstadt am Mittelmeer, lockt Touristen nicht nur mit perfekten Str\u00e4nden, sondern auch mit reicher Architektur, historischen Sehensw\u00fcrdigkeiten, schmackhafter K\u00fcche und luxuri\u00f6sen Hotels f\u00fcr einen unvergesslichen Aufenthalt. Mit 300 Sonnentagen ist M\u00e1laga Ihr n\u00e4chstes Urlaubsziel. Was man in M\u00e1laga [&hellip;]<\/p>\n","protected":false},"author":1,"featured_media":3471,"parent":0,"menu_order":0,"comment_status":"closed","ping_status":"closed","template":"","meta":{"footnotes":""},"class_list":["post-26222","page","type-page","status-publish","has-post-thumbnail","hentry"],"_links":{"self":[{"href":"https:\/\/eurodirections.com\/de\/wp-json\/wp\/v2\/pages\/26222","targetHints":{"allow":["GET"]}}],"collection":[{"href":"https:\/\/eurodirections.com\/de\/wp-json\/wp\/v2\/pages"}],"about":[{"href":"https:\/\/eurodirections.com\/de\/wp-json\/wp\/v2\/types\/page"}],"author":[{"embeddable":true,"href":"https:\/\/eurodirections.com\/de\/wp-json\/wp\/v2\/users\/1"}],"replies":[{"embeddable":true,"href":"https:\/\/eurodirections.com\/de\/wp-json\/wp\/v2\/comments?post=26222"}],"version-history":[{"count":0,"href":"https:\/\/eurodirections.com\/de\/wp-json\/wp\/v2\/pages\/26222\/revisions"}],"wp:featuredmedia":[{"embeddable":true,"href":"https:\/\/eurodirections.com\/de\/wp-json\/wp\/v2\/media\/3471"}],"wp:attachment":[{"href":"https:\/\/eurodirections.com\/de\/wp-json\/wp\/v2\/media?parent=26222"}],"curies":[{"name":"wp","href":"https:\/\/api.w.org\/{rel}","templated":true}]}}