{"id":22634,"date":"2022-04-06T10:11:24","date_gmt":"2022-04-06T10:11:24","guid":{"rendered":"https:\/\/eurodirections.com\/athen-reisefuehrer-fuer-entdecker\/"},"modified":"2023-03-24T12:14:45","modified_gmt":"2023-03-24T12:14:45","slug":"athen-reisefuehrer","status":"publish","type":"page","link":"https:\/\/eurodirections.com\/de\/athen-reisefuehrer\/","title":{"rendered":"Athen Reisef\u00fchrer"},"content":{"rendered":"<div id=\"ez-toc-container\" class=\"ez-toc-v2_0_82_2 counter-hierarchy ez-toc-counter ez-toc-grey ez-toc-container-direction\">\n<div class=\"ez-toc-title-container\">\n<p class=\"ez-toc-title\" style=\"cursor:inherit\">Table of Contents<\/p>\n<span class=\"ez-toc-title-toggle\"><a href=\"#\" class=\"ez-toc-pull-right ez-toc-btn ez-toc-btn-xs ez-toc-btn-default ez-toc-toggle\" aria-label=\"Toggle Table of Content\"><span class=\"ez-toc-js-icon-con\"><span class=\"\"><span class=\"eztoc-hide\" style=\"display:none;\">Toggle<\/span><span class=\"ez-toc-icon-toggle-span\"><svg style=\"fill: #999;color:#999\" xmlns=\"http:\/\/www.w3.org\/2000\/svg\" class=\"list-377408\" width=\"20px\" height=\"20px\" viewBox=\"0 0 24 24\" fill=\"none\"><path d=\"M6 6H4v2h2V6zm14 0H8v2h12V6zM4 11h2v2H4v-2zm16 0H8v2h12v-2zM4 16h2v2H4v-2zm16 0H8v2h12v-2z\" fill=\"currentColor\"><\/path><\/svg><svg style=\"fill: #999;color:#999\" class=\"arrow-unsorted-368013\" xmlns=\"http:\/\/www.w3.org\/2000\/svg\" width=\"10px\" height=\"10px\" viewBox=\"0 0 24 24\" version=\"1.2\" baseProfile=\"tiny\"><path d=\"M18.2 9.3l-6.2-6.3-6.2 6.3c-.2.2-.3.4-.3.7s.1.5.3.7c.2.2.4.3.7.3h11c.3 0 .5-.1.7-.3.2-.2.3-.5.3-.7s-.1-.5-.3-.7zM5.8 14.7l6.2 6.3 6.2-6.3c.2-.2.3-.5.3-.7s-.1-.5-.3-.7c-.2-.2-.4-.3-.7-.3h-11c-.3 0-.5.1-.7.3-.2.2-.3.5-.3.7s.1.5.3.7z\"\/><\/svg><\/span><\/span><\/span><\/a><\/span><\/div>\n<nav><ul class='ez-toc-list ez-toc-list-level-1 eztoc-toggle-hide-by-default' ><li class='ez-toc-page-1 ez-toc-heading-level-2'><a class=\"ez-toc-link ez-toc-heading-1\" href=\"https:\/\/eurodirections.com\/de\/athen-reisefuehrer\/#Wunschliste-fuer-Athen-Reisefuehrer\" >Wunschliste f\u00fcr Athen Reisef\u00fchrer<\/a><ul class='ez-toc-list-level-3' ><li class='ez-toc-heading-level-3'><a class=\"ez-toc-link ez-toc-heading-2\" href=\"https:\/\/eurodirections.com\/de\/athen-reisefuehrer\/#Was-man-in-Athen-nicht-verpassen-sollte\" >Was man in Athen nicht verpassen sollte<\/a><\/li><li class='ez-toc-page-1 ez-toc-heading-level-3'><a class=\"ez-toc-link ez-toc-heading-3\" href=\"https:\/\/eurodirections.com\/de\/athen-reisefuehrer\/#Essen-wie-ein-Einheimischer-in-Athen\" >Essen wie ein Einheimischer in Athen<\/a><\/li><li class='ez-toc-page-1 ez-toc-heading-level-3'><a class=\"ez-toc-link ez-toc-heading-4\" href=\"https:\/\/eurodirections.com\/de\/athen-reisefuehrer\/#Wo-man-in-Athen-wohnen-kann\" >Wo man in Athen wohnen kann<\/a><\/li><li class='ez-toc-page-1 ez-toc-heading-level-3'><a class=\"ez-toc-link ez-toc-heading-5\" href=\"https:\/\/eurodirections.com\/de\/athen-reisefuehrer\/#Athen-Hotels-Karte-mit-Preisen\" >Athen Hotels Karte mit Preisen<\/a><\/li><li class='ez-toc-page-1 ez-toc-heading-level-3'><a class=\"ez-toc-link ez-toc-heading-6\" href=\"https:\/\/eurodirections.com\/de\/athen-reisefuehrer\/#Flug-nach-Athen\" >Flug nach Athen<\/a><\/li><\/ul><\/li><\/ul><\/nav><\/div>\n<h2><span class=\"ez-toc-section\" id=\"Wunschliste-fuer-Athen-Reisefuehrer\"><\/span><b>Wunschliste f\u00fcr Athen Reisef\u00fchrer<\/b><span class=\"ez-toc-section-end\"><\/span><\/h2>\n<p><span style=\"font-weight: 400;\">Athen, eine der \u00e4ltesten St\u00e4dte der Welt, die Wiege der Zivilisationen und der Geburtsort der Demokratie, ist heute ein beliebtes Touristenziel mit Hunderten von Sehensw\u00fcrdigkeiten und Aktivit\u00e4ten. Die ber\u00fchmten Attraktionen Athens, die jedes Jahr von mehr als 6 Millionen Touristen besucht werden, sind immer gut besucht, und das Leben pulsiert von der Abendd\u00e4mmerung bis zum Morgengrauen. <\/span><\/p>\n<p><iframe style=\"border: 1px solid #EEE; background: white;\" src=\"about:blank\" width=\"880\" height=\"270\" frameborder=\"0\" scrolling=\"no\" class=\"lazyload\" data-src=\"https:\/\/eurodirections.substack.com\/embed\"><span data-mce-type=\"bookmark\" style=\"display: inline-block; width: 0px; overflow: hidden; line-height: 0;\" class=\"mce_SELRES_start\"><\/span><span data-mce-type=\"bookmark\" style=\"display: inline-block; width: 0px; overflow: hidden; line-height: 0;\" class=\"mce_SELRES_start\" align=\"center\"><\/span><\/iframe><\/p>\n<h3><span class=\"ez-toc-section\" id=\"Was-man-in-Athen-nicht-verpassen-sollte\"><\/span><b>Was man in Athen nicht verpassen sollte<\/b><span class=\"ez-toc-section-end\"><\/span><\/h3>\n<ul>\n<li style=\"font-weight: 400;\" aria-level=\"1\"><span style=\"font-weight: 400;\">Erklimmen Sie die Akropolis, um den Parthenon, das Erechtheion und den Tempel der Athena Nike zu besichtigen, und genie\u00dfen Sie den Blick auf die Stadt. <\/span><\/li>\n<li style=\"font-weight: 400;\" aria-level=\"1\"><span style=\"font-weight: 400;\">Spazieren Sie durch die Stadtteile Pl\u00e1ka und Anafiotika, touristische Hotspots mit griechischem Dorfambiente, gepflasterten Gassen und kleinen Pl\u00e4tzen. <\/span><\/li>\n<li style=\"font-weight: 400;\" aria-level=\"1\"><span style=\"font-weight: 400;\">Besichtigen Sie die antike Agora &#8211; Ruinen des Marktplatzes mit der Stoa des Attalos und dem Tempel des Hephaistos. <\/span><\/li>\n<li style=\"font-weight: 400;\" aria-level=\"1\"><span style=\"font-weight: 400;\">\u00c4ndern Sie die Landschaften und erkunden Sie die moderne Graffitikunst in Athen.<\/span><\/li>\n<li style=\"font-weight: 400;\" aria-level=\"1\"><span style=\"font-weight: 400;\">Im Museum f\u00fcr kykladische Kunst finden Sie wertvolle Artefakte der griechischen und der Weltgeschichte.<\/span><\/li>\n<li style=\"font-weight: 400;\" aria-level=\"1\"><span style=\"font-weight: 400;\">Beobachten Sie die Wachabl\u00f6sung im Parlamentsgeb\u00e4ude am Syntagma.<\/span><\/li>\n<\/ul>\n<h3><span class=\"ez-toc-section\" id=\"Essen-wie-ein-Einheimischer-in-Athen\"><\/span><b>Essen wie ein Einheimischer in Athen<\/b><span class=\"ez-toc-section-end\"><\/span><\/h3>\n<ul>\n<li style=\"font-weight: 400;\" aria-level=\"1\"><span style=\"font-weight: 400;\">Wenn Sie in der Plaka einkaufen, finden Sie den besten griechischen Salat bei Pantelis Melissions The Poet Sandalmaker.<\/span><\/li>\n<li style=\"font-weight: 400;\" aria-level=\"1\"><span style=\"font-weight: 400;\">Die besten Loukoumades (griechische Donuts) mit Honig und Zimt gibt es in Lukumades.<\/span><\/li>\n<li style=\"font-weight: 400;\" aria-level=\"1\"><span style=\"font-weight: 400;\">Essen Sie ein echtes Gyros und lernen Sie, den Namen richtig auszusprechen.<\/span><\/li>\n<li style=\"font-weight: 400;\" aria-level=\"1\"><span style=\"font-weight: 400;\">Auf dem Zentralmarkt von Athen finden Sie frisches Fleisch und Fisch, K\u00e4se und nat\u00fcrlich Oliven.<\/span><\/li>\n<li style=\"font-weight: 400;\" aria-level=\"1\"><span style=\"font-weight: 400;\">Genie\u00dfen Sie den Abend und das Abendessen in einem der Restaurants in der Mnisikleous-Stra\u00dfe, dem belebten Viertel mit entspannter Atmosph\u00e4re.<\/span><\/li>\n<li style=\"font-weight: 400;\" aria-level=\"1\"><span style=\"font-weight: 400;\">Holen Sie sich unterwegs in einer der Stra\u00dfenb\u00e4ckereien ein Geb\u00e4ck wie Tiropita oder Spanakopita, w\u00e4hrend Sie von Museum zu Tempel springen.<\/span><\/li>\n<\/ul>\n<h3><span class=\"ez-toc-section\" id=\"Wo-man-in-Athen-wohnen-kann\"><\/span><b>Wo man in Athen wohnen kann<\/b><span class=\"ez-toc-section-end\"><\/span><\/h3>\n<ul>\n<li style=\"font-weight: 400;\" aria-level=\"1\"><span style=\"font-weight: 400;\">Entscheiden Sie sich f\u00fcr das 5-Sterne-Hotel Hellenic Vibes Smart Hotel in Athen mit modernem, minimalistischem Interieur und Details f\u00fcr einen luxuri\u00f6sen Aufenthalt.<\/span><\/li>\n<li style=\"font-weight: 400;\" aria-level=\"1\"><span style=\"font-weight: 400;\">Genie\u00dfen Sie die Atmosph\u00e4re von Athen vom Komfort Ihres Zimmers im Ivis 4 Boutique Hotel, einem 4-Sterne-Hotel im Herzen von Athen.<\/span><\/li>\n<li style=\"font-weight: 400;\" aria-level=\"1\"><span style=\"font-weight: 400;\">NLH KERAMEIKOS &#8211; Neighborhood Lifestyle Hotels ist die perfekte Wahl, wenn Sie ein erschwingliches, aber komfortables und stilvolles Hotel suchen.<\/span><\/li>\n<li style=\"font-weight: 400;\" aria-level=\"1\"><span style=\"font-weight: 400;\">Das Nubian Hostel Athen wurde von Reisenden f\u00fcr Reisende geschaffen und ist ein gro\u00dfartiger Ort, um Komfort zu finden, auch wenn Sie nur ein kleines Budget haben.<\/span><\/li>\n<li style=\"font-weight: 400;\" aria-level=\"1\"><span style=\"font-weight: 400;\">Machen Sie einen Tagesausflug nach Tolo auf dem Peloponnes, um die himmlisch sch\u00f6nen Str\u00e4nde Griechenlands zu genie\u00dfen, und \u00fcbernachten Sie in einem modernen 4-Sterne-Hotel namens John &amp; George.<\/span><\/li>\n<\/ul>\n<h3><span class=\"ez-toc-section\" id=\"Athen-Hotels-Karte-mit-Preisen\"><\/span>Athen Hotels Karte mit Preisen<span class=\"ez-toc-section-end\"><\/span><\/h3>\n<p><script src=\"\/\/tp.media\/content?0=0&amp;1=10&amp;promo_id=4285&amp;shmarker=14350&amp;campaign_id=101&amp;search_host=air.eurodirections.com%2Fhotels&amp;locale=de&amp;currency=eur&amp;draggable=true&amp;disable_zoom=false&amp;show_logo=false&amp;scrollwheel=false&amp;color=%230759B0&amp;contrast_color=%23ffffff&amp;width=720&amp;height=500&amp;zoom=13&amp;radius=60&amp;stars=0%2C1%2C2%2C3%2C4%2C5&amp;price_from=&amp;price_to=&amp;lat=37.987128&amp;lng=23.726691\" charset=\"utf-8\"><span data-mce-type=\"bookmark\" style=\"display: inline-block; width: 0px; overflow: hidden; line-height: 0;\" class=\"mce_SELRES_start\">\ufeff<\/span><\/script><\/p>\n<h3><span class=\"ez-toc-section\" id=\"Flug-nach-Athen\"><\/span>Flug nach Athen<span class=\"ez-toc-section-end\"><\/span><\/h3>\n<p><script src=\"https:\/\/tp.media\/content?trs=147545&#038;shmarker=14350&#038;destination=ATH&#038;target_host=air.eurodirections.com%2Fflights&#038;locale=de&#038;currency=eur&#038;limit=10&#038;powered_by=false&#038;primary=%23D80D61ff&#038;promo_id=4044&#038;campaign_id=100\" charset=\"utf-8\"><\/script><\/p>\n<p><a href=\"https:\/\/eurodirections.com\/de\/flug-nach-athen-griechenland\/\">Durchsuchen Sie alle Fl\u00fcge nach Athen<\/a><\/p>\n<p><script type=\"application\/ld+json\">\n{\n    \"@context\": \"http:\/\/schema.org\",\n    \"@type\": \"WebPage\",\n    \"name\": \"Reisef\u00fchrer Athen\",\n    \"description\": \"Erkunden Sie Athen, Griechenland \u2013 eine der \u00e4ltesten St\u00e4dte der Welt, die Wiege der Zivilisationen und der Geburtsort der Demokratie, ist heute ein beliebtes Touristenziel mit Hunderten von Dingen, die es zu sehen und zu tun gibt.\",\n    \"publisher\": {\n        \"@type\": \"WebPage\",\n        \"name\": \"Eurodirections.com\"\n    }\n}\n<\/script><\/p>\n","protected":false},"excerpt":{"rendered":"<p>Wunschliste f\u00fcr Athen Reisef\u00fchrer Athen, eine der \u00e4ltesten St\u00e4dte der Welt, die Wiege der Zivilisationen und der Geburtsort der Demokratie, ist heute ein beliebtes Touristenziel mit Hunderten von Sehensw\u00fcrdigkeiten und Aktivit\u00e4ten. Die ber\u00fchmten Attraktionen Athens, die jedes Jahr von mehr als 6 Millionen Touristen besucht werden, sind immer gut besucht, und das Leben pulsiert von [&hellip;]<\/p>\n","protected":false},"author":1,"featured_media":3450,"parent":0,"menu_order":0,"comment_status":"closed","ping_status":"closed","template":"","meta":{"footnotes":""},"class_list":["post-22634","page","type-page","status-publish","has-post-thumbnail","hentry"],"_links":{"self":[{"href":"https:\/\/eurodirections.com\/de\/wp-json\/wp\/v2\/pages\/22634","targetHints":{"allow":["GET"]}}],"collection":[{"href":"https:\/\/eurodirections.com\/de\/wp-json\/wp\/v2\/pages"}],"about":[{"href":"https:\/\/eurodirections.com\/de\/wp-json\/wp\/v2\/types\/page"}],"author":[{"embeddable":true,"href":"https:\/\/eurodirections.com\/de\/wp-json\/wp\/v2\/users\/1"}],"replies":[{"embeddable":true,"href":"https:\/\/eurodirections.com\/de\/wp-json\/wp\/v2\/comments?post=22634"}],"version-history":[{"count":0,"href":"https:\/\/eurodirections.com\/de\/wp-json\/wp\/v2\/pages\/22634\/revisions"}],"wp:featuredmedia":[{"embeddable":true,"href":"https:\/\/eurodirections.com\/de\/wp-json\/wp\/v2\/media\/3450"}],"wp:attachment":[{"href":"https:\/\/eurodirections.com\/de\/wp-json\/wp\/v2\/media?parent=22634"}],"curies":[{"name":"wp","href":"https:\/\/api.w.org\/{rel}","templated":true}]}}