{"id":22260,"date":"2022-04-05T19:00:54","date_gmt":"2022-04-05T19:00:54","guid":{"rendered":"https:\/\/eurodirections.com\/lissabon-reise-eimerliste\/"},"modified":"2023-03-20T09:21:58","modified_gmt":"2023-03-20T09:21:58","slug":"lissabon","status":"publish","type":"page","link":"https:\/\/eurodirections.com\/de\/lissabon\/","title":{"rendered":"Lissabon Reise-Eimerliste"},"content":{"rendered":"<div id=\"ez-toc-container\" class=\"ez-toc-v2_0_82_2 counter-hierarchy ez-toc-counter ez-toc-grey ez-toc-container-direction\">\n<div class=\"ez-toc-title-container\">\n<p class=\"ez-toc-title\" style=\"cursor:inherit\">Table of Contents<\/p>\n<span class=\"ez-toc-title-toggle\"><a href=\"#\" class=\"ez-toc-pull-right ez-toc-btn ez-toc-btn-xs ez-toc-btn-default ez-toc-toggle\" aria-label=\"Toggle Table of Content\"><span class=\"ez-toc-js-icon-con\"><span class=\"\"><span class=\"eztoc-hide\" style=\"display:none;\">Toggle<\/span><span class=\"ez-toc-icon-toggle-span\"><svg style=\"fill: #999;color:#999\" xmlns=\"http:\/\/www.w3.org\/2000\/svg\" class=\"list-377408\" width=\"20px\" height=\"20px\" viewBox=\"0 0 24 24\" fill=\"none\"><path d=\"M6 6H4v2h2V6zm14 0H8v2h12V6zM4 11h2v2H4v-2zm16 0H8v2h12v-2zM4 16h2v2H4v-2zm16 0H8v2h12v-2z\" fill=\"currentColor\"><\/path><\/svg><svg style=\"fill: #999;color:#999\" class=\"arrow-unsorted-368013\" xmlns=\"http:\/\/www.w3.org\/2000\/svg\" width=\"10px\" height=\"10px\" viewBox=\"0 0 24 24\" version=\"1.2\" baseProfile=\"tiny\"><path d=\"M18.2 9.3l-6.2-6.3-6.2 6.3c-.2.2-.3.4-.3.7s.1.5.3.7c.2.2.4.3.7.3h11c.3 0 .5-.1.7-.3.2-.2.3-.5.3-.7s-.1-.5-.3-.7zM5.8 14.7l6.2 6.3 6.2-6.3c.2-.2.3-.5.3-.7s-.1-.5-.3-.7c-.2-.2-.4-.3-.7-.3h-11c-.3 0-.5.1-.7.3-.2.2-.3.5-.3.7s.1.5.3.7z\"\/><\/svg><\/span><\/span><\/span><\/a><\/span><\/div>\n<nav><ul class='ez-toc-list ez-toc-list-level-1 eztoc-toggle-hide-by-default' ><li class='ez-toc-page-1 ez-toc-heading-level-2'><a class=\"ez-toc-link ez-toc-heading-1\" href=\"https:\/\/eurodirections.com\/de\/lissabon\/#Lissabon-erkunden-Bucket-List-fuer-Touristen\" >Lissabon erkunden: Bucket List f\u00fcr Touristen<\/a><ul class='ez-toc-list-level-3' ><li class='ez-toc-heading-level-3'><a class=\"ez-toc-link ez-toc-heading-2\" href=\"https:\/\/eurodirections.com\/de\/lissabon\/#Was-man-in-Lissabon-nicht-verpassen-sollte\" >Was man in Lissabon nicht verpassen sollte<\/a><\/li><li class='ez-toc-page-1 ez-toc-heading-level-3'><a class=\"ez-toc-link ez-toc-heading-3\" href=\"https:\/\/eurodirections.com\/de\/lissabon\/#Essen-wie-ein-Einheimischer-in-Lissabon\" >Essen wie ein Einheimischer in Lissabon<\/a><\/li><li class='ez-toc-page-1 ez-toc-heading-level-3'><a class=\"ez-toc-link ez-toc-heading-4\" href=\"https:\/\/eurodirections.com\/de\/lissabon\/#Wo-man-in-Lissabon-wohnen-kann\" >Wo man in Lissabon wohnen kann<\/a><\/li><li class='ez-toc-page-1 ez-toc-heading-level-3'><a class=\"ez-toc-link ez-toc-heading-5\" href=\"https:\/\/eurodirections.com\/de\/lissabon\/#Flug-nach-Lissabon\" >Flug nach Lissabon<\/a><\/li><\/ul><\/li><\/ul><\/nav><\/div>\n<p>Verfolgen Sie die Sonderserie des Reisemagazins Euro Directions \u00fcber die <a title=\"Die besten St\u00e4dte Europas\" href=\"https:\/\/eurodirections.com\/de\/europa\/\" data-schema-attribute=\"about\">besten Reiseziele in Europa<\/a><\/p>\n<h2><span class=\"ez-toc-section\" id=\"Lissabon-erkunden-Bucket-List-fuer-Touristen\"><\/span><b>Lissabon erkunden: Bucket List f\u00fcr Touristen<\/b><span class=\"ez-toc-section-end\"><\/span><\/h2>\n<p><span style=\"font-weight: 400;\">Die K\u00fcstenhauptstadt Portugals mit ihren pastellfarbenen Geb\u00e4uden und Ziegeld\u00e4chern ist die gr\u00f6\u00dfte Stadt und das politische, wirtschaftliche und touristische Zentrum des Landes. Trotz des modernen Antriebs und der modernen Geb\u00e4ude hat sich die Stadt das Flair des 19. Jahrhunderts bewahrt. Hier finden Sie einzigartige Architektur, reiche Geschichte, bestes Essen und ein Nachtleben, das Sie sich nicht entgehen lassen sollten.<\/span><\/p>\n<h3><span class=\"ez-toc-section\" id=\"Was-man-in-Lissabon-nicht-verpassen-sollte\"><\/span><b>Was man in Lissabon nicht verpassen sollte<\/b><span class=\"ez-toc-section-end\"><\/span><\/h3>\n<ul>\n<li style=\"font-weight: 400;\" aria-level=\"1\"><span style=\"font-weight: 400;\">Bestaunen Sie den Torre de Bel\u00e9m, einen wundersch\u00f6nen Turm, der an eine Mischung aus gotischer und romanischer Architektur erinnert. <\/span><\/li>\n<li style=\"font-weight: 400;\" aria-level=\"1\"><span style=\"font-weight: 400;\">Fahren Sie mit der Stra\u00dfenbahnlinie 28 durch die steilen, gepflasterten Stra\u00dfen und entdecken Sie die Geschichte der Stadt, w\u00e4hrend Sie die majest\u00e4tischen Orte passieren. <\/span><\/li>\n<li style=\"font-weight: 400;\" aria-level=\"1\"><span style=\"font-weight: 400;\">Schlendern Sie durch das Alfama-Viertel, den \u00e4ltesten Teil der Stadt mit seinen verwinkelten Stra\u00dfen und engen Gassen, den Kapellen mit Ziegelfassaden und der Kathedrale von Lissabon.<\/span><\/li>\n<li style=\"font-weight: 400;\" aria-level=\"1\"><span style=\"font-weight: 400;\">Genie\u00dfen Sie das Nachtleben im Bairro Alto und schl\u00fcrfen Sie einen Caipirinha in einer der Bars des Viertels. <\/span><\/li>\n<li style=\"font-weight: 400;\" aria-level=\"1\"><span style=\"font-weight: 400;\">Hier finden Sie Casa Independente, eine private Residenz mit m\u00f6blierten Zimmern und einem bodenst\u00e4ndigen Ambiente, wo Sie Drinks, coole Musik und Partys genie\u00dfen k\u00f6nnen. <\/span><\/li>\n<\/ul>\n<p><iframe style=\"border: 1px solid #EEE; background: white;\" src=\"about:blank\" width=\"880\" height=\"270\" frameborder=\"0\" scrolling=\"no\" class=\"lazyload\" data-src=\"https:\/\/eurodirections.substack.com\/embed\"><span data-mce-type=\"bookmark\" style=\"display: inline-block; width: 0px; overflow: hidden; line-height: 0;\" class=\"mce_SELRES_start\"><\/span><span data-mce-type=\"bookmark\" style=\"display: inline-block; width: 0px; overflow: hidden; line-height: 0;\" class=\"mce_SELRES_start\" align=\"center\"><\/span><\/iframe><\/p>\n<h3><span class=\"ez-toc-section\" id=\"Essen-wie-ein-Einheimischer-in-Lissabon\"><\/span><b>Essen wie ein Einheimischer in Lissabon<\/b><span class=\"ez-toc-section-end\"><\/span><\/h3>\n<ul>\n<li style=\"font-weight: 400;\" aria-level=\"1\"><span style=\"font-weight: 400;\">Im Time Out Market Lisboa finden Sie \u00fcber 40 Lebensmittelkategorien, von denen Sie mindestens die H\u00e4lfte probieren sollten. <\/span><\/li>\n<li style=\"font-weight: 400;\" aria-level=\"1\"><span style=\"font-weight: 400;\">Im Restaurant Loco, das mit einem Michelin-Stern ausgezeichnet ist, k\u00f6nnen Sie eine der besten Mahlzeiten mit avantgardistischer portugiesischer K\u00fcche genie\u00dfen.<\/span><\/li>\n<li style=\"font-weight: 400;\" aria-level=\"1\"><span style=\"font-weight: 400;\">Besuchen Sie Lissabons \u00e4ltestes Restaurant Martinho da Arcada, um eine Tasse Kaffee zu genie\u00dfen.<\/span><\/li>\n<li style=\"font-weight: 400;\" aria-level=\"1\"><span style=\"font-weight: 400;\">Probieren Sie den besten gebratenen Kabeljau, Kalbssteaks und Bratkartoffeln im Z\u00e9 da Mouraria.<\/span><\/li>\n<li style=\"font-weight: 400;\" aria-level=\"1\"><span style=\"font-weight: 400;\">Essen Sie im Gambrinus mit einer Krokette und Gambrinus-Tulpe (Mischbier) zu Abend und schauen Sie bei der Zubereitung des Ballonkaffees zu.<\/span><\/li>\n<li style=\"font-weight: 400;\" aria-level=\"1\"><span style=\"font-weight: 400;\">Machen Sie ein Foto von Pfannkuchen mit Mascarpone und Erdbeeren im Caf\u00e9 Nicolau Lisboa.<\/span><\/li>\n<\/ul>\n<h3><span class=\"ez-toc-section\" id=\"Wo-man-in-Lissabon-wohnen-kann\"><\/span><b>Wo man in Lissabon wohnen kann<\/b><span class=\"ez-toc-section-end\"><\/span><\/h3>\n<ul>\n<li style=\"font-weight: 400;\" aria-level=\"1\"><span style=\"font-weight: 400;\">W\u00e4hlen Sie das Ambiente des 5-Sterne-Hotels Wine &amp; Books Lisboa, das zum Inbegriff Ihres Urlaubs in der Hauptstadt wird. <\/span><\/li>\n<li style=\"font-weight: 400;\" aria-level=\"1\"><span style=\"font-weight: 400;\">Das 4-Sterne-Hotel Memmo Alfama &#8211; Design Hotel liegt im historischen Alfama-Viertel und wird Sie jeden Moment Ihres Aufenthalts genie\u00dfen lassen.<\/span><\/li>\n<li style=\"font-weight: 400;\" aria-level=\"1\"><span style=\"font-weight: 400;\">Das Be Poet Baixa Hotel ist eine erschwinglichere Option mit einer modernen Einrichtung, kr\u00e4ftigen Farben und Dekorationen.<\/span><\/li>\n<li style=\"font-weight: 400;\" aria-level=\"1\"><span style=\"font-weight: 400;\">Sparen Sie bei der Unterkunft in Lissabon und genie\u00dfen Sie trotzdem den Komfort, wenn Sie ein Bett in Yes! Herberge Lissabon.<\/span><\/li>\n<li style=\"font-weight: 400;\" aria-level=\"1\"><span style=\"font-weight: 400;\">Machen Sie einen Tagesausflug nach Cascais und \u00fcbernachten Sie in einem luxuri\u00f6sen Westlight Cascais Chalet Hotel mit atemberaubendem Strandblick.<\/span><\/li>\n<\/ul>\n<p><script src=\"https:\/\/www.travelpayouts.com\/chansey\/iframe.js?v=1&amp;marker=14350&amp;host=air.eurodirections.com%2Fhotels&amp;locale=en&amp;currency=eur&amp;nobooking=&amp;powered_by=false&amp;hotel_id=1901035476\" charset=\"utf-8\" async=\"\"><\/script><\/p>\n<h3><span class=\"ez-toc-section\" id=\"Flug-nach-Lissabon\"><\/span>Flug nach Lissabon<span class=\"ez-toc-section-end\"><\/span><\/h3>\n<p>Durchsuchen Sie verschiedene <a title=\"Verzeichnis und Kalender der Fl\u00fcge nach Lissabon\" href=\"https:\/\/eurodirections.com\/de\/fluege-nach-lissabon\/\" target=\"_blank\" rel=\"noopener\">Flugoptionen f\u00fcr Ihre Reise nach Lissabon<\/a>.<\/p>\n<p><script src=\"https:\/\/tp.media\/content?trs=147545&amp;shmarker=14350&amp;destination=LIS&amp;locale=de&amp;currency=eur&amp;limit=10&amp;primary=%23E9166Cff&amp;promo_id=7291&amp;campaign_id=200\" charset=\"utf-8\"><span data-mce-type=\"bookmark\" style=\"display: inline-block; width: 0px; overflow: hidden; line-height: 0;\" class=\"mce_SELRES_start\">\ufeff<\/span><\/script><\/p>\n<p><script type=\"application\/ld+json\">\n{\n    \"@context\": \"http:\/\/schema.org\",\n    \"@type\": \"WebPage\",\n    \"name\": \"Lissabon Reisef\u00fchrer\",\n    \"description\": \"Erkunden Sie Lissabon, Portugal \u2013 Must-do-Dinge in Lissabon, Hotelvorschl\u00e4ge, empfohlene Sehensw\u00fcrdigkeiten und Attraktionen f\u00fcr Touristen.<span data-mce-type=\"bookmark\" style=\"display: inline-block; width: 0px; overflow: hidden; line-height: 0;\" class=\"mce_SELRES_start\">\ufeff<\/span>\",\n    \"publisher\": {\n        \"@type\": \"WebPage\",\n        \"name\": \"Eurodirections.com\"\n    }\n}\n<\/script><\/p>\n","protected":false},"excerpt":{"rendered":"<p>Verfolgen Sie die Sonderserie des Reisemagazins Euro Directions \u00fcber die besten Reiseziele in Europa Lissabon erkunden: Bucket List f\u00fcr Touristen Die K\u00fcstenhauptstadt Portugals mit ihren pastellfarbenen Geb\u00e4uden und Ziegeld\u00e4chern ist die gr\u00f6\u00dfte Stadt und das politische, wirtschaftliche und touristische Zentrum des Landes. Trotz des modernen Antriebs und der modernen Geb\u00e4ude hat sich die Stadt das [&hellip;]<\/p>\n","protected":false},"author":1,"featured_media":3444,"parent":0,"menu_order":0,"comment_status":"closed","ping_status":"closed","template":"","meta":{"footnotes":""},"class_list":["post-22260","page","type-page","status-publish","has-post-thumbnail","hentry"],"_links":{"self":[{"href":"https:\/\/eurodirections.com\/de\/wp-json\/wp\/v2\/pages\/22260","targetHints":{"allow":["GET"]}}],"collection":[{"href":"https:\/\/eurodirections.com\/de\/wp-json\/wp\/v2\/pages"}],"about":[{"href":"https:\/\/eurodirections.com\/de\/wp-json\/wp\/v2\/types\/page"}],"author":[{"embeddable":true,"href":"https:\/\/eurodirections.com\/de\/wp-json\/wp\/v2\/users\/1"}],"replies":[{"embeddable":true,"href":"https:\/\/eurodirections.com\/de\/wp-json\/wp\/v2\/comments?post=22260"}],"version-history":[{"count":0,"href":"https:\/\/eurodirections.com\/de\/wp-json\/wp\/v2\/pages\/22260\/revisions"}],"wp:featuredmedia":[{"embeddable":true,"href":"https:\/\/eurodirections.com\/de\/wp-json\/wp\/v2\/media\/3444"}],"wp:attachment":[{"href":"https:\/\/eurodirections.com\/de\/wp-json\/wp\/v2\/media?parent=22260"}],"curies":[{"name":"wp","href":"https:\/\/api.w.org\/{rel}","templated":true}]}}