{"id":19444,"date":"2022-04-08T13:44:08","date_gmt":"2022-04-08T13:44:08","guid":{"rendered":"https:\/\/eurodirections.com\/madrid-erkunden-%e2%88%99-besucherfuehrer\/"},"modified":"2023-03-02T15:25:47","modified_gmt":"2023-03-02T15:25:47","slug":"madrid-reisefuhrer","status":"publish","type":"page","link":"https:\/\/eurodirections.com\/de\/madrid-reisefuhrer\/","title":{"rendered":"Madrid erkunden \u2219 Besucherf\u00fchrer"},"content":{"rendered":"<div id=\"ez-toc-container\" class=\"ez-toc-v2_0_82_2 counter-hierarchy ez-toc-counter ez-toc-grey ez-toc-container-direction\">\n<div class=\"ez-toc-title-container\">\n<p class=\"ez-toc-title\" style=\"cursor:inherit\">Table of Contents<\/p>\n<span class=\"ez-toc-title-toggle\"><a href=\"#\" class=\"ez-toc-pull-right ez-toc-btn ez-toc-btn-xs ez-toc-btn-default ez-toc-toggle\" aria-label=\"Toggle Table of Content\"><span class=\"ez-toc-js-icon-con\"><span class=\"\"><span class=\"eztoc-hide\" style=\"display:none;\">Toggle<\/span><span class=\"ez-toc-icon-toggle-span\"><svg style=\"fill: #999;color:#999\" xmlns=\"http:\/\/www.w3.org\/2000\/svg\" class=\"list-377408\" width=\"20px\" height=\"20px\" viewBox=\"0 0 24 24\" fill=\"none\"><path d=\"M6 6H4v2h2V6zm14 0H8v2h12V6zM4 11h2v2H4v-2zm16 0H8v2h12v-2zM4 16h2v2H4v-2zm16 0H8v2h12v-2z\" fill=\"currentColor\"><\/path><\/svg><svg style=\"fill: #999;color:#999\" class=\"arrow-unsorted-368013\" xmlns=\"http:\/\/www.w3.org\/2000\/svg\" width=\"10px\" height=\"10px\" viewBox=\"0 0 24 24\" version=\"1.2\" baseProfile=\"tiny\"><path d=\"M18.2 9.3l-6.2-6.3-6.2 6.3c-.2.2-.3.4-.3.7s.1.5.3.7c.2.2.4.3.7.3h11c.3 0 .5-.1.7-.3.2-.2.3-.5.3-.7s-.1-.5-.3-.7zM5.8 14.7l6.2 6.3 6.2-6.3c.2-.2.3-.5.3-.7s-.1-.5-.3-.7c-.2-.2-.4-.3-.7-.3h-11c-.3 0-.5.1-.7.3-.2.2-.3.5-.3.7s.1.5.3.7z\"\/><\/svg><\/span><\/span><\/span><\/a><\/span><\/div>\n<nav><ul class='ez-toc-list ez-toc-list-level-1 eztoc-toggle-hide-by-default' ><li class='ez-toc-page-1 ez-toc-heading-level-2'><a class=\"ez-toc-link ez-toc-heading-1\" href=\"https:\/\/eurodirections.com\/de\/madrid-reisefuhrer\/#Madrid-erkunden-Bucket-List-fuer-den-Reisenden\" >Madrid erkunden: Bucket List f\u00fcr den Reisenden<\/a><ul class='ez-toc-list-level-3' ><li class='ez-toc-heading-level-3'><a class=\"ez-toc-link ez-toc-heading-2\" href=\"https:\/\/eurodirections.com\/de\/madrid-reisefuhrer\/#Was-man-in-Madrid-nicht-verpassen-sollte\" >Was man in Madrid nicht verpassen sollte<\/a><\/li><li class='ez-toc-page-1 ez-toc-heading-level-3'><a class=\"ez-toc-link ez-toc-heading-3\" href=\"https:\/\/eurodirections.com\/de\/madrid-reisefuhrer\/#Essen-wie-ein-Einheimischer-in-Madrid\" >Essen wie ein Einheimischer in Madrid<\/a><\/li><li class='ez-toc-page-1 ez-toc-heading-level-3'><a class=\"ez-toc-link ez-toc-heading-4\" href=\"https:\/\/eurodirections.com\/de\/madrid-reisefuhrer\/#Wo-man-in-Madrid-wohnen-kann\" >Wo man in Madrid wohnen kann<\/a><\/li><li class='ez-toc-page-1 ez-toc-heading-level-3'><a class=\"ez-toc-link ez-toc-heading-5\" href=\"https:\/\/eurodirections.com\/de\/madrid-reisefuhrer\/#Madrid-Hotels-Karte-mit-Preisen\" >Madrid Hotels Karte mit Preisen<\/a><\/li><li class='ez-toc-page-1 ez-toc-heading-level-3'><a class=\"ez-toc-link ez-toc-heading-6\" href=\"https:\/\/eurodirections.com\/de\/madrid-reisefuhrer\/#Madrid-Fluege-Liste\" >Madrid Fl\u00fcge Liste<\/a><\/li><\/ul><\/li><\/ul><\/nav><\/div>\n<h2><span class=\"ez-toc-section\" id=\"Madrid-erkunden-Bucket-List-fuer-den-Reisenden\"><\/span><b>Madrid erkunden: Bucket List f\u00fcr den Reisenden<\/b><span class=\"ez-toc-section-end\"><\/span><\/h2>\n<p><span style=\"font-weight: 400;\">Madrid ist die Hauptstadt Spaniens, das Finanz- und Kunstzentrum des Landes, die Stadt der kontrastreichen Stile und der verschiedenen Architekturepochen. Mit 6,8 Millionen Einwohnern empf\u00e4ngt Madrid j\u00e4hrlich etwa 7,5 Millionen internationale Touristen, was die Stadt zu einem der lebendigsten und aktivsten Touristenzentren Europas macht. <\/span><\/p>\n<h3><span class=\"ez-toc-section\" id=\"Was-man-in-Madrid-nicht-verpassen-sollte\"><\/span><b>Was man in Madrid nicht verpassen sollte<\/b><span class=\"ez-toc-section-end\"><\/span><\/h3>\n<ul>\n<li style=\"font-weight: 400;\" aria-level=\"1\"><span style=\"font-weight: 400;\">Genie\u00dfen Sie die \u00fcberw\u00e4ltigenden Meisterwerke der Renaissance- und Barockzeit im Prado, einem der ber\u00fchmtesten Kunstmuseen der Welt.<\/span><\/li>\n<li style=\"font-weight: 400;\" aria-level=\"1\"><span style=\"font-weight: 400;\">Spazieren Sie \u00fcber die weitl\u00e4ufigen Spazierwege und bewaldeten Fl\u00e4chen des Buen-Retiro-Parks und finden Sie den Kristallpalast.<\/span><\/li>\n<li style=\"font-weight: 400;\" aria-level=\"1\"><span style=\"font-weight: 400;\">Feuern Sie Real Madrid im Santiago-Bernab\u00e9u-Stadion an, einem Stadion mit 85.000 Pl\u00e4tzen und Panoramablick.<\/span><\/li>\n<li style=\"font-weight: 400;\" aria-level=\"1\"><span style=\"font-weight: 400;\">Auf dem El Rastro, dem gr\u00f6\u00dften Flohmarkt Madrids, k\u00f6nnen Sie einzigartige Souvenirs, Kunsthandwerk und Accessoires finden.<\/span><\/li>\n<li style=\"font-weight: 400;\" aria-level=\"1\"><span style=\"font-weight: 400;\">Sp\u00fcren Sie den Rhythmus des klassischen spanischen Flamenco im Corral de la Moreria, einem der \u00e4ltesten Flamenco-H\u00e4user der Welt.<\/span><\/li>\n<li style=\"font-weight: 400;\" aria-level=\"1\"><span style=\"font-weight: 400;\">Nehmen Sie an einem Kochkurs in Madrid teil, um die Geheimnisse der spanischen K\u00fcche mit nach Hause zu nehmen. <\/span><\/li>\n<\/ul>\n<h3><span class=\"ez-toc-section\" id=\"Essen-wie-ein-Einheimischer-in-Madrid\"><\/span><b>Essen wie ein Einheimischer in Madrid<\/b><span class=\"ez-toc-section-end\"><\/span><\/h3>\n<ul>\n<li style=\"font-weight: 400;\" aria-level=\"1\"><span style=\"font-weight: 400;\">Erleben Sie die spanische Esskultur im Mercado de San Miguel, einem traditionellen Markt, auf dem Sie frische Meeresfr\u00fcchte und K\u00e4se probieren k\u00f6nnen.<\/span><\/li>\n<li style=\"font-weight: 400;\" aria-level=\"1\"><span style=\"font-weight: 400;\">Machen Sie eine Tapas-Tour durch die beliebtesten Bars in Madrid und verpassen Sie auf keinen Fall La Casa del Abuelo, den Geburtsort der legend\u00e4ren spanischen Knoblauchgarnelen.<\/span><\/li>\n<li style=\"font-weight: 400;\" aria-level=\"1\"><span style=\"font-weight: 400;\">Die besten Tortillas und Croquetas Madrids gibt es in der Bodega La Ardosa, und in der nahe gelegenen 1862 Dry Bar kann man den Tag bei Cocktails oder Wein ausklingen lassen. <\/span><\/li>\n<li style=\"font-weight: 400;\" aria-level=\"1\"><span style=\"font-weight: 400;\">Das Dessert finden Sie in der Chocolater\u00eda San Gin\u00e9s, wo Sie weiche Churros mit Zartbitterschokoladensauce probieren k\u00f6nnen.<\/span><\/li>\n<li style=\"font-weight: 400;\" aria-level=\"1\"><span style=\"font-weight: 400;\">Schl\u00fcrfen Sie Sangria unter dem spanischen Sternenhimmel in der Rooftop-Bar El Viajero und genie\u00dfen Sie einen perfekten Blick auf Madrid.<\/span><\/li>\n<\/ul>\n<h3><span class=\"ez-toc-section\" id=\"Wo-man-in-Madrid-wohnen-kann\"><\/span><b>Wo man in Madrid wohnen kann <\/b><span class=\"ez-toc-section-end\"><\/span><\/h3>\n<ul>\n<li style=\"font-weight: 400;\" aria-level=\"1\"><span style=\"font-weight: 400;\">W\u00e4hlen Sie das 5-Sterne-Hotel Barcel\u00f3 Emperatriz im Stadtteil Salamanca, um Ihren Aufenthalt in Madrid zu genie\u00dfen.<\/span><\/li>\n<li style=\"font-weight: 400;\" aria-level=\"1\"><span style=\"font-weight: 400;\">F\u00fcr einen komfortablen und erschwinglichen Aufenthalt (100 $ pro Nacht) buchen Sie das 4-Sterne-Hotel Casa du Soleli mit authentischer Einrichtung und offener Terrasse. <\/span><\/li>\n<li style=\"font-weight: 400;\" aria-level=\"1\"><span style=\"font-weight: 400;\">Das stilvolle 3-Sterne-G\u00e4stehaus Uma House Atocha bietet eine perfekte Lage, umgeben von Restaurants und Bars. <\/span><\/li>\n<li style=\"font-weight: 400;\" aria-level=\"1\"><span style=\"font-weight: 400;\">Wenn Sie ein knappes Budget haben, aber trotzdem komfortabel reisen m\u00f6chten, w\u00e4hlen Sie das Ok Hostel Madrid, die am besten bewertete Unterkunft mit bis zu 50 $ f\u00fcr eine Nacht. <\/span><\/li>\n<li style=\"font-weight: 400;\" aria-level=\"1\"><span style=\"font-weight: 400;\">\u00dcbernachten Sie im luxuri\u00f6sen Parador De La Granja im neuen Skigebiet Valdesqui und genie\u00dfen Sie die Abgeschiedenheit.<\/span><\/li>\n<\/ul>\n<h3><span class=\"ez-toc-section\" id=\"Madrid-Hotels-Karte-mit-Preisen\"><\/span>Madrid Hotels Karte mit Preisen<span class=\"ez-toc-section-end\"><\/span><\/h3>\n<p><script src=\"\/\/tp.media\/content?0=0&amp;1=10&amp;promo_id=4285&amp;shmarker=14350&amp;campaign_id=101&amp;search_host=air.eurodirections.com%2Fhotels&amp;locale=de&amp;currency=eur&amp;draggable=true&amp;disable_zoom=false&amp;show_logo=false&amp;scrollwheel=false&amp;color=%23F56E14&amp;contrast_color=%23ffffff&amp;width=720&amp;height=500&amp;zoom=13&amp;radius=60&amp;stars=0%2C1%2C2%2C3%2C4%2C5&amp;price_from=&amp;price_to=&amp;lat=40.416876&amp;lng=-3.704255\" charset=\"utf-8\"><\/script><\/p>\n<hr \/>\n<h3><span class=\"ez-toc-section\" id=\"Madrid-Fluege-Liste\"><\/span>Madrid Fl\u00fcge Liste<span class=\"ez-toc-section-end\"><\/span><\/h3>\n<p><script src=\"https:\/\/tp.media\/content?trs=147545&amp;shmarker=14350&amp;destination=MAD&amp;target_host=air.eurodirections.com%2Fflights&amp;locale=de&amp;currency=eur&amp;limit=10&amp;primary=%230085FF&amp;promo_id=4044&amp;campaign_id=100\" charset=\"utf-8\"><\/script><\/p>\n","protected":false},"excerpt":{"rendered":"<p>Madrid erkunden: Bucket List f\u00fcr den Reisenden Madrid ist die Hauptstadt Spaniens, das Finanz- und Kunstzentrum des Landes, die Stadt der kontrastreichen Stile und der verschiedenen Architekturepochen. Mit 6,8 Millionen Einwohnern empf\u00e4ngt Madrid j\u00e4hrlich etwa 7,5 Millionen internationale Touristen, was die Stadt zu einem der lebendigsten und aktivsten Touristenzentren Europas macht. Was man in Madrid [&hellip;]<\/p>\n","protected":false},"author":1,"featured_media":3477,"parent":0,"menu_order":0,"comment_status":"closed","ping_status":"closed","template":"","meta":{"footnotes":""},"class_list":["post-19444","page","type-page","status-publish","has-post-thumbnail","hentry"],"_links":{"self":[{"href":"https:\/\/eurodirections.com\/de\/wp-json\/wp\/v2\/pages\/19444","targetHints":{"allow":["GET"]}}],"collection":[{"href":"https:\/\/eurodirections.com\/de\/wp-json\/wp\/v2\/pages"}],"about":[{"href":"https:\/\/eurodirections.com\/de\/wp-json\/wp\/v2\/types\/page"}],"author":[{"embeddable":true,"href":"https:\/\/eurodirections.com\/de\/wp-json\/wp\/v2\/users\/1"}],"replies":[{"embeddable":true,"href":"https:\/\/eurodirections.com\/de\/wp-json\/wp\/v2\/comments?post=19444"}],"version-history":[{"count":0,"href":"https:\/\/eurodirections.com\/de\/wp-json\/wp\/v2\/pages\/19444\/revisions"}],"wp:featuredmedia":[{"embeddable":true,"href":"https:\/\/eurodirections.com\/de\/wp-json\/wp\/v2\/media\/3477"}],"wp:attachment":[{"href":"https:\/\/eurodirections.com\/de\/wp-json\/wp\/v2\/media?parent=19444"}],"curies":[{"name":"wp","href":"https:\/\/api.w.org\/{rel}","templated":true}]}}