{"id":19412,"date":"2022-04-06T15:16:09","date_gmt":"2022-04-06T15:16:09","guid":{"rendered":"https:\/\/eurodirections.com\/barcelona-entdecker-reisefuehrer\/"},"modified":"2023-03-02T14:57:32","modified_gmt":"2023-03-02T14:57:32","slug":"barcelona-reisefuehrer","status":"publish","type":"page","link":"https:\/\/eurodirections.com\/de\/barcelona-reisefuehrer\/","title":{"rendered":"Barcelona Entdecker Reisef\u00fchrer"},"content":{"rendered":"<div id=\"ez-toc-container\" class=\"ez-toc-v2_0_82_2 counter-hierarchy ez-toc-counter ez-toc-grey ez-toc-container-direction\">\n<div class=\"ez-toc-title-container\">\n<p class=\"ez-toc-title\" style=\"cursor:inherit\">Table of Contents<\/p>\n<span class=\"ez-toc-title-toggle\"><a href=\"#\" class=\"ez-toc-pull-right ez-toc-btn ez-toc-btn-xs ez-toc-btn-default ez-toc-toggle\" aria-label=\"Toggle Table of Content\"><span class=\"ez-toc-js-icon-con\"><span class=\"\"><span class=\"eztoc-hide\" style=\"display:none;\">Toggle<\/span><span class=\"ez-toc-icon-toggle-span\"><svg style=\"fill: #999;color:#999\" xmlns=\"http:\/\/www.w3.org\/2000\/svg\" class=\"list-377408\" width=\"20px\" height=\"20px\" viewBox=\"0 0 24 24\" fill=\"none\"><path d=\"M6 6H4v2h2V6zm14 0H8v2h12V6zM4 11h2v2H4v-2zm16 0H8v2h12v-2zM4 16h2v2H4v-2zm16 0H8v2h12v-2z\" fill=\"currentColor\"><\/path><\/svg><svg style=\"fill: #999;color:#999\" class=\"arrow-unsorted-368013\" xmlns=\"http:\/\/www.w3.org\/2000\/svg\" width=\"10px\" height=\"10px\" viewBox=\"0 0 24 24\" version=\"1.2\" baseProfile=\"tiny\"><path d=\"M18.2 9.3l-6.2-6.3-6.2 6.3c-.2.2-.3.4-.3.7s.1.5.3.7c.2.2.4.3.7.3h11c.3 0 .5-.1.7-.3.2-.2.3-.5.3-.7s-.1-.5-.3-.7zM5.8 14.7l6.2 6.3 6.2-6.3c.2-.2.3-.5.3-.7s-.1-.5-.3-.7c-.2-.2-.4-.3-.7-.3h-11c-.3 0-.5.1-.7.3-.2.2-.3.5-.3.7s.1.5.3.7z\"\/><\/svg><\/span><\/span><\/span><\/a><\/span><\/div>\n<nav><ul class='ez-toc-list ez-toc-list-level-1 eztoc-toggle-hide-by-default' ><li class='ez-toc-page-1 ez-toc-heading-level-2'><a class=\"ez-toc-link ez-toc-heading-1\" href=\"https:\/\/eurodirections.com\/de\/barcelona-reisefuehrer\/#Erkunden-Sie-Barcelona-die-ultimative-Reise-Eimerliste\" >Erkunden Sie Barcelona: die ultimative Reise-Eimerliste<\/a><ul class='ez-toc-list-level-3' ><li class='ez-toc-heading-level-3'><a class=\"ez-toc-link ez-toc-heading-2\" href=\"https:\/\/eurodirections.com\/de\/barcelona-reisefuehrer\/#Was-man-in-Barcelona-nicht-verpassen-sollte\" >Was man in Barcelona nicht verpassen sollte<\/a><\/li><li class='ez-toc-page-1 ez-toc-heading-level-3'><a class=\"ez-toc-link ez-toc-heading-3\" href=\"https:\/\/eurodirections.com\/de\/barcelona-reisefuehrer\/#Essen-wie-ein-Einheimischer-in-Barcelona\" >Essen wie ein Einheimischer in Barcelona<\/a><\/li><li class='ez-toc-page-1 ez-toc-heading-level-3'><a class=\"ez-toc-link ez-toc-heading-4\" href=\"https:\/\/eurodirections.com\/de\/barcelona-reisefuehrer\/#Wo-man-in-Barcelona-wohnen-kann\" >Wo man in Barcelona wohnen kann<\/a><\/li><li class='ez-toc-page-1 ez-toc-heading-level-3'><a class=\"ez-toc-link ez-toc-heading-5\" href=\"https:\/\/eurodirections.com\/de\/barcelona-reisefuehrer\/#Barcelona-Hotels-Karte-mit-Preisen\" >Barcelona Hotels Karte mit Preisen<\/a><\/li><li class='ez-toc-page-1 ez-toc-heading-level-3'><a class=\"ez-toc-link ez-toc-heading-6\" href=\"https:\/\/eurodirections.com\/de\/barcelona-reisefuehrer\/#Fluege-nach-Barcelona\" >Fl\u00fcge nach Barcelona<\/a><ul class='ez-toc-list-level-4' ><li class='ez-toc-heading-level-4'><a class=\"ez-toc-link ez-toc-heading-7\" href=\"https:\/\/eurodirections.com\/de\/barcelona-reisefuehrer\/#Lesen-Sie-weiter-Fliegen-Sie-von-Madrid-nach-Barcelona\" >Lesen Sie weiter \nFliegen Sie von Madrid nach Barcelona<\/a><\/li><\/ul><\/li><\/ul><\/li><\/ul><\/nav><\/div>\n<h2><span class=\"ez-toc-section\" id=\"Erkunden-Sie-Barcelona-die-ultimative-Reise-Eimerliste\"><\/span><b>Erkunden Sie Barcelona: die ultimative Reise-Eimerliste<\/b><span class=\"ez-toc-section-end\"><\/span><\/h2>\n<p><span style=\"font-weight: 400;\">Zwischen Meer und Bergen gelegen, mit einer Geschichte, die zu den \u00e4ltesten und sch\u00f6nsten Architekturen geh\u00f6rt, unber\u00fchrten Str\u00e4nden und einer kosmopolitischen Atmosph\u00e4re, ist Barcelona eine gute Wahl auf der <a title=\"Die besten St\u00e4dte Europas\" href=\"https:\/\/eurodirections.com\/de\/europa\/\" data-schema-attribute=\"about\">Liste der besten St\u00e4dte Europas<\/a> und ein hervorragendes Reiseziel, um alles an einem Ort zu genie\u00dfen. <\/span><\/p>\n<h3><span class=\"ez-toc-section\" id=\"Was-man-in-Barcelona-nicht-verpassen-sollte\"><\/span><b>Was man in Barcelona nicht verpassen sollte<\/b><span class=\"ez-toc-section-end\"><\/span><\/h3>\n<ul>\n<li style=\"font-weight: 400;\" aria-level=\"1\"><span style=\"font-weight: 400;\">Werfen Sie einen Blick auf die Sagrada Fam\u00edlia von Andoni Gaud\u00ed und bewundern Sie die 140 Jahre andauernde Arbeit. <\/span><\/li>\n<li style=\"font-weight: 400;\" aria-level=\"1\"><span style=\"font-weight: 400;\">Spazieren Sie entlang der 4,5 km langen K\u00fcste Barcelonas und entspannen Sie sich am Strand bei einem erfrischenden Cocktail.<\/span><\/li>\n<li style=\"font-weight: 400;\" aria-level=\"1\"><span style=\"font-weight: 400;\">Schlendern Sie \u00fcber La Rambla, die ber\u00fchmteste Flaniermeile der Stadt, und folgen Sie dem verlockenden Duft von Waffeln.<\/span><\/li>\n<li style=\"font-weight: 400;\" aria-level=\"1\"><span style=\"font-weight: 400;\">Genie\u00dfen Sie die beste Aussicht auf die Stadt in Gaud\u00eds Park G\u00fcell, und verpassen Sie nicht die Serpentinenb\u00e4nke, Kolonnaden und Skulpturen.<\/span><\/li>\n<li style=\"font-weight: 400;\" aria-level=\"1\"><span style=\"font-weight: 400;\">Probieren Sie frisches Obst und Oliven auf dem Markt La Boqueria, auf dem schon seit 200 Jahren ein reges Treiben herrscht.<\/span><\/li>\n<li style=\"font-weight: 400;\" aria-level=\"1\"><span style=\"font-weight: 400;\">Machen Sie einen kulturellen Rundgang durch das Picasso-Museum oder finden Sie 4000 Kacheln mit Fotos, die ein 26 Fu\u00df langes Wandgem\u00e4lde eines Kusses bilden. <\/span><\/li>\n<li aria-level=\"1\">Genie\u00dfen Sie das <a title=\"Barcelona Einkaufsf\u00fchrer\" href=\"https:\/\/eurodirections.com\/de\/einkaufen-in-barcelona\/\" target=\"_blank\" rel=\"noopener\">Einkaufserlebnis in Barcelona<\/a> und entdecken Sie Hunderte von Boutiquen und Markengesch\u00e4ften in den verschiedenen Einkaufsstra\u00dfen.<\/li>\n<\/ul>\n<p><iframe style=\"border: 1px solid #EEE; background: white;\" src=\"about:blank\" width=\"880\" height=\"270\" frameborder=\"0\" scrolling=\"no\" class=\"lazyload\" data-src=\"https:\/\/eurodirections.substack.com\/embed\"><span data-mce-type=\"bookmark\" style=\"display: inline-block; width: 0px; overflow: hidden; line-height: 0;\" class=\"mce_SELRES_start\"><\/span><span data-mce-type=\"bookmark\" style=\"display: inline-block; width: 0px; overflow: hidden; line-height: 0;\" class=\"mce_SELRES_start\" align=\"center\"><\/span><\/iframe><\/p>\n<h3><span class=\"ez-toc-section\" id=\"Essen-wie-ein-Einheimischer-in-Barcelona\"><\/span><b>Essen wie ein Einheimischer in Barcelona<\/b><span class=\"ez-toc-section-end\"><\/span><\/h3>\n<ul>\n<li style=\"font-weight: 400;\" aria-level=\"1\"><span style=\"font-weight: 400;\">Verweilen Sie in Barcelonas xiringuitos (Strandbars) bei k\u00f6stlichen Meeresfr\u00fcchten. W\u00e4hlen Sie Xiringuito Escriba, Pela Vela oder La Deliciosa oder alle drei nacheinander.<\/span><\/li>\n<li style=\"font-weight: 400;\" aria-level=\"1\"><span style=\"font-weight: 400;\">Finden Sie mundgerechte Leckerbissen in einer der besten Tapas-Bars Barcelonas &#8211; Sagardi Restaurant und Tapas-Bar in der N\u00e4he beliebter Sehensw\u00fcrdigkeiten oder El Xampanyet, eine freundliche Tapas-Taverne. <\/span><\/li>\n<li style=\"font-weight: 400;\" aria-level=\"1\"><span style=\"font-weight: 400;\">Genie\u00dfen Sie das authentische Ambiente, hei\u00dfe Pintxos und die Morcilla de durgos (Blutwurst mit Reis) in der Maitea Taberna. <\/span><\/li>\n<li style=\"font-weight: 400;\" aria-level=\"1\"><span style=\"font-weight: 400;\">F\u00fcr die gehobene K\u00fcche empfiehlt sich das Disfrutar mit mediterraner K\u00fcche und zwei Michelin-Sternen.<\/span><\/li>\n<li style=\"font-weight: 400;\" aria-level=\"1\"><span style=\"font-weight: 400;\">Probieren Sie spanischen Wermut im Morro Fi, einer kleinen Wermut-Bar, die einen bitters\u00fc\u00dfen Drink mit Oliven- und Orangenscheiben serviert.<\/span><\/li>\n<li style=\"font-weight: 400;\" aria-level=\"1\"><span style=\"font-weight: 400;\">W\u00e4hlen Sie Ihr Craft-Bier aus 30 Zapfh\u00e4hnen im BierCab, und vergessen Sie nicht, die extra-w\u00fcrzigen Patatas zu probieren.<\/span><\/li>\n<\/ul>\n<h3><span class=\"ez-toc-section\" id=\"Wo-man-in-Barcelona-wohnen-kann\"><\/span><b>Wo man in Barcelona wohnen kann<\/b><span class=\"ez-toc-section-end\"><\/span><\/h3>\n<ul>\n<li style=\"font-weight: 400;\" aria-level=\"1\"><span style=\"font-weight: 400;\">Genie\u00dfen Sie Ihre Erholung im Serras Barcelona, einem 5-Sterne-Hotel im Gotischen Viertel von Barcelona mit Blick auf das Meer.<\/span><\/li>\n<li style=\"font-weight: 400;\" aria-level=\"1\"><span style=\"font-weight: 400;\">Das 4-Sterne-Hotel Brummell im Loft-Stil mit seinen modernen M\u00f6beln und Yogakursen ist ein gro\u00dfartiger Ort, um die Stimmung Barcelonas zu erleben.<\/span><\/li>\n<li style=\"font-weight: 400;\" aria-level=\"1\"><span style=\"font-weight: 400;\">In der 3-Sterne-Pension Comfort Barcelona Rooms finden Sie die perfekte Mischung aus Stil und Komfort zu einem g\u00fcnstigen Preis.<\/span><\/li>\n<li style=\"font-weight: 400;\" aria-level=\"1\"><span style=\"font-weight: 400;\">Wenn Ihr Budget knapp bemessen ist, ist die Herberge Rodam\u00f3n am besten f\u00fcr Paare und Alleinreisende geeignet. <\/span><\/li>\n<li style=\"font-weight: 400;\" aria-level=\"1\"><span style=\"font-weight: 400;\">Finden Sie Idylle im luxuri\u00f6sen Boutique-Hotel Davallada im Badeort Sitges bei Barcelona. <\/span><\/li>\n<\/ul>\n<h3><span class=\"ez-toc-section\" id=\"Barcelona-Hotels-Karte-mit-Preisen\"><\/span>Barcelona Hotels Karte mit Preisen<span class=\"ez-toc-section-end\"><\/span><\/h3>\n<p><script src=\"\/\/tp.media\/content?0=0&amp;1=10&amp;promo_id=4285&amp;shmarker=14350&amp;campaign_id=101&amp;search_host=air.eurodirections.com%2Fhotels&amp;locale=en&amp;currency=eur&amp;draggable=true&amp;disable_zoom=false&amp;show_logo=false&amp;scrollwheel=false&amp;color=%230759B0&amp;contrast_color=%23ffffff&amp;width=720&amp;height=500&amp;zoom=13&amp;radius=60&amp;stars=0%2C1%2C2%2C3%2C4%2C5&amp;price_from=&amp;price_to=&amp;lat=41.387089&amp;lng=2.170066\" charset=\"utf-8\"><\/script><\/p>\n<p>\u2014<\/p>\n<h3><span class=\"ez-toc-section\" id=\"Fluege-nach-Barcelona\"><\/span>Fl\u00fcge nach Barcelona<span class=\"ez-toc-section-end\"><\/span><\/h3>\n<p><a title=\"Finden Sie g\u00fcnstige Flugtickets nach Barcelona\" href=\"https:\/\/eurodirections.com\/de\/guenstige-flugtickets-nach-barcelona\/\" target=\"_blank\" rel=\"noopener\">Entdecken Sie die besten Fl\u00fcge nach Barcelona<\/a><\/p>\n<p><script src=\"https:\/\/tp.media\/content?trs=147545&amp;shmarker=14350&amp;destination=BCN&amp;target_host=air.eurodirections.com%2Fflights&amp;locale=de&amp;currency=eur&amp;limit=10&amp;primary=%230085FF&amp;promo_id=4044&amp;campaign_id=100\" charset=\"utf-8\"><span data-mce-type=\"bookmark\" style=\"display: inline-block; width: 0px; overflow: hidden; line-height: 0;\" class=\"mce_SELRES_start\">\ufeff<\/span><\/script><\/p>\n<hr \/>\n<h4><span class=\"ez-toc-section\" id=\"Lesen-Sie-weiter-Fliegen-Sie-von-Madrid-nach-Barcelona\"><\/span>Lesen Sie weiter<strong><br \/>\n<a title=\"Bestes Datum f\u00fcr Fl\u00fcge von Madrid nach Barcelona\" href=\"https:\/\/eurodirections.com\/de\/fluge-madrid-barcelona\/\" target=\"_blank\" rel=\"noopener\">Fliegen Sie von Madrid nach Barcelona<\/a><br \/>\n<\/strong><span class=\"ez-toc-section-end\"><\/span><\/h4>\n","protected":false},"excerpt":{"rendered":"<p>Erkunden Sie Barcelona: die ultimative Reise-Eimerliste Zwischen Meer und Bergen gelegen, mit einer Geschichte, die zu den \u00e4ltesten und sch\u00f6nsten Architekturen geh\u00f6rt, unber\u00fchrten Str\u00e4nden und einer kosmopolitischen Atmosph\u00e4re, ist Barcelona eine gute Wahl auf der Liste der besten St\u00e4dte Europas und ein hervorragendes Reiseziel, um alles an einem Ort zu genie\u00dfen. Was man in Barcelona [&hellip;]<\/p>\n","protected":false},"author":1,"featured_media":3453,"parent":0,"menu_order":0,"comment_status":"closed","ping_status":"closed","template":"","meta":{"footnotes":""},"class_list":["post-19412","page","type-page","status-publish","has-post-thumbnail","hentry"],"_links":{"self":[{"href":"https:\/\/eurodirections.com\/de\/wp-json\/wp\/v2\/pages\/19412","targetHints":{"allow":["GET"]}}],"collection":[{"href":"https:\/\/eurodirections.com\/de\/wp-json\/wp\/v2\/pages"}],"about":[{"href":"https:\/\/eurodirections.com\/de\/wp-json\/wp\/v2\/types\/page"}],"author":[{"embeddable":true,"href":"https:\/\/eurodirections.com\/de\/wp-json\/wp\/v2\/users\/1"}],"replies":[{"embeddable":true,"href":"https:\/\/eurodirections.com\/de\/wp-json\/wp\/v2\/comments?post=19412"}],"version-history":[{"count":0,"href":"https:\/\/eurodirections.com\/de\/wp-json\/wp\/v2\/pages\/19412\/revisions"}],"wp:featuredmedia":[{"embeddable":true,"href":"https:\/\/eurodirections.com\/de\/wp-json\/wp\/v2\/media\/3453"}],"wp:attachment":[{"href":"https:\/\/eurodirections.com\/de\/wp-json\/wp\/v2\/media?parent=19412"}],"curies":[{"name":"wp","href":"https:\/\/api.w.org\/{rel}","templated":true}]}}