{"id":19095,"date":"2022-04-05T19:28:50","date_gmt":"2022-04-05T19:28:50","guid":{"rendered":"https:\/\/eurodirections.com\/wien-entdecker-reisefuehrer\/"},"modified":"2022-04-05T19:28:50","modified_gmt":"2022-04-05T19:28:50","slug":"wien-entdecker-reisefuehrer","status":"publish","type":"page","link":"https:\/\/eurodirections.com\/de\/wien-entdecker-reisefuehrer\/","title":{"rendered":"Wien Entdecker Reisef\u00fchrer"},"content":{"rendered":"<div id=\"ez-toc-container\" class=\"ez-toc-v2_0_82_2 counter-hierarchy ez-toc-counter ez-toc-grey ez-toc-container-direction\">\n<div class=\"ez-toc-title-container\">\n<p class=\"ez-toc-title\" style=\"cursor:inherit\">Table of Contents<\/p>\n<span class=\"ez-toc-title-toggle\"><a href=\"#\" class=\"ez-toc-pull-right ez-toc-btn ez-toc-btn-xs ez-toc-btn-default ez-toc-toggle\" aria-label=\"Toggle Table of Content\"><span class=\"ez-toc-js-icon-con\"><span class=\"\"><span class=\"eztoc-hide\" style=\"display:none;\">Toggle<\/span><span class=\"ez-toc-icon-toggle-span\"><svg style=\"fill: #999;color:#999\" xmlns=\"http:\/\/www.w3.org\/2000\/svg\" class=\"list-377408\" width=\"20px\" height=\"20px\" viewBox=\"0 0 24 24\" fill=\"none\"><path d=\"M6 6H4v2h2V6zm14 0H8v2h12V6zM4 11h2v2H4v-2zm16 0H8v2h12v-2zM4 16h2v2H4v-2zm16 0H8v2h12v-2z\" fill=\"currentColor\"><\/path><\/svg><svg style=\"fill: #999;color:#999\" class=\"arrow-unsorted-368013\" xmlns=\"http:\/\/www.w3.org\/2000\/svg\" width=\"10px\" height=\"10px\" viewBox=\"0 0 24 24\" version=\"1.2\" baseProfile=\"tiny\"><path d=\"M18.2 9.3l-6.2-6.3-6.2 6.3c-.2.2-.3.4-.3.7s.1.5.3.7c.2.2.4.3.7.3h11c.3 0 .5-.1.7-.3.2-.2.3-.5.3-.7s-.1-.5-.3-.7zM5.8 14.7l6.2 6.3 6.2-6.3c.2-.2.3-.5.3-.7s-.1-.5-.3-.7c-.2-.2-.4-.3-.7-.3h-11c-.3 0-.5.1-.7.3-.2.2-.3.5-.3.7s.1.5.3.7z\"\/><\/svg><\/span><\/span><\/span><\/a><\/span><\/div>\n<nav><ul class='ez-toc-list ez-toc-list-level-1 eztoc-toggle-hide-by-default' ><li class='ez-toc-page-1 ez-toc-heading-level-2'><a class=\"ez-toc-link ez-toc-heading-1\" href=\"https:\/\/eurodirections.com\/de\/wien-entdecker-reisefuehrer\/#Vienna-Explorer-Reiseinformationen\" >Vienna Explorer Reiseinformationen<\/a><ul class='ez-toc-list-level-3' ><li class='ez-toc-heading-level-3'><a class=\"ez-toc-link ez-toc-heading-2\" href=\"https:\/\/eurodirections.com\/de\/wien-entdecker-reisefuehrer\/#Was-man-in-Wien-nicht-verpassen-sollte\" >Was man in Wien nicht verpassen sollte<\/a><\/li><li class='ez-toc-page-1 ez-toc-heading-level-3'><a class=\"ez-toc-link ez-toc-heading-3\" href=\"https:\/\/eurodirections.com\/de\/wien-entdecker-reisefuehrer\/#Essen-wie-ein-Einheimischer-in-Wien\" >Essen wie ein Einheimischer in Wien<\/a><\/li><li class='ez-toc-page-1 ez-toc-heading-level-3'><a class=\"ez-toc-link ez-toc-heading-4\" href=\"https:\/\/eurodirections.com\/de\/wien-entdecker-reisefuehrer\/#Wo-man-in-Wien-wohnen-kann\" >Wo man in Wien wohnen kann<\/a><\/li><\/ul><\/li><\/ul><\/nav><\/div>\n<p>Die Sonderserie der Zeitschrift Eurodirections.com \u00fcber die <a title=\"Die besten St\u00e4dte Europas\" href=\"https:\/\/eurodirections.com\/explore\" data-schema-attribute=\"about\">besten Reiseziele in Europa<\/a><\/p>\n<h2><span class=\"ez-toc-section\" id=\"Vienna-Explorer-Reiseinformationen\"><\/span><b>Vienna Explorer Reiseinformationen<\/b><span class=\"ez-toc-section-end\"><\/span><\/h2>\n<p><span style=\"font-weight: 400;\">Die Hauptstadt \u00d6sterreichs, Wien, ist eine Stadt der Geschichte, der Kultur und der Lebensqualit\u00e4t, ein hervorragendes europ\u00e4isches Reiseziel, in dem ein halbes Jahrtausend lang Weltgeschichte geschrieben wurde. Es ist ein Ort, an dem man die einzigartige Architektur der Jahrhunderte erkunden kann. Unter Beibehaltung der kulturellen Vielfalt bietet das moderne Wien eine wunderbare Mischung aus st\u00e4dtischem Leben und imperialen Traditionen.  <\/span><\/p>\n<p><iframe style=\"border: 1px solid #EEE; background: white;\" src=\"about:blank\" width=\"880\" height=\"270\" frameborder=\"0\" scrolling=\"no\" class=\"lazyload\" data-src=\"https:\/\/eurodirections.substack.com\/embed\"><span data-mce-type=\"bookmark\" style=\"display: inline-block; width: 0px; overflow: hidden; line-height: 0;\" class=\"mce_SELRES_start\"><\/span><span data-mce-type=\"bookmark\" style=\"display: inline-block; width: 0px; overflow: hidden; line-height: 0;\" class=\"mce_SELRES_start\" align=\"center\"><\/span><\/iframe><\/p>\n<h3><span class=\"ez-toc-section\" id=\"Was-man-in-Wien-nicht-verpassen-sollte\"><\/span><b>Was man in Wien nicht verpassen sollte<\/b><span class=\"ez-toc-section-end\"><\/span><\/h3>\n<ul>\n<li style=\"font-weight: 400;\" aria-level=\"1\"><span style=\"font-weight: 400;\">Besuchen Sie die historische Hofburg, die Residenz der \u00f6sterreichischen Herrscher seit 1275 mit 18 Geb\u00e4udekomplexen.<\/span><\/li>\n<li style=\"font-weight: 400;\" aria-level=\"1\"><span style=\"font-weight: 400;\">Bewundern Sie die Majest\u00e4t des Stephansdoms, Wiens bedeutendstes gotisches Bauwerk.<\/span><\/li>\n<li style=\"font-weight: 400;\" aria-level=\"1\"><span style=\"font-weight: 400;\">Das weltber\u00fchmte Gem\u00e4lde &#8222;Der Kuss&#8220; von Gustav Klimt finden Sie im Schloss Oberes Belvedere.<\/span><\/li>\n<li style=\"font-weight: 400;\" aria-level=\"1\"><span style=\"font-weight: 400;\">Machen Sie eine Fahrt mit dem Riesenrad im Prater und genie\u00dfen Sie das fantastische Wien-Panorama.<\/span><\/li>\n<li style=\"font-weight: 400;\" aria-level=\"1\"><span style=\"font-weight: 400;\">Im Wiener Zoo k\u00f6nnen Sie sich von den s\u00fc\u00dfen Pandab\u00e4ren verw\u00f6hnen lassen, die beim F\u00fcttern Ihr Herz zum Schmelzen bringen.  <\/span><\/li>\n<li style=\"font-weight: 400;\" aria-level=\"1\"><span style=\"font-weight: 400;\">Erkunden Sie das Museum von Sigmund Freud, um die Idee seiner Psychoanalyse zu verstehen.  <\/span><\/li>\n<\/ul>\n<h3><span class=\"ez-toc-section\" id=\"Essen-wie-ein-Einheimischer-in-Wien\"><\/span><b>Essen wie ein Einheimischer in Wien<\/b><span class=\"ez-toc-section-end\"><\/span><\/h3>\n<ul>\n<li style=\"font-weight: 400;\" aria-level=\"1\"><span style=\"font-weight: 400;\">Probieren Sie Wiens typisches Dessert, die Sachertorte, mit dunkler Schokolade und Marillenmarmelade.  <\/span><\/li>\n<li style=\"font-weight: 400;\" aria-level=\"1\"><span style=\"font-weight: 400;\">Finden Sie Veganista, die vegane Eisdiele, die pflanzliche und fleischfreie K\u00f6stlichkeiten, Schokolade und Kekse anbietet.<\/span><\/li>\n<li style=\"font-weight: 400;\" aria-level=\"1\"><span style=\"font-weight: 400;\">Nehmen Sie an einer Weinverkostung teil und probieren Sie die Auswahl an Weinen des Weinguts Cobenzl.<\/span><\/li>\n<li style=\"font-weight: 400;\" aria-level=\"1\"><span style=\"font-weight: 400;\">Erkunden Sie die vielf\u00e4ltige kulinarische Geschichte Wiens bei einem Spaziergang durch die Theken des Naschmarkts.  <\/span><\/li>\n<li style=\"font-weight: 400;\" aria-level=\"1\"><span style=\"font-weight: 400;\">Sp\u00fcren Sie die Atmosph\u00e4re und finden Sie die Seele Wiens im Cafe central, dem gro\u00dfartigsten aller gro\u00dfen Caf\u00e9s der Stadt.<\/span><\/li>\n<\/ul>\n<h3><span class=\"ez-toc-section\" id=\"Wo-man-in-Wien-wohnen-kann\"><\/span><b>Wo man in Wien wohnen kann<\/b><span class=\"ez-toc-section-end\"><\/span><\/h3>\n<ul>\n<li style=\"font-weight: 400;\" aria-level=\"1\"><span style=\"font-weight: 400;\">Sp\u00fcren Sie den wahren Luxus Wiens im 5-Sterne-Hotel Sacher Wien mit edlem Interieur und herrlichem Stadtblick.<\/span><\/li>\n<li style=\"font-weight: 400;\" aria-level=\"1\"><span style=\"font-weight: 400;\">Genie\u00dfen Sie das moderne Design des 4-Sterne-Hotels Jaz in the City Vienna im kulturellen Zentrum.  <\/span><\/li>\n<li style=\"font-weight: 400;\" aria-level=\"1\"><span style=\"font-weight: 400;\">Finden Sie Komfort und Privatsph\u00e4re im Boutique Hotel Piano Nobile &#8211; am Stubenring mit gem\u00fctlichen, warmen Zimmern.<\/span><\/li>\n<li style=\"font-weight: 400;\" aria-level=\"1\"><span style=\"font-weight: 400;\">Die perfekte Option, um Geld zu sparen und Komfort zu genie\u00dfen, ist die Buchung eines Zimmers im K&amp;K Boardinghouse 2.  <\/span><\/li>\n<li style=\"font-weight: 400;\" aria-level=\"1\"><span style=\"font-weight: 400;\">Reisen Sie in das ber\u00fchmte G\u00e4nserndorf bei Wien und \u00fcbernachten Sie in einem sch\u00f6nen G\u00e4stezimmer des Hotels J\u00f6chlinger.  <\/span><\/li>\n<\/ul>\n<p>[tp_widget]<script src=\"https:\/\/www.travelpayouts.com\/chansey\/iframe.js?v=1&amp;marker=14350&amp;host=air.eurodirections.com%2Fhotels&amp;locale=en&amp;currency=eur&amp;nobooking=&amp;powered_by=false&amp;hotel_id=4227\" charset=\"utf-8\" async=\"\"><\/script>[\/tp_widget]<\/p>\n<p style=\"text-align: center;\">\u2014<\/p>\n<p>[tp_in_our_city_fly_shortcodes destination=&#8220;VIE&#8220; one_way=&#8220;false&#8220; stops=&#8220;0&#8243; limit=&#8220;10&#8243; subid=&#8220;toCity&#8220; off_title=&#8220;false&#8220; currency=&#8220;EUR&#8220; paginate=&#8220;true&#8220;]<\/p>\n<p><script type=\"application\/ld+json\">\n{\n    \"@context\": \"http:\/\/schema.org\",\n    \"@type\": \"WebPage\",\n    \"name\": \"Vienna guide\",\n    \"description\": \"Explore Vienna, Austria - short travel guide for tourist and visitor information about must-see places and sights, hotel and restaurant suggestions and cheap flights in Vienna.\",\n    \"publisher\": {\n        \"@type\": \"WebPage\",\n        \"name\": \"Eurodirections.com\"\n    }\n}\n<\/script><\/p>\n","protected":false},"excerpt":{"rendered":"<p>Die Sonderserie der Zeitschrift Eurodirections.com \u00fcber die besten Reiseziele in Europa Vienna Explorer Reiseinformationen Die Hauptstadt \u00d6sterreichs, Wien, ist eine Stadt der Geschichte, der Kultur und der Lebensqualit\u00e4t, ein hervorragendes europ\u00e4isches Reiseziel, in dem ein halbes Jahrtausend lang Weltgeschichte geschrieben wurde. Es ist ein Ort, an dem man die einzigartige Architektur der Jahrhunderte erkunden kann. [&hellip;]<\/p>\n","protected":false},"author":1,"featured_media":3447,"parent":0,"menu_order":0,"comment_status":"closed","ping_status":"closed","template":"","meta":{"footnotes":""},"class_list":["post-19095","page","type-page","status-publish","has-post-thumbnail","hentry"],"_links":{"self":[{"href":"https:\/\/eurodirections.com\/de\/wp-json\/wp\/v2\/pages\/19095","targetHints":{"allow":["GET"]}}],"collection":[{"href":"https:\/\/eurodirections.com\/de\/wp-json\/wp\/v2\/pages"}],"about":[{"href":"https:\/\/eurodirections.com\/de\/wp-json\/wp\/v2\/types\/page"}],"author":[{"embeddable":true,"href":"https:\/\/eurodirections.com\/de\/wp-json\/wp\/v2\/users\/1"}],"replies":[{"embeddable":true,"href":"https:\/\/eurodirections.com\/de\/wp-json\/wp\/v2\/comments?post=19095"}],"version-history":[{"count":0,"href":"https:\/\/eurodirections.com\/de\/wp-json\/wp\/v2\/pages\/19095\/revisions"}],"wp:featuredmedia":[{"embeddable":true,"href":"https:\/\/eurodirections.com\/de\/wp-json\/wp\/v2\/media\/3447"}],"wp:attachment":[{"href":"https:\/\/eurodirections.com\/de\/wp-json\/wp\/v2\/media?parent=19095"}],"curies":[{"name":"wp","href":"https:\/\/api.w.org\/{rel}","templated":true}]}}