{"id":16169,"date":"2023-02-13T19:23:19","date_gmt":"2023-02-13T19:23:19","guid":{"rendered":"https:\/\/eurodirections.com\/warschau-bucket-list-kurzanleitung\/"},"modified":"2023-02-13T20:37:38","modified_gmt":"2023-02-13T20:37:38","slug":"warschau-bucket-list","status":"publish","type":"page","link":"https:\/\/eurodirections.com\/de\/warschau-bucket-list\/","title":{"rendered":"Warschau Bucket List (Kurzanleitung)"},"content":{"rendered":"<div id=\"ez-toc-container\" class=\"ez-toc-v2_0_82_2 counter-hierarchy ez-toc-counter ez-toc-grey ez-toc-container-direction\">\n<div class=\"ez-toc-title-container\">\n<p class=\"ez-toc-title\" style=\"cursor:inherit\">Table of Contents<\/p>\n<span class=\"ez-toc-title-toggle\"><a href=\"#\" class=\"ez-toc-pull-right ez-toc-btn ez-toc-btn-xs ez-toc-btn-default ez-toc-toggle\" aria-label=\"Toggle Table of Content\"><span class=\"ez-toc-js-icon-con\"><span class=\"\"><span class=\"eztoc-hide\" style=\"display:none;\">Toggle<\/span><span class=\"ez-toc-icon-toggle-span\"><svg style=\"fill: #999;color:#999\" xmlns=\"http:\/\/www.w3.org\/2000\/svg\" class=\"list-377408\" width=\"20px\" height=\"20px\" viewBox=\"0 0 24 24\" fill=\"none\"><path d=\"M6 6H4v2h2V6zm14 0H8v2h12V6zM4 11h2v2H4v-2zm16 0H8v2h12v-2zM4 16h2v2H4v-2zm16 0H8v2h12v-2z\" fill=\"currentColor\"><\/path><\/svg><svg style=\"fill: #999;color:#999\" class=\"arrow-unsorted-368013\" xmlns=\"http:\/\/www.w3.org\/2000\/svg\" width=\"10px\" height=\"10px\" viewBox=\"0 0 24 24\" version=\"1.2\" baseProfile=\"tiny\"><path d=\"M18.2 9.3l-6.2-6.3-6.2 6.3c-.2.2-.3.4-.3.7s.1.5.3.7c.2.2.4.3.7.3h11c.3 0 .5-.1.7-.3.2-.2.3-.5.3-.7s-.1-.5-.3-.7zM5.8 14.7l6.2 6.3 6.2-6.3c.2-.2.3-.5.3-.7s-.1-.5-.3-.7c-.2-.2-.4-.3-.7-.3h-11c-.3 0-.5.1-.7.3-.2.2-.3.5-.3.7s.1.5.3.7z\"\/><\/svg><\/span><\/span><\/span><\/a><\/span><\/div>\n<nav><ul class='ez-toc-list ez-toc-list-level-1 eztoc-toggle-hide-by-default' ><li class='ez-toc-page-1 ez-toc-heading-level-2'><a class=\"ez-toc-link ez-toc-heading-1\" href=\"https:\/\/eurodirections.com\/de\/warschau-bucket-list\/#Willkommen-in-Warschau\" >Willkommen in Warschau<\/a><\/li><li class='ez-toc-page-1 ez-toc-heading-level-2'><a class=\"ez-toc-link ez-toc-heading-2\" href=\"https:\/\/eurodirections.com\/de\/warschau-bucket-list\/#Was-man-in-Warschau-nicht-verpassen-sollte\" >Was man in Warschau nicht verpassen sollte<\/a><\/li><li class='ez-toc-page-1 ez-toc-heading-level-2'><a class=\"ez-toc-link ez-toc-heading-3\" href=\"https:\/\/eurodirections.com\/de\/warschau-bucket-list\/#Essen-wie-ein-Einheimischer-in-Warschau\" >Essen wie ein Einheimischer in Warschau<\/a><\/li><li class='ez-toc-page-1 ez-toc-heading-level-2'><a class=\"ez-toc-link ez-toc-heading-4\" href=\"https:\/\/eurodirections.com\/de\/warschau-bucket-list\/#Wo-man-in-Warschau-uebernachtet\" >Wo man in Warschau \u00fcbernachtet<\/a><ul class='ez-toc-list-level-3' ><li class='ez-toc-heading-level-3'><a class=\"ez-toc-link ez-toc-heading-5\" href=\"https:\/\/eurodirections.com\/de\/warschau-bucket-list\/#Warschau-Hotels-Karte-mit-Preisen\" >Warschau Hotels Karte mit Preisen<\/a><\/li><\/ul><\/li><li class='ez-toc-page-1 ez-toc-heading-level-2'><a class=\"ez-toc-link ez-toc-heading-6\" href=\"https:\/\/eurodirections.com\/de\/warschau-bucket-list\/#Warum-Warschau-besuchen\" >Warum Warschau besuchen?<\/a><ul class='ez-toc-list-level-3' ><li class='ez-toc-heading-level-3'><a class=\"ez-toc-link ez-toc-heading-7\" href=\"https:\/\/eurodirections.com\/de\/warschau-bucket-list\/#Fuehrungen-in-Warschau-reservieren\" >F\u00fchrungen in Warschau reservieren<\/a><\/li><li class='ez-toc-page-1 ez-toc-heading-level-3'><a class=\"ez-toc-link ez-toc-heading-8\" href=\"https:\/\/eurodirections.com\/de\/warschau-bucket-list\/#Reservieren-Sie-einen-Billigflug-nach-Warschau\" >Reservieren Sie einen Billigflug nach Warschau<\/a><\/li><\/ul><\/li><\/ul><\/nav><\/div>\n<p>Warschau ist die Hauptstadt Polens und liegt im zentralen Teil des Landes. Es hat eine Bev\u00f6lkerung von \u00fcber 1,7 Millionen Menschen und ist eine der gr\u00f6\u00dften St\u00e4dte in Europa. Warschau hat eine reiche Geschichte, die bis ins Mittelalter zur\u00fcckreicht, und ist seit Jahrhunderten das Zentrum des polnischen politischen und kulturellen Lebens. Es ist eine moderne Metropole mit einer lebendigen Kulturszene, darunter zahlreiche Museen, Galerien, Theater und Musikveranstaltungen.<\/p>\n<figure id=\"attachment_16151\" aria-describedby=\"caption-attachment-16151\" style=\"width: 1400px\" class=\"wp-caption alignnone\"><img fetchpriority=\"high\" decoding=\"async\" class=\"wp-image-16151 size-full\" title=\"Die zentralen Stra\u00dfen von Warschau, Polen. \" src=\"https:\/\/eurodirections.com\/wp-content\/uploads\/2023\/02\/warsaw-central-streets.jpg\" alt=\"Die zentralen Stra\u00dfen von Warschau, Polen\" width=\"1400\" height=\"934\" srcset=\"https:\/\/eurodirections.com\/wp-content\/uploads\/2023\/02\/warsaw-central-streets.jpg 1400w, https:\/\/eurodirections.com\/wp-content\/uploads\/2023\/02\/warsaw-central-streets-300x200.jpg 300w, https:\/\/eurodirections.com\/wp-content\/uploads\/2023\/02\/warsaw-central-streets-1024x683.jpg 1024w, https:\/\/eurodirections.com\/wp-content\/uploads\/2023\/02\/warsaw-central-streets-768x512.jpg 768w\" sizes=\"(max-width: 1400px) 100vw, 1400px\" \/><figcaption id=\"caption-attachment-16151\" class=\"wp-caption-text\">Die zentralen Stra\u00dfen von Warschau, Polen. Foto: Shutterstock<\/figcaption><\/figure>\n<p>Die Stadt beherbergt auch viele historische Sehensw\u00fcrdigkeiten wie das K\u00f6nigsschloss, die Altstadt und das Museum des Warschauer Aufstands, die an die Vergangenheit der Stadt und ihre Bedeutung in der polnischen Geschichte erinnern. In den letzten Jahren hat sich Warschau zu einem wichtigen Gesch\u00e4fts- und Finanzzentrum entwickelt und viele internationale Unternehmen und Organisationen angezogen.<\/p>\n<h2><span class=\"ez-toc-section\" id=\"Willkommen-in-Warschau\"><\/span><b>Willkommen in Warschau<\/b><span class=\"ez-toc-section-end\"><\/span><\/h2>\n<p><span style=\"font-weight: 400;\">Aus der Asche auferstanden, erstaunt Warschau weiterhin mit seiner Sch\u00f6nheit, Geschichte und Architektur. Wenn man durch die Altstadt geht, w\u00fcrde man nie sagen, dass 85 % der Stadt w\u00e4hrend des Zweiten Weltkriegs zerst\u00f6rt wurden. <\/span><\/p>\n<p><span style=\"font-weight: 400;\">Ob Sie nach Warschau reisen, um Geschichte und Architektur zu erleben, die Kontraste zwischen moderner und historischer Architektur zu sehen oder den Rhythmus einer kosmopolitischen Stadt zu sp\u00fcren, Warschau hat alles.<\/span><\/p>\n<h2><span class=\"ez-toc-section\" id=\"Was-man-in-Warschau-nicht-verpassen-sollte\"><\/span><b>Was man in Warschau nicht verpassen sollte<\/b><span class=\"ez-toc-section-end\"><\/span><\/h2>\n<ul>\n<li style=\"font-weight: 400;\" aria-level=\"1\"><span style=\"font-weight: 400;\">Machen Sie einen Rundgang durch die Altstadt mit rekonstruierten Geb\u00e4uden, Gassen und G\u00e4ngen.<\/span><\/li>\n<li style=\"font-weight: 400;\" aria-level=\"1\"><span style=\"font-weight: 400;\">Setzen Sie Ihre Erkundungstour durch die Stadt auf dem K\u00f6nigsweg fort, der am Schlossplatz beginnt und bis zum Wilan\u00f3w-Palast reicht.<\/span><\/li>\n<li style=\"font-weight: 400;\" aria-level=\"1\"><span style=\"font-weight: 400;\">Genie\u00dfen Sie ein St\u00fcck Natur im \u0141azienki-Park, dem gr\u00f6\u00dften Park Warschaus, der sich \u00fcber 76 Hektar \u00fcppigen gr\u00fcnen Waldes mit einem Amphitheater, Pavillons, Promenaden und vielem mehr erstreckt.<\/span><\/li>\n<li style=\"font-weight: 400;\" aria-level=\"1\"><span style=\"font-weight: 400;\">Besuchen Sie Warschaus beeindruckendstes und h\u00f6chstes Geb\u00e4ude, den 237 Meter hohen Palast der Kultur und Wissenschaft.<\/span><\/li>\n<li style=\"font-weight: 400;\" aria-level=\"1\"><span style=\"font-weight: 400;\">Genie\u00dfen Sie einen abendlichen Spaziergang \u00fcber die Krakowskie Przedmie\u015bcie, die prestigetr\u00e4chtigste Stra\u00dfe mit Pal\u00e4sten und Denkm\u00e4lern. <\/span><\/li>\n<li style=\"font-weight: 400;\" aria-level=\"1\"><span style=\"font-weight: 400;\">Erklimmen Sie eine Treppe mit 150 Stufen, um den Sonnenuntergang von der Taras-Widokowy-Aussichtsplattform von St. Anna zu beobachten.<\/span><\/li>\n<\/ul>\n<figure id=\"attachment_16121\" aria-describedby=\"caption-attachment-16121\" style=\"width: 1400px\" class=\"wp-caption alignnone\"><img decoding=\"async\" class=\"wp-image-16121 size-full\" title=\"\u0141azienki-Park, Warschau, Polen\" src=\"https:\/\/eurodirections.com\/wp-content\/uploads\/2023\/02\/lazienki-park-warsaw-poland.jpg\" alt=\"Lazienki-Park in Warschau\" width=\"1400\" height=\"984\" srcset=\"https:\/\/eurodirections.com\/wp-content\/uploads\/2023\/02\/lazienki-park-warsaw-poland.jpg 1400w, https:\/\/eurodirections.com\/wp-content\/uploads\/2023\/02\/lazienki-park-warsaw-poland-300x211.jpg 300w, https:\/\/eurodirections.com\/wp-content\/uploads\/2023\/02\/lazienki-park-warsaw-poland-1024x720.jpg 1024w, https:\/\/eurodirections.com\/wp-content\/uploads\/2023\/02\/lazienki-park-warsaw-poland-768x540.jpg 768w\" sizes=\"(max-width: 1400px) 100vw, 1400px\" \/><figcaption id=\"caption-attachment-16121\" class=\"wp-caption-text\">Der \u0141azienki-Park, der gr\u00f6\u00dfte Park in Warschau, erstreckt sich \u00fcber 76 Hektar \u00fcppigen gr\u00fcnen Waldes mit einem Amphitheater, Pavillons, Promenaden und vielen anderen Sehensw\u00fcrdigkeiten. Foto: Shutterstock<\/figcaption><\/figure>\n<h2><span class=\"ez-toc-section\" id=\"Essen-wie-ein-Einheimischer-in-Warschau\"><\/span><b>Essen wie ein Einheimischer in Warschau<\/b><span class=\"ez-toc-section-end\"><\/span><\/h2>\n<ul>\n<li style=\"font-weight: 400;\" aria-level=\"1\"><span style=\"font-weight: 400;\">Besuchen Sie Manekin am Constitution Square, um die besten Nale\u015bniki zu probieren, traditionelle polnische Cr\u00eapes mit verschiedenen s\u00fc\u00dfen und vegetarischen F\u00fcllungen.<\/span><\/li>\n<li style=\"font-weight: 400;\" aria-level=\"1\"><span style=\"font-weight: 400;\">Verpassen Sie nicht die Milchbars, die traditionellen preiswerten Restaurants in Warschau, f\u00fcr schnelles und preiswertes Essen. <\/span><\/li>\n<li style=\"font-weight: 400;\" aria-level=\"1\"><span style=\"font-weight: 400;\">F\u00fcr Pizzaliebhaber gibt es M\u0105ka i woda (\u00fcbersetzt als Mehl und Wasser), wo Sie die k\u00f6stlichste italienische Pizza probieren k\u00f6nnen.<\/span><\/li>\n<li style=\"font-weight: 400;\" aria-level=\"1\"><span style=\"font-weight: 400;\">Wenn Sie Vegetarier sind, sollten Sie unbedingt die Krowarzywa besuchen, das beste vegetarische Restaurant mit veganen Burgern.<\/span><\/li>\n<li style=\"font-weight: 400;\" aria-level=\"1\"><span style=\"font-weight: 400;\">Probieren Sie im Restaurant Pyzy Flaki Gora\u00e7e die beliebten Pyzy, lokale Kn\u00f6del mit Kartoffeln und Fleisch.<\/span><\/li>\n<\/ul>\n<figure id=\"attachment_16106\" aria-describedby=\"caption-attachment-16106\" style=\"width: 1401px\" class=\"wp-caption alignnone\"><img decoding=\"async\" class=\"wp-image-16106 size-full\" title=\"Pyzy und Gulasz - Polen\" src=\"https:\/\/eurodirections.com\/wp-content\/uploads\/2023\/02\/pyzy-i-gulasz-polska.jpg\" alt=\"Pyzy und Gulasz, Polen\" width=\"1401\" height=\"1078\" srcset=\"https:\/\/eurodirections.com\/wp-content\/uploads\/2023\/02\/pyzy-i-gulasz-polska.jpg 1401w, https:\/\/eurodirections.com\/wp-content\/uploads\/2023\/02\/pyzy-i-gulasz-polska-300x231.jpg 300w, https:\/\/eurodirections.com\/wp-content\/uploads\/2023\/02\/pyzy-i-gulasz-polska-1024x788.jpg 1024w, https:\/\/eurodirections.com\/wp-content\/uploads\/2023\/02\/pyzy-i-gulasz-polska-768x591.jpg 768w\" sizes=\"(max-width: 1401px) 100vw, 1401px\" \/><figcaption id=\"caption-attachment-16106\" class=\"wp-caption-text\">Pyzy und Gulasz. Foto von Karolina Ko\u0142odziejczak auf Unsplash<\/figcaption><\/figure>\n<h2><span class=\"ez-toc-section\" id=\"Wo-man-in-Warschau-uebernachtet\"><\/span><b>Wo man in Warschau \u00fcbernachtet<\/b><span class=\"ez-toc-section-end\"><\/span><\/h2>\n<ul>\n<li style=\"font-weight: 400;\" aria-level=\"1\"><span style=\"font-weight: 400;\">W\u00e4hlen Sie f\u00fcr einen wahrhaft k\u00f6niglichen Aufenthalt in Warschau ein 5-Sterne-Hotel Raffles Europejski Warsaw mit dem luxuri\u00f6sesten Interieur, das G\u00e4ste seit 1857 beherbergt.<\/span><\/li>\n<li style=\"font-weight: 400;\" aria-level=\"1\"><span style=\"font-weight: 400;\">Tauchen Sie ein in die noble und moderne Atmosph\u00e4re des 4-Sterne-NYX Hotel Warsaw by Leonardo Hotels mit zeitgem\u00e4\u00dfen, auff\u00e4lligen Innenkombinationen.<\/span><\/li>\n<li style=\"font-weight: 400;\" aria-level=\"1\"><span style=\"font-weight: 400;\">Zahlen Sie weniger und verbringen Sie trotzdem einen wunderbaren Aufenthalt in Warschau im 3-Sterne Holiday Inn Express &#8211; Warsaw &#8211; The HUB, an IHG Hotel.<\/span><\/li>\n<li style=\"font-weight: 400;\" aria-level=\"1\"><span style=\"font-weight: 400;\">Sparen Sie bei Ihrem Aufenthalt mit Safestay Warsaws bestbewertetem Hostel in der Stadt.<\/span><\/li>\n<li style=\"font-weight: 400;\" aria-level=\"1\"><span style=\"font-weight: 400;\">Machen Sie einen Tagesausflug nach Kazimierz Dolny, dem k\u00fcnstlerischen Zentrum Polens, und \u00fcbernachten Sie im Dom G\u00f3reckich mit einem wundersch\u00f6nen Garten.<\/span><\/li>\n<\/ul>\n<h3><span class=\"ez-toc-section\" id=\"Warschau-Hotels-Karte-mit-Preisen\"><\/span>Warschau Hotels Karte mit Preisen<span class=\"ez-toc-section-end\"><\/span><\/h3>\n<p><script src=\"https:\/\/tp.media\/content?0=0&amp;1=10&amp;currency=eur&amp;promo_id=4285&amp;shmarker=14350&amp;campaign_id=101&amp;trs=147545&amp;search_host=search.hotellook.com&amp;locale=en&amp;draggable=true&amp;disable_zoom=false&amp;show_logo=false&amp;scrollwheel=false&amp;color=%2307AF61&amp;contrast_color=%23ffffff&amp;width=1000&amp;height=600&amp;zoom=14&amp;radius=60&amp;stars=0%2C1%2C2%2C3%2C4%2C5&amp;price_from=&amp;price_to=&amp;lat=52.22977&amp;lng=21.01178\" charset=\"utf-8\"><\/script><\/p>\n<h2><span class=\"ez-toc-section\" id=\"Warum-Warschau-besuchen\"><\/span>Warum Warschau besuchen?<span class=\"ez-toc-section-end\"><\/span><\/h2>\n<figure id=\"attachment_16136\" aria-describedby=\"caption-attachment-16136\" style=\"width: 1400px\" class=\"wp-caption alignnone\"><img loading=\"lazy\" decoding=\"async\" class=\"wp-image-16136 size-full\" title=\"Warschau, Krakowskie Przedmie\u015bcie\" src=\"https:\/\/eurodirections.com\/wp-content\/uploads\/2023\/02\/warsaw-krakowskie-przedmiescie.jpg\" alt=\"Warschau, Krakowskie Przedmie\u015bcie\" width=\"1400\" height=\"934\" srcset=\"https:\/\/eurodirections.com\/wp-content\/uploads\/2023\/02\/warsaw-krakowskie-przedmiescie.jpg 1400w, https:\/\/eurodirections.com\/wp-content\/uploads\/2023\/02\/warsaw-krakowskie-przedmiescie-300x200.jpg 300w, https:\/\/eurodirections.com\/wp-content\/uploads\/2023\/02\/warsaw-krakowskie-przedmiescie-1024x683.jpg 1024w, https:\/\/eurodirections.com\/wp-content\/uploads\/2023\/02\/warsaw-krakowskie-przedmiescie-768x512.jpg 768w\" sizes=\"(max-width: 1400px) 100vw, 1400px\" \/><figcaption id=\"caption-attachment-16136\" class=\"wp-caption-text\">Warschau, Krakowskie Przedmie\u015bcie. Foto: Shutterstock<\/figcaption><\/figure>\n<p>Wir sind \u00fcberzeugt, dass es zahlreiche Gr\u00fcnde gibt, die Sie davon \u00fcberzeugen werden, einen <a title=\"Finden Sie g\u00fcnstige Fl\u00fcge nach Warschau, Polen\" href=\"https:\/\/eurodirections.com\/de\/fluege-nach-warschau-polen\/\" target=\"_blank\" rel=\"noopener\">Flug nach Warschau zu buchen<\/a>, und wir haben die 5 \u00fcberzeugendsten ausgew\u00e4hlt. Hier sind f\u00fcnf Gr\u00fcnde, warum Sie eine <a title=\"Besuchen Sie Warschau\" href=\"https:\/\/eurodirections.com\/de\/besuchen-sie-warschau-polen\/\" target=\"_blank\" rel=\"noopener\">Reise nach Warschau<\/a> in Betracht ziehen sollten:<\/p>\n<ol>\n<li>Reiche Geschichte und Kultur: Warschau hat eine lange und faszinierende Geschichte und viele seiner Sehensw\u00fcrdigkeiten und Museen zeugen von der Vergangenheit der Stadt. Von der historischen Altstadt, die wundersch\u00f6n restauriert wurde, nachdem sie im Zweiten Weltkrieg praktisch zerst\u00f6rt worden war, bis hin zum K\u00f6nigsschloss und dem Museum des Warschauer Aufstands gibt es viele M\u00f6glichkeiten, das reiche kulturelle Erbe der Stadt kennenzulernen.<\/li>\n<li>Lebhafte Kunstszene: Warschau hat eine florierende Kunstszene mit vielen Theatern, Museen, Galerien und Musiklokalen, die die Arbeiten lokaler und internationaler K\u00fcnstler pr\u00e4sentieren. Egal, ob Sie sich f\u00fcr klassische Musik, zeitgen\u00f6ssische Kunst oder traditionelle Volksauff\u00fchrungen interessieren, Sie werden sicher etwas f\u00fcr Ihren Geschmack finden.<\/li>\n<li>Leckeres Essen und Trinken: Warschau hat eine florierende kulinarische Szene mit vielen Restaurants, Caf\u00e9s und Bars, die traditionelle polnische K\u00fcche sowie internationale Gerichte servieren. Probieren Sie unbedingt einige der ber\u00fchmten Pierogi (Kn\u00f6del), Bigos (Eintopf) und Kielbasa (Wurst) der Stadt und probieren Sie einige der lokal hergestellten Wodka und Biere.<\/li>\n<li>Erschwinglich und zug\u00e4nglich: Obwohl Warschau die Hauptstadt Polens ist, ist es im Vergleich zu anderen europ\u00e4ischen Gro\u00dfst\u00e4dten relativ erschwinglich, was es zu einem attraktiven Ziel f\u00fcr preisbewusste Reisende macht. Die Stadt ist auch gut angebunden, mit guten \u00f6ffentlichen Verkehrsverbindungen, einschlie\u00dflich eines umfassenden Netzes von Stra\u00dfenbahnen, Bussen und Z\u00fcgen, was es einfach macht, sich fortzubewegen.<\/li>\n<li>Freundliche und einladende Menschen: Die Menschen in Warschau sind bekannt f\u00fcr ihre herzliche Gastfreundschaft und freundliche Art, was sie zu einem besonders einladenden Ziel f\u00fcr Besucher macht. Egal, ob Sie Hilfe bei der Wegbeschreibung, Empfehlungen f\u00fcr lokale Sehensw\u00fcrdigkeiten und Attraktionen oder einfach nur jemanden zum Plaudern suchen, in dieser Stadt finden Sie sicher ein freundliches Gesicht.<\/li>\n<\/ol>\n<h3><span class=\"ez-toc-section\" id=\"Fuehrungen-in-Warschau-reservieren\"><\/span>F\u00fchrungen in Warschau reservieren<span class=\"ez-toc-section-end\"><\/span><\/h3>\n<p><script src=\"https:\/\/tp.media\/content?currency=eur&amp;promo_id=5850&amp;shmarker=14350&amp;campaign_id=47&amp;trs=147545&amp;min_lines=10&amp;scroll_height=&amp;color_button=%230565FF&amp;destination=528\" charset=\"utf-8\"><\/script><\/p>\n<h3><span class=\"ez-toc-section\" id=\"Reservieren-Sie-einen-Billigflug-nach-Warschau\"><\/span>Reservieren Sie einen Billigflug nach Warschau<span class=\"ez-toc-section-end\"><\/span><\/h3>\n<p>Entdecken Sie mit dieser praktischen Liste die besten g\u00fcnstigen Flugoptionen nach Warschau. Mit unserem intelligenten Flugsuchdienst k\u00f6nnen Sie ganz einfach Hunderte von Fl\u00fcgen in die polnische Hauptstadt suchen und vergleichen. Finden Sie die g\u00fcnstigste und bequemste Route f\u00fcr Ihre Reisepl\u00e4ne und buchen Sie Ihre Reise nach Warschau mit Zuversicht.<\/p>\n<p><script src=\"https:\/\/tp.media\/content?currency=eur&amp;promo_id=4044&amp;shmarker=14350&amp;campaign_id=100&amp;trs=147545&amp;target_host=air.eurodirections.com%2Fflights&amp;locale=de&amp;limit=12&amp;powered_by=false&amp;primary=%230085FF&amp;destination=WAW\" charset=\"utf-8\"><\/script><\/p>\n","protected":false},"excerpt":{"rendered":"<p>Warschau ist die Hauptstadt Polens und liegt im zentralen Teil des Landes. Es hat eine Bev\u00f6lkerung von \u00fcber 1,7 Millionen Menschen und ist eine der gr\u00f6\u00dften St\u00e4dte in Europa. Warschau hat eine reiche Geschichte, die bis ins Mittelalter zur\u00fcckreicht, und ist seit Jahrhunderten das Zentrum des polnischen politischen und kulturellen Lebens. Es ist eine moderne [&hellip;]<\/p>\n","protected":false},"author":4,"featured_media":16096,"parent":0,"menu_order":0,"comment_status":"closed","ping_status":"closed","template":"","meta":{"footnotes":""},"class_list":["post-16169","page","type-page","status-publish","has-post-thumbnail","hentry"],"_links":{"self":[{"href":"https:\/\/eurodirections.com\/de\/wp-json\/wp\/v2\/pages\/16169","targetHints":{"allow":["GET"]}}],"collection":[{"href":"https:\/\/eurodirections.com\/de\/wp-json\/wp\/v2\/pages"}],"about":[{"href":"https:\/\/eurodirections.com\/de\/wp-json\/wp\/v2\/types\/page"}],"author":[{"embeddable":true,"href":"https:\/\/eurodirections.com\/de\/wp-json\/wp\/v2\/users\/4"}],"replies":[{"embeddable":true,"href":"https:\/\/eurodirections.com\/de\/wp-json\/wp\/v2\/comments?post=16169"}],"version-history":[{"count":0,"href":"https:\/\/eurodirections.com\/de\/wp-json\/wp\/v2\/pages\/16169\/revisions"}],"wp:featuredmedia":[{"embeddable":true,"href":"https:\/\/eurodirections.com\/de\/wp-json\/wp\/v2\/media\/16096"}],"wp:attachment":[{"href":"https:\/\/eurodirections.com\/de\/wp-json\/wp\/v2\/media?parent=16169"}],"curies":[{"name":"wp","href":"https:\/\/api.w.org\/{rel}","templated":true}]}}