{"id":16054,"date":"2022-04-15T07:11:32","date_gmt":"2022-04-15T07:11:32","guid":{"rendered":"https:\/\/eurodirections.com\/rhodes-bucket-list\/"},"modified":"2023-02-13T16:40:18","modified_gmt":"2023-02-13T16:40:18","slug":"rhodes-bucket-list","status":"publish","type":"page","link":"https:\/\/eurodirections.com\/de\/rhodes-bucket-list\/","title":{"rendered":"Rhodes bucket list"},"content":{"rendered":"<div id=\"ez-toc-container\" class=\"ez-toc-v2_0_82_2 counter-hierarchy ez-toc-counter ez-toc-grey ez-toc-container-direction\">\n<div class=\"ez-toc-title-container\">\n<p class=\"ez-toc-title\" style=\"cursor:inherit\">Table of Contents<\/p>\n<span class=\"ez-toc-title-toggle\"><a href=\"#\" class=\"ez-toc-pull-right ez-toc-btn ez-toc-btn-xs ez-toc-btn-default ez-toc-toggle\" aria-label=\"Toggle Table of Content\"><span class=\"ez-toc-js-icon-con\"><span class=\"\"><span class=\"eztoc-hide\" style=\"display:none;\">Toggle<\/span><span class=\"ez-toc-icon-toggle-span\"><svg style=\"fill: #999;color:#999\" xmlns=\"http:\/\/www.w3.org\/2000\/svg\" class=\"list-377408\" width=\"20px\" height=\"20px\" viewBox=\"0 0 24 24\" fill=\"none\"><path d=\"M6 6H4v2h2V6zm14 0H8v2h12V6zM4 11h2v2H4v-2zm16 0H8v2h12v-2zM4 16h2v2H4v-2zm16 0H8v2h12v-2z\" fill=\"currentColor\"><\/path><\/svg><svg style=\"fill: #999;color:#999\" class=\"arrow-unsorted-368013\" xmlns=\"http:\/\/www.w3.org\/2000\/svg\" width=\"10px\" height=\"10px\" viewBox=\"0 0 24 24\" version=\"1.2\" baseProfile=\"tiny\"><path d=\"M18.2 9.3l-6.2-6.3-6.2 6.3c-.2.2-.3.4-.3.7s.1.5.3.7c.2.2.4.3.7.3h11c.3 0 .5-.1.7-.3.2-.2.3-.5.3-.7s-.1-.5-.3-.7zM5.8 14.7l6.2 6.3 6.2-6.3c.2-.2.3-.5.3-.7s-.1-.5-.3-.7c-.2-.2-.4-.3-.7-.3h-11c-.3 0-.5.1-.7.3-.2.2-.3.5-.3.7s.1.5.3.7z\"\/><\/svg><\/span><\/span><\/span><\/a><\/span><\/div>\n<nav><ul class='ez-toc-list ez-toc-list-level-1 eztoc-toggle-hide-by-default' ><li class='ez-toc-page-1 ez-toc-heading-level-2'><a class=\"ez-toc-link ez-toc-heading-1\" href=\"https:\/\/eurodirections.com\/de\/rhodes-bucket-list\/#Rhodos-erkunden-Bucket-List-fuer-Touristen\" >Rhodos erkunden: Bucket List f\u00fcr Touristen<\/a><ul class='ez-toc-list-level-3' ><li class='ez-toc-heading-level-3'><a class=\"ez-toc-link ez-toc-heading-2\" href=\"https:\/\/eurodirections.com\/de\/rhodes-bucket-list\/#Was-Sie-in-Rhodos-nicht-verpassen-sollten\" >Was Sie in Rhodos nicht verpassen sollten<\/a><\/li><li class='ez-toc-page-1 ez-toc-heading-level-3'><a class=\"ez-toc-link ez-toc-heading-3\" href=\"https:\/\/eurodirections.com\/de\/rhodes-bucket-list\/#Essen-wie-ein-Einheimischer-auf-Rhodos\" >Essen wie ein Einheimischer auf Rhodos<\/a><\/li><li class='ez-toc-page-1 ez-toc-heading-level-3'><a class=\"ez-toc-link ez-toc-heading-4\" href=\"https:\/\/eurodirections.com\/de\/rhodes-bucket-list\/#Unterkunft-auf-Rhodos\" >Unterkunft auf Rhodos<\/a><\/li><li class='ez-toc-page-1 ez-toc-heading-level-3'><a class=\"ez-toc-link ez-toc-heading-5\" href=\"https:\/\/eurodirections.com\/de\/rhodes-bucket-list\/#Rhodos-Insel-Hotels-Karte-mit-Preisen\" >Rhodos Insel Hotels Karte mit Preisen<\/a><\/li><li class='ez-toc-page-1 ez-toc-heading-level-3'><a class=\"ez-toc-link ez-toc-heading-6\" href=\"https:\/\/eurodirections.com\/de\/rhodes-bucket-list\/#Liste-der-Billigfluege-nach-Rhodos\" >Liste der Billigfl\u00fcge nach Rhodos<\/a><\/li><\/ul><\/li><\/ul><\/nav><\/div>\n<h2><span class=\"ez-toc-section\" id=\"Rhodos-erkunden-Bucket-List-fuer-Touristen\"><\/span><b>Rhodos erkunden: Bucket List f\u00fcr Touristen<\/b><span class=\"ez-toc-section-end\"><\/span><\/h2>\n<p><span style=\"font-weight: 400;\">Rhodos ist die gr\u00f6\u00dfte der Dodekanes-Inseln und wird jedes Jahr von \u00fcber 2 Millionen Touristen besucht. Die atemberaubende griechische Insel schwimmt nicht nur und genie\u00dft die atemberaubende Natur, sondern auch eine UNESCO-gesch\u00fctzte Altstadt mit tausendj\u00e4hriger Geschichte, Architektur und 100 weiteren Gr\u00fcnden, Rhodos zu besuchen. <\/span><\/p>\n<blockquote><p>Siehe auch: <a href=\"https:\/\/eurodirections.com\/travel-to-rhodes-greece\/#Best-season-for-visiting-Rhodes\" target=\"_blank\" rel=\"noopener\">Wissen Sie, welches die beste Reisezeit f\u00fcr Rhodos ist?<\/a><\/p><\/blockquote>\n<h3><span class=\"ez-toc-section\" id=\"Was-Sie-in-Rhodos-nicht-verpassen-sollten\"><\/span><b>Was Sie in Rhodos nicht verpassen sollten<\/b><span class=\"ez-toc-section-end\"><\/span><\/h3>\n<figure id=\"attachment_1876\" aria-describedby=\"caption-attachment-1876\" style=\"width: 971px\" class=\"wp-caption alignnone\"><img fetchpriority=\"high\" decoding=\"async\" class=\"size-full wp-image-1876\" src=\"http:\/\/eurodirections.com\/wp-content\/uploads\/2022\/04\/rhodes-city-greece.jpg\" alt=\"Stra\u00dfen von Rhodos-Stadt, Griechenland\" width=\"971\" height=\"618\" srcset=\"https:\/\/eurodirections.com\/wp-content\/uploads\/2022\/04\/rhodes-city-greece.jpg 971w, https:\/\/eurodirections.com\/wp-content\/uploads\/2022\/04\/rhodes-city-greece-300x191.jpg 300w, https:\/\/eurodirections.com\/wp-content\/uploads\/2022\/04\/rhodes-city-greece-768x489.jpg 768w, https:\/\/eurodirections.com\/wp-content\/uploads\/2022\/04\/rhodes-city-greece-100x65.jpg 100w\" sizes=\"(max-width: 971px) 100vw, 971px\" \/><figcaption id=\"caption-attachment-1876\" class=\"wp-caption-text\">Stra\u00dfen von Rhodos-Stadt, Griechenland. Foto: PixMeta<\/figcaption><\/figure>\n<ul>\n<li style=\"font-weight: 400;\" aria-level=\"1\"><span style=\"font-weight: 400;\">Spazieren Sie \u00fcber die antike Akropolis von Lindos, deren Ruinen sich \u00fcber die gesamte K\u00fcstenlinie verteilen. <\/span><\/li>\n<li style=\"font-weight: 400;\" aria-level=\"1\"><span style=\"font-weight: 400;\">Verpassen Sie nicht den St. Paul&#8217;s Beach, einen Bilderbuchstrand mit reinem Wasser und goldgl\u00e4nzendem Sand.<\/span><\/li>\n<li style=\"font-weight: 400;\" aria-level=\"1\"><span style=\"font-weight: 400;\">Verw\u00f6hnen Sie Ihren K\u00f6rper mit den hei\u00dfen Quellen von Kalithea, die heilende Eigenschaften haben.<\/span><\/li>\n<li style=\"font-weight: 400;\" aria-level=\"1\"><span style=\"font-weight: 400;\">Erleben Sie die unvorstellbare Romantik im Tal der Schmetterlinge, das von Ende Juni bis Mitte August mit bunten Schmetterlingen gef\u00fcllt ist. <\/span><\/li>\n<li style=\"font-weight: 400;\" aria-level=\"1\"><span style=\"font-weight: 400;\">Genie\u00dfen Sie die Sch\u00f6nheit des Sonnenuntergangs bei einem Spaziergang durch die Altstadt von Rhodos.<\/span><\/li>\n<li style=\"font-weight: 400;\" aria-level=\"1\"><span style=\"font-weight: 400;\">Hier finden Sie das wundersch\u00f6ne Tsambika-Kloster, eine reinwei\u00dfe Kirche mit rotem Dach und einem fantastischen Blick auf die Berge. <\/span><\/li>\n<\/ul>\n<h3><span class=\"ez-toc-section\" id=\"Essen-wie-ein-Einheimischer-auf-Rhodos\"><\/span><b>Essen wie ein Einheimischer auf Rhodos<\/b><span class=\"ez-toc-section-end\"><\/span><\/h3>\n<ul>\n<li style=\"font-weight: 400;\" aria-level=\"1\"><span style=\"font-weight: 400;\">Die besten Meze gibt es im traditionellen Cafe Symi auf dem Neuen Markt.<\/span><\/li>\n<li style=\"font-weight: 400;\" aria-level=\"1\"><span style=\"font-weight: 400;\">Probieren Sie exklusive Gerichte, die im Noble Gourmet Restaurant auf die attraktivste Weise serviert werden.<\/span><\/li>\n<li style=\"font-weight: 400;\" aria-level=\"1\"><span style=\"font-weight: 400;\">Probieren Sie alle originalen lokalen K\u00f6stlichkeiten in Paraga, einem gem\u00fctlichen und nostalgischen Restaurant mit Holz\u00f6fen.<\/span><\/li>\n<li style=\"font-weight: 400;\" aria-level=\"1\"><span style=\"font-weight: 400;\">Hinter einer wundersch\u00f6nen Mauer eines venezianischen Geb\u00e4udes finden Sie einen malerischen Innenhof des Herrenhauses Marco Polo, inspiriert von Andalusien und S\u00fcdfrankreich.<\/span><\/li>\n<li style=\"font-weight: 400;\" aria-level=\"1\"><span style=\"font-weight: 400;\">Liebhaber von Meeresfr\u00fcchten werden von der F\u00fclle an Gerichten mit griechischen Aromen in Hatzikeli, einer Meeresfr\u00fcchte-Taverne, begeistert sein.<\/span><\/li>\n<\/ul>\n<h3><span class=\"ez-toc-section\" id=\"Unterkunft-auf-Rhodos\"><\/span><b>Unterkunft auf Rhodos<\/b><span class=\"ez-toc-section-end\"><\/span><\/h3>\n<figure id=\"attachment_1877\" aria-describedby=\"caption-attachment-1877\" style=\"width: 939px\" class=\"wp-caption alignnone\"><img decoding=\"async\" class=\"size-full wp-image-1877\" src=\"http:\/\/eurodirections.com\/wp-content\/uploads\/2022\/04\/lyndos-rhodes-greece.jpg\" alt=\"Strand von Lyndos Stadt, Insel Rhodos Griechenland\" width=\"939\" height=\"621\" srcset=\"https:\/\/eurodirections.com\/wp-content\/uploads\/2022\/04\/lyndos-rhodes-greece.jpg 939w, https:\/\/eurodirections.com\/wp-content\/uploads\/2022\/04\/lyndos-rhodes-greece-300x198.jpg 300w, https:\/\/eurodirections.com\/wp-content\/uploads\/2022\/04\/lyndos-rhodes-greece-768x508.jpg 768w, https:\/\/eurodirections.com\/wp-content\/uploads\/2022\/04\/lyndos-rhodes-greece-100x65.jpg 100w\" sizes=\"(max-width: 939px) 100vw, 939px\" \/><figcaption id=\"caption-attachment-1877\" class=\"wp-caption-text\">Strand von Lyndos Stadt, Insel Rhodos Griechenland. Bild von Photo-Week.net<\/figcaption><\/figure>\n<ul>\n<li style=\"font-weight: 400;\" aria-level=\"1\"><span style=\"font-weight: 400;\">Verwandeln Sie Ihren Urlaub in g\u00f6ttliche Momente im Nama Retreat, einem exquisiten 5-Sterne-Hotel.<\/span><\/li>\n<li style=\"font-weight: 400;\" aria-level=\"1\"><span style=\"font-weight: 400;\">Kolymbia Bay Art \u2013 4-Sterne-Resorthotel nur f\u00fcr Erwachsene, nur 2 Gehminuten vom Strand entfernt; eine ausgezeichnete Wahl f\u00fcr Ihren unvergesslichen Urlaub.<\/span><\/li>\n<li style=\"font-weight: 400;\" aria-level=\"1\"><span style=\"font-weight: 400;\">Ein internationales 3-Sterne-Hotel ist Ihre Wahl, wenn Sie Komfort zu einem vern\u00fcnftigen Preis w\u00fcnschen.<\/span><\/li>\n<li style=\"font-weight: 400;\" aria-level=\"1\"><span style=\"font-weight: 400;\">Das Stay Hostel ist als preisg\u00fcnstige Unterkunft ein ausgezeichneter Ort f\u00fcr Einzel- oder Gruppenreisen. <\/span><\/li>\n<li style=\"font-weight: 400;\" aria-level=\"1\"><span style=\"font-weight: 400;\">Entscheiden Sie sich f\u00fcr einen Aufenthalt in Lindos, dem Himmel auf Erden, im himmlisch bezaubernden F Charm Hotel \u2013 Nur f\u00fcr Erwachsene mit authentischer Atmosph\u00e4re.<\/span><\/li>\n<\/ul>\n<h3><span class=\"ez-toc-section\" id=\"Rhodos-Insel-Hotels-Karte-mit-Preisen\"><\/span>Rhodos Insel Hotels Karte mit Preisen<span class=\"ez-toc-section-end\"><\/span><\/h3>\n<p><script src=\"\/\/tp.media\/content?0=0&amp;1=10&amp;promo_id=4285&amp;shmarker=14350.rhodesmap&amp;campaign_id=101&amp;search_host=search.hotellook.com&amp;locale=en&amp;currency=eur&amp;draggable=true&amp;disable_zoom=false&amp;show_logo=false&amp;scrollwheel=false&amp;color=%23F56E14&amp;contrast_color=%23ffffff&amp;width=720&amp;height=500&amp;zoom=13&amp;radius=60&amp;stars=0%2C1%2C2%2C3%2C4%2C5&amp;price_from=&amp;price_to=&amp;lat=36.44288&amp;lng=28.22654\" charset=\"utf-8\"><\/script><\/p>\n<h3><span class=\"ez-toc-section\" id=\"Liste-der-Billigfluege-nach-Rhodos\"><\/span>Liste der Billigfl\u00fcge nach Rhodos<span class=\"ez-toc-section-end\"><\/span><\/h3>\n<p><script src=\"https:\/\/tp.media\/content?currency=eur&amp;promo_id=4044&amp;shmarker=14350&amp;campaign_id=100&amp;trs=147545&amp;target_host=air.eurodirections.com%2Fflights&amp;locale=en&amp;limit=12&amp;powered_by=false&amp;primary=%230085FF&amp;destination=RHO\" charset=\"utf-8\"><\/script><\/p>\n<p><a title=\"Alle Fl\u00fcge nach Rhodos\" href=\"https:\/\/eurodirections.com\/de\/fluege-nach-rhodos-griechenland\/\" target=\"_blank\" rel=\"noopener\">Durchsuchen Sie alle Direktfl\u00fcge nach Rhodos, Griechenland<\/a> \u2013 Vergleichen Sie die Preise von Flugtickets nach Rhodos auf sicheren Online-Buchungsplattformen und Reiseb\u00fcros.<\/p>\n<p><script type=\"application\/ld+json\">\n    {\n      \"@context\": \"https:\/\/schema.org\",\n      \"@type\": \"FAQPage\",\n      \"@id\" : \"#faq\",\n      \"url\" : \"https:\/\/www.eurodirections.com\/rhodes\/\",\n      \"name\" : \"Rhodes Travel FAQ\",\n      \"mainEntity\": [{\n        \"@type\": \"Question\",\n        \"name\": \"Things to do in Rhodes?\",\n        \"acceptedAnswer\": {\n          \"@type\": \"Answer\",\n          \"text\": \"The list of things not to miss in Rhodes:\nWander about the ancient Acropolis of Lindos with the ruins spread across the coastline. \nDon\u2019t miss out on St Paul\u2019s Beach, a picture-perfect beach with pure waters and glowing gold sand.\nTreat your body with Kalithea hot springs with curative properties.\nFill the unimaginable romance in the Valley of Butterflies filled with colorful butterflies from late June to mid-August. \nEmbrace the beauty of the sunset strolling about the Rhodes Old Town.\nFind a beautiful Tsambika Monastery, a pure white church with a red roof and a fantastic view of the mountains.\"\n        }\n      }, {\n        \"@type\": \"Question\",\n        \"name\": \"What to eat like a local in Rhodes?\",\n        \"acceptedAnswer\": {\n          \"@type\": \"Answer\",\n          \"text\": \"Eat and feel like a local in Rhodes:\nFind the best meze in the Traditional Cafe Symi located in the New Market.\nTry exclusive dishes served in the most attractive way in Noble Gourmet Restaurant.\nTaste all the original local delicacies in Paraga, a cozy and nostalgic restaurant with wood-fired ovens.\nBehind a beautiful wall of a Venetian building, you will find a picturesque courtyard of Marco Polo Mansion, inspired by Andalusia and Southern France.\nThe lovers of seafood will adore the abundance of dishes with Greek flavors in Hatzikeli, a seafood tavern.\"\n        }\n      }\n]\n    }\n<\/script><\/p>\n<p><script type=\"application\/ld+json\">\n{\n    \"@context\": \"http:\/\/schema.org\",\n    \"@type\": \"WebPage\",\n    \"name\": \"Rhodes bucket list\",\n    \"description\": \"Explore the bucket list of Rhodes island, Greece. Get to know what are the most authentic places, what restaurants to choose and what to do in Rhodes.\",\n    \"publisher\": {\n        \"@type\": \"WebPage\",\n        \"name\": \"Eurodirections.com\"\n    }\n}\n<\/script><\/p>\n<blockquote><p><strong>Lieben Sie Griechenland?<\/strong> Lesen Sie weiter \u00fcber <a title=\"Entdecken Sie Athen, Griechenland\" href=\"https:\/\/eurodirections.com\/athens\/\" data-schema-attribute=\"about\">Athen<\/a>, <a title=\"Bucket List von Patras, Griechenland\" href=\"https:\/\/eurodirections.com\/patras\/\" data-schema-attribute=\"about\">Patras<\/a> <a title=\"Thessaloniki-Eimerliste\" href=\"https:\/\/eurodirections.com\/thessaloniki\/\" data-schema-attribute=\"about\">, Thessaloniki<\/a>, <a title=\"Kavala Reisef\u00fchrer und Bucket List\" href=\"https:\/\/eurodirections.com\/kavala\/\" data-schema-attribute=\"about\">Kavala<\/a> und <a title=\"Liste der sch\u00f6nsten Orte in Heraklion, Kreta, Griechenland\" href=\"https:\/\/eurodirections.com\/heraklion\/\" data-schema-attribute=\"about\">Heraklion<\/a>.<br \/>\n<strong>Lesen Sie auch:<\/strong> <a title=\"\u00dcberblick \u00fcber 6 wundersch\u00f6ne St\u00e4dte in Griechenland\" href=\"https:\/\/eurodirections.com\/explore-cities-of-greece\/\" target=\"_blank\" rel=\"noopener\" data-schema-attribute=\"mentions\">6 wundersch\u00f6ne St\u00e4dte in Griechenland<\/a><\/p><\/blockquote>\n","protected":false},"excerpt":{"rendered":"<p>Rhodos erkunden: Bucket List f\u00fcr Touristen Rhodos ist die gr\u00f6\u00dfte der Dodekanes-Inseln und wird jedes Jahr von \u00fcber 2 Millionen Touristen besucht. Die atemberaubende griechische Insel schwimmt nicht nur und genie\u00dft die atemberaubende Natur, sondern auch eine UNESCO-gesch\u00fctzte Altstadt mit tausendj\u00e4hriger Geschichte, Architektur und 100 weiteren Gr\u00fcnden, Rhodos zu besuchen. Siehe auch: Wissen Sie, welches [&hellip;]<\/p>\n","protected":false},"author":1,"featured_media":3556,"parent":0,"menu_order":0,"comment_status":"closed","ping_status":"closed","template":"","meta":{"footnotes":""},"class_list":["post-16054","page","type-page","status-publish","has-post-thumbnail","hentry"],"_links":{"self":[{"href":"https:\/\/eurodirections.com\/de\/wp-json\/wp\/v2\/pages\/16054","targetHints":{"allow":["GET"]}}],"collection":[{"href":"https:\/\/eurodirections.com\/de\/wp-json\/wp\/v2\/pages"}],"about":[{"href":"https:\/\/eurodirections.com\/de\/wp-json\/wp\/v2\/types\/page"}],"author":[{"embeddable":true,"href":"https:\/\/eurodirections.com\/de\/wp-json\/wp\/v2\/users\/1"}],"replies":[{"embeddable":true,"href":"https:\/\/eurodirections.com\/de\/wp-json\/wp\/v2\/comments?post=16054"}],"version-history":[{"count":0,"href":"https:\/\/eurodirections.com\/de\/wp-json\/wp\/v2\/pages\/16054\/revisions"}],"wp:featuredmedia":[{"embeddable":true,"href":"https:\/\/eurodirections.com\/de\/wp-json\/wp\/v2\/media\/3556"}],"wp:attachment":[{"href":"https:\/\/eurodirections.com\/de\/wp-json\/wp\/v2\/media?parent=16054"}],"curies":[{"name":"wp","href":"https:\/\/api.w.org\/{rel}","templated":true}]}}