{"id":14704,"date":"2022-04-24T11:10:42","date_gmt":"2022-04-24T11:10:42","guid":{"rendered":"https:\/\/eurodirections.com\/mailand-bucket-list-reisefuehrer\/"},"modified":"2023-02-05T19:41:52","modified_gmt":"2023-02-05T19:41:52","slug":"reisefuhrer-mailand-bucketlist","status":"publish","type":"page","link":"https:\/\/eurodirections.com\/de\/reisefuhrer-mailand-bucketlist\/","title":{"rendered":"Mailand Bucket List &#038; Reisef\u00fchrer"},"content":{"rendered":"<div id=\"ez-toc-container\" class=\"ez-toc-v2_0_82_2 counter-hierarchy ez-toc-counter ez-toc-grey ez-toc-container-direction\">\n<div class=\"ez-toc-title-container\">\n<p class=\"ez-toc-title\" style=\"cursor:inherit\">Table of Contents<\/p>\n<span class=\"ez-toc-title-toggle\"><a href=\"#\" class=\"ez-toc-pull-right ez-toc-btn ez-toc-btn-xs ez-toc-btn-default ez-toc-toggle\" aria-label=\"Toggle Table of Content\"><span class=\"ez-toc-js-icon-con\"><span class=\"\"><span class=\"eztoc-hide\" style=\"display:none;\">Toggle<\/span><span class=\"ez-toc-icon-toggle-span\"><svg style=\"fill: #999;color:#999\" xmlns=\"http:\/\/www.w3.org\/2000\/svg\" class=\"list-377408\" width=\"20px\" height=\"20px\" viewBox=\"0 0 24 24\" fill=\"none\"><path d=\"M6 6H4v2h2V6zm14 0H8v2h12V6zM4 11h2v2H4v-2zm16 0H8v2h12v-2zM4 16h2v2H4v-2zm16 0H8v2h12v-2z\" fill=\"currentColor\"><\/path><\/svg><svg style=\"fill: #999;color:#999\" class=\"arrow-unsorted-368013\" xmlns=\"http:\/\/www.w3.org\/2000\/svg\" width=\"10px\" height=\"10px\" viewBox=\"0 0 24 24\" version=\"1.2\" baseProfile=\"tiny\"><path d=\"M18.2 9.3l-6.2-6.3-6.2 6.3c-.2.2-.3.4-.3.7s.1.5.3.7c.2.2.4.3.7.3h11c.3 0 .5-.1.7-.3.2-.2.3-.5.3-.7s-.1-.5-.3-.7zM5.8 14.7l6.2 6.3 6.2-6.3c.2-.2.3-.5.3-.7s-.1-.5-.3-.7c-.2-.2-.4-.3-.7-.3h-11c-.3 0-.5.1-.7.3-.2.2-.3.5-.3.7s.1.5.3.7z\"\/><\/svg><\/span><\/span><\/span><\/a><\/span><\/div>\n<nav><ul class='ez-toc-list ez-toc-list-level-1 eztoc-toggle-hide-by-default' ><li class='ez-toc-page-1 ez-toc-heading-level-2'><a class=\"ez-toc-link ez-toc-heading-1\" href=\"https:\/\/eurodirections.com\/de\/reisefuhrer-mailand-bucketlist\/#Mailand-Bucket-List-und-Reiseinformationen\" >Mailand Bucket List und Reiseinformationen<\/a><ul class='ez-toc-list-level-3' ><li class='ez-toc-heading-level-3'><a class=\"ez-toc-link ez-toc-heading-2\" href=\"https:\/\/eurodirections.com\/de\/reisefuhrer-mailand-bucketlist\/#Was-man-in-Mailand-nicht-verpassen-sollte\" >Was man in Mailand nicht verpassen sollte<\/a><ul class='ez-toc-list-level-4' ><li class='ez-toc-heading-level-4'><a class=\"ez-toc-link ez-toc-heading-3\" href=\"https:\/\/eurodirections.com\/de\/reisefuhrer-mailand-bucketlist\/#Die-17-besten-Dinge-die-man-in-Mailand-tun-kann-Videoanleitung\" >Die 17 besten Dinge, die man in Mailand tun kann (Videoanleitung)<\/a><\/li><\/ul><\/li><li class='ez-toc-page-1 ez-toc-heading-level-3'><a class=\"ez-toc-link ez-toc-heading-4\" href=\"https:\/\/eurodirections.com\/de\/reisefuhrer-mailand-bucketlist\/#Essen-wie-ein-Einheimischer-in-Mailand\" >Essen wie ein Einheimischer in Mailand<\/a><\/li><li class='ez-toc-page-1 ez-toc-heading-level-3'><a class=\"ez-toc-link ez-toc-heading-5\" href=\"https:\/\/eurodirections.com\/de\/reisefuhrer-mailand-bucketlist\/#Wo-man-in-Mailand-wohnen-kann\" >Wo man in Mailand wohnen kann<\/a><\/li><li class='ez-toc-page-1 ez-toc-heading-level-3'><a class=\"ez-toc-link ez-toc-heading-6\" href=\"https:\/\/eurodirections.com\/de\/reisefuhrer-mailand-bucketlist\/#Mailand-Hotels-Karte-mit-Preisen\" >Mailand Hotels Karte mit Preisen<\/a><\/li><li class='ez-toc-page-1 ez-toc-heading-level-3'><a class=\"ez-toc-link ez-toc-heading-7\" href=\"https:\/\/eurodirections.com\/de\/reisefuhrer-mailand-bucketlist\/#Liste-der-Billigfluege-nach-Mailand\" >Liste der Billigfl\u00fcge nach Mailand<\/a><\/li><\/ul><\/li><\/ul><\/nav><\/div>\n<h2><span class=\"ez-toc-section\" id=\"Mailand-Bucket-List-und-Reiseinformationen\"><\/span><b>Mailand Bucket List und Reiseinformationen<\/b><span class=\"ez-toc-section-end\"><\/span><\/h2>\n<p><span style=\"font-weight: 400;\">Mailand ist mit 1,3 Millionen Einwohnern in der Metropolregion und 3,2 Millionen in der weiteren Umgebung die am dichtesten besiedelte Stadt Italiens. Heute bietet die Stadt eine atemberaubende Mischung aus historischen Geb\u00e4uden und Wolkenkratzern und einer Prise italienischer Kultur. Der atemberaubende Dom und die F\u00fclle an hochwertigen Modegesch\u00e4ften sind einige der bemerkenswertesten Attraktionen der Stadt. <\/span><\/p>\n<p><span style=\"font-weight: 400;\">Mailand bietet einige wunderbare M\u00f6glichkeiten, sich dem Leben in der Haute Couture hinzugeben, aber es hat auch eine wunderbare Auswahl an eher traditionellen touristischen Aktivit\u00e4ten zu bieten. <\/span><\/p>\n<h3><span class=\"ez-toc-section\" id=\"Was-man-in-Mailand-nicht-verpassen-sollte\"><\/span><b>Was man in Mailand nicht verpassen sollte<\/b><span class=\"ez-toc-section-end\"><\/span><\/h3>\n<ul>\n<li style=\"font-weight: 400;\" aria-level=\"1\"><span style=\"font-weight: 400;\">Besuchen <strong>Sie die gotische Kirche Santa Maria Delle Grazie<\/strong>, das Geb\u00e4ude aus der Fr\u00fchrenaissance, in dem Leonardo da Vincis Letztes Abendmahl aufbewahrt wird.<\/span><\/li>\n<li style=\"font-weight: 400;\" aria-level=\"1\"><span style=\"font-weight: 400;\">Schlendern <strong>Sie durch die gro\u00dfe Galleria Vittorio Emanuele II<\/strong>, die gr\u00f6\u00dfte Einkaufspassage Europas.<\/span><\/li>\n<li style=\"font-weight: 400;\" aria-level=\"1\"><span style=\"font-weight: 400;\">Genie\u00dfen Sie Ihren Abend und die Lichter der Stadt in <strong>Naviglio<\/strong>, einem Viertel mit Restaurants, Caf\u00e9s und h\u00e4ufigen Festivals.<\/span><\/li>\n<li style=\"font-weight: 400;\" aria-level=\"1\"><span style=\"font-weight: 400;\">Nachdem Sie die Museen erkundet haben, begeben Sie sich zum <strong>Parco Sempione<\/strong>, einem Park im englischen Stil in \u00fcppigem Gr\u00fcn mit gepflegten Wegen.<\/span><\/li>\n<li style=\"font-weight: 400;\" aria-level=\"1\"><span style=\"font-weight: 400;\">Fordern Sie Ihr Kreditkartenlimit heraus im <strong>Quadrilatero Della Moda<\/strong>, Mailands High-Fashion-Einkaufsviertel. <\/span><\/li>\n<\/ul>\n<h4><span class=\"ez-toc-section\" id=\"Die-17-besten-Dinge-die-man-in-Mailand-tun-kann-Videoanleitung\"><\/span>Die 17 besten Dinge, die man in Mailand tun kann (Videoanleitung)<span class=\"ez-toc-section-end\"><\/span><\/h4>\n<p><iframe title=\"YouTube-Videoplayer\" src=\"about:blank\" width=\"560\" height=\"315\" frameborder=\"0\" allowfullscreen=\"allowfullscreen\" class=\"lazyload\" data-src=\"https:\/\/www.youtube.com\/embed\/UEAwYCNdhjA\"><\/iframe><\/p>\n<h3><span class=\"ez-toc-section\" id=\"Essen-wie-ein-Einheimischer-in-Mailand\"><\/span><b>Essen wie ein Einheimischer in Mailand<\/b><span class=\"ez-toc-section-end\"><\/span><\/h3>\n<ul>\n<li style=\"font-weight: 400;\" aria-level=\"1\"><span style=\"font-weight: 400;\">Beginnen Sie Ihren Tag mit einem Kaffee und gef\u00fcllten Croissants im <strong>Panettoni Giovanni Cova &amp; C<\/strong>.<\/span><\/li>\n<li style=\"font-weight: 400;\" aria-level=\"1\"><span style=\"font-weight: 400;\">Besuchen Sie <strong>Il Solferino<\/strong> auf der Suche nach lokalen Gerichten und unvorstellbaren Geschm\u00e4ckern der lombardischen Spezialit\u00e4ten.<\/span><\/li>\n<li style=\"font-weight: 400;\" aria-level=\"1\"><span style=\"font-weight: 400;\">Probieren Sie die beste Pizza im <strong>Berber\u00e8<\/strong>, einem beliebten Spitzenrestaurant mit fantastischer Pizza in Mailand.<\/span><\/li>\n<li style=\"font-weight: 400;\" aria-level=\"1\"><span style=\"font-weight: 400;\">Nehmen Sie einen schnellen Imbiss bei <strong>Panini De Santis<\/strong> ein, einem gem\u00fctlichen Lokal, das hervorragende Panini serviert. <\/span><\/li>\n<li style=\"font-weight: 400;\" aria-level=\"1\"><span style=\"font-weight: 400;\">Machen Sie einen B\u00e4ckerei- und Konditoreibesuch in Mailand und beginnen Sie mit <strong>Marchesi 1824<\/strong>.<\/span><\/li>\n<\/ul>\n<h3><span class=\"ez-toc-section\" id=\"Wo-man-in-Mailand-wohnen-kann\"><\/span><b>Wo man in Mailand wohnen kann<\/b><span class=\"ez-toc-section-end\"><\/span><\/h3>\n<ul>\n<li style=\"font-weight: 400;\" aria-level=\"1\"><span style=\"font-weight: 400;\"><strong>Das Excelsior Hotel Gallia<\/strong>, ein 5-Sterne-Hotel der Luxury Collection, ist Ihre au\u00dfergew\u00f6hnliche Wahl in Mailand f\u00fcr einen unvergesslichen Aufenthalt.<\/span><\/li>\n<li style=\"font-weight: 400;\" aria-level=\"1\"><span style=\"font-weight: 400;\"><strong>Milano Verticale | UNA Esperienze<\/strong> ist eine gute Wahl im Zentrum, um den Komfort eines 4-Sterne-Hotels zu genie\u00dfen.<\/span><\/li>\n<li style=\"font-weight: 400;\" aria-level=\"1\"><span style=\"font-weight: 400;\">F\u00fchlen Sie sich im <strong>3-Sterne-Hotel AI SUMA<\/strong> wie zu Hause, nur wenige Schritte von der U-Bahn-Station Porta Venezia entfernt.<\/span><\/li>\n<li style=\"font-weight: 400;\" aria-level=\"1\"><span style=\"font-weight: 400;\">Holen Sie sich eine erschwingliche Unterkunft wie das <strong>YellowSquare Milan<\/strong> Hostel und genie\u00dfen Sie die Stadt mit Ihrem Budget.<\/span><\/li>\n<li style=\"font-weight: 400;\" aria-level=\"1\"><span style=\"font-weight: 400;\">Genie\u00dfen Sie die Sch\u00f6nheit des Skigebiets von <strong>Champoluc<\/strong> und \u00fcbernachten Sie im <strong>Hotel L&#8217;espoir<\/strong>.<\/span><\/li>\n<\/ul>\n<h3><span class=\"ez-toc-section\" id=\"Mailand-Hotels-Karte-mit-Preisen\"><\/span>Mailand Hotels Karte mit Preisen<span class=\"ez-toc-section-end\"><\/span><\/h3>\n<p><script src=\"\/\/tp.media\/content?0=0&amp;1=10&amp;promo_id=4285&amp;shmarker=14350&amp;campaign_id=101&amp;search_host=air.eurodirections.com%2Fhotels&amp;locale=en&amp;currency=eur&amp;draggable=true&amp;disable_zoom=false&amp;show_logo=false&amp;scrollwheel=false&amp;color=%23F56E14&amp;contrast_color=%23ffffff&amp;width=720&amp;height=500&amp;zoom=13&amp;radius=60&amp;stars=0%2C1%2C2%2C3%2C4%2C5&amp;price_from=&amp;price_to=&amp;lat=45.464102&amp;lng=9.189554\" charset=\"utf-8\"><\/script><\/p>\n<h3><span class=\"ez-toc-section\" id=\"Liste-der-Billigfluege-nach-Mailand\"><\/span>Liste der Billigfl\u00fcge nach Mailand<span class=\"ez-toc-section-end\"><\/span><\/h3>\n<p><script src=\"\/\/tp.media\/content?currency=eur&amp;promo_id=4044&amp;shmarker=14350&amp;campaign_id=100&amp;trs=147545&amp;target_host=air.eurodirections.com%2Fflights&amp;locale=en&amp;limit=12&amp;powered_by=false&amp;secondary=%230085FF&amp;destination=MIL\" charset=\"utf-8\"><\/script><\/p>\n<hr \/>\n<p><strong>Weitere<\/strong> Bucket Lists f\u00fcr \ud83c\uddee\ud83c\uddf9 Italien <strong>finden Sie<\/strong> hier: <a title=\"Erkunden Sie Venedig, Italien\" href=\"https:\/\/eurodirections.com\/venice\/\" data-schema-attribute=\"about\">Venedig<\/a>, <a title=\"Rom-Eimerliste\" href=\"https:\/\/eurodirections.com\/rome\" data-schema-attribute=\"about\">Rom<\/a>, <a title=\"Mialn Eimer Liste\" href=\"https:\/\/eurodirections.com\/milan\/\" data-schema-attribute=\"about\">Mailand<\/a>, <a title=\"Genua-Entdecker\" href=\"https:\/\/eurodirections.com\/genoa\/\" data-schema-attribute=\"about\">Genua<\/a><br \/>\n<a title=\"Verzeichnis der Billigfl\u00fcge nach Mailand\" href=\"https:\/\/eurodirections.com\/de\/alle-fluege-nach-mailand\/\" target=\"_blank\" rel=\"noopener\">Vergleichen Sie alle Fl\u00fcge nach Mailand<\/a>, um g\u00fcnstige Flugtickets von Reiseb\u00fcros zu finden.<\/p>\n<p><script type=\"application\/ld+json\">\n    {\n      \"@context\": \"https:\/\/schema.org\",\n      \"@type\": \"FAQPage\",\n      \"@id\" : \"#faq\",\n      \"url\" : \"https:\/\/www.eurodirections.com\/milan\/\",\n      \"name\" : \"Milan Travel FAQ\",\n      \"mainEntity\": [{\n        \"@type\": \"Question\",\n        \"name\": \"Things to do in Milan?\",\n        \"acceptedAnswer\": {\n          \"@type\": \"Answer\",\n          \"text\": \"The list of things not to miss in Milan:\nVisit the Gothic church of Santa Maria Delle Grazie, the Early Renaissance building that holds Leonardo da Vinci\u2019s Last Supper.\nWander about the grand Galleria Vittorio Emanuele II, the largest shopping arcade in Europe.\nEnjoy your evening and city lights in Naviglio, a district with restaurants, cafes, and frequent festivals.\nAfter exploring museums, head to Parco Sempione, an English-style park in lush green with neat paths.\nChallenge your credit card limit in the Quadrilatero Della Moda, Milan\u2019s high fashion shopping district.\"\n        }\n      }, {\n        \"@type\": \"Question\",\n        \"name\": \"What to eat like a local in Milan?\",\n        \"acceptedAnswer\": {\n          \"@type\": \"Answer\",\n          \"text\": \"Eat and feel like a local in Milan:\nStart your day with a coffee and stuffed croissants in Panettoni Giovanni Cova & C.\nVisit Il Solferino in search of local dishes and unimaginable flavors of the Lombardy specialties.\nTaste the best pizza in Berber\u00e8, a top popular restaurant with fantastic pizza in Milan.\nHave a quick snack at Panini De Santis, a cozy spot serving amazing panini. \nTake a bakery and pastry shop crawling in Milan and start with Marchesi 1824.\"\n        }\n      }\n]\n    }\n<\/script><\/p>\n<p><script type=\"application\/ld+json\">\n{\n    \"@context\": \"http:\/\/schema.org\",\n    \"@type\": \"WebPage\",\n    \"name\": \"Milan bucket list\",\n    \"description\": \"Explore Milan's top sights, don't miss the best places and local dishes with Milan bucket list traveler guide. Find the best choices for flights and accommodation in Milan, Italy.\",\n    \"publisher\": {\n        \"@type\": \"WebPage\",\n        \"name\": \"Eurodirections.com\"\n    }\n}\n<\/script><\/p>\n","protected":false},"excerpt":{"rendered":"<p>Mailand Bucket List und Reiseinformationen Mailand ist mit 1,3 Millionen Einwohnern in der Metropolregion und 3,2 Millionen in der weiteren Umgebung die am dichtesten besiedelte Stadt Italiens. Heute bietet die Stadt eine atemberaubende Mischung aus historischen Geb\u00e4uden und Wolkenkratzern und einer Prise italienischer Kultur. Der atemberaubende Dom und die F\u00fclle an hochwertigen Modegesch\u00e4ften sind einige [&hellip;]<\/p>\n","protected":false},"author":4,"featured_media":3577,"parent":0,"menu_order":0,"comment_status":"closed","ping_status":"closed","template":"","meta":{"footnotes":""},"class_list":["post-14704","page","type-page","status-publish","has-post-thumbnail","hentry"],"_links":{"self":[{"href":"https:\/\/eurodirections.com\/de\/wp-json\/wp\/v2\/pages\/14704","targetHints":{"allow":["GET"]}}],"collection":[{"href":"https:\/\/eurodirections.com\/de\/wp-json\/wp\/v2\/pages"}],"about":[{"href":"https:\/\/eurodirections.com\/de\/wp-json\/wp\/v2\/types\/page"}],"author":[{"embeddable":true,"href":"https:\/\/eurodirections.com\/de\/wp-json\/wp\/v2\/users\/4"}],"replies":[{"embeddable":true,"href":"https:\/\/eurodirections.com\/de\/wp-json\/wp\/v2\/comments?post=14704"}],"version-history":[{"count":0,"href":"https:\/\/eurodirections.com\/de\/wp-json\/wp\/v2\/pages\/14704\/revisions"}],"wp:featuredmedia":[{"embeddable":true,"href":"https:\/\/eurodirections.com\/de\/wp-json\/wp\/v2\/media\/3577"}],"wp:attachment":[{"href":"https:\/\/eurodirections.com\/de\/wp-json\/wp\/v2\/media?parent=14704"}],"curies":[{"name":"wp","href":"https:\/\/api.w.org\/{rel}","templated":true}]}}