{"id":12693,"date":"2022-04-26T15:13:09","date_gmt":"2022-04-26T15:13:09","guid":{"rendered":"https:\/\/eurodirections.com\/larnaca-erkunden-bucket-list-fuer-touristen\/"},"modified":"2023-01-21T21:02:22","modified_gmt":"2023-01-21T21:02:22","slug":"larnaca-reise","status":"publish","type":"page","link":"https:\/\/eurodirections.com\/de\/larnaca-reise\/","title":{"rendered":"Larnaca erkunden: Bucket List f\u00fcr Touristen"},"content":{"rendered":"<div id=\"ez-toc-container\" class=\"ez-toc-v2_0_82_2 counter-hierarchy ez-toc-counter ez-toc-grey ez-toc-container-direction\">\n<div class=\"ez-toc-title-container\">\n<p class=\"ez-toc-title\" style=\"cursor:inherit\">Table of Contents<\/p>\n<span class=\"ez-toc-title-toggle\"><a href=\"#\" class=\"ez-toc-pull-right ez-toc-btn ez-toc-btn-xs ez-toc-btn-default ez-toc-toggle\" aria-label=\"Toggle Table of Content\"><span class=\"ez-toc-js-icon-con\"><span class=\"\"><span class=\"eztoc-hide\" style=\"display:none;\">Toggle<\/span><span class=\"ez-toc-icon-toggle-span\"><svg style=\"fill: #999;color:#999\" xmlns=\"http:\/\/www.w3.org\/2000\/svg\" class=\"list-377408\" width=\"20px\" height=\"20px\" viewBox=\"0 0 24 24\" fill=\"none\"><path d=\"M6 6H4v2h2V6zm14 0H8v2h12V6zM4 11h2v2H4v-2zm16 0H8v2h12v-2zM4 16h2v2H4v-2zm16 0H8v2h12v-2z\" fill=\"currentColor\"><\/path><\/svg><svg style=\"fill: #999;color:#999\" class=\"arrow-unsorted-368013\" xmlns=\"http:\/\/www.w3.org\/2000\/svg\" width=\"10px\" height=\"10px\" viewBox=\"0 0 24 24\" version=\"1.2\" baseProfile=\"tiny\"><path d=\"M18.2 9.3l-6.2-6.3-6.2 6.3c-.2.2-.3.4-.3.7s.1.5.3.7c.2.2.4.3.7.3h11c.3 0 .5-.1.7-.3.2-.2.3-.5.3-.7s-.1-.5-.3-.7zM5.8 14.7l6.2 6.3 6.2-6.3c.2-.2.3-.5.3-.7s-.1-.5-.3-.7c-.2-.2-.4-.3-.7-.3h-11c-.3 0-.5.1-.7.3-.2.2-.3.5-.3.7s.1.5.3.7z\"\/><\/svg><\/span><\/span><\/span><\/a><\/span><\/div>\n<nav><ul class='ez-toc-list ez-toc-list-level-1 eztoc-toggle-hide-by-default' ><li class='ez-toc-page-1 ez-toc-heading-level-2'><a class=\"ez-toc-link ez-toc-heading-1\" href=\"https:\/\/eurodirections.com\/de\/larnaca-reise\/#Larnaca-Eimer-Liste\" >Larnaca Eimer Liste<\/a><\/li><li class='ez-toc-page-1 ez-toc-heading-level-2'><a class=\"ez-toc-link ez-toc-heading-2\" href=\"https:\/\/eurodirections.com\/de\/larnaca-reise\/#Was-man-in-Larnaca-nicht-verpassen-sollte\" >Was man in Larnaca nicht verpassen sollte<\/a><ul class='ez-toc-list-level-3' ><li class='ez-toc-heading-level-3'><a class=\"ez-toc-link ez-toc-heading-3\" href=\"https:\/\/eurodirections.com\/de\/larnaca-reise\/#Essen-wie-ein-Einheimischer-in-Larnaca\" >Essen wie ein Einheimischer in Larnaca<\/a><\/li><li class='ez-toc-page-1 ez-toc-heading-level-3'><a class=\"ez-toc-link ez-toc-heading-4\" href=\"https:\/\/eurodirections.com\/de\/larnaca-reise\/#Unterkunft-in-Larnaca\" >Unterkunft in Larnaca<\/a><\/li><li class='ez-toc-page-1 ez-toc-heading-level-3'><a class=\"ez-toc-link ez-toc-heading-5\" href=\"https:\/\/eurodirections.com\/de\/larnaca-reise\/#Larnaca-Hotelpreise-und-Hotelkarte\" >Larnaca Hotelpreise und Hotelkarte<\/a><\/li><li class='ez-toc-page-1 ez-toc-heading-level-3'><a class=\"ez-toc-link ez-toc-heading-6\" href=\"https:\/\/eurodirections.com\/de\/larnaca-reise\/#Larnaca-Billigfluege\" >Larnaca Billigfl\u00fcge<\/a><\/li><\/ul><\/li><\/ul><\/nav><\/div>\n<h2><span class=\"ez-toc-section\" id=\"Larnaca-Eimer-Liste\"><\/span><b>Larnaca Eimer Liste<\/b><span class=\"ez-toc-section-end\"><\/span><\/h2>\n<p><span style=\"font-weight: 400;\">Der f\u00fchrende Badeort Zyperns, Larnaca, wird j\u00e4hrlich von Millionen von Touristen besucht, die auf der Suche nach perfekten Str\u00e4nden, mediterraner Romantik, gutem Essen und Kultur sind. Wenn Sie Larnaca als Ihr Ziel in Europa ausgew\u00e4hlt haben, nehmen Sie sich Zeit, um all die Wunder, historischen Orte, Gesch\u00e4fte und mehr zu genie\u00dfen. <\/span><\/p>\n<h2><span class=\"ez-toc-section\" id=\"Was-man-in-Larnaca-nicht-verpassen-sollte\"><\/span><b>Was man in Larnaca nicht verpassen sollte<\/b><span class=\"ez-toc-section-end\"><\/span><\/h2>\n<ul>\n<li style=\"font-weight: 400;\" aria-level=\"1\"><span style=\"font-weight: 400;\">Besuchen Sie das beliebteste und wichtigste historische Wahrzeichen von Larnaca, die Kirche des Heiligen Lazarus aus dem 9. Jahrhundert.<\/span><\/li>\n<li style=\"font-weight: 400;\" aria-level=\"1\"><span style=\"font-weight: 400;\">Genie\u00dfen Sie die warme Sonne und das erfrischende Meer am Strand von Finikoudes, dem Hauptstrand der Stadt mit Palmen, Strandcaf\u00e9s und Bars an der Promenade.<\/span><\/li>\n<li style=\"font-weight: 400;\" aria-level=\"1\"><span style=\"font-weight: 400;\">Machen Sie eine Tour zu einem weiteren historischen Wahrzeichen, dem Kamares-Aqu\u00e4dukt, mit urspr\u00fcnglich 75 B\u00f6gen, von denen nur 33 \u00fcberlebt haben.<\/span><\/li>\n<li style=\"font-weight: 400;\" aria-level=\"1\"><span style=\"font-weight: 400;\">Holen Sie sich das Gef\u00fchl des traditionellen zypriotischen Lebens in Lefkara, einem kleinen Dorf in der N\u00e4he von Larnaca mit engen Gassen und authentischer Architektur.<\/span><\/li>\n<li style=\"font-weight: 400;\" aria-level=\"1\"><span style=\"font-weight: 400;\">Besuchen Sie f\u00fcr Wintertouren den zweitgr\u00f6\u00dften Salzsee, der sich im Winter mit Wasser f\u00fcllt, Zugv\u00f6gel und vor allem Flamingos anzieht und den See rosa f\u00e4rbt. <\/span><\/li>\n<\/ul>\n<h3><span class=\"ez-toc-section\" id=\"Essen-wie-ein-Einheimischer-in-Larnaca\"><\/span><b>Essen wie ein Einheimischer in Larnaca<\/b><span class=\"ez-toc-section-end\"><\/span><\/h3>\n<ul>\n<li style=\"font-weight: 400;\" aria-level=\"1\"><span style=\"font-weight: 400;\">Besuchen Sie die Grada Tavern, um die besten Mezes und gro\u00dfe Portionen zu probieren.<\/span><\/li>\n<li style=\"font-weight: 400;\" aria-level=\"1\"><span style=\"font-weight: 400;\">Genie\u00dfen Sie das sch\u00f6ne Interieur und gutes Essen im Art Cafe 1900 mit traditioneller zypriotischer K\u00fcche und Bier.<\/span><\/li>\n<li style=\"font-weight: 400;\" aria-level=\"1\"><span style=\"font-weight: 400;\">In der traditionellen Taverne To Kazani mit gem\u00fctlicher Atmosph\u00e4re, karierten Tischdecken und Pflanzen finden Sie traditionelle Gerichte aus dem Nahen Osten.<\/span><\/li>\n<li style=\"font-weight: 400;\" aria-level=\"1\"><span style=\"font-weight: 400;\">Probieren Sie frische Meeresfr\u00fcchte und traditionelles Fast Food im Lambros Fish &amp; Chips.<\/span><\/li>\n<li style=\"font-weight: 400;\" aria-level=\"1\"><span style=\"font-weight: 400;\">F\u00fcr die mediterranen und libanesischen Aromen gehen Sie zum Maqam Al Sultan und probieren Sie Meze-Gerichte, frisches Brot und gew\u00fcrztes Fleisch.<\/span><\/li>\n<\/ul>\n<h3><span class=\"ez-toc-section\" id=\"Unterkunft-in-Larnaca\"><\/span><b>Unterkunft in Larnaca<\/b><span class=\"ez-toc-section-end\"><\/span><\/h3>\n<ul>\n<li style=\"font-weight: 400;\" aria-level=\"1\"><span style=\"font-weight: 400;\">Genie\u00dfen Sie die beeindruckende Aussicht und den luxuri\u00f6sen Service in einem 5-Sterne-Hotel Radisson Blu, Larnaca.<\/span><\/li>\n<li style=\"font-weight: 400;\" aria-level=\"1\"><span style=\"font-weight: 400;\">Entspannen Sie sich im gro\u00dfen Au\u00dfenpool des 4-Sterne-Hotels The Quality Lodge, BW Premier Collection in Larnaca.<\/span><\/li>\n<li style=\"font-weight: 400;\" aria-level=\"1\"><span style=\"font-weight: 400;\">Das 3-Sterne-Hotel La Veranda liegt nur 3 Gehminuten vom Strand entfernt und ist ein wunderbarer Ort, um Komfort zu einem g\u00fcnstigen Preis zu genie\u00dfen.<\/span><\/li>\n<li style=\"font-weight: 400;\" aria-level=\"1\"><span style=\"font-weight: 400;\">Die Herberge Le Mat liegt in der Altstadt und ist ein gem\u00fctlicher, authentischer Ort, um die Tage in Larnaca zu verbringen. <\/span><\/li>\n<li style=\"font-weight: 400;\" aria-level=\"1\"><span style=\"font-weight: 400;\">Reisen Sie von Larnaca nach Ayia Napa, um die faszinierende Aussicht auf die K\u00fcste zu genie\u00dfen, und \u00fcbernachten Sie im Limanaki Beach Hotel &amp; Suites.<\/span><\/li>\n<\/ul>\n<h3><span class=\"ez-toc-section\" id=\"Larnaca-Hotelpreise-und-Hotelkarte\"><\/span>Larnaca Hotelpreise und Hotelkarte<span class=\"ez-toc-section-end\"><\/span><\/h3>\n<p><script src=\"\/\/tp.media\/content?0=0&amp;1=10&amp;promo_id=4285&amp;shmarker=14350&amp;campaign_id=101&amp;search_host=search.hotellook.com&amp;locale=ru&amp;currency=usd&amp;draggable=true&amp;disable_zoom=false&amp;show_logo=false&amp;scrollwheel=false&amp;color=%2321C6FD&amp;contrast_color=%23ffffff&amp;width=720&amp;height=500&amp;zoom=14&amp;radius=60&amp;stars=0%2C1%2C2%2C3%2C4%2C5&amp;price_from=&amp;price_to=&amp;lat=34.91667&amp;lng=33.62917\" charset=\"utf-8\"><\/script><\/p>\n<h3><span class=\"ez-toc-section\" id=\"Larnaca-Billigfluege\"><\/span>Larnaca Billigfl\u00fcge<span class=\"ez-toc-section-end\"><\/span><\/h3>\n<p><script src=\"\/\/tp.media\/content?currency=eur&amp;promo_id=4044&amp;shmarker=14350&amp;campaign_id=100&amp;trs=147545&amp;target_host=air.eurodirections.com%2Fflights&amp;locale=de&amp;limit=14&amp;powered_by=false&amp;secondary=%2348A4F9&amp;destination=LCA\" charset=\"utf-8\"><span data-mce-type=\"bookmark\" style=\"display: inline-block; width: 0px; overflow: hidden; line-height: 0;\" class=\"mce_SELRES_start\">\ufeff<\/span><\/script><\/p>\n<p>Wir haben eine eigenst\u00e4ndige <a title=\"Fliegen Sie Larnaca\" href=\"https:\/\/flylarnaca.com\" target=\"_blank\" rel=\"noopener\">Seite f\u00fcr vollst\u00e4ndige Informationen \u00fcber Larnaka<\/a> und einen g\u00fcnstigen <a title=\"Fl\u00fcge nach Larnaka\" href=\"https:\/\/eurodirections.com\/larnaca-flights\/\" target=\"_blank\" rel=\"noopener\">Flugkalender f\u00fcr Reisen nach Larnaka.<\/a><\/p>\n<p><script type=\"application\/ld+json\">\n    {\n      \"@context\": \"https:\/\/schema.org\",\n      \"@type\": \"FAQPage\",\n      \"@id\" : \"#faq\",\n      \"url\" : \"https:\/\/www.eurodirections.com\/larnaca\/\",\n      \"name\" : \"Larnaca Travel FAQ\",\n      \"mainEntity\": [{\n        \"@type\": \"Question\",\n        \"name\": \"Things to do in Larnaca?\",\n        \"acceptedAnswer\": {\n          \"@type\": \"Answer\",\n          \"text\": \"The list of things not to miss in Larnaca:\nVisit the most popular and the most important historic landmark of Larnaca, the 9th-century church of Saint Lazarus.\nEnjoy the warm sun and refreshing sea on Finikoudes Beach, the main city beach with palm trees, beach cafes, and bars on the promenade.\nTake a tour to another historic landmark, the Kamares Aqueduct, with initially 75 arches that survived only 33 of them.\nGet the feel of traditional Cypriot life in Lefkara, a small village near Larnaca with narrow alleys and authentic architecture.\nFor winter tours, visit the second-largest salt lake that fills with water in winter, attracting migrating birds and mostly flamingos, coloring the lake in pink.\"\n        }\n      }, {\n        \"@type\": \"Question\",\n        \"name\": \"What to eat like a local in Larnaca?\",\n        \"acceptedAnswer\": {\n          \"@type\": \"Answer\",\n          \"text\": \"Eat and feel like a local in Larnaca:\nVisit Grada Tavern to taste the best meze and large portions of dishes.\nEnjoy the beautiful interior and good food at Art Cafe 1900 with traditional Cypriot cuisine and beer.\nFind traditional Middle Eastern dishes at To Kazani Traditional Tavern with a cozy atmosphere, checkered tablecloths, and plants.\nTaste fresh seafood and traditional fast food in Lambros Fish & Chips.\nFor the Mediterranean and Lebanese flavors, head to Maqam Al Sultan and try meze dishes, fresh bread, and seasoned meat.\"\n        }\n      }\n]\n    }\n<\/script><\/p>\n<p><script type=\"application\/ld+json\">\n{\n    \"@context\": \"http:\/\/schema.org\",\n    \"@type\": \"WebPage\",\n    \"name\": \"Larnaca bucket list\",\n    \"description\": \"Larnaca bucket list for a touirst in Cyprus. Most attractive places, sights and restaurants in Larnaca, hotel suggestions and flights radar.\",\n    \"publisher\": {\n        \"@type\": \"WebPage\",\n        \"name\": \"Eurodirections.com\"\n    }\n}\n<\/script><\/p>\n","protected":false},"excerpt":{"rendered":"<p>Larnaca Eimer Liste Der f\u00fchrende Badeort Zyperns, Larnaca, wird j\u00e4hrlich von Millionen von Touristen besucht, die auf der Suche nach perfekten Str\u00e4nden, mediterraner Romantik, gutem Essen und Kultur sind. Wenn Sie Larnaca als Ihr Ziel in Europa ausgew\u00e4hlt haben, nehmen Sie sich Zeit, um all die Wunder, historischen Orte, Gesch\u00e4fte und mehr zu genie\u00dfen. Was [&hellip;]<\/p>\n","protected":false},"author":1,"featured_media":3601,"parent":0,"menu_order":0,"comment_status":"closed","ping_status":"closed","template":"","meta":{"footnotes":""},"class_list":["post-12693","page","type-page","status-publish","has-post-thumbnail","hentry"],"_links":{"self":[{"href":"https:\/\/eurodirections.com\/de\/wp-json\/wp\/v2\/pages\/12693","targetHints":{"allow":["GET"]}}],"collection":[{"href":"https:\/\/eurodirections.com\/de\/wp-json\/wp\/v2\/pages"}],"about":[{"href":"https:\/\/eurodirections.com\/de\/wp-json\/wp\/v2\/types\/page"}],"author":[{"embeddable":true,"href":"https:\/\/eurodirections.com\/de\/wp-json\/wp\/v2\/users\/1"}],"replies":[{"embeddable":true,"href":"https:\/\/eurodirections.com\/de\/wp-json\/wp\/v2\/comments?post=12693"}],"version-history":[{"count":0,"href":"https:\/\/eurodirections.com\/de\/wp-json\/wp\/v2\/pages\/12693\/revisions"}],"wp:featuredmedia":[{"embeddable":true,"href":"https:\/\/eurodirections.com\/de\/wp-json\/wp\/v2\/media\/3601"}],"wp:attachment":[{"href":"https:\/\/eurodirections.com\/de\/wp-json\/wp\/v2\/media?parent=12693"}],"curies":[{"name":"wp","href":"https:\/\/api.w.org\/{rel}","templated":true}]}}