{"id":12690,"date":"2022-04-01T14:27:31","date_gmt":"2022-04-01T14:27:31","guid":{"rendered":"https:\/\/eurodirections.com\/amsterdam-explorer-reisefuehrer\/"},"modified":"2023-03-24T13:20:36","modified_gmt":"2023-03-24T13:20:36","slug":"amsterdam-explorer-reisefuehrer","status":"publish","type":"page","link":"https:\/\/eurodirections.com\/de\/amsterdam-explorer-reisefuehrer\/","title":{"rendered":"Amsterdam Explorer &#038; Reisef\u00fchrer"},"content":{"rendered":"<div id=\"ez-toc-container\" class=\"ez-toc-v2_0_82_2 counter-hierarchy ez-toc-counter ez-toc-grey ez-toc-container-direction\">\n<div class=\"ez-toc-title-container\">\n<p class=\"ez-toc-title\" style=\"cursor:inherit\">Table of Contents<\/p>\n<span class=\"ez-toc-title-toggle\"><a href=\"#\" class=\"ez-toc-pull-right ez-toc-btn ez-toc-btn-xs ez-toc-btn-default ez-toc-toggle\" aria-label=\"Toggle Table of Content\"><span class=\"ez-toc-js-icon-con\"><span class=\"\"><span class=\"eztoc-hide\" style=\"display:none;\">Toggle<\/span><span class=\"ez-toc-icon-toggle-span\"><svg style=\"fill: #999;color:#999\" xmlns=\"http:\/\/www.w3.org\/2000\/svg\" class=\"list-377408\" width=\"20px\" height=\"20px\" viewBox=\"0 0 24 24\" fill=\"none\"><path d=\"M6 6H4v2h2V6zm14 0H8v2h12V6zM4 11h2v2H4v-2zm16 0H8v2h12v-2zM4 16h2v2H4v-2zm16 0H8v2h12v-2z\" fill=\"currentColor\"><\/path><\/svg><svg style=\"fill: #999;color:#999\" class=\"arrow-unsorted-368013\" xmlns=\"http:\/\/www.w3.org\/2000\/svg\" width=\"10px\" height=\"10px\" viewBox=\"0 0 24 24\" version=\"1.2\" baseProfile=\"tiny\"><path d=\"M18.2 9.3l-6.2-6.3-6.2 6.3c-.2.2-.3.4-.3.7s.1.5.3.7c.2.2.4.3.7.3h11c.3 0 .5-.1.7-.3.2-.2.3-.5.3-.7s-.1-.5-.3-.7zM5.8 14.7l6.2 6.3 6.2-6.3c.2-.2.3-.5.3-.7s-.1-.5-.3-.7c-.2-.2-.4-.3-.7-.3h-11c-.3 0-.5.1-.7.3-.2.2-.3.5-.3.7s.1.5.3.7z\"\/><\/svg><\/span><\/span><\/span><\/a><\/span><\/div>\n<nav><ul class='ez-toc-list ez-toc-list-level-1 eztoc-toggle-hide-by-default' ><li class='ez-toc-page-1 ez-toc-heading-level-3'><a class=\"ez-toc-link ez-toc-heading-1\" href=\"https:\/\/eurodirections.com\/de\/amsterdam-explorer-reisefuehrer\/#Bucket-List-von-Amsterdam-Reisen\" >Bucket List von Amsterdam Reisen<\/a><\/li><li class='ez-toc-page-1 ez-toc-heading-level-3'><a class=\"ez-toc-link ez-toc-heading-2\" href=\"https:\/\/eurodirections.com\/de\/amsterdam-explorer-reisefuehrer\/#Amsterdam-Billigfluege\" >Amsterdam Billigfl\u00fcge<\/a><\/li><li class='ez-toc-page-1 ez-toc-heading-level-3'><a class=\"ez-toc-link ez-toc-heading-3\" href=\"https:\/\/eurodirections.com\/de\/amsterdam-explorer-reisefuehrer\/#Dinge-die-man-in-Amsterdam-nicht-verpassen-sollte\" >Dinge, die man in Amsterdam nicht verpassen sollte<\/a><\/li><li class='ez-toc-page-1 ez-toc-heading-level-3'><a class=\"ez-toc-link ez-toc-heading-4\" href=\"https:\/\/eurodirections.com\/de\/amsterdam-explorer-reisefuehrer\/#Essen-wie-ein-Einheimischer-in-Amsterdam\" >Essen wie ein Einheimischer in Amsterdam<\/a><\/li><li class='ez-toc-page-1 ez-toc-heading-level-3'><a class=\"ez-toc-link ez-toc-heading-5\" href=\"https:\/\/eurodirections.com\/de\/amsterdam-explorer-reisefuehrer\/#Wo-man-in-Amsterdam-wohnen-kann\" >Wo man in Amsterdam wohnen kann<\/a><\/li><li class='ez-toc-page-1 ez-toc-heading-level-3'><a class=\"ez-toc-link ez-toc-heading-6\" href=\"https:\/\/eurodirections.com\/de\/amsterdam-explorer-reisefuehrer\/#Amsterdam-Hotels-Karte-mit-Zimmerpreisen\" >Amsterdam Hotels Karte mit Zimmerpreisen<\/a><\/li><\/ul><\/nav><\/div>\n<h3><span class=\"ez-toc-section\" id=\"Bucket-List-von-Amsterdam-Reisen\"><\/span><b>Bucket List von Amsterdam Reisen<\/b><span class=\"ez-toc-section-end\"><\/span><\/h3>\n<p><span style=\"font-weight: 400;\">Betreten Sie Amsterdam und Sie werden Tausende von Dingen finden, die es zu tun und zu sehen gibt. Europas aufregendste Stadt mit Sehensw\u00fcrdigkeiten an jeder Ecke l\u00e4sst die Menschen immer wieder hierher zur\u00fcckkehren. Egal, ob Sie nach einem Kulturausflug, Nachtleben oder einer Naturattraktion suchen, Sie finden alles an einem Ort. <\/span><\/p>\n<h3><span class=\"ez-toc-section\" id=\"Amsterdam-Billigfluege\"><\/span>Amsterdam Billigfl\u00fcge<span class=\"ez-toc-section-end\"><\/span><\/h3>\n<p><span style=\"color: #999999;\">Amsterdam Reiseassistent f\u00fcr Reisende, die eine Reise in die Niederlande planen &#8211; finden Sie g\u00fcnstige Fl\u00fcge nach Amsterdam mit Hilfe des Billigtickets-Guides:<\/span><\/p>\n<p><script src=\"\/\/tp.media\/content?currency=eur&amp;promo_id=4044&amp;shmarker=14350&amp;campaign_id=100&amp;trs=147545&amp;target_host=air.eurodirections.com%2Fflights&amp;locale=de&amp;limit=12&amp;powered_by=true&amp;secondary=%23FF4000&amp;destination=AMS\" charset=\"utf-8\"><\/script><\/p>\n<h3><span class=\"ez-toc-section\" id=\"Dinge-die-man-in-Amsterdam-nicht-verpassen-sollte\"><\/span><b>Dinge, die man in Amsterdam nicht verpassen sollte<\/b><span class=\"ez-toc-section-end\"><\/span><\/h3>\n<ul>\n<li style=\"font-weight: 400;\" aria-level=\"1\"><span style=\"font-weight: 400;\">Machen Sie eine Radtour in Amsterdam und erkunden Sie alle versteckten Sch\u00e4tze.<\/span><\/li>\n<li style=\"font-weight: 400;\" aria-level=\"1\"><span style=\"font-weight: 400;\">Entspannen Sie sich und genie\u00dfen Sie die Sonne und die Natur im Vondelpark, dem gr\u00f6\u00dften Stadtpark.<\/span><\/li>\n<li style=\"font-weight: 400;\" aria-level=\"1\"><span style=\"font-weight: 400;\">Verlaufen Sie sich im Jordaan-Viertel, dem Zentrum von Geschichte, Kultur und Essen.<\/span><\/li>\n<li style=\"font-weight: 400;\" aria-level=\"1\"><span style=\"font-weight: 400;\">Besuchen Sie das Museum Anna Frank House, in dem sie zwei Jahre lang lebte und ein Tagebuch schrieb, das zu einem Bestseller wurde.<\/span><\/li>\n<li style=\"font-weight: 400;\" aria-level=\"1\"><span style=\"font-weight: 400;\">Im Van-Gogh-Museum finden Sie die gr\u00f6\u00dfte Sammlung von Van-Gogh-Gem\u00e4lden.<\/span><\/li>\n<li style=\"font-weight: 400;\" aria-level=\"1\"><span style=\"font-weight: 400;\">Machen Sie einen Nachtspaziergang durch De Negen Straatjes (die Neun kleinen Stra\u00dfen) und entdecken Sie sch\u00f6ne Stra\u00dfen und Boutiquen. <\/span><\/li>\n<\/ul>\n<h3><span class=\"ez-toc-section\" id=\"Essen-wie-ein-Einheimischer-in-Amsterdam\"><\/span><b>Essen wie ein Einheimischer in Amsterdam<\/b><span class=\"ez-toc-section-end\"><\/span><\/h3>\n<ul>\n<li style=\"font-weight: 400;\" aria-level=\"1\"><span style=\"font-weight: 400;\">Essen Sie im Jansz zu Abend, einem beliebten Restaurant mit exquisiter K\u00fcche, das einst eine Apotheke war.<\/span><\/li>\n<li style=\"font-weight: 400;\" aria-level=\"1\"><span style=\"font-weight: 400;\">F\u00fcr ein erschwingliches und leckeres Abendessen gehen Sie zu Hap-Hmm und bestellen Sie butterweiches Rindersteak.<\/span><\/li>\n<li style=\"font-weight: 400;\" aria-level=\"1\"><span style=\"font-weight: 400;\">F\u00fcr Fischgerichte besuchen Sie Pesca, das \u201eTheater der Fische\u201c, wo Sie mit einem Glas Champagner verw\u00f6hnt werden, w\u00e4hrend Sie ein Gericht ausw\u00e4hlen. <\/span><\/li>\n<li style=\"font-weight: 400;\" aria-level=\"1\"><span style=\"font-weight: 400;\">Verbringen Sie einen tollen Morgen im Breakfast Club mit einem leckeren Fr\u00fchst\u00fcck und Aromakaffee. <\/span><\/li>\n<li style=\"font-weight: 400;\" aria-level=\"1\"><span style=\"font-weight: 400;\">Nehmen Sie eine Kneipentour in Amsterdam und beginnen Sie mit Hiding in the Plain Sight, einer Bar im Speakeasy-Stil.<\/span><\/li>\n<\/ul>\n<h3><span class=\"ez-toc-section\" id=\"Wo-man-in-Amsterdam-wohnen-kann\"><\/span><b>Wo man in Amsterdam wohnen kann<\/b><span class=\"ez-toc-section-end\"><\/span><\/h3>\n<ul>\n<li style=\"font-weight: 400;\" aria-level=\"1\"><span style=\"font-weight: 400;\"><strong>Hotel TwentySeven<\/strong> &#8211; Small Luxury Hotels of the World ist definitiv Ihre Wahl, um Amsterdam in absolutem Luxus zu genie\u00dfen.<\/span><\/li>\n<li style=\"font-weight: 400;\" aria-level=\"1\"><span style=\"font-weight: 400;\">Finden Sie die unvorstellbare Farb- und Texturkombination im <strong>4-Sterne-Hotel Esther\u00e9a.<\/strong><\/span><\/li>\n<li style=\"font-weight: 400;\" aria-level=\"1\"><span style=\"font-weight: 400;\">Komfort kann im <strong>3-Sterne-Hotel Aalders<\/strong> mit gedeckten Farben in den Zimmern immer noch erschwinglich sein.<\/span><\/li>\n<li style=\"font-weight: 400;\" aria-level=\"1\"><span style=\"font-weight: 400;\">Entscheiden Sie sich f\u00fcr das Konzept des <strong>BUNK Hotels<\/strong> Amsterdam, bei dem erschwinglicher Luxus mit einzigartig gestalteten Etagenbetten kombiniert wird. <\/span><\/li>\n<li style=\"font-weight: 400;\" aria-level=\"1\"><span style=\"font-weight: 400;\">Machen Sie einen Tagesausflug zum Strand von Scheveningen und \u00fcbernachten Sie im <strong>Hotel Ramada The Hague Scheveningen.<\/strong><\/span><\/li>\n<\/ul>\n<p><script src=\"https:\/\/www.travelpayouts.com\/chansey\/iframe.js?v=1&amp;marker=14350&amp;host=air.eurodirections.com%2Fhotels&amp;locale=de&amp;currency=eur&amp;nobooking=&amp;powered_by=false&amp;hotel_id=296344\" charset=\"utf-8\" async=\"\"><\/script><\/p>\n<p>\u2014<\/p>\n<h3><span class=\"ez-toc-section\" id=\"Amsterdam-Hotels-Karte-mit-Zimmerpreisen\"><\/span>Amsterdam Hotels Karte mit Zimmerpreisen<span class=\"ez-toc-section-end\"><\/span><\/h3>\n<p><script src=\"\/\/tp.media\/content?0=0&amp;1=10&amp;promo_id=4285&amp;shmarker=14350&amp;campaign_id=101&amp;search_host=air.eurodirections.com%2Fhotels&amp;locale=de&amp;currency=eur&amp;draggable=true&amp;disable_zoom=false&amp;show_logo=false&amp;scrollwheel=false&amp;color=%230759B0&amp;contrast_color=%23ffffff&amp;width=720&amp;height=500&amp;zoom=14&amp;radius=60&amp;stars=0%2C1%2C2%2C3%2C4%2C5&amp;price_from=&amp;price_to=&amp;lat=52.373094&amp;lng=4.892535\" charset=\"utf-8\"><\/script><br \/>\n\u2014<\/p>\n<p>Erkunden <strong><a title=\"Entdecken Sie die sch\u00f6nsten St\u00e4dte Europas\" href=\"https:\/\/eurodirections.com\/de\/europa\/\" target=\"_blank\" rel=\"noopener\" data-schema-attribute=\"about\">Sie hier die besten St\u00e4dte Europas<\/a><\/strong> oder \u00fcberpr\u00fcfen <strong>Sie unten die Flugpreise<\/strong> \u2708 f\u00fcr Ihr n\u00e4chstes Reiseziel:<\/p>\n<p><script src=\"\/\/tp.media\/content?currency=eur&amp;promo_id=7873&amp;shmarker=14350&amp;campaign_id=101&amp;trs=147545&amp;show_hotels=false&amp;locale=de&amp;searchUrl=search.hotellook.com&amp;primary=%23FF6600&amp;secondary=%23FFFFFF&amp;dark=%23262626&amp;light=%23FFFFFF&amp;special=%23C4C4C4&amp;border_radius=5&amp;no_labels=&amp;plain=true&amp;powered_by=false\" charset=\"utf-8\"><span data-mce-type=\"bookmark\" style=\"display: inline-block; width: 0px; overflow: hidden; line-height: 0;\" class=\"mce_SELRES_start\">\ufeff<\/span><\/script><\/p>\n","protected":false},"excerpt":{"rendered":"<p>Bucket List von Amsterdam Reisen Betreten Sie Amsterdam und Sie werden Tausende von Dingen finden, die es zu tun und zu sehen gibt. Europas aufregendste Stadt mit Sehensw\u00fcrdigkeiten an jeder Ecke l\u00e4sst die Menschen immer wieder hierher zur\u00fcckkehren. Egal, ob Sie nach einem Kulturausflug, Nachtleben oder einer Naturattraktion suchen, Sie finden alles an einem Ort. [&hellip;]<\/p>\n","protected":false},"author":1,"featured_media":3330,"parent":0,"menu_order":0,"comment_status":"closed","ping_status":"closed","template":"","meta":{"footnotes":""},"class_list":["post-12690","page","type-page","status-publish","has-post-thumbnail","hentry"],"_links":{"self":[{"href":"https:\/\/eurodirections.com\/de\/wp-json\/wp\/v2\/pages\/12690","targetHints":{"allow":["GET"]}}],"collection":[{"href":"https:\/\/eurodirections.com\/de\/wp-json\/wp\/v2\/pages"}],"about":[{"href":"https:\/\/eurodirections.com\/de\/wp-json\/wp\/v2\/types\/page"}],"author":[{"embeddable":true,"href":"https:\/\/eurodirections.com\/de\/wp-json\/wp\/v2\/users\/1"}],"replies":[{"embeddable":true,"href":"https:\/\/eurodirections.com\/de\/wp-json\/wp\/v2\/comments?post=12690"}],"version-history":[{"count":0,"href":"https:\/\/eurodirections.com\/de\/wp-json\/wp\/v2\/pages\/12690\/revisions"}],"wp:featuredmedia":[{"embeddable":true,"href":"https:\/\/eurodirections.com\/de\/wp-json\/wp\/v2\/media\/3330"}],"wp:attachment":[{"href":"https:\/\/eurodirections.com\/de\/wp-json\/wp\/v2\/media?parent=12690"}],"curies":[{"name":"wp","href":"https:\/\/api.w.org\/{rel}","templated":true}]}}