{"id":10549,"date":"2023-01-16T22:07:38","date_gmt":"2023-01-16T22:07:38","guid":{"rendered":"https:\/\/eurodirections.com\/tirana-bucket-list\/"},"modified":"2023-01-17T10:59:48","modified_gmt":"2023-01-17T10:59:48","slug":"tirana-bucket-list","status":"publish","type":"page","link":"https:\/\/eurodirections.com\/de\/tirana-bucket-list\/","title":{"rendered":"Tirana-Bucket-List"},"content":{"rendered":"<div id=\"ez-toc-container\" class=\"ez-toc-v2_0_82_2 counter-hierarchy ez-toc-counter ez-toc-grey ez-toc-container-direction\">\n<div class=\"ez-toc-title-container\">\n<p class=\"ez-toc-title\" style=\"cursor:inherit\">Table of Contents<\/p>\n<span class=\"ez-toc-title-toggle\"><a href=\"#\" class=\"ez-toc-pull-right ez-toc-btn ez-toc-btn-xs ez-toc-btn-default ez-toc-toggle\" aria-label=\"Toggle Table of Content\"><span class=\"ez-toc-js-icon-con\"><span class=\"\"><span class=\"eztoc-hide\" style=\"display:none;\">Toggle<\/span><span class=\"ez-toc-icon-toggle-span\"><svg style=\"fill: #999;color:#999\" xmlns=\"http:\/\/www.w3.org\/2000\/svg\" class=\"list-377408\" width=\"20px\" height=\"20px\" viewBox=\"0 0 24 24\" fill=\"none\"><path d=\"M6 6H4v2h2V6zm14 0H8v2h12V6zM4 11h2v2H4v-2zm16 0H8v2h12v-2zM4 16h2v2H4v-2zm16 0H8v2h12v-2z\" fill=\"currentColor\"><\/path><\/svg><svg style=\"fill: #999;color:#999\" class=\"arrow-unsorted-368013\" xmlns=\"http:\/\/www.w3.org\/2000\/svg\" width=\"10px\" height=\"10px\" viewBox=\"0 0 24 24\" version=\"1.2\" baseProfile=\"tiny\"><path d=\"M18.2 9.3l-6.2-6.3-6.2 6.3c-.2.2-.3.4-.3.7s.1.5.3.7c.2.2.4.3.7.3h11c.3 0 .5-.1.7-.3.2-.2.3-.5.3-.7s-.1-.5-.3-.7zM5.8 14.7l6.2 6.3 6.2-6.3c.2-.2.3-.5.3-.7s-.1-.5-.3-.7c-.2-.2-.4-.3-.7-.3h-11c-.3 0-.5.1-.7.3-.2.2-.3.5-.3.7s.1.5.3.7z\"\/><\/svg><\/span><\/span><\/span><\/a><\/span><\/div>\n<nav><ul class='ez-toc-list ez-toc-list-level-1 eztoc-toggle-hide-by-default' ><li class='ez-toc-page-1 ez-toc-heading-level-3'><a class=\"ez-toc-link ez-toc-heading-1\" href=\"https:\/\/eurodirections.com\/de\/tirana-bucket-list\/#Willkommen-in-Tirana-Albanien\" >Willkommen in Tirana, Albanien!<\/a><\/li><li class='ez-toc-page-1 ez-toc-heading-level-3'><a class=\"ez-toc-link ez-toc-heading-2\" href=\"https:\/\/eurodirections.com\/de\/tirana-bucket-list\/#Dinge-die-man-in-Tirana-nicht-verpassen-sollte\" >Dinge, die man in Tirana nicht verpassen sollte<\/a><\/li><li class='ez-toc-page-1 ez-toc-heading-level-3'><a class=\"ez-toc-link ez-toc-heading-3\" href=\"https:\/\/eurodirections.com\/de\/tirana-bucket-list\/#Interessante-Tatsache-ueber-Tirana\" >Interessante Tatsache \u00fcber Tirana<\/a><\/li><li class='ez-toc-page-1 ez-toc-heading-level-3'><a class=\"ez-toc-link ez-toc-heading-4\" href=\"https:\/\/eurodirections.com\/de\/tirana-bucket-list\/#Essen-Sie-wie-ein-Einheimischer-in-Tirana\" >Essen Sie wie ein Einheimischer in Tirana<\/a><\/li><li class='ez-toc-page-1 ez-toc-heading-level-3'><a class=\"ez-toc-link ez-toc-heading-5\" href=\"https:\/\/eurodirections.com\/de\/tirana-bucket-list\/#Wo-in-Tirana-uebernachten\" >Wo in Tirana \u00fcbernachten?<\/a><\/li><li class='ez-toc-page-1 ez-toc-heading-level-3'><a class=\"ez-toc-link ez-toc-heading-6\" href=\"https:\/\/eurodirections.com\/de\/tirana-bucket-list\/#Tirana-Hotelkarte\" >Tirana-Hotelkarte<\/a><\/li><li class='ez-toc-page-1 ez-toc-heading-level-3'><a class=\"ez-toc-link ez-toc-heading-7\" href=\"https:\/\/eurodirections.com\/de\/tirana-bucket-list\/#Fluege-nach-Tirana\" >Fl\u00fcge nach Tirana<\/a><\/li><li class='ez-toc-page-1 ez-toc-heading-level-3'><a class=\"ez-toc-link ez-toc-heading-8\" href=\"https:\/\/eurodirections.com\/de\/tirana-bucket-list\/#Tirana-video-guide\" >Tirana video guide<\/a><\/li><\/ul><\/nav><\/div>\n<h3><span class=\"ez-toc-section\" id=\"Willkommen-in-Tirana-Albanien\"><\/span>Willkommen in Tirana, Albanien!<span class=\"ez-toc-section-end\"><\/span><\/h3>\n<p><span style=\"font-weight: 400;\">Tirana ist definitiv kein Zwischenstopp oder Tagesausflugsziel, sondern ein fantastischer Ort, um die Sch\u00f6nheit Albaniens und des Balkans zu sehen. Tirana hat nicht das Flair einer traditionellen europ\u00e4ischen Stadt, aber es hat eine einzigartige Atmosph\u00e4re mit einer Mischung aus Vergangenheit und Gegenwart. Nehmen Sie Ihr sch\u00f6nes Abenteuer mit nach Tirana und entdecken Sie die Stimmung Albaniens.<\/span><\/p>\n<h3><span class=\"ez-toc-section\" id=\"Dinge-die-man-in-Tirana-nicht-verpassen-sollte\"><\/span>Dinge, die man in Tirana nicht verpassen sollte<span class=\"ez-toc-section-end\"><\/span><\/h3>\n<ul>\n<li style=\"font-weight: 400;\" aria-level=\"1\"><span style=\"font-weight: 400;\">Tauchen Sie in Bunk\u2019art 2, dem Ort der Gefangenschaft und Folter, in die Vergangenheit Albaniens ein.<\/span><\/li>\n<li style=\"font-weight: 400;\" aria-level=\"1\"><span style=\"font-weight: 400;\">Besuchen Sie die verlassene Pyramide, die einst ein Museum von Enver Hoxha war.<\/span><\/li>\n<li style=\"font-weight: 400;\" aria-level=\"1\"><span style=\"font-weight: 400;\">Genie\u00dfen Sie den Sonnenuntergang auf dem Skanderberg-Platz, dem Ort, an dem Sie sich aufhalten und ein Live-Konzert besuchen k\u00f6nnen.<\/span><\/li>\n<li style=\"font-weight: 400;\" aria-level=\"1\"><span style=\"font-weight: 400;\">Erklimmen Sie den Uhrturm in Tirana, um den besten Blick auf den Platz und die Stadt zu haben.<\/span><\/li>\n<li style=\"font-weight: 400;\" aria-level=\"1\"><span style=\"font-weight: 400;\">Finden Sie die Farben und Aromen von Tirana im Neuen Basar mit frischem Obst, lokalem Wein, Raki und Souvenirs. <\/span><\/li>\n<li style=\"font-weight: 400;\" aria-level=\"1\"><span style=\"font-weight: 400;\">Entfliehen Sie dem Trubel der Stadt und beobachten Sie die Stadt vom Gipfel des Dajti-Berges.<\/span><\/li>\n<\/ul>\n<blockquote>\n<h3><span class=\"ez-toc-section\" id=\"Interessante-Tatsache-ueber-Tirana\"><\/span><span style=\"color: #000080;\">Interessante Tatsache \u00fcber Tirana<\/span><span class=\"ez-toc-section-end\"><\/span><\/h3>\n<p><span style=\"color: #000080;\">Tirana, die Hauptstadt Albaniens, ist bekannt f\u00fcr ihre farbenfrohen Geb\u00e4ude. In den 1990er Jahren ermutigte der B\u00fcrgermeister der Stadt, Edi Rama, die Bewohner, ihre Geb\u00e4ude in leuchtenden Farben zu streichen, um die Stadt zu beleben und die Moral nach der kommunistischen \u00c4ra zu st\u00e4rken. Infolgedessen sind viele Geb\u00e4ude in Tirana jetzt in einer Vielzahl von hellen Farben gestrichen, was es zu einer einzigartigen und visuell auff\u00e4lligen Stadt macht.<\/span><\/p><\/blockquote>\n<h3><span class=\"ez-toc-section\" id=\"Essen-Sie-wie-ein-Einheimischer-in-Tirana\"><\/span>Essen Sie wie ein Einheimischer in Tirana<span class=\"ez-toc-section-end\"><\/span><\/h3>\n<ul>\n<li style=\"font-weight: 400;\" aria-level=\"1\"><span style=\"font-weight: 400;\">Die beste Aussicht und exquisite K\u00fcche finden Sie im Restaurant Sky Tower Tirana im 16. Stock.<\/span><\/li>\n<li style=\"font-weight: 400;\" aria-level=\"1\"><span style=\"font-weight: 400;\">G\u00f6nnen Sie sich einen schnellen und leckeren Snack im \u00c7oko Bistro &amp; Bar in einer charmanten und einladenden Atmosph\u00e4re.<\/span><\/li>\n<li style=\"font-weight: 400;\" aria-level=\"1\"><span style=\"font-weight: 400;\">Besuchen Sie zum Nachtisch D&#8217;Angelo Chocolate &amp; Coffee, das eine Auswahl an Geb\u00e4ck und Cr\u00eapes mit Schokoladen\u00fcberzug anbietet.<\/span><\/li>\n<li style=\"font-weight: 400;\" aria-level=\"1\"><span style=\"font-weight: 400;\">Genie\u00dfen Sie die entspannte Atmosph\u00e4re der Stadt im Nouvelle Vague, einem angesagten Caf\u00e9 in Tirana.<\/span><\/li>\n<li style=\"font-weight: 400;\" aria-level=\"1\"><span style=\"font-weight: 400;\">Speisen Sie wie ein Einheimischer in den Restaurants Oda und Sofa Berstase, den besten Orten der Stadt, um die lokale K\u00fcche zu genie\u00dfen.<\/span><\/li>\n<\/ul>\n<h3><span class=\"ez-toc-section\" id=\"Wo-in-Tirana-uebernachten\"><\/span>Wo in Tirana \u00fcbernachten?<span class=\"ez-toc-section-end\"><\/span><\/h3>\n<ul>\n<li style=\"font-weight: 400;\" aria-level=\"1\"><span style=\"font-weight: 400;\">Finden Sie luxuri\u00f6sen Service und die beste Unterkunft im 5-Sterne \u201emk hotel Tirana\u201c.<\/span><\/li>\n<li style=\"font-weight: 400;\" aria-level=\"1\"><span style=\"font-weight: 400;\">Das 4-Sterne-Boutique-Hotel Sar&#8217;Otel liegt im Herzen von Tirana und ist ein wunderbarer Ort, um Tirana zu genie\u00dfen.<\/span><\/li>\n<li style=\"font-weight: 400;\" aria-level=\"1\"><span style=\"font-weight: 400;\">Das gepflegte und gem\u00fctliche 3-Sterne Freddy&#8217;s Hotel ist eine weitere Option, damit Sie sich in Tirana wie zu Hause f\u00fchlen. <\/span><\/li>\n<li style=\"font-weight: 400;\" aria-level=\"1\"><span style=\"font-weight: 400;\">Die Jugendherberge &#8222;Trip n&#8220; im altitalienischen Stil mit Kaminzimmern ist ein fantastischer Ort, um Geld zu sparen und einen unvergesslichen Urlaub zu verbringen.<\/span><\/li>\n<li style=\"font-weight: 400;\" aria-level=\"1\"><span style=\"font-weight: 400;\">Machen Sie einen Tagesausflug nach Kruje an der Seite des Kruje-Berges und \u00fcbernachten Sie im Hotel Panorama Kruje. <\/span><\/li>\n<\/ul>\n<h3><span class=\"ez-toc-section\" id=\"Tirana-Hotelkarte\"><\/span>Tirana-Hotelkarte<span class=\"ez-toc-section-end\"><\/span><\/h3>\n<p>\u2014<\/p>\n<p><script src=\"\/\/tp.media\/content?0=0&amp;1=10&amp;currency=eur&amp;promo_id=4285&amp;shmarker=14350.tiranamap&amp;campaign_id=101&amp;trs=147545&amp;search_host=search.hotellook.com&amp;locale=de&amp;draggable=true&amp;disable_zoom=false&amp;show_logo=false&amp;scrollwheel=false&amp;color=%2307AF61&amp;contrast_color=%23ffffff&amp;width=1000&amp;height=500&amp;zoom=14&amp;radius=60&amp;stars=0%2C1%2C2%2C3%2C4%2C5&amp;price_from=&amp;price_to=&amp;lat=41.3275&amp;lng=19.818889\" charset=\"utf-8\"><span data-mce-type=\"bookmark\" style=\"display: inline-block; width: 0px; overflow: hidden; line-height: 0;\" class=\"mce_SELRES_start\">\ufeff<\/span><span data-mce-type=\"bookmark\" style=\"display: inline-block; width: 0px; overflow: hidden; line-height: 0;\" class=\"mce_SELRES_start\">\ufeff<\/span><\/script><\/p>\n<h3><span class=\"ez-toc-section\" id=\"Fluege-nach-Tirana\"><\/span>Fl\u00fcge nach Tirana<span class=\"ez-toc-section-end\"><\/span><\/h3>\n<p>Ein Flug nach Tirana, der Hauptstadt Albaniens, kann je nach gew\u00e4hlter Fluggesellschaft und Route ein komfortables und bequemes Erlebnis sein. Der internationale Flughafen Tirana N\u00ebn\u00eb Tereza ist gut mit mehreren gro\u00dfen europ\u00e4ischen St\u00e4dten verbunden und bietet Nonstop-Fl\u00fcge sowie Anschlussfl\u00fcge \u00fcber wichtige Drehkreuze. Passagiere k\u00f6nnen Standardannehmlichkeiten wie Bordunterhaltung, bequeme Sitzgelegenheiten sowie Speisen- und Getr\u00e4nkeservice erwarten. Es wird jedoch immer empfohlen, sich bei Ihrer Fluggesellschaft nach spezifischen Informationen zum Flugerlebnis, den Annehmlichkeiten und den Gep\u00e4ckrichtlinien zu erkundigen.<\/p>\n<p>\u2014<\/p>\n<p><script src=\"\/\/tp.media\/content?currency=eur&amp;promo_id=7292&amp;shmarker=14350&amp;campaign_id=200&amp;trs=147545&amp;locale=de&amp;limit=12&amp;powered_by=false&amp;secondary=%235E24FF&amp;origin=TIA\" charset=\"utf-8\"><span data-mce-type=\"bookmark\" style=\"display: inline-block; width: 0px; overflow: hidden; line-height: 0;\" class=\"mce_SELRES_start\">\ufeff<\/span><span data-mce-type=\"bookmark\" style=\"display: inline-block; width: 0px; overflow: hidden; line-height: 0;\" class=\"mce_SELRES_start\">\ufeff<\/span><span data-mce-type=\"bookmark\" style=\"display: inline-block; width: 0px; overflow: hidden; line-height: 0;\" class=\"mce_SELRES_start\">\ufeff<\/span><span data-mce-type=\"bookmark\" style=\"display: inline-block; width: 0px; overflow: hidden; line-height: 0;\" class=\"mce_SELRES_start\">\ufeff<\/span><span data-mce-type=\"bookmark\" style=\"display: inline-block; width: 0px; overflow: hidden; line-height: 0;\" class=\"mce_SELRES_start\">\ufeff<\/span><span data-mce-type=\"bookmark\" style=\"display: inline-block; width: 0px; overflow: hidden; line-height: 0;\" class=\"mce_SELRES_start\">\ufeff<\/span><\/script><\/p>\n<p>Die aktivsten Routen nach Tirana kommen von Italien. Zu den beliebten Fl\u00fcgen geh\u00f6ren <a title=\"Rome-Tirana flights\" href=\"https:\/\/eurodirections.com\/rome-tirana-flights\/\" target=\"_blank\" rel=\"noopener\">Rom-Tirana<\/a>, <a title=\"Fl\u00fcge von Frankfurt nach Tirana\" href=\"https:\/\/eurodirections.com\/de\/fluge-frankfurt-tirana\/\" target=\"_blank\" rel=\"noopener\">Frankfurt-Tirana<\/a>, <a title=\"Milan-Tirana flights\" href=\"https:\/\/eurodirections.com\/milan-tirana-flights\/\" target=\"_blank\" rel=\"noopener\">Mailand-Tirana<\/a>, <a title=\"Bologna-Tirana flights\" href=\"https:\/\/eurodirections.com\/bologna-tirana-flights\/\" target=\"_blank\" rel=\"noopener\">Bologna-Tirana<\/a> und andere. Wenn Sie weitere Informationen zu Fl\u00fcgen nach Tirana finden m\u00f6chten, sehen Sie sich das <a title=\"Tirana-Fl\u00fcge\" href=\"https:\/\/eurodirections.com\/de\/fluege-nach-tirana-albanien\/\" data-schema-attribute=\"about\">Verzeichnis und den Kalender mit g\u00fcnstigen Fl\u00fcgen nach Tirana an.<\/a><\/p>\n<h3><span class=\"ez-toc-section\" id=\"Tirana-video-guide\"><\/span>Tirana video guide<span class=\"ez-toc-section-end\"><\/span><\/h3>\n<p><iframe title=\"YouTube-Videoplayer\" src=\"about:blank\" width=\"560\" height=\"315\" frameborder=\"0\" allowfullscreen=\"allowfullscreen\" class=\"lazyload\" data-src=\"https:\/\/www.youtube.com\/embed\/ooJnEyroqNo\"><\/iframe><\/p>\n<p>Sehen Sie sich auch <a title=\"Besuchen wir Albanien\" href=\"https:\/\/eurodirections.com\/visit-albania\/\" target=\"_blank\" rel=\"noopener\">unseren motivierenden Reisef\u00fchrer f\u00fcr Albanien<\/a> mit verschiedenen n\u00fctzlichen Tipps und Orten an, die Sie dort sehen und ausprobieren k\u00f6nnen.<\/p>\n","protected":false},"excerpt":{"rendered":"<p>Willkommen in Tirana, Albanien! Tirana ist definitiv kein Zwischenstopp oder Tagesausflugsziel, sondern ein fantastischer Ort, um die Sch\u00f6nheit Albaniens und des Balkans zu sehen. Tirana hat nicht das Flair einer traditionellen europ\u00e4ischen Stadt, aber es hat eine einzigartige Atmosph\u00e4re mit einer Mischung aus Vergangenheit und Gegenwart. Nehmen Sie Ihr sch\u00f6nes Abenteuer mit nach Tirana und [&hellip;]<\/p>\n","protected":false},"author":4,"featured_media":10434,"parent":0,"menu_order":0,"comment_status":"closed","ping_status":"closed","template":"","meta":{"footnotes":""},"class_list":["post-10549","page","type-page","status-publish","has-post-thumbnail","hentry"],"_links":{"self":[{"href":"https:\/\/eurodirections.com\/de\/wp-json\/wp\/v2\/pages\/10549","targetHints":{"allow":["GET"]}}],"collection":[{"href":"https:\/\/eurodirections.com\/de\/wp-json\/wp\/v2\/pages"}],"about":[{"href":"https:\/\/eurodirections.com\/de\/wp-json\/wp\/v2\/types\/page"}],"author":[{"embeddable":true,"href":"https:\/\/eurodirections.com\/de\/wp-json\/wp\/v2\/users\/4"}],"replies":[{"embeddable":true,"href":"https:\/\/eurodirections.com\/de\/wp-json\/wp\/v2\/comments?post=10549"}],"version-history":[{"count":0,"href":"https:\/\/eurodirections.com\/de\/wp-json\/wp\/v2\/pages\/10549\/revisions"}],"wp:featuredmedia":[{"embeddable":true,"href":"https:\/\/eurodirections.com\/de\/wp-json\/wp\/v2\/media\/10434"}],"wp:attachment":[{"href":"https:\/\/eurodirections.com\/de\/wp-json\/wp\/v2\/media?parent=10549"}],"curies":[{"name":"wp","href":"https:\/\/api.w.org\/{rel}","templated":true}]}}