{"id":10420,"date":"2023-01-16T21:06:10","date_gmt":"2023-01-16T21:06:10","guid":{"rendered":"https:\/\/eurodirections.com\/billigflugkalender-%e2%9c%88\/"},"modified":"2023-01-17T08:17:39","modified_gmt":"2023-01-17T08:17:39","slug":"billigflugkalender","status":"publish","type":"page","link":"https:\/\/eurodirections.com\/de\/billigflugkalender\/","title":{"rendered":"Billigflugkalender"},"content":{"rendered":"<div id=\"ez-toc-container\" class=\"ez-toc-v2_0_82_2 counter-hierarchy ez-toc-counter ez-toc-grey ez-toc-container-direction\">\n<div class=\"ez-toc-title-container\">\n<p class=\"ez-toc-title\" style=\"cursor:inherit\">Table of Contents<\/p>\n<span class=\"ez-toc-title-toggle\"><a href=\"#\" class=\"ez-toc-pull-right ez-toc-btn ez-toc-btn-xs ez-toc-btn-default ez-toc-toggle\" aria-label=\"Toggle Table of Content\"><span class=\"ez-toc-js-icon-con\"><span class=\"\"><span class=\"eztoc-hide\" style=\"display:none;\">Toggle<\/span><span class=\"ez-toc-icon-toggle-span\"><svg style=\"fill: #999;color:#999\" xmlns=\"http:\/\/www.w3.org\/2000\/svg\" class=\"list-377408\" width=\"20px\" height=\"20px\" viewBox=\"0 0 24 24\" fill=\"none\"><path d=\"M6 6H4v2h2V6zm14 0H8v2h12V6zM4 11h2v2H4v-2zm16 0H8v2h12v-2zM4 16h2v2H4v-2zm16 0H8v2h12v-2z\" fill=\"currentColor\"><\/path><\/svg><svg style=\"fill: #999;color:#999\" class=\"arrow-unsorted-368013\" xmlns=\"http:\/\/www.w3.org\/2000\/svg\" width=\"10px\" height=\"10px\" viewBox=\"0 0 24 24\" version=\"1.2\" baseProfile=\"tiny\"><path d=\"M18.2 9.3l-6.2-6.3-6.2 6.3c-.2.2-.3.4-.3.7s.1.5.3.7c.2.2.4.3.7.3h11c.3 0 .5-.1.7-.3.2-.2.3-.5.3-.7s-.1-.5-.3-.7zM5.8 14.7l6.2 6.3 6.2-6.3c.2-.2.3-.5.3-.7s-.1-.5-.3-.7c-.2-.2-.4-.3-.7-.3h-11c-.3 0-.5.1-.7.3-.2.2-.3.5-.3.7s.1.5.3.7z\"\/><\/svg><\/span><\/span><\/span><\/a><\/span><\/div>\n<nav><ul class='ez-toc-list ez-toc-list-level-1 eztoc-toggle-hide-by-default' ><li class='ez-toc-page-1 ez-toc-heading-level-2'><a class=\"ez-toc-link ez-toc-heading-1\" href=\"https:\/\/eurodirections.com\/de\/billigflugkalender\/#Kalender-mit-guenstigen-Fluegen\" >Kalender mit g\u00fcnstigen Fl\u00fcgen<\/a><ul class='ez-toc-list-level-3' ><li class='ez-toc-heading-level-3'><a class=\"ez-toc-link ez-toc-heading-2\" href=\"https:\/\/eurodirections.com\/de\/billigflugkalender\/#%F0%9F%93%85-Wie-nutzt-man-den-Billigflugkalender\" >\ud83d\udcc5 Wie nutzt man den Billigflugkalender?<\/a><\/li><li class='ez-toc-page-1 ez-toc-heading-level-3'><a class=\"ez-toc-link ez-toc-heading-3\" href=\"https:\/\/eurodirections.com\/de\/billigflugkalender\/#%F0%9F%A7%B3-Vorteile-der-Verwendung-eines-guenstigen-Flugkalenders\" >\ud83e\uddf3 Vorteile der Verwendung eines g\u00fcnstigen Flugkalenders<\/a><\/li><\/ul><\/li><li class='ez-toc-page-1 ez-toc-heading-level-2'><a class=\"ez-toc-link ez-toc-heading-4\" href=\"https:\/\/eurodirections.com\/de\/billigflugkalender\/#Beispiel-fuer-die-Verwendung-eines-guenstigen-Flugkalenders\" >Beispiel f\u00fcr die Verwendung eines g\u00fcnstigen Flugkalenders<\/a><\/li><\/ul><\/nav><\/div>\n<p>Unser g\u00fcnstiger Flugkalender ist ein leistungsstarkes <strong>Reiseplanungstool<\/strong>, das Benutzern hilft, das beste Datum f\u00fcr ihren <strong>Flug zu einem bestimmten Ziel von jedem Punkt<\/strong> der Welt aus zu vergleichen und auszuw\u00e4hlen. Der Kalender erm\u00f6glicht es Benutzern, <strong>Fl\u00fcge aller Fluggesellschaften<\/strong>, Reiseb\u00fcros und Buchungssysteme einfach zu suchen und zu vergleichen und die <strong>kosteng\u00fcnstigsten Daten<\/strong> f\u00fcr ihre Reise zu ermitteln.<\/p>\n<h2><span class=\"ez-toc-section\" id=\"Kalender-mit-guenstigen-Fluegen\"><\/span>Kalender mit g\u00fcnstigen Fl\u00fcgen<span class=\"ez-toc-section-end\"><\/span><\/h2>\n<p><span style=\"color: #00ff00;\"><strong>\u2014\u2014\u2014\u2014<\/strong><\/span><\/p>\n<p><script src=\"\/\/tp.media\/content?currency=eur&amp;promo_id=4041&amp;shmarker=14350&amp;campaign_id=100&amp;trs=147545&amp;searchUrl=air.eurodirections.com%2Fflights&amp;locale=en_us&amp;powered_by=false&amp;one_way=true&amp;only_direct=false&amp;period=year&amp;range=1%2C30&amp;primary=%23172940&amp;color_background=%23FFFFFF&amp;achieve=%230F5ABD&amp;dark=%23000000&amp;light=%23FFFFFF&amp;destination=LON\" charset=\"utf-8\"><span data-mce-type=\"bookmark\" style=\"display: inline-block; width: 0px; overflow: hidden; line-height: 0;\" class=\"mce_SELRES_start\">\ufeff<\/span><span data-mce-type=\"bookmark\" style=\"display: inline-block; width: 0px; overflow: hidden; line-height: 0;\" class=\"mce_SELRES_start\">\ufeff<\/span><span data-mce-type=\"bookmark\" style=\"display: inline-block; width: 0px; overflow: hidden; line-height: 0;\" class=\"mce_SELRES_start\">\ufeff<\/span><span data-mce-type=\"bookmark\" style=\"display: inline-block; width: 0px; overflow: hidden; line-height: 0;\" class=\"mce_SELRES_start\">\ufeff<\/span><span data-mce-type=\"bookmark\" style=\"display: inline-block; width: 0px; overflow: hidden; line-height: 0;\" class=\"mce_SELRES_start\">\ufeff<\/span><\/script><\/p>\n<h3><span class=\"ez-toc-section\" id=\"%F0%9F%93%85-Wie-nutzt-man-den-Billigflugkalender\"><\/span>\ud83d\udcc5 Wie nutzt man den Billigflugkalender?<span class=\"ez-toc-section-end\"><\/span><\/h3>\n<ol>\n<li>W\u00e4hlen Sie Ihren Standort oben links im Kalender aus<\/li>\n<li>Sehen Sie den g\u00fcnstigsten Preis f\u00fcr jeden Monat f\u00fcr den Flug von Ihrem Standort aus<\/li>\n<li>Klicken Sie auf ein beliebiges Monatsfenster, um das genaue Datum des g\u00fcnstigsten Fluges anzuzeigen<\/li>\n<li>Sie k\u00f6nnen auf das Datumsfenster klicken, um die Flugdetails anzuzeigen<\/li>\n<li>Klicken Sie auf die Schaltfl\u00e4che Flugdetails, um die vollst\u00e4ndigen Flugbedingungen anzuzeigen oder das Flugticket zu buchen<\/li>\n<li>Sie k\u00f6nnen die Einstellung auf der oberen linken Seite des Kalenders verwenden, um die Flugart zu \u00e4ndern (einfache Fahrt oder Hin- und R\u00fcckflug).<\/li>\n<\/ol>\n<p>Mit dem g\u00fcnstigen Flugkalender k\u00f6nnen Nutzer ganz einfach <strong>Ticketpreise vergleichen<\/strong> und ihre Reise \u00fcberall auf der Welt planen und organisieren. Ob Sie eine Gesch\u00e4ftsreise oder einen Strandurlaub planen, unser Flugkalender ist das perfekte Tool, um Ihnen dabei zu helfen, das <strong>beste Flugangebot zu finden<\/strong>.<\/p>\n<h3><span class=\"ez-toc-section\" id=\"%F0%9F%A7%B3-Vorteile-der-Verwendung-eines-guenstigen-Flugkalenders\"><\/span>\ud83e\uddf3 Vorteile der Verwendung eines g\u00fcnstigen Flugkalenders<span class=\"ez-toc-section-end\"><\/span><\/h3>\n<ul>\n<li>Preise vergleichen: Der Flugkalender erm\u00f6glicht es den Benutzern, die Preise verschiedener Fluggesellschaften, Reiseb\u00fcros und Buchungssysteme einfach zu vergleichen und so das beste Flugangebot zu finden.<\/li>\n<li>Finden Sie die besten Daten: Der Kalender erm\u00f6glicht es Benutzern, nach Fl\u00fcgen an verschiedenen Daten zu suchen, was ihnen hilft, die kosteng\u00fcnstigsten Daten f\u00fcr ihre Reise zu finden.<\/li>\n<li>Praktisch: Der Kalender ist einfach zu bedienen und erm\u00f6glicht es Benutzern, ihre Reise an einem bequemen Ort zu planen und zu organisieren.<\/li>\n<li>Sparen Sie Zeit: Der Kalender beseitigt die Notwendigkeit f\u00fcr Benutzer, mehrere Websites zu durchsuchen, um das beste Flugangebot zu finden, was ihnen Zeit und M\u00fche spart.<\/li>\n<li>Holen Sie sich das beste Angebot: Der Kalender hilft Benutzern, den g\u00fcnstigsten Flug zu finden und das beste Angebot f\u00fcr ihr Geld zu bekommen.<\/li>\n<li>Keine mehrfache Suche n\u00f6tig: Der Kalender zeigt Ihnen die Preise f\u00fcr alle Fluggesellschaften und alle Daten des Monats an einem Ort, ohne dass Sie auf mehreren Websites suchen m\u00fcssen.<\/li>\n<li>Finden Sie den besten Flugplan: Der Kalender zeigt die Flugpl\u00e4ne an, sodass Sie denjenigen ausw\u00e4hlen k\u00f6nnen, der Ihren Bed\u00fcrfnissen am besten entspricht.<\/li>\n<\/ul>\n<h2><span class=\"ez-toc-section\" id=\"Beispiel-fuer-die-Verwendung-eines-guenstigen-Flugkalenders\"><\/span>Beispiel f\u00fcr die Verwendung eines g\u00fcnstigen Flugkalenders<span class=\"ez-toc-section-end\"><\/span><\/h2>\n<p>Die Nutzung des g\u00fcnstigen Flugkalenders ist ganz einfach. Angenommen, Sie planen eine Reise von New York City nach London. Hier ist ein Beispiel daf\u00fcr, wie Sie den Kalender verwenden k\u00f6nnen, um das beste Flugangebot zu finden:<\/p>\n<figure id=\"attachment_10403\" aria-describedby=\"caption-attachment-10403\" style=\"width: 846px\" class=\"wp-caption alignnone\"><a href=\"https:\/\/eurodirections.com\/calendar\/cheap-flight-calendar-settings-screenshot\/\" rel=\"attachment wp-att-10403\"><img fetchpriority=\"high\" decoding=\"async\" class=\"size-full wp-image-10403\" src=\"https:\/\/eurodirections.com\/wp-content\/uploads\/2023\/01\/cheap-flight-calendar-settings-screenshot.jpg\" alt=\"Verwenden Sie den g\u00fcnstigen Flugkalender in eurodirections.com\" width=\"846\" height=\"797\" srcset=\"https:\/\/eurodirections.com\/wp-content\/uploads\/2023\/01\/cheap-flight-calendar-settings-screenshot.jpg 846w, https:\/\/eurodirections.com\/wp-content\/uploads\/2023\/01\/cheap-flight-calendar-settings-screenshot-300x283.jpg 300w, https:\/\/eurodirections.com\/wp-content\/uploads\/2023\/01\/cheap-flight-calendar-settings-screenshot-768x724.jpg 768w\" sizes=\"(max-width: 846px) 100vw, 846px\" \/><\/a><figcaption id=\"caption-attachment-10403\" class=\"wp-caption-text\">Screenshot. Nutzung des g\u00fcnstigen Flugkalenders und Einstellung der Flugparameter auf eurodirections.com<\/figcaption><\/figure>\n<ol>\n<li>Besuchen Sie eurodirections.com und w\u00e4hlen Sie die Option \u201eFlugkalender\u201c.<\/li>\n<li>Klicken Sie auf das Symbol \u201eEinstellungen\u201c und geben Sie im Feld \u201eVon\u201c \u201eNew York City\u201c und im Feld \u201eNach\u201c \u201eLondon\u201c ein.<\/li>\n<li>W\u00e4hlen Sie Ihre gew\u00fcnschte Reiseoption: einfache Fahrt oder Hin- und R\u00fcckfahrt.<\/li>\n<li>Wenn Sie die Option \u201eHin- und R\u00fcckfahrt\u201c w\u00e4hlen, werden Sie aufgefordert, die Dauer Ihrer Reise festzulegen.<\/li>\n<li>Sie k\u00f6nnen ausw\u00e4hlen, dass nur die Direktflugpreise im Kalender angezeigt werden, indem Sie das Kontrollk\u00e4stchen \u201eDirektfl\u00fcge\u201c aktivieren.<\/li>\n<li>Der Kalender zeigt alle verf\u00fcgbaren Fl\u00fcge von New York City nach London in den Monatsfenstern an. Der g\u00fcnstigste Monat wird hervorgehoben.<\/li>\n<li>Klicken Sie einfach auf den Monat, um die Daten des Monats und das genaue Datum des g\u00fcnstigsten Fluges anzuzeigen.<\/li>\n<li>Wenn Sie auf das Datum klicken, wird die Suchergebnisseite mit den vollst\u00e4ndigen Flugdetails ge\u00f6ffnet.<\/li>\n<li>Sie k\u00f6nnen die Fl\u00fcge nach Preis, Zeitplan und Fluggesellschaften sortieren.<\/li>\n<li>Vergleichen Sie die Preise der verschiedenen Fl\u00fcge und w\u00e4hlen Sie den aus, der am besten zu Ihrem Budget und Zeitplan passt.<\/li>\n<li>Sobald Sie das beste Angebot gefunden haben, k\u00f6nnen Sie Ihren Flug \u00fcber das Buchungssystem buchen, das das Flugticket bereitstellt.<\/li>\n<\/ol>\n<p>Einen g\u00fcnstigen Flugkalender mit den besten Preisen f\u00fcr folgende Flugstrecken k\u00f6nnen Sie hier einsehen: <a href=\"https:\/\/eurodirections.com\/de\/flugplan-berlin-tirana\/\">Fl\u00fcge Berlin-Tirana<\/a>, <a href=\"https:\/\/eurodirections.com\/de\/fluege-nach-porto-portugal\/\">Fl\u00fcge nach Porto<\/a>, <a href=\"https:\/\/eurodirections.com\/paris-bangalore\/\">Fl\u00fcge Paris-Bangalore<\/a> und viele <a href=\"https:\/\/eurodirections.com\/de\/in\/fluge\/\">weitere Flugrichtungen hier<\/a>.<\/p>\n<p>Unser Kalender wird <strong>st\u00e4ndig mit den neuesten Preisen<\/strong> und Flugpl\u00e4nen aktualisiert, sodass Sie sicher sein k\u00f6nnen, dass Sie die aktuellsten Informationen erhalten. Wir hoffen, Sie k\u00f6nnen unseren g\u00fcnstigen Flugkalender effektiv nutzen und den perfekten Flug f\u00fcr Ihre Reise zu jedem Ziel finden. Gute Reise!<\/p>\n","protected":false},"excerpt":{"rendered":"<p>Unser g\u00fcnstiger Flugkalender ist ein leistungsstarkes Reiseplanungstool, das Benutzern hilft, das beste Datum f\u00fcr ihren Flug zu einem bestimmten Ziel von jedem Punkt der Welt aus zu vergleichen und auszuw\u00e4hlen. Der Kalender erm\u00f6glicht es Benutzern, Fl\u00fcge aller Fluggesellschaften, Reiseb\u00fcros und Buchungssysteme einfach zu suchen und zu vergleichen und die kosteng\u00fcnstigsten Daten f\u00fcr ihre Reise zu [&hellip;]<\/p>\n","protected":false},"author":1,"featured_media":29096,"parent":0,"menu_order":0,"comment_status":"closed","ping_status":"closed","template":"","meta":{"footnotes":""},"class_list":["post-10420","page","type-page","status-publish","has-post-thumbnail","hentry"],"_links":{"self":[{"href":"https:\/\/eurodirections.com\/de\/wp-json\/wp\/v2\/pages\/10420","targetHints":{"allow":["GET"]}}],"collection":[{"href":"https:\/\/eurodirections.com\/de\/wp-json\/wp\/v2\/pages"}],"about":[{"href":"https:\/\/eurodirections.com\/de\/wp-json\/wp\/v2\/types\/page"}],"author":[{"embeddable":true,"href":"https:\/\/eurodirections.com\/de\/wp-json\/wp\/v2\/users\/1"}],"replies":[{"embeddable":true,"href":"https:\/\/eurodirections.com\/de\/wp-json\/wp\/v2\/comments?post=10420"}],"version-history":[{"count":0,"href":"https:\/\/eurodirections.com\/de\/wp-json\/wp\/v2\/pages\/10420\/revisions"}],"wp:featuredmedia":[{"embeddable":true,"href":"https:\/\/eurodirections.com\/de\/wp-json\/wp\/v2\/media\/29096"}],"wp:attachment":[{"href":"https:\/\/eurodirections.com\/de\/wp-json\/wp\/v2\/media?parent=10420"}],"curies":[{"name":"wp","href":"https:\/\/api.w.org\/{rel}","templated":true}]}}