{"id":22691,"date":"2022-04-01T14:27:31","date_gmt":"2022-04-01T14:27:31","guid":{"rendered":"https:\/\/eurodirections.com\/amsterdam-explorer-rejseguide\/"},"modified":"2023-03-24T13:25:00","modified_gmt":"2023-03-24T13:25:00","slug":"amsterdam-rejseguide","status":"publish","type":"page","link":"https:\/\/eurodirections.com\/da\/amsterdam-rejseguide\/","title":{"rendered":"Amsterdam Explorer &#038; rejseguide"},"content":{"rendered":"<div id=\"ez-toc-container\" class=\"ez-toc-v2_0_82_2 counter-hierarchy ez-toc-counter ez-toc-grey ez-toc-container-direction\">\n<div class=\"ez-toc-title-container\">\n<p class=\"ez-toc-title\" style=\"cursor:inherit\">Table of Contents<\/p>\n<span class=\"ez-toc-title-toggle\"><a href=\"#\" class=\"ez-toc-pull-right ez-toc-btn ez-toc-btn-xs ez-toc-btn-default ez-toc-toggle\" aria-label=\"Toggle Table of Content\"><span class=\"ez-toc-js-icon-con\"><span class=\"\"><span class=\"eztoc-hide\" style=\"display:none;\">Toggle<\/span><span class=\"ez-toc-icon-toggle-span\"><svg style=\"fill: #999;color:#999\" xmlns=\"http:\/\/www.w3.org\/2000\/svg\" class=\"list-377408\" width=\"20px\" height=\"20px\" viewBox=\"0 0 24 24\" fill=\"none\"><path d=\"M6 6H4v2h2V6zm14 0H8v2h12V6zM4 11h2v2H4v-2zm16 0H8v2h12v-2zM4 16h2v2H4v-2zm16 0H8v2h12v-2z\" fill=\"currentColor\"><\/path><\/svg><svg style=\"fill: #999;color:#999\" class=\"arrow-unsorted-368013\" xmlns=\"http:\/\/www.w3.org\/2000\/svg\" width=\"10px\" height=\"10px\" viewBox=\"0 0 24 24\" version=\"1.2\" baseProfile=\"tiny\"><path d=\"M18.2 9.3l-6.2-6.3-6.2 6.3c-.2.2-.3.4-.3.7s.1.5.3.7c.2.2.4.3.7.3h11c.3 0 .5-.1.7-.3.2-.2.3-.5.3-.7s-.1-.5-.3-.7zM5.8 14.7l6.2 6.3 6.2-6.3c.2-.2.3-.5.3-.7s-.1-.5-.3-.7c-.2-.2-.4-.3-.7-.3h-11c-.3 0-.5.1-.7.3-.2.2-.3.5-.3.7s.1.5.3.7z\"\/><\/svg><\/span><\/span><\/span><\/a><\/span><\/div>\n<nav><ul class='ez-toc-list ez-toc-list-level-1 eztoc-toggle-hide-by-default' ><li class='ez-toc-page-1 ez-toc-heading-level-3'><a class=\"ez-toc-link ez-toc-heading-1\" href=\"https:\/\/eurodirections.com\/da\/amsterdam-rejseguide\/#Bucket-list-of-Amsterdam-Travel\" >Bucket list of Amsterdam Travel<\/a><\/li><li class='ez-toc-page-1 ez-toc-heading-level-3'><a class=\"ez-toc-link ez-toc-heading-2\" href=\"https:\/\/eurodirections.com\/da\/amsterdam-rejseguide\/#Guide-til-billige-flybilletter-til-Amsterdam\" >Guide til billige flybilletter til Amsterdam<\/a><\/li><li class='ez-toc-page-1 ez-toc-heading-level-3'><a class=\"ez-toc-link ez-toc-heading-3\" href=\"https:\/\/eurodirections.com\/da\/amsterdam-rejseguide\/#Ting-du-ikke-maa-gaa-glip-af-i-Amsterdam\" >Ting, du ikke m\u00e5 g\u00e5 glip af i Amsterdam<\/a><\/li><li class='ez-toc-page-1 ez-toc-heading-level-3'><a class=\"ez-toc-link ez-toc-heading-4\" href=\"https:\/\/eurodirections.com\/da\/amsterdam-rejseguide\/#Spis-som-en-lokal-i-Amsterdam\" >Spis som en lokal i Amsterdam<\/a><\/li><li class='ez-toc-page-1 ez-toc-heading-level-3'><a class=\"ez-toc-link ez-toc-heading-5\" href=\"https:\/\/eurodirections.com\/da\/amsterdam-rejseguide\/#Hvor-skal-man-bo-i-Amsterdam\" >Hvor skal man bo i Amsterdam<\/a><\/li><li class='ez-toc-page-1 ez-toc-heading-level-3'><a class=\"ez-toc-link ez-toc-heading-6\" href=\"https:\/\/eurodirections.com\/da\/amsterdam-rejseguide\/#Kort-over-hoteller-i-Amsterdam-med-vaerelsespriser\" >Kort over hoteller i Amsterdam med v\u00e6relsespriser<\/a><\/li><\/ul><\/nav><\/div>\n<h3><span class=\"ez-toc-section\" id=\"Bucket-list-of-Amsterdam-Travel\"><\/span><b>Bucket list of Amsterdam Travel<\/b><span class=\"ez-toc-section-end\"><\/span><\/h3>\n<p><span style=\"font-weight: 400;\">N\u00e5r du tr\u00e6der ind i Amsterdam, vil du finde tusindvis af ting at se og g\u00f8re.<br \/>\nEuropas mest sp\u00e6ndende by med sev\u00e6rdigheder p\u00e5 hvert hj\u00f8rne f\u00e5r folk til at vende tilbage igen og igen.<br \/>\nUanset om du er p\u00e5 udkig efter en kulturel udflugt, natteliv eller en naturattraktion, finder du det hele p\u00e5 \u00e9t sted. <\/span><\/p>\n<h3><span class=\"ez-toc-section\" id=\"Guide-til-billige-flybilletter-til-Amsterdam\"><\/span>Guide til billige flybilletter til Amsterdam<span class=\"ez-toc-section-end\"><\/span><\/h3>\n<p><span style=\"color: #999999;\">Amsterdam rejseassistent til rejsende, der planl\u00e6gger en rejse til Holland &#8211; find billige flybilletter til Amsterdam ved hj\u00e6lp af guiden med billige billetter:<\/span><\/p>\n<p><script src=\"\/\/tp.media\/content?currency=eur&amp;promo_id=4044&amp;shmarker=14350&amp;campaign_id=100&amp;trs=147545&amp;target_host=air.eurodirections.com%2Fflights&amp;locale=da&amp;limit=12&amp;powered_by=true&amp;secondary=%23FF4000&amp;destination=AMS\" charset=\"utf-8\"><span data-mce-type=\"bookmark\" style=\"display: inline-block; width: 0px; overflow: hidden; line-height: 0;\" class=\"mce_SELRES_start\">\ufeff<\/span><\/script><\/p>\n<h3><span class=\"ez-toc-section\" id=\"Ting-du-ikke-maa-gaa-glip-af-i-Amsterdam\"><\/span><b>Ting, du ikke m\u00e5 g\u00e5 glip af i Amsterdam<\/b><span class=\"ez-toc-section-end\"><\/span><\/h3>\n<ul>\n<li style=\"font-weight: 400;\" aria-level=\"1\"><span style=\"font-weight: 400;\">Tag p\u00e5 en cykeltur i Amsterdam og udforsk alle de skjulte perler.<\/span><\/li>\n<li style=\"font-weight: 400;\" aria-level=\"1\"><span style=\"font-weight: 400;\">Slap af og nyd solen og naturen i Vondelpark, den st\u00f8rste bypark.<\/span><\/li>\n<li style=\"font-weight: 400;\" aria-level=\"1\"><span style=\"font-weight: 400;\">Fortab dig i Jordaan-kvarteret, der er centrum for historie, kultur og mad.<\/span><\/li>\n<li style=\"font-weight: 400;\" aria-level=\"1\"><span style=\"font-weight: 400;\">Bes\u00f8g museet Anna Frank House, hvor hun boede i to \u00e5r og skrev en dagbog, som blev en bestseller.<\/span><\/li>\n<li style=\"font-weight: 400;\" aria-level=\"1\"><span style=\"font-weight: 400;\">Find den st\u00f8rste samling af Van Gogh-malerier p\u00e5 Van Gogh-museet.<\/span><\/li>\n<li style=\"font-weight: 400;\" aria-level=\"1\"><span style=\"font-weight: 400;\">G\u00e5 en natlig tur i De Negen Straatjes (de ni sm\u00e5 gader) og g\u00e5 p\u00e5 opdagelse i smukke gader og butikker. <\/span><\/li>\n<\/ul>\n<h3><span class=\"ez-toc-section\" id=\"Spis-som-en-lokal-i-Amsterdam\"><\/span><b>Spis som en lokal i Amsterdam<\/b><span class=\"ez-toc-section-end\"><\/span><\/h3>\n<ul>\n<li style=\"font-weight: 400;\" aria-level=\"1\"><span style=\"font-weight: 400;\">Spis middag p\u00e5 Jansz, en popul\u00e6r restaurant med uds\u00f8gte retter, der engang var en apotekerforretning.<\/span><\/li>\n<li style=\"font-weight: 400;\" aria-level=\"1\"><span style=\"font-weight: 400;\">Hvis du vil have en billig og velsmagende middag, kan du tage til Hap-Hmm og bestille en sm\u00f8rbl\u00f8d oksek\u00f8dsb\u00f8f.<\/span><\/li>\n<li style=\"font-weight: 400;\" aria-level=\"1\"><span style=\"font-weight: 400;\">Hvis du vil have fiskeretter, kan du bes\u00f8ge Pesca, &#8220;fisketeatret&#8221;, hvor du f\u00e5r et glas champagne, mens du v\u00e6lger en ret. <\/span><\/li>\n<li style=\"font-weight: 400;\" aria-level=\"1\"><span style=\"font-weight: 400;\">F\u00e5 en god morgen i Breakfast Club med en l\u00e6kker morgenmad og aromatisk kaffe. <\/span><\/li>\n<li style=\"font-weight: 400;\" aria-level=\"1\"><span style=\"font-weight: 400;\">Tag p\u00e5 barcrawling i Amsterdam og start med Hiding in the Plain Sight, en bar i speakeasy-stil.<\/span><\/li>\n<\/ul>\n<h3><span class=\"ez-toc-section\" id=\"Hvor-skal-man-bo-i-Amsterdam\"><\/span><b>Hvor skal man bo i Amsterdam<\/b><span class=\"ez-toc-section-end\"><\/span><\/h3>\n<ul>\n<li style=\"font-weight: 400;\" aria-level=\"1\"><span style=\"font-weight: 400;\"><strong>Hotel TwentySeven<\/strong> &#8211; Small Luxury Hotels of te World er helt sikkert dit valg for at nyde Amsterdam i absolut luksus.<\/span><\/li>\n<li style=\"font-weight: 400;\" aria-level=\"1\"><span style=\"font-weight: 400;\">Find den ufattelige kombination af farver og teksturer p\u00e5 det 4-stjernede <strong>Hotel Esther\u00e9a<\/strong>.<\/span><\/li>\n<li style=\"font-weight: 400;\" aria-level=\"1\"><span style=\"font-weight: 400;\">P\u00e5 det 3-stjernede <strong>Hotel Aalders<\/strong> er der stadig god komfort til en overkommelig pris p\u00e5 v\u00e6relserne i afd\u00e6mpede farver.<\/span><\/li>\n<li style=\"font-weight: 400;\" aria-level=\"1\"><span style=\"font-weight: 400;\">V\u00e6lg konceptet <strong>BUNK Hotel Amsterdam<\/strong>, hvor luksus til en overkommelig pris kombineres med unikt designede k\u00f8jesenge. <\/span><\/li>\n<li style=\"font-weight: 400;\" aria-level=\"1\"><span style=\"font-weight: 400;\">Tag p\u00e5 en dagstur til Scheveningen strand og bo p\u00e5 <strong>Hotel Ramada The Hague Scheveningen<\/strong>.<\/span><\/li>\n<\/ul>\n<p><script src=\"https:\/\/www.travelpayouts.com\/chansey\/iframe.js?v=1&amp;marker=14350&amp;host=air.eurodirections.com%2Fhotels&amp;locale=da&amp;currency=eur&amp;nobooking=&amp;powered_by=false&amp;hotel_id=296344\" charset=\"utf-8\" async=\"\"><\/script><\/p>\n<p>\u2014<\/p>\n<h3><span class=\"ez-toc-section\" id=\"Kort-over-hoteller-i-Amsterdam-med-vaerelsespriser\"><\/span>Kort over hoteller i Amsterdam med v\u00e6relsespriser<span class=\"ez-toc-section-end\"><\/span><\/h3>\n<p><script src=\"\/\/tp.media\/content?0=0&amp;1=10&amp;promo_id=4285&amp;shmarker=14350&amp;campaign_id=101&amp;search_host=air.eurodirections.com%2Fhotels&amp;locale=da&amp;currency=eur&amp;draggable=true&amp;disable_zoom=false&amp;show_logo=false&amp;scrollwheel=false&amp;color=%230759B0&amp;contrast_color=%23ffffff&amp;width=720&amp;height=500&amp;zoom=14&amp;radius=60&amp;stars=0%2C1%2C2%2C3%2C4%2C5&amp;price_from=&amp;price_to=&amp;lat=52.373094&amp;lng=4.892535\" charset=\"utf-8\"><\/script><br \/>\n\u2014<\/p>\n<p>Udforsk <strong><br \/>\n<a title=\"Udforsk de bedste byer i Europa\" href=\"https:\/\/eurodirections.com\/da\/europas-bedste-byer\/\" target=\"_blank\" rel=\"noopener\" data-schema-attribute=\"about\">de bedste byer i Europa her<\/a><br \/>\n<\/strong> eller <strong>tjek flypriserne<\/strong> \u2708 for din n\u00e6ste rejsedestination nedenfor:<\/p>\n<p><script src=\"\/\/tp.media\/content?currency=eur&amp;promo_id=7873&amp;shmarker=14350&amp;campaign_id=101&amp;trs=147545&amp;show_hotels=false&amp;locale=da&amp;searchUrl=search.hotellook.com&amp;primary=%23FF6600&amp;secondary=%23FFFFFF&amp;dark=%23262626&amp;light=%23FFFFFF&amp;special=%23C4C4C4&amp;border_radius=5&amp;no_labels=&amp;plain=true&amp;powered_by=false\" charset=\"utf-8\"><\/script><\/p>\n","protected":false},"excerpt":{"rendered":"<p>Bucket list of Amsterdam Travel N\u00e5r du tr\u00e6der ind i Amsterdam, vil du finde tusindvis af ting at se og g\u00f8re. Europas mest sp\u00e6ndende by med sev\u00e6rdigheder p\u00e5 hvert hj\u00f8rne f\u00e5r folk til at vende tilbage igen og igen. Uanset om du er p\u00e5 udkig efter en kulturel udflugt, natteliv eller en naturattraktion, finder du [&hellip;]<\/p>\n","protected":false},"author":1,"featured_media":6090,"parent":0,"menu_order":0,"comment_status":"closed","ping_status":"closed","template":"","meta":{"footnotes":""},"class_list":["post-22691","page","type-page","status-publish","has-post-thumbnail","hentry"],"_links":{"self":[{"href":"https:\/\/eurodirections.com\/da\/wp-json\/wp\/v2\/pages\/22691","targetHints":{"allow":["GET"]}}],"collection":[{"href":"https:\/\/eurodirections.com\/da\/wp-json\/wp\/v2\/pages"}],"about":[{"href":"https:\/\/eurodirections.com\/da\/wp-json\/wp\/v2\/types\/page"}],"author":[{"embeddable":true,"href":"https:\/\/eurodirections.com\/da\/wp-json\/wp\/v2\/users\/1"}],"replies":[{"embeddable":true,"href":"https:\/\/eurodirections.com\/da\/wp-json\/wp\/v2\/comments?post=22691"}],"version-history":[{"count":0,"href":"https:\/\/eurodirections.com\/da\/wp-json\/wp\/v2\/pages\/22691\/revisions"}],"wp:featuredmedia":[{"embeddable":true,"href":"https:\/\/eurodirections.com\/da\/wp-json\/wp\/v2\/media\/6090"}],"wp:attachment":[{"href":"https:\/\/eurodirections.com\/da\/wp-json\/wp\/v2\/media?parent=22691"}],"curies":[{"name":"wp","href":"https:\/\/api.w.org\/{rel}","templated":true}]}}