{"id":22640,"date":"2022-04-06T10:11:24","date_gmt":"2022-04-06T10:11:24","guid":{"rendered":"https:\/\/eurodirections.com\/athen-rejse-bucket-list\/"},"modified":"2023-03-24T12:27:59","modified_gmt":"2023-03-24T12:27:59","slug":"athen-rejse-bucket-list","status":"publish","type":"page","link":"https:\/\/eurodirections.com\/da\/athen-rejse-bucket-list\/","title":{"rendered":"Athen rejse bucket list"},"content":{"rendered":"<div id=\"ez-toc-container\" class=\"ez-toc-v2_0_82_2 counter-hierarchy ez-toc-counter ez-toc-grey ez-toc-container-direction\">\n<div class=\"ez-toc-title-container\">\n<p class=\"ez-toc-title\" style=\"cursor:inherit\">Table of Contents<\/p>\n<span class=\"ez-toc-title-toggle\"><a href=\"#\" class=\"ez-toc-pull-right ez-toc-btn ez-toc-btn-xs ez-toc-btn-default ez-toc-toggle\" aria-label=\"Toggle Table of Content\"><span class=\"ez-toc-js-icon-con\"><span class=\"\"><span class=\"eztoc-hide\" style=\"display:none;\">Toggle<\/span><span class=\"ez-toc-icon-toggle-span\"><svg style=\"fill: #999;color:#999\" xmlns=\"http:\/\/www.w3.org\/2000\/svg\" class=\"list-377408\" width=\"20px\" height=\"20px\" viewBox=\"0 0 24 24\" fill=\"none\"><path d=\"M6 6H4v2h2V6zm14 0H8v2h12V6zM4 11h2v2H4v-2zm16 0H8v2h12v-2zM4 16h2v2H4v-2zm16 0H8v2h12v-2z\" fill=\"currentColor\"><\/path><\/svg><svg style=\"fill: #999;color:#999\" class=\"arrow-unsorted-368013\" xmlns=\"http:\/\/www.w3.org\/2000\/svg\" width=\"10px\" height=\"10px\" viewBox=\"0 0 24 24\" version=\"1.2\" baseProfile=\"tiny\"><path d=\"M18.2 9.3l-6.2-6.3-6.2 6.3c-.2.2-.3.4-.3.7s.1.5.3.7c.2.2.4.3.7.3h11c.3 0 .5-.1.7-.3.2-.2.3-.5.3-.7s-.1-.5-.3-.7zM5.8 14.7l6.2 6.3 6.2-6.3c.2-.2.3-.5.3-.7s-.1-.5-.3-.7c-.2-.2-.4-.3-.7-.3h-11c-.3 0-.5.1-.7.3-.2.2-.3.5-.3.7s.1.5.3.7z\"\/><\/svg><\/span><\/span><\/span><\/a><\/span><\/div>\n<nav><ul class='ez-toc-list ez-toc-list-level-1 eztoc-toggle-hide-by-default' ><li class='ez-toc-page-1 ez-toc-heading-level-2'><a class=\"ez-toc-link ez-toc-heading-1\" href=\"https:\/\/eurodirections.com\/da\/athen-rejse-bucket-list\/#Bucket-list-for-Athen-rejseguide\" >Bucket list for Athen | rejseguide<\/a><ul class='ez-toc-list-level-3' ><li class='ez-toc-heading-level-3'><a class=\"ez-toc-link ez-toc-heading-2\" href=\"https:\/\/eurodirections.com\/da\/athen-rejse-bucket-list\/#Ting-du-ikke-maa-gaa-glip-af-i-Athen\" >Ting, du ikke m\u00e5 g\u00e5 glip af i Athen<\/a><\/li><li class='ez-toc-page-1 ez-toc-heading-level-3'><a class=\"ez-toc-link ez-toc-heading-3\" href=\"https:\/\/eurodirections.com\/da\/athen-rejse-bucket-list\/#Spis-som-en-lokal-i-Athen\" >Spis som en lokal i Athen<\/a><\/li><li class='ez-toc-page-1 ez-toc-heading-level-3'><a class=\"ez-toc-link ez-toc-heading-4\" href=\"https:\/\/eurodirections.com\/da\/athen-rejse-bucket-list\/#Hvor-skal-man-bo-i-Athen\" >Hvor skal man bo i Athen<\/a><\/li><li class='ez-toc-page-1 ez-toc-heading-level-3'><a class=\"ez-toc-link ez-toc-heading-5\" href=\"https:\/\/eurodirections.com\/da\/athen-rejse-bucket-list\/#Athen-hoteller-kort-med-priser\" >Athen hoteller kort med priser<\/a><\/li><li class='ez-toc-page-1 ez-toc-heading-level-3'><a class=\"ez-toc-link ez-toc-heading-6\" href=\"https:\/\/eurodirections.com\/da\/athen-rejse-bucket-list\/#Fly-til-Athen\" >Fly til Athen<\/a><\/li><\/ul><\/li><\/ul><\/nav><\/div>\n<h2><span class=\"ez-toc-section\" id=\"Bucket-list-for-Athen-rejseguide\"><\/span><b>Bucket list for Athen | rejseguide<\/b><span class=\"ez-toc-section-end\"><\/span><\/h2>\n<p><span style=\"font-weight: 400;\">Athen, en af verdens \u00e6ldste byer, civilisationernes vugge og demokratiets f\u00f8dested, er nu et popul\u00e6rt turistm\u00e5l med hundredvis af ting at se og lave. Athens ber\u00f8mte sev\u00e6rdigheder, som hvert \u00e5r bes\u00f8ges af over 6 millioner turister, er altid fyldt med mennesker, og livet summer fra solnedgang til solopgang. <\/span><\/p>\n<p><iframe style=\"border: 1px solid #EEE; background: white;\" src=\"about:blank\" width=\"880\" height=\"270\" frameborder=\"0\" scrolling=\"no\" class=\"lazyload\" data-src=\"https:\/\/eurodirections.substack.com\/embed\"><span data-mce-type=\"bookmark\" style=\"display: inline-block; width: 0px; overflow: hidden; line-height: 0;\" class=\"mce_SELRES_start\"><\/span><span data-mce-type=\"bookmark\" style=\"display: inline-block; width: 0px; overflow: hidden; line-height: 0;\" class=\"mce_SELRES_start\" align=\"center\"><\/span><\/iframe><\/p>\n<h3><span class=\"ez-toc-section\" id=\"Ting-du-ikke-maa-gaa-glip-af-i-Athen\"><\/span><b>Ting, du ikke m\u00e5 g\u00e5 glip af i Athen<\/b><span class=\"ez-toc-section-end\"><\/span><\/h3>\n<ul>\n<li style=\"font-weight: 400;\" aria-level=\"1\"><span style=\"font-weight: 400;\">Kravl op p\u00e5 Akropolis for at se Parthenon, Erechtheion og Athena Nikes tempel, og nyd udsigten over byen. <\/span><\/li>\n<li style=\"font-weight: 400;\" aria-level=\"1\"><span style=\"font-weight: 400;\">G\u00e5 rundt i kvartererne Pl\u00e1ka og Anafiotika, som er popul\u00e6re turiststeder med gr\u00e6sk landsbystemning, brostensbelagte gyder og sm\u00e5 torve. <\/span><\/li>\n<li style=\"font-weight: 400;\" aria-level=\"1\"><span style=\"font-weight: 400;\">Se den antikke Agora &#8211; ruinerne af markedspladsen med Attalos&#8217; stoa og Hephaistos-templet. <\/span><\/li>\n<li style=\"font-weight: 400;\" aria-level=\"1\"><span style=\"font-weight: 400;\">\u00c6ndr landskaberne, og udforsk den moderne graffitikunst p\u00e5 gaden i Athen.<\/span><\/li>\n<li style=\"font-weight: 400;\" aria-level=\"1\"><span style=\"font-weight: 400;\">Find v\u00e6rdifulde artefakter fra gr\u00e6sk og verdenshistorie p\u00e5 museet for kykladisk kunst.<\/span><\/li>\n<li style=\"font-weight: 400;\" aria-level=\"1\"><span style=\"font-weight: 400;\">Se vagtskiftet i parlamentsbygningen ved Syntagma.<\/span><\/li>\n<\/ul>\n<h3><span class=\"ez-toc-section\" id=\"Spis-som-en-lokal-i-Athen\"><\/span><b>Spis som en lokal i Athen<\/b><span class=\"ez-toc-section-end\"><\/span><\/h3>\n<ul>\n<li style=\"font-weight: 400;\" aria-level=\"1\"><span style=\"font-weight: 400;\">N\u00e5r du handler i Plaka, kan du finde den bedste gr\u00e6ske salat hos Pantelis Melissions The Poet Sandalmaker.<\/span><\/li>\n<li style=\"font-weight: 400;\" aria-level=\"1\"><span style=\"font-weight: 400;\">F\u00e5 de fineste loukoumades (gr\u00e6ske donuts) med honning og kanel i Lukumades.<\/span><\/li>\n<li style=\"font-weight: 400;\" aria-level=\"1\"><span style=\"font-weight: 400;\">Spis den \u00e6gte klassiske Gyros, og l\u00e6r at udtale navnet korrekt.<\/span><\/li>\n<li style=\"font-weight: 400;\" aria-level=\"1\"><span style=\"font-weight: 400;\">G\u00e5 p\u00e5 opdagelse p\u00e5 det centrale marked i Athen og find frisk k\u00f8d og fisk, ost og selvf\u00f8lgelig oliven.<\/span><\/li>\n<li style=\"font-weight: 400;\" aria-level=\"1\"><span style=\"font-weight: 400;\">Nyd aftenen og aftensmaden p\u00e5 en af restauranterne i Mnisikleous Street, det travle kvarter med en afslappet atmosf\u00e6re.<\/span><\/li>\n<li style=\"font-weight: 400;\" aria-level=\"1\"><span style=\"font-weight: 400;\">Snup en kage, som tiropita eller spanakopita, p\u00e5 farten fra en af gadens bagerier, mens du hopper fra museum til tempel.<\/span><\/li>\n<\/ul>\n<h3><span class=\"ez-toc-section\" id=\"Hvor-skal-man-bo-i-Athen\"><\/span><b>Hvor skal man bo i Athen<\/b><span class=\"ez-toc-section-end\"><\/span><\/h3>\n<ul>\n<li style=\"font-weight: 400;\" aria-level=\"1\"><span style=\"font-weight: 400;\">V\u00e6lg det 5-stjernede Hellenic Vibes Smart Hotel i Athen, som har en moderne minimalistisk indretning og detaljer for et luksuri\u00f8st ophold.<\/span><\/li>\n<li style=\"font-weight: 400;\" aria-level=\"1\"><span style=\"font-weight: 400;\">Nyd stemningen i Athen fra komforten p\u00e5 dit v\u00e6relse p\u00e5 Ivis 4 Boutique Hotel, et 4-stjernet hotel i hjertet af Athen.<\/span><\/li>\n<li style=\"font-weight: 400;\" aria-level=\"1\"><span style=\"font-weight: 400;\">NLH KERAMEIKOS &#8211; Neighborhood Lifestyle Hotels er en perfekt mulighed, hvis du leder efter et prisbilligt, men komfortabelt og stilfuldt hotel.<\/span><\/li>\n<li style=\"font-weight: 400;\" aria-level=\"1\"><span style=\"font-weight: 400;\">Nubian Hostel Athens er lavet af rejsende og for rejsende og er et fantastisk sted at finde komfort, selv hvis du har et stramt budget.<\/span><\/li>\n<li style=\"font-weight: 400;\" aria-level=\"1\"><span style=\"font-weight: 400;\">Tag p\u00e5 en dagstur til Tolo p\u00e5 Peloponnes for at nyde Gr\u00e6kenlands himmelsk smukke strande og bo p\u00e5 et 4-stjernet, fashionabelt John &amp; George Hotel.<\/span><\/li>\n<\/ul>\n<h3><span class=\"ez-toc-section\" id=\"Athen-hoteller-kort-med-priser\"><\/span>Athen hoteller kort med priser<span class=\"ez-toc-section-end\"><\/span><\/h3>\n<p><script src=\"\/\/tp.media\/content?0=0&amp;1=10&amp;promo_id=4285&amp;shmarker=14350&amp;campaign_id=101&amp;search_host=air.eurodirections.com%2Fhotels&amp;locale=en&amp;currency=eur&amp;draggable=true&amp;disable_zoom=false&amp;show_logo=false&amp;scrollwheel=false&amp;color=%230759B0&amp;contrast_color=%23ffffff&amp;width=720&amp;height=500&amp;zoom=13&amp;radius=60&amp;stars=0%2C1%2C2%2C3%2C4%2C5&amp;price_from=&amp;price_to=&amp;lat=37.987128&amp;lng=23.726691\" charset=\"utf-8\"><\/script><\/p>\n<h3 style=\"text-align: left;\"><span class=\"ez-toc-section\" id=\"Fly-til-Athen\"><\/span>Fly til Athen<span class=\"ez-toc-section-end\"><\/span><\/h3>\n<p><script src=\"https:\/\/tp.media\/content?trs=147545&amp;shmarker=14350&amp;destination=ATH&amp;target_host=air.eurodirections.com%2Fflights&amp;locale=en&amp;currency=eur&amp;limit=10&amp;powered_by=false&amp;primary=%23D80D61ff&amp;promo_id=4044&amp;campaign_id=100\" charset=\"utf-8\"><\/script><\/p>\n<p><a href=\"https:\/\/eurodirections.com\/da\/fly-athen-graekenland\/\">Gennemse alle flyrejser til Athen<\/a><\/p>\n","protected":false},"excerpt":{"rendered":"<p>Bucket list for Athen | rejseguide Athen, en af verdens \u00e6ldste byer, civilisationernes vugge og demokratiets f\u00f8dested, er nu et popul\u00e6rt turistm\u00e5l med hundredvis af ting at se og lave. Athens ber\u00f8mte sev\u00e6rdigheder, som hvert \u00e5r bes\u00f8ges af over 6 millioner turister, er altid fyldt med mennesker, og livet summer fra solnedgang til solopgang. Ting, [&hellip;]<\/p>\n","protected":false},"author":1,"featured_media":6250,"parent":0,"menu_order":0,"comment_status":"closed","ping_status":"closed","template":"","meta":{"footnotes":""},"class_list":["post-22640","page","type-page","status-publish","has-post-thumbnail","hentry"],"_links":{"self":[{"href":"https:\/\/eurodirections.com\/da\/wp-json\/wp\/v2\/pages\/22640","targetHints":{"allow":["GET"]}}],"collection":[{"href":"https:\/\/eurodirections.com\/da\/wp-json\/wp\/v2\/pages"}],"about":[{"href":"https:\/\/eurodirections.com\/da\/wp-json\/wp\/v2\/types\/page"}],"author":[{"embeddable":true,"href":"https:\/\/eurodirections.com\/da\/wp-json\/wp\/v2\/users\/1"}],"replies":[{"embeddable":true,"href":"https:\/\/eurodirections.com\/da\/wp-json\/wp\/v2\/comments?post=22640"}],"version-history":[{"count":0,"href":"https:\/\/eurodirections.com\/da\/wp-json\/wp\/v2\/pages\/22640\/revisions"}],"wp:featuredmedia":[{"embeddable":true,"href":"https:\/\/eurodirections.com\/da\/wp-json\/wp\/v2\/media\/6250"}],"wp:attachment":[{"href":"https:\/\/eurodirections.com\/da\/wp-json\/wp\/v2\/media?parent=22640"}],"curies":[{"name":"wp","href":"https:\/\/api.w.org\/{rel}","templated":true}]}}