{"id":22268,"date":"2022-04-05T19:00:54","date_gmt":"2022-04-05T19:00:54","guid":{"rendered":"https:\/\/eurodirections.com\/lissabon-en-rejse-som-du-kan-naa\/"},"modified":"2023-03-20T09:32:22","modified_gmt":"2023-03-20T09:32:22","slug":"lissabon","status":"publish","type":"page","link":"https:\/\/eurodirections.com\/da\/lissabon\/","title":{"rendered":"Lissabon &#8211; en rejse, som du kan n\u00e5"},"content":{"rendered":"<div id=\"ez-toc-container\" class=\"ez-toc-v2_0_82_2 counter-hierarchy ez-toc-counter ez-toc-grey ez-toc-container-direction\">\n<div class=\"ez-toc-title-container\">\n<p class=\"ez-toc-title\" style=\"cursor:inherit\">Table of Contents<\/p>\n<span class=\"ez-toc-title-toggle\"><a href=\"#\" class=\"ez-toc-pull-right ez-toc-btn ez-toc-btn-xs ez-toc-btn-default ez-toc-toggle\" aria-label=\"Toggle Table of Content\"><span class=\"ez-toc-js-icon-con\"><span class=\"\"><span class=\"eztoc-hide\" style=\"display:none;\">Toggle<\/span><span class=\"ez-toc-icon-toggle-span\"><svg style=\"fill: #999;color:#999\" xmlns=\"http:\/\/www.w3.org\/2000\/svg\" class=\"list-377408\" width=\"20px\" height=\"20px\" viewBox=\"0 0 24 24\" fill=\"none\"><path d=\"M6 6H4v2h2V6zm14 0H8v2h12V6zM4 11h2v2H4v-2zm16 0H8v2h12v-2zM4 16h2v2H4v-2zm16 0H8v2h12v-2z\" fill=\"currentColor\"><\/path><\/svg><svg style=\"fill: #999;color:#999\" class=\"arrow-unsorted-368013\" xmlns=\"http:\/\/www.w3.org\/2000\/svg\" width=\"10px\" height=\"10px\" viewBox=\"0 0 24 24\" version=\"1.2\" baseProfile=\"tiny\"><path d=\"M18.2 9.3l-6.2-6.3-6.2 6.3c-.2.2-.3.4-.3.7s.1.5.3.7c.2.2.4.3.7.3h11c.3 0 .5-.1.7-.3.2-.2.3-.5.3-.7s-.1-.5-.3-.7zM5.8 14.7l6.2 6.3 6.2-6.3c.2-.2.3-.5.3-.7s-.1-.5-.3-.7c-.2-.2-.4-.3-.7-.3h-11c-.3 0-.5.1-.7.3-.2.2-.3.5-.3.7s.1.5.3.7z\"\/><\/svg><\/span><\/span><\/span><\/a><\/span><\/div>\n<nav><ul class='ez-toc-list ez-toc-list-level-1 eztoc-toggle-hide-by-default' ><li class='ez-toc-page-1 ez-toc-heading-level-2'><a class=\"ez-toc-link ez-toc-heading-1\" href=\"https:\/\/eurodirections.com\/da\/lissabon\/#Udforsk-Lissabon-en-liste-over-alt-hvad-du-kan-goere-som-turist\" >Udforsk Lissabon: en liste over alt, hvad du kan g\u00f8re som turist<\/a><ul class='ez-toc-list-level-3' ><li class='ez-toc-heading-level-3'><a class=\"ez-toc-link ez-toc-heading-2\" href=\"https:\/\/eurodirections.com\/da\/lissabon\/#Ting-du-ikke-maa-gaa-glip-af-i-Lissabon\" >Ting, du ikke m\u00e5 g\u00e5 glip af i Lissabon<\/a><\/li><li class='ez-toc-page-1 ez-toc-heading-level-3'><a class=\"ez-toc-link ez-toc-heading-3\" href=\"https:\/\/eurodirections.com\/da\/lissabon\/#Spis-som-en-lokal-i-Lissabon\" >Spis som en lokal i Lissabon<\/a><\/li><li class='ez-toc-page-1 ez-toc-heading-level-3'><a class=\"ez-toc-link ez-toc-heading-4\" href=\"https:\/\/eurodirections.com\/da\/lissabon\/#Hvor-skal-man-bo-i-Lissabon\" >Hvor skal man bo i Lissabon<\/a><\/li><li class='ez-toc-page-1 ez-toc-heading-level-3'><a class=\"ez-toc-link ez-toc-heading-5\" href=\"https:\/\/eurodirections.com\/da\/lissabon\/#Fly-til-Lissabon\" >Fly til Lissabon<\/a><\/li><\/ul><\/li><\/ul><\/nav><\/div>\n<p>F\u00f8lg Euro Directions rejsemagasins s\u00e6rlige serie om <a title=\"Europas bedste byer\" href=\"https:\/\/eurodirections.com\/da\/europas-bedste-byer\/\" data-schema-attribute=\"about\">Europas bedste rejsem\u00e5l<\/a><\/p>\n<h2><span class=\"ez-toc-section\" id=\"Udforsk-Lissabon-en-liste-over-alt-hvad-du-kan-goere-som-turist\"><\/span><b>Udforsk Lissabon: en liste over alt, hvad du kan g\u00f8re som turist<\/b><span class=\"ez-toc-section-end\"><\/span><\/h2>\n<p><span style=\"font-weight: 400;\">Portugals kysthovedstad med pastelfarvede bygninger og tegltag er den st\u00f8rste by og landets politiske, \u00f8konomiske og turistm\u00e6ssige centrum. Byen har stadig en atmosf\u00e6re fra det 19. \u00e5rhundrede p\u00e5 trods af de moderne indk\u00f8rsel og bygninger. Du vil finde unik arkitektur, en rig historie, den bedste mad og et natteliv, som du ikke vil g\u00e5 glip af.<\/span><\/p>\n<h3><span class=\"ez-toc-section\" id=\"Ting-du-ikke-maa-gaa-glip-af-i-Lissabon\"><\/span><b>Ting, du ikke m\u00e5 g\u00e5 glip af i Lissabon<\/b><span class=\"ez-toc-section-end\"><\/span><\/h3>\n<ul>\n<li style=\"font-weight: 400;\" aria-level=\"1\"><span style=\"font-weight: 400;\">Se Torre de Bel\u00e9m, et smukt t\u00e5rn, der ligner en blanding af gotisk og romansk arkitektur. <\/span><\/li>\n<li style=\"font-weight: 400;\" aria-level=\"1\"><span style=\"font-weight: 400;\">K\u00f8r med sporvogn 28 gennem de stejle, brostensbelagte veje, og oplev byens historie, mens du passerer gennem de majest\u00e6tiske steder. <\/span><\/li>\n<li style=\"font-weight: 400;\" aria-level=\"1\"><span style=\"font-weight: 400;\">G\u00e5 rundt i Alfama-kvarteret, den \u00e6ldste del af byen med snoede gader og smalle gyder, kapeller med teglstensfacader og Lissabon-katedralen.<\/span><\/li>\n<li style=\"font-weight: 400;\" aria-level=\"1\"><span style=\"font-weight: 400;\">Nyd nattelivet i Bairro Alto, og nyd en Caipirinha p\u00e5 en af barerne i kvarteret. <\/span><\/li>\n<li style=\"font-weight: 400;\" aria-level=\"1\"><span style=\"font-weight: 400;\">Find Casa Independente, en privat bolig med m\u00f8blerede v\u00e6relser og en jordn\u00e6r atmosf\u00e6re, hvor du kan nyde drinks, fed musik og fester. <\/span><\/li>\n<\/ul>\n<p><iframe style=\"border: 1px solid #EEE; background: white;\" src=\"about:blank\" width=\"880\" height=\"270\" frameborder=\"0\" scrolling=\"no\" class=\"lazyload\" data-src=\"https:\/\/eurodirections.substack.com\/embed\"><span data-mce-type=\"bookmark\" style=\"display: inline-block; width: 0px; overflow: hidden; line-height: 0;\" class=\"mce_SELRES_start\"><\/span><span data-mce-type=\"bookmark\" style=\"display: inline-block; width: 0px; overflow: hidden; line-height: 0;\" class=\"mce_SELRES_start\" align=\"center\"><\/span><\/iframe><\/p>\n<h3><span class=\"ez-toc-section\" id=\"Spis-som-en-lokal-i-Lissabon\"><\/span><b>Spis som en lokal i Lissabon<\/b><span class=\"ez-toc-section-end\"><\/span><\/h3>\n<ul>\n<li style=\"font-weight: 400;\" aria-level=\"1\"><span style=\"font-weight: 400;\">Find over 40 f\u00f8devarekategorier p\u00e5 Time Out Market Lisboa, og brug tid p\u00e5 at pr\u00f8ve mindst halvdelen af dem. <\/span><\/li>\n<li style=\"font-weight: 400;\" aria-level=\"1\"><span style=\"font-weight: 400;\">F\u00e5 et af de mest fantastiske m\u00e5ltider p\u00e5 den Michelin-stjernede restaurant Loco med avantgarde portugisisk k\u00f8kken.<\/span><\/li>\n<li style=\"font-weight: 400;\" aria-level=\"1\"><span style=\"font-weight: 400;\">Bes\u00f8g Lissabons \u00e6ldste restaurant Martinho da Arcada for at nyde en kop kaffe.<\/span><\/li>\n<li style=\"font-weight: 400;\" aria-level=\"1\"><span style=\"font-weight: 400;\">Pr\u00f8v den bedste torskesteg, kalveb\u00f8ffer og ristede kartofler p\u00e5 Z\u00e9 da Mouraria.<\/span><\/li>\n<li style=\"font-weight: 400;\" aria-level=\"1\"><span style=\"font-weight: 400;\">Spis middag p\u00e5 Gambrinus med en kroket, Gambrinus tulipan (blandet \u00f8l) og se tilberedningen af ballonkaffen.<\/span><\/li>\n<li style=\"font-weight: 400;\" aria-level=\"1\"><span style=\"font-weight: 400;\">Tag et billede af pandekager med mascarpone og jordb\u00e6r p\u00e5 Nicolau Lisboa cafe.<\/span><\/li>\n<\/ul>\n<figure id=\"attachment_22201\" aria-describedby=\"caption-attachment-22201\" style=\"width: 1000px\" class=\"wp-caption alignnone\"><img fetchpriority=\"high\" decoding=\"async\" class=\"size-full wp-image-22201\" src=\"https:\/\/eurodirections.com\/wp-content\/uploads\/2023\/03\/welcome-to-lisbon-portugal.jpg\" alt=\"Velkommen til Lissabon, Portugal, og nyd din rejse med Euro Directions rejsemagasin!\" width=\"1000\" height=\"667\" srcset=\"https:\/\/eurodirections.com\/wp-content\/uploads\/2023\/03\/welcome-to-lisbon-portugal.jpg 1000w, https:\/\/eurodirections.com\/wp-content\/uploads\/2023\/03\/welcome-to-lisbon-portugal-300x200.jpg 300w, https:\/\/eurodirections.com\/wp-content\/uploads\/2023\/03\/welcome-to-lisbon-portugal-768x512.jpg 768w\" sizes=\"(max-width: 1000px) 100vw, 1000px\" \/><figcaption id=\"caption-attachment-22201\" class=\"wp-caption-text\">Velkommen til Lissabon, Portugal, og nyd din rejse med Euro Directions rejsemagasin! Foto af Vesela Vaclavik<\/figcaption><\/figure>\n<h3><span class=\"ez-toc-section\" id=\"Hvor-skal-man-bo-i-Lissabon\"><\/span><b>Hvor skal man bo i Lissabon<\/b><span class=\"ez-toc-section-end\"><\/span><\/h3>\n<ul>\n<li style=\"font-weight: 400;\" aria-level=\"1\"><span style=\"font-weight: 400;\">V\u00e6lg den stemningsfulde atmosf\u00e6re p\u00e5 det 5-stjernede Wine &amp; Books Lisboa Hotel, som vil blive det bedste eksempel p\u00e5 din ferie i hovedstaden. <\/span><\/li>\n<li style=\"font-weight: 400;\" aria-level=\"1\"><span style=\"font-weight: 400;\">Det 4-stjernede Memmo Alfama &#8211; Design Hotel ligger i det historiske Alfama-kvarter og vil f\u00e5 dig til at nyde hvert et \u00f8jeblik af dit ophold.<\/span><\/li>\n<li style=\"font-weight: 400;\" aria-level=\"1\"><span style=\"font-weight: 400;\">Be Poet Baixa Hotel har en mere overkommelig l\u00f8sning med et moderne interi\u00f8r, rige farver og dekorationer.<\/span><\/li>\n<li style=\"font-weight: 400;\" aria-level=\"1\"><span style=\"font-weight: 400;\">Spar p\u00e5 indkvarteringen i Lissabon og nyd stadig komforten ved at booke en seng i Yes! Lissabon Hostel.<\/span><\/li>\n<li style=\"font-weight: 400;\" aria-level=\"1\"><span style=\"font-weight: 400;\">Tag p\u00e5 en endagstur til Cascais og bo p\u00e5 et luksuri\u00f8st Westlight Cascais Chalet-hotel med en betagende udsigt over stranden.<\/span><\/li>\n<\/ul>\n<p><script src=\"https:\/\/www.travelpayouts.com\/chansey\/iframe.js?v=1&amp;marker=14350&amp;host=air.eurodirections.com%2Fhotels&amp;locale=en&amp;currency=eur&amp;nobooking=&amp;powered_by=false&amp;hotel_id=1901035476\" charset=\"utf-8\" async=\"\"><\/script><\/p>\n<h3><span class=\"ez-toc-section\" id=\"Fly-til-Lissabon\"><\/span>Fly til Lissabon<span class=\"ez-toc-section-end\"><\/span><\/h3>\n<p>Gennemse flere <a title=\"Lissabon flyvefortegnelse og kalender\" href=\"https:\/\/eurodirections.com\/da\/flyrejser-til-lissabon\/\" target=\"_blank\" rel=\"noopener\">flymuligheder for at rejse til Lissabon<\/a>.<\/p>\n<p><script src=\"https:\/\/tp.media\/content?trs=147545&amp;shmarker=14350&amp;destination=LIS&amp;locale=da&amp;currency=eur&amp;limit=10&amp;primary=%23E9166Cff&amp;promo_id=7291&amp;campaign_id=200\" charset=\"utf-8\"><\/script><\/p>\n<p><script type=\"application\/ld+json\">\n{\n    \"@context\": \"http:\/\/schema.org\",\n    \"@type\": \"WebPage\",\n    \"name\": \"Lissabon guide\",\n    \"description\": \"Udforsk Lissabon, Portugal - Ting du skal g\u00f8re i Lissabon, hotelforslag, fremh\u00e6vede sev\u00e6rdigheder og turistguide til turistattraktioner.<span data-mce-type=\"bookmark\" style=\"display: inline-block; width: 0px; overflow: hidden; line-height: 0;\" class=\"mce_SELRES_start\">\ufeff<\/span>\",\n    \"publisher\": {\n        \"@type\": \"WebPage\",\n        \"name\": \"Eurodirections.com\"\n    }\n}\n<\/script><\/p>\n","protected":false},"excerpt":{"rendered":"<p>F\u00f8lg Euro Directions rejsemagasins s\u00e6rlige serie om Europas bedste rejsem\u00e5l Udforsk Lissabon: en liste over alt, hvad du kan g\u00f8re som turist Portugals kysthovedstad med pastelfarvede bygninger og tegltag er den st\u00f8rste by og landets politiske, \u00f8konomiske og turistm\u00e6ssige centrum. Byen har stadig en atmosf\u00e6re fra det 19. \u00e5rhundrede p\u00e5 trods af de moderne indk\u00f8rsel [&hellip;]<\/p>\n","protected":false},"author":1,"featured_media":6242,"parent":0,"menu_order":0,"comment_status":"closed","ping_status":"closed","template":"","meta":{"footnotes":""},"class_list":["post-22268","page","type-page","status-publish","has-post-thumbnail","hentry"],"_links":{"self":[{"href":"https:\/\/eurodirections.com\/da\/wp-json\/wp\/v2\/pages\/22268","targetHints":{"allow":["GET"]}}],"collection":[{"href":"https:\/\/eurodirections.com\/da\/wp-json\/wp\/v2\/pages"}],"about":[{"href":"https:\/\/eurodirections.com\/da\/wp-json\/wp\/v2\/types\/page"}],"author":[{"embeddable":true,"href":"https:\/\/eurodirections.com\/da\/wp-json\/wp\/v2\/users\/1"}],"replies":[{"embeddable":true,"href":"https:\/\/eurodirections.com\/da\/wp-json\/wp\/v2\/comments?post=22268"}],"version-history":[{"count":0,"href":"https:\/\/eurodirections.com\/da\/wp-json\/wp\/v2\/pages\/22268\/revisions"}],"wp:featuredmedia":[{"embeddable":true,"href":"https:\/\/eurodirections.com\/da\/wp-json\/wp\/v2\/media\/6242"}],"wp:attachment":[{"href":"https:\/\/eurodirections.com\/da\/wp-json\/wp\/v2\/media?parent=22268"}],"curies":[{"name":"wp","href":"https:\/\/api.w.org\/{rel}","templated":true}]}}