{"id":16916,"date":"2023-01-16T21:06:10","date_gmt":"2023-01-16T21:06:10","guid":{"rendered":"https:\/\/eurodirections.com\/billig-flykalender-%e2%9c%88\/"},"modified":"2023-02-16T09:40:37","modified_gmt":"2023-02-16T09:40:37","slug":"billig-flykalender","status":"publish","type":"page","link":"https:\/\/eurodirections.com\/da\/billig-flykalender\/","title":{"rendered":"Billig flykalender"},"content":{"rendered":"<div id=\"ez-toc-container\" class=\"ez-toc-v2_0_82_2 counter-hierarchy ez-toc-counter ez-toc-grey ez-toc-container-direction\">\n<div class=\"ez-toc-title-container\">\n<p class=\"ez-toc-title\" style=\"cursor:inherit\">Table of Contents<\/p>\n<span class=\"ez-toc-title-toggle\"><a href=\"#\" class=\"ez-toc-pull-right ez-toc-btn ez-toc-btn-xs ez-toc-btn-default ez-toc-toggle\" aria-label=\"Toggle Table of Content\"><span class=\"ez-toc-js-icon-con\"><span class=\"\"><span class=\"eztoc-hide\" style=\"display:none;\">Toggle<\/span><span class=\"ez-toc-icon-toggle-span\"><svg style=\"fill: #999;color:#999\" xmlns=\"http:\/\/www.w3.org\/2000\/svg\" class=\"list-377408\" width=\"20px\" height=\"20px\" viewBox=\"0 0 24 24\" fill=\"none\"><path d=\"M6 6H4v2h2V6zm14 0H8v2h12V6zM4 11h2v2H4v-2zm16 0H8v2h12v-2zM4 16h2v2H4v-2zm16 0H8v2h12v-2z\" fill=\"currentColor\"><\/path><\/svg><svg style=\"fill: #999;color:#999\" class=\"arrow-unsorted-368013\" xmlns=\"http:\/\/www.w3.org\/2000\/svg\" width=\"10px\" height=\"10px\" viewBox=\"0 0 24 24\" version=\"1.2\" baseProfile=\"tiny\"><path d=\"M18.2 9.3l-6.2-6.3-6.2 6.3c-.2.2-.3.4-.3.7s.1.5.3.7c.2.2.4.3.7.3h11c.3 0 .5-.1.7-.3.2-.2.3-.5.3-.7s-.1-.5-.3-.7zM5.8 14.7l6.2 6.3 6.2-6.3c.2-.2.3-.5.3-.7s-.1-.5-.3-.7c-.2-.2-.4-.3-.7-.3h-11c-.3 0-.5.1-.7.3-.2.2-.3.5-.3.7s.1.5.3.7z\"\/><\/svg><\/span><\/span><\/span><\/a><\/span><\/div>\n<nav><ul class='ez-toc-list ez-toc-list-level-1 eztoc-toggle-hide-by-default' ><li class='ez-toc-page-1 ez-toc-heading-level-2'><a class=\"ez-toc-link ez-toc-heading-1\" href=\"https:\/\/eurodirections.com\/da\/billig-flykalender\/#Kalender-med-billige-flyrejser\" >Kalender med billige flyrejser<\/a><ul class='ez-toc-list-level-3' ><li class='ez-toc-heading-level-3'><a class=\"ez-toc-link ez-toc-heading-2\" href=\"https:\/\/eurodirections.com\/da\/billig-flykalender\/#%F0%9F%93%85-Hvordan-bruger-du-kalenderen-for-billige-flyrejser\" >\ud83d\udcc5 Hvordan bruger du kalenderen for billige flyrejser?<\/a><\/li><li class='ez-toc-page-1 ez-toc-heading-level-3'><a class=\"ez-toc-link ez-toc-heading-3\" href=\"https:\/\/eurodirections.com\/da\/billig-flykalender\/#%F0%9F%A7%B3-Fordele-ved-at-bruge-en-billig-flykalender\" >\ud83e\uddf3 Fordele ved at bruge en billig flykalender<\/a><\/li><\/ul><\/li><li class='ez-toc-page-1 ez-toc-heading-level-2'><a class=\"ez-toc-link ez-toc-heading-4\" href=\"https:\/\/eurodirections.com\/da\/billig-flykalender\/#Eksempel-paa-brug-af-kalender-for-billige-flyrejser\" >Eksempel p\u00e5 brug af kalender for billige flyrejser<\/a><\/li><\/ul><\/nav><\/div>\n<p>Vores billige flykalender er et kraftfuldt <strong>rejseplanl\u00e6gningsv\u00e6rkt\u00f8j<\/strong>, der <strong>hj\u00e6lper brugere med at sammenligne<\/strong> og v\u00e6lge den bedste dato for deres flyrejse til en specifik destination fra ethvert punkt i verden. Kalenderen giver brugerne mulighed for nemt at s\u00f8ge og <strong>sammenligne flyrejser fra alle flyselskaber<\/strong>, rejsebureauer og bookingsystemer og identificere de mest <strong>omkostningseffektive<\/strong> datoer for deres rejse.<\/p>\n<h2><span class=\"ez-toc-section\" id=\"Kalender-med-billige-flyrejser\"><\/span>Kalender med billige flyrejser<span class=\"ez-toc-section-end\"><\/span><\/h2>\n<p><script src=\"\/\/tp.media\/content?currency=eur&amp;promo_id=4041&amp;shmarker=14350&amp;campaign_id=100&amp;trs=147545&amp;searchUrl=air.eurodirections.com%2Fflights&amp;locale=en_us&amp;powered_by=false&amp;one_way=true&amp;only_direct=false&amp;period=year&amp;range=1%2C30&amp;primary=%23172940&amp;color_background=%23FFFFFF&amp;achieve=%230F5ABD&amp;dark=%23000000&amp;light=%23FFFFFF&amp;destination=LON\" charset=\"utf-8\"><span data-mce-type=\"bookmark\" style=\"display: inline-block; width: 0px; overflow: hidden; line-height: 0;\" class=\"mce_SELRES_start\">\ufeff<\/span><span data-mce-type=\"bookmark\" style=\"display: inline-block; width: 0px; overflow: hidden; line-height: 0;\" class=\"mce_SELRES_start\">\ufeff<\/span><span data-mce-type=\"bookmark\" style=\"display: inline-block; width: 0px; overflow: hidden; line-height: 0;\" class=\"mce_SELRES_start\">\ufeff<\/span><span data-mce-type=\"bookmark\" style=\"display: inline-block; width: 0px; overflow: hidden; line-height: 0;\" class=\"mce_SELRES_start\">\ufeff<\/span><span data-mce-type=\"bookmark\" style=\"display: inline-block; width: 0px; overflow: hidden; line-height: 0;\" class=\"mce_SELRES_start\">\ufeff<\/span><\/script><\/p>\n<h3><span class=\"ez-toc-section\" id=\"%F0%9F%93%85-Hvordan-bruger-du-kalenderen-for-billige-flyrejser\"><\/span>\ud83d\udcc5 Hvordan bruger du kalenderen for billige flyrejser?<span class=\"ez-toc-section-end\"><\/span><\/h3>\n<ol>\n<li>V\u00e6lg din placering fra \u00f8verste venstre side af kalenderen<\/li>\n<li>Se den billigste pris for hver m\u00e5ned for flyrejsen fra dit sted<\/li>\n<li>Klik p\u00e5 et m\u00e5nedsvindue for at se den n\u00f8jagtige dato for den mest prisbillige flyrejse<\/li>\n<li>Du kan klikke p\u00e5 datovinduet for at se flydetaljerne<\/li>\n<li>Klik p\u00e5 flydetaljer-knappen for at se de fulde vilk\u00e5r for flyrejsen eller book flybilletten<\/li>\n<li>Du kan bruge indstillingen \u00f8verst til venstre i kalenderen til at \u00e6ndre flytypen (en-vejs eller to-vejs)<\/li>\n<\/ol>\n<p>Med den billige flykalender kan brugerne nemt sammenligne <strong>billetpriser og planl\u00e6gge<\/strong> og organisere deres rejse hvor som helst i verden. Uanset om du planl\u00e6gger en forretningsrejse eller en strandferie, er vores flykalender det perfekte v\u00e6rkt\u00f8j til at hj\u00e6lpe dig med at <strong>finde det bedste tilbud p\u00e5 flybillet.<\/strong><\/p>\n<h3><span class=\"ez-toc-section\" id=\"%F0%9F%A7%B3-Fordele-ved-at-bruge-en-billig-flykalender\"><\/span>\ud83e\uddf3 Fordele ved at bruge en billig flykalender<span class=\"ez-toc-section-end\"><\/span><\/h3>\n<ul>\n<li>Sammenlign priser: Flykalenderen giver brugerne mulighed for nemt at sammenligne priser fra forskellige flyselskaber, rejsebureauer og bookingsystemer, hvilket hj\u00e6lper dem med at finde det bedste tilbud p\u00e5 flyrejser.<\/li>\n<li>Find de bedste datoer: Kalenderen giver brugerne mulighed for at s\u00f8ge efter flyrejser p\u00e5 forskellige datoer, hvilket hj\u00e6lper dem med at identificere de mest omkostningseffektive datoer for deres rejse.<\/li>\n<li>Praktisk: Kalenderen er nem at bruge og giver brugerne mulighed for at planl\u00e6gge og organisere deres rejse p\u00e5 \u00e9t bekvemt sted.<\/li>\n<li>Spar tid: Kalenderen eliminerer behovet for, at brugere skal s\u00f8ge p\u00e5 flere websteder for at finde det bedste tilbud p\u00e5 flybilletter, hvilket sparer dem tid og kr\u00e6fter.<\/li>\n<li>F\u00e5 det bedste tilbud: Kalenderen hj\u00e6lper brugerne med at finde den billigste flyrejse og f\u00e5 det bedste tilbud for pengene.<\/li>\n<li>Intet behov for flere s\u00f8gninger: Kalenderen viser dig priserne for alle flyselskaber og alle m\u00e5nedens datoer p\u00e5 \u00e9t sted, ingen grund til at s\u00f8ge p\u00e5 flere hjemmesider.<\/li>\n<li>Find den bedste flyveplan: Kalenderen viser flyveplanerne, s\u00e5 du kan v\u00e6lge den, der passer bedst til dine behov.<\/li>\n<\/ul>\n<h2><span class=\"ez-toc-section\" id=\"Eksempel-paa-brug-af-kalender-for-billige-flyrejser\"><\/span>Eksempel p\u00e5 brug af kalender for billige flyrejser<span class=\"ez-toc-section-end\"><\/span><\/h2>\n<p>Det er nemt at bruge den billige flykalender. Lad os sige, at du planl\u00e6gger en rejse fra New York City til London. Her er et eksempel p\u00e5, hvordan du kan bruge kalenderen til at finde det bedste tilbud p\u00e5 flybilletter:<\/p>\n<figure id=\"attachment_10403\" aria-describedby=\"caption-attachment-10403\" style=\"width: 846px\" class=\"wp-caption alignnone\"><a href=\"https:\/\/eurodirections.com\/calendar\/cheap-flight-calendar-settings-screenshot\/\" rel=\"attachment wp-att-10403\"><img fetchpriority=\"high\" decoding=\"async\" class=\"size-full wp-image-10403\" src=\"https:\/\/eurodirections.com\/wp-content\/uploads\/2023\/01\/cheap-flight-calendar-settings-screenshot.jpg\" alt=\"Brug af kalenderen for billige flyrejser i eurodirections.com\" width=\"846\" height=\"797\" srcset=\"https:\/\/eurodirections.com\/wp-content\/uploads\/2023\/01\/cheap-flight-calendar-settings-screenshot.jpg 846w, https:\/\/eurodirections.com\/wp-content\/uploads\/2023\/01\/cheap-flight-calendar-settings-screenshot-300x283.jpg 300w, https:\/\/eurodirections.com\/wp-content\/uploads\/2023\/01\/cheap-flight-calendar-settings-screenshot-768x724.jpg 768w\" sizes=\"(max-width: 846px) 100vw, 846px\" \/><\/a><figcaption id=\"caption-attachment-10403\" class=\"wp-caption-text\">Sk\u00e6rmbillede. Brug af kalenderen for billige flyrejser og indstil parametrene for flyrejser i eurodirections.com<\/figcaption><\/figure>\n<ol>\n<li>Bes\u00f8g eurodirections.com, og v\u00e6lg &#8220;Flykalender&#8221;.<\/li>\n<li>Klik p\u00e5 ikonet Indstillinger, og skriv &#8220;New York City&#8221; i feltet &#8220;Fra&#8221;, og skriv &#8220;London&#8221; i feltet &#8220;Til&#8221;.<\/li>\n<li>V\u00e6lg den \u00f8nskede rejsemulighed: enkeltrejse eller tovejsrejse.<\/li>\n<li>Hvis du v\u00e6lger &#8220;Tovejs&#8221;, bliver du bedt om at angive varigheden af din rejse.<\/li>\n<li>Du kan v\u00e6lge kun at se priserne p\u00e5 direkte flyvninger i kalenderen ved at klikke p\u00e5 afkrydsningsfeltet &#8220;Direkte flyvninger&#8221;.<\/li>\n<li>Kalenderen viser alle tilg\u00e6ngelige flyvninger fra New York City til London i m\u00e5nedsvinduerne. Den billigste m\u00e5ned vil blive fremh\u00e6vet.<\/li>\n<li>Hvis du blot klikker p\u00e5 m\u00e5neden, f\u00e5r du vist m\u00e5nedens datoer og den n\u00f8jagtige dato for den billigste flyrejse.<\/li>\n<li>Hvis du klikker p\u00e5 datoen, \u00e5bnes siden med s\u00f8geresultaterne med alle flyoplysninger.<\/li>\n<li>Du kan sortere flyvningerne efter pris, tidsplan og flyselskaber.<\/li>\n<li>Sammenlign priserne p\u00e5 de forskellige flyvninger, og v\u00e6lg den, der passer bedst til dit budget og din tidsplan.<\/li>\n<li>N\u00e5r du har fundet det bedste tilbud, kan du forts\u00e6tte med at bestille din flyrejse fra bookingsystemet, som giver flybilletten.<\/li>\n<\/ol>\n<p>Du kan se en billig flykalender med de bedste priser for f\u00f8lgende flyruter her: Fly til <a href=\"https:\/\/eurodirections.com\/berlin-tirana-flights-timetable\/\">Berlin-Tirana<\/a>, <a href=\"https:\/\/eurodirections.com\/fly-to-porto-portugal\/\">Fly til Porto<\/a>, <a href=\"https:\/\/eurodirections.com\/paris-bangalore\/\">Flyrejser til Paris-Bangalore<\/a> og <a href=\"https:\/\/eurodirections.com\/in\/flights\/\">mange andre flyruter her.<\/a><\/p>\n<p>Vores kalender bliver <strong>l\u00f8bende opdateret med de seneste priser<\/strong> og flyveplaner, s\u00e5 du kan v\u00e6re sikker p\u00e5, at du f\u00e5r den seneste information. Vi h\u00e5ber, du kan bruge vores billige flykalender effektivt og finde den perfekte flyrejse til din rejse til enhver destination. God rejse!<\/p>\n","protected":false},"excerpt":{"rendered":"<p>Vores billige flykalender er et kraftfuldt rejseplanl\u00e6gningsv\u00e6rkt\u00f8j, der hj\u00e6lper brugere med at sammenligne og v\u00e6lge den bedste dato for deres flyrejse til en specifik destination fra ethvert punkt i verden. Kalenderen giver brugerne mulighed for nemt at s\u00f8ge og sammenligne flyrejser fra alle flyselskaber, rejsebureauer og bookingsystemer og identificere de mest omkostningseffektive datoer for deres [&hellip;]<\/p>\n","protected":false},"author":1,"featured_media":29093,"parent":0,"menu_order":0,"comment_status":"closed","ping_status":"closed","template":"","meta":{"footnotes":""},"class_list":["post-16916","page","type-page","status-publish","has-post-thumbnail","hentry"],"_links":{"self":[{"href":"https:\/\/eurodirections.com\/da\/wp-json\/wp\/v2\/pages\/16916","targetHints":{"allow":["GET"]}}],"collection":[{"href":"https:\/\/eurodirections.com\/da\/wp-json\/wp\/v2\/pages"}],"about":[{"href":"https:\/\/eurodirections.com\/da\/wp-json\/wp\/v2\/types\/page"}],"author":[{"embeddable":true,"href":"https:\/\/eurodirections.com\/da\/wp-json\/wp\/v2\/users\/1"}],"replies":[{"embeddable":true,"href":"https:\/\/eurodirections.com\/da\/wp-json\/wp\/v2\/comments?post=16916"}],"version-history":[{"count":0,"href":"https:\/\/eurodirections.com\/da\/wp-json\/wp\/v2\/pages\/16916\/revisions"}],"wp:featuredmedia":[{"embeddable":true,"href":"https:\/\/eurodirections.com\/da\/wp-json\/wp\/v2\/media\/29093"}],"wp:attachment":[{"href":"https:\/\/eurodirections.com\/da\/wp-json\/wp\/v2\/media?parent=16916"}],"curies":[{"name":"wp","href":"https:\/\/api.w.org\/{rel}","templated":true}]}}