{"id":16059,"date":"2022-04-15T07:11:32","date_gmt":"2022-04-15T07:11:32","guid":{"rendered":"https:\/\/eurodirections.com\/rhodos-bucket-list\/"},"modified":"2023-02-13T16:30:28","modified_gmt":"2023-02-13T16:30:28","slug":"rhodos-bucket-list","status":"publish","type":"page","link":"https:\/\/eurodirections.com\/da\/rhodos-bucket-list\/","title":{"rendered":"Rhodos bucket list"},"content":{"rendered":"<div id=\"ez-toc-container\" class=\"ez-toc-v2_0_82_2 counter-hierarchy ez-toc-counter ez-toc-grey ez-toc-container-direction\">\n<div class=\"ez-toc-title-container\">\n<p class=\"ez-toc-title\" style=\"cursor:inherit\">Table of Contents<\/p>\n<span class=\"ez-toc-title-toggle\"><a href=\"#\" class=\"ez-toc-pull-right ez-toc-btn ez-toc-btn-xs ez-toc-btn-default ez-toc-toggle\" aria-label=\"Toggle Table of Content\"><span class=\"ez-toc-js-icon-con\"><span class=\"\"><span class=\"eztoc-hide\" style=\"display:none;\">Toggle<\/span><span class=\"ez-toc-icon-toggle-span\"><svg style=\"fill: #999;color:#999\" xmlns=\"http:\/\/www.w3.org\/2000\/svg\" class=\"list-377408\" width=\"20px\" height=\"20px\" viewBox=\"0 0 24 24\" fill=\"none\"><path d=\"M6 6H4v2h2V6zm14 0H8v2h12V6zM4 11h2v2H4v-2zm16 0H8v2h12v-2zM4 16h2v2H4v-2zm16 0H8v2h12v-2z\" fill=\"currentColor\"><\/path><\/svg><svg style=\"fill: #999;color:#999\" class=\"arrow-unsorted-368013\" xmlns=\"http:\/\/www.w3.org\/2000\/svg\" width=\"10px\" height=\"10px\" viewBox=\"0 0 24 24\" version=\"1.2\" baseProfile=\"tiny\"><path d=\"M18.2 9.3l-6.2-6.3-6.2 6.3c-.2.2-.3.4-.3.7s.1.5.3.7c.2.2.4.3.7.3h11c.3 0 .5-.1.7-.3.2-.2.3-.5.3-.7s-.1-.5-.3-.7zM5.8 14.7l6.2 6.3 6.2-6.3c.2-.2.3-.5.3-.7s-.1-.5-.3-.7c-.2-.2-.4-.3-.7-.3h-11c-.3 0-.5.1-.7.3-.2.2-.3.5-.3.7s.1.5.3.7z\"\/><\/svg><\/span><\/span><\/span><\/a><\/span><\/div>\n<nav><ul class='ez-toc-list ez-toc-list-level-1 eztoc-toggle-hide-by-default' ><li class='ez-toc-page-1 ez-toc-heading-level-2'><a class=\"ez-toc-link ez-toc-heading-1\" href=\"https:\/\/eurodirections.com\/da\/rhodos-bucket-list\/#Udforsk-Rhodos-en-liste-over-alt-for-turister\" >Udforsk Rhodos: en liste over alt for turister<\/a><ul class='ez-toc-list-level-3' ><li class='ez-toc-heading-level-3'><a class=\"ez-toc-link ez-toc-heading-2\" href=\"https:\/\/eurodirections.com\/da\/rhodos-bucket-list\/#Ting-du-ikke-maa-gaa-glip-af-paa-Rhodos\" >Ting, du ikke m\u00e5 g\u00e5 glip af p\u00e5 Rhodos<\/a><\/li><li class='ez-toc-page-1 ez-toc-heading-level-3'><a class=\"ez-toc-link ez-toc-heading-3\" href=\"https:\/\/eurodirections.com\/da\/rhodos-bucket-list\/#Spis-som-en-lokal-paa-Rhodos\" >Spis som en lokal p\u00e5 Rhodos<\/a><\/li><li class='ez-toc-page-1 ez-toc-heading-level-3'><a class=\"ez-toc-link ez-toc-heading-4\" href=\"https:\/\/eurodirections.com\/da\/rhodos-bucket-list\/#Hvor-skal-man-bo-i-Rhodos\" >Hvor skal man bo i Rhodos<\/a><\/li><li class='ez-toc-page-1 ez-toc-heading-level-3'><a class=\"ez-toc-link ez-toc-heading-5\" href=\"https:\/\/eurodirections.com\/da\/rhodos-bucket-list\/#Rhodos-Island-hoteller-kort-med-priser\" >Rhodos Island hoteller kort med priser<\/a><\/li><li class='ez-toc-page-1 ez-toc-heading-level-3'><a class=\"ez-toc-link ez-toc-heading-6\" href=\"https:\/\/eurodirections.com\/da\/rhodos-bucket-list\/#Liste-o-billige-flybilletter-til-Rhodos\" >Liste o billige flybilletter til Rhodos<\/a><\/li><\/ul><\/li><\/ul><\/nav><\/div>\n<h2><span class=\"ez-toc-section\" id=\"Udforsk-Rhodos-en-liste-over-alt-for-turister\"><\/span><b>Udforsk Rhodos: en liste over alt for turister<\/b><span class=\"ez-toc-section-end\"><\/span><\/h2>\n<p><span style=\"font-weight: 400;\">Rhodos er den st\u00f8rste af Dodekaneserne, der bes\u00f8ges af over 2 millioner turister hvert \u00e5r. Den fantastiske gr\u00e6ske \u00f8 sv\u00f8mmer ikke kun og nyder betagende natur, men er en UNESCO-listet gammel bydel med en tusind\u00e5rig historie, arkitektur og 100 flere grunde til at bes\u00f8ge Rhodos. <\/span><\/p>\n<blockquote><p>Se ogs\u00e5: <a href=\"https:\/\/eurodirections.com\/travel-to-rhodes-greece\/#Best-season-for-visiting-Rhodes\" target=\"_blank\" rel=\"noopener\">Ved du, hvilken s\u00e6son der er den bedste at rejse til Rhodos?<\/a><\/p><\/blockquote>\n<h3><span class=\"ez-toc-section\" id=\"Ting-du-ikke-maa-gaa-glip-af-paa-Rhodos\"><\/span><b>Ting, du ikke m\u00e5 g\u00e5 glip af p\u00e5 Rhodos<\/b><span class=\"ez-toc-section-end\"><\/span><\/h3>\n<figure id=\"attachment_1876\" aria-describedby=\"caption-attachment-1876\" style=\"width: 971px\" class=\"wp-caption alignnone\"><img fetchpriority=\"high\" decoding=\"async\" class=\"size-full wp-image-1876\" src=\"http:\/\/eurodirections.com\/wp-content\/uploads\/2022\/04\/rhodes-city-greece.jpg\" alt=\"Rhodos By gader, Gr\u00e6kenland\" width=\"971\" height=\"618\" srcset=\"https:\/\/eurodirections.com\/wp-content\/uploads\/2022\/04\/rhodes-city-greece.jpg 971w, https:\/\/eurodirections.com\/wp-content\/uploads\/2022\/04\/rhodes-city-greece-300x191.jpg 300w, https:\/\/eurodirections.com\/wp-content\/uploads\/2022\/04\/rhodes-city-greece-768x489.jpg 768w, https:\/\/eurodirections.com\/wp-content\/uploads\/2022\/04\/rhodes-city-greece-100x65.jpg 100w\" sizes=\"(max-width: 971px) 100vw, 971px\" \/><figcaption id=\"caption-attachment-1876\" class=\"wp-caption-text\">Gaderne i Rhodos By, Gr\u00e6kenland. Foto af PixMeta<\/figcaption><\/figure>\n<ul>\n<li style=\"font-weight: 400;\" aria-level=\"1\">G\u00e5 en tur rundt i den gamle Akropolis i Lindos med ruinerne spredt ud over kysten.<\/li>\n<li style=\"font-weight: 400;\" aria-level=\"1\">G\u00e5 ikke glip af St Paul&#8217;s Beach, en billedsk\u00f8n strand med rent vand og gl\u00f8dende guldsand.<\/li>\n<li style=\"font-weight: 400;\" aria-level=\"1\">Fork\u00e6l din krop med Kalithea varme kilder med helbredende egenskaber.<\/li>\n<li style=\"font-weight: 400;\" aria-level=\"1\">Fyld den ufattelige romantik i Sommerfugledalen fyldt med farverige sommerfugle fra slutningen af juni til midten af august.<\/li>\n<li style=\"font-weight: 400;\" aria-level=\"1\">Omfavn sk\u00f8nheden i solnedgangen, n\u00e5r du slentrer rundt i Rhodos gamle bydel.<\/li>\n<li style=\"font-weight: 400;\" aria-level=\"1\">Find et smukt Tsambika-kloster, en ren hvid kirke med r\u00f8dt tag og en fantastisk udsigt over bjergene.<\/li>\n<\/ul>\n<h3><span class=\"ez-toc-section\" id=\"Spis-som-en-lokal-paa-Rhodos\"><\/span><b>Spis som en lokal p\u00e5 Rhodos<\/b><span class=\"ez-toc-section-end\"><\/span><\/h3>\n<ul>\n<li style=\"font-weight: 400;\" aria-level=\"1\">Find den bedste meze i den traditionelle cafe Symi, der ligger i det nye marked.<\/li>\n<li style=\"font-weight: 400;\" aria-level=\"1\">Pr\u00f8v eksklusive retter serveret p\u00e5 den mest attraktive m\u00e5de i Noble Gourmet Restaurant.<\/li>\n<li style=\"font-weight: 400;\" aria-level=\"1\">Smag alle de originale lokale delikatesser i Paraga, en hyggelig og nostalgisk restaurant med br\u00e6ndeovne.<\/li>\n<li style=\"font-weight: 400;\" aria-level=\"1\">Bag en smuk mur af en venetiansk bygning finder du en malerisk g\u00e5rdhave til Marco Polo Mansion, inspireret af Andalusien og Sydfrankrig.<\/li>\n<li style=\"font-weight: 400;\" aria-level=\"1\">Elskere af fisk og skaldyr vil elske overfloden af retter med gr\u00e6ske smage i Hatzikeli, en fiske- og skaldyrstavern.<\/li>\n<\/ul>\n<h3><span class=\"ez-toc-section\" id=\"Hvor-skal-man-bo-i-Rhodos\"><\/span><b>Hvor skal man bo i Rhodos<\/b><span class=\"ez-toc-section-end\"><\/span><\/h3>\n<figure id=\"attachment_1877\" aria-describedby=\"caption-attachment-1877\" style=\"width: 939px\" class=\"wp-caption alignnone\"><img decoding=\"async\" class=\"size-full wp-image-1877\" src=\"http:\/\/eurodirections.com\/wp-content\/uploads\/2022\/04\/lyndos-rhodes-greece.jpg\" alt=\"Lyndos bystrand, Rhodos Island Gr\u00e6kenland\" width=\"939\" height=\"621\" srcset=\"https:\/\/eurodirections.com\/wp-content\/uploads\/2022\/04\/lyndos-rhodes-greece.jpg 939w, https:\/\/eurodirections.com\/wp-content\/uploads\/2022\/04\/lyndos-rhodes-greece-300x198.jpg 300w, https:\/\/eurodirections.com\/wp-content\/uploads\/2022\/04\/lyndos-rhodes-greece-768x508.jpg 768w, https:\/\/eurodirections.com\/wp-content\/uploads\/2022\/04\/lyndos-rhodes-greece-100x65.jpg 100w\" sizes=\"(max-width: 939px) 100vw, 939px\" \/><figcaption id=\"caption-attachment-1877\" class=\"wp-caption-text\">Stranden i Lyndos by, Rhodos-\u00f8en Gr\u00e6kenland. Billede af Photo-Week.net<\/figcaption><\/figure>\n<ul>\n<li style=\"font-weight: 400;\" aria-level=\"1\">G\u00f8r din ferie til guddommelige \u00f8jeblikke i Nama Retreat, et 5-stjernet uds\u00f8gt hotel.<\/li>\n<li style=\"font-weight: 400;\" aria-level=\"1\">Kolymbia Bay Art &#8211; kun for voksne 4-stjernet resorthotel ligger kun 2 minutters gang fra stranden; en fremragende mulighed for din uforglemmelige ferie.<\/li>\n<li style=\"font-weight: 400;\" aria-level=\"1\">Et 3-stjernet International Hotel er dit valg, hvis du \u00f8nsker at have komfort til en rimelig pris.<\/li>\n<li style=\"font-weight: 400;\" aria-level=\"1\">Stay Hostel vil v\u00e6re et fremragende sted for enkelt- eller grupperejser som en budgetvenlig indkvartering.<\/li>\n<li style=\"font-weight: 400;\" aria-level=\"1\">V\u00e6lg at bo i Lindos, himlen p\u00e5 jorden med et himmelsk yndigt F Charm Hotel &#8211; Kun voksne med en autentisk stemning.<\/li>\n<\/ul>\n<h3><span class=\"ez-toc-section\" id=\"Rhodos-Island-hoteller-kort-med-priser\"><\/span>Rhodos Island hoteller kort med priser<span class=\"ez-toc-section-end\"><\/span><\/h3>\n<p><script src=\"\/\/tp.media\/content?0=0&amp;1=10&amp;promo_id=4285&amp;shmarker=14350.rhodesmap&amp;campaign_id=101&amp;search_host=search.hotellook.com&amp;locale=en&amp;currency=eur&amp;draggable=true&amp;disable_zoom=false&amp;show_logo=false&amp;scrollwheel=false&amp;color=%23F56E14&amp;contrast_color=%23ffffff&amp;width=720&amp;height=500&amp;zoom=13&amp;radius=60&amp;stars=0%2C1%2C2%2C3%2C4%2C5&amp;price_from=&amp;price_to=&amp;lat=36.44288&amp;lng=28.22654\" charset=\"utf-8\"><\/script><\/p>\n<h3><span class=\"ez-toc-section\" id=\"Liste-o-billige-flybilletter-til-Rhodos\"><\/span>Liste o billige flybilletter til Rhodos<span class=\"ez-toc-section-end\"><\/span><\/h3>\n<p><script src=\"https:\/\/tp.media\/content?currency=eur&amp;promo_id=4044&amp;shmarker=14350&amp;campaign_id=100&amp;trs=147545&amp;target_host=air.eurodirections.com%2Fflights&amp;locale=en&amp;limit=12&amp;powered_by=false&amp;primary=%230085FF&amp;destination=RHO\" charset=\"utf-8\"><\/script><\/p>\n<p><a title=\"Alle flyrejser til Rhodos\" href=\"https:\/\/eurodirections.com\/flights-to-rhodes-greece\/\" target=\"_blank\" rel=\"noopener\">Gennemse alle direkte fly til Rhodos, Gr\u00e6kenland<\/a> &#8211; Sammenlign priser p\u00e5 flybilletter til Rhodos p\u00e5 sikre online reservationsplatforme og rejsebureauer.<\/p>\n<p><script type=\"application\/ld+json\">\n    {\n      \"@context\": \"https:\/\/schema.org\",\n      \"@type\": \"FAQPage\",\n      \"@id\" : \"#faq\",\n      \"url\" : \"https:\/\/www.eurodirections.com\/rhodes\/\",\n      \"name\" : \"Rhodes Travel FAQ\",\n      \"mainEntity\": [{\n        \"@type\": \"Question\",\n        \"name\": \"Things to do in Rhodes?\",\n        \"acceptedAnswer\": {\n          \"@type\": \"Answer\",\n          \"text\": \"The list of things not to miss in Rhodes:\nWander about the ancient Acropolis of Lindos with the ruins spread across the coastline. \nDon\u2019t miss out on St Paul\u2019s Beach, a picture-perfect beach with pure waters and glowing gold sand.\nTreat your body with Kalithea hot springs with curative properties.\nFill the unimaginable romance in the Valley of Butterflies filled with colorful butterflies from late June to mid-August. \nEmbrace the beauty of the sunset strolling about the Rhodes Old Town.\nFind a beautiful Tsambika Monastery, a pure white church with a red roof and a fantastic view of the mountains.\"\n        }\n      }, {\n        \"@type\": \"Question\",\n        \"name\": \"What to eat like a local in Rhodes?\",\n        \"acceptedAnswer\": {\n          \"@type\": \"Answer\",\n          \"text\": \"Eat and feel like a local in Rhodes:\nFind the best meze in the Traditional Cafe Symi located in the New Market.\nTry exclusive dishes served in the most attractive way in Noble Gourmet Restaurant.\nTaste all the original local delicacies in Paraga, a cozy and nostalgic restaurant with wood-fired ovens.\nBehind a beautiful wall of a Venetian building, you will find a picturesque courtyard of Marco Polo Mansion, inspired by Andalusia and Southern France.\nThe lovers of seafood will adore the abundance of dishes with Greek flavors in Hatzikeli, a seafood tavern.\"\n        }\n      }\n]\n    }\n<\/script><\/p>\n<p><script type=\"application\/ld+json\">\n{\n    \"@context\": \"http:\/\/schema.org\",\n    \"@type\": \"WebPage\",\n    \"name\": \"Rhodes bucket list\",\n    \"description\": \"Explore the bucket list of Rhodes island, Greece. Get to know what are the most authentic places, what restaurants to choose and what to do in Rhodes.\",\n    \"publisher\": {\n        \"@type\": \"WebPage\",\n        \"name\": \"Eurodirections.com\"\n    }\n}\n<\/script><\/p>\n<blockquote><p><strong>Elsker du Gr\u00e6kenland?<\/strong> L\u00e6s videre om <a title=\"Udforsk Athen, Gr\u00e6kenland\" href=\"https:\/\/eurodirections.com\/athens\/\" data-schema-attribute=\"about\">Athen<\/a>, <a title=\"Bucket list i Patras, Gr\u00e6kenland\" href=\"https:\/\/eurodirections.com\/patras\/\" data-schema-attribute=\"about\">Patras<\/a>, <a title=\"Thessaloniki spandliste\" href=\"https:\/\/eurodirections.com\/thessaloniki\/\" data-schema-attribute=\"about\">Thessaloniki<\/a>, <a title=\"Kavala rejseguide og bucket list\" href=\"https:\/\/eurodirections.com\/kavala\/\" data-schema-attribute=\"about\">Kavala<\/a> og <a title=\"Heraklion, Kreta, Gr\u00e6kenland - en liste over oplevelser\" href=\"https:\/\/eurodirections.com\/heraklion\/\" data-schema-attribute=\"about\">Heraklion<\/a>.<br \/>\n<strong>L\u00e6s ogs\u00e5:<\/strong> <a title=\"Oversigt over 6 vidunderlige byer i Gr\u00e6kenland\" href=\"https:\/\/eurodirections.com\/explore-cities-of-greece\/\" target=\"_blank\" rel=\"noopener\" data-schema-attribute=\"mentions\">6 vidunderlige byer i Gr\u00e6kenland<\/a><\/p><\/blockquote>\n","protected":false},"excerpt":{"rendered":"<p>Udforsk Rhodos: en liste over alt for turister Rhodos er den st\u00f8rste af Dodekaneserne, der bes\u00f8ges af over 2 millioner turister hvert \u00e5r. Den fantastiske gr\u00e6ske \u00f8 sv\u00f8mmer ikke kun og nyder betagende natur, men er en UNESCO-listet gammel bydel med en tusind\u00e5rig historie, arkitektur og 100 flere grunde til at bes\u00f8ge Rhodos. Se ogs\u00e5: [&hellip;]<\/p>\n","protected":false},"author":1,"featured_media":6390,"parent":0,"menu_order":0,"comment_status":"closed","ping_status":"closed","template":"","meta":{"footnotes":""},"class_list":["post-16059","page","type-page","status-publish","has-post-thumbnail","hentry"],"_links":{"self":[{"href":"https:\/\/eurodirections.com\/da\/wp-json\/wp\/v2\/pages\/16059","targetHints":{"allow":["GET"]}}],"collection":[{"href":"https:\/\/eurodirections.com\/da\/wp-json\/wp\/v2\/pages"}],"about":[{"href":"https:\/\/eurodirections.com\/da\/wp-json\/wp\/v2\/types\/page"}],"author":[{"embeddable":true,"href":"https:\/\/eurodirections.com\/da\/wp-json\/wp\/v2\/users\/1"}],"replies":[{"embeddable":true,"href":"https:\/\/eurodirections.com\/da\/wp-json\/wp\/v2\/comments?post=16059"}],"version-history":[{"count":0,"href":"https:\/\/eurodirections.com\/da\/wp-json\/wp\/v2\/pages\/16059\/revisions"}],"wp:featuredmedia":[{"embeddable":true,"href":"https:\/\/eurodirections.com\/da\/wp-json\/wp\/v2\/media\/6390"}],"wp:attachment":[{"href":"https:\/\/eurodirections.com\/da\/wp-json\/wp\/v2\/media?parent=16059"}],"curies":[{"name":"wp","href":"https:\/\/api.w.org\/{rel}","templated":true}]}}