{"id":13471,"date":"2022-12-09T09:27:35","date_gmt":"2022-12-09T09:27:35","guid":{"rendered":"https:\/\/eurodirections.com\/hoteller\/"},"modified":"2023-01-25T10:01:01","modified_gmt":"2023-01-25T10:01:01","slug":"hoteller","status":"publish","type":"page","link":"https:\/\/eurodirections.com\/da\/hoteller\/","title":{"rendered":"Hoteller"},"content":{"rendered":"\t\t<div data-elementor-type=\"wp-page\" data-elementor-id=\"13471\" class=\"elementor elementor-13471\">\n\t\t\t\t\t\t<section class=\"elementor-section elementor-top-section elementor-element elementor-element-d468925 elementor-section-boxed elementor-section-height-default elementor-section-height-default\" data-id=\"d468925\" data-element_type=\"section\" data-e-type=\"section\">\n\t\t\t\t\t\t<div class=\"elementor-container elementor-column-gap-default\">\n\t\t\t\t\t<div class=\"elementor-column elementor-col-100 elementor-top-column elementor-element elementor-element-319ad72\" data-id=\"319ad72\" data-element_type=\"column\" data-e-type=\"column\">\n\t\t\t<div class=\"elementor-widget-wrap elementor-element-populated\">\n\t\t\t\t\t\t<div class=\"elementor-element elementor-element-c6ffbb3 elementor-widget__width-inherit elementor-widget elementor-widget-text-editor\" data-id=\"c6ffbb3\" data-element_type=\"widget\" data-e-type=\"widget\" data-widget_type=\"text-editor.default\">\n\t\t\t\t<div class=\"elementor-widget-container\">\n\t\t\t\t\t\t\t\t\t<p>Leder du efter komfortable hoteller, vandrehjem eller lejligheder? Sammenlign alle priser fra internettet ved hj\u00e6lp af vores hotels\u00f8gningstjeneste &#8211; planl\u00e6g din rejse og spar dine penge til at rejse p\u00e5 tv\u00e6rs af Europa. <\/p>\n\t\t\t\t\t\t\t\t<\/div>\n\t\t\t\t<\/div>\n\t\t\t\t\t<\/div>\n\t\t<\/div>\n\t\t\t\t\t<\/div>\n\t\t<\/section>\n\t\t\t\t<section class=\"elementor-section elementor-top-section elementor-element elementor-element-f900ca2 elementor-section-boxed elementor-section-height-default elementor-section-height-default\" data-id=\"f900ca2\" data-element_type=\"section\" data-e-type=\"section\">\n\t\t\t\t\t\t<div class=\"elementor-container elementor-column-gap-default\">\n\t\t\t\t\t<div class=\"elementor-column elementor-col-100 elementor-top-column elementor-element elementor-element-2434b85\" data-id=\"2434b85\" data-element_type=\"column\" data-e-type=\"column\">\n\t\t\t<div class=\"elementor-widget-wrap elementor-element-populated\">\n\t\t\t\t\t\t<div class=\"elementor-element elementor-element-713ba2b elementor-widget elementor-widget-html\" data-id=\"713ba2b\" data-element_type=\"widget\" data-e-type=\"widget\" data-widget_type=\"html.default\">\n\t\t\t\t<div class=\"elementor-widget-container\">\n\t\t\t\t\t<center>\n    \n    <script charset=\"utf-8\" src=\"\/\/www.travelpayouts.com\/widgets\/b0f062210a076eb373f5c08877774ae6.js?v=2203\" async=\"\"><\/script>\n\n<\/center>\t\t\t\t<\/div>\n\t\t\t\t<\/div>\n\t\t\t\t\t<\/div>\n\t\t<\/div>\n\t\t\t\t\t<\/div>\n\t\t<\/section>\n\t\t\t\t<section class=\"elementor-section elementor-top-section elementor-element elementor-element-f9ae27d elementor-section-boxed elementor-section-height-default elementor-section-height-default\" data-id=\"f9ae27d\" data-element_type=\"section\" data-e-type=\"section\">\n\t\t\t\t\t\t<div class=\"elementor-container elementor-column-gap-default\">\n\t\t\t\t\t<div class=\"elementor-column elementor-col-100 elementor-top-column elementor-element elementor-element-ac118d8\" data-id=\"ac118d8\" data-element_type=\"column\" data-e-type=\"column\">\n\t\t\t<div class=\"elementor-widget-wrap elementor-element-populated\">\n\t\t\t\t\t\t<div class=\"elementor-element elementor-element-a6ea89b elementor-widget elementor-widget-heading\" data-id=\"a6ea89b\" data-element_type=\"widget\" data-e-type=\"widget\" data-widget_type=\"heading.default\">\n\t\t\t\t<div class=\"elementor-widget-container\">\n\t\t\t\t\t<h2 class=\"elementor-heading-title elementor-size-default\">De bedste hoteller i Barcelona<\/h2>\t\t\t\t<\/div>\n\t\t\t\t<\/div>\n\t\t\t\t\t<\/div>\n\t\t<\/div>\n\t\t\t\t\t<\/div>\n\t\t<\/section>\n\t\t\t\t<section class=\"elementor-section elementor-top-section elementor-element elementor-element-2685ed5 elementor-section-boxed elementor-section-height-default elementor-section-height-default\" data-id=\"2685ed5\" data-element_type=\"section\" data-e-type=\"section\">\n\t\t\t\t\t\t<div class=\"elementor-container elementor-column-gap-default\">\n\t\t\t\t\t<div class=\"elementor-column elementor-col-100 elementor-top-column elementor-element elementor-element-10de6c2\" data-id=\"10de6c2\" data-element_type=\"column\" data-e-type=\"column\">\n\t\t\t<div class=\"elementor-widget-wrap elementor-element-populated\">\n\t\t\t\t\t\t<div class=\"elementor-element elementor-element-f238096 elementor-widget elementor-widget-html\" data-id=\"f238096\" data-element_type=\"widget\" data-e-type=\"widget\" data-widget_type=\"html.default\">\n\t\t\t\t<div class=\"elementor-widget-container\">\n\t\t\t\t\t<script src=\"https:\/\/www.travelpayouts.com\/blissey\/scripts_en.js?currency=eur&categories=center%2Cpopularity%2Cprice&id=3196&type=compact&marker=14350&trs=147545&powered_by=false&host=air.eurodirections.com%2Fhotels&locale=en&limit=10&nobooking=\" charset=\"utf-8\"><\/script>\t\t\t\t<\/div>\n\t\t\t\t<\/div>\n\t\t\t\t\t<\/div>\n\t\t<\/div>\n\t\t\t\t\t<\/div>\n\t\t<\/section>\n\t\t\t\t<section class=\"elementor-section elementor-top-section elementor-element elementor-element-825c3bf elementor-section-boxed elementor-section-height-default elementor-section-height-default\" data-id=\"825c3bf\" data-element_type=\"section\" data-e-type=\"section\">\n\t\t\t\t\t\t<div class=\"elementor-container elementor-column-gap-default\">\n\t\t\t\t\t<div class=\"elementor-column elementor-col-100 elementor-top-column elementor-element elementor-element-ff09586\" data-id=\"ff09586\" data-element_type=\"column\" data-e-type=\"column\">\n\t\t\t<div class=\"elementor-widget-wrap elementor-element-populated\">\n\t\t\t\t\t\t<div class=\"elementor-element elementor-element-515a136 elementor-widget elementor-widget-text-editor\" data-id=\"515a136\" data-element_type=\"widget\" data-e-type=\"widget\" data-widget_type=\"text-editor.default\">\n\t\t\t\t<div class=\"elementor-widget-container\">\n\t\t\t\t\t\t\t\t\t<h3>Hvordan finder man billige hoteller online?<\/h3>\n<p>Der er flere m\u00e5der at finde billige hoteller online p\u00e5, hvoraf den ene er ved at bruge et hotelsammenligningswebsted som Euro Directions, der s\u00f8ger p\u00e5 flere bookingplatforme og sammenligner priser for at finde de bedste tilbud.<\/p>\n<ol>\n<li>G\u00e5 til et hotelsammenligningswebsted som Euro Directions, og indtast din destination eller angiv det hotel, du \u00f8nsker at bo p\u00e5.<\/li>\n<li>Tryk p\u00e5 s\u00f8geknappen for at se en liste over tilg\u00e6ngelige hoteller, vandrerhjem og pensionater i det p\u00e5g\u00e6ldende omr\u00e5de.<\/li>\n<li>Sammenlign priser og vurderinger af hotellerne for at finde de bedste tilbud og den bedst egnede indkvartering til dine behov.<\/li>\n<li>Tjek, om der findes kampagner eller rabatter<\/li>\n<li>L\u00e6s anmeldelser fra andre rejsende, f\u00f8r du foretager en reservation.<\/li>\n<li>N\u00e5r du har fundet et passende hotel, forts\u00e6t med at foretage en reservation p\u00e5 bookingsystemet, som gav den bedste pris og overnatning.<\/li>\n<\/ol>\n<p>Gennemse de mest popul\u00e6re destinationer, hvor brugerne leder efter billige hoteller p\u00e5 Euro Directions:<\/p>\n<ul>\n<li><a href=\"https:\/\/eurodirections.com\/popular-hotels-in-toulouse\/\" target=\"_blank\" rel=\"noopener\">Toulouse popul\u00e6re hoteller<\/a><\/li>\n<li><a href=\"https:\/\/eurodirections.com\/larnaca-cheap-hotels-guide\/\" target=\"_blank\" rel=\"noopener\">Larnaca hoteller guide og kort<\/a><\/li>\n<li><a href=\"https:\/\/eurodirections.com\/10-cheap-popular-hotels-in-malta-with-high-ratings\/\" target=\"_blank\" rel=\"noopener\">Malta popul\u00e6re hoteller<\/a><\/li>\n<li><a href=\"https:\/\/eurodirections.com\/hotels-in-tallinn\/\" target=\"_blank\" rel=\"noopener\">Udforsk hoteller i Tallinn, Estland<\/a><\/li>\n<li><a href=\"https:\/\/eurodirections.com\/hotels-in-kavala\/\" target=\"_blank\" rel=\"noopener\">Leder du efter hoteller i Kavala, Gr\u00e6kenland?<\/a><\/li>\n<li><a href=\"https:\/\/eurodirections.com\/popular-hotels-in-valencia\/\" target=\"_blank\" rel=\"noopener\">Popul\u00e6re hoteller i Valencia<\/a><\/li>\n<li><a href=\"https:\/\/eurodirections.com\/popular-hotels-in-tbilisi\/\" target=\"_blank\" rel=\"noopener\">Billige og popul\u00e6re hoteller i Tbilisi, Georgien<\/a><\/li>\n<\/ul>\n<p>\u2014<\/p>\n<p><span style=\"color: #666699;\"><strong>Bem\u00e6rk:<\/strong> Euro Directions rejseplanl\u00e6gningsplatform er forbundet med hotellook hotels\u00f8gesystem og leverer de samme tjenester som hoveds\u00f8gemaskinen. Vi selv leverer ikke online bookingtjenester og repr\u00e6senterer ikke noget hotel! Se vores vilk\u00e5r for mere information.  <\/span><\/p>\n<p><span style=\"color: #999999;\"><strong>Henvisningsoplysninger:<\/strong> Oplysningerne indeholder affilierede links, hvilket betyder, at hvis brugere klikker p\u00e5 hotellinks og foretager en reservation, optjener vores hjemmeside en kommission.<\/span><\/p>\n\t\t\t\t\t\t\t\t<\/div>\n\t\t\t\t<\/div>\n\t\t\t\t\t<\/div>\n\t\t<\/div>\n\t\t\t\t\t<\/div>\n\t\t<\/section>\n\t\t\t\t<\/div>\n\t\t","protected":false},"excerpt":{"rendered":"<p>Leder du efter komfortable hoteller, vandrehjem eller lejligheder? Sammenlign alle priser fra internettet ved hj\u00e6lp af vores hotels\u00f8gningstjeneste &#8211; planl\u00e6g din rejse og spar dine penge til at rejse p\u00e5 tv\u00e6rs af Europa. De bedste hoteller i Barcelona Hvordan finder man billige hoteller online? Der er flere m\u00e5der at finde billige hoteller online p\u00e5, hvoraf [&hellip;]<\/p>\n","protected":false},"author":1,"featured_media":0,"parent":0,"menu_order":0,"comment_status":"closed","ping_status":"closed","template":"","meta":{"footnotes":""},"class_list":["post-13471","page","type-page","status-publish","hentry"],"_links":{"self":[{"href":"https:\/\/eurodirections.com\/da\/wp-json\/wp\/v2\/pages\/13471","targetHints":{"allow":["GET"]}}],"collection":[{"href":"https:\/\/eurodirections.com\/da\/wp-json\/wp\/v2\/pages"}],"about":[{"href":"https:\/\/eurodirections.com\/da\/wp-json\/wp\/v2\/types\/page"}],"author":[{"embeddable":true,"href":"https:\/\/eurodirections.com\/da\/wp-json\/wp\/v2\/users\/1"}],"replies":[{"embeddable":true,"href":"https:\/\/eurodirections.com\/da\/wp-json\/wp\/v2\/comments?post=13471"}],"version-history":[{"count":0,"href":"https:\/\/eurodirections.com\/da\/wp-json\/wp\/v2\/pages\/13471\/revisions"}],"wp:attachment":[{"href":"https:\/\/eurodirections.com\/da\/wp-json\/wp\/v2\/media?parent=13471"}],"curies":[{"name":"wp","href":"https:\/\/api.w.org\/{rel}","templated":true}]}}