{"id":22695,"date":"2022-04-01T14:27:31","date_gmt":"2022-04-01T14:27:31","guid":{"rendered":"https:\/\/eurodirections.com\/amsterdam-explorer-a-cestovni-pruvodce\/"},"modified":"2023-03-24T13:30:08","modified_gmt":"2023-03-24T13:30:08","slug":"amsterdam-cestovni-pruvodce","status":"publish","type":"page","link":"https:\/\/eurodirections.com\/cs\/amsterdam-cestovni-pruvodce\/","title":{"rendered":"Amsterdam Explorer a cestovn\u00ed pr\u016fvodce"},"content":{"rendered":"<div id=\"ez-toc-container\" class=\"ez-toc-v2_0_82_2 counter-hierarchy ez-toc-counter ez-toc-grey ez-toc-container-direction\">\n<div class=\"ez-toc-title-container\">\n<p class=\"ez-toc-title\" style=\"cursor:inherit\">Table of Contents<\/p>\n<span class=\"ez-toc-title-toggle\"><a href=\"#\" class=\"ez-toc-pull-right ez-toc-btn ez-toc-btn-xs ez-toc-btn-default ez-toc-toggle\" aria-label=\"Toggle Table of Content\"><span class=\"ez-toc-js-icon-con\"><span class=\"\"><span class=\"eztoc-hide\" style=\"display:none;\">Toggle<\/span><span class=\"ez-toc-icon-toggle-span\"><svg style=\"fill: #999;color:#999\" xmlns=\"http:\/\/www.w3.org\/2000\/svg\" class=\"list-377408\" width=\"20px\" height=\"20px\" viewBox=\"0 0 24 24\" fill=\"none\"><path d=\"M6 6H4v2h2V6zm14 0H8v2h12V6zM4 11h2v2H4v-2zm16 0H8v2h12v-2zM4 16h2v2H4v-2zm16 0H8v2h12v-2z\" fill=\"currentColor\"><\/path><\/svg><svg style=\"fill: #999;color:#999\" class=\"arrow-unsorted-368013\" xmlns=\"http:\/\/www.w3.org\/2000\/svg\" width=\"10px\" height=\"10px\" viewBox=\"0 0 24 24\" version=\"1.2\" baseProfile=\"tiny\"><path d=\"M18.2 9.3l-6.2-6.3-6.2 6.3c-.2.2-.3.4-.3.7s.1.5.3.7c.2.2.4.3.7.3h11c.3 0 .5-.1.7-.3.2-.2.3-.5.3-.7s-.1-.5-.3-.7zM5.8 14.7l6.2 6.3 6.2-6.3c.2-.2.3-.5.3-.7s-.1-.5-.3-.7c-.2-.2-.4-.3-.7-.3h-11c-.3 0-.5.1-.7.3-.2.2-.3.5-.3.7s.1.5.3.7z\"\/><\/svg><\/span><\/span><\/span><\/a><\/span><\/div>\n<nav><ul class='ez-toc-list ez-toc-list-level-1 eztoc-toggle-hide-by-default' ><li class='ez-toc-page-1 ez-toc-heading-level-3'><a class=\"ez-toc-link ez-toc-heading-1\" href=\"https:\/\/eurodirections.com\/cs\/amsterdam-cestovni-pruvodce\/#Bucket-list-of-Amsterdam-Travel\" >Bucket list of Amsterdam Travel<\/a><\/li><li class='ez-toc-page-1 ez-toc-heading-level-3'><a class=\"ez-toc-link ez-toc-heading-2\" href=\"https:\/\/eurodirections.com\/cs\/amsterdam-cestovni-pruvodce\/#Pruvodce-levnymi-lety-Amsterdam\" >Pr\u016fvodce levn\u00fdmi lety Amsterdam<\/a><\/li><li class='ez-toc-page-1 ez-toc-heading-level-3'><a class=\"ez-toc-link ez-toc-heading-3\" href=\"https:\/\/eurodirections.com\/cs\/amsterdam-cestovni-pruvodce\/#Co-si-v-Amsterdamu-nenechat-ujit\" >Co si v Amsterdamu nenechat uj\u00edt<\/a><\/li><li class='ez-toc-page-1 ez-toc-heading-level-3'><a class=\"ez-toc-link ez-toc-heading-4\" href=\"https:\/\/eurodirections.com\/cs\/amsterdam-cestovni-pruvodce\/#Jezte-v-Amsterdamu-jako-mistni\" >Jezte v Amsterdamu jako m\u00edstn\u00ed<\/a><\/li><li class='ez-toc-page-1 ez-toc-heading-level-3'><a class=\"ez-toc-link ez-toc-heading-5\" href=\"https:\/\/eurodirections.com\/cs\/amsterdam-cestovni-pruvodce\/#Kde-se-ubytovat-v-Amsterdamu\" >Kde se ubytovat v Amsterdamu<\/a><\/li><li class='ez-toc-page-1 ez-toc-heading-level-3'><a class=\"ez-toc-link ez-toc-heading-6\" href=\"https:\/\/eurodirections.com\/cs\/amsterdam-cestovni-pruvodce\/#Mapa-hotelu-v-Amsterdamu-s-cenami-pokoju\" >Mapa hotel\u016f v Amsterdamu s cenami pokoj\u016f<\/a><\/li><\/ul><\/nav><\/div>\n<h3><span class=\"ez-toc-section\" id=\"Bucket-list-of-Amsterdam-Travel\"><\/span><b>Bucket list of Amsterdam Travel<\/b><span class=\"ez-toc-section-end\"><\/span><\/h3>\n<p><span style=\"font-weight: 400;\">Kdy\u017e vstoup\u00edte do Amsterdamu, najdete tis\u00edce v\u011bc\u00ed, kter\u00e9 m\u016f\u017eete d\u011blat a vid\u011bt.<br \/>\nNejzaj\u00edmav\u011bj\u0161\u00ed evropsk\u00e9 m\u011bsto s pam\u00e1tkami na ka\u017ed\u00e9m rohu nut\u00ed lidi, aby se sem znovu a znovu vraceli.<br \/>\nA\u0165 u\u017e hled\u00e1te kulturn\u00ed v\u00fdlet, no\u010dn\u00ed \u017eivot nebo p\u0159\u00edrodn\u00ed zaj\u00edmavosti, v\u0161e najdete na jednom m\u00edst\u011b. <\/span><\/p>\n<h3><span class=\"ez-toc-section\" id=\"Pruvodce-levnymi-lety-Amsterdam\"><\/span>Pr\u016fvodce levn\u00fdmi lety Amsterdam<span class=\"ez-toc-section-end\"><\/span><\/h3>\n<p><span style=\"color: #999999;\">Asistent na cesty do Amsterdamu pro cestovatele, kte\u0159\u00ed pl\u00e1nuj\u00ed cestu do Nizozemska &#8211; najd\u011bte si levn\u00e9 lety do Amsterdamu pomoc\u00ed pr\u016fvodce levn\u00fdmi letenkami:<\/span><\/p>\n<p><script src=\"\/\/tp.media\/content?currency=eur&amp;promo_id=4044&amp;shmarker=14350&amp;campaign_id=100&amp;trs=147545&amp;target_host=air.eurodirections.com%2Fflights&amp;locale=cs&amp;limit=12&amp;powered_by=true&amp;secondary=%23FF4000&amp;destination=AMS\" charset=\"utf-8\"><\/script><\/p>\n<h3><span class=\"ez-toc-section\" id=\"Co-si-v-Amsterdamu-nenechat-ujit\"><\/span><b>Co si v Amsterdamu nenechat uj\u00edt<\/b><span class=\"ez-toc-section-end\"><\/span><\/h3>\n<ul>\n<li style=\"font-weight: 400;\" aria-level=\"1\"><span style=\"font-weight: 400;\">Vydejte se na cyklistick\u00fd v\u00fdlet po Amsterdamu a objevte v\u0161echny skryt\u00e9 skvosty.<\/span><\/li>\n<li style=\"font-weight: 400;\" aria-level=\"1\"><span style=\"font-weight: 400;\">Odpo\u010d\u00edvejte a u\u017e\u00edvejte si slunce a p\u0159\u00edrody ve Vondelparku, nejv\u011bt\u0161\u00edm m\u011bstsk\u00e9m parku.<\/span><\/li>\n<li style=\"font-weight: 400;\" aria-level=\"1\"><span style=\"font-weight: 400;\">Ztra\u0165te se ve \u010dtvrti Jordaan, kter\u00e1 je centrem historie, kultury a j\u00eddla.<\/span><\/li>\n<li style=\"font-weight: 400;\" aria-level=\"1\"><span style=\"font-weight: 400;\">Nav\u0161tivte muzeum D\u016fm Anny Frankov\u00e9, kde dva roky \u017eila a psala den\u00edk, kter\u00fd se stal bestsellerem.<\/span><\/li>\n<li style=\"font-weight: 400;\" aria-level=\"1\"><span style=\"font-weight: 400;\">Nejv\u011bt\u0161\u00ed sb\u00edrku Van Goghov\u00fdch obraz\u016f najdete ve Van Goghov\u011b muzeu.<\/span><\/li>\n<li style=\"font-weight: 400;\" aria-level=\"1\"><span style=\"font-weight: 400;\">Vydejte se na no\u010dn\u00ed proch\u00e1zku do De Negen Straatjes (Dev\u011bt mal\u00fdch uli\u010dek) a prohl\u00e9dn\u011bte si kr\u00e1sn\u00e9 uli\u010dky a butiky. <\/span><\/li>\n<\/ul>\n<h3><span class=\"ez-toc-section\" id=\"Jezte-v-Amsterdamu-jako-mistni\"><\/span><b>Jezte v Amsterdamu jako m\u00edstn\u00ed<\/b><span class=\"ez-toc-section-end\"><\/span><\/h3>\n<ul>\n<li style=\"font-weight: 400;\" aria-level=\"1\"><span style=\"font-weight: 400;\">Zajd\u011bte si na ve\u010de\u0159i do obl\u00edben\u00e9 restaurace Jansz s vynikaj\u00edc\u00ed kuchyn\u00ed, kter\u00e1 kdysi b\u00fdvala l\u00e9k\u00e1rnou.<\/span><\/li>\n<li style=\"font-weight: 400;\" aria-level=\"1\"><span style=\"font-weight: 400;\">Pokud si chcete d\u00e1t cenov\u011b dostupnou a chutnou ve\u010de\u0159i, zajd\u011bte do restaurace Hap-Hmm a objednejte si hov\u011bz\u00ed steak na m\u00e1sle.<\/span><\/li>\n<li style=\"font-weight: 400;\" aria-level=\"1\"><span style=\"font-weight: 400;\">Na ryb\u00ed pokrmy zajd\u011bte do Pesca, &#8222;ryb\u00edho divadla&#8220;, kde v\u00e1s p\u0159i v\u00fdb\u011bru pokrmu pohost\u00ed sklenkou \u0161ampa\u0148sk\u00e9ho. <\/span><\/li>\n<li style=\"font-weight: 400;\" aria-level=\"1\"><span style=\"font-weight: 400;\">U\u017eijte si skv\u011bl\u00e9 r\u00e1no ve Sn\u00edda\u0148ov\u00e9m klubu s chutnou sn\u00eddan\u00ed a aromatickou k\u00e1vou. <\/span><\/li>\n<li style=\"font-weight: 400;\" aria-level=\"1\"><span style=\"font-weight: 400;\">Vydejte se na proch\u00e1zku po amsterdamsk\u00fdch barech a za\u010dn\u011bte v baru Hiding in the Plain Sight, kter\u00fd je za\u0159\u00edzen ve stylu speakeasy.<\/span><\/li>\n<\/ul>\n<h3><span class=\"ez-toc-section\" id=\"Kde-se-ubytovat-v-Amsterdamu\"><\/span><b>Kde se ubytovat v Amsterdamu<\/b><span class=\"ez-toc-section-end\"><\/span><\/h3>\n<ul>\n<li style=\"font-weight: 400;\" aria-level=\"1\"><span style=\"font-weight: 400;\"><strong>Hotel TwentySeven<\/strong> &#8211; Small Luxury Hotels of the World je rozhodn\u011b va\u0161\u00ed volbou, jak si u\u017e\u00edt Amsterdam v naprost\u00e9m luxusu.<\/span><\/li>\n<li style=\"font-weight: 400;\" aria-level=\"1\"><span style=\"font-weight: 400;\">Ve 4hv\u011bzdi\u010dkov\u00e9m <strong>hotelu Esther\u00e9a<\/strong> najdete nep\u0159edstavitelnou kombinaci barev a textur.<\/span><\/li>\n<li style=\"font-weight: 400;\" aria-level=\"1\"><span style=\"font-weight: 400;\">T\u0159\u00edhv\u011bzdi\u010dkov\u00fd <strong>hotel Aalders s<\/strong> tlumen\u00fdmi barvami v pokoj\u00edch nab\u00edz\u00ed pohodl\u00ed i za p\u0159ijatelnou cenu.<\/span><\/li>\n<li style=\"font-weight: 400;\" aria-level=\"1\"><span style=\"font-weight: 400;\">Vyberte si koncept <strong>BUNK Hotel Amsterdam<\/strong>, kde se cenov\u011b dostupn\u00fd luxus snoub\u00ed s jedine\u010dn\u011b \u0159e\u0161en\u00fdmi palandami. <\/span><\/li>\n<li style=\"font-weight: 400;\" aria-level=\"1\"><span style=\"font-weight: 400;\">Ud\u011blejte si celodenn\u00ed v\u00fdlet na pl\u00e1\u017e Scheveningen a ubytujte se v <strong>hotelu Ramada The Hague Scheveningen<\/strong>.<\/span><\/li>\n<\/ul>\n<p><script src=\"https:\/\/www.travelpayouts.com\/chansey\/iframe.js?v=1&amp;marker=14350&amp;host=air.eurodirections.com%2Fhotels&amp;locale=cs&amp;currency=eur&amp;nobooking=&amp;powered_by=false&amp;hotel_id=296344\" charset=\"utf-8\" async=\"\"><\/script><\/p>\n<p>\u2014<\/p>\n<h3><span class=\"ez-toc-section\" id=\"Mapa-hotelu-v-Amsterdamu-s-cenami-pokoju\"><\/span>Mapa hotel\u016f v Amsterdamu s cenami pokoj\u016f<span class=\"ez-toc-section-end\"><\/span><\/h3>\n<p><script src=\"\/\/tp.media\/content?0=0&amp;1=10&amp;promo_id=4285&amp;shmarker=14350&amp;campaign_id=101&amp;search_host=air.eurodirections.com%2Fhotels&amp;locale=cs&amp;currency=eur&amp;draggable=true&amp;disable_zoom=false&amp;show_logo=false&amp;scrollwheel=false&amp;color=%230759B0&amp;contrast_color=%23ffffff&amp;width=720&amp;height=500&amp;zoom=14&amp;radius=60&amp;stars=0%2C1%2C2%2C3%2C4%2C5&amp;price_from=&amp;price_to=&amp;lat=52.373094&amp;lng=4.892535\" charset=\"utf-8\"><\/script><br \/>\n\u2014<\/p>\n<p>Prozkoumejte str\u00e1nky <strong><br \/>\n<a title=\"Prozkoumejte nejlep\u0161\u00ed m\u011bsta Evropy\" href=\"https:\/\/eurodirections.com\/cs\/nejlepsi-mesta-evropy\/\" target=\"_blank\" rel=\"noopener\" data-schema-attribute=\"about\">nejlep\u0161\u00ed m\u011bsta Evropy zde<\/a><br \/>\n<\/strong> nebo <strong>si<\/strong> n\u00ed\u017ee <strong>prohl\u00e9dn\u011bte ceny letenek<\/strong> \u2708 pro va\u0161i p\u0159\u00ed\u0161t\u00ed cestovn\u00ed destinaci:<\/p>\n<p><script src=\"\/\/tp.media\/content?currency=eur&amp;promo_id=7873&amp;shmarker=14350&amp;campaign_id=101&amp;trs=147545&amp;show_hotels=false&amp;locale=cs&amp;searchUrl=search.hotellook.com&amp;primary=%23FF6600&amp;secondary=%23FFFFFF&amp;dark=%23262626&amp;light=%23FFFFFF&amp;special=%23C4C4C4&amp;border_radius=5&amp;no_labels=&amp;plain=true&amp;powered_by=false\" charset=\"utf-8\"><span data-mce-type=\"bookmark\" style=\"display: inline-block; width: 0px; overflow: hidden; line-height: 0;\" class=\"mce_SELRES_start\">\ufeff<\/span><\/script><\/p>\n","protected":false},"excerpt":{"rendered":"<p>Bucket list of Amsterdam Travel Kdy\u017e vstoup\u00edte do Amsterdamu, najdete tis\u00edce v\u011bc\u00ed, kter\u00e9 m\u016f\u017eete d\u011blat a vid\u011bt. Nejzaj\u00edmav\u011bj\u0161\u00ed evropsk\u00e9 m\u011bsto s pam\u00e1tkami na ka\u017ed\u00e9m rohu nut\u00ed lidi, aby se sem znovu a znovu vraceli. A\u0165 u\u017e hled\u00e1te kulturn\u00ed v\u00fdlet, no\u010dn\u00ed \u017eivot nebo p\u0159\u00edrodn\u00ed zaj\u00edmavosti, v\u0161e najdete na jednom m\u00edst\u011b. Pr\u016fvodce levn\u00fdmi lety Amsterdam Asistent na [&hellip;]<\/p>\n","protected":false},"author":1,"featured_media":6089,"parent":0,"menu_order":0,"comment_status":"closed","ping_status":"closed","template":"","meta":{"footnotes":""},"class_list":["post-22695","page","type-page","status-publish","has-post-thumbnail","hentry"],"_links":{"self":[{"href":"https:\/\/eurodirections.com\/cs\/wp-json\/wp\/v2\/pages\/22695","targetHints":{"allow":["GET"]}}],"collection":[{"href":"https:\/\/eurodirections.com\/cs\/wp-json\/wp\/v2\/pages"}],"about":[{"href":"https:\/\/eurodirections.com\/cs\/wp-json\/wp\/v2\/types\/page"}],"author":[{"embeddable":true,"href":"https:\/\/eurodirections.com\/cs\/wp-json\/wp\/v2\/users\/1"}],"replies":[{"embeddable":true,"href":"https:\/\/eurodirections.com\/cs\/wp-json\/wp\/v2\/comments?post=22695"}],"version-history":[{"count":0,"href":"https:\/\/eurodirections.com\/cs\/wp-json\/wp\/v2\/pages\/22695\/revisions"}],"wp:featuredmedia":[{"embeddable":true,"href":"https:\/\/eurodirections.com\/cs\/wp-json\/wp\/v2\/media\/6089"}],"wp:attachment":[{"href":"https:\/\/eurodirections.com\/cs\/wp-json\/wp\/v2\/media?parent=22695"}],"curies":[{"name":"wp","href":"https:\/\/api.w.org\/{rel}","templated":true}]}}